{"id":338,"date":"2025-07-24T01:00:23","date_gmt":"2025-07-24T01:00:23","guid":{"rendered":"https:\/\/www.dealexpert.eu\/?post_type=product&#038;p=338"},"modified":"2025-07-24T14:33:38","modified_gmt":"2025-07-24T14:33:38","slug":"itrack-gps-car-tracker","status":"publish","type":"product","link":"https:\/\/www.dealexpert.eu\/it\/p\/itrack-gps-car-tracker\/","title":{"rendered":"Localizzatore GPS per auto iTrack"},"content":{"rendered":"<div class=\"kk-star-ratings kksr-auto kksr-align-left kksr-valign-top\"\n    data-payload='{&quot;align&quot;:&quot;left&quot;,&quot;id&quot;:&quot;338&quot;,&quot;slug&quot;:&quot;default&quot;,&quot;valign&quot;:&quot;top&quot;,&quot;ignore&quot;:&quot;&quot;,&quot;reference&quot;:&quot;auto&quot;,&quot;class&quot;:&quot;&quot;,&quot;count&quot;:&quot;0&quot;,&quot;legendonly&quot;:&quot;&quot;,&quot;readonly&quot;:&quot;&quot;,&quot;score&quot;:&quot;0&quot;,&quot;starsonly&quot;:&quot;&quot;,&quot;best&quot;:&quot;5&quot;,&quot;gap&quot;:&quot;5&quot;,&quot;greet&quot;:&quot;Rate this product&quot;,&quot;legend&quot;:&quot;0\\\/5 - (0 votes)&quot;,&quot;size&quot;:&quot;24&quot;,&quot;title&quot;:&quot;iTrack GPS Car Tracker&quot;,&quot;width&quot;:&quot;0&quot;,&quot;_legend&quot;:&quot;{score}\\\/{best} - ({count} {votes})&quot;,&quot;font_factor&quot;:&quot;1.25&quot;}'>\n            \n<div class=\"kksr-stars\">\n    \n<div class=\"kksr-stars-inactive\">\n            <div class=\"kksr-star\" data-star=\"1\" style=\"padding-right: 5px\">\n            \n\n<div class=\"kksr-icon\" style=\"width: 24px; height: 24px;\"><\/div>\n        <\/div>\n            <div class=\"kksr-star\" data-star=\"2\" style=\"padding-right: 5px\">\n            \n\n<div class=\"kksr-icon\" style=\"width: 24px; height: 24px;\"><\/div>\n        <\/div>\n            <div class=\"kksr-star\" data-star=\"3\" style=\"padding-right: 5px\">\n            \n\n<div class=\"kksr-icon\" style=\"width: 24px; height: 24px;\"><\/div>\n        <\/div>\n            <div class=\"kksr-star\" data-star=\"4\" style=\"padding-right: 5px\">\n            \n\n<div class=\"kksr-icon\" style=\"width: 24px; height: 24px;\"><\/div>\n        <\/div>\n            <div class=\"kksr-star\" data-star=\"5\" style=\"padding-right: 5px\">\n            \n\n<div class=\"kksr-icon\" style=\"width: 24px; height: 24px;\"><\/div>\n        <\/div>\n    <\/div>\n    \n<div class=\"kksr-stars-active\" style=\"width: 0px;\">\n            <div class=\"kksr-star\" style=\"padding-right: 5px\">\n            \n\n<div class=\"kksr-icon\" style=\"width: 24px; height: 24px;\"><\/div>\n        <\/div>\n            <div class=\"kksr-star\" style=\"padding-right: 5px\">\n            \n\n<div class=\"kksr-icon\" style=\"width: 24px; height: 24px;\"><\/div>\n        <\/div>\n            <div class=\"kksr-star\" style=\"padding-right: 5px\">\n            \n\n<div class=\"kksr-icon\" style=\"width: 24px; height: 24px;\"><\/div>\n        <\/div>\n            <div class=\"kksr-star\" style=\"padding-right: 5px\">\n            \n\n<div class=\"kksr-icon\" style=\"width: 24px; height: 24px;\"><\/div>\n        <\/div>\n            <div class=\"kksr-star\" style=\"padding-right: 5px\">\n            \n\n<div class=\"kksr-icon\" style=\"width: 24px; height: 24px;\"><\/div>\n        <\/div>\n    <\/div>\n<\/div>\n                \n\n<div class=\"kksr-legend\" style=\"font-size: 19.2px;\">\n            <span class=\"kksr-muted\">Valuta questo prodotto<\/span>\n    <\/div>\n    <\/div>\n<div id=\"ez-toc-container\" class=\"ez-toc-v2_0_81 counter-hierarchy ez-toc-counter ez-toc-grey ez-toc-container-direction\">\n<div class=\"ez-toc-title-container\">\n<p class=\"ez-toc-title\" style=\"cursor:inherit\">Sintesi<\/p>\n<span class=\"ez-toc-title-toggle\"><a href=\"#\" class=\"ez-toc-pull-right ez-toc-btn ez-toc-btn-xs ez-toc-btn-default ez-toc-toggle\" aria-label=\"Toggle Table of Content\"><span class=\"ez-toc-js-icon-con\"><span class=\"\"><span class=\"eztoc-hide\" style=\"display:none;\">Toggle<\/span><span class=\"ez-toc-icon-toggle-span\"><svg style=\"fill: #999;color:#999\" xmlns=\"http:\/\/www.w3.org\/2000\/svg\" class=\"list-377408\" width=\"20px\" height=\"20px\" viewbox=\"0 0 24 24\" fill=\"none\"><path d=\"M6 6H4v2h2V6zm14 0H8v2h12V6zM4 11h2v2H4v-2zm16 0H8v2h12v-2zM4 16h2v2H4v-2zm16 0H8v2h12v-2z\" fill=\"currentColor\"><\/path><\/svg><svg style=\"fill: #999;color:#999\" class=\"arrow-unsorted-368013\" xmlns=\"http:\/\/www.w3.org\/2000\/svg\" width=\"10px\" height=\"10px\" viewbox=\"0 0 24 24\" version=\"1.2\" baseprofile=\"tiny\"><path d=\"M18.2 9.3l-6.2-6.3-6.2 6.3c-.2.2-.3.4-.3.7s.1.5.3.7c.2.2.4.3.7.3h11c.3 0 .5-.1.7-.3.2-.2.3-.5.3-.7s-.1-.5-.3-.7zM5.8 14.7l6.2 6.3 6.2-6.3c.2-.2.3-.5.3-.7s-.1-.5-.3-.7c-.2-.2-.4-.3-.7-.3h-11c-.3 0-.5.1-.7.3-.2.2-.3.5-.3.7s.1.5.3.7z\"\/><\/svg><\/span><\/span><\/span><\/a><\/span><\/div>\n<nav><ul class='ez-toc-list ez-toc-list-level-1 eztoc-toggle-hide-by-default' ><li class='ez-toc-page-1 ez-toc-heading-level-2'><a class=\"ez-toc-link ez-toc-heading-1\" href=\"https:\/\/www.dealexpert.eu\/it\/p\/itrack-gps-car-tracker\/#Advantages_of_the_iTrack_GPS_Car_Tracker\" >Vantaggi del localizzatore GPS per auto iTrack<\/a><\/li><li class='ez-toc-page-1 ez-toc-heading-level-2'><a class=\"ez-toc-link ez-toc-heading-2\" href=\"https:\/\/www.dealexpert.eu\/it\/p\/itrack-gps-car-tracker\/#What_is_the_iTrack_GPS_Car_Tracker\" >Che cos'\u00e8 il localizzatore GPS per auto iTrack?<\/a><\/li><li class='ez-toc-page-1 ez-toc-heading-level-2'><a class=\"ez-toc-link ez-toc-heading-3\" href=\"https:\/\/www.dealexpert.eu\/it\/p\/itrack-gps-car-tracker\/#Key_Features_of_the_iTrack_GPS_Car_Tracker\" >Caratteristiche principali del localizzatore GPS per auto iTrack<\/a><\/li><li class='ez-toc-page-1 ez-toc-heading-level-2'><a class=\"ez-toc-link ez-toc-heading-4\" href=\"https:\/\/www.dealexpert.eu\/it\/p\/itrack-gps-car-tracker\/#How_to_Install_the_iTrack_GPS_Car_Tracker\" >Come installare il localizzatore GPS per auto iTrack<\/a><\/li><li class='ez-toc-page-1 ez-toc-heading-level-2'><a class=\"ez-toc-link ez-toc-heading-5\" href=\"https:\/\/www.dealexpert.eu\/it\/p\/itrack-gps-car-tracker\/#Why_Choose_the_iTrack_GPS_Car_Tracker\" >Perch\u00e9 scegliere il localizzatore GPS per auto iTrack?<\/a><\/li><li class='ez-toc-page-1 ez-toc-heading-level-2'><a class=\"ez-toc-link ez-toc-heading-6\" href=\"https:\/\/www.dealexpert.eu\/it\/p\/itrack-gps-car-tracker\/#User_Testimonials\" >Testimonianze degli utenti<\/a><ul class='ez-toc-list-level-3' ><li class='ez-toc-heading-level-3'><a class=\"ez-toc-link ez-toc-heading-7\" href=\"https:\/\/www.dealexpert.eu\/it\/p\/itrack-gps-car-tracker\/#John_D_Fleet_Manager\" >John D., responsabile della flotta<\/a><\/li><li class='ez-toc-page-1 ez-toc-heading-level-3'><a class=\"ez-toc-link ez-toc-heading-8\" href=\"https:\/\/www.dealexpert.eu\/it\/p\/itrack-gps-car-tracker\/#Sarah_K_Parent\" >Sarah K., genitore<\/a><\/li><\/ul><\/li><li class='ez-toc-page-1 ez-toc-heading-level-2'><a class=\"ez-toc-link ez-toc-heading-9\" href=\"https:\/\/www.dealexpert.eu\/it\/p\/itrack-gps-car-tracker\/#iTrack_GPS_Car_Tracker_Pricing\" >Prezzi del localizzatore GPS per auto iTrack<\/a><\/li><li class='ez-toc-page-1 ez-toc-heading-level-2'><a class=\"ez-toc-link ez-toc-heading-10\" href=\"https:\/\/www.dealexpert.eu\/it\/p\/itrack-gps-car-tracker\/#Where_to_Buy_the_iTrack_GPS_Car_Tracker\" >Dove acquistare il localizzatore GPS per auto iTrack<\/a><\/li><\/ul><\/nav><\/div>\n<h2><span class=\"ez-toc-section\" id=\"Advantages_of_the_iTrack_GPS_Car_Tracker\"><\/span>Vantaggi del localizzatore GPS per auto iTrack<span class=\"ez-toc-section-end\"><\/span><\/h2>\n<p>Quando si tratta di sicurezza e gestione del veicolo, il localizzatore GPS per auto iTrack offre vantaggi impareggiabili. Innanzitutto, garantisce la massima tranquillit\u00e0, consentendo di monitorare la posizione in tempo reale dell'auto in qualsiasi momento e ovunque. In quanto persona che tiene alla sicurezza, sapere che posso monitorare i movimenti del mio veicolo mi d\u00e0 un senso di controllo.<\/p>\n<p>Il dispositivo \u00e8 altamente affidabile, con aggiornamenti precisi e in tempo reale della localizzazione. \u00c8 anche semplice da installare, il che significa che chiunque, anche chi non ha competenze tecniche, pu\u00f2 configurarlo senza problemi. Se siete come me e apprezzate la semplicit\u00e0, questa caratteristica vi piacer\u00e0.<\/p>\n<p>Un altro grande vantaggio \u00e8 il basso consumo energetico. Il tracker dura pi\u00f9 a lungo, riducendo al minimo la necessit\u00e0 di una ricarica costante. Offre inoltre funzionalit\u00e0 di geofencing, che consentono di impostare confini virtuali e di ricevere avvisi se il veicolo li oltrepassa: un'opzione perfetta per monitorare i conducenti adolescenti o per mettere in sicurezza una flotta di veicoli.<\/p>\n<h2><span class=\"ez-toc-section\" id=\"What_is_the_iTrack_GPS_Car_Tracker\"><\/span>Che cos'\u00e8 il localizzatore GPS per auto iTrack?<span class=\"ez-toc-section-end\"><\/span><\/h2>\n<p>iTrack GPS Car Tracker \u00e8 un dispositivo piccolo ma potente, progettato per offrire il pieno controllo della posizione del veicolo. Utilizza una tecnologia GPS all'avanguardia, che consente agli utenti di seguire gli spostamenti del veicolo in tempo reale tramite un dispositivo abilitato al web. Ho riscontrato che questa tecnologia \u00e8 incredibilmente precisa e affidabile, il che la rende un ottimo strumento per tutti coloro che si occupano di sicurezza del veicolo o di gestione della flotta.<\/p>\n<h2><span class=\"ez-toc-section\" id=\"Key_Features_of_the_iTrack_GPS_Car_Tracker\"><\/span>Caratteristiche principali del localizzatore GPS per auto iTrack<span class=\"ez-toc-section-end\"><\/span><\/h2>\n<ul>\n<li><strong>Tracciamento GPS in tempo reale<\/strong> con aggiornamenti in tempo reale, in modo da essere sempre al corrente della posizione del veicolo.<\/li>\n<li><strong>Applicazione mobile facile da usare<\/strong> per un monitoraggio continuo anche in movimento.<\/li>\n<li><strong>Funzionalit\u00e0 di geofencing<\/strong> che avvisano quando il veicolo esce da un'area designata.<\/li>\n<li><strong>Basso consumo energetico<\/strong> che prolunga la durata della batteria, assicurando che il dispositivo sia sempre pronto.<\/li>\n<li><strong>Funzione di immobilizzazione a distanza<\/strong> per prevenire i furti disabilitando il veicolo a distanza.<\/li>\n<li><strong>Tracciamento della storia<\/strong> per rivedere i percorsi passati e monitorare i modelli di utilizzo dei veicoli.<\/li>\n<\/ul>\n<h2><span class=\"ez-toc-section\" id=\"How_to_Install_the_iTrack_GPS_Car_Tracker\"><\/span>Come installare il localizzatore GPS per auto iTrack<span class=\"ez-toc-section-end\"><\/span><\/h2>\n<p>L'installazione del localizzatore GPS iTrack \u00e8 semplice e intuitiva. Non dovrete preoccuparvi di configurazioni complesse. Ecco una guida passo passo:<\/p>\n<ul>\n<li><strong>Fase 1:<\/strong> Aprire la confezione e verificare che tutto sia incluso.<\/li>\n<li><strong>Passo 2:<\/strong> Collegare il dispositivo alla porta OBD-II del veicolo o direttamente alla batteria dell'auto.<\/li>\n<li><strong>Fase 3:<\/strong> Accendere il dispositivo e attendere che la luce verde confermi l'attivazione.<\/li>\n<li><strong>Passo 4:<\/strong> Scaricate l'applicazione iTrack dall'app store e create un account.<\/li>\n<li><strong>Passo 5:<\/strong> Accoppiate l'app con il tracker e iniziate a monitorare la posizione del vostro veicolo.<\/li>\n<\/ul>\n<h2><span class=\"ez-toc-section\" id=\"Why_Choose_the_iTrack_GPS_Car_Tracker\"><\/span>Perch\u00e9 scegliere il localizzatore GPS per auto iTrack?<span class=\"ez-toc-section-end\"><\/span><\/h2>\n<p>Il localizzatore GPS iTrack si distingue per diversi motivi. Per prima cosa, migliora la sicurezza del veicolo fornendo una localizzazione in tempo reale. Se siete preoccupati per il furto o semplicemente volete tenere d'occhio la vostra auto, questo tracker offre la protezione di cui avete bisogno.<\/p>\n<p>Per i gestori di flotte \u00e8 uno strumento prezioso. Permette di monitorare pi\u00f9 veicoli in modo semplice ed efficiente. Personalmente trovo rassicurante poter monitorare il mio veicolo o quello di altri con un semplice sguardo.<\/p>\n<p>Inoltre, la possibilit\u00e0 di immobilizzare a distanza il veicolo in caso di furto \u00e8 un vero e proprio punto di forza. Questa caratteristica, insieme al prezzo accessibile, lo rende un ottimo valore rispetto ad altri localizzatori GPS di fascia alta.<\/p>\n<h2><span class=\"ez-toc-section\" id=\"User_Testimonials\"><\/span>Testimonianze degli utenti<span class=\"ez-toc-section-end\"><\/span><\/h2>\n<h3><span class=\"ez-toc-section\" id=\"John_D_Fleet_Manager\"><\/span>John D., responsabile della flotta<span class=\"ez-toc-section-end\"><\/span><\/h3>\n<p>\"Utilizziamo il localizzatore GPS iTrack per la gestione dei nostri camion per le consegne, ed \u00e8 stato un vero e proprio cambiamento. Gli aggiornamenti in tempo reale hanno migliorato notevolmente le nostre operazioni\".<\/p>\n<h3><span class=\"ez-toc-section\" id=\"Sarah_K_Parent\"><\/span>Sarah K., genitore<span class=\"ez-toc-section-end\"><\/span><\/h3>\n<p>\"Come genitore, mi piace poter monitorare la guida del mio adolescente. Gli avvisi quando si allontanano da un'area designata mi danno tranquillit\u00e0\".<\/p>\n<h2><span class=\"ez-toc-section\" id=\"iTrack_GPS_Car_Tracker_Pricing\"><\/span>Prezzi del localizzatore GPS per auto iTrack<span class=\"ez-toc-section-end\"><\/span><\/h2>\n<p>Il localizzatore GPS per auto iTrack ha un prezzo competitivo e offre un valore eccellente per la sua gamma di funzioni. Anche se i prezzi specifici possono variare, \u00e8 importante ricordare che si sta investendo in una maggiore sicurezza e tranquillit\u00e0. Il costo contenuto del tracker rispetto a dispositivi simili lo rende una scelta interessante sia per i privati che per le aziende.<\/p>\n<div style=\"width: 1280px;\" class=\"wp-video\"><video class=\"wp-video-shortcode\" id=\"video-338-1\" width=\"1280\" height=\"720\" preload=\"metadata\" controls=\"controls\"><source type=\"video\/mp4\" src=\"https:\/\/www.dealexpert.eu\/wp-content\/uploads\/2025\/07\/AutoTrack-Revolutionary-device-allows-you-to-track-any-car-with-your-smartphone.-EN1.mp4?_=1\" \/><a href=\"https:\/\/www.dealexpert.eu\/wp-content\/uploads\/2025\/07\/AutoTrack-Revolutionary-device-allows-you-to-track-any-car-with-your-smartphone.-EN1.mp4\">https:\/\/www.dealexpert.eu\/wp-content\/uploads\/2025\/07\/AutoTrack-Revolutionary-device-allows-you-to-track-any-car-with-your-smartphone.-EN1.mp4<\/a><\/video><\/div>\n<h2><span class=\"ez-toc-section\" id=\"Where_to_Buy_the_iTrack_GPS_Car_Tracker\"><\/span>Dove acquistare il localizzatore GPS per auto iTrack<span class=\"ez-toc-section-end\"><\/span><\/h2>\n<p>Il localizzatore GPS per auto iTrack pu\u00f2 essere acquistato direttamente da Neotechix. La procedura \u00e8 semplice e consente di ordinare il dispositivo comodamente da casa. Basta visitare la pagina ufficiale del prodotto, selezionare la quantit\u00e0 desiderata e procedere al pagamento.<\/p>","protected":false},"excerpt":{"rendered":"<li>Tracciamento GPS in tempo reale con aggiornamenti in tempo reale<\/li>\n<li>Applicazione mobile di facile utilizzo per il monitoraggio<\/li>\n<li>Funzionalit\u00e0 di geofencing per gli avvisi di sicurezza<\/li>\n<li>Basso consumo energetico per una maggiore durata della batteria<\/li>\n<li>Funzione di immobilizzazione a distanza per prevenire i furti<\/li>","protected":false},"featured_media":377,"template":"","meta":{"_lmt_disableupdate":"","_lmt_disable":"","_kadence_starter_templates_imported_post":false,"_kad_post_transparent":"default","_kad_post_title":"","_kad_post_layout":"default","_kad_post_sidebar_id":"","_kad_post_content_style":"default","_kad_post_vertical_padding":"default","_kad_post_feature":"","_kad_post_feature_position":"","_kad_post_header":false,"_kad_post_footer":false,"_kad_post_classname":""},"product_brand":[],"product_cat":[16],"product_tag":[],"class_list":{"0":"post-338","1":"product","2":"type-product","3":"status-publish","4":"has-post-thumbnail","6":"product_cat-technology","8":"first","9":"instock","10":"shipping-taxable","11":"product-type-external","12":"entry","13":"content-bg","14":"loop-entry"},"_links":{"self":[{"href":"https:\/\/www.dealexpert.eu\/it\/wp-json\/wp\/v2\/product\/338","targetHints":{"allow":["GET"]}}],"collection":[{"href":"https:\/\/www.dealexpert.eu\/it\/wp-json\/wp\/v2\/product"}],"about":[{"href":"https:\/\/www.dealexpert.eu\/it\/wp-json\/wp\/v2\/types\/product"}],"wp:featuredmedia":[{"embeddable":true,"href":"https:\/\/www.dealexpert.eu\/it\/wp-json\/wp\/v2\/media\/377"}],"wp:attachment":[{"href":"https:\/\/www.dealexpert.eu\/it\/wp-json\/wp\/v2\/media?parent=338"}],"wp:term":[{"taxonomy":"product_brand","embeddable":true,"href":"https:\/\/www.dealexpert.eu\/it\/wp-json\/wp\/v2\/product_brand?post=338"},{"taxonomy":"product_cat","embeddable":true,"href":"https:\/\/www.dealexpert.eu\/it\/wp-json\/wp\/v2\/product_cat?post=338"},{"taxonomy":"product_tag","embeddable":true,"href":"https:\/\/www.dealexpert.eu\/it\/wp-json\/wp\/v2\/product_tag?post=338"}],"curies":[{"name":"wp","href":"https:\/\/api.w.org\/{rel}","templated":true}]}}