{"id":329,"date":"2025-07-24T00:01:14","date_gmt":"2025-07-24T00:01:14","guid":{"rendered":"https:\/\/www.dealexpert.eu\/?post_type=product&#038;p=329"},"modified":"2025-07-24T14:33:29","modified_gmt":"2025-07-24T14:33:29","slug":"homenetix","status":"publish","type":"product","link":"https:\/\/www.dealexpert.eu\/it\/p\/homenetix\/","title":{"rendered":"HomeNETIX"},"content":{"rendered":"<div class=\"kk-star-ratings kksr-auto kksr-align-left kksr-valign-top\"\n    data-payload='{&quot;align&quot;:&quot;left&quot;,&quot;id&quot;:&quot;329&quot;,&quot;slug&quot;:&quot;default&quot;,&quot;valign&quot;:&quot;top&quot;,&quot;ignore&quot;:&quot;&quot;,&quot;reference&quot;:&quot;auto&quot;,&quot;class&quot;:&quot;&quot;,&quot;count&quot;:&quot;0&quot;,&quot;legendonly&quot;:&quot;&quot;,&quot;readonly&quot;:&quot;&quot;,&quot;score&quot;:&quot;0&quot;,&quot;starsonly&quot;:&quot;&quot;,&quot;best&quot;:&quot;5&quot;,&quot;gap&quot;:&quot;5&quot;,&quot;greet&quot;:&quot;Rate this product&quot;,&quot;legend&quot;:&quot;0\\\/5 - (0 votes)&quot;,&quot;size&quot;:&quot;24&quot;,&quot;title&quot;:&quot;HomeNETIX&quot;,&quot;width&quot;:&quot;0&quot;,&quot;_legend&quot;:&quot;{score}\\\/{best} - ({count} {votes})&quot;,&quot;font_factor&quot;:&quot;1.25&quot;}'>\n            \n<div class=\"kksr-stars\">\n    \n<div class=\"kksr-stars-inactive\">\n            <div class=\"kksr-star\" data-star=\"1\" style=\"padding-right: 5px\">\n            \n\n<div class=\"kksr-icon\" style=\"width: 24px; height: 24px;\"><\/div>\n        <\/div>\n            <div class=\"kksr-star\" data-star=\"2\" style=\"padding-right: 5px\">\n            \n\n<div class=\"kksr-icon\" style=\"width: 24px; height: 24px;\"><\/div>\n        <\/div>\n            <div class=\"kksr-star\" data-star=\"3\" style=\"padding-right: 5px\">\n            \n\n<div class=\"kksr-icon\" style=\"width: 24px; height: 24px;\"><\/div>\n        <\/div>\n            <div class=\"kksr-star\" data-star=\"4\" style=\"padding-right: 5px\">\n            \n\n<div class=\"kksr-icon\" style=\"width: 24px; height: 24px;\"><\/div>\n        <\/div>\n            <div class=\"kksr-star\" data-star=\"5\" style=\"padding-right: 5px\">\n            \n\n<div class=\"kksr-icon\" style=\"width: 24px; height: 24px;\"><\/div>\n        <\/div>\n    <\/div>\n    \n<div class=\"kksr-stars-active\" style=\"width: 0px;\">\n            <div class=\"kksr-star\" style=\"padding-right: 5px\">\n            \n\n<div class=\"kksr-icon\" style=\"width: 24px; height: 24px;\"><\/div>\n        <\/div>\n            <div class=\"kksr-star\" style=\"padding-right: 5px\">\n            \n\n<div class=\"kksr-icon\" style=\"width: 24px; height: 24px;\"><\/div>\n        <\/div>\n            <div class=\"kksr-star\" style=\"padding-right: 5px\">\n            \n\n<div class=\"kksr-icon\" style=\"width: 24px; height: 24px;\"><\/div>\n        <\/div>\n            <div class=\"kksr-star\" style=\"padding-right: 5px\">\n            \n\n<div class=\"kksr-icon\" style=\"width: 24px; height: 24px;\"><\/div>\n        <\/div>\n            <div class=\"kksr-star\" style=\"padding-right: 5px\">\n            \n\n<div class=\"kksr-icon\" style=\"width: 24px; height: 24px;\"><\/div>\n        <\/div>\n    <\/div>\n<\/div>\n                \n\n<div class=\"kksr-legend\" style=\"font-size: 19.2px;\">\n            <span class=\"kksr-muted\">Valuta questo prodotto<\/span>\n    <\/div>\n    <\/div>\n<div style=\"width: 1024px;\" class=\"wp-video\"><video class=\"wp-video-shortcode\" id=\"video-329-1\" width=\"1024\" height=\"576\" preload=\"metadata\" controls=\"controls\"><source type=\"video\/mp4\" src=\"https:\/\/www.dealexpert.eu\/wp-content\/uploads\/2025\/07\/video.mp4?_=1\" \/><a href=\"https:\/\/www.dealexpert.eu\/wp-content\/uploads\/2025\/07\/video.mp4\">https:\/\/www.dealexpert.eu\/wp-content\/uploads\/2025\/07\/video.mp4<\/a><\/video><\/div>\n<div id=\"ez-toc-container\" class=\"ez-toc-v2_0_81 counter-hierarchy ez-toc-counter ez-toc-grey ez-toc-container-direction\">\n<div class=\"ez-toc-title-container\">\n<p class=\"ez-toc-title\" style=\"cursor:inherit\">Sintesi<\/p>\n<span class=\"ez-toc-title-toggle\"><a href=\"#\" class=\"ez-toc-pull-right ez-toc-btn ez-toc-btn-xs ez-toc-btn-default ez-toc-toggle\" aria-label=\"Toggle Table of Content\"><span class=\"ez-toc-js-icon-con\"><span class=\"\"><span class=\"eztoc-hide\" style=\"display:none;\">Toggle<\/span><span class=\"ez-toc-icon-toggle-span\"><svg style=\"fill: #999;color:#999\" xmlns=\"http:\/\/www.w3.org\/2000\/svg\" class=\"list-377408\" width=\"20px\" height=\"20px\" viewbox=\"0 0 24 24\" fill=\"none\"><path d=\"M6 6H4v2h2V6zm14 0H8v2h12V6zM4 11h2v2H4v-2zm16 0H8v2h12v-2zM4 16h2v2H4v-2zm16 0H8v2h12v-2z\" fill=\"currentColor\"><\/path><\/svg><svg style=\"fill: #999;color:#999\" class=\"arrow-unsorted-368013\" xmlns=\"http:\/\/www.w3.org\/2000\/svg\" width=\"10px\" height=\"10px\" viewbox=\"0 0 24 24\" version=\"1.2\" baseprofile=\"tiny\"><path d=\"M18.2 9.3l-6.2-6.3-6.2 6.3c-.2.2-.3.4-.3.7s.1.5.3.7c.2.2.4.3.7.3h11c.3 0 .5-.1.7-.3.2-.2.3-.5.3-.7s-.1-.5-.3-.7zM5.8 14.7l6.2 6.3 6.2-6.3c.2-.2.3-.5.3-.7s-.1-.5-.3-.7c-.2-.2-.4-.3-.7-.3h-11c-.3 0-.5.1-.7.3-.2.2-.3.5-.3.7s.1.5.3.7z\"\/><\/svg><\/span><\/span><\/span><\/a><\/span><\/div>\n<nav><ul class='ez-toc-list ez-toc-list-level-1 eztoc-toggle-hide-by-default' ><li class='ez-toc-page-1 ez-toc-heading-level-2'><a class=\"ez-toc-link ez-toc-heading-1\" href=\"https:\/\/www.dealexpert.eu\/it\/p\/homenetix\/#What_are_the_benefits_of_HomeNETIX\" >Quali sono i vantaggi di HomeNETIX?<\/a><ul class='ez-toc-list-level-3' ><li class='ez-toc-heading-level-3'><a class=\"ez-toc-link ez-toc-heading-2\" href=\"https:\/\/www.dealexpert.eu\/it\/p\/homenetix\/#Enhanced_Convenience\" >Maggiore comodit\u00e0<\/a><\/li><li class='ez-toc-page-1 ez-toc-heading-level-3'><a class=\"ez-toc-link ez-toc-heading-3\" href=\"https:\/\/www.dealexpert.eu\/it\/p\/homenetix\/#Improved_Security\" >Sicurezza migliorata<\/a><\/li><li class='ez-toc-page-1 ez-toc-heading-level-3'><a class=\"ez-toc-link ez-toc-heading-4\" href=\"https:\/\/www.dealexpert.eu\/it\/p\/homenetix\/#Energy_Efficiency\" >Efficienza energetica<\/a><\/li><li class='ez-toc-page-1 ez-toc-heading-level-3'><a class=\"ez-toc-link ez-toc-heading-5\" href=\"https:\/\/www.dealexpert.eu\/it\/p\/homenetix\/#Remote_Control\" >Telecomando<\/a><\/li><li class='ez-toc-page-1 ez-toc-heading-level-3'><a class=\"ez-toc-link ez-toc-heading-6\" href=\"https:\/\/www.dealexpert.eu\/it\/p\/homenetix\/#Increased_Property_Value\" >Aumento del valore della propriet\u00e0<\/a><\/li><\/ul><\/li><li class='ez-toc-page-1 ez-toc-heading-level-2'><a class=\"ez-toc-link ez-toc-heading-7\" href=\"https:\/\/www.dealexpert.eu\/it\/p\/homenetix\/#How_does_HomeNETIX_work\" >Come funziona HomeNETIX?<\/a><\/li><li class='ez-toc-page-1 ez-toc-heading-level-2'><a class=\"ez-toc-link ez-toc-heading-8\" href=\"https:\/\/www.dealexpert.eu\/it\/p\/homenetix\/#Installation_of_HomeNETIX\" >Installazione di HomeNETIX<\/a><\/li><li class='ez-toc-page-1 ez-toc-heading-level-2'><a class=\"ez-toc-link ez-toc-heading-9\" href=\"https:\/\/www.dealexpert.eu\/it\/p\/homenetix\/#Pricing_and_Packages\" >Prezzi e pacchetti<\/a><\/li><li class='ez-toc-page-1 ez-toc-heading-level-2'><a class=\"ez-toc-link ez-toc-heading-10\" href=\"https:\/\/www.dealexpert.eu\/it\/p\/homenetix\/#What_do_customers_say_about_HomeNETIX\" >Cosa dicono i clienti di HomeNETIX?<\/a><\/li><li class='ez-toc-page-1 ez-toc-heading-level-2'><a class=\"ez-toc-link ez-toc-heading-11\" href=\"https:\/\/www.dealexpert.eu\/it\/p\/homenetix\/#Alternatives_to_HomeNETIX\" >Alternative a HomeNETIX<\/a><\/li><\/ul><\/nav><\/div>\n<h2><span class=\"ez-toc-section\" id=\"What_are_the_benefits_of_HomeNETIX\"><\/span>Quali sono i vantaggi di HomeNETIX?<span class=\"ez-toc-section-end\"><\/span><\/h2>\n<p>Quando ho scoperto HomeNETIX, sono rimasto subito colpito da quanto potesse migliorare la mia vita domestica. Si tratta di un sistema completo che promette di automatizzare la casa, aumentarne la sicurezza e persino renderla pi\u00f9 efficiente dal punto di vista energetico. Lasciate che vi illustri i vantaggi.<\/p>\n<h3><span class=\"ez-toc-section\" id=\"Enhanced_Convenience\"><\/span>Maggiore comodit\u00e0<span class=\"ez-toc-section-end\"><\/span><\/h3>\n<p>Una delle cose migliori di HomeNETIX \u00e8 il modo in cui mi semplifica la vita. Con tutto ci\u00f2 che \u00e8 collegato a un unico sistema, posso gestire tutti i miei dispositivi da un'unica app. Che si tratti di controllare le luci, regolare la temperatura o bloccare le porte, tutto \u00e8 a portata di mano. Immaginate di non dovervi alzare per spegnere le luci o preoccuparvi se le porte sono chiuse. HomeNETIX si occupa di tutto questo, senza sforzo.<\/p>\n<h3><span class=\"ez-toc-section\" id=\"Improved_Security\"><\/span>Sicurezza migliorata<span class=\"ez-toc-section-end\"><\/span><\/h3>\n<p>HomeNETIX mi ha fatto sentire pi\u00f9 sicuro. Posso tenere d'occhio la mia casa attraverso le telecamere intelligenti e ricevere avvisi in tempo reale se succede qualcosa di insolito. \u00c8 come avere un ulteriore livello di protezione, sia che io sia a casa che fuori. Sapere che il sistema \u00e8 in grado di avvisarmi all'istante se c'\u00e8 un problema mi d\u00e0 tranquillit\u00e0, il che \u00e8 inestimabile\".<\/p>\n<h3><span class=\"ez-toc-section\" id=\"Energy_Efficiency\"><\/span>Efficienza energetica<span class=\"ez-toc-section-end\"><\/span><\/h3>\n<p>Sono riuscito a ridurre le bollette grazie alle programmazioni automatiche offerte da HomeNETIX. Posso programmare il sistema per regolare il riscaldamento, il raffreddamento e l'illuminazione in base alle mie abitudini quotidiane. In questo modo non spreco energia quando non ne ho bisogno, il che \u00e8 ecologico e conveniente. \u00c8 una bella sensazione sapere che sto rendendo la mia casa pi\u00f9 intelligente, riducendo al contempo la mia impronta di carbonio.<\/p>\n<h3><span class=\"ez-toc-section\" id=\"Remote_Control\"><\/span>Telecomando<span class=\"ez-toc-section-end\"><\/span><\/h3>\n<p>Una caratteristica che adoro \u00e8 la possibilit\u00e0 di controllare i miei dispositivi da remoto. Se sono al lavoro, in vacanza o a fare commissioni, posso accedere ai sistemi della mia casa da qualsiasi parte del mondo. Questo \u00e8 particolarmente utile quando devo far entrare qualcuno o controllare le telecamere di sicurezza quando non ci sono.<\/p>\n<h3><span class=\"ez-toc-section\" id=\"Increased_Property_Value\"><\/span>Aumento del valore della propriet\u00e0<span class=\"ez-toc-section-end\"><\/span><\/h3>\n<p>Oltre a tutte le comodit\u00e0 quotidiane, ho imparato che avere una casa intelligente pu\u00f2 effettivamente aumentare il valore della mia propriet\u00e0. Sempre pi\u00f9 acquirenti cercano case con tecnologia intelligente e HomeNETIX \u00e8 un ottimo modo per far risaltare la mia casa. \u00c8 un investimento che si ripaga nel lungo periodo\".<\/p>\n<h2><span class=\"ez-toc-section\" id=\"How_does_HomeNETIX_work\"><\/span>Come funziona HomeNETIX?<span class=\"ez-toc-section-end\"><\/span><\/h2>\n<p>HomeNETIX funziona utilizzando un hub centrale che collega tutti i dispositivi intelligenti, creando una rete domestica connessa. Attraverso l'app di facile utilizzo, \u00e8 possibile gestire tutto in tempo reale, dall'illuminazione alla sicurezza. L'integrazione con il cloud consente il controllo remoto, in modo da non doversi mai preoccupare di essere in casa per regolare le impostazioni o rispondere agli avvisi.<\/p>\n<h2><span class=\"ez-toc-section\" id=\"Installation_of_HomeNETIX\"><\/span>Installazione di HomeNETIX<span class=\"ez-toc-section-end\"><\/span><\/h2>\n<p>La configurazione di HomeNETIX \u00e8 stata sorprendentemente semplice. Le istruzioni sono chiare e la maggior parte delle persone \u00e8 in grado di mettere in funzione il sistema entro un'ora. Se si preferisce, sono disponibili anche servizi di installazione professionale per le configurazioni pi\u00f9 complesse. Il processo \u00e8 semplificato e permette a chiunque, indipendentemente dalle competenze tecniche, di iniziare a godere dei vantaggi di una casa intelligente.<\/p>\n<h2><span class=\"ez-toc-section\" id=\"Pricing_and_Packages\"><\/span>Prezzi e pacchetti<span class=\"ez-toc-section-end\"><\/span><\/h2>\n<p>HomeNETIX offre diversi piani tariffari, quindi ce n'\u00e8 per tutti i gusti. Sia che stiate cercando una configurazione di automazione di base o un sistema di sicurezza pi\u00f9 avanzato, ci sono opzioni flessibili che si adattano alle vostre esigenze e al vostro budget. Vi consiglio di controllare le ultime offerte e promozioni per ottenere il miglior valore.<\/p>\n<h2><span class=\"ez-toc-section\" id=\"What_do_customers_say_about_HomeNETIX\"><\/span>Cosa dicono i clienti di HomeNETIX?<span class=\"ez-toc-section-end\"><\/span><\/h2>\n<p>Non sono solo io a essere impressionato da HomeNETIX. Ecco cosa hanno condiviso altri utenti:<\/p>\n<ul>\n<li><strong>Sarah L.<\/strong> dice: \"HomeNETIX ha trasformato la mia casa! Posso controllare tutto dal mio telefono e mi sento pi\u00f9 sicura\".<\/li>\n<li><strong>John M.<\/strong> quote: \"L'installazione \u00e8 stata facile e veloce. Ha reso la mia vita quotidiana molto pi\u00f9 comoda!\".<\/li>\n<li><strong>Emily R.<\/strong> aggiunge: \"Adoro le funzioni di risparmio energetico! La mia bolletta elettrica \u00e8 diminuita da quando ho installato HomeNETIX\".<\/li>\n<\/ul>\n<h2><span class=\"ez-toc-section\" id=\"Alternatives_to_HomeNETIX\"><\/span>Alternative a HomeNETIX<span class=\"ez-toc-section-end\"><\/span><\/h2>\n<p>Sebbene HomeNETIX si distingua per la sua semplicit\u00e0 e l'ampia gamma di funzioni, esistono alternative sul mercato. Tra le pi\u00f9 popolari ci sono Google Nest, Amazon Alexa e Samsung SmartThings. Tuttavia, ritengo che HomeNETIX offra una combinazione unica di facilit\u00e0 d'uso, integrazione perfetta e funzioni personalizzabili che lo rendono la scelta migliore per chiunque voglia aggiornare la propria tecnologia domestica.<\/p>","protected":false},"excerpt":{"rendered":"<p>What are the benefits of HomeNETIX? When I first discovered HomeNETIX, I was immediately impressed by how much it could improve my home life. It\u2019s a comprehensive system that promises to automate your home, enhance security, and even make your home more energy-efficient. Let me walk you through the advantages. Enhanced Convenience One of the&#8230;<\/p>","protected":false},"featured_media":526,"template":"","meta":{"_lmt_disableupdate":"","_lmt_disable":"","_kadence_starter_templates_imported_post":false,"_kad_post_transparent":"default","_kad_post_title":"","_kad_post_layout":"default","_kad_post_sidebar_id":"","_kad_post_content_style":"default","_kad_post_vertical_padding":"default","_kad_post_feature":"","_kad_post_feature_position":"","_kad_post_header":false,"_kad_post_footer":false,"_kad_post_classname":""},"product_brand":[],"product_cat":[16],"product_tag":[],"class_list":{"0":"post-329","1":"product","2":"type-product","3":"status-publish","4":"has-post-thumbnail","6":"product_cat-technology","8":"first","9":"instock","10":"shipping-taxable","11":"product-type-external","12":"entry","13":"content-bg","14":"loop-entry"},"_links":{"self":[{"href":"https:\/\/www.dealexpert.eu\/it\/wp-json\/wp\/v2\/product\/329","targetHints":{"allow":["GET"]}}],"collection":[{"href":"https:\/\/www.dealexpert.eu\/it\/wp-json\/wp\/v2\/product"}],"about":[{"href":"https:\/\/www.dealexpert.eu\/it\/wp-json\/wp\/v2\/types\/product"}],"wp:featuredmedia":[{"embeddable":true,"href":"https:\/\/www.dealexpert.eu\/it\/wp-json\/wp\/v2\/media\/526"}],"wp:attachment":[{"href":"https:\/\/www.dealexpert.eu\/it\/wp-json\/wp\/v2\/media?parent=329"}],"wp:term":[{"taxonomy":"product_brand","embeddable":true,"href":"https:\/\/www.dealexpert.eu\/it\/wp-json\/wp\/v2\/product_brand?post=329"},{"taxonomy":"product_cat","embeddable":true,"href":"https:\/\/www.dealexpert.eu\/it\/wp-json\/wp\/v2\/product_cat?post=329"},{"taxonomy":"product_tag","embeddable":true,"href":"https:\/\/www.dealexpert.eu\/it\/wp-json\/wp\/v2\/product_tag?post=329"}],"curies":[{"name":"wp","href":"https:\/\/api.w.org\/{rel}","templated":true}]}}