{"id":321,"date":"2025-07-23T23:15:02","date_gmt":"2025-07-23T23:15:02","guid":{"rendered":"https:\/\/www.dealexpert.eu\/?post_type=product&#038;p=321"},"modified":"2025-07-24T14:35:45","modified_gmt":"2025-07-24T14:35:45","slug":"wifi-ultraboost-2","status":"publish","type":"product","link":"https:\/\/www.dealexpert.eu\/it\/p\/wifi-ultraboost-2\/","title":{"rendered":"WIFI UltraBoost"},"content":{"rendered":"<div class=\"kk-star-ratings kksr-auto kksr-align-left kksr-valign-top\"\n    data-payload='{&quot;align&quot;:&quot;left&quot;,&quot;id&quot;:&quot;321&quot;,&quot;slug&quot;:&quot;default&quot;,&quot;valign&quot;:&quot;top&quot;,&quot;ignore&quot;:&quot;&quot;,&quot;reference&quot;:&quot;auto&quot;,&quot;class&quot;:&quot;&quot;,&quot;count&quot;:&quot;0&quot;,&quot;legendonly&quot;:&quot;&quot;,&quot;readonly&quot;:&quot;&quot;,&quot;score&quot;:&quot;0&quot;,&quot;starsonly&quot;:&quot;&quot;,&quot;best&quot;:&quot;5&quot;,&quot;gap&quot;:&quot;5&quot;,&quot;greet&quot;:&quot;Rate this product&quot;,&quot;legend&quot;:&quot;0\\\/5 - (0 votes)&quot;,&quot;size&quot;:&quot;24&quot;,&quot;title&quot;:&quot;WIFI UltraBoost&quot;,&quot;width&quot;:&quot;0&quot;,&quot;_legend&quot;:&quot;{score}\\\/{best} - ({count} {votes})&quot;,&quot;font_factor&quot;:&quot;1.25&quot;}'>\n            \n<div class=\"kksr-stars\">\n    \n<div class=\"kksr-stars-inactive\">\n            <div class=\"kksr-star\" data-star=\"1\" style=\"padding-right: 5px\">\n            \n\n<div class=\"kksr-icon\" style=\"width: 24px; height: 24px;\"><\/div>\n        <\/div>\n            <div class=\"kksr-star\" data-star=\"2\" style=\"padding-right: 5px\">\n            \n\n<div class=\"kksr-icon\" style=\"width: 24px; height: 24px;\"><\/div>\n        <\/div>\n            <div class=\"kksr-star\" data-star=\"3\" style=\"padding-right: 5px\">\n            \n\n<div class=\"kksr-icon\" style=\"width: 24px; height: 24px;\"><\/div>\n        <\/div>\n            <div class=\"kksr-star\" data-star=\"4\" style=\"padding-right: 5px\">\n            \n\n<div class=\"kksr-icon\" style=\"width: 24px; height: 24px;\"><\/div>\n        <\/div>\n            <div class=\"kksr-star\" data-star=\"5\" style=\"padding-right: 5px\">\n            \n\n<div class=\"kksr-icon\" style=\"width: 24px; height: 24px;\"><\/div>\n        <\/div>\n    <\/div>\n    \n<div class=\"kksr-stars-active\" style=\"width: 0px;\">\n            <div class=\"kksr-star\" style=\"padding-right: 5px\">\n            \n\n<div class=\"kksr-icon\" style=\"width: 24px; height: 24px;\"><\/div>\n        <\/div>\n            <div class=\"kksr-star\" style=\"padding-right: 5px\">\n            \n\n<div class=\"kksr-icon\" style=\"width: 24px; height: 24px;\"><\/div>\n        <\/div>\n            <div class=\"kksr-star\" style=\"padding-right: 5px\">\n            \n\n<div class=\"kksr-icon\" style=\"width: 24px; height: 24px;\"><\/div>\n        <\/div>\n            <div class=\"kksr-star\" style=\"padding-right: 5px\">\n            \n\n<div class=\"kksr-icon\" style=\"width: 24px; height: 24px;\"><\/div>\n        <\/div>\n            <div class=\"kksr-star\" style=\"padding-right: 5px\">\n            \n\n<div class=\"kksr-icon\" style=\"width: 24px; height: 24px;\"><\/div>\n        <\/div>\n    <\/div>\n<\/div>\n                \n\n<div class=\"kksr-legend\" style=\"font-size: 19.2px;\">\n            <span class=\"kksr-muted\">Valuta questo prodotto<\/span>\n    <\/div>\n    <\/div>\n<div style=\"width: 640px;\" class=\"wp-video\"><video class=\"wp-video-shortcode\" id=\"video-321-1\" width=\"640\" height=\"360\" preload=\"metadata\" controls=\"controls\"><source type=\"video\/mp4\" src=\"https:\/\/www.dealexpert.eu\/wp-content\/uploads\/2025\/07\/videoplayback-1-1.mp4?_=1\" \/><a href=\"https:\/\/www.dealexpert.eu\/wp-content\/uploads\/2025\/07\/videoplayback-1-1.mp4\">https:\/\/www.dealexpert.eu\/wp-content\/uploads\/2025\/07\/videoplayback-1-1.mp4<\/a><\/video><\/div>\n<div id=\"ez-toc-container\" class=\"ez-toc-v2_0_81 counter-hierarchy ez-toc-counter ez-toc-grey ez-toc-container-direction\">\n<div class=\"ez-toc-title-container\">\n<p class=\"ez-toc-title\" style=\"cursor:inherit\">Sintesi<\/p>\n<span class=\"ez-toc-title-toggle\"><a href=\"#\" class=\"ez-toc-pull-right ez-toc-btn ez-toc-btn-xs ez-toc-btn-default ez-toc-toggle\" aria-label=\"Toggle Table of Content\"><span class=\"ez-toc-js-icon-con\"><span class=\"\"><span class=\"eztoc-hide\" style=\"display:none;\">Toggle<\/span><span class=\"ez-toc-icon-toggle-span\"><svg style=\"fill: #999;color:#999\" xmlns=\"http:\/\/www.w3.org\/2000\/svg\" class=\"list-377408\" width=\"20px\" height=\"20px\" viewbox=\"0 0 24 24\" fill=\"none\"><path d=\"M6 6H4v2h2V6zm14 0H8v2h12V6zM4 11h2v2H4v-2zm16 0H8v2h12v-2zM4 16h2v2H4v-2zm16 0H8v2h12v-2z\" fill=\"currentColor\"><\/path><\/svg><svg style=\"fill: #999;color:#999\" class=\"arrow-unsorted-368013\" xmlns=\"http:\/\/www.w3.org\/2000\/svg\" width=\"10px\" height=\"10px\" viewbox=\"0 0 24 24\" version=\"1.2\" baseprofile=\"tiny\"><path d=\"M18.2 9.3l-6.2-6.3-6.2 6.3c-.2.2-.3.4-.3.7s.1.5.3.7c.2.2.4.3.7.3h11c.3 0 .5-.1.7-.3.2-.2.3-.5.3-.7s-.1-.5-.3-.7zM5.8 14.7l6.2 6.3 6.2-6.3c.2-.2.3-.5.3-.7s-.1-.5-.3-.7c-.2-.2-.4-.3-.7-.3h-11c-.3 0-.5.1-.7.3-.2.2-.3.5-.3.7s.1.5.3.7z\"\/><\/svg><\/span><\/span><\/span><\/a><\/span><\/div>\n<nav><ul class='ez-toc-list ez-toc-list-level-1 eztoc-toggle-hide-by-default' ><li class='ez-toc-page-1 ez-toc-heading-level-2'><a class=\"ez-toc-link ez-toc-heading-1\" href=\"https:\/\/www.dealexpert.eu\/it\/p\/wifi-ultraboost-2\/#What_is_WIFI_UltraBoost\" >Che cos'\u00e8 il WIFI UltraBoost?<\/a><\/li><li class='ez-toc-page-1 ez-toc-heading-level-2'><a class=\"ez-toc-link ez-toc-heading-2\" href=\"https:\/\/www.dealexpert.eu\/it\/p\/wifi-ultraboost-2\/#Key_Features_of_WIFI_UltraBoost\" >Caratteristiche principali di WIFI UltraBoost<\/a><\/li><li class='ez-toc-page-1 ez-toc-heading-level-2'><a class=\"ez-toc-link ez-toc-heading-3\" href=\"https:\/\/www.dealexpert.eu\/it\/p\/wifi-ultraboost-2\/#Benefits_of_Using_WIFI_UltraBoost\" >Vantaggi dell'utilizzo di WIFI UltraBoost<\/a><\/li><li class='ez-toc-page-1 ez-toc-heading-level-2'><a class=\"ez-toc-link ez-toc-heading-4\" href=\"https:\/\/www.dealexpert.eu\/it\/p\/wifi-ultraboost-2\/#How_to_Install_WIFI_UltraBoost\" >Come installare WIFI UltraBoost<\/a><\/li><li class='ez-toc-page-1 ez-toc-heading-level-2'><a class=\"ez-toc-link ez-toc-heading-5\" href=\"https:\/\/www.dealexpert.eu\/it\/p\/wifi-ultraboost-2\/#Where_to_Buy_WIFI_UltraBoost\" >Dove acquistare WIFI UltraBoost<\/a><\/li><li class='ez-toc-page-1 ez-toc-heading-level-2'><a class=\"ez-toc-link ez-toc-heading-6\" href=\"https:\/\/www.dealexpert.eu\/it\/p\/wifi-ultraboost-2\/#Customer_Reviews\" >Recensioni dei clienti<\/a><\/li><li class='ez-toc-page-1 ez-toc-heading-level-2'><a class=\"ez-toc-link ez-toc-heading-7\" href=\"https:\/\/www.dealexpert.eu\/it\/p\/wifi-ultraboost-2\/#FAQs\" >Domande frequenti<\/a><ul class='ez-toc-list-level-3' ><li class='ez-toc-heading-level-3'><a class=\"ez-toc-link ez-toc-heading-8\" href=\"https:\/\/www.dealexpert.eu\/it\/p\/wifi-ultraboost-2\/#Will_WIFI_UltraBoost_work_with_my_current_router\" >WIFI UltraBoost funziona con il mio attuale router?<\/a><\/li><li class='ez-toc-page-1 ez-toc-heading-level-3'><a class=\"ez-toc-link ez-toc-heading-9\" href=\"https:\/\/www.dealexpert.eu\/it\/p\/wifi-ultraboost-2\/#Is_WIFI_UltraBoost_easy_to_install\" >WIFI UltraBoost \u00e8 facile da installare?<\/a><\/li><li class='ez-toc-page-1 ez-toc-heading-level-3'><a class=\"ez-toc-link ez-toc-heading-10\" href=\"https:\/\/www.dealexpert.eu\/it\/p\/wifi-ultraboost-2\/#Can_WIFI_UltraBoost_improve_my_internet_speed\" >WIFI UltraBoost pu\u00f2 migliorare la mia velocit\u00e0 di Internet?<\/a><\/li><\/ul><\/li><\/ul><\/nav><\/div>\n<h2><span class=\"ez-toc-section\" id=\"What_is_WIFI_UltraBoost\"><\/span>Che cos'\u00e8 il WIFI UltraBoost?<span class=\"ez-toc-section-end\"><\/span><\/h2>\n<p>WIFI UltraBoost \u00e8 un dispositivo progettato per amplificare il segnale Wi-Fi, garantendo una connessione Internet pi\u00f9 affidabile in tutta la casa o l'ufficio. \u00c8 perfetto per tutti coloro che hanno problemi di connessione Wi-Fi debole in alcune aree o che sperimentano una bassa velocit\u00e0 di Internet. Basta collegarlo al router e inizia a funzionare immediatamente, migliorando la potenza e la copertura del segnale.<\/p>\n<h2><span class=\"ez-toc-section\" id=\"Key_Features_of_WIFI_UltraBoost\"><\/span>Caratteristiche principali di WIFI UltraBoost<span class=\"ez-toc-section-end\"><\/span><\/h2>\n<ul>\n<li><strong>Portata Wi-Fi migliorata:<\/strong> Espande la copertura della rete Wi-Fi esistente, raggiungendo anche gli angoli pi\u00f9 remoti del vostro spazio.<\/li>\n<li><strong>Maggiore potenza del segnale:<\/strong> I segnali deboli vengono amplificati, garantendo una connessione pi\u00f9 stabile e affidabile in tutta l'area.<\/li>\n<li><strong>Facile da configurare:<\/strong> Non sono richieste competenze tecniche. Il dispositivo \u00e8 plug-and-play e l'installazione \u00e8 semplice e senza problemi.<\/li>\n<li><strong>Compatibilit\u00e0 universale:<\/strong> WIFI UltraBoost \u00e8 compatibile con la maggior parte dei router e dei provider di servizi Internet, rendendolo accessibile a un'ampia gamma di utenti.<\/li>\n<li><strong>Design compatto:<\/strong> Le sue dimensioni ridotte e discrete gli consentono di integrarsi perfettamente nell'ambiente senza occupare molto spazio.<\/li>\n<\/ul>\n<h2><span class=\"ez-toc-section\" id=\"Benefits_of_Using_WIFI_UltraBoost\"><\/span>Vantaggi dell'utilizzo di WIFI UltraBoost<span class=\"ez-toc-section-end\"><\/span><\/h2>\n<p>Quando ho provato per la prima volta WIFI UltraBoost, sono rimasto subito colpito da quanto ha migliorato la mia esperienza internet. Ecco alcuni dei vantaggi:<\/p>\n<ul>\n<li><i>Copertura migliorata:<\/i> Con WIFI UltraBoost, il segnale Wi-Fi raggiunge tutti gli angoli della mia casa, anche le stanze pi\u00f9 lontane dove prima avevo difficolt\u00e0 di connettivit\u00e0.<\/li>\n<li><i>Niente pi\u00f9 buffering:<\/i> Ha risolto tutti i miei problemi di buffering, consentendomi di effettuare streaming e download senza interruzioni, anche su pi\u00f9 dispositivi contemporaneamente.<\/li>\n<li><i>Supporta pi\u00f9 dispositivi:<\/i> WIFI UltraBoost mi aiuta a mantenere stabile la connessione, anche quando sono connessi pi\u00f9 dispositivi contemporaneamente.<\/li>\n<li><i>Esperienza Internet senza soluzione di continuit\u00e0:<\/i> Che si tratti di lavorare da casa, giocare o guardare video, il WIFI UltraBoost garantisce un'esperienza fluida, anche nelle aree pi\u00f9 difficili da raggiungere.<\/li>\n<\/ul>\n<h2><span class=\"ez-toc-section\" id=\"How_to_Install_WIFI_UltraBoost\"><\/span>Come installare WIFI UltraBoost<span class=\"ez-toc-section-end\"><\/span><\/h2>\n<p>L'installazione del WIFI UltraBoost \u00e8 incredibilmente facile. Ecco come fare:<\/p>\n<ul>\n<li>Innanzitutto, collegate il dispositivo a una presa di corrente vicina al router.<\/li>\n<li>Quindi, collegatelo al router utilizzando le istruzioni fornite con il dispositivo.<\/li>\n<li>Assicurarsi che l'indicatore LED del dispositivo mostri una connessione stabile, a indicare il corretto funzionamento.<\/li>\n<li>Infine, potrete godere di una migliore copertura Wi-Fi in tutto il vostro spazio con il minimo sforzo.<\/li>\n<\/ul>\n<h2><span class=\"ez-toc-section\" id=\"Where_to_Buy_WIFI_UltraBoost\"><\/span>Dove acquistare WIFI UltraBoost<span class=\"ez-toc-section-end\"><\/span><\/h2>\n<p>\u00c8 possibile acquistare WIFI UltraBoost direttamente dal sito ufficiale. Vi consiglio di controllare se ci sono promozioni o sconti in corso per ottenere il miglior valore. \u00c8 un piccolo investimento che migliorer\u00e0 significativamente la vostra esperienza internet!<\/p>\n<h2><span class=\"ez-toc-section\" id=\"Customer_Reviews\"><\/span>Recensioni dei clienti<span class=\"ez-toc-section-end\"><\/span><\/h2>\n<p>Molti clienti hanno condiviso le loro esperienze positive dopo aver utilizzato WIFI UltraBoost. Ecco alcuni dei loro commenti:<\/p>\n<ul>\n<li><i>\"WIFI UltraBoost ha fatto un'enorme differenza nella mia casa. Non devo pi\u00f9 preoccuparmi dei segnali deboli negli angoli pi\u00f9 remoti della mia casa!\".<\/i> - John D.<\/li>\n<li><i>\"L'installazione \u00e8 stata semplice e veloce. La mia esperienza di streaming \u00e8 ora priva di buffer!\".<\/i> - Sarah P.<\/li>\n<\/ul>\n<h2><span class=\"ez-toc-section\" id=\"FAQs\"><\/span>Domande frequenti<span class=\"ez-toc-section-end\"><\/span><\/h2>\n<h3><span class=\"ez-toc-section\" id=\"Will_WIFI_UltraBoost_work_with_my_current_router\"><\/span>WIFI UltraBoost funziona con il mio attuale router?<span class=\"ez-toc-section-end\"><\/span><\/h3>\n<p>S\u00ec, WIFI UltraBoost \u00e8 compatibile con la maggior parte dei router e dei provider di servizi Internet. Tuttavia, \u00e8 sempre bene controllare le specifiche per assicurarsi della compatibilit\u00e0 con il proprio modello di router.<\/p>\n<h3><span class=\"ez-toc-section\" id=\"Is_WIFI_UltraBoost_easy_to_install\"><\/span>WIFI UltraBoost \u00e8 facile da installare?<span class=\"ez-toc-section-end\"><\/span><\/h3>\n<p>Assolutamente s\u00ec! \u00c8 un dispositivo plug-and-play, quindi l'installazione \u00e8 semplice come collegarlo al router e inserirlo in una presa di corrente. Sarete operativi in pochi minuti.<\/p>\n<h3><span class=\"ez-toc-section\" id=\"Can_WIFI_UltraBoost_improve_my_internet_speed\"><\/span>WIFI UltraBoost pu\u00f2 migliorare la mia velocit\u00e0 di Internet?<span class=\"ez-toc-section-end\"><\/span><\/h3>\n<p>Sebbene WIFI UltraBoost non aumenti direttamente la velocit\u00e0 di Internet, migliora la potenza e la copertura del segnale. Ci\u00f2 si traduce in prestazioni migliori, soprattutto nelle aree in cui il segnale era precedentemente debole o incoerente.<\/p>","protected":false},"excerpt":{"rendered":"<li>Portata Wi-Fi migliorata: Espande la copertura della rete Wi-Fi esistente.<\/li>\n<li>Maggiore potenza del segnale: Amplifica i segnali deboli per una connessione stabile.<\/li>\n<li>Installazione semplice: Funzionalit\u00e0 plug-and-play senza necessit\u00e0 di competenze tecniche.<\/li>\n<li>Compatibilit\u00e0 universale: Funziona con la maggior parte dei router e dei fornitori di servizi Internet.<\/li>\n<li>Design compatto: Portatile e discreto, si adatta a qualsiasi ambiente.<\/li>","protected":false},"featured_media":896,"template":"","meta":{"_lmt_disableupdate":"","_lmt_disable":"","_kadence_starter_templates_imported_post":false,"_kad_post_transparent":"default","_kad_post_title":"","_kad_post_layout":"default","_kad_post_sidebar_id":"","_kad_post_content_style":"default","_kad_post_vertical_padding":"default","_kad_post_feature":"","_kad_post_feature_position":"","_kad_post_header":false,"_kad_post_footer":false,"_kad_post_classname":""},"product_brand":[],"product_cat":[16],"product_tag":[],"class_list":{"0":"post-321","1":"product","2":"type-product","3":"status-publish","4":"has-post-thumbnail","6":"product_cat-technology","8":"first","9":"instock","10":"shipping-taxable","11":"product-type-external","12":"entry","13":"content-bg","14":"loop-entry"},"_links":{"self":[{"href":"https:\/\/www.dealexpert.eu\/it\/wp-json\/wp\/v2\/product\/321","targetHints":{"allow":["GET"]}}],"collection":[{"href":"https:\/\/www.dealexpert.eu\/it\/wp-json\/wp\/v2\/product"}],"about":[{"href":"https:\/\/www.dealexpert.eu\/it\/wp-json\/wp\/v2\/types\/product"}],"wp:featuredmedia":[{"embeddable":true,"href":"https:\/\/www.dealexpert.eu\/it\/wp-json\/wp\/v2\/media\/896"}],"wp:attachment":[{"href":"https:\/\/www.dealexpert.eu\/it\/wp-json\/wp\/v2\/media?parent=321"}],"wp:term":[{"taxonomy":"product_brand","embeddable":true,"href":"https:\/\/www.dealexpert.eu\/it\/wp-json\/wp\/v2\/product_brand?post=321"},{"taxonomy":"product_cat","embeddable":true,"href":"https:\/\/www.dealexpert.eu\/it\/wp-json\/wp\/v2\/product_cat?post=321"},{"taxonomy":"product_tag","embeddable":true,"href":"https:\/\/www.dealexpert.eu\/it\/wp-json\/wp\/v2\/product_tag?post=321"}],"curies":[{"name":"wp","href":"https:\/\/api.w.org\/{rel}","templated":true}]}}