{"id":316,"date":"2025-07-23T22:48:26","date_gmt":"2025-07-23T22:48:26","guid":{"rendered":"https:\/\/www.dealexpert.eu\/?post_type=product&#038;p=316"},"modified":"2025-07-24T14:35:38","modified_gmt":"2025-07-24T14:35:38","slug":"silentsnore","status":"publish","type":"product","link":"https:\/\/www.dealexpert.eu\/it\/p\/silentsnore\/","title":{"rendered":"SilentSnore"},"content":{"rendered":"<div class=\"kk-star-ratings kksr-auto kksr-align-left kksr-valign-top\"\n    data-payload='{&quot;align&quot;:&quot;left&quot;,&quot;id&quot;:&quot;316&quot;,&quot;slug&quot;:&quot;default&quot;,&quot;valign&quot;:&quot;top&quot;,&quot;ignore&quot;:&quot;&quot;,&quot;reference&quot;:&quot;auto&quot;,&quot;class&quot;:&quot;&quot;,&quot;count&quot;:&quot;0&quot;,&quot;legendonly&quot;:&quot;&quot;,&quot;readonly&quot;:&quot;&quot;,&quot;score&quot;:&quot;0&quot;,&quot;starsonly&quot;:&quot;&quot;,&quot;best&quot;:&quot;5&quot;,&quot;gap&quot;:&quot;5&quot;,&quot;greet&quot;:&quot;Rate this product&quot;,&quot;legend&quot;:&quot;0\\\/5 - (0 votes)&quot;,&quot;size&quot;:&quot;24&quot;,&quot;title&quot;:&quot;SilentSnore&quot;,&quot;width&quot;:&quot;0&quot;,&quot;_legend&quot;:&quot;{score}\\\/{best} - ({count} {votes})&quot;,&quot;font_factor&quot;:&quot;1.25&quot;}'>\n            \n<div class=\"kksr-stars\">\n    \n<div class=\"kksr-stars-inactive\">\n            <div class=\"kksr-star\" data-star=\"1\" style=\"padding-right: 5px\">\n            \n\n<div class=\"kksr-icon\" style=\"width: 24px; height: 24px;\"><\/div>\n        <\/div>\n            <div class=\"kksr-star\" data-star=\"2\" style=\"padding-right: 5px\">\n            \n\n<div class=\"kksr-icon\" style=\"width: 24px; height: 24px;\"><\/div>\n        <\/div>\n            <div class=\"kksr-star\" data-star=\"3\" style=\"padding-right: 5px\">\n            \n\n<div class=\"kksr-icon\" style=\"width: 24px; height: 24px;\"><\/div>\n        <\/div>\n            <div class=\"kksr-star\" data-star=\"4\" style=\"padding-right: 5px\">\n            \n\n<div class=\"kksr-icon\" style=\"width: 24px; height: 24px;\"><\/div>\n        <\/div>\n            <div class=\"kksr-star\" data-star=\"5\" style=\"padding-right: 5px\">\n            \n\n<div class=\"kksr-icon\" style=\"width: 24px; height: 24px;\"><\/div>\n        <\/div>\n    <\/div>\n    \n<div class=\"kksr-stars-active\" style=\"width: 0px;\">\n            <div class=\"kksr-star\" style=\"padding-right: 5px\">\n            \n\n<div class=\"kksr-icon\" style=\"width: 24px; height: 24px;\"><\/div>\n        <\/div>\n            <div class=\"kksr-star\" style=\"padding-right: 5px\">\n            \n\n<div class=\"kksr-icon\" style=\"width: 24px; height: 24px;\"><\/div>\n        <\/div>\n            <div class=\"kksr-star\" style=\"padding-right: 5px\">\n            \n\n<div class=\"kksr-icon\" style=\"width: 24px; height: 24px;\"><\/div>\n        <\/div>\n            <div class=\"kksr-star\" style=\"padding-right: 5px\">\n            \n\n<div class=\"kksr-icon\" style=\"width: 24px; height: 24px;\"><\/div>\n        <\/div>\n            <div class=\"kksr-star\" style=\"padding-right: 5px\">\n            \n\n<div class=\"kksr-icon\" style=\"width: 24px; height: 24px;\"><\/div>\n        <\/div>\n    <\/div>\n<\/div>\n                \n\n<div class=\"kksr-legend\" style=\"font-size: 19.2px;\">\n            <span class=\"kksr-muted\">Valuta questo prodotto<\/span>\n    <\/div>\n    <\/div>\n<div style=\"width: 1280px;\" class=\"wp-video\"><video class=\"wp-video-shortcode\" id=\"video-316-1\" width=\"1280\" height=\"720\" preload=\"metadata\" controls=\"controls\"><source type=\"video\/mp4\" src=\"https:\/\/www.dealexpert.eu\/wp-content\/uploads\/2025\/07\/SilentSnore-Video-Landscape.mp4?_=1\" \/><a href=\"https:\/\/www.dealexpert.eu\/wp-content\/uploads\/2025\/07\/SilentSnore-Video-Landscape.mp4\">https:\/\/www.dealexpert.eu\/wp-content\/uploads\/2025\/07\/SilentSnore-Video-Landscape.mp4<\/a><\/video><\/div>\n<div id=\"ez-toc-container\" class=\"ez-toc-v2_0_81 counter-hierarchy ez-toc-counter ez-toc-grey ez-toc-container-direction\">\n<div class=\"ez-toc-title-container\">\n<p class=\"ez-toc-title\" style=\"cursor:inherit\">Sintesi<\/p>\n<span class=\"ez-toc-title-toggle\"><a href=\"#\" class=\"ez-toc-pull-right ez-toc-btn ez-toc-btn-xs ez-toc-btn-default ez-toc-toggle\" aria-label=\"Toggle Table of Content\"><span class=\"ez-toc-js-icon-con\"><span class=\"\"><span class=\"eztoc-hide\" style=\"display:none;\">Toggle<\/span><span class=\"ez-toc-icon-toggle-span\"><svg style=\"fill: #999;color:#999\" xmlns=\"http:\/\/www.w3.org\/2000\/svg\" class=\"list-377408\" width=\"20px\" height=\"20px\" viewbox=\"0 0 24 24\" fill=\"none\"><path d=\"M6 6H4v2h2V6zm14 0H8v2h12V6zM4 11h2v2H4v-2zm16 0H8v2h12v-2zM4 16h2v2H4v-2zm16 0H8v2h12v-2z\" fill=\"currentColor\"><\/path><\/svg><svg style=\"fill: #999;color:#999\" class=\"arrow-unsorted-368013\" xmlns=\"http:\/\/www.w3.org\/2000\/svg\" width=\"10px\" height=\"10px\" viewbox=\"0 0 24 24\" version=\"1.2\" baseprofile=\"tiny\"><path d=\"M18.2 9.3l-6.2-6.3-6.2 6.3c-.2.2-.3.4-.3.7s.1.5.3.7c.2.2.4.3.7.3h11c.3 0 .5-.1.7-.3.2-.2.3-.5.3-.7s-.1-.5-.3-.7zM5.8 14.7l6.2 6.3 6.2-6.3c.2-.2.3-.5.3-.7s-.1-.5-.3-.7c-.2-.2-.4-.3-.7-.3h-11c-.3 0-.5.1-.7.3-.2.2-.3.5-.3.7s.1.5.3.7z\"\/><\/svg><\/span><\/span><\/span><\/a><\/span><\/div>\n<nav><ul class='ez-toc-list ez-toc-list-level-1 eztoc-toggle-hide-by-default' ><li class='ez-toc-page-1 ez-toc-heading-level-2'><a class=\"ez-toc-link ez-toc-heading-1\" href=\"https:\/\/www.dealexpert.eu\/it\/p\/silentsnore\/#What_is_SilentSnore\" >Che cos'\u00e8 SilentSnore?<\/a><\/li><li class='ez-toc-page-1 ez-toc-heading-level-2'><a class=\"ez-toc-link ez-toc-heading-2\" href=\"https:\/\/www.dealexpert.eu\/it\/p\/silentsnore\/#How_does_SilentSnore_work\" >Come funziona SilentSnore?<\/a><\/li><li class='ez-toc-page-1 ez-toc-heading-level-2'><a class=\"ez-toc-link ez-toc-heading-3\" href=\"https:\/\/www.dealexpert.eu\/it\/p\/silentsnore\/#Benefits_of_SilentSnore\" >Vantaggi di SilentSnore<\/a><\/li><li class='ez-toc-page-1 ez-toc-heading-level-2'><a class=\"ez-toc-link ez-toc-heading-4\" href=\"https:\/\/www.dealexpert.eu\/it\/p\/silentsnore\/#Customer_Reviews\" >Recensioni dei clienti<\/a><ul class='ez-toc-list-level-3' ><li class='ez-toc-heading-level-3'><a class=\"ez-toc-link ez-toc-heading-5\" href=\"https:\/\/www.dealexpert.eu\/it\/p\/silentsnore\/#John_D\" >John D.<\/a><\/li><li class='ez-toc-page-1 ez-toc-heading-level-3'><a class=\"ez-toc-link ez-toc-heading-6\" href=\"https:\/\/www.dealexpert.eu\/it\/p\/silentsnore\/#Mary_S\" >Mary S.<\/a><\/li><\/ul><\/li><li class='ez-toc-page-1 ez-toc-heading-level-2'><a class=\"ez-toc-link ez-toc-heading-7\" href=\"https:\/\/www.dealexpert.eu\/it\/p\/silentsnore\/#Where_to_Buy_SilentSnore\" >Dove acquistare SilentSnore<\/a><\/li><li class='ez-toc-page-1 ez-toc-heading-level-2'><a class=\"ez-toc-link ez-toc-heading-8\" href=\"https:\/\/www.dealexpert.eu\/it\/p\/silentsnore\/#Frequently_Asked_Questions\" >Domande frequenti<\/a><ul class='ez-toc-list-level-3' ><li class='ez-toc-heading-level-3'><a class=\"ez-toc-link ez-toc-heading-9\" href=\"https:\/\/www.dealexpert.eu\/it\/p\/silentsnore\/#Is_SilentSnore_comfortable_to_wear\" >SilentSnore \u00e8 comodo da indossare?<\/a><\/li><li class='ez-toc-page-1 ez-toc-heading-level-3'><a class=\"ez-toc-link ez-toc-heading-10\" href=\"https:\/\/www.dealexpert.eu\/it\/p\/silentsnore\/#How_long_should_I_wear_SilentSnore_each_night\" >Per quanto tempo devo indossare SilentSnore ogni notte?<\/a><\/li><li class='ez-toc-page-1 ez-toc-heading-level-3'><a class=\"ez-toc-link ez-toc-heading-11\" href=\"https:\/\/www.dealexpert.eu\/it\/p\/silentsnore\/#How_quickly_will_I_see_results\" >In quanto tempo vedr\u00f2 i risultati?<\/a><\/li><\/ul><\/li><\/ul><\/nav><\/div>\n<h2><span class=\"ez-toc-section\" id=\"What_is_SilentSnore\"><\/span>Che cos'\u00e8 SilentSnore?<span class=\"ez-toc-section-end\"><\/span><\/h2>\n<p>SilentSnore \u00e8 un innovativo dispositivo antirussamento che aiuta le persone che soffrono di russamento. Questo piccolo e comodo boccaglio viene indossato durante il sonno e agisce per mantenere aperte le vie respiratorie, riducendo in modo significativo le vibrazioni che causano il russare. Se vi siete mai sentiti disturbati dal suono del russare o, peggio ancora, se il vostro partner ne soffre, SilentSnore potrebbe essere la soluzione che stavate cercando.<\/p>\n<h2><span class=\"ez-toc-section\" id=\"How_does_SilentSnore_work\"><\/span>Come funziona SilentSnore?<span class=\"ez-toc-section-end\"><\/span><\/h2>\n<p>Il dispositivo funziona riposizionando delicatamente la mascella inferiore e la lingua, assicurando che le vie aeree rimangano libere per tutta la notte. Questo allineamento previene le ostruzioni e riduce le vibrazioni che di solito portano a russare. Immaginate una piccola regolazione che potrebbe salvarvi da innumerevoli notti insonni: sembra un sogno, vero?<\/p>\n<ul>\n<li><strong>Riposiziona la mascella<\/strong> per prevenire l'ostruzione delle vie aeree.<\/li>\n<li><strong>Riduce le vibrazioni<\/strong> che causano il fastidioso suono del russare.<\/li>\n<li><strong>Migliora la qualit\u00e0 complessiva del sonno<\/strong> sia per il russatore che per il suo partner.<\/li>\n<\/ul>\n<h2><span class=\"ez-toc-section\" id=\"Benefits_of_SilentSnore\"><\/span>Vantaggi di SilentSnore<span class=\"ez-toc-section-end\"><\/span><\/h2>\n<p>L'uso di SilentSnore offre numerosi vantaggi, che vanno ben oltre la semplice eliminazione del russare. Vediamo come pu\u00f2 fare la differenza nella vostra vita:<\/p>\n<ul>\n<li><i>Aiuta a ridurre o eliminare il russare<\/i> completamente, per un sonno pi\u00f9 tranquillo e silenzioso.<\/li>\n<li><i>Migliora la qualit\u00e0 del sonno<\/i> sia per voi che per il vostro partner, garantendo notti pi\u00f9 riposanti.<\/li>\n<li><i>Comodo e facile da usare<\/i> ogni notte, rendendo l'esperienza priva di problemi.<\/li>\n<li><i>Alternativa conveniente<\/i> a trattamenti costosi, rendendolo accessibile alla maggior parte delle persone.<\/li>\n<li><i>Portatile e facile da trasportare<\/i> quando si viaggia, assicurando che il sonno non venga compromesso mentre si \u00e8 in viaggio.<\/li>\n<\/ul>\n<h2><span class=\"ez-toc-section\" id=\"Customer_Reviews\"><\/span>Recensioni dei clienti<span class=\"ez-toc-section-end\"><\/span><\/h2>\n<p>\u00c8 sempre rassicurante sentire le esperienze degli altri prima di provare qualcosa di nuovo. Molti utenti hanno condiviso le loro recensioni positive su SilentSnore, sottolineandone il comfort e l'efficacia. Ecco cosa hanno detto alcuni di loro:<\/p>\n<h3><span class=\"ez-toc-section\" id=\"John_D\"><\/span>John D.<span class=\"ez-toc-section-end\"><\/span><\/h3>\n<p><strong>Valutazione:<\/strong> 5 stelle<br \/>\n\"Uso SilentSnore da un mese e mia moglie dice che ho smesso di russare. \u00c8 un gioco che cambia le carte in tavola!\".<\/p>\n<h3><span class=\"ez-toc-section\" id=\"Mary_S\"><\/span>Mary S.<span class=\"ez-toc-section-end\"><\/span><\/h3>\n<p><strong>Valutazione:<\/strong> 4 stelle<br \/>\n\"Ci sono volute alcune notti per abituarsi, ma ora dormo molto meglio e il mio russare si \u00e8 drasticamente ridotto\".<\/p>\n<h2><span class=\"ez-toc-section\" id=\"Where_to_Buy_SilentSnore\"><\/span>Dove acquistare SilentSnore<span class=\"ez-toc-section-end\"><\/span><\/h2>\n<p>\u00c8 possibile acquistare SilentSnore direttamente dal sito web ufficiale. La procedura \u00e8 semplice e il dispositivo pu\u00f2 essere consegnato direttamente a casa. Dite addio alle notti agitate e date il benvenuto a un sonno migliore.<\/p>\n<h2><span class=\"ez-toc-section\" id=\"Frequently_Asked_Questions\"><\/span>Domande frequenti<span class=\"ez-toc-section-end\"><\/span><\/h2>\n<h3><span class=\"ez-toc-section\" id=\"Is_SilentSnore_comfortable_to_wear\"><\/span>SilentSnore \u00e8 comodo da indossare?<span class=\"ez-toc-section-end\"><\/span><\/h3>\n<p>S\u00ec, SilentSnore \u00e8 stato progettato tenendo conto del comfort. I materiali utilizzati sono morbidi e il dispositivo si adatta facilmente alla bocca senza causare fastidi, consentendo di indossarlo per ore durante la notte.<\/p>\n<h3><span class=\"ez-toc-section\" id=\"How_long_should_I_wear_SilentSnore_each_night\"><\/span>Per quanto tempo devo indossare SilentSnore ogni notte?<span class=\"ez-toc-section-end\"><\/span><\/h3>\n<p>Per ottenere risultati ottimali, si consiglia di indossare SilentSnore ogni notte mentre si dorme. In questo modo si otterranno risultati costanti e si potr\u00e0 sfruttare al meglio il dispositivo.<\/p>\n<h3><span class=\"ez-toc-section\" id=\"How_quickly_will_I_see_results\"><\/span>In quanto tempo vedr\u00f2 i risultati?<span class=\"ez-toc-section-end\"><\/span><\/h3>\n<p>Molti utenti riferiscono di aver riscontrato miglioramenti gi\u00e0 nelle prime notti di utilizzo. Naturalmente, i risultati possono variare, ma \u00e8 certo che SilentSnore \u00e8 stato progettato per aiutarvi a notare una differenza notevole in un breve periodo.<\/p>","protected":false},"excerpt":{"rendered":"<li>Riduce il russare riposizionando la mascella e la lingua.<\/li>\n<li>Migliora la qualit\u00e0 del sonno sia per l'utente che per il partner.<\/li>\n<li>Comodo e facile da usare ogni notte.<\/li>\n<li>Alternativa economica ai costosi trattamenti per il russamento.<\/li>\n<li>Portatile e comodo per i viaggi.<\/li>","protected":false},"featured_media":1082,"template":"","meta":{"_lmt_disableupdate":"","_lmt_disable":"","_kadence_starter_templates_imported_post":false,"_kad_post_transparent":"default","_kad_post_title":"","_kad_post_layout":"default","_kad_post_sidebar_id":"","_kad_post_content_style":"default","_kad_post_vertical_padding":"default","_kad_post_feature":"","_kad_post_feature_position":"","_kad_post_header":false,"_kad_post_footer":false,"_kad_post_classname":""},"product_brand":[],"product_cat":[16],"product_tag":[],"class_list":{"0":"post-316","1":"product","2":"type-product","3":"status-publish","4":"has-post-thumbnail","6":"product_cat-technology","8":"first","9":"instock","10":"shipping-taxable","11":"product-type-external","12":"entry","13":"content-bg","14":"loop-entry"},"_links":{"self":[{"href":"https:\/\/www.dealexpert.eu\/it\/wp-json\/wp\/v2\/product\/316","targetHints":{"allow":["GET"]}}],"collection":[{"href":"https:\/\/www.dealexpert.eu\/it\/wp-json\/wp\/v2\/product"}],"about":[{"href":"https:\/\/www.dealexpert.eu\/it\/wp-json\/wp\/v2\/types\/product"}],"wp:featuredmedia":[{"embeddable":true,"href":"https:\/\/www.dealexpert.eu\/it\/wp-json\/wp\/v2\/media\/1082"}],"wp:attachment":[{"href":"https:\/\/www.dealexpert.eu\/it\/wp-json\/wp\/v2\/media?parent=316"}],"wp:term":[{"taxonomy":"product_brand","embeddable":true,"href":"https:\/\/www.dealexpert.eu\/it\/wp-json\/wp\/v2\/product_brand?post=316"},{"taxonomy":"product_cat","embeddable":true,"href":"https:\/\/www.dealexpert.eu\/it\/wp-json\/wp\/v2\/product_cat?post=316"},{"taxonomy":"product_tag","embeddable":true,"href":"https:\/\/www.dealexpert.eu\/it\/wp-json\/wp\/v2\/product_tag?post=316"}],"curies":[{"name":"wp","href":"https:\/\/api.w.org\/{rel}","templated":true}]}}