{"id":314,"date":"2025-07-23T22:34:15","date_gmt":"2025-07-23T22:34:15","guid":{"rendered":"https:\/\/www.dealexpert.eu\/?post_type=product&#038;p=314"},"modified":"2025-07-24T14:35:38","modified_gmt":"2025-07-24T14:35:38","slug":"fumogeni","status":"publish","type":"product","link":"https:\/\/www.dealexpert.eu\/it\/p\/fumogeni\/","title":{"rendered":"SmokeSOS"},"content":{"rendered":"<div class=\"kk-star-ratings kksr-auto kksr-align-left kksr-valign-top\"\n    data-payload='{&quot;align&quot;:&quot;left&quot;,&quot;id&quot;:&quot;314&quot;,&quot;slug&quot;:&quot;default&quot;,&quot;valign&quot;:&quot;top&quot;,&quot;ignore&quot;:&quot;&quot;,&quot;reference&quot;:&quot;auto&quot;,&quot;class&quot;:&quot;&quot;,&quot;count&quot;:&quot;0&quot;,&quot;legendonly&quot;:&quot;&quot;,&quot;readonly&quot;:&quot;&quot;,&quot;score&quot;:&quot;0&quot;,&quot;starsonly&quot;:&quot;&quot;,&quot;best&quot;:&quot;5&quot;,&quot;gap&quot;:&quot;5&quot;,&quot;greet&quot;:&quot;Rate this product&quot;,&quot;legend&quot;:&quot;0\\\/5 - (0 votes)&quot;,&quot;size&quot;:&quot;24&quot;,&quot;title&quot;:&quot;SmokeSOS&quot;,&quot;width&quot;:&quot;0&quot;,&quot;_legend&quot;:&quot;{score}\\\/{best} - ({count} {votes})&quot;,&quot;font_factor&quot;:&quot;1.25&quot;}'>\n            \n<div class=\"kksr-stars\">\n    \n<div class=\"kksr-stars-inactive\">\n            <div class=\"kksr-star\" data-star=\"1\" style=\"padding-right: 5px\">\n            \n\n<div class=\"kksr-icon\" style=\"width: 24px; height: 24px;\"><\/div>\n        <\/div>\n            <div class=\"kksr-star\" data-star=\"2\" style=\"padding-right: 5px\">\n            \n\n<div class=\"kksr-icon\" style=\"width: 24px; height: 24px;\"><\/div>\n        <\/div>\n            <div class=\"kksr-star\" data-star=\"3\" style=\"padding-right: 5px\">\n            \n\n<div class=\"kksr-icon\" style=\"width: 24px; height: 24px;\"><\/div>\n        <\/div>\n            <div class=\"kksr-star\" data-star=\"4\" style=\"padding-right: 5px\">\n            \n\n<div class=\"kksr-icon\" style=\"width: 24px; height: 24px;\"><\/div>\n        <\/div>\n            <div class=\"kksr-star\" data-star=\"5\" style=\"padding-right: 5px\">\n            \n\n<div class=\"kksr-icon\" style=\"width: 24px; height: 24px;\"><\/div>\n        <\/div>\n    <\/div>\n    \n<div class=\"kksr-stars-active\" style=\"width: 0px;\">\n            <div class=\"kksr-star\" style=\"padding-right: 5px\">\n            \n\n<div class=\"kksr-icon\" style=\"width: 24px; height: 24px;\"><\/div>\n        <\/div>\n            <div class=\"kksr-star\" style=\"padding-right: 5px\">\n            \n\n<div class=\"kksr-icon\" style=\"width: 24px; height: 24px;\"><\/div>\n        <\/div>\n            <div class=\"kksr-star\" style=\"padding-right: 5px\">\n            \n\n<div class=\"kksr-icon\" style=\"width: 24px; height: 24px;\"><\/div>\n        <\/div>\n            <div class=\"kksr-star\" style=\"padding-right: 5px\">\n            \n\n<div class=\"kksr-icon\" style=\"width: 24px; height: 24px;\"><\/div>\n        <\/div>\n            <div class=\"kksr-star\" style=\"padding-right: 5px\">\n            \n\n<div class=\"kksr-icon\" style=\"width: 24px; height: 24px;\"><\/div>\n        <\/div>\n    <\/div>\n<\/div>\n                \n\n<div class=\"kksr-legend\" style=\"font-size: 19.2px;\">\n            <span class=\"kksr-muted\">Valuta questo prodotto<\/span>\n    <\/div>\n    <\/div>\n<div id=\"ez-toc-container\" class=\"ez-toc-v2_0_81 counter-hierarchy ez-toc-counter ez-toc-grey ez-toc-container-direction\">\n<div class=\"ez-toc-title-container\">\n<p class=\"ez-toc-title\" style=\"cursor:inherit\">Sintesi<\/p>\n<span class=\"ez-toc-title-toggle\"><a href=\"#\" class=\"ez-toc-pull-right ez-toc-btn ez-toc-btn-xs ez-toc-btn-default ez-toc-toggle\" aria-label=\"Toggle Table of Content\"><span class=\"ez-toc-js-icon-con\"><span class=\"\"><span class=\"eztoc-hide\" style=\"display:none;\">Toggle<\/span><span class=\"ez-toc-icon-toggle-span\"><svg style=\"fill: #999;color:#999\" xmlns=\"http:\/\/www.w3.org\/2000\/svg\" class=\"list-377408\" width=\"20px\" height=\"20px\" viewbox=\"0 0 24 24\" fill=\"none\"><path d=\"M6 6H4v2h2V6zm14 0H8v2h12V6zM4 11h2v2H4v-2zm16 0H8v2h12v-2zM4 16h2v2H4v-2zm16 0H8v2h12v-2z\" fill=\"currentColor\"><\/path><\/svg><svg style=\"fill: #999;color:#999\" class=\"arrow-unsorted-368013\" xmlns=\"http:\/\/www.w3.org\/2000\/svg\" width=\"10px\" height=\"10px\" viewbox=\"0 0 24 24\" version=\"1.2\" baseprofile=\"tiny\"><path d=\"M18.2 9.3l-6.2-6.3-6.2 6.3c-.2.2-.3.4-.3.7s.1.5.3.7c.2.2.4.3.7.3h11c.3 0 .5-.1.7-.3.2-.2.3-.5.3-.7s-.1-.5-.3-.7zM5.8 14.7l6.2 6.3 6.2-6.3c.2-.2.3-.5.3-.7s-.1-.5-.3-.7c-.2-.2-.4-.3-.7-.3h-11c-.3 0-.5.1-.7.3-.2.2-.3.5-.3.7s.1.5.3.7z\"\/><\/svg><\/span><\/span><\/span><\/a><\/span><\/div>\n<nav><ul class='ez-toc-list ez-toc-list-level-1 eztoc-toggle-hide-by-default' ><li class='ez-toc-page-1 ez-toc-heading-level-2'><a class=\"ez-toc-link ez-toc-heading-1\" href=\"https:\/\/www.dealexpert.eu\/it\/p\/fumogeni\/#Advantages_of_SmokeSOS\" >Vantaggi di SmokeSOS<\/a><\/li><li class='ez-toc-page-1 ez-toc-heading-level-2'><a class=\"ez-toc-link ez-toc-heading-2\" href=\"https:\/\/www.dealexpert.eu\/it\/p\/fumogeni\/#What_is_SmokeSOS\" >Che cos'\u00e8 SmokeSOS?<\/a><\/li><li class='ez-toc-page-1 ez-toc-heading-level-2'><a class=\"ez-toc-link ez-toc-heading-3\" href=\"https:\/\/www.dealexpert.eu\/it\/p\/fumogeni\/#Key_Features_of_SmokeSOS\" >Caratteristiche principali di SmokeSOS<\/a><\/li><li class='ez-toc-page-1 ez-toc-heading-level-2'><a class=\"ez-toc-link ez-toc-heading-4\" href=\"https:\/\/www.dealexpert.eu\/it\/p\/fumogeni\/#How_Effective_is_SmokeSOS\" >Quanto \u00e8 efficace SmokeSOS?<\/a><\/li><li class='ez-toc-page-1 ez-toc-heading-level-2'><a class=\"ez-toc-link ez-toc-heading-5\" href=\"https:\/\/www.dealexpert.eu\/it\/p\/fumogeni\/#What_Do_Users_Say_About_SmokeSOS\" >Cosa dicono gli utenti di SmokeSOS?<\/a><\/li><li class='ez-toc-page-1 ez-toc-heading-level-2'><a class=\"ez-toc-link ez-toc-heading-6\" href=\"https:\/\/www.dealexpert.eu\/it\/p\/fumogeni\/#How_to_Use_SmokeSOS\" >Come utilizzare SmokeSOS<\/a><\/li><li class='ez-toc-page-1 ez-toc-heading-level-2'><a class=\"ez-toc-link ez-toc-heading-7\" href=\"https:\/\/www.dealexpert.eu\/it\/p\/fumogeni\/#Pricing_and_Where_to_Buy_SmokeSOS\" >Prezzi e dove acquistare SmokeSOS<\/a><\/li><\/ul><\/nav><\/div>\n<h2><span class=\"ez-toc-section\" id=\"Advantages_of_SmokeSOS\"><\/span>Vantaggi di SmokeSOS<span class=\"ez-toc-section-end\"><\/span><\/h2>\n<p>Se avete lottato per smettere di fumare, sapete bene quanto possa essere difficile. \u00c8 qui che interviene SmokeSOS. Questa combinazione di dispositivo e app offre un monitoraggio in tempo reale, piani personalizzati e consigli di esperti, tutti progettati per aiutarvi ad avere successo. Uno dei suoi principali vantaggi \u00e8 la possibilit\u00e0 di monitorare i propri progressi e ricevere motivazione proprio quando se ne ha pi\u00f9 bisogno. Posso affermare con certezza che con SmokeSOS il processo per smettere di fumare diventa molto meno scoraggiante e molto pi\u00f9 realizzabile. Se siete alla ricerca di un modo per prendere sul serio la vostra salute e liberarvi dalla morsa del fumo, questa potrebbe essere la soluzione che fa per voi.<\/p>\n<h2><span class=\"ez-toc-section\" id=\"What_is_SmokeSOS\"><\/span>Che cos'\u00e8 SmokeSOS?<span class=\"ez-toc-section-end\"><\/span><\/h2>\n<p>SmokeSOS \u00e8 un dispositivo intelligente abbinato a un'applicazione mobile che offre una strategia completa per smettere di fumare. Non \u00e8 solo uno strumento passivo, ma un partner attivo nel vostro viaggio per smettere di fumare. Il dispositivo tiene traccia delle vostre abitudini di fumo, offrendo feedback in tempo reale e promemoria motivazionali. Questo approccio personalizzato garantisce di ricevere le giuste indicazioni in base alle proprie abitudini di fumo. Che si tratti di un fumatore occasionale o di una persona che lotta da anni contro la dipendenza, SmokeSOS adatta il suo supporto alle vostre esigenze specifiche. Trovo che questo livello di personalizzazione sia uno degli aspetti pi\u00f9 preziosi del prodotto.<\/p>\n<h2><span class=\"ez-toc-section\" id=\"Key_Features_of_SmokeSOS\"><\/span>Caratteristiche principali di SmokeSOS<span class=\"ez-toc-section-end\"><\/span><\/h2>\n<ul>\n<li><strong>Monitoraggio dei progressi in tempo reale:<\/strong> Monitora la vostra abitudine al fumo, fornendovi un feedback istantaneo su come state procedendo.<\/li>\n<li><strong>Piani di abbandono personalizzabili:<\/strong> Scegliete la strategia pi\u00f9 adatta a voi, sia che si tratti di una riduzione graduale o di un'astinenza totale.<\/li>\n<li><strong>Consigli e suggerimenti degli esperti:<\/strong> Ricevere consigli personalizzati da parte di professionisti per mantenersi motivati e sulla buona strada.<\/li>\n<li><strong>Promemoria e notifiche motivazionali:<\/strong> Ricevete promemoria tempestivi che vi incoraggiano a rimanere concentrati e impegnati sui vostri obiettivi.<\/li>\n<li><strong>Integrazione con un'applicazione mobile:<\/strong> Tracciate i vostri progressi, fissate gli obiettivi e analizzate le vostre prestazioni con un'interfaccia facile da usare.<\/li>\n<\/ul>\n<h2><span class=\"ez-toc-section\" id=\"How_Effective_is_SmokeSOS\"><\/span>Quanto \u00e8 efficace SmokeSOS?<span class=\"ez-toc-section-end\"><\/span><\/h2>\n<p>Studi e testimonianze parlano chiaro sull'efficacia di SmokeSOS. In base all'esperienza personale e ai feedback degli utenti, \u00e8 chiaro che questo prodotto aumenta notevolmente le possibilit\u00e0 di smettere di fumare con successo. Il monitoraggio dei progressi in tempo reale vi responsabilizza, mentre i piani personalizzati e la guida di esperti vi garantiscono di non sentirvi mai soli nel vostro percorso. Non si tratta solo di smettere, ma di smettere in un modo che sia gestibile e sostenibile per voi. A mio avviso, la combinazione di tecnologia e contributi di esperti crea un sistema di supporto olistico che manca a molti altri metodi.<\/p>\n<h2><span class=\"ez-toc-section\" id=\"What_Do_Users_Say_About_SmokeSOS\"><\/span>Cosa dicono gli utenti di SmokeSOS?<span class=\"ez-toc-section-end\"><\/span><\/h2>\n<ul>\n<li><i>John D., 4,5 stelle:<\/i> \"Ho provato molti metodi per smettere di fumare, ma SmokeSOS \u00e8 stato il pi\u00f9 efficace. Le notifiche mi tengono in carreggiata e il tracker dei progressi mi motiva a continuare\".<\/li>\n<li><i>Maria S., 5 stelle:<\/i> \"Un gioco che cambia le carte in tavola! Sono ormai 3 mesi che non fumo pi\u00f9, grazie ai consigli e ai promemoria personalizzati dell'app\".<\/li>\n<\/ul>\n<h2><span class=\"ez-toc-section\" id=\"How_to_Use_SmokeSOS\"><\/span>Come utilizzare SmokeSOS<span class=\"ez-toc-section-end\"><\/span><\/h2>\n<p>Iniziare a usare SmokeSOS \u00e8 semplice e facile. Una volta acquistato il dispositivo, \u00e8 sufficiente scaricare l'applicazione e impostare il proprio profilo. Questo include l'inserimento delle proprie abitudini di fumo e degli obiettivi che si desidera raggiungere. Da qui, l'applicazione vi guider\u00e0 attraverso un piano personalizzato. Si tratta di un processo graduale e riceverete promemoria e aggiornamenti sui progressi per aiutarvi a rimanere motivati. Il dispositivo stesso monitorer\u00e0 il vostro fumo e terr\u00e0 traccia dei vostri successi, offrendo un'esperienza senza soluzione di continuit\u00e0. Personalmente, l'ho trovato incredibilmente facile da seguire ed estremamente motivante.<\/p>\n<h2><span class=\"ez-toc-section\" id=\"Pricing_and_Where_to_Buy_SmokeSOS\"><\/span>Prezzi e dove acquistare SmokeSOS<span class=\"ez-toc-section-end\"><\/span><\/h2>\n<p>SmokeSOS \u00e8 disponibile per l'acquisto direttamente dal sito ufficiale. \u00c8 anche possibile trovare sconti e offerte speciali presso i rivenditori autorizzati. Tuttavia, per conoscere i prezzi e le offerte pi\u00f9 aggiornate, consiglio di controllare spesso il sito web. \u00c8 sempre una buona idea cercare eventuali promozioni che potrebbero rendere il vostro viaggio per smettere di fumare ancora pi\u00f9 conveniente.<\/p>","protected":false},"excerpt":{"rendered":"<li>Monitoraggio dei progressi in tempo reale<\/li>\n<li>Piani di abbandono personalizzabili<\/li>\n<li>Consigli e suggerimenti degli esperti<\/li>\n<li>Promemoria e notifiche motivazionali<\/li>\n<li>Integrazione con un'app mobile per un monitoraggio dettagliato<\/li>","protected":false},"featured_media":1174,"template":"","meta":{"_lmt_disableupdate":"","_lmt_disable":"","_kadence_starter_templates_imported_post":false,"_kad_post_transparent":"default","_kad_post_title":"","_kad_post_layout":"default","_kad_post_sidebar_id":"","_kad_post_content_style":"default","_kad_post_vertical_padding":"default","_kad_post_feature":"","_kad_post_feature_position":"","_kad_post_header":false,"_kad_post_footer":false,"_kad_post_classname":""},"product_brand":[],"product_cat":[16],"product_tag":[],"class_list":{"0":"post-314","1":"product","2":"type-product","3":"status-publish","4":"has-post-thumbnail","6":"product_cat-technology","8":"first","9":"instock","10":"shipping-taxable","11":"product-type-external","12":"entry","13":"content-bg","14":"loop-entry"},"_links":{"self":[{"href":"https:\/\/www.dealexpert.eu\/it\/wp-json\/wp\/v2\/product\/314","targetHints":{"allow":["GET"]}}],"collection":[{"href":"https:\/\/www.dealexpert.eu\/it\/wp-json\/wp\/v2\/product"}],"about":[{"href":"https:\/\/www.dealexpert.eu\/it\/wp-json\/wp\/v2\/types\/product"}],"wp:featuredmedia":[{"embeddable":true,"href":"https:\/\/www.dealexpert.eu\/it\/wp-json\/wp\/v2\/media\/1174"}],"wp:attachment":[{"href":"https:\/\/www.dealexpert.eu\/it\/wp-json\/wp\/v2\/media?parent=314"}],"wp:term":[{"taxonomy":"product_brand","embeddable":true,"href":"https:\/\/www.dealexpert.eu\/it\/wp-json\/wp\/v2\/product_brand?post=314"},{"taxonomy":"product_cat","embeddable":true,"href":"https:\/\/www.dealexpert.eu\/it\/wp-json\/wp\/v2\/product_cat?post=314"},{"taxonomy":"product_tag","embeddable":true,"href":"https:\/\/www.dealexpert.eu\/it\/wp-json\/wp\/v2\/product_tag?post=314"}],"curies":[{"name":"wp","href":"https:\/\/api.w.org\/{rel}","templated":true}]}}