{"id":312,"date":"2025-07-23T22:19:44","date_gmt":"2025-07-23T22:19:44","guid":{"rendered":"https:\/\/www.dealexpert.eu\/?post_type=product&#038;p=312"},"modified":"2025-07-24T14:35:38","modified_gmt":"2025-07-24T14:35:38","slug":"ergorelax","status":"publish","type":"product","link":"https:\/\/www.dealexpert.eu\/it\/p\/ergorelax\/","title":{"rendered":"ErgoRelax"},"content":{"rendered":"<div class=\"kk-star-ratings kksr-auto kksr-align-left kksr-valign-top\"\n    data-payload='{&quot;align&quot;:&quot;left&quot;,&quot;id&quot;:&quot;312&quot;,&quot;slug&quot;:&quot;default&quot;,&quot;valign&quot;:&quot;top&quot;,&quot;ignore&quot;:&quot;&quot;,&quot;reference&quot;:&quot;auto&quot;,&quot;class&quot;:&quot;&quot;,&quot;count&quot;:&quot;0&quot;,&quot;legendonly&quot;:&quot;&quot;,&quot;readonly&quot;:&quot;&quot;,&quot;score&quot;:&quot;0&quot;,&quot;starsonly&quot;:&quot;&quot;,&quot;best&quot;:&quot;5&quot;,&quot;gap&quot;:&quot;5&quot;,&quot;greet&quot;:&quot;Rate this product&quot;,&quot;legend&quot;:&quot;0\\\/5 - (0 votes)&quot;,&quot;size&quot;:&quot;24&quot;,&quot;title&quot;:&quot;ErgoRelax&quot;,&quot;width&quot;:&quot;0&quot;,&quot;_legend&quot;:&quot;{score}\\\/{best} - ({count} {votes})&quot;,&quot;font_factor&quot;:&quot;1.25&quot;}'>\n            \n<div class=\"kksr-stars\">\n    \n<div class=\"kksr-stars-inactive\">\n            <div class=\"kksr-star\" data-star=\"1\" style=\"padding-right: 5px\">\n            \n\n<div class=\"kksr-icon\" style=\"width: 24px; height: 24px;\"><\/div>\n        <\/div>\n            <div class=\"kksr-star\" data-star=\"2\" style=\"padding-right: 5px\">\n            \n\n<div class=\"kksr-icon\" style=\"width: 24px; height: 24px;\"><\/div>\n        <\/div>\n            <div class=\"kksr-star\" data-star=\"3\" style=\"padding-right: 5px\">\n            \n\n<div class=\"kksr-icon\" style=\"width: 24px; height: 24px;\"><\/div>\n        <\/div>\n            <div class=\"kksr-star\" data-star=\"4\" style=\"padding-right: 5px\">\n            \n\n<div class=\"kksr-icon\" style=\"width: 24px; height: 24px;\"><\/div>\n        <\/div>\n            <div class=\"kksr-star\" data-star=\"5\" style=\"padding-right: 5px\">\n            \n\n<div class=\"kksr-icon\" style=\"width: 24px; height: 24px;\"><\/div>\n        <\/div>\n    <\/div>\n    \n<div class=\"kksr-stars-active\" style=\"width: 0px;\">\n            <div class=\"kksr-star\" style=\"padding-right: 5px\">\n            \n\n<div class=\"kksr-icon\" style=\"width: 24px; height: 24px;\"><\/div>\n        <\/div>\n            <div class=\"kksr-star\" style=\"padding-right: 5px\">\n            \n\n<div class=\"kksr-icon\" style=\"width: 24px; height: 24px;\"><\/div>\n        <\/div>\n            <div class=\"kksr-star\" style=\"padding-right: 5px\">\n            \n\n<div class=\"kksr-icon\" style=\"width: 24px; height: 24px;\"><\/div>\n        <\/div>\n            <div class=\"kksr-star\" style=\"padding-right: 5px\">\n            \n\n<div class=\"kksr-icon\" style=\"width: 24px; height: 24px;\"><\/div>\n        <\/div>\n            <div class=\"kksr-star\" style=\"padding-right: 5px\">\n            \n\n<div class=\"kksr-icon\" style=\"width: 24px; height: 24px;\"><\/div>\n        <\/div>\n    <\/div>\n<\/div>\n                \n\n<div class=\"kksr-legend\" style=\"font-size: 19.2px;\">\n            <span class=\"kksr-muted\">Valuta questo prodotto<\/span>\n    <\/div>\n    <\/div>\n<div id=\"ez-toc-container\" class=\"ez-toc-v2_0_81 counter-hierarchy ez-toc-counter ez-toc-grey ez-toc-container-direction\">\n<div class=\"ez-toc-title-container\">\n<p class=\"ez-toc-title\" style=\"cursor:inherit\">Sintesi<\/p>\n<span class=\"ez-toc-title-toggle\"><a href=\"#\" class=\"ez-toc-pull-right ez-toc-btn ez-toc-btn-xs ez-toc-btn-default ez-toc-toggle\" aria-label=\"Toggle Table of Content\"><span class=\"ez-toc-js-icon-con\"><span class=\"\"><span class=\"eztoc-hide\" style=\"display:none;\">Toggle<\/span><span class=\"ez-toc-icon-toggle-span\"><svg style=\"fill: #999;color:#999\" xmlns=\"http:\/\/www.w3.org\/2000\/svg\" class=\"list-377408\" width=\"20px\" height=\"20px\" viewbox=\"0 0 24 24\" fill=\"none\"><path d=\"M6 6H4v2h2V6zm14 0H8v2h12V6zM4 11h2v2H4v-2zm16 0H8v2h12v-2zM4 16h2v2H4v-2zm16 0H8v2h12v-2z\" fill=\"currentColor\"><\/path><\/svg><svg style=\"fill: #999;color:#999\" class=\"arrow-unsorted-368013\" xmlns=\"http:\/\/www.w3.org\/2000\/svg\" width=\"10px\" height=\"10px\" viewbox=\"0 0 24 24\" version=\"1.2\" baseprofile=\"tiny\"><path d=\"M18.2 9.3l-6.2-6.3-6.2 6.3c-.2.2-.3.4-.3.7s.1.5.3.7c.2.2.4.3.7.3h11c.3 0 .5-.1.7-.3.2-.2.3-.5.3-.7s-.1-.5-.3-.7zM5.8 14.7l6.2 6.3 6.2-6.3c.2-.2.3-.5.3-.7s-.1-.5-.3-.7c-.2-.2-.4-.3-.7-.3h-11c-.3 0-.5.1-.7.3-.2.2-.3.5-.3.7s.1.5.3.7z\"\/><\/svg><\/span><\/span><\/span><\/a><\/span><\/div>\n<nav><ul class='ez-toc-list ez-toc-list-level-1 eztoc-toggle-hide-by-default' ><li class='ez-toc-page-1 ez-toc-heading-level-2'><a class=\"ez-toc-link ez-toc-heading-1\" href=\"https:\/\/www.dealexpert.eu\/it\/p\/ergorelax\/#Key_Benefits_of_ErgoRelax\" >Vantaggi principali di ErgoRelax<\/a><\/li><li class='ez-toc-page-1 ez-toc-heading-level-2'><a class=\"ez-toc-link ez-toc-heading-2\" href=\"https:\/\/www.dealexpert.eu\/it\/p\/ergorelax\/#How_Does_ErgoRelax_Work\" >Come funziona ErgoRelax?<\/a><\/li><li class='ez-toc-page-1 ez-toc-heading-level-2'><a class=\"ez-toc-link ez-toc-heading-3\" href=\"https:\/\/www.dealexpert.eu\/it\/p\/ergorelax\/#User_Reviews_and_Testimonials\" >Recensioni e testimonianze degli utenti<\/a><ul class='ez-toc-list-level-3' ><li class='ez-toc-heading-level-3'><a class=\"ez-toc-link ez-toc-heading-4\" href=\"https:\/\/www.dealexpert.eu\/it\/p\/ergorelax\/#Sarah_T\" >Sarah T.<\/a><\/li><li class='ez-toc-page-1 ez-toc-heading-level-3'><a class=\"ez-toc-link ez-toc-heading-5\" href=\"https:\/\/www.dealexpert.eu\/it\/p\/ergorelax\/#James_L\" >James L.<\/a><\/li><\/ul><\/li><li class='ez-toc-page-1 ez-toc-heading-level-2'><a class=\"ez-toc-link ez-toc-heading-6\" href=\"https:\/\/www.dealexpert.eu\/it\/p\/ergorelax\/#Where_to_Buy_ErgoRelax\" >Dove acquistare ErgoRelax<\/a><\/li><li class='ez-toc-page-1 ez-toc-heading-level-2'><a class=\"ez-toc-link ez-toc-heading-7\" href=\"https:\/\/www.dealexpert.eu\/it\/p\/ergorelax\/#Pricing_and_Offers\" >Prezzi e offerte<\/a><\/li><li class='ez-toc-page-1 ez-toc-heading-level-2'><a class=\"ez-toc-link ez-toc-heading-8\" href=\"https:\/\/www.dealexpert.eu\/it\/p\/ergorelax\/#Frequently_Asked_Questions\" >Domande frequenti<\/a><ul class='ez-toc-list-level-3' ><li class='ez-toc-heading-level-3'><a class=\"ez-toc-link ez-toc-heading-9\" href=\"https:\/\/www.dealexpert.eu\/it\/p\/ergorelax\/#How_often_should_I_use_the_ErgoRelax\" >Con quale frequenza devo usare ErgoRelax?<\/a><\/li><li class='ez-toc-page-1 ez-toc-heading-level-3'><a class=\"ez-toc-link ez-toc-heading-10\" href=\"https:\/\/www.dealexpert.eu\/it\/p\/ergorelax\/#Can_I_use_ErgoRelax_while_traveling\" >Posso usare ErgoRelax in viaggio?<\/a><\/li><li class='ez-toc-page-1 ez-toc-heading-level-3'><a class=\"ez-toc-link ez-toc-heading-11\" href=\"https:\/\/www.dealexpert.eu\/it\/p\/ergorelax\/#Is_there_a_warranty_for_ErgoRelax\" >Esiste una garanzia per ErgoRelax?<\/a><\/li><\/ul><\/li><\/ul><\/nav><\/div>\n<h2><span class=\"ez-toc-section\" id=\"Key_Benefits_of_ErgoRelax\"><\/span>Vantaggi principali di ErgoRelax<span class=\"ez-toc-section-end\"><\/span><\/h2>\n<p>Se state cercando un modo per ridurre lo stress, migliorare il comfort e rilassarvi dopo una lunga giornata, ErgoRelax \u00e8 davvero una scelta eccezionale. Vi illustro i vantaggi che offre e che hanno fatto la differenza nella mia routine. Sia che passiate le vostre giornate lavorando a lungo alla scrivania, sia che abbiate semplicemente bisogno di rilassarvi dopo aver fatto delle commissioni, questo dispositivo ha qualcosa per tutti. Ecco perch\u00e9 penso che lo troverete indispensabile:<\/p>\n<ul>\n<li><strong>Alleviare lo stress in modo mirato:<\/strong> Il dispositivo agisce sulla tensione muscolare, in particolare nelle zone che tendono ad accumulare pi\u00f9 stress, come il collo e le spalle.<\/li>\n<li><strong>Migliora la circolazione:<\/strong> Il suo uso regolare favorisce una migliore circolazione sanguigna, essenziale per la salute e il benessere generale.<\/li>\n<li><strong>Comfort personalizzabile:<\/strong> Grazie alle impostazioni regolabili, \u00e8 possibile personalizzare l'intensit\u00e0, assicurandosi che il dispositivo si adatti alle proprie preferenze.<\/li>\n<li><strong>Portabilit\u00e0:<\/strong> Compatto e facile da trasportare, \u00e8 perfetto per l'uso a casa, in ufficio o anche in viaggio.<\/li>\n<li><strong>Design ergonomico:<\/strong> Il design massimizza il comfort durante l'uso, in modo che possiate rilassarvi senza preoccuparvi di affaticarvi.<\/li>\n<\/ul>\n<h2><span class=\"ez-toc-section\" id=\"How_Does_ErgoRelax_Work\"><\/span>Come funziona ErgoRelax?<span class=\"ez-toc-section-end\"><\/span><\/h2>\n<p>Il cuore di ErgoRelax \u00e8 una miscela di tecnologia moderna e design accurato. Applica una combinazione delicata ma efficace di vibrazioni, calore e contorni ergonomici alle aree chiave del corpo. Personalmente, amo il modo in cui il dispositivo imita un massaggio professionale, permettendomi di godere dei benefici del relax nel comfort del mio spazio. Il dispositivo si rivolge al collo, alle spalle e alla schiena, le aree che spesso presentano le maggiori tensioni.<\/p>\n<p>Le funzioni di pressione e calore combinate aiutano ad alleviare il disagio e a migliorare la circolazione sanguigna. Sia che lo usi dopo una giornata stressante o per una pausa veloce nel bel mezzo del lavoro, ErgoRelax riesce sempre a rilassare i muscoli e a calmare la mente.<\/p>\n<h2><span class=\"ez-toc-section\" id=\"User_Reviews_and_Testimonials\"><\/span>Recensioni e testimonianze degli utenti<span class=\"ez-toc-section-end\"><\/span><\/h2>\n<p>Diamo un'occhiata a ci\u00f2 che altri utenti hanno da dire sull'ErgoRelax:<\/p>\n<h3><span class=\"ez-toc-section\" id=\"Sarah_T\"><\/span>Sarah T.<span class=\"ez-toc-section-end\"><\/span><\/h3>\n<p><i>\"Uso ErgoRelax da qualche settimana e sento un'enorme differenza nei miei livelli di stress. \u00c8 cos\u00ec facile da usare e mi aiuta davvero a rilassarmi dopo una lunga giornata di lavoro\".<\/i><\/p>\n<h3><span class=\"ez-toc-section\" id=\"James_L\"><\/span>James L.<span class=\"ez-toc-section-end\"><\/span><\/h3>\n<p><i>\"Come persona che trascorre molto tempo alla scrivania, questo dispositivo mi ha salvato la vita. Il massaggio mirato e le funzioni di calore mi aiutano davvero a sciogliere le tensioni del collo e delle spalle\".<\/i><\/p>\n<h2><span class=\"ez-toc-section\" id=\"Where_to_Buy_ErgoRelax\"><\/span>Dove acquistare ErgoRelax<span class=\"ez-toc-section-end\"><\/span><\/h2>\n<p>Se siete convinti, \u00e8 facile acquistare ErgoRelax sul sito ufficiale di Neotechix. Potrete farvelo consegnare direttamente a casa, facendo un passo avanti verso il massimo relax. Vi consiglio di agire in fretta, perch\u00e9 Neotechix offre occasionalmente offerte speciali o sconti per i primi acquirenti, che potrebbero rendere l'acquisto ancora pi\u00f9 conveniente.<\/p>\n<h2><span class=\"ez-toc-section\" id=\"Pricing_and_Offers\"><\/span>Prezzi e offerte<span class=\"ez-toc-section-end\"><\/span><\/h2>\n<p>L'ErgoRelax ha un prezzo ragionevole per le sue caratteristiche di alta qualit\u00e0. Inoltre, Neotechix offre spesso varie promozioni, quindi tenete d'occhio il sito web per potenziali sconti o offerte di pacchetti. Vale la pena di verificare queste offerte per rendere il vostro investimento ancora pi\u00f9 vantaggioso.<\/p>\n<h2><span class=\"ez-toc-section\" id=\"Frequently_Asked_Questions\"><\/span>Domande frequenti<span class=\"ez-toc-section-end\"><\/span><\/h2>\n<h3><span class=\"ez-toc-section\" id=\"How_often_should_I_use_the_ErgoRelax\"><\/span>Con quale frequenza devo usare ErgoRelax?<span class=\"ez-toc-section-end\"><\/span><\/h3>\n<p>Per ottenere risultati ottimali, consiglio di utilizzare ErgoRelax per 15-20 minuti al giorno, a seconda della quantit\u00e0 di rilassamento necessaria in quel momento.<\/p>\n<h3><span class=\"ez-toc-section\" id=\"Can_I_use_ErgoRelax_while_traveling\"><\/span>Posso usare ErgoRelax in viaggio?<span class=\"ez-toc-section-end\"><\/span><\/h3>\n<p>S\u00ec! Il design compatto e portatile lo rende un'opzione fantastica per i viaggi. Si pu\u00f2 usare alla scrivania, in aereo o in albergo, ovunque si abbia bisogno di un po' di relax.<\/p>\n<h3><span class=\"ez-toc-section\" id=\"Is_there_a_warranty_for_ErgoRelax\"><\/span>Esiste una garanzia per ErgoRelax?<span class=\"ez-toc-section-end\"><\/span><\/h3>\n<p>S\u00ec, ErgoRelax \u00e8 dotato di una garanzia di un anno che copre eventuali difetti di fabbricazione. Questa garanzia aggiunge un ulteriore livello di sicurezza all'acquisto.<\/p>\n<p>ErgoRelax porta il comfort e il relax a un nuovo livello. \u00c8 pi\u00f9 di un semplice dispositivo: \u00e8 un piccolo investimento per il vostro benessere. Grazie al suo impressionante design ergonomico e alle sue funzioni personalizzabili, ha il potenziale per diventare una parte essenziale della vostra routine quotidiana.<\/p>","protected":false},"excerpt":{"rendered":"<li>Design ergonomico per il massimo comfort ed efficacia.<\/li>\n<li>Portatile e compatto per un facile utilizzo a casa, in ufficio o in viaggio.<\/li>\n<li>Impostazioni regolabili per un comfort e un relax personalizzati.<\/li>\n<li>Utilizza una combinazione di vibrazioni e calore per alleviare efficacemente lo stress.<\/li>\n<li>Aiuta a migliorare la circolazione e a ridurre la tensione muscolare per una migliore salute generale.<\/li>","protected":false},"featured_media":1217,"template":"","meta":{"_lmt_disableupdate":"","_lmt_disable":"","_kadence_starter_templates_imported_post":false,"_kad_post_transparent":"default","_kad_post_title":"","_kad_post_layout":"default","_kad_post_sidebar_id":"","_kad_post_content_style":"default","_kad_post_vertical_padding":"default","_kad_post_feature":"","_kad_post_feature_position":"","_kad_post_header":false,"_kad_post_footer":false,"_kad_post_classname":""},"product_brand":[],"product_cat":[16],"product_tag":[],"class_list":{"0":"post-312","1":"product","2":"type-product","3":"status-publish","4":"has-post-thumbnail","6":"product_cat-technology","8":"first","9":"instock","10":"shipping-taxable","11":"product-type-external","12":"entry","13":"content-bg","14":"loop-entry"},"_links":{"self":[{"href":"https:\/\/www.dealexpert.eu\/it\/wp-json\/wp\/v2\/product\/312","targetHints":{"allow":["GET"]}}],"collection":[{"href":"https:\/\/www.dealexpert.eu\/it\/wp-json\/wp\/v2\/product"}],"about":[{"href":"https:\/\/www.dealexpert.eu\/it\/wp-json\/wp\/v2\/types\/product"}],"wp:featuredmedia":[{"embeddable":true,"href":"https:\/\/www.dealexpert.eu\/it\/wp-json\/wp\/v2\/media\/1217"}],"wp:attachment":[{"href":"https:\/\/www.dealexpert.eu\/it\/wp-json\/wp\/v2\/media?parent=312"}],"wp:term":[{"taxonomy":"product_brand","embeddable":true,"href":"https:\/\/www.dealexpert.eu\/it\/wp-json\/wp\/v2\/product_brand?post=312"},{"taxonomy":"product_cat","embeddable":true,"href":"https:\/\/www.dealexpert.eu\/it\/wp-json\/wp\/v2\/product_cat?post=312"},{"taxonomy":"product_tag","embeddable":true,"href":"https:\/\/www.dealexpert.eu\/it\/wp-json\/wp\/v2\/product_tag?post=312"}],"curies":[{"name":"wp","href":"https:\/\/api.w.org\/{rel}","templated":true}]}}