{"id":310,"date":"2025-07-23T22:09:41","date_gmt":"2025-07-23T22:09:41","guid":{"rendered":"https:\/\/www.dealexpert.eu\/?post_type=product&#038;p=310"},"modified":"2025-07-24T14:47:14","modified_gmt":"2025-07-24T14:47:14","slug":"soundpro-spor","status":"publish","type":"product","link":"https:\/\/www.dealexpert.eu\/it\/p\/soundpro-spor\/","title":{"rendered":"SoundPRO Spor"},"content":{"rendered":"<div class=\"kk-star-ratings kksr-auto kksr-align-left kksr-valign-top\"\n    data-payload='{&quot;align&quot;:&quot;left&quot;,&quot;id&quot;:&quot;310&quot;,&quot;slug&quot;:&quot;default&quot;,&quot;valign&quot;:&quot;top&quot;,&quot;ignore&quot;:&quot;&quot;,&quot;reference&quot;:&quot;auto&quot;,&quot;class&quot;:&quot;&quot;,&quot;count&quot;:&quot;0&quot;,&quot;legendonly&quot;:&quot;&quot;,&quot;readonly&quot;:&quot;&quot;,&quot;score&quot;:&quot;0&quot;,&quot;starsonly&quot;:&quot;&quot;,&quot;best&quot;:&quot;5&quot;,&quot;gap&quot;:&quot;5&quot;,&quot;greet&quot;:&quot;Rate this product&quot;,&quot;legend&quot;:&quot;0\\\/5 - (0 votes)&quot;,&quot;size&quot;:&quot;24&quot;,&quot;title&quot;:&quot;SoundPRO Spor&quot;,&quot;width&quot;:&quot;0&quot;,&quot;_legend&quot;:&quot;{score}\\\/{best} - ({count} {votes})&quot;,&quot;font_factor&quot;:&quot;1.25&quot;}'>\n            \n<div class=\"kksr-stars\">\n    \n<div class=\"kksr-stars-inactive\">\n            <div class=\"kksr-star\" data-star=\"1\" style=\"padding-right: 5px\">\n            \n\n<div class=\"kksr-icon\" style=\"width: 24px; height: 24px;\"><\/div>\n        <\/div>\n            <div class=\"kksr-star\" data-star=\"2\" style=\"padding-right: 5px\">\n            \n\n<div class=\"kksr-icon\" style=\"width: 24px; height: 24px;\"><\/div>\n        <\/div>\n            <div class=\"kksr-star\" data-star=\"3\" style=\"padding-right: 5px\">\n            \n\n<div class=\"kksr-icon\" style=\"width: 24px; height: 24px;\"><\/div>\n        <\/div>\n            <div class=\"kksr-star\" data-star=\"4\" style=\"padding-right: 5px\">\n            \n\n<div class=\"kksr-icon\" style=\"width: 24px; height: 24px;\"><\/div>\n        <\/div>\n            <div class=\"kksr-star\" data-star=\"5\" style=\"padding-right: 5px\">\n            \n\n<div class=\"kksr-icon\" style=\"width: 24px; height: 24px;\"><\/div>\n        <\/div>\n    <\/div>\n    \n<div class=\"kksr-stars-active\" style=\"width: 0px;\">\n            <div class=\"kksr-star\" style=\"padding-right: 5px\">\n            \n\n<div class=\"kksr-icon\" style=\"width: 24px; height: 24px;\"><\/div>\n        <\/div>\n            <div class=\"kksr-star\" style=\"padding-right: 5px\">\n            \n\n<div class=\"kksr-icon\" style=\"width: 24px; height: 24px;\"><\/div>\n        <\/div>\n            <div class=\"kksr-star\" style=\"padding-right: 5px\">\n            \n\n<div class=\"kksr-icon\" style=\"width: 24px; height: 24px;\"><\/div>\n        <\/div>\n            <div class=\"kksr-star\" style=\"padding-right: 5px\">\n            \n\n<div class=\"kksr-icon\" style=\"width: 24px; height: 24px;\"><\/div>\n        <\/div>\n            <div class=\"kksr-star\" style=\"padding-right: 5px\">\n            \n\n<div class=\"kksr-icon\" style=\"width: 24px; height: 24px;\"><\/div>\n        <\/div>\n    <\/div>\n<\/div>\n                \n\n<div class=\"kksr-legend\" style=\"font-size: 19.2px;\">\n            <span class=\"kksr-muted\">Valuta questo prodotto<\/span>\n    <\/div>\n    <\/div>\n<div id=\"ez-toc-container\" class=\"ez-toc-v2_0_81 counter-hierarchy ez-toc-counter ez-toc-grey ez-toc-container-direction\">\n<div class=\"ez-toc-title-container\">\n<p class=\"ez-toc-title\" style=\"cursor:inherit\">Sintesi<\/p>\n<span class=\"ez-toc-title-toggle\"><a href=\"#\" class=\"ez-toc-pull-right ez-toc-btn ez-toc-btn-xs ez-toc-btn-default ez-toc-toggle\" aria-label=\"Toggle Table of Content\"><span class=\"ez-toc-js-icon-con\"><span class=\"\"><span class=\"eztoc-hide\" style=\"display:none;\">Toggle<\/span><span class=\"ez-toc-icon-toggle-span\"><svg style=\"fill: #999;color:#999\" xmlns=\"http:\/\/www.w3.org\/2000\/svg\" class=\"list-377408\" width=\"20px\" height=\"20px\" viewbox=\"0 0 24 24\" fill=\"none\"><path d=\"M6 6H4v2h2V6zm14 0H8v2h12V6zM4 11h2v2H4v-2zm16 0H8v2h12v-2zM4 16h2v2H4v-2zm16 0H8v2h12v-2z\" fill=\"currentColor\"><\/path><\/svg><svg style=\"fill: #999;color:#999\" class=\"arrow-unsorted-368013\" xmlns=\"http:\/\/www.w3.org\/2000\/svg\" width=\"10px\" height=\"10px\" viewbox=\"0 0 24 24\" version=\"1.2\" baseprofile=\"tiny\"><path d=\"M18.2 9.3l-6.2-6.3-6.2 6.3c-.2.2-.3.4-.3.7s.1.5.3.7c.2.2.4.3.7.3h11c.3 0 .5-.1.7-.3.2-.2.3-.5.3-.7s-.1-.5-.3-.7zM5.8 14.7l6.2 6.3 6.2-6.3c.2-.2.3-.5.3-.7s-.1-.5-.3-.7c-.2-.2-.4-.3-.7-.3h-11c-.3 0-.5.1-.7.3-.2.2-.3.5-.3.7s.1.5.3.7z\"\/><\/svg><\/span><\/span><\/span><\/a><\/span><\/div>\n<nav><ul class='ez-toc-list ez-toc-list-level-1 eztoc-toggle-hide-by-default' ><li class='ez-toc-page-1 ez-toc-heading-level-2'><a class=\"ez-toc-link ez-toc-heading-1\" href=\"https:\/\/www.dealexpert.eu\/it\/p\/soundpro-spor\/#What_is_SoundPRO_Spor\" >Che cos'\u00e8 SoundPRO Spor?<\/a><\/li><li class='ez-toc-page-1 ez-toc-heading-level-2'><a class=\"ez-toc-link ez-toc-heading-2\" href=\"https:\/\/www.dealexpert.eu\/it\/p\/soundpro-spor\/#Why_choose_SoundPRO_Spor\" >Perch\u00e9 scegliere SoundPRO Spor?<\/a><\/li><li class='ez-toc-page-1 ez-toc-heading-level-2'><a class=\"ez-toc-link ez-toc-heading-3\" href=\"https:\/\/www.dealexpert.eu\/it\/p\/soundpro-spor\/#Key_features_of_SoundPRO_Spor\" >Caratteristiche principali di SoundPRO Spor<\/a><\/li><li class='ez-toc-page-1 ez-toc-heading-level-2'><a class=\"ez-toc-link ez-toc-heading-4\" href=\"https:\/\/www.dealexpert.eu\/it\/p\/soundpro-spor\/#Why_SoundPRO_Spor_is_essential_for_athletes\" >Perch\u00e9 SoundPRO Spor \u00e8 essenziale per gli atleti<\/a><\/li><li class='ez-toc-page-1 ez-toc-heading-level-2'><a class=\"ez-toc-link ez-toc-heading-5\" href=\"https:\/\/www.dealexpert.eu\/it\/p\/soundpro-spor\/#Where_to_buy_SoundPRO_Spor\" >Dove acquistare SoundPRO Spor<\/a><\/li><li class='ez-toc-page-1 ez-toc-heading-level-2'><a class=\"ez-toc-link ez-toc-heading-6\" href=\"https:\/\/www.dealexpert.eu\/it\/p\/soundpro-spor\/#What_users_are_saying_about_SoundPRO_Spor\" >Cosa dicono gli utenti di SoundPRO Spor<\/a><\/li><li class='ez-toc-page-1 ez-toc-heading-level-2'><a class=\"ez-toc-link ez-toc-heading-7\" href=\"https:\/\/www.dealexpert.eu\/it\/p\/soundpro-spor\/#Frequently_Asked_Questions\" >Domande frequenti<\/a><ul class='ez-toc-list-level-3' ><li class='ez-toc-heading-level-3'><a class=\"ez-toc-link ez-toc-heading-8\" href=\"https:\/\/www.dealexpert.eu\/it\/p\/soundpro-spor\/#Is_SoundPRO_Spor_suitable_for_all_sports\" >SoundPRO Spor \u00e8 adatto a tutti gli sport?<\/a><\/li><li class='ez-toc-page-1 ez-toc-heading-level-3'><a class=\"ez-toc-link ez-toc-heading-9\" href=\"https:\/\/www.dealexpert.eu\/it\/p\/soundpro-spor\/#How_long_does_the_battery_of_SoundPRO_Spor_last\" >Quanto dura la batteria di SoundPRO Spor?<\/a><\/li><li class='ez-toc-page-1 ez-toc-heading-level-3'><a class=\"ez-toc-link ez-toc-heading-10\" href=\"https:\/\/www.dealexpert.eu\/it\/p\/soundpro-spor\/#Can_SoundPRO_Spor_be_used_in_wet_conditions\" >SoundPRO Spor pu\u00f2 essere utilizzato in condizioni di bagnato?<\/a><\/li><\/ul><\/li><\/ul><\/nav><\/div>\n<h2><span class=\"ez-toc-section\" id=\"What_is_SoundPRO_Spor\"><\/span>Che cos'\u00e8 SoundPRO Spor?<span class=\"ez-toc-section-end\"><\/span><\/h2>\n<p>SoundPRO Spor \u00e8 un innovativo dispositivo di protezione dell'udito, creato appositamente per gli atleti che desiderano salvaguardare il proprio udito senza compromettere le prestazioni. Che siate atleti professionisti o amatoriali, questo dispositivo vi garantisce la possibilit\u00e0 di praticare i vostri sport preferiti proteggendovi dai livelli di rumore nocivi. Credo che sia la soluzione perfetta per chi pratica attivit\u00e0 ad alta intensit\u00e0 e vuole preservare l'udito a lungo termine.<\/p>\n<h2><span class=\"ez-toc-section\" id=\"Why_choose_SoundPRO_Spor\"><\/span>Perch\u00e9 scegliere SoundPRO Spor?<span class=\"ez-toc-section-end\"><\/span><\/h2>\n<p>Quando si tratta di proteggere l'udito, SoundPRO Spor si distingue dai tipici prodotti per la protezione dell'udito. A differenza di molte alternative, \u00e8 stato progettato pensando all'atleta, combinando comfort, durata e qualit\u00e0 sonora superiore. Non solo protegge dai livelli di rumore nocivi, ma permette anche di sentire i segnali e i suoni importanti dell'ambiente circostante, fondamentali per mantenere la concentrazione durante gli allenamenti intensi o le gare. Trovo che sia il perfetto equilibrio tra sicurezza e prestazioni.<\/p>\n<h2><span class=\"ez-toc-section\" id=\"Key_features_of_SoundPRO_Spor\"><\/span>Caratteristiche principali di SoundPRO Spor<span class=\"ez-toc-section-end\"><\/span><\/h2>\n<ul>\n<li><strong>Tecnologia avanzata di riduzione del rumore:<\/strong> SoundPRO Spor riduce al minimo i rumori dannosi, lasciando passare i suoni importanti.<\/li>\n<li><strong>Design confortevole e leggero:<\/strong> Il dispositivo \u00e8 stato progettato per essere indossato per periodi prolungati, garantendo il massimo comfort durante l'allenamento o la gara.<\/li>\n<li><strong>Resistenza all'acqua e al sudore:<\/strong> Costruito per lo sport, resiste anche alle condizioni pi\u00f9 intense, mantenendo le orecchie protette in tutti gli ambienti.<\/li>\n<li><strong>Fedelt\u00e0 del suono di alta qualit\u00e0:<\/strong> Ascoltate tutti i segnali ambientali importanti che migliorano le vostre prestazioni, anche in ambienti rumorosi.<\/li>\n<li><strong>Batteria di lunga durata:<\/strong> Fino a 12 ore di protezione con una sola carica, perfette per eventi di un giorno o sessioni di allenamento intense.<\/li>\n<\/ul>\n<h2><span class=\"ez-toc-section\" id=\"Why_SoundPRO_Spor_is_essential_for_athletes\"><\/span>Perch\u00e9 SoundPRO Spor \u00e8 essenziale per gli atleti<span class=\"ez-toc-section-end\"><\/span><\/h2>\n<p>La perdita dell'udito causata dal rumore \u00e8 un problema reale per gli atleti, in particolare per quelli che si allenano o gareggiano in ambienti rumorosi come stadi o palestre. Pu\u00f2 essere difficile proteggere l'udito senza perdere la concentrazione sulle prestazioni. \u00c8 qui che SoundPRO Spor eccelle. Offre una protezione ottimale, assicurandovi di rimanere al riparo dai rumori dannosi, pur consentendovi di sentire i suoni di cui avete bisogno per rimanere impegnati e concentrati sul vostro sport. A mio parere, si tratta di un investimento essenziale per chiunque abbia a cuore le proprie prestazioni atletiche.<\/p>\n<h2><span class=\"ez-toc-section\" id=\"Where_to_buy_SoundPRO_Spor\"><\/span>Dove acquistare SoundPRO Spor<span class=\"ez-toc-section-end\"><\/span><\/h2>\n<p>\u00c8 possibile acquistare facilmente SoundPRO Spor direttamente dal sito ufficiale di Neotechix. Grazie a un semplice sistema di ordinazione online e alla spedizione internazionale, \u00e8 facile mettere le mani su questo fantastico prodotto. Perch\u00e9 aspettare? Proteggete il vostro udito con SoundPRO Spor e godetevi le vostre attivit\u00e0 sportive in tutta tranquillit\u00e0. Vi consiglio di visitare il loro sito web oggi stesso per effettuare l'ordine.<\/p>\n<h2><span class=\"ez-toc-section\" id=\"What_users_are_saying_about_SoundPRO_Spor\"><\/span>Cosa dicono gli utenti di SoundPRO Spor<span class=\"ez-toc-section-end\"><\/span><\/h2>\n<p>Molti atleti sono entusiasti delle prestazioni di SoundPRO Spor. Dai corridori ai ciclisti, passando per i giocatori di sport di squadra, gli atleti concordano sul fatto che il SoundPRO Spor offre un comfort, una durata e una protezione senza pari. Apprezzano il fatto che permetta loro di immergersi nello sport, senza essere distratti da rumori dannosi. In base alla mia esperienza personale e ai riscontri ottenuti, posso affermare con certezza che questo prodotto ha cambiato il modo di proteggere l'udito negli sport.<\/p>\n<h2><span class=\"ez-toc-section\" id=\"Frequently_Asked_Questions\"><\/span>Domande frequenti<span class=\"ez-toc-section-end\"><\/span><\/h2>\n<h3><span class=\"ez-toc-section\" id=\"Is_SoundPRO_Spor_suitable_for_all_sports\"><\/span>SoundPRO Spor \u00e8 adatto a tutti gli sport?<span class=\"ez-toc-section-end\"><\/span><\/h3>\n<p>S\u00ec, SoundPRO Spor \u00e8 incredibilmente versatile e funziona bene in diversi sport come la corsa, il ciclismo e gli sport di squadra. Che si tratti di un allenamento silenzioso o di una gara rumorosa, questo prodotto \u00e8 progettato per soddisfare le vostre esigenze.<\/p>\n<h3><span class=\"ez-toc-section\" id=\"How_long_does_the_battery_of_SoundPRO_Spor_last\"><\/span>Quanto dura la batteria di SoundPRO Spor?<span class=\"ez-toc-section-end\"><\/span><\/h3>\n<p>La batteria dura fino a 12 ore con una singola carica, a seconda della frequenza di utilizzo. Questo lo rende ideale per lunghe sessioni di allenamento o per eventi che durano tutto il giorno.<\/p>\n<h3><span class=\"ez-toc-section\" id=\"Can_SoundPRO_Spor_be_used_in_wet_conditions\"><\/span>SoundPRO Spor pu\u00f2 essere utilizzato in condizioni di bagnato?<span class=\"ez-toc-section-end\"><\/span><\/h3>\n<p>S\u00ec, SoundPRO Spor \u00e8 resistente all'acqua e al sudore, il che lo rende perfetto per gli atleti che si allenano in condizioni difficili. Che stiate correndo sotto la pioggia o sudando in palestra, potete contare sul fatto che SoundPRO Spor protegger\u00e0 il vostro udito.<\/p>","protected":false},"excerpt":{"rendered":"<li>Tecnologia avanzata di riduzione del rumore per una protezione ottimale dell'udito<\/li>\n<li>Design confortevole e leggero per un uso duraturo durante l'attivit\u00e0 sportiva<\/li>\n<li>Resistente all'acqua e al sudore, perfetto per le attivit\u00e0 fisiche intense<\/li>\n<li>Fedelt\u00e0 sonora di alta qualit\u00e0 per una consapevolezza ambientale essenziale<\/li>\n<li>Batteria di lunga durata per sessioni di allenamento e gare prolungate<\/li>","protected":false},"featured_media":1219,"template":"","meta":{"_lmt_disableupdate":"","_lmt_disable":"","_kadence_starter_templates_imported_post":false,"_kad_post_transparent":"default","_kad_post_title":"","_kad_post_layout":"default","_kad_post_sidebar_id":"","_kad_post_content_style":"default","_kad_post_vertical_padding":"default","_kad_post_feature":"","_kad_post_feature_position":"","_kad_post_header":false,"_kad_post_footer":false,"_kad_post_classname":""},"product_brand":[],"product_cat":[16],"product_tag":[],"class_list":{"0":"post-310","1":"product","2":"type-product","3":"status-publish","4":"has-post-thumbnail","6":"product_cat-technology","8":"first","9":"instock","10":"shipping-taxable","11":"product-type-external","12":"entry","13":"content-bg","14":"loop-entry"},"_links":{"self":[{"href":"https:\/\/www.dealexpert.eu\/it\/wp-json\/wp\/v2\/product\/310","targetHints":{"allow":["GET"]}}],"collection":[{"href":"https:\/\/www.dealexpert.eu\/it\/wp-json\/wp\/v2\/product"}],"about":[{"href":"https:\/\/www.dealexpert.eu\/it\/wp-json\/wp\/v2\/types\/product"}],"wp:featuredmedia":[{"embeddable":true,"href":"https:\/\/www.dealexpert.eu\/it\/wp-json\/wp\/v2\/media\/1219"}],"wp:attachment":[{"href":"https:\/\/www.dealexpert.eu\/it\/wp-json\/wp\/v2\/media?parent=310"}],"wp:term":[{"taxonomy":"product_brand","embeddable":true,"href":"https:\/\/www.dealexpert.eu\/it\/wp-json\/wp\/v2\/product_brand?post=310"},{"taxonomy":"product_cat","embeddable":true,"href":"https:\/\/www.dealexpert.eu\/it\/wp-json\/wp\/v2\/product_cat?post=310"},{"taxonomy":"product_tag","embeddable":true,"href":"https:\/\/www.dealexpert.eu\/it\/wp-json\/wp\/v2\/product_tag?post=310"}],"curies":[{"name":"wp","href":"https:\/\/api.w.org\/{rel}","templated":true}]}}