{"id":1713,"date":"2026-03-09T09:03:44","date_gmt":"2026-03-09T09:03:44","guid":{"rendered":"https:\/\/www.dealexpert.eu\/?post_type=product&#038;p=1713"},"modified":"2026-03-09T09:03:44","modified_gmt":"2026-03-09T09:03:44","slug":"night-shred-per-una-perdita-di-peso-e-un-dimagrimento-ameliores","status":"publish","type":"product","link":"https:\/\/www.dealexpert.eu\/it\/p\/night-shred-per-una-perdita-di-peso-e-un-dimagrimento-ameliores\/","title":{"rendered":"La notte si fa a brandelli per migliorare le somme e la perdita di peso"},"content":{"rendered":"<div class=\"kk-star-ratings kksr-auto kksr-align-left kksr-valign-top\"\n    data-payload='{&quot;align&quot;:&quot;left&quot;,&quot;id&quot;:&quot;1713&quot;,&quot;slug&quot;:&quot;default&quot;,&quot;valign&quot;:&quot;top&quot;,&quot;ignore&quot;:&quot;&quot;,&quot;reference&quot;:&quot;auto&quot;,&quot;class&quot;:&quot;&quot;,&quot;count&quot;:&quot;0&quot;,&quot;legendonly&quot;:&quot;&quot;,&quot;readonly&quot;:&quot;&quot;,&quot;score&quot;:&quot;0&quot;,&quot;starsonly&quot;:&quot;&quot;,&quot;best&quot;:&quot;5&quot;,&quot;gap&quot;:&quot;5&quot;,&quot;greet&quot;:&quot;Rate this product&quot;,&quot;legend&quot;:&quot;0\\\/5 - (0 votes)&quot;,&quot;size&quot;:&quot;24&quot;,&quot;title&quot;:&quot;Night shred pour un sommeil et une perte de poids am\u00e9lior\u00e9s&quot;,&quot;width&quot;:&quot;0&quot;,&quot;_legend&quot;:&quot;{score}\\\/{best} - ({count} {votes})&quot;,&quot;font_factor&quot;:&quot;1.25&quot;}'>\n            \n<div class=\"kksr-stars\">\n    \n<div class=\"kksr-stars-inactive\">\n            <div class=\"kksr-star\" data-star=\"1\" style=\"padding-right: 5px\">\n            \n\n<div class=\"kksr-icon\" style=\"width: 24px; height: 24px;\"><\/div>\n        <\/div>\n            <div class=\"kksr-star\" data-star=\"2\" style=\"padding-right: 5px\">\n            \n\n<div class=\"kksr-icon\" style=\"width: 24px; height: 24px;\"><\/div>\n        <\/div>\n            <div class=\"kksr-star\" data-star=\"3\" style=\"padding-right: 5px\">\n            \n\n<div class=\"kksr-icon\" style=\"width: 24px; height: 24px;\"><\/div>\n        <\/div>\n            <div class=\"kksr-star\" data-star=\"4\" style=\"padding-right: 5px\">\n            \n\n<div class=\"kksr-icon\" style=\"width: 24px; height: 24px;\"><\/div>\n        <\/div>\n            <div class=\"kksr-star\" data-star=\"5\" style=\"padding-right: 5px\">\n            \n\n<div class=\"kksr-icon\" style=\"width: 24px; height: 24px;\"><\/div>\n        <\/div>\n    <\/div>\n    \n<div class=\"kksr-stars-active\" style=\"width: 0px;\">\n            <div class=\"kksr-star\" style=\"padding-right: 5px\">\n            \n\n<div class=\"kksr-icon\" style=\"width: 24px; height: 24px;\"><\/div>\n        <\/div>\n            <div class=\"kksr-star\" style=\"padding-right: 5px\">\n            \n\n<div class=\"kksr-icon\" style=\"width: 24px; height: 24px;\"><\/div>\n        <\/div>\n            <div class=\"kksr-star\" style=\"padding-right: 5px\">\n            \n\n<div class=\"kksr-icon\" style=\"width: 24px; height: 24px;\"><\/div>\n        <\/div>\n            <div class=\"kksr-star\" style=\"padding-right: 5px\">\n            \n\n<div class=\"kksr-icon\" style=\"width: 24px; height: 24px;\"><\/div>\n        <\/div>\n            <div class=\"kksr-star\" style=\"padding-right: 5px\">\n            \n\n<div class=\"kksr-icon\" style=\"width: 24px; height: 24px;\"><\/div>\n        <\/div>\n    <\/div>\n<\/div>\n                \n\n<div class=\"kksr-legend\" style=\"font-size: 19.2px;\">\n            <span class=\"kksr-muted\">Valuta questo prodotto<\/span>\n    <\/div>\n    <\/div>\n<div id=\"ez-toc-container\" class=\"ez-toc-v2_0_81 counter-hierarchy ez-toc-counter ez-toc-grey ez-toc-container-direction\">\n<div class=\"ez-toc-title-container\">\n<p class=\"ez-toc-title\" style=\"cursor:inherit\">Sintesi<\/p>\n<span class=\"ez-toc-title-toggle\"><a href=\"#\" class=\"ez-toc-pull-right ez-toc-btn ez-toc-btn-xs ez-toc-btn-default ez-toc-toggle\" aria-label=\"Toggle Table of Content\"><span class=\"ez-toc-js-icon-con\"><span class=\"\"><span class=\"eztoc-hide\" style=\"display:none;\">Toggle<\/span><span class=\"ez-toc-icon-toggle-span\"><svg style=\"fill: #999;color:#999\" xmlns=\"http:\/\/www.w3.org\/2000\/svg\" class=\"list-377408\" width=\"20px\" height=\"20px\" viewbox=\"0 0 24 24\" fill=\"none\"><path d=\"M6 6H4v2h2V6zm14 0H8v2h12V6zM4 11h2v2H4v-2zm16 0H8v2h12v-2zM4 16h2v2H4v-2zm16 0H8v2h12v-2z\" fill=\"currentColor\"><\/path><\/svg><svg style=\"fill: #999;color:#999\" class=\"arrow-unsorted-368013\" xmlns=\"http:\/\/www.w3.org\/2000\/svg\" width=\"10px\" height=\"10px\" viewbox=\"0 0 24 24\" version=\"1.2\" baseprofile=\"tiny\"><path d=\"M18.2 9.3l-6.2-6.3-6.2 6.3c-.2.2-.3.4-.3.7s.1.5.3.7c.2.2.4.3.7.3h11c.3 0 .5-.1.7-.3.2-.2.3-.5.3-.7s-.1-.5-.3-.7zM5.8 14.7l6.2 6.3 6.2-6.3c.2-.2.3-.5.3-.7s-.1-.5-.3-.7c-.2-.2-.4-.3-.7-.3h-11c-.3 0-.5.1-.7.3-.2.2-.3.5-.3.7s.1.5.3.7z\"\/><\/svg><\/span><\/span><\/span><\/a><\/span><\/div>\n<nav><ul class='ez-toc-list ez-toc-list-level-1 eztoc-toggle-hide-by-default' ><li class='ez-toc-page-1 ez-toc-heading-level-2'><a class=\"ez-toc-link ez-toc-heading-1\" href=\"https:\/\/www.dealexpert.eu\/it\/p\/night-shred-per-una-perdita-di-peso-e-un-dimagrimento-ameliores\/#introduction_to_night_shred_glp-1\" >introduzione al night shred glp-1<\/a><ul class='ez-toc-list-level-3' ><li class='ez-toc-heading-level-3'><a class=\"ez-toc-link ez-toc-heading-2\" href=\"https:\/\/www.dealexpert.eu\/it\/p\/night-shred-per-una-perdita-di-peso-e-un-dimagrimento-ameliores\/#comment_ca_marche\" >commento \u00e7a marche<\/a><\/li><li class='ez-toc-page-1 ez-toc-heading-level-3'><a class=\"ez-toc-link ez-toc-heading-3\" href=\"https:\/\/www.dealexpert.eu\/it\/p\/night-shred-per-una-perdita-di-peso-e-un-dimagrimento-ameliores\/#avantages_pour_la_sante\" >vantaggi per la salute<\/a><\/li><li class='ez-toc-page-1 ez-toc-heading-level-3'><a class=\"ez-toc-link ez-toc-heading-4\" href=\"https:\/\/www.dealexpert.eu\/it\/p\/night-shred-per-una-perdita-di-peso-e-un-dimagrimento-ameliores\/#pourquoi_choisir_night_shred_glp-1\" >pourquoi choisir night shred glp-1<\/a><\/li><li class='ez-toc-page-1 ez-toc-heading-level-3'><a class=\"ez-toc-link ez-toc-heading-5\" href=\"https:\/\/www.dealexpert.eu\/it\/p\/night-shred-per-una-perdita-di-peso-e-un-dimagrimento-ameliores\/#conclusion\" >conclusione<\/a><\/li><\/ul><\/li><\/ul><\/nav><\/div>\n<h2><span class=\"ez-toc-section\" id=\"introduction_to_night_shred_glp-1\"><\/span>introduzione al night shred glp-1<span class=\"ez-toc-section-end\"><\/span><\/h2>\n<p>night shred glp-1 \u00e8 un integratore alimentare concepito per favorire la regolazione dell'appetito notturno e la salute dell'apparato digerente. Grazie a ingredienti come l'akkermansia e il sukr\u00e9, questo prodotto aiuta a combattere le invidie notturne e a favorire una dieta riparatrice.<\/p>\n<h3><span class=\"ez-toc-section\" id=\"comment_ca_marche\"><\/span>commento \u00e7a marche<span class=\"ez-toc-section-end\"><\/span><\/h3>\n<ul>\n<li><strong>regolazione dell'appetito notturno<\/strong> : night shred glp-1 sostiene l'attivit\u00e0 naturale di glp-1 nell'organismo, contribuendo cos\u00ec a controllare le invidie notturne e a favorire un'alimentazione equilibrata.<\/li>\n<li><strong>soutien au sommeil<\/strong> Con i suoi ingredienti come il gaba, questo integratore favorisce un'atmosfera calma e una mente riparatrice, essenziale per il benessere e la rigenerazione.<\/li>\n<li><strong>sostegno allo stress<\/strong> Alcuni studi dimostrano che il sensore ashwagandha pu\u00f2 fornire un sostegno allo stress e aiutare a promuovere una risposta equilibrata al cortisolo, il che \u00e8 importante per mantenere il peso forma.<\/li>\n<li><strong>soutien thermog\u00e9nique nocturne<\/strong> Le greenselect e i grani del paradiso possono contribuire a stimolare i processi termogenici, favorendo cos\u00ec la combustione delle calorie e il metabolismo dei cereali, tanto attivo quanto a riposo, nel quadro di un modo di vivere sano.<\/li>\n<\/ul>\n<h3><span class=\"ez-toc-section\" id=\"avantages_pour_la_sante\"><\/span>vantaggi per la salute<span class=\"ez-toc-section-end\"><\/span><\/h3>\n<ul>\n<li><strong>una migliore regolazione dell'appetito<\/strong> : night shred glp-1 aiuta a controllare le invidie notturne, il che pu\u00f2 contribuire a una perdita di peso pi\u00f9 facile e pi\u00f9 duratura.<\/li>\n<li><strong>Miglioramento della qualit\u00e0 del prodotto solare<\/strong> Un sommeil r\u00e9parateur \u00e8 essenziale per il recupero e il benessere generale.<\/li>\n<li><strong>riduzione dello stress<\/strong> : aiutando a promuovere una risposta equilibrata al cortisolo, night shred glp-1 pu\u00f2 contribuire a ridurre i livelli di stress e a migliorare la salute mentale.<\/li>\n<li><strong>sostegno alla perdita di peso<\/strong> : favorendo la combustione delle calorie e il metabolismo dei grassi, questo integratore pu\u00f2 aiutare a raggiungere gli obiettivi di perdita di peso.<\/li>\n<\/ul>\n<h3><span class=\"ez-toc-section\" id=\"pourquoi_choisir_night_shred_glp-1\"><\/span>pourquoi choisir night shred glp-1<span class=\"ez-toc-section-end\"><\/span><\/h3>\n<ul>\n<li><strong>formulato con ingredienti di alta qualit\u00e0<\/strong> : night shred glp-1 contiene ingredienti selezionati per la loro efficacia e sicurezza.<\/li>\n<li><strong>sostegno alla salute digestiva<\/strong> Oltre a regolare l'appetito notturno, questo integratore contribuisce a migliorare la salute dell'apparato digerente.<\/li>\n<li><strong>facile da integrare nella vostra routine<\/strong> Prendere night shred glp-1 \u00e8 semplice e pu\u00f2 essere facilmente integrato nella vostra routine quotidiana.<\/li>\n<\/ul>\n<h3><span class=\"ez-toc-section\" id=\"conclusion\"><\/span>conclusione<span class=\"ez-toc-section-end\"><\/span><\/h3>\n<p>night shred glp-1 \u00e8 un integratore alimentare completo concepito per favorire la regolazione dell'appetito notturno, promuovere un ricambio della massa e offrire un sostegno allo stress e alla perdita di peso. Con i suoi ingredienti di alta qualit\u00e0 e la sua formula unica, pu\u00f2 essere un eccellente complemento alla vostra routine di salute e benessere. provate night shred glp-1 oggi stesso e scoprite i vantaggi di un sistema di recupero della massa e di una salute digestiva migliorata.<\/p>","protected":false},"excerpt":{"rendered":"<p>introduction to night shred glp-1 night shred glp-1 est un suppl\u00e9ment alimentaire con\u00e7u pour soutenir la r\u00e9gulation de l&#8217;app\u00e9tit nocturne et promouvoir la sant\u00e9 digestive. avec des ingr\u00e9dients comme akkermansia et sukr\u00e9, ce produit aide \u00e0 g\u00e9rer les envies nocturnes et \u00e0 favoriser un sommeil r\u00e9parateur. comment \u00e7a marche r\u00e9gulation de l&#8217;app\u00e9tit nocturne : night&#8230;<\/p>","protected":false},"featured_media":1714,"template":"","meta":{"_lmt_disableupdate":"","_lmt_disable":"","_kadence_starter_templates_imported_post":false,"_kad_post_transparent":"","_kad_post_title":"","_kad_post_layout":"","_kad_post_sidebar_id":"","_kad_post_content_style":"","_kad_post_vertical_padding":"","_kad_post_feature":"","_kad_post_feature_position":"","_kad_post_header":false,"_kad_post_footer":false,"_kad_post_classname":""},"product_brand":[148],"product_cat":[149],"product_tag":[],"class_list":{"0":"post-1713","1":"product","2":"type-product","3":"status-publish","4":"has-post-thumbnail","6":"product_brand-innosupps","7":"product_cat-l-carnitine-for-fat-burning","9":"first","10":"instock","11":"shipping-taxable","12":"product-type-external","13":"entry","14":"content-bg","15":"loop-entry"},"_links":{"self":[{"href":"https:\/\/www.dealexpert.eu\/it\/wp-json\/wp\/v2\/product\/1713","targetHints":{"allow":["GET"]}}],"collection":[{"href":"https:\/\/www.dealexpert.eu\/it\/wp-json\/wp\/v2\/product"}],"about":[{"href":"https:\/\/www.dealexpert.eu\/it\/wp-json\/wp\/v2\/types\/product"}],"wp:featuredmedia":[{"embeddable":true,"href":"https:\/\/www.dealexpert.eu\/it\/wp-json\/wp\/v2\/media\/1714"}],"wp:attachment":[{"href":"https:\/\/www.dealexpert.eu\/it\/wp-json\/wp\/v2\/media?parent=1713"}],"wp:term":[{"taxonomy":"product_brand","embeddable":true,"href":"https:\/\/www.dealexpert.eu\/it\/wp-json\/wp\/v2\/product_brand?post=1713"},{"taxonomy":"product_cat","embeddable":true,"href":"https:\/\/www.dealexpert.eu\/it\/wp-json\/wp\/v2\/product_cat?post=1713"},{"taxonomy":"product_tag","embeddable":true,"href":"https:\/\/www.dealexpert.eu\/it\/wp-json\/wp\/v2\/product_tag?post=1713"}],"curies":[{"name":"wp","href":"https:\/\/api.w.org\/{rel}","templated":true}]}}