{"id":1696,"date":"2026-03-05T07:01:48","date_gmt":"2026-03-05T07:01:48","guid":{"rendered":"https:\/\/www.dealexpert.eu\/?post_type=product&#038;p=1696"},"modified":"2026-03-05T07:01:48","modified_gmt":"2026-03-05T07:01:48","slug":"probiotico-per-donne-e-uomini-vital-flora-ultra-daily","status":"publish","type":"product","link":"https:\/\/www.dealexpert.eu\/it\/p\/probiotico-per-donne-e-uomini-vital-flora-ultra-daily\/","title":{"rendered":"Probiotico per donne e uomini - vital flora ultra daily"},"content":{"rendered":"<div class=\"kk-star-ratings kksr-auto kksr-align-left kksr-valign-top\"\n    data-payload='{&quot;align&quot;:&quot;left&quot;,&quot;id&quot;:&quot;1696&quot;,&quot;slug&quot;:&quot;default&quot;,&quot;valign&quot;:&quot;top&quot;,&quot;ignore&quot;:&quot;&quot;,&quot;reference&quot;:&quot;auto&quot;,&quot;class&quot;:&quot;&quot;,&quot;count&quot;:&quot;0&quot;,&quot;legendonly&quot;:&quot;&quot;,&quot;readonly&quot;:&quot;&quot;,&quot;score&quot;:&quot;0&quot;,&quot;starsonly&quot;:&quot;&quot;,&quot;best&quot;:&quot;5&quot;,&quot;gap&quot;:&quot;5&quot;,&quot;greet&quot;:&quot;Rate this product&quot;,&quot;legend&quot;:&quot;0\\\/5 - (0 votes)&quot;,&quot;size&quot;:&quot;24&quot;,&quot;title&quot;:&quot;Probiotic pour hommes et femmes - vital flora ultra daily&quot;,&quot;width&quot;:&quot;0&quot;,&quot;_legend&quot;:&quot;{score}\\\/{best} - ({count} {votes})&quot;,&quot;font_factor&quot;:&quot;1.25&quot;}'>\n            \n<div class=\"kksr-stars\">\n    \n<div class=\"kksr-stars-inactive\">\n            <div class=\"kksr-star\" data-star=\"1\" style=\"padding-right: 5px\">\n            \n\n<div class=\"kksr-icon\" style=\"width: 24px; height: 24px;\"><\/div>\n        <\/div>\n            <div class=\"kksr-star\" data-star=\"2\" style=\"padding-right: 5px\">\n            \n\n<div class=\"kksr-icon\" style=\"width: 24px; height: 24px;\"><\/div>\n        <\/div>\n            <div class=\"kksr-star\" data-star=\"3\" style=\"padding-right: 5px\">\n            \n\n<div class=\"kksr-icon\" style=\"width: 24px; height: 24px;\"><\/div>\n        <\/div>\n            <div class=\"kksr-star\" data-star=\"4\" style=\"padding-right: 5px\">\n            \n\n<div class=\"kksr-icon\" style=\"width: 24px; height: 24px;\"><\/div>\n        <\/div>\n            <div class=\"kksr-star\" data-star=\"5\" style=\"padding-right: 5px\">\n            \n\n<div class=\"kksr-icon\" style=\"width: 24px; height: 24px;\"><\/div>\n        <\/div>\n    <\/div>\n    \n<div class=\"kksr-stars-active\" style=\"width: 0px;\">\n            <div class=\"kksr-star\" style=\"padding-right: 5px\">\n            \n\n<div class=\"kksr-icon\" style=\"width: 24px; height: 24px;\"><\/div>\n        <\/div>\n            <div class=\"kksr-star\" style=\"padding-right: 5px\">\n            \n\n<div class=\"kksr-icon\" style=\"width: 24px; height: 24px;\"><\/div>\n        <\/div>\n            <div class=\"kksr-star\" style=\"padding-right: 5px\">\n            \n\n<div class=\"kksr-icon\" style=\"width: 24px; height: 24px;\"><\/div>\n        <\/div>\n            <div class=\"kksr-star\" style=\"padding-right: 5px\">\n            \n\n<div class=\"kksr-icon\" style=\"width: 24px; height: 24px;\"><\/div>\n        <\/div>\n            <div class=\"kksr-star\" style=\"padding-right: 5px\">\n            \n\n<div class=\"kksr-icon\" style=\"width: 24px; height: 24px;\"><\/div>\n        <\/div>\n    <\/div>\n<\/div>\n                \n\n<div class=\"kksr-legend\" style=\"font-size: 19.2px;\">\n            <span class=\"kksr-muted\">Valuta questo prodotto<\/span>\n    <\/div>\n    <\/div>\n<div id=\"ez-toc-container\" class=\"ez-toc-v2_0_81 counter-hierarchy ez-toc-counter ez-toc-grey ez-toc-container-direction\">\n<div class=\"ez-toc-title-container\">\n<p class=\"ez-toc-title\" style=\"cursor:inherit\">Sintesi<\/p>\n<span class=\"ez-toc-title-toggle\"><a href=\"#\" class=\"ez-toc-pull-right ez-toc-btn ez-toc-btn-xs ez-toc-btn-default ez-toc-toggle\" aria-label=\"Toggle Table of Content\"><span class=\"ez-toc-js-icon-con\"><span class=\"\"><span class=\"eztoc-hide\" style=\"display:none;\">Toggle<\/span><span class=\"ez-toc-icon-toggle-span\"><svg style=\"fill: #999;color:#999\" xmlns=\"http:\/\/www.w3.org\/2000\/svg\" class=\"list-377408\" width=\"20px\" height=\"20px\" viewbox=\"0 0 24 24\" fill=\"none\"><path d=\"M6 6H4v2h2V6zm14 0H8v2h12V6zM4 11h2v2H4v-2zm16 0H8v2h12v-2zM4 16h2v2H4v-2zm16 0H8v2h12v-2z\" fill=\"currentColor\"><\/path><\/svg><svg style=\"fill: #999;color:#999\" class=\"arrow-unsorted-368013\" xmlns=\"http:\/\/www.w3.org\/2000\/svg\" width=\"10px\" height=\"10px\" viewbox=\"0 0 24 24\" version=\"1.2\" baseprofile=\"tiny\"><path d=\"M18.2 9.3l-6.2-6.3-6.2 6.3c-.2.2-.3.4-.3.7s.1.5.3.7c.2.2.4.3.7.3h11c.3 0 .5-.1.7-.3.2-.2.3-.5.3-.7s-.1-.5-.3-.7zM5.8 14.7l6.2 6.3 6.2-6.3c.2-.2.3-.5.3-.7s-.1-.5-.3-.7c-.2-.2-.4-.3-.7-.3h-11c-.3 0-.5.1-.7.3-.2.2-.3.5-.3.7s.1.5.3.7z\"\/><\/svg><\/span><\/span><\/span><\/a><\/span><\/div>\n<nav><ul class='ez-toc-list ez-toc-list-level-1 eztoc-toggle-hide-by-default' ><li class='ez-toc-page-1 ez-toc-heading-level-2'><a class=\"ez-toc-link ez-toc-heading-1\" href=\"https:\/\/www.dealexpert.eu\/it\/p\/probiotico-per-donne-e-uomini-vital-flora-ultra-daily\/#Introduction_a_vital_flora_ultra_daily\" >Introduzione \u00e0 flora vitale ultra quotidiana<\/a><\/li><li class='ez-toc-page-1 ez-toc-heading-level-2'><a class=\"ez-toc-link ez-toc-heading-2\" href=\"https:\/\/www.dealexpert.eu\/it\/p\/probiotico-per-donne-e-uomini-vital-flora-ultra-daily\/#Caracteristiques_cles\" >Caratteristiche principali<\/a><\/li><li class='ez-toc-page-1 ez-toc-heading-level-2'><a class=\"ez-toc-link ez-toc-heading-3\" href=\"https:\/\/www.dealexpert.eu\/it\/p\/probiotico-per-donne-e-uomini-vital-flora-ultra-daily\/#Avantages_pour_la_sante\" >Vantaggi per la salute<\/a><\/li><li class='ez-toc-page-1 ez-toc-heading-level-2'><a class=\"ez-toc-link ez-toc-heading-4\" href=\"https:\/\/www.dealexpert.eu\/it\/p\/probiotico-per-donne-e-uomini-vital-flora-ultra-daily\/#Comment_prendre_vital_flora_ultra_daily\" >Comment prendre vital flora ultra daily<\/a><\/li><li class='ez-toc-page-1 ez-toc-heading-level-2'><a class=\"ez-toc-link ez-toc-heading-5\" href=\"https:\/\/www.dealexpert.eu\/it\/p\/probiotico-per-donne-e-uomini-vital-flora-ultra-daily\/#Pourquoi_choisir_vital_flora_ultra_daily\" >Pourquoi choisir vital flora ultra daily<\/a><\/li><\/ul><\/nav><\/div>\n<h2><span class=\"ez-toc-section\" id=\"Introduction_a_vital_flora_ultra_daily\"><\/span>Introduzione \u00e0 flora vitale ultra quotidiana<span class=\"ez-toc-section-end\"><\/span><\/h2>\n<p>vital flora ultra daily \u00e8 un prodotto probiotico di alta qualit\u00e0, concepito per rispondere alle esigenze digestive e immunitarie di uomini e donne. Con 60 cellule di probiotici benefici e 60 milioni di colture viventi, oltre a 7 probiotici dell'agricoltura biologica, questo prodotto \u00e8 formulato per sostenere l'equilibrio digestivo, i disturbi digestivi occasionali e la salute immunitaria.<\/p>\n<h2><span class=\"ez-toc-section\" id=\"Caracteristiques_cles\"><\/span>Caratteristiche principali<span class=\"ez-toc-section-end\"><\/span><\/h2>\n<ul>\n<li><strong>diversit\u00e0 di souches<\/strong> : vital flora ultra daily contiene 60 cellule diverse di lattobacilli e bifidobatteri, il che permette di corrispondere maggiormente alla diversit\u00e0 naturale di un intestino sano.<\/li>\n<li><strong>pr\u00e9biotiques<\/strong> I probiotici sono fibre vegetali che contribuiscono a nutrire i batteri buoni nell'intestino. vital flora contiene una miscela diversificata di 7 probiotici provenienti dall'agricoltura biologica per rispondere alle esigenze alimentari di diverse specie di probiotici.<\/li>\n<li><strong>esperto di formulazione<\/strong> : la fondatrice di vital planet, brenda watson, e la sua \u00e9quipe di esperti di medicina digestiva e di scienza hanno formulato con successo, nel corso di diversi decenni, dei probiotici ad alta potenza e a elevata diversit\u00e0, basandosi sulle ultime ricerche e scoperte sul microbioma per guidarli.<\/li>\n<li><strong>qualit\u00e0, purezza e potenza<\/strong> vegano, non ogm, senza lattosio, senza soja e senza glutine. prodotto con ingredienti sani e genuini, senza liscivie, cariche o ingredienti artificiali. noi formuliamo per rispondere o superare la potenza indicata sull'etichetta fino alla data di scadenza e certifichiamo i nostri prodotti per la loro purezza e la loro potenza attraverso i livelli.<\/li>\n<\/ul>\n<h2><span class=\"ez-toc-section\" id=\"Avantages_pour_la_sante\"><\/span>Vantaggi per la salute<span class=\"ez-toc-section-end\"><\/span><\/h2>\n<ul>\n<li><strong>soutien digestif<\/strong> : vital flora ultra daily \u00e8 stato concepito per aiutare a mantenere un equilibrio digestivo sano e ad affrontare i disturbi digestivi occasionali, come la stitichezza, i gas e le pallonate.<\/li>\n<li><strong>soutien immunitaire<\/strong> : i probiotiques dans vital flora ultra daily peuvent aider \u00e0 soutenir la sant\u00e9 immunitaire en favorisant un environnement intestinal sain.<\/li>\n<\/ul>\n<h2><span class=\"ez-toc-section\" id=\"Comment_prendre_vital_flora_ultra_daily\"><\/span>Comment prendre vital flora ultra daily<span class=\"ez-toc-section-end\"><\/span><\/h2>\n<ul>\n<li><strong>posologia<\/strong> Per gli adulti, consumare una capsula al giorno, con o senza nutrimento.<\/li>\n<li><strong>conservazione<\/strong> : rifrigere dopo l'apertura per mantenere la potenza e la freschezza del prodotto.<\/li>\n<\/ul>\n<h2><span class=\"ez-toc-section\" id=\"Pourquoi_choisir_vital_flora_ultra_daily\"><\/span>Pourquoi choisir vital flora ultra daily<span class=\"ez-toc-section-end\"><\/span><\/h2>\n<ul>\n<li><strong>garanzie di qualit\u00e0 e purezza<\/strong> : vital flora ultra daily \u00e8 prodotto in uno stabilimento cGMP e certificato da esperti per la sua qualit\u00e0, la sua purezza e la sua potenza.<\/li>\n<li><strong>formulazione unica<\/strong> : la combinazione di 60 cellule di probiotici e di 7 probiotici dell'agricoltura biologica offre un approccio completo per migliorare la salute digestiva e immunitaria.<\/li>\n<li><strong>esperto di soutien<\/strong> : il prodotto \u00e8 formulato da esperti di digestione e da scienziati che vantano un'esperienza decennale nella creazione di prodotti probiotici di alta qualit\u00e0.<\/li>\n<\/ul>","protected":false},"excerpt":{"rendered":"<p>Introduction \u00e0 vital flora ultra daily vital flora ultra daily est un probiotique de haute qualit\u00e9, con\u00e7u pour r\u00e9pondre aux besoins digestifs et immunitaires des hommes et des femmes. avec 60 souches de probiotiques b\u00e9n\u00e9fiques et 60 milliards de cultures vivantes, ainsi que 7 pr\u00e9biotiques issus de l&#8217;agriculture biologique, ce produit est formul\u00e9 pour soutenir&#8230;<\/p>","protected":false},"featured_media":1697,"template":"","meta":{"_lmt_disableupdate":"","_lmt_disable":"","_kadence_starter_templates_imported_post":false,"_kad_post_transparent":"","_kad_post_title":"","_kad_post_layout":"","_kad_post_sidebar_id":"","_kad_post_content_style":"","_kad_post_vertical_padding":"","_kad_post_feature":"","_kad_post_feature_position":"","_kad_post_header":false,"_kad_post_footer":false,"_kad_post_classname":""},"product_brand":[145],"product_cat":[146],"product_tag":[],"class_list":{"0":"post-1696","1":"product","2":"type-product","3":"status-publish","4":"has-post-thumbnail","6":"product_brand-vital-planet","7":"product_cat-probiotics-for-gut-flora","9":"first","10":"instock","11":"shipping-taxable","12":"product-type-external","13":"entry","14":"content-bg","15":"loop-entry"},"_links":{"self":[{"href":"https:\/\/www.dealexpert.eu\/it\/wp-json\/wp\/v2\/product\/1696","targetHints":{"allow":["GET"]}}],"collection":[{"href":"https:\/\/www.dealexpert.eu\/it\/wp-json\/wp\/v2\/product"}],"about":[{"href":"https:\/\/www.dealexpert.eu\/it\/wp-json\/wp\/v2\/types\/product"}],"wp:featuredmedia":[{"embeddable":true,"href":"https:\/\/www.dealexpert.eu\/it\/wp-json\/wp\/v2\/media\/1697"}],"wp:attachment":[{"href":"https:\/\/www.dealexpert.eu\/it\/wp-json\/wp\/v2\/media?parent=1696"}],"wp:term":[{"taxonomy":"product_brand","embeddable":true,"href":"https:\/\/www.dealexpert.eu\/it\/wp-json\/wp\/v2\/product_brand?post=1696"},{"taxonomy":"product_cat","embeddable":true,"href":"https:\/\/www.dealexpert.eu\/it\/wp-json\/wp\/v2\/product_cat?post=1696"},{"taxonomy":"product_tag","embeddable":true,"href":"https:\/\/www.dealexpert.eu\/it\/wp-json\/wp\/v2\/product_tag?post=1696"}],"curies":[{"name":"wp","href":"https:\/\/api.w.org\/{rel}","templated":true}]}}