{"id":1605,"date":"2025-08-27T11:46:08","date_gmt":"2025-08-27T11:46:08","guid":{"rendered":"https:\/\/www.dealexpert.eu\/?page_id=1605"},"modified":"2025-08-27T11:46:11","modified_gmt":"2025-08-27T11:46:11","slug":"piano-del-sito-2","status":"publish","type":"page","link":"https:\/\/www.dealexpert.eu\/it\/piano-del-sito-2\/","title":{"rendered":"Piano del sito"},"content":{"rendered":"\n<div class=\"wsp-container\"><div id=\"ez-toc-container\" class=\"ez-toc-v2_0_81 counter-hierarchy ez-toc-counter ez-toc-grey ez-toc-container-direction\">\n<div class=\"ez-toc-title-container\">\n<p class=\"ez-toc-title\" style=\"cursor:inherit\">Summary<\/p>\n<span class=\"ez-toc-title-toggle\"><a href=\"#\" class=\"ez-toc-pull-right ez-toc-btn ez-toc-btn-xs ez-toc-btn-default ez-toc-toggle\" aria-label=\"Toggle Table of Content\"><span class=\"ez-toc-js-icon-con\"><span class=\"\"><span class=\"eztoc-hide\" style=\"display:none;\">Toggle<\/span><span class=\"ez-toc-icon-toggle-span\"><svg style=\"fill: #999;color:#999\" xmlns=\"http:\/\/www.w3.org\/2000\/svg\" class=\"list-377408\" width=\"20px\" height=\"20px\" viewBox=\"0 0 24 24\" fill=\"none\"><path d=\"M6 6H4v2h2V6zm14 0H8v2h12V6zM4 11h2v2H4v-2zm16 0H8v2h12v-2zM4 16h2v2H4v-2zm16 0H8v2h12v-2z\" fill=\"currentColor\"><\/path><\/svg><svg style=\"fill: #999;color:#999\" class=\"arrow-unsorted-368013\" xmlns=\"http:\/\/www.w3.org\/2000\/svg\" width=\"10px\" height=\"10px\" viewBox=\"0 0 24 24\" version=\"1.2\" baseProfile=\"tiny\"><path d=\"M18.2 9.3l-6.2-6.3-6.2 6.3c-.2.2-.3.4-.3.7s.1.5.3.7c.2.2.4.3.7.3h11c.3 0 .5-.1.7-.3.2-.2.3-.5.3-.7s-.1-.5-.3-.7zM5.8 14.7l6.2 6.3 6.2-6.3c.2-.2.3-.5.3-.7s-.1-.5-.3-.7c-.2-.2-.4-.3-.7-.3h-11c-.3 0-.5.1-.7.3-.2.2-.3.5-.3.7s.1.5.3.7z\"\/><\/svg><\/span><\/span><\/span><\/a><\/span><\/div>\n<nav><ul class='ez-toc-list ez-toc-list-level-1 eztoc-toggle-hide-by-default' ><li class='ez-toc-page-1 ez-toc-heading-level-2'><a class=\"ez-toc-link ez-toc-heading-1\" href=\"https:\/\/www.dealexpert.eu\/it\/piano-del-sito-2\/#Pagine\" >Pagine<\/a><\/li><li class='ez-toc-page-1 ez-toc-heading-level-2'><a class=\"ez-toc-link ez-toc-heading-2\" href=\"https:\/\/www.dealexpert.eu\/it\/piano-del-sito-2\/#Prodotti\" >Prodotti<\/a><\/li><li class='ez-toc-page-1 ez-toc-heading-level-2'><a class=\"ez-toc-link ez-toc-heading-3\" href=\"https:\/\/www.dealexpert.eu\/it\/piano-del-sito-2\/#Marchi\" >Marchi<\/a><\/li><li class='ez-toc-page-1 ez-toc-heading-level-2'><a class=\"ez-toc-link ez-toc-heading-4\" href=\"https:\/\/www.dealexpert.eu\/it\/piano-del-sito-2\/#Categorie_prodotto\" >Categorie prodotto<\/a><\/li><\/ul><\/nav><\/div>\n<h2 class=\"wsp-pages-title\"><span class=\"ez-toc-section\" id=\"Pagine\"><\/span>Pagine<span class=\"ez-toc-section-end\"><\/span><\/h2>\n<ul class=\"wsp-pages-list\">\n<li class=\"page_item page-item-9\"><a href=\"https:\/\/www.dealexpert.eu\/it\/carrello\/\">Cart<\/a><\/li>\n<li class=\"page_item page-item-10\"><a href=\"https:\/\/www.dealexpert.eu\/it\/checkout\/\">Checkout<\/a><\/li>\n<li class=\"page_item page-item-74\"><a href=\"https:\/\/www.dealexpert.eu\/it\/contatto\/\">Contact<\/a><\/li>\n<li class=\"page_item page-item-72\"><a href=\"https:\/\/www.dealexpert.eu\/it\/\">Home<\/a><\/li>\n<li class=\"page_item page-item-11\"><a href=\"https:\/\/www.dealexpert.eu\/it\/il-mio-conto\/\">My account<\/a><\/li>\n<li class=\"page_item page-item-1602\"><a href=\"https:\/\/www.dealexpert.eu\/it\/piano-del-sito\/\">Plan du site<\/a><\/li>\n<li class=\"page_item page-item-1605\"><a href=\"https:\/\/www.dealexpert.eu\/it\/piano-del-sito-2\/\">Plan du site<\/a><\/li>\n<li class=\"page_item page-item-8\"><a href=\"https:\/\/www.dealexpert.eu\/it\/negozio\/\">Shop<\/a><\/li>\n<\/ul>\n<h2 class=\"wsp-products-title\"><span class=\"ez-toc-section\" id=\"Prodotti\"><\/span>Prodotti<span class=\"ez-toc-section-end\"><\/span><\/h2>\n<ul class=\"wsp-products-list\">\n<li><a href=\"https:\/\/www.dealexpert.eu\/it\/p\/payloadtoolargeerror-entita-della-richiesta-troppo-grande-at-readstream-var-app-current-node_modules-raw-body-index-js16317-at-getrawbody-var-app-current-node_modules-raw-body-in-3\/\">PayloadTooLargeError: request entity too large<br> &nbsp; &nbsp;at readStream (\/var\/app\/current\/node_modules\/raw-body\/index.js:163:17)<br> &nbsp; &nbsp;at getRawBody (\/var\/app\/current\/node_modules\/raw-body\/index.js:116:12)<br> &nbsp; &nbsp;at read (\/var\/app\/current\/node_modules\/body-parser\/lib\/read.js:79:3)<br> &nbsp; &nbsp;at jsonParser (\/var\/app\/current\/node_modules\/body-parser\/lib\/types\/json.js:138:5)<br> &nbsp; &nbsp;at Layer.handle [as handle_request] (\/var\/app\/current\/node_modules\/express\/lib\/router\/layer.js:95:5)<br> &nbsp; &nbsp;at trim_prefix (\/var\/app\/current\/node_modules\/express\/lib\/router\/index.js:328:13)<br> &nbsp; &nbsp;at \/var\/app\/current\/node_modules\/express\/lib\/router\/index.js:286:9<br> &nbsp; &nbsp;at Function.process_params (\/var\/app\/current\/node_modules\/express\/lib\/router\/index.js:346:12)<br> &nbsp; &nbsp;at next (\/var\/app\/current\/node_modules\/express\/lib\/router\/index.js:280:10)<br> &nbsp; &nbsp;at expressInit (\/var\/app\/current\/node_modules\/express\/lib\/middleware\/init.js:40:5)<\/a><\/li>\n<li><a href=\"https:\/\/www.dealexpert.eu\/it\/p\/payloadtoolargeerror-entita-della-richiesta-troppo-grande-at-readstream-var-app-current-node_modules-raw-body-index-js16317-at-getrawbody-var-app-current-node_modules-raw-body-in-2\/\">PayloadTooLargeError: request entity too large<br> &nbsp; &nbsp;at readStream (\/var\/app\/current\/node_modules\/raw-body\/index.js:163:17)<br> &nbsp; &nbsp;at getRawBody (\/var\/app\/current\/node_modules\/raw-body\/index.js:116:12)<br> &nbsp; &nbsp;at read (\/var\/app\/current\/node_modules\/body-parser\/lib\/read.js:79:3)<br> &nbsp; &nbsp;at jsonParser (\/var\/app\/current\/node_modules\/body-parser\/lib\/types\/json.js:138:5)<br> &nbsp; &nbsp;at Layer.handle [as handle_request] (\/var\/app\/current\/node_modules\/express\/lib\/router\/layer.js:95:5)<br> &nbsp; &nbsp;at trim_prefix (\/var\/app\/current\/node_modules\/express\/lib\/router\/index.js:328:13)<br> &nbsp; &nbsp;at \/var\/app\/current\/node_modules\/express\/lib\/router\/index.js:286:9<br> &nbsp; &nbsp;at Function.process_params (\/var\/app\/current\/node_modules\/express\/lib\/router\/index.js:346:12)<br> &nbsp; &nbsp;at next (\/var\/app\/current\/node_modules\/express\/lib\/router\/index.js:280:10)<br> &nbsp; &nbsp;at expressInit (\/var\/app\/current\/node_modules\/express\/lib\/middleware\/init.js:40:5)<\/a><\/li>\n<li><a href=\"https:\/\/www.dealexpert.eu\/it\/p\/payloadtoolargeerror-entita-della-richiesta-troppo-grande-at-readstream-var-app-current-node_modules-raw-body-index-js16317-at-getrawbody-var-app-current-node_modules-raw-body-in\/\">PayloadTooLargeError: request entity too large<br> &nbsp; &nbsp;at readStream (\/var\/app\/current\/node_modules\/raw-body\/index.js:163:17)<br> &nbsp; &nbsp;at getRawBody (\/var\/app\/current\/node_modules\/raw-body\/index.js:116:12)<br> &nbsp; &nbsp;at read (\/var\/app\/current\/node_modules\/body-parser\/lib\/read.js:79:3)<br> &nbsp; &nbsp;at jsonParser (\/var\/app\/current\/node_modules\/body-parser\/lib\/types\/json.js:138:5)<br> &nbsp; &nbsp;at Layer.handle [as handle_request] (\/var\/app\/current\/node_modules\/express\/lib\/router\/layer.js:95:5)<br> &nbsp; &nbsp;at trim_prefix (\/var\/app\/current\/node_modules\/express\/lib\/router\/index.js:328:13)<br> &nbsp; &nbsp;at \/var\/app\/current\/node_modules\/express\/lib\/router\/index.js:286:9<br> &nbsp; &nbsp;at Function.process_params (\/var\/app\/current\/node_modules\/express\/lib\/router\/index.js:346:12)<br> &nbsp; &nbsp;at next (\/var\/app\/current\/node_modules\/express\/lib\/router\/index.js:280:10)<br> &nbsp; &nbsp;at expressInit (\/var\/app\/current\/node_modules\/express\/lib\/middleware\/init.js:40:5)<\/a><\/li>\n<li><a href=\"https:\/\/www.dealexpert.eu\/it\/p\/trituratore-notturno-per-pulire-i-graisses-la-notte\/\">Night shred pour br\u00fbler les graisses la nuit<\/a><\/li>\n<li><a href=\"https:\/\/www.dealexpert.eu\/it\/p\/night-shred-per-una-perdita-di-peso-e-un-dimagrimento-ameliores\/\">Night shred pour un sommeil et une perte de poids am\u00e9lior\u00e9s<\/a><\/li>\n<li><a href=\"https:\/\/www.dealexpert.eu\/it\/p\/trattamento-antiacne-idratante-alla-niacinamide\/\">Niacinamide hydrating acne treatment<\/a><\/li>\n<li><a href=\"https:\/\/www.dealexpert.eu\/it\/p\/probiotico-per-donne-e-uomini-vital-flora-ultra-daily\/\">Probiotic pour hommes et femmes - vital flora ultra daily<\/a><\/li>\n<li><a href=\"https:\/\/www.dealexpert.eu\/it\/p\/vitamina-d3-per-una-salute-ottimale\/\">Vitamin d3 pour une sant\u00e9 optimale<\/a><\/li>\n<li><a href=\"https:\/\/www.dealexpert.eu\/it\/p\/proteine-in-polvere-per-un-guadagno-di-massa-muscolare-efficace\/\">Protein powder pour un gain de masse musculaire efficace<\/a><\/li>\n<li><a href=\"https:\/\/www.dealexpert.eu\/it\/p\/proteine-del-siero-di-latte-isolate-di-alta-qualita-con-acidi-amminici-aggiunti\/\">Whey protein isolate de haute qualit\u00e9 avec des acides amin\u00e9s ajout\u00e9s<\/a><\/li>\n<li><a href=\"https:\/\/www.dealexpert.eu\/it\/p\/resistenza-e-recupero-con-trifuel-3-in-1\/\">Endurance et r\u00e9cup\u00e9ration avec trifuel 3-en-1<\/a><\/li>\n<li><a href=\"https:\/\/www.dealexpert.eu\/it\/p\/vitamina-c-per-un-sistema-immunitario-sano\/\">Vitamin c pour un syst\u00e8me immunitaire sain<\/a><\/li>\n<li><a href=\"https:\/\/www.dealexpert.eu\/it\/p\/curcumina-per-una-salute-migliore\/\">Curcumin pour une meilleure sant\u00e9<\/a><\/li>\n<li><a href=\"https:\/\/www.dealexpert.eu\/it\/p\/probiotique-pour-femme-et-homme-sante-intestinale\/\">Probiotique pour femme et homme, sant\u00e9 intestinale<\/a><\/li>\n<li><a href=\"https:\/\/www.dealexpert.eu\/it\/p\/dronex-2\/\">DroneX<\/a><\/li>\n<li><a href=\"https:\/\/www.dealexpert.eu\/it\/p\/torcia-tatticax\/\">TacticalX Flashlight<\/a><\/li>\n<li><a href=\"https:\/\/www.dealexpert.eu\/it\/p\/auto-intelligente\/\">Smart Car<\/a><\/li>\n<li><a href=\"https:\/\/www.dealexpert.eu\/it\/p\/fitness-intelligente\/\">Smart Fitness<\/a><\/li>\n<li><a href=\"https:\/\/www.dealexpert.eu\/it\/p\/itrack-gps-car-tracker\/\">iTrack GPS Car Tracker<\/a><\/li>\n<li><a href=\"https:\/\/www.dealexpert.eu\/it\/p\/lightsafex\/\">LightSafeX<\/a><\/li>\n<li><a href=\"https:\/\/www.dealexpert.eu\/it\/p\/clearview-2\/\">ClearView<\/a><\/li>\n<li><a href=\"https:\/\/www.dealexpert.eu\/it\/p\/dronex-pro-2\/\">DroneX Pro<\/a><\/li>\n<li><a href=\"https:\/\/www.dealexpert.eu\/it\/p\/t-guardare-2\/\">T-Watch<\/a><\/li>\n<li><a href=\"https:\/\/www.dealexpert.eu\/it\/p\/zanzara\/\">Mosquitron<\/a><\/li>\n<li><a href=\"https:\/\/www.dealexpert.eu\/it\/p\/healthwatch-3\/\">HealthWatch<\/a><\/li>\n<li><a href=\"https:\/\/www.dealexpert.eu\/it\/p\/ecotouch\/\">EcoTouch<\/a><\/li>\n<li><a href=\"https:\/\/www.dealexpert.eu\/it\/p\/homenetix\/\">HomeNETIX<\/a><\/li>\n<li><a href=\"https:\/\/www.dealexpert.eu\/it\/p\/smartlight\/\">SmartLight<\/a><\/li>\n<li><a href=\"https:\/\/www.dealexpert.eu\/it\/p\/nanosicurezza\/\">NanoSecure<\/a><\/li>\n<li><a href=\"https:\/\/www.dealexpert.eu\/it\/p\/portafoglio-smart-louis-blanc\/\">Louis Blanc Smart-Wallet<\/a><\/li>\n<li><a href=\"https:\/\/www.dealexpert.eu\/it\/p\/ecoheat-s-2\/\">EcoHeat S<\/a><\/li>\n<li><a href=\"https:\/\/www.dealexpert.eu\/it\/p\/doccia-idromassaggio-ionica\/\">IOnic Spa Shower<\/a><\/li>\n<li><a href=\"https:\/\/www.dealexpert.eu\/it\/p\/sonicx-pro\/\">SonicX PRO<\/a><\/li>\n<li><a href=\"https:\/\/www.dealexpert.eu\/it\/p\/tracker-fitness-activ8\/\">ActiV8 Fitness Tracker<\/a><\/li>\n<li><a href=\"https:\/\/www.dealexpert.eu\/it\/p\/wifi-ultraboost-2\/\">WIFI UltraBoost<\/a><\/li>\n<li><a href=\"https:\/\/www.dealexpert.eu\/it\/p\/campanello-video\/\">Video DoorBell<\/a><\/li>\n<li><a href=\"https:\/\/www.dealexpert.eu\/it\/p\/diamondsmile\/\">DiamondSmile<\/a><\/li>\n<li><a href=\"https:\/\/www.dealexpert.eu\/it\/p\/telefoni-aerei\/\">AirPhones<\/a><\/li>\n<li><a href=\"https:\/\/www.dealexpert.eu\/it\/p\/sensi-di-sonno\/\">SenseSleep<\/a><\/li>\n<li><a href=\"https:\/\/www.dealexpert.eu\/it\/p\/silentsnore\/\">SilentSnore<\/a><\/li>\n<li><a href=\"https:\/\/www.dealexpert.eu\/it\/p\/drone-aereo-tattico\/\">Tactic AIR Drone<\/a><\/li>\n<li><a href=\"https:\/\/www.dealexpert.eu\/it\/p\/fumogeni\/\">SmokeSOS<\/a><\/li>\n<li><a href=\"https:\/\/www.dealexpert.eu\/it\/p\/ergorelax\/\">ErgoRelax<\/a><\/li>\n<li><a href=\"https:\/\/www.dealexpert.eu\/it\/p\/robot-pulito\/\">CleanRobot<\/a><\/li>\n<li><a href=\"https:\/\/www.dealexpert.eu\/it\/p\/soundpro-spor\/\">SoundPRO Spor<\/a><\/li>\n<li><a href=\"https:\/\/www.dealexpert.eu\/it\/p\/banda-moskix\/\">MoskiX Band<\/a><\/li>\n<li><a href=\"https:\/\/www.dealexpert.eu\/it\/p\/sleeplab\/\">SleepLab<\/a><\/li>\n<li><a href=\"https:\/\/www.dealexpert.eu\/it\/p\/homepolice24\/\">HomePolice24<\/a><\/li>\n<li><a href=\"https:\/\/www.dealexpert.eu\/it\/p\/waterboom-360\/\">WaterBOOM 360<\/a><\/li>\n<li><a href=\"https:\/\/www.dealexpert.eu\/it\/p\/moskitron-led\/\">Moskitron LED<\/a><\/li>\n<li><a href=\"https:\/\/www.dealexpert.eu\/it\/p\/memorysafex-2\/\">MemorySafeX<\/a><\/li>\n<li><a href=\"https:\/\/www.dealexpert.eu\/it\/p\/activbeat-2-0\/\">ActivBeat 2.0<\/a><\/li>\n<li><a href=\"https:\/\/www.dealexpert.eu\/it\/p\/y-reggiseno\/\">Y-Bra<\/a><\/li>\n<li><a href=\"https:\/\/www.dealexpert.eu\/it\/p\/zenmind-xp\/\">ZenMind XP<\/a><\/li>\n<li><a href=\"https:\/\/www.dealexpert.eu\/it\/p\/tatticofonox\/\">TacticPhoneX<\/a><\/li>\n<\/ul>\n<h2 class=\"wsp-product_brands-title\"><span class=\"ez-toc-section\" id=\"Marchi\"><\/span>Marchi<span class=\"ez-toc-section-end\"><\/span><\/h2>\n<ul class=\"wsp-product_brands-list\">\n<li><a href=\"https:\/\/www.dealexpert.eu\/it\/marchio\/biotechusa\/\">BioTechUSA<\/a><\/li>\n<li><a href=\"https:\/\/www.dealexpert.eu\/it\/marchio\/fuxion\/\">FuXion<\/a><\/li>\n<li><a href=\"https:\/\/www.dealexpert.eu\/it\/marchio\/ciao-kfood\/\">HELLO KFOOD<\/a><\/li>\n<li><a href=\"https:\/\/www.dealexpert.eu\/it\/marchio\/innosupps\/\">InnoSupps<\/a><\/li>\n<li><a href=\"https:\/\/www.dealexpert.eu\/it\/marchio\/laboratori-livon\/\">LivOn Laboratories<\/a><\/li>\n<li><a href=\"https:\/\/www.dealexpert.eu\/it\/marchio\/ora-gli-alimenti\/\">NOW Foods<\/a><\/li>\n<li><a href=\"https:\/\/www.dealexpert.eu\/it\/marchio\/opasdh\/\">OPASDH<\/a><\/li>\n<li><a href=\"https:\/\/www.dealexpert.eu\/it\/marchio\/incapsulazioni-pure\/\">Pure Encapsulations<\/a><\/li>\n<li><a href=\"https:\/\/www.dealexpert.eu\/it\/marchio\/swiig\/\">swiig<\/a><\/li>\n<li><a href=\"https:\/\/www.dealexpert.eu\/it\/marchio\/trifuel\/\">TriFuel<\/a><\/li>\n<li><a href=\"https:\/\/www.dealexpert.eu\/it\/marchio\/pianeta-vitale\/\">Vital Planet<\/a><\/li>\n<\/ul>\n<h2 class=\"wsp-product_cats-title\"><span class=\"ez-toc-section\" id=\"Categorie_prodotto\"><\/span>Categorie prodotto<span class=\"ez-toc-section-end\"><\/span><\/h2>\n<ul class=\"wsp-product_cats-list\">\n<li><a href=\"https:\/\/www.dealexpert.eu\/it\/gatto\/bcaa-elettroliti-endurance\/\">BCAA + \u00e9lectrolytes endurance<\/a><\/li>\n<li><a href=\"https:\/\/www.dealexpert.eu\/it\/gatto\/acido-linoleico-coniugato\/\">CLA (Conjugated Linoleic Acid)<\/a><\/li>\n<li><a href=\"https:\/\/www.dealexpert.eu\/it\/gatto\/curcuma-curcumina-anti-infiammatoria\/\">Curcuma curcumine anti-inflammatoire<\/a><\/li>\n<li><a href=\"https:\/\/www.dealexpert.eu\/it\/gatto\/te-verde-con-egcg-per-la-perdita-di-peso\/\">Green Tea with EGCG for Weight Loss<\/a><\/li>\n<li><a href=\"https:\/\/www.dealexpert.eu\/it\/gatto\/la-l-carnitina-per-bruciare-i-grassi\/\">L-Carnitine for Fat Burning<\/a><\/li>\n<li><a href=\"https:\/\/www.dealexpert.eu\/it\/gatto\/proteine-isolate-del-siero-di-latte-native\/\">Native Whey Protein Isolate<\/a><\/li>\n<li><a href=\"https:\/\/www.dealexpert.eu\/it\/gatto\/probiotici-per-la-flora-intestinale\/\">Probiotics for Gut Flora<\/a><\/li>\n<li><a href=\"https:\/\/www.dealexpert.eu\/it\/gatto\/flora-intestinale-probiotica\/\">Probiotiques intestinal flora<\/a><\/li>\n<li><a href=\"https:\/\/www.dealexpert.eu\/it\/gatto\/tecnologia\/\">Technology<\/a><\/li>\n<li><a href=\"https:\/\/www.dealexpert.eu\/it\/gatto\/vitamina-d3-5000-iu-per-limmunita\/\">Vitamin D3 5000 IU for Immunity<\/a><\/li>\n<li><a href=\"https:\/\/www.dealexpert.eu\/it\/gatto\/vitamina-c-ascorbato-liposomiale\/\">Vitamine C ascorbate liposomale<\/a><\/li>\n<li><a href=\"https:\/\/www.dealexpert.eu\/it\/gatto\/concentrato-di-proteine-del-siero-di-latte-per-laumento-di-massa\/\">Whey Protein Concentrate for Mass Gain<\/a><\/li>\n<li><a href=\"https:\/\/www.dealexpert.eu\/it\/gatto\/zinco-rame-per-lequilibrio\/\">Zinc + Copper for Balance<\/a><\/li>\n<\/ul>\n<\/div>\n","protected":false},"excerpt":{"rendered":"","protected":false},"author":1,"featured_media":0,"parent":0,"menu_order":0,"comment_status":"closed","ping_status":"closed","template":"","meta":{"_lmt_disableupdate":"","_lmt_disable":"","_kadence_starter_templates_imported_post":false,"_kad_post_transparent":"","_kad_post_title":"","_kad_post_layout":"","_kad_post_sidebar_id":"","_kad_post_content_style":"","_kad_post_vertical_padding":"","_kad_post_feature":"","_kad_post_feature_position":"","_kad_post_header":false,"_kad_post_footer":false,"_kad_post_classname":"","footnotes":""},"class_list":["post-1605","page","type-page","status-publish","hentry"],"_links":{"self":[{"href":"https:\/\/www.dealexpert.eu\/it\/wp-json\/wp\/v2\/pages\/1605","targetHints":{"allow":["GET"]}}],"collection":[{"href":"https:\/\/www.dealexpert.eu\/it\/wp-json\/wp\/v2\/pages"}],"about":[{"href":"https:\/\/www.dealexpert.eu\/it\/wp-json\/wp\/v2\/types\/page"}],"author":[{"embeddable":true,"href":"https:\/\/www.dealexpert.eu\/it\/wp-json\/wp\/v2\/users\/1"}],"replies":[{"embeddable":true,"href":"https:\/\/www.dealexpert.eu\/it\/wp-json\/wp\/v2\/comments?post=1605"}],"version-history":[{"count":0,"href":"https:\/\/www.dealexpert.eu\/it\/wp-json\/wp\/v2\/pages\/1605\/revisions"}],"wp:attachment":[{"href":"https:\/\/www.dealexpert.eu\/it\/wp-json\/wp\/v2\/media?parent=1605"}],"curies":[{"name":"wp","href":"https:\/\/api.w.org\/{rel}","templated":true}]}}