{"id":340,"date":"2025-07-24T01:14:50","date_gmt":"2025-07-24T01:14:50","guid":{"rendered":"https:\/\/www.dealexpert.eu\/?post_type=product&#038;p=340"},"modified":"2025-07-24T14:33:45","modified_gmt":"2025-07-24T14:33:45","slug":"voiture-intelligente","status":"publish","type":"product","link":"https:\/\/www.dealexpert.eu\/fr\/p\/voiture-intelligente\/","title":{"rendered":"Voiture intelligente"},"content":{"rendered":"<div class=\"kk-star-ratings kksr-auto kksr-align-left kksr-valign-top\"\n    data-payload='{&quot;align&quot;:&quot;left&quot;,&quot;id&quot;:&quot;340&quot;,&quot;slug&quot;:&quot;default&quot;,&quot;valign&quot;:&quot;top&quot;,&quot;ignore&quot;:&quot;&quot;,&quot;reference&quot;:&quot;auto&quot;,&quot;class&quot;:&quot;&quot;,&quot;count&quot;:&quot;0&quot;,&quot;legendonly&quot;:&quot;&quot;,&quot;readonly&quot;:&quot;&quot;,&quot;score&quot;:&quot;0&quot;,&quot;starsonly&quot;:&quot;&quot;,&quot;best&quot;:&quot;5&quot;,&quot;gap&quot;:&quot;5&quot;,&quot;greet&quot;:&quot;Rate this product&quot;,&quot;legend&quot;:&quot;0\\\/5 - (0 vote)&quot;,&quot;size&quot;:&quot;24&quot;,&quot;title&quot;:&quot;Smart Car&quot;,&quot;width&quot;:&quot;0&quot;,&quot;_legend&quot;:&quot;{score}\\\/{best} - ({count} {votes})&quot;,&quot;font_factor&quot;:&quot;1.25&quot;}'>\n            \n<div class=\"kksr-stars\">\n    \n<div class=\"kksr-stars-inactive\">\n            <div class=\"kksr-star\" data-star=\"1\" style=\"padding-right: 5px\">\n            \n\n<div class=\"kksr-icon\" style=\"width: 24px; height: 24px;\"><\/div>\n        <\/div>\n            <div class=\"kksr-star\" data-star=\"2\" style=\"padding-right: 5px\">\n            \n\n<div class=\"kksr-icon\" style=\"width: 24px; height: 24px;\"><\/div>\n        <\/div>\n            <div class=\"kksr-star\" data-star=\"3\" style=\"padding-right: 5px\">\n            \n\n<div class=\"kksr-icon\" style=\"width: 24px; height: 24px;\"><\/div>\n        <\/div>\n            <div class=\"kksr-star\" data-star=\"4\" style=\"padding-right: 5px\">\n            \n\n<div class=\"kksr-icon\" style=\"width: 24px; height: 24px;\"><\/div>\n        <\/div>\n            <div class=\"kksr-star\" data-star=\"5\" style=\"padding-right: 5px\">\n            \n\n<div class=\"kksr-icon\" style=\"width: 24px; height: 24px;\"><\/div>\n        <\/div>\n    <\/div>\n    \n<div class=\"kksr-stars-active\" style=\"width: 0px;\">\n            <div class=\"kksr-star\" style=\"padding-right: 5px\">\n            \n\n<div class=\"kksr-icon\" style=\"width: 24px; height: 24px;\"><\/div>\n        <\/div>\n            <div class=\"kksr-star\" style=\"padding-right: 5px\">\n            \n\n<div class=\"kksr-icon\" style=\"width: 24px; height: 24px;\"><\/div>\n        <\/div>\n            <div class=\"kksr-star\" style=\"padding-right: 5px\">\n            \n\n<div class=\"kksr-icon\" style=\"width: 24px; height: 24px;\"><\/div>\n        <\/div>\n            <div class=\"kksr-star\" style=\"padding-right: 5px\">\n            \n\n<div class=\"kksr-icon\" style=\"width: 24px; height: 24px;\"><\/div>\n        <\/div>\n            <div class=\"kksr-star\" style=\"padding-right: 5px\">\n            \n\n<div class=\"kksr-icon\" style=\"width: 24px; height: 24px;\"><\/div>\n        <\/div>\n    <\/div>\n<\/div>\n                \n\n<div class=\"kksr-legend\" style=\"font-size: 19.2px;\">\n            <span class=\"kksr-muted\">Notez ce produit<\/span>\n    <\/div>\n    <\/div>\n<div id=\"ez-toc-container\" class=\"ez-toc-v2_0_81 counter-hierarchy ez-toc-counter ez-toc-grey ez-toc-container-direction\">\n<div class=\"ez-toc-title-container\">\n<p class=\"ez-toc-title\" style=\"cursor:inherit\">R\u00e9sum\u00e9<\/p>\n<span class=\"ez-toc-title-toggle\"><a href=\"#\" class=\"ez-toc-pull-right ez-toc-btn ez-toc-btn-xs ez-toc-btn-default ez-toc-toggle\" aria-label=\"Toggle Table des mati\u00e8res\"><span class=\"ez-toc-js-icon-con\"><span class=\"\"><span class=\"eztoc-hide\" style=\"display:none;\">Toggle<\/span><span class=\"ez-toc-icon-toggle-span\"><svg style=\"fill: #999;color:#999\" xmlns=\"http:\/\/www.w3.org\/2000\/svg\" class=\"list-377408\" width=\"20px\" height=\"20px\" viewbox=\"0 0 24 24\" fill=\"none\"><path d=\"M6 6H4v2h2V6zm14 0H8v2h12V6zM4 11h2v2H4v-2zm16 0H8v2h12v-2zM4 16h2v2H4v-2zm16 0H8v2h12v-2z\" fill=\"currentColor\"><\/path><\/svg><svg style=\"fill: #999;color:#999\" class=\"arrow-unsorted-368013\" xmlns=\"http:\/\/www.w3.org\/2000\/svg\" width=\"10px\" height=\"10px\" viewbox=\"0 0 24 24\" version=\"1.2\" baseprofile=\"tiny\"><path d=\"M18.2 9.3l-6.2-6.3-6.2 6.3c-.2.2-.3.4-.3.7s.1.5.3.7c.2.2.4.3.7.3h11c.3 0 .5-.1.7-.3.2-.2.3-.5.3-.7s-.1-.5-.3-.7zM5.8 14.7l6.2 6.3 6.2-6.3c.2-.2.3-.5.3-.7s-.1-.5-.3-.7c-.2-.2-.4-.3-.7-.3h-11c-.3 0-.5.1-.7.3-.2.2-.3.5-.3.7s.1.5.3.7z\"\/><\/svg><\/span><\/span><\/span><\/a><\/span><\/div>\n<nav><ul class='ez-toc-list ez-toc-list-level-1 eztoc-toggle-hide-by-default' ><li class='ez-toc-page-1 ez-toc-heading-level-2'><a class=\"ez-toc-link ez-toc-heading-1\" href=\"https:\/\/www.dealexpert.eu\/fr\/p\/voiture-intelligente\/#Advantages_of_Smart_Cars\" >Avantages des voitures intelligentes<\/a><\/li><li class='ez-toc-page-1 ez-toc-heading-level-2'><a class=\"ez-toc-link ez-toc-heading-2\" href=\"https:\/\/www.dealexpert.eu\/fr\/p\/voiture-intelligente\/#Key_Features_of_Smart_Cars\" >Principales caract\u00e9ristiques des voitures intelligentes<\/a><\/li><li class='ez-toc-page-1 ez-toc-heading-level-2'><a class=\"ez-toc-link ez-toc-heading-3\" href=\"https:\/\/www.dealexpert.eu\/fr\/p\/voiture-intelligente\/#Benefits_of_Owning_a_Smart_Car\" >Les avantages de poss\u00e9der une voiture intelligente<\/a><\/li><li class='ez-toc-page-1 ez-toc-heading-level-2'><a class=\"ez-toc-link ez-toc-heading-4\" href=\"https:\/\/www.dealexpert.eu\/fr\/p\/voiture-intelligente\/#How_Neotechix_Enhances_Your_Smart_Car_Experience\" >Comment Neotechix am\u00e9liore votre exp\u00e9rience de la voiture intelligente<\/a><\/li><li class='ez-toc-page-1 ez-toc-heading-level-2'><a class=\"ez-toc-link ez-toc-heading-5\" href=\"https:\/\/www.dealexpert.eu\/fr\/p\/voiture-intelligente\/#Frequently_Asked_Questions_About_Smart_Cars\" >Questions fr\u00e9quemment pos\u00e9es sur les voitures intelligentes<\/a><ul class='ez-toc-list-level-3' ><li class='ez-toc-heading-level-3'><a class=\"ez-toc-link ez-toc-heading-6\" href=\"https:\/\/www.dealexpert.eu\/fr\/p\/voiture-intelligente\/#What_makes_a_car_%E2%80%9Csmart%E2%80%9D\" >Qu'est-ce qui rend une voiture \"intelligente\" ?<\/a><\/li><li class='ez-toc-page-1 ez-toc-heading-level-3'><a class=\"ez-toc-link ez-toc-heading-7\" href=\"https:\/\/www.dealexpert.eu\/fr\/p\/voiture-intelligente\/#Do_smart_cars_require_special_maintenance\" >Les voitures intelligentes n\u00e9cessitent-elles un entretien particulier ?<\/a><\/li><\/ul><\/li><li class='ez-toc-page-1 ez-toc-heading-level-2'><a class=\"ez-toc-link ez-toc-heading-8\" href=\"https:\/\/www.dealexpert.eu\/fr\/p\/voiture-intelligente\/#The_Future_of_Smart_Cars\" >L'avenir des voitures intelligentes<\/a><\/li><\/ul><\/nav><\/div>\n<h2><span class=\"ez-toc-section\" id=\"Advantages_of_Smart_Cars\"><\/span>Avantages des voitures intelligentes<span class=\"ez-toc-section-end\"><\/span><\/h2>\n<p>Les voitures intelligentes offrent une s\u00e9rie d'avantages significatifs qui peuvent v\u00e9ritablement transformer votre fa\u00e7on de conduire. En tant que conducteur, vous appr\u00e9cierez sans doute la commodit\u00e9, l'efficacit\u00e9 et la s\u00e9curit\u00e9 qu'elles apportent. L'un des avantages les plus remarquables est la connectivit\u00e9 transparente que ces v\u00e9hicules offrent. Imaginez que vous puissiez contr\u00f4ler votre voiture sans effort \u00e0 l'aide d'un smartphone ou recevoir des mises \u00e0 jour en temps r\u00e9el pour que votre v\u00e9hicule soit toujours au mieux de sa forme.<\/p>\n<p>En outre, gr\u00e2ce \u00e0 des fonctions telles que les syst\u00e8mes avanc\u00e9s d'aide \u00e0 la conduite (ADAS), les voitures intelligentes sont con\u00e7ues pour r\u00e9duire l'erreur humaine, offrant ainsi un niveau de s\u00e9curit\u00e9 suppl\u00e9mentaire. Les fonctions d'autoparking font \u00e9galement du stationnement un jeu d'enfant, ce qui vous permet d'\u00e9conomiser du temps et de la frustration. C'est comme avoir un copilote, mais beaucoup plus intelligent.<\/p>\n<p>En mati\u00e8re d'efficacit\u00e9 \u00e9nerg\u00e9tique, les voitures intelligentes excellent. Elles peuvent analyser vos habitudes de conduite et s'adapter en cons\u00e9quence pour vous proposer les itin\u00e9raires et les vitesses les plus efficaces sur le plan \u00e9nerg\u00e9tique, ce qui les rend \u00e0 la fois \u00e9cologiques et rentables \u00e0 long terme. Et le plus beau, c'est qu'elles s'adaptent \u00e0 vos besoins. Elles s'adaptent \u00e0 vos besoins, rendant chaque trajet plus fluide et plus agr\u00e9able.<\/p>\n<h2><span class=\"ez-toc-section\" id=\"Key_Features_of_Smart_Cars\"><\/span>Principales caract\u00e9ristiques des voitures intelligentes<span class=\"ez-toc-section-end\"><\/span><\/h2>\n<ul>\n<li><strong>Syst\u00e8mes avanc\u00e9s d'aide \u00e0 la conduite (ADAS) :<\/strong> Ces syst\u00e8mes offrent des fonctions de s\u00e9curit\u00e9 telles que l'assistance au maintien de la trajectoire, l'alerte en cas de collision et le freinage d'urgence.<\/li>\n<li><strong>Connectivit\u00e9 sans faille :<\/strong> Connectez votre voiture \u00e0 des smartphones, des tablettes et d'autres appareils pour contr\u00f4ler votre v\u00e9hicule \u00e0 distance.<\/li>\n<li><strong>Stationnement automatique :<\/strong> La capacit\u00e9 de se garer seul dans les espaces restreints, ce qui r\u00e9duit le stress et \u00e9limine le besoin d'un assistant de stationnement.<\/li>\n<li><strong>Conduite \u00e9cologique :<\/strong> Les voitures intelligentes optimisent la consommation de carburant, r\u00e9duisant ainsi votre empreinte carbone tout en vous faisant \u00e9conomiser de l'essence.<\/li>\n<li><strong>Mises \u00e0 jour automatis\u00e9es des logiciels :<\/strong> Recevez les mises \u00e0 jour du syst\u00e8me de votre voiture par voie hertzienne, ce qui garantit que le logiciel de votre v\u00e9hicule reste \u00e0 jour sans que vous ayez besoin de vous rendre chez un m\u00e9canicien.<\/li>\n<\/ul>\n<h2><span class=\"ez-toc-section\" id=\"Benefits_of_Owning_a_Smart_Car\"><\/span>Les avantages de poss\u00e9der une voiture intelligente<span class=\"ez-toc-section-end\"><\/span><\/h2>\n<p>En tant qu'heureux propri\u00e9taire d'une voiture intelligente, vous remarquerez rapidement les avantages qu'elle apporte \u00e0 votre vie quotidienne. Une s\u00e9curit\u00e9 accrue, une consommation de carburant r\u00e9duite et un plus grand plaisir de conduire ne sont que quelques exemples. L'une des caract\u00e9ristiques les plus remarquables est l'int\u00e9gration des assistants num\u00e9riques. Vous pouvez donner des commandes vocales \u00e0 votre voiture et tout contr\u00f4ler, de la navigation aux r\u00e9glages de la climatisation, sans lever le petit doigt.<\/p>\n<p>En outre, la capacit\u00e9 \u00e0 r\u00e9duire l'erreur humaine dans la conduite change la donne. Gr\u00e2ce \u00e0 des syst\u00e8mes automatis\u00e9s, votre voiture intelligente permet d'\u00e9viter les accidents et d'assurer des trajets plus fluides. L'int\u00e9gration d'appareils IoT la rend encore plus pratique : votre voiture peut interagir avec des appareils domestiques intelligents, rationalisant ainsi l'ensemble de votre mode de vie.<\/p>\n<h2><span class=\"ez-toc-section\" id=\"How_Neotechix_Enhances_Your_Smart_Car_Experience\"><\/span>Comment Neotechix am\u00e9liore votre exp\u00e9rience de la voiture intelligente<span class=\"ez-toc-section-end\"><\/span><\/h2>\n<p>Neotechix a d\u00e9velopp\u00e9 une s\u00e9rie de produits qui compl\u00e8tent parfaitement l'\u00e9cosyst\u00e8me de la voiture intelligente. Leurs solutions ne se contentent pas d'am\u00e9liorer la connectivit\u00e9, elles assurent une int\u00e9gration transparente avec la technologie de votre v\u00e9hicule, garantissant un fonctionnement optimal. Qu'il s'agisse de fournir des mises \u00e0 jour en temps r\u00e9el ou d'assurer la compatibilit\u00e9 avec d'autres appareils que vous poss\u00e9dez, Neotechix offre les outils n\u00e9cessaires pour rendre votre voiture intelligente encore plus intelligente.<\/p>\n<p>De plus, Neotechix ne se contente pas de fournir des solutions pour la voiture elle-m\u00eame. Ils veillent \u00e0 ce que votre exp\u00e9rience soit int\u00e9gr\u00e9e dans votre vie quotidienne, en offrant une connectivit\u00e9 avec d'autres appareils intelligents, am\u00e9liorant ainsi votre exp\u00e9rience globale. Il ne s'agit pas seulement de conduire, mais de vivre plus intelligemment.<\/p>\n<h2><span class=\"ez-toc-section\" id=\"Frequently_Asked_Questions_About_Smart_Cars\"><\/span>Questions fr\u00e9quemment pos\u00e9es sur les voitures intelligentes<span class=\"ez-toc-section-end\"><\/span><\/h2>\n<h3><span class=\"ez-toc-section\" id=\"What_makes_a_car_%E2%80%9Csmart%E2%80%9D\"><\/span>Qu'est-ce qui rend une voiture \"intelligente\" ?<span class=\"ez-toc-section-end\"><\/span><\/h3>\n<p>Une voiture intelligente est \u00e9quip\u00e9e d'une technologie avanc\u00e9e qui la connecte \u00e0 l'internet et lui permet de b\u00e9n\u00e9ficier de fonctions telles que l'assistance \u00e0 la conduite autonome, la navigation et bien plus encore. Ces technologies offrent \u00e0 la fois s\u00e9curit\u00e9 et commodit\u00e9.<\/p>\n<h3><span class=\"ez-toc-section\" id=\"Do_smart_cars_require_special_maintenance\"><\/span>Les voitures intelligentes n\u00e9cessitent-elles un entretien particulier ?<span class=\"ez-toc-section-end\"><\/span><\/h3>\n<p>Si les voitures intelligentes n\u00e9cessitent un certain entretien, notamment en ce qui concerne les mises \u00e0 jour logicielles et les v\u00e9rifications des syst\u00e8mes, elles n'ont g\u00e9n\u00e9ralement pas besoin de plus d'entretien que les voitures traditionnelles. Les mises \u00e0 jour r\u00e9guli\u00e8res des logiciels sont essentielles pour garantir des performances optimales, mais l'entretien m\u00e9canique reste similaire \u00e0 celui des v\u00e9hicules classiques.<\/p>\n<h2><span class=\"ez-toc-section\" id=\"The_Future_of_Smart_Cars\"><\/span>L'avenir des voitures intelligentes<span class=\"ez-toc-section-end\"><\/span><\/h2>\n<p>L'avenir des voitures intelligentes est incroyablement passionnant. Au fur et \u00e0 mesure que la technologie progresse, nous assistons \u00e0 des d\u00e9veloppements en mati\u00e8re de conduite autonome, d'IA et d'int\u00e9gration plus pouss\u00e9e avec les villes intelligentes. Ces avanc\u00e9es promettent de rendre les voitures intelligentes encore plus connect\u00e9es, plus s\u00fbres et plus durables. En tant que conducteur, vous pouvez vous attendre \u00e0 encore plus de commodit\u00e9 et d'innovation, avec des v\u00e9hicules qui seront capables d'anticiper vos besoins et de s'int\u00e9grer pleinement dans vos routines quotidiennes.<\/p>\n<p>Les voitures intelligentes repr\u00e9sentent l'avenir du transport, et avec la bonne technologie, comme les solutions de Neotechix, vous pouvez am\u00e9liorer votre exp\u00e9rience de conduite d'une mani\u00e8re que vous n'auriez peut-\u00eatre jamais imagin\u00e9e. Gardez une longueur d'avance, restez connect\u00e9 et adoptez l'avenir de la conduite.<\/p>","protected":false},"excerpt":{"rendered":"<li>Syst\u00e8mes avanc\u00e9s d'aide \u00e0 la conduite (ADAS) pour une s\u00e9curit\u00e9 accrue<\/li>\n<li>Connectivit\u00e9 transparente avec les smartphones et les appareils intelligents<\/li>\n<li>Possibilit\u00e9 de se garer soi-m\u00eame pour plus de commodit\u00e9<\/li>\n<li>Conduite \u00e9cologique gr\u00e2ce \u00e0 des technologies \u00e9conomes en \u00e9nergie<\/li>\n<li>Mises \u00e0 jour automatiques du logiciel pour maintenir la technologie de la voiture \u00e0 jour<\/li>","protected":false},"featured_media":874,"template":"","meta":{"_lmt_disableupdate":"","_lmt_disable":"","_kadence_starter_templates_imported_post":false,"_kad_post_transparent":"default","_kad_post_title":"","_kad_post_layout":"default","_kad_post_sidebar_id":"","_kad_post_content_style":"default","_kad_post_vertical_padding":"default","_kad_post_feature":"","_kad_post_feature_position":"","_kad_post_header":false,"_kad_post_footer":false,"_kad_post_classname":""},"product_brand":[],"product_cat":[16],"product_tag":[],"class_list":{"0":"post-340","1":"product","2":"type-product","3":"status-publish","4":"has-post-thumbnail","6":"product_cat-technology","8":"first","9":"instock","10":"shipping-taxable","11":"product-type-external","12":"entry","13":"content-bg","14":"loop-entry"},"_links":{"self":[{"href":"https:\/\/www.dealexpert.eu\/fr\/wp-json\/wp\/v2\/product\/340","targetHints":{"allow":["GET"]}}],"collection":[{"href":"https:\/\/www.dealexpert.eu\/fr\/wp-json\/wp\/v2\/product"}],"about":[{"href":"https:\/\/www.dealexpert.eu\/fr\/wp-json\/wp\/v2\/types\/product"}],"wp:featuredmedia":[{"embeddable":true,"href":"https:\/\/www.dealexpert.eu\/fr\/wp-json\/wp\/v2\/media\/874"}],"wp:attachment":[{"href":"https:\/\/www.dealexpert.eu\/fr\/wp-json\/wp\/v2\/media?parent=340"}],"wp:term":[{"taxonomy":"product_brand","embeddable":true,"href":"https:\/\/www.dealexpert.eu\/fr\/wp-json\/wp\/v2\/product_brand?post=340"},{"taxonomy":"product_cat","embeddable":true,"href":"https:\/\/www.dealexpert.eu\/fr\/wp-json\/wp\/v2\/product_cat?post=340"},{"taxonomy":"product_tag","embeddable":true,"href":"https:\/\/www.dealexpert.eu\/fr\/wp-json\/wp\/v2\/product_tag?post=340"}],"curies":[{"name":"wp","href":"https:\/\/api.w.org\/{rel}","templated":true}]}}