{"id":339,"date":"2025-07-24T01:05:39","date_gmt":"2025-07-24T01:05:39","guid":{"rendered":"https:\/\/www.dealexpert.eu\/?post_type=product&#038;p=339"},"modified":"2025-07-24T14:33:38","modified_gmt":"2025-07-24T14:33:38","slug":"fitness-intelligent","status":"publish","type":"product","link":"https:\/\/www.dealexpert.eu\/fr\/p\/fitness-intelligent\/","title":{"rendered":"Smart Fitness"},"content":{"rendered":"<div class=\"kk-star-ratings kksr-auto kksr-align-left kksr-valign-top\"\n    data-payload='{&quot;align&quot;:&quot;left&quot;,&quot;id&quot;:&quot;339&quot;,&quot;slug&quot;:&quot;default&quot;,&quot;valign&quot;:&quot;top&quot;,&quot;ignore&quot;:&quot;&quot;,&quot;reference&quot;:&quot;auto&quot;,&quot;class&quot;:&quot;&quot;,&quot;count&quot;:&quot;0&quot;,&quot;legendonly&quot;:&quot;&quot;,&quot;readonly&quot;:&quot;&quot;,&quot;score&quot;:&quot;0&quot;,&quot;starsonly&quot;:&quot;&quot;,&quot;best&quot;:&quot;5&quot;,&quot;gap&quot;:&quot;5&quot;,&quot;greet&quot;:&quot;Rate this product&quot;,&quot;legend&quot;:&quot;0\\\/5 - (0 vote)&quot;,&quot;size&quot;:&quot;24&quot;,&quot;title&quot;:&quot;Smart Fitness&quot;,&quot;width&quot;:&quot;0&quot;,&quot;_legend&quot;:&quot;{score}\\\/{best} - ({count} {votes})&quot;,&quot;font_factor&quot;:&quot;1.25&quot;}'>\n            \n<div class=\"kksr-stars\">\n    \n<div class=\"kksr-stars-inactive\">\n            <div class=\"kksr-star\" data-star=\"1\" style=\"padding-right: 5px\">\n            \n\n<div class=\"kksr-icon\" style=\"width: 24px; height: 24px;\"><\/div>\n        <\/div>\n            <div class=\"kksr-star\" data-star=\"2\" style=\"padding-right: 5px\">\n            \n\n<div class=\"kksr-icon\" style=\"width: 24px; height: 24px;\"><\/div>\n        <\/div>\n            <div class=\"kksr-star\" data-star=\"3\" style=\"padding-right: 5px\">\n            \n\n<div class=\"kksr-icon\" style=\"width: 24px; height: 24px;\"><\/div>\n        <\/div>\n            <div class=\"kksr-star\" data-star=\"4\" style=\"padding-right: 5px\">\n            \n\n<div class=\"kksr-icon\" style=\"width: 24px; height: 24px;\"><\/div>\n        <\/div>\n            <div class=\"kksr-star\" data-star=\"5\" style=\"padding-right: 5px\">\n            \n\n<div class=\"kksr-icon\" style=\"width: 24px; height: 24px;\"><\/div>\n        <\/div>\n    <\/div>\n    \n<div class=\"kksr-stars-active\" style=\"width: 0px;\">\n            <div class=\"kksr-star\" style=\"padding-right: 5px\">\n            \n\n<div class=\"kksr-icon\" style=\"width: 24px; height: 24px;\"><\/div>\n        <\/div>\n            <div class=\"kksr-star\" style=\"padding-right: 5px\">\n            \n\n<div class=\"kksr-icon\" style=\"width: 24px; height: 24px;\"><\/div>\n        <\/div>\n            <div class=\"kksr-star\" style=\"padding-right: 5px\">\n            \n\n<div class=\"kksr-icon\" style=\"width: 24px; height: 24px;\"><\/div>\n        <\/div>\n            <div class=\"kksr-star\" style=\"padding-right: 5px\">\n            \n\n<div class=\"kksr-icon\" style=\"width: 24px; height: 24px;\"><\/div>\n        <\/div>\n            <div class=\"kksr-star\" style=\"padding-right: 5px\">\n            \n\n<div class=\"kksr-icon\" style=\"width: 24px; height: 24px;\"><\/div>\n        <\/div>\n    <\/div>\n<\/div>\n                \n\n<div class=\"kksr-legend\" style=\"font-size: 19.2px;\">\n            <span class=\"kksr-muted\">Notez ce produit<\/span>\n    <\/div>\n    <\/div>\n<div id=\"ez-toc-container\" class=\"ez-toc-v2_0_81 counter-hierarchy ez-toc-counter ez-toc-grey ez-toc-container-direction\">\n<div class=\"ez-toc-title-container\">\n<p class=\"ez-toc-title\" style=\"cursor:inherit\">R\u00e9sum\u00e9<\/p>\n<span class=\"ez-toc-title-toggle\"><a href=\"#\" class=\"ez-toc-pull-right ez-toc-btn ez-toc-btn-xs ez-toc-btn-default ez-toc-toggle\" aria-label=\"Toggle Table des mati\u00e8res\"><span class=\"ez-toc-js-icon-con\"><span class=\"\"><span class=\"eztoc-hide\" style=\"display:none;\">Toggle<\/span><span class=\"ez-toc-icon-toggle-span\"><svg style=\"fill: #999;color:#999\" xmlns=\"http:\/\/www.w3.org\/2000\/svg\" class=\"list-377408\" width=\"20px\" height=\"20px\" viewbox=\"0 0 24 24\" fill=\"none\"><path d=\"M6 6H4v2h2V6zm14 0H8v2h12V6zM4 11h2v2H4v-2zm16 0H8v2h12v-2zM4 16h2v2H4v-2zm16 0H8v2h12v-2z\" fill=\"currentColor\"><\/path><\/svg><svg style=\"fill: #999;color:#999\" class=\"arrow-unsorted-368013\" xmlns=\"http:\/\/www.w3.org\/2000\/svg\" width=\"10px\" height=\"10px\" viewbox=\"0 0 24 24\" version=\"1.2\" baseprofile=\"tiny\"><path d=\"M18.2 9.3l-6.2-6.3-6.2 6.3c-.2.2-.3.4-.3.7s.1.5.3.7c.2.2.4.3.7.3h11c.3 0 .5-.1.7-.3.2-.2.3-.5.3-.7s-.1-.5-.3-.7zM5.8 14.7l6.2 6.3 6.2-6.3c.2-.2.3-.5.3-.7s-.1-.5-.3-.7c-.2-.2-.4-.3-.7-.3h-11c-.3 0-.5.1-.7.3-.2.2-.3.5-.3.7s.1.5.3.7z\"\/><\/svg><\/span><\/span><\/span><\/a><\/span><\/div>\n<nav><ul class='ez-toc-list ez-toc-list-level-1 eztoc-toggle-hide-by-default' ><li class='ez-toc-page-1 ez-toc-heading-level-2'><a class=\"ez-toc-link ez-toc-heading-1\" href=\"https:\/\/www.dealexpert.eu\/fr\/p\/fitness-intelligent\/#What_is_smart_fitness\" >Qu'est-ce que le fitness intelligent ?<\/a><\/li><li class='ez-toc-page-1 ez-toc-heading-level-2'><a class=\"ez-toc-link ez-toc-heading-2\" href=\"https:\/\/www.dealexpert.eu\/fr\/p\/fitness-intelligent\/#Benefits_of_smart_fitness\" >Avantages du fitness intelligent<\/a><\/li><li class='ez-toc-page-1 ez-toc-heading-level-2'><a class=\"ez-toc-link ez-toc-heading-3\" href=\"https:\/\/www.dealexpert.eu\/fr\/p\/fitness-intelligent\/#Top_smart_fitness_products_Introducing_SmartFit\" >Les meilleurs produits de fitness intelligents : Pr\u00e9sentation de SmartFit<\/a><ul class='ez-toc-list-level-3' ><li class='ez-toc-heading-level-3'><a class=\"ez-toc-link ez-toc-heading-4\" href=\"https:\/\/www.dealexpert.eu\/fr\/p\/fitness-intelligent\/#SmartFit_Features_Benefits\" >SmartFit : Caract\u00e9ristiques et avantages<\/a><\/li><\/ul><\/li><li class='ez-toc-page-1 ez-toc-heading-level-2'><a class=\"ez-toc-link ez-toc-heading-5\" href=\"https:\/\/www.dealexpert.eu\/fr\/p\/fitness-intelligent\/#How_does_SmartFit_work\" >Comment fonctionne SmartFit ?<\/a><\/li><li class='ez-toc-page-1 ez-toc-heading-level-2'><a class=\"ez-toc-link ez-toc-heading-6\" href=\"https:\/\/www.dealexpert.eu\/fr\/p\/fitness-intelligent\/#Customer_reviews_of_SmartFit\" >Commentaires des clients sur SmartFit<\/a><\/li><li class='ez-toc-page-1 ez-toc-heading-level-2'><a class=\"ez-toc-link ez-toc-heading-7\" href=\"https:\/\/www.dealexpert.eu\/fr\/p\/fitness-intelligent\/#How_to_buy_SmartFit\" >Comment acheter SmartFit<\/a><\/li><li class='ez-toc-page-1 ez-toc-heading-level-2'><a class=\"ez-toc-link ez-toc-heading-8\" href=\"https:\/\/www.dealexpert.eu\/fr\/p\/fitness-intelligent\/#The_future_of_fitness\" >L'avenir du fitness<\/a><\/li><li class='ez-toc-page-1 ez-toc-heading-level-2'><a class=\"ez-toc-link ez-toc-heading-9\" href=\"https:\/\/www.dealexpert.eu\/fr\/p\/fitness-intelligent\/#Frequently_asked_questions\" >Questions fr\u00e9quemment pos\u00e9es<\/a><ul class='ez-toc-list-level-3' ><li class='ez-toc-heading-level-3'><a class=\"ez-toc-link ez-toc-heading-10\" href=\"https:\/\/www.dealexpert.eu\/fr\/p\/fitness-intelligent\/#What_is_the_battery_life_of_SmartFit\" >Quelle est l'autonomie de la batterie de SmartFit ?<\/a><\/li><li class='ez-toc-page-1 ez-toc-heading-level-3'><a class=\"ez-toc-link ez-toc-heading-11\" href=\"https:\/\/www.dealexpert.eu\/fr\/p\/fitness-intelligent\/#Can_I_use_SmartFit_with_other_fitness_apps\" >Puis-je utiliser SmartFit avec d'autres applications de fitness ?<\/a><\/li><\/ul><\/li><\/ul><\/nav><\/div>\n<h2><span class=\"ez-toc-section\" id=\"What_is_smart_fitness\"><\/span>Qu'est-ce que le fitness intelligent ?<span class=\"ez-toc-section-end\"><\/span><\/h2>\n<p>Le fitness intelligent fait r\u00e9f\u00e9rence \u00e0 l'utilisation de la technologie dans votre routine d'entra\u00eenement, ce qui facilite le suivi, la surveillance et l'optimisation de vos performances. Cette innovation vous permet d'int\u00e9grer des appareils portables, des applications et des capteurs dans votre exercice quotidien, ce qui vous aide \u00e0 rester sur la bonne voie pour atteindre vos objectifs de remise en forme. Gr\u00e2ce aux appareils intelligents, vos s\u00e9ances d'entra\u00eenement deviennent plus personnalis\u00e9es, plus efficaces et plus ax\u00e9es sur les donn\u00e9es. C'est comme si vous aviez un entra\u00eeneur personnel dans la paume de votre main !<\/p>\n<h2><span class=\"ez-toc-section\" id=\"Benefits_of_smart_fitness\"><\/span>Avantages du fitness intelligent<span class=\"ez-toc-section-end\"><\/span><\/h2>\n<p>Lorsque j'ai essay\u00e9 pour la premi\u00e8re fois d'utiliser des outils de fitness intelligents, j'ai \u00e9t\u00e9 stup\u00e9faite de voir \u00e0 quel point ils ont transform\u00e9 ma routine. Ces appareils offrent plusieurs avantages impressionnants :<\/p>\n<ul>\n<li><strong>Plans d'entra\u00eenement personnalis\u00e9s :<\/strong> Sur la base de donn\u00e9es en temps r\u00e9el, les appareils de fitness intelligents permettent de cr\u00e9er des programmes d'entra\u00eenement sur mesure, s'adaptant \u00e0 votre niveau de forme et \u00e0 vos progr\u00e8s.<\/li>\n<li><strong>Suivi des progr\u00e8s en temps r\u00e9el :<\/strong> Vous pouvez suivre vos performances au cours de chaque session, ce qui vous permet d'obtenir un retour d'information instantan\u00e9 sur les domaines que vous devez am\u00e9liorer.<\/li>\n<li><strong>Stimulation de la motivation :<\/strong> De nombreux appareils de fitness intelligents sont dot\u00e9s de fonctions interactives, telles que des d\u00e9fis ou des rappels, qui peuvent vous motiver \u00e0 respecter vos objectifs.<\/li>\n<li><strong>Surveillance compl\u00e8te de la sant\u00e9 :<\/strong> Les dispositifs port\u00e9s sur soi, comme les trackers de fitness, surveillent des param\u00e8tres de sant\u00e9 cl\u00e9s tels que la fr\u00e9quence cardiaque, les pas et les calories br\u00fbl\u00e9es, vous aidant ainsi \u00e0 maintenir un mode de vie plus sain.<\/li>\n<\/ul>\n<h2><span class=\"ez-toc-section\" id=\"Top_smart_fitness_products_Introducing_SmartFit\"><\/span>Les meilleurs produits de fitness intelligents : Pr\u00e9sentation de SmartFit<span class=\"ez-toc-section-end\"><\/span><\/h2>\n<p>Parmi la large gamme de produits de fitness intelligents disponibles, l'un d'entre eux se distingue par le SmartFit de Neotechix. Cet appareil est rapidement devenu l'un de mes favoris en raison de ses excellentes performances et de ses fonctions avanc\u00e9es.<\/p>\n<h3><span class=\"ez-toc-section\" id=\"SmartFit_Features_Benefits\"><\/span>SmartFit : Caract\u00e9ristiques et avantages<span class=\"ez-toc-section-end\"><\/span><\/h3>\n<p>Le SmartFit offre plusieurs fonctions de pointe qui en font l'une des meilleures options sur le march\u00e9 des appareils de fitness intelligents. Voici un aper\u00e7u de ses capacit\u00e9s :<\/p>\n<ul>\n<li><strong>Contr\u00f4le de la fr\u00e9quence cardiaque en temps r\u00e9el :<\/strong> Gardez le contr\u00f4le de votre sant\u00e9 cardiaque pendant vos s\u00e9ances d'entra\u00eenement gr\u00e2ce au suivi continu de la fr\u00e9quence cardiaque.<\/li>\n<li><strong>Modes d'entra\u00eenement personnalisables :<\/strong> Que vous soyez un d\u00e9butant ou un athl\u00e8te exp\u00e9riment\u00e9, vous pouvez adapter les modes d'entra\u00eenement \u00e0 votre niveau de forme.<\/li>\n<li><strong>Suivi du sommeil et informations sur la r\u00e9cup\u00e9ration :<\/strong> Le SmartFit suit vos habitudes de sommeil, ce qui vous permet de savoir si vous r\u00e9cup\u00e9rez bien pour des performances optimales.<\/li>\n<li><strong>Compatibilit\u00e9 des applications et des appareils :<\/strong> Cet appareil est compatible avec plusieurs applications de fitness populaires, ce qui permet une synchronisation transparente des donn\u00e9es.<\/li>\n<li><strong>Longue dur\u00e9e de vie de la batterie et r\u00e9sistance \u00e0 l'eau :<\/strong> Vous pouvez compter sur SmartFit pour une autonomie allant jusqu'\u00e0 7 jours, et il est \u00e9galement r\u00e9sistant \u00e0 l'eau, ce qui le rend parfait pour tous les types d'entra\u00eenements.<\/li>\n<\/ul>\n<h2><span class=\"ez-toc-section\" id=\"How_does_SmartFit_work\"><\/span>Comment fonctionne SmartFit ?<span class=\"ez-toc-section-end\"><\/span><\/h2>\n<p>Le SmartFit se synchronise avec votre appareil mobile via Bluetooth, recueillant les donn\u00e9es de ses capteurs et vous fournissant un retour instantan\u00e9 sur vos performances. Il surveille vos mouvements, votre fr\u00e9quence cardiaque et fournit m\u00eame des informations sur la r\u00e9cup\u00e9ration en fonction de vos habitudes de sommeil. Ce niveau d'int\u00e9gration garantit que votre parcours de remise en forme est holistique et complet, vous aidant \u00e0 vous am\u00e9liorer dans tous les domaines, de l'intensit\u00e9 de l'entra\u00eenement au repos et \u00e0 la r\u00e9cup\u00e9ration.<\/p>\n<h2><span class=\"ez-toc-section\" id=\"Customer_reviews_of_SmartFit\"><\/span>Commentaires des clients sur SmartFit<span class=\"ez-toc-section-end\"><\/span><\/h2>\n<p>Ne me croyez pas sur parole : de nombreux utilisateurs ont partag\u00e9 leurs exp\u00e9riences avec SmartFit. Voici ce que certains d'entre eux ont \u00e0 dire :<\/p>\n<ul>\n<li><i>\"Le SmartFit a compl\u00e8tement transform\u00e9 mes s\u00e9ances d'entra\u00eenement. Je peux voir mes progr\u00e8s en temps r\u00e9el !\"<\/i> - Jane, passionn\u00e9e de fitness<\/li>\n<li><i>\"J'adore la fa\u00e7on dont le SmartFit suit mon sommeil et ma r\u00e9cup\u00e9ration. C'est comme si j'avais un entra\u00eeneur personnel et un coach sant\u00e9 en un seul appareil.\"<\/i> - Mark, Utilisateur actif<\/li>\n<\/ul>\n<h2><span class=\"ez-toc-section\" id=\"How_to_buy_SmartFit\"><\/span>Comment acheter SmartFit<span class=\"ez-toc-section-end\"><\/span><\/h2>\n<p>Pr\u00eat \u00e0 franchir une nouvelle \u00e9tape dans votre parcours de remise en forme ? Le SmartFit est disponible \u00e0 l'achat directement sur le site officiel de Neotechix. Avec ses caract\u00e9ristiques impressionnantes, il s'agit d'un investissement qui ne manquera pas d'am\u00e9liorer vos s\u00e9ances d'entra\u00eenement.<\/p>\n<h2><span class=\"ez-toc-section\" id=\"The_future_of_fitness\"><\/span>L'avenir du fitness<span class=\"ez-toc-section-end\"><\/span><\/h2>\n<p>Alors que la technologie continue d'\u00e9voluer, les appareils de fitness intelligents comme le SmartFit sont en train de r\u00e9volutionner la fa\u00e7on dont nous abordons nos routines de fitness. Ces appareils ne se contentent pas de nous aider \u00e0 suivre nos s\u00e9ances d'entra\u00eenement ; ils nous encouragent \u00e0 \u00eatre plus performants, \u00e0 r\u00e9cup\u00e9rer plus vite et \u00e0 rester motiv\u00e9s. Que vous d\u00e9butiez votre parcours de remise en forme ou que vous soyez d\u00e9j\u00e0 un athl\u00e8te exp\u00e9riment\u00e9, l'int\u00e9gration d'un dispositif de remise en forme intelligent dans votre routine peut am\u00e9liorer consid\u00e9rablement vos r\u00e9sultats.<\/p>\n<h2><span class=\"ez-toc-section\" id=\"Frequently_asked_questions\"><\/span>Questions fr\u00e9quemment pos\u00e9es<span class=\"ez-toc-section-end\"><\/span><\/h2>\n<h3><span class=\"ez-toc-section\" id=\"What_is_the_battery_life_of_SmartFit\"><\/span>Quelle est l'autonomie de la batterie de SmartFit ?<span class=\"ez-toc-section-end\"><\/span><\/h3>\n<p>Le SmartFit offre jusqu'\u00e0 7 jours d'autonomie, en fonction de l'utilisation. Gr\u00e2ce \u00e0 cette autonomie, vous n'aurez pas \u00e0 vous soucier constamment de recharger votre appareil pendant vos s\u00e9ances d'entra\u00eenement.<\/p>\n<h3><span class=\"ez-toc-section\" id=\"Can_I_use_SmartFit_with_other_fitness_apps\"><\/span>Puis-je utiliser SmartFit avec d'autres applications de fitness ?<span class=\"ez-toc-section-end\"><\/span><\/h3>\n<p>Oui, SmartFit est compatible avec des applications de fitness populaires telles que MyFitnessPal et Strava, de sorte que vous pouvez facilement synchroniser vos donn\u00e9es avec d'autres plateformes pour obtenir une vue plus compl\u00e8te de votre sant\u00e9 et de votre forme physique.<\/p>","protected":false},"excerpt":{"rendered":"<li>Contr\u00f4le de la fr\u00e9quence cardiaque en temps r\u00e9el<\/li>\n<li>Modes d'entra\u00eenement personnalisables pour tous les niveaux de forme physique<\/li>\n<li>Suivi du sommeil et informations sur la r\u00e9cup\u00e9ration<\/li>\n<li>Compatibilit\u00e9 avec les applications et appareils de fitness les plus courants<\/li>\n<li>Longue dur\u00e9e de vie de la batterie et conception r\u00e9sistante \u00e0 l'eau<\/li>","protected":false},"featured_media":495,"template":"","meta":{"_lmt_disableupdate":"","_lmt_disable":"","_kadence_starter_templates_imported_post":false,"_kad_post_transparent":"default","_kad_post_title":"","_kad_post_layout":"default","_kad_post_sidebar_id":"","_kad_post_content_style":"default","_kad_post_vertical_padding":"default","_kad_post_feature":"","_kad_post_feature_position":"","_kad_post_header":false,"_kad_post_footer":false,"_kad_post_classname":""},"product_brand":[],"product_cat":[16],"product_tag":[],"class_list":{"0":"post-339","1":"product","2":"type-product","3":"status-publish","4":"has-post-thumbnail","6":"product_cat-technology","8":"first","9":"instock","10":"shipping-taxable","11":"product-type-external","12":"entry","13":"content-bg","14":"loop-entry"},"_links":{"self":[{"href":"https:\/\/www.dealexpert.eu\/fr\/wp-json\/wp\/v2\/product\/339","targetHints":{"allow":["GET"]}}],"collection":[{"href":"https:\/\/www.dealexpert.eu\/fr\/wp-json\/wp\/v2\/product"}],"about":[{"href":"https:\/\/www.dealexpert.eu\/fr\/wp-json\/wp\/v2\/types\/product"}],"wp:featuredmedia":[{"embeddable":true,"href":"https:\/\/www.dealexpert.eu\/fr\/wp-json\/wp\/v2\/media\/495"}],"wp:attachment":[{"href":"https:\/\/www.dealexpert.eu\/fr\/wp-json\/wp\/v2\/media?parent=339"}],"wp:term":[{"taxonomy":"product_brand","embeddable":true,"href":"https:\/\/www.dealexpert.eu\/fr\/wp-json\/wp\/v2\/product_brand?post=339"},{"taxonomy":"product_cat","embeddable":true,"href":"https:\/\/www.dealexpert.eu\/fr\/wp-json\/wp\/v2\/product_cat?post=339"},{"taxonomy":"product_tag","embeddable":true,"href":"https:\/\/www.dealexpert.eu\/fr\/wp-json\/wp\/v2\/product_tag?post=339"}],"curies":[{"name":"wp","href":"https:\/\/api.w.org\/{rel}","templated":true}]}}