{"id":329,"date":"2025-07-24T00:01:14","date_gmt":"2025-07-24T00:01:14","guid":{"rendered":"https:\/\/www.dealexpert.eu\/?post_type=product&#038;p=329"},"modified":"2025-07-24T14:33:29","modified_gmt":"2025-07-24T14:33:29","slug":"homenetix","status":"publish","type":"product","link":"https:\/\/www.dealexpert.eu\/fr\/p\/homenetix\/","title":{"rendered":"HomeNETIX"},"content":{"rendered":"<div class=\"kk-star-ratings kksr-auto kksr-align-left kksr-valign-top\"\n    data-payload='{&quot;align&quot;:&quot;left&quot;,&quot;id&quot;:&quot;329&quot;,&quot;slug&quot;:&quot;default&quot;,&quot;valign&quot;:&quot;top&quot;,&quot;ignore&quot;:&quot;&quot;,&quot;reference&quot;:&quot;auto&quot;,&quot;class&quot;:&quot;&quot;,&quot;count&quot;:&quot;0&quot;,&quot;legendonly&quot;:&quot;&quot;,&quot;readonly&quot;:&quot;&quot;,&quot;score&quot;:&quot;0&quot;,&quot;starsonly&quot;:&quot;&quot;,&quot;best&quot;:&quot;5&quot;,&quot;gap&quot;:&quot;5&quot;,&quot;greet&quot;:&quot;Rate this product&quot;,&quot;legend&quot;:&quot;0\\\/5 - (0 vote)&quot;,&quot;size&quot;:&quot;24&quot;,&quot;title&quot;:&quot;HomeNETIX&quot;,&quot;width&quot;:&quot;0&quot;,&quot;_legend&quot;:&quot;{score}\\\/{best} - ({count} {votes})&quot;,&quot;font_factor&quot;:&quot;1.25&quot;}'>\n            \n<div class=\"kksr-stars\">\n    \n<div class=\"kksr-stars-inactive\">\n            <div class=\"kksr-star\" data-star=\"1\" style=\"padding-right: 5px\">\n            \n\n<div class=\"kksr-icon\" style=\"width: 24px; height: 24px;\"><\/div>\n        <\/div>\n            <div class=\"kksr-star\" data-star=\"2\" style=\"padding-right: 5px\">\n            \n\n<div class=\"kksr-icon\" style=\"width: 24px; height: 24px;\"><\/div>\n        <\/div>\n            <div class=\"kksr-star\" data-star=\"3\" style=\"padding-right: 5px\">\n            \n\n<div class=\"kksr-icon\" style=\"width: 24px; height: 24px;\"><\/div>\n        <\/div>\n            <div class=\"kksr-star\" data-star=\"4\" style=\"padding-right: 5px\">\n            \n\n<div class=\"kksr-icon\" style=\"width: 24px; height: 24px;\"><\/div>\n        <\/div>\n            <div class=\"kksr-star\" data-star=\"5\" style=\"padding-right: 5px\">\n            \n\n<div class=\"kksr-icon\" style=\"width: 24px; height: 24px;\"><\/div>\n        <\/div>\n    <\/div>\n    \n<div class=\"kksr-stars-active\" style=\"width: 0px;\">\n            <div class=\"kksr-star\" style=\"padding-right: 5px\">\n            \n\n<div class=\"kksr-icon\" style=\"width: 24px; height: 24px;\"><\/div>\n        <\/div>\n            <div class=\"kksr-star\" style=\"padding-right: 5px\">\n            \n\n<div class=\"kksr-icon\" style=\"width: 24px; height: 24px;\"><\/div>\n        <\/div>\n            <div class=\"kksr-star\" style=\"padding-right: 5px\">\n            \n\n<div class=\"kksr-icon\" style=\"width: 24px; height: 24px;\"><\/div>\n        <\/div>\n            <div class=\"kksr-star\" style=\"padding-right: 5px\">\n            \n\n<div class=\"kksr-icon\" style=\"width: 24px; height: 24px;\"><\/div>\n        <\/div>\n            <div class=\"kksr-star\" style=\"padding-right: 5px\">\n            \n\n<div class=\"kksr-icon\" style=\"width: 24px; height: 24px;\"><\/div>\n        <\/div>\n    <\/div>\n<\/div>\n                \n\n<div class=\"kksr-legend\" style=\"font-size: 19.2px;\">\n            <span class=\"kksr-muted\">Notez ce produit<\/span>\n    <\/div>\n    <\/div>\n<div style=\"width: 1024px;\" class=\"wp-video\"><video class=\"wp-video-shortcode\" id=\"video-329-1\" width=\"1024\" height=\"576\" preload=\"metadata\" controls=\"controls\"><source type=\"video\/mp4\" src=\"https:\/\/www.dealexpert.eu\/wp-content\/uploads\/2025\/07\/video.mp4?_=1\" \/><a href=\"https:\/\/www.dealexpert.eu\/wp-content\/uploads\/2025\/07\/video.mp4\">https:\/\/www.dealexpert.eu\/wp-content\/uploads\/2025\/07\/video.mp4<\/a><\/video><\/div>\n<div id=\"ez-toc-container\" class=\"ez-toc-v2_0_81 counter-hierarchy ez-toc-counter ez-toc-grey ez-toc-container-direction\">\n<div class=\"ez-toc-title-container\">\n<p class=\"ez-toc-title\" style=\"cursor:inherit\">R\u00e9sum\u00e9<\/p>\n<span class=\"ez-toc-title-toggle\"><a href=\"#\" class=\"ez-toc-pull-right ez-toc-btn ez-toc-btn-xs ez-toc-btn-default ez-toc-toggle\" aria-label=\"Toggle Table des mati\u00e8res\"><span class=\"ez-toc-js-icon-con\"><span class=\"\"><span class=\"eztoc-hide\" style=\"display:none;\">Toggle<\/span><span class=\"ez-toc-icon-toggle-span\"><svg style=\"fill: #999;color:#999\" xmlns=\"http:\/\/www.w3.org\/2000\/svg\" class=\"list-377408\" width=\"20px\" height=\"20px\" viewbox=\"0 0 24 24\" fill=\"none\"><path d=\"M6 6H4v2h2V6zm14 0H8v2h12V6zM4 11h2v2H4v-2zm16 0H8v2h12v-2zM4 16h2v2H4v-2zm16 0H8v2h12v-2z\" fill=\"currentColor\"><\/path><\/svg><svg style=\"fill: #999;color:#999\" class=\"arrow-unsorted-368013\" xmlns=\"http:\/\/www.w3.org\/2000\/svg\" width=\"10px\" height=\"10px\" viewbox=\"0 0 24 24\" version=\"1.2\" baseprofile=\"tiny\"><path d=\"M18.2 9.3l-6.2-6.3-6.2 6.3c-.2.2-.3.4-.3.7s.1.5.3.7c.2.2.4.3.7.3h11c.3 0 .5-.1.7-.3.2-.2.3-.5.3-.7s-.1-.5-.3-.7zM5.8 14.7l6.2 6.3 6.2-6.3c.2-.2.3-.5.3-.7s-.1-.5-.3-.7c-.2-.2-.4-.3-.7-.3h-11c-.3 0-.5.1-.7.3-.2.2-.3.5-.3.7s.1.5.3.7z\"\/><\/svg><\/span><\/span><\/span><\/a><\/span><\/div>\n<nav><ul class='ez-toc-list ez-toc-list-level-1 eztoc-toggle-hide-by-default' ><li class='ez-toc-page-1 ez-toc-heading-level-2'><a class=\"ez-toc-link ez-toc-heading-1\" href=\"https:\/\/www.dealexpert.eu\/fr\/p\/homenetix\/#What_are_the_benefits_of_HomeNETIX\" >Quels sont les avantages de HomeNETIX ?<\/a><ul class='ez-toc-list-level-3' ><li class='ez-toc-heading-level-3'><a class=\"ez-toc-link ez-toc-heading-2\" href=\"https:\/\/www.dealexpert.eu\/fr\/p\/homenetix\/#Enhanced_Convenience\" >Un confort accru<\/a><\/li><li class='ez-toc-page-1 ez-toc-heading-level-3'><a class=\"ez-toc-link ez-toc-heading-3\" href=\"https:\/\/www.dealexpert.eu\/fr\/p\/homenetix\/#Improved_Security\" >Am\u00e9lioration de la s\u00e9curit\u00e9<\/a><\/li><li class='ez-toc-page-1 ez-toc-heading-level-3'><a class=\"ez-toc-link ez-toc-heading-4\" href=\"https:\/\/www.dealexpert.eu\/fr\/p\/homenetix\/#Energy_Efficiency\" >Efficacit\u00e9 \u00e9nerg\u00e9tique<\/a><\/li><li class='ez-toc-page-1 ez-toc-heading-level-3'><a class=\"ez-toc-link ez-toc-heading-5\" href=\"https:\/\/www.dealexpert.eu\/fr\/p\/homenetix\/#Remote_Control\" >T\u00e9l\u00e9commande<\/a><\/li><li class='ez-toc-page-1 ez-toc-heading-level-3'><a class=\"ez-toc-link ez-toc-heading-6\" href=\"https:\/\/www.dealexpert.eu\/fr\/p\/homenetix\/#Increased_Property_Value\" >Augmentation de la valeur de la propri\u00e9t\u00e9<\/a><\/li><\/ul><\/li><li class='ez-toc-page-1 ez-toc-heading-level-2'><a class=\"ez-toc-link ez-toc-heading-7\" href=\"https:\/\/www.dealexpert.eu\/fr\/p\/homenetix\/#How_does_HomeNETIX_work\" >Comment fonctionne HomeNETIX ?<\/a><\/li><li class='ez-toc-page-1 ez-toc-heading-level-2'><a class=\"ez-toc-link ez-toc-heading-8\" href=\"https:\/\/www.dealexpert.eu\/fr\/p\/homenetix\/#Installation_of_HomeNETIX\" >Installation de HomeNETIX<\/a><\/li><li class='ez-toc-page-1 ez-toc-heading-level-2'><a class=\"ez-toc-link ez-toc-heading-9\" href=\"https:\/\/www.dealexpert.eu\/fr\/p\/homenetix\/#Pricing_and_Packages\" >Prix et forfaits<\/a><\/li><li class='ez-toc-page-1 ez-toc-heading-level-2'><a class=\"ez-toc-link ez-toc-heading-10\" href=\"https:\/\/www.dealexpert.eu\/fr\/p\/homenetix\/#What_do_customers_say_about_HomeNETIX\" >Que disent les clients de HomeNETIX ?<\/a><\/li><li class='ez-toc-page-1 ez-toc-heading-level-2'><a class=\"ez-toc-link ez-toc-heading-11\" href=\"https:\/\/www.dealexpert.eu\/fr\/p\/homenetix\/#Alternatives_to_HomeNETIX\" >Alternatives \u00e0 HomeNETIX<\/a><\/li><\/ul><\/nav><\/div>\n<h2><span class=\"ez-toc-section\" id=\"What_are_the_benefits_of_HomeNETIX\"><\/span>Quels sont les avantages de HomeNETIX ?<span class=\"ez-toc-section-end\"><\/span><\/h2>\n<p>Lorsque j'ai d\u00e9couvert HomeNETIX, j'ai tout de suite \u00e9t\u00e9 impressionn\u00e9 par la fa\u00e7on dont il pouvait am\u00e9liorer ma vie \u00e0 la maison. Il s'agit d'un syst\u00e8me complet qui promet d'automatiser votre maison, de renforcer la s\u00e9curit\u00e9 et m\u00eame de rendre votre maison plus \u00e9conome en \u00e9nergie. Laissez-moi vous pr\u00e9senter ses avantages.<\/p>\n<h3><span class=\"ez-toc-section\" id=\"Enhanced_Convenience\"><\/span>Un confort accru<span class=\"ez-toc-section-end\"><\/span><\/h3>\n<p>L'une des meilleures choses \u00e0 propos de HomeNETIX est la fa\u00e7on dont il simplifie ma vie. Avec tout ce qui est connect\u00e9 sous un seul syst\u00e8me, je peux g\u00e9rer tous mes appareils \u00e0 partir d'une seule application. Qu'il s'agisse de contr\u00f4ler les lumi\u00e8res, de r\u00e9gler la temp\u00e9rature ou de verrouiller les portes, tout est \u00e0 port\u00e9e de main. Imaginez que vous n'ayez pas \u00e0 vous lever pour \u00e9teindre les lumi\u00e8res ou \u00e0 vous soucier de savoir si les portes sont verrouill\u00e9es. HomeNETIX s'occupe de tout cela, sans effort.<\/p>\n<h3><span class=\"ez-toc-section\" id=\"Improved_Security\"><\/span>Am\u00e9lioration de la s\u00e9curit\u00e9<span class=\"ez-toc-section-end\"><\/span><\/h3>\n<p>HomeNETIX m'a vraiment permis de me sentir plus en s\u00e9curit\u00e9. Je peux garder un \u0153il sur ma maison gr\u00e2ce \u00e0 des cam\u00e9ras intelligentes et recevoir des alertes en temps r\u00e9el si quelque chose d'inhabituel se produit. C'est comme si j'avais une couche de protection suppl\u00e9mentaire, que je sois \u00e0 la maison ou \u00e0 l'ext\u00e9rieur. Le fait de savoir que le syst\u00e8me peut m'avertir instantan\u00e9ment en cas de probl\u00e8me me procure une tranquillit\u00e9 d'esprit inestimable.<\/p>\n<h3><span class=\"ez-toc-section\" id=\"Energy_Efficiency\"><\/span>Efficacit\u00e9 \u00e9nerg\u00e9tique<span class=\"ez-toc-section-end\"><\/span><\/h3>\n<p>J'ai pu r\u00e9duire mes factures d'\u00e9lectricit\u00e9 gr\u00e2ce aux programmes automatis\u00e9s propos\u00e9s par HomeNETIX. Je peux programmer le syst\u00e8me pour qu'il ajuste le chauffage, la climatisation et l'\u00e9clairage en fonction de mes habitudes quotidiennes. Cela signifie que je ne gaspille pas d'\u00e9nergie lorsque je n'en ai pas besoin, ce qui est \u00e0 la fois \u00e9cologique et rentable. C'est agr\u00e9able de savoir que je rends ma maison plus intelligente tout en r\u00e9duisant mon empreinte carbone.<\/p>\n<h3><span class=\"ez-toc-section\" id=\"Remote_Control\"><\/span>T\u00e9l\u00e9commande<span class=\"ez-toc-section-end\"><\/span><\/h3>\n<p>L'une des fonctions que j'adore est la possibilit\u00e9 de contr\u00f4ler mes appareils \u00e0 distance. Que je sois au travail, en vacances ou en train de faire des courses, je peux acc\u00e9der aux syst\u00e8mes de ma maison depuis n'importe o\u00f9 dans le monde. C'est particuli\u00e8rement pratique lorsque je dois faire entrer quelqu'un ou v\u00e9rifier les cam\u00e9ras de s\u00e9curit\u00e9 en mon absence.<\/p>\n<h3><span class=\"ez-toc-section\" id=\"Increased_Property_Value\"><\/span>Augmentation de la valeur de la propri\u00e9t\u00e9<span class=\"ez-toc-section-end\"><\/span><\/h3>\n<p>En plus de toutes les commodit\u00e9s quotidiennes, j'ai appris que le fait d'avoir une maison intelligente peut en fait augmenter la valeur de ma propri\u00e9t\u00e9. De plus en plus d'acheteurs recherchent des maisons dot\u00e9es de technologies intelligentes, et HomeNETIX est un excellent moyen de faire ressortir ma maison. C'est un investissement qui porte ses fruits \u00e0 long terme.<\/p>\n<h2><span class=\"ez-toc-section\" id=\"How_does_HomeNETIX_work\"><\/span>Comment fonctionne HomeNETIX ?<span class=\"ez-toc-section-end\"><\/span><\/h2>\n<p>HomeNETIX fonctionne \u00e0 l'aide d'un hub central qui relie tous vos appareils intelligents, cr\u00e9ant ainsi un r\u00e9seau domestique connect\u00e9. Gr\u00e2ce \u00e0 l'application conviviale, vous pouvez tout g\u00e9rer en temps r\u00e9el, de l'\u00e9clairage \u00e0 la s\u00e9curit\u00e9. L'int\u00e9gration dans le cloud permet un contr\u00f4le \u00e0 distance, de sorte que vous n'avez jamais \u00e0 vous soucier d'\u00eatre \u00e0 la maison pour ajuster les param\u00e8tres ou r\u00e9pondre aux alertes.<\/p>\n<h2><span class=\"ez-toc-section\" id=\"Installation_of_HomeNETIX\"><\/span>Installation de HomeNETIX<span class=\"ez-toc-section-end\"><\/span><\/h2>\n<p>L'installation de HomeNETIX a \u00e9t\u00e9 \u00e9tonnamment simple. Les instructions sont claires et la plupart des gens peuvent installer leur syst\u00e8me en moins d'une heure. Si vous pr\u00e9f\u00e9rez, des services d'installation professionnels sont \u00e9galement disponibles pour les installations plus complexes. Le processus est simplifi\u00e9, ce qui permet \u00e0 toute personne, quelle que soit son expertise technique, de commencer \u00e0 profiter des avantages d'une maison intelligente.<\/p>\n<h2><span class=\"ez-toc-section\" id=\"Pricing_and_Packages\"><\/span>Prix et forfaits<span class=\"ez-toc-section-end\"><\/span><\/h2>\n<p>HomeNETIX propose diff\u00e9rents plans tarifaires, ce qui permet \u00e0 chacun d'y trouver son compte. Que vous recherchiez une installation d'automatisation de base ou un syst\u00e8me de s\u00e9curit\u00e9 plus avanc\u00e9, il existe des options flexibles pour r\u00e9pondre \u00e0 vos besoins et \u00e0 votre budget. Je vous recommande de consulter les derni\u00e8res offres et promotions pour obtenir le meilleur rapport qualit\u00e9-prix.<\/p>\n<h2><span class=\"ez-toc-section\" id=\"What_do_customers_say_about_HomeNETIX\"><\/span>Que disent les clients de HomeNETIX ?<span class=\"ez-toc-section-end\"><\/span><\/h2>\n<p>Je ne suis pas le seul \u00e0 \u00eatre impressionn\u00e9 par HomeNETIX. Voici ce que d'autres utilisateurs ont partag\u00e9 :<\/p>\n<ul>\n<li><strong>Sarah L.<\/strong> d\u00e9clare : \"HomeNETIX a transform\u00e9 ma maison ! Je peux tout contr\u00f4ler depuis mon t\u00e9l\u00e9phone et je me sens plus en s\u00e9curit\u00e9\".<\/li>\n<li><strong>John M.<\/strong> actions : \"L'installation a \u00e9t\u00e9 rapide et facile. Cela a rendu ma vie quotidienne tellement plus pratique !\"<\/li>\n<li><strong>Emily R.<\/strong> ajoute : \"J'adore les fonctions d'\u00e9conomie d'\u00e9nergie ! Ma facture d'\u00e9lectricit\u00e9 a baiss\u00e9 depuis l'installation de HomeNETIX\".<\/li>\n<\/ul>\n<h2><span class=\"ez-toc-section\" id=\"Alternatives_to_HomeNETIX\"><\/span>Alternatives \u00e0 HomeNETIX<span class=\"ez-toc-section-end\"><\/span><\/h2>\n<p>Bien que HomeNETIX se distingue par sa simplicit\u00e9 et son large \u00e9ventail de fonctionnalit\u00e9s, il existe d'autres solutions sur le march\u00e9. Parmi les plus populaires, citons Google Nest, Amazon Alexa et Samsung SmartThings. Cependant, je pense que HomeNETIX offre une combinaison unique de facilit\u00e9 d'utilisation, d'int\u00e9gration transparente et de fonctions personnalisables qui en font un choix de premier ordre pour tous ceux qui cherchent \u00e0 am\u00e9liorer leur technologie domestique.<\/p>","protected":false},"excerpt":{"rendered":"<p>Quels sont les avantages de HomeNETIX ? Lorsque j'ai d\u00e9couvert HomeNETIX, j'ai tout de suite \u00e9t\u00e9 impressionn\u00e9 par la fa\u00e7on dont il pouvait am\u00e9liorer ma vie \u00e0 la maison. Il s'agit d'un syst\u00e8me complet qui promet d'automatiser votre maison, de renforcer la s\u00e9curit\u00e9 et m\u00eame de rendre votre maison plus \u00e9conome en \u00e9nergie. Laissez-moi vous pr\u00e9senter ses avantages. Une plus grande commodit\u00e9 L'un des...<\/p>","protected":false},"featured_media":526,"template":"","meta":{"_lmt_disableupdate":"","_lmt_disable":"","_kadence_starter_templates_imported_post":false,"_kad_post_transparent":"default","_kad_post_title":"","_kad_post_layout":"default","_kad_post_sidebar_id":"","_kad_post_content_style":"default","_kad_post_vertical_padding":"default","_kad_post_feature":"","_kad_post_feature_position":"","_kad_post_header":false,"_kad_post_footer":false,"_kad_post_classname":""},"product_brand":[],"product_cat":[16],"product_tag":[],"class_list":{"0":"post-329","1":"product","2":"type-product","3":"status-publish","4":"has-post-thumbnail","6":"product_cat-technology","8":"first","9":"instock","10":"shipping-taxable","11":"product-type-external","12":"entry","13":"content-bg","14":"loop-entry"},"_links":{"self":[{"href":"https:\/\/www.dealexpert.eu\/fr\/wp-json\/wp\/v2\/product\/329","targetHints":{"allow":["GET"]}}],"collection":[{"href":"https:\/\/www.dealexpert.eu\/fr\/wp-json\/wp\/v2\/product"}],"about":[{"href":"https:\/\/www.dealexpert.eu\/fr\/wp-json\/wp\/v2\/types\/product"}],"wp:featuredmedia":[{"embeddable":true,"href":"https:\/\/www.dealexpert.eu\/fr\/wp-json\/wp\/v2\/media\/526"}],"wp:attachment":[{"href":"https:\/\/www.dealexpert.eu\/fr\/wp-json\/wp\/v2\/media?parent=329"}],"wp:term":[{"taxonomy":"product_brand","embeddable":true,"href":"https:\/\/www.dealexpert.eu\/fr\/wp-json\/wp\/v2\/product_brand?post=329"},{"taxonomy":"product_cat","embeddable":true,"href":"https:\/\/www.dealexpert.eu\/fr\/wp-json\/wp\/v2\/product_cat?post=329"},{"taxonomy":"product_tag","embeddable":true,"href":"https:\/\/www.dealexpert.eu\/fr\/wp-json\/wp\/v2\/product_tag?post=329"}],"curies":[{"name":"wp","href":"https:\/\/api.w.org\/{rel}","templated":true}]}}