{"id":326,"date":"2025-07-23T23:45:44","date_gmt":"2025-07-23T23:45:44","guid":{"rendered":"https:\/\/www.dealexpert.eu\/?post_type=product&#038;p=326"},"modified":"2025-07-24T14:33:29","modified_gmt":"2025-07-24T14:33:29","slug":"portefeuille-intelligent-louis-blanc","status":"publish","type":"product","link":"https:\/\/www.dealexpert.eu\/fr\/p\/portefeuille-intelligent-louis-blanc\/","title":{"rendered":"Portefeuille intelligent Louis Blanc"},"content":{"rendered":"<div class=\"kk-star-ratings kksr-auto kksr-align-left kksr-valign-top\"\n    data-payload='{&quot;align&quot;:&quot;left&quot;,&quot;id&quot;:&quot;326&quot;,&quot;slug&quot;:&quot;default&quot;,&quot;valign&quot;:&quot;top&quot;,&quot;ignore&quot;:&quot;&quot;,&quot;reference&quot;:&quot;auto&quot;,&quot;class&quot;:&quot;&quot;,&quot;count&quot;:&quot;0&quot;,&quot;legendonly&quot;:&quot;&quot;,&quot;readonly&quot;:&quot;&quot;,&quot;score&quot;:&quot;0&quot;,&quot;starsonly&quot;:&quot;&quot;,&quot;best&quot;:&quot;5&quot;,&quot;gap&quot;:&quot;5&quot;,&quot;greet&quot;:&quot;Rate this product&quot;,&quot;legend&quot;:&quot;0\\\/5 - (0 vote)&quot;,&quot;size&quot;:&quot;24&quot;,&quot;title&quot;:&quot;Louis Blanc Smart-Wallet&quot;,&quot;width&quot;:&quot;0&quot;,&quot;_legend&quot;:&quot;{score}\\\/{best} - ({count} {votes})&quot;,&quot;font_factor&quot;:&quot;1.25&quot;}'>\n            \n<div class=\"kksr-stars\">\n    \n<div class=\"kksr-stars-inactive\">\n            <div class=\"kksr-star\" data-star=\"1\" style=\"padding-right: 5px\">\n            \n\n<div class=\"kksr-icon\" style=\"width: 24px; height: 24px;\"><\/div>\n        <\/div>\n            <div class=\"kksr-star\" data-star=\"2\" style=\"padding-right: 5px\">\n            \n\n<div class=\"kksr-icon\" style=\"width: 24px; height: 24px;\"><\/div>\n        <\/div>\n            <div class=\"kksr-star\" data-star=\"3\" style=\"padding-right: 5px\">\n            \n\n<div class=\"kksr-icon\" style=\"width: 24px; height: 24px;\"><\/div>\n        <\/div>\n            <div class=\"kksr-star\" data-star=\"4\" style=\"padding-right: 5px\">\n            \n\n<div class=\"kksr-icon\" style=\"width: 24px; height: 24px;\"><\/div>\n        <\/div>\n            <div class=\"kksr-star\" data-star=\"5\" style=\"padding-right: 5px\">\n            \n\n<div class=\"kksr-icon\" style=\"width: 24px; height: 24px;\"><\/div>\n        <\/div>\n    <\/div>\n    \n<div class=\"kksr-stars-active\" style=\"width: 0px;\">\n            <div class=\"kksr-star\" style=\"padding-right: 5px\">\n            \n\n<div class=\"kksr-icon\" style=\"width: 24px; height: 24px;\"><\/div>\n        <\/div>\n            <div class=\"kksr-star\" style=\"padding-right: 5px\">\n            \n\n<div class=\"kksr-icon\" style=\"width: 24px; height: 24px;\"><\/div>\n        <\/div>\n            <div class=\"kksr-star\" style=\"padding-right: 5px\">\n            \n\n<div class=\"kksr-icon\" style=\"width: 24px; height: 24px;\"><\/div>\n        <\/div>\n            <div class=\"kksr-star\" style=\"padding-right: 5px\">\n            \n\n<div class=\"kksr-icon\" style=\"width: 24px; height: 24px;\"><\/div>\n        <\/div>\n            <div class=\"kksr-star\" style=\"padding-right: 5px\">\n            \n\n<div class=\"kksr-icon\" style=\"width: 24px; height: 24px;\"><\/div>\n        <\/div>\n    <\/div>\n<\/div>\n                \n\n<div class=\"kksr-legend\" style=\"font-size: 19.2px;\">\n            <span class=\"kksr-muted\">Notez ce produit<\/span>\n    <\/div>\n    <\/div>\n<div id=\"ez-toc-container\" class=\"ez-toc-v2_0_81 counter-hierarchy ez-toc-counter ez-toc-grey ez-toc-container-direction\">\n<div class=\"ez-toc-title-container\">\n<p class=\"ez-toc-title\" style=\"cursor:inherit\">R\u00e9sum\u00e9<\/p>\n<span class=\"ez-toc-title-toggle\"><a href=\"#\" class=\"ez-toc-pull-right ez-toc-btn ez-toc-btn-xs ez-toc-btn-default ez-toc-toggle\" aria-label=\"Toggle Table des mati\u00e8res\"><span class=\"ez-toc-js-icon-con\"><span class=\"\"><span class=\"eztoc-hide\" style=\"display:none;\">Toggle<\/span><span class=\"ez-toc-icon-toggle-span\"><svg style=\"fill: #999;color:#999\" xmlns=\"http:\/\/www.w3.org\/2000\/svg\" class=\"list-377408\" width=\"20px\" height=\"20px\" viewbox=\"0 0 24 24\" fill=\"none\"><path d=\"M6 6H4v2h2V6zm14 0H8v2h12V6zM4 11h2v2H4v-2zm16 0H8v2h12v-2zM4 16h2v2H4v-2zm16 0H8v2h12v-2z\" fill=\"currentColor\"><\/path><\/svg><svg style=\"fill: #999;color:#999\" class=\"arrow-unsorted-368013\" xmlns=\"http:\/\/www.w3.org\/2000\/svg\" width=\"10px\" height=\"10px\" viewbox=\"0 0 24 24\" version=\"1.2\" baseprofile=\"tiny\"><path d=\"M18.2 9.3l-6.2-6.3-6.2 6.3c-.2.2-.3.4-.3.7s.1.5.3.7c.2.2.4.3.7.3h11c.3 0 .5-.1.7-.3.2-.2.3-.5.3-.7s-.1-.5-.3-.7zM5.8 14.7l6.2 6.3 6.2-6.3c.2-.2.3-.5.3-.7s-.1-.5-.3-.7c-.2-.2-.4-.3-.7-.3h-11c-.3 0-.5.1-.7.3-.2.2-.3.5-.3.7s.1.5.3.7z\"\/><\/svg><\/span><\/span><\/span><\/a><\/span><\/div>\n<nav><ul class='ez-toc-list ez-toc-list-level-1 eztoc-toggle-hide-by-default' ><li class='ez-toc-page-1 ez-toc-heading-level-2'><a class=\"ez-toc-link ez-toc-heading-1\" href=\"https:\/\/www.dealexpert.eu\/fr\/p\/portefeuille-intelligent-louis-blanc\/#Advantages_of_the_Louis_Blanc_Smart-Wallet\" >Avantages du portefeuille intelligent Louis Blanc<\/a><\/li><li class='ez-toc-page-1 ez-toc-heading-level-2'><a class=\"ez-toc-link ez-toc-heading-2\" href=\"https:\/\/www.dealexpert.eu\/fr\/p\/portefeuille-intelligent-louis-blanc\/#Why_You_Should_Choose_the_Louis_Blanc_Smart-Wallet\" >Pourquoi choisir le Smart-Wallet Louis Blanc ?<\/a><\/li><li class='ez-toc-page-1 ez-toc-heading-level-2'><a class=\"ez-toc-link ez-toc-heading-3\" href=\"https:\/\/www.dealexpert.eu\/fr\/p\/portefeuille-intelligent-louis-blanc\/#How_the_Louis_Blanc_Smart-Wallet_Works\" >Comment fonctionne le portefeuille intelligent Louis Blanc<\/a><\/li><li class='ez-toc-page-1 ez-toc-heading-level-2'><a class=\"ez-toc-link ez-toc-heading-4\" href=\"https:\/\/www.dealexpert.eu\/fr\/p\/portefeuille-intelligent-louis-blanc\/#Price_and_Where_to_Buy_Louis_Blanc_Smart-Wallet\" >Prix et lieux d'achat de Louis Blanc Smart-Wallet<\/a><\/li><li class='ez-toc-page-1 ez-toc-heading-level-2'><a class=\"ez-toc-link ez-toc-heading-5\" href=\"https:\/\/www.dealexpert.eu\/fr\/p\/portefeuille-intelligent-louis-blanc\/#Customer_Reviews_and_Testimonials\" >Avis et t\u00e9moignages de clients<\/a><\/li><li class='ez-toc-page-1 ez-toc-heading-level-2'><a class=\"ez-toc-link ez-toc-heading-6\" href=\"https:\/\/www.dealexpert.eu\/fr\/p\/portefeuille-intelligent-louis-blanc\/#Frequently_Asked_Questions\" >Questions fr\u00e9quemment pos\u00e9es<\/a><\/li><li class='ez-toc-page-1 ez-toc-heading-level-2'><a class=\"ez-toc-link ez-toc-heading-7\" href=\"https:\/\/www.dealexpert.eu\/fr\/p\/portefeuille-intelligent-louis-blanc\/#Get_Your_Louis_Blanc_Smart-Wallet_Today\" >Obtenez votre Smart-Wallet Louis Blanc d\u00e8s aujourd'hui !<\/a><\/li><\/ul><\/nav><\/div>\n<h2><span class=\"ez-toc-section\" id=\"Advantages_of_the_Louis_Blanc_Smart-Wallet\"><\/span>Avantages du portefeuille intelligent Louis Blanc<span class=\"ez-toc-section-end\"><\/span><\/h2>\n<p>Le Smart-Wallet de Louis Blanc ne ressemble \u00e0 aucun autre portefeuille que vous avez pu utiliser jusqu'\u00e0 pr\u00e9sent. Gr\u00e2ce \u00e0 la combinaison d'une technologie de pointe et d'une fabrication haut de gamme, il offre de nombreux avantages qui le distinguent v\u00e9ritablement des portefeuilles traditionnels. Voici quelques-uns de ces avantages :<\/p>\n<ul>\n<li><strong>Protection RFID<\/strong>: L'une des caract\u00e9ristiques les plus remarquables est la technologie de blocage RFID, qui prot\u00e8ge les informations sensibles de votre carte de cr\u00e9dit contre les lectures non autoris\u00e9es. Vous avez ainsi l'esprit tranquille, sachant que vos donn\u00e9es personnelles sont en s\u00e9curit\u00e9 \u00e0 tout moment.<\/li>\n<li><strong>Connectivit\u00e9 Bluetooth<\/strong>: Le portefeuille se synchronise de mani\u00e8re transparente avec votre smartphone, vous alertant si vous l'oubliez. Ainsi, vous n'aurez plus jamais \u00e0 vous soucier de perdre votre portefeuille.<\/li>\n<li><strong>Banque d'alimentation int\u00e9gr\u00e9e<\/strong>: Gr\u00e2ce \u00e0 la banque d'alimentation int\u00e9gr\u00e9e, vous pouvez recharger votre t\u00e9l\u00e9phone pendant vos d\u00e9placements, ce qui vous permet de ne jamais vous retrouver avec une batterie \u00e0 plat lorsque vous en avez le plus besoin.<\/li>\n<li><strong>Cuir de premi\u00e8re qualit\u00e9<\/strong>: Le portefeuille est fabriqu\u00e9 en cuir de haute qualit\u00e9, ce qui lui conf\u00e8re non seulement un aspect professionnel, mais aussi une durabilit\u00e9 qui lui permet de r\u00e9sister \u00e0 l'\u00e9preuve du temps.<\/li>\n<li><strong>Conception compacte<\/strong>: Malgr\u00e9 toutes ces fonctionnalit\u00e9s avanc\u00e9es, le Smart-Wallet Louis Blanc reste mince et l\u00e9ger, se glissant confortablement dans votre poche ou votre sac.<\/li>\n<\/ul>\n<h2><span class=\"ez-toc-section\" id=\"Why_You_Should_Choose_the_Louis_Blanc_Smart-Wallet\"><\/span>Pourquoi choisir le Smart-Wallet Louis Blanc ?<span class=\"ez-toc-section-end\"><\/span><\/h2>\n<p>Si vous envisagez de moderniser votre portefeuille, le Smart-Wallet Louis Blanc est le choix id\u00e9al pour plusieurs raisons. Ses fonctions intelligentes et son design \u00e9l\u00e9gant en font le compagnon id\u00e9al du consommateur moderne. Voici pourquoi vous devriez le choisir :<\/p>\n<ul>\n<li><strong>S\u00e9curit\u00e9 renforc\u00e9e<\/strong>: La technologie de blocage RFID prot\u00e8ge vos cartes de cr\u00e9dit contre le vol potentiel et s\u00e9curise vos informations personnelles.<\/li>\n<li><strong>La commodit\u00e9 \u00e0 son meilleur<\/strong>: Gr\u00e2ce \u00e0 l'appairage Bluetooth, le portefeuille vous indique si vous l'avez oubli\u00e9. Cette fonction est particuli\u00e8rement utile pour ceux d'entre nous qui sont souvent en d\u00e9placement.<\/li>\n<li><strong>Une polyvalence in\u00e9gal\u00e9e<\/strong>: Non seulement il permet de ranger vos objets essentiels, mais la banque d'\u00e9nergie int\u00e9gr\u00e9e garantit que vos appareils restent charg\u00e9s, ce qui le rend id\u00e9al pour les personnes ayant un mode de vie actif.<\/li>\n<li><strong>\u00c9l\u00e9gant et pratique<\/strong>: Le portefeuille n'est pas seulement fonctionnel, c'est aussi un accessoire de mode qui s'accorde aussi bien avec une tenue d\u00e9contract\u00e9e qu'avec une tenue plus habill\u00e9e. Qu'il s'agisse d'une r\u00e9union ou d'une sortie entre amis, il apporte une touche de classe.<\/li>\n<\/ul>\n<h2><span class=\"ez-toc-section\" id=\"How_the_Louis_Blanc_Smart-Wallet_Works\"><\/span>Comment fonctionne le portefeuille intelligent Louis Blanc<span class=\"ez-toc-section-end\"><\/span><\/h2>\n<p>L'utilisation du Smart-Wallet Louis Blanc est simple et intuitive. Gr\u00e2ce \u00e0 la technologie Bluetooth, il se synchronise sans effort avec votre smartphone. Si vous oubliez accidentellement votre portefeuille, votre t\u00e9l\u00e9phone vous avertit par une notification, \u00e9vitant ainsi une erreur potentiellement co\u00fbteuse. De plus, la banque d'\u00e9nergie int\u00e9gr\u00e9e vous permet d'\u00eatre toujours pr\u00eat \u00e0 affronter n'importe quelle situation, en gardant vos appareils charg\u00e9s et pr\u00eats \u00e0 l'emploi lorsque vous en avez le plus besoin.<\/p>\n<h2><span class=\"ez-toc-section\" id=\"Price_and_Where_to_Buy_Louis_Blanc_Smart-Wallet\"><\/span>Prix et lieux d'achat de Louis Blanc Smart-Wallet<span class=\"ez-toc-section-end\"><\/span><\/h2>\n<p>Au prix de $149.99, le portefeuille intelligent Louis Blanc offre un rapport qualit\u00e9-prix exceptionnel compte tenu de ses caract\u00e9ristiques avanc\u00e9es et de ses mat\u00e9riaux de premi\u00e8re qualit\u00e9. Il est disponible \u00e0 l'achat directement sur le site officiel de Neotechix, offrant un moyen pratique d'acqu\u00e9rir cet accessoire innovant pour la vie moderne.<\/p>\n<h2><span class=\"ez-toc-section\" id=\"Customer_Reviews_and_Testimonials\"><\/span>Avis et t\u00e9moignages de clients<span class=\"ez-toc-section-end\"><\/span><\/h2>\n<p>Ne vous contentez pas de nous croire sur parole - \u00e9coutez les t\u00e9moignages de clients satisfaits qui ont fait l'exp\u00e9rience directe du Smart-Wallet Louis Blanc :<\/p>\n<ul>\n<li><i>Jean Dupont<\/i>: \"Le portefeuille intelligent Louis Blanc m'a rendu la vie tellement plus facile. Je n'ai plus peur d'oublier mon portefeuille, et la possibilit\u00e9 de recharger mon t\u00e9l\u00e9phone change la donne !\"<\/li>\n<li><i>Jane Smith<\/i>: \"J'adore le design et la qualit\u00e9 de ce portefeuille. La protection RFID me permet d'avoir l'esprit tranquille, et il s'accorde aussi bien avec une tenue d\u00e9contract\u00e9e qu'avec une tenue plus habill\u00e9e !\"<\/li>\n<\/ul>\n<h2><span class=\"ez-toc-section\" id=\"Frequently_Asked_Questions\"><\/span>Questions fr\u00e9quemment pos\u00e9es<span class=\"ez-toc-section-end\"><\/span><\/h2>\n<p>Pour faciliter votre d\u00e9cision, voici quelques questions fr\u00e9quemment pos\u00e9es sur le Smart-Wallet Louis Blanc :<\/p>\n<ul>\n<li><strong>Le Smart-Wallet Louis Blanc b\u00e9n\u00e9ficie-t-il d'une garantie ?<\/strong> Oui, il b\u00e9n\u00e9ficie d'une garantie d'un an couvrant les d\u00e9fauts de fabrication et les d\u00e9faillances.<\/li>\n<li><strong>Quelle est la dur\u00e9e de vie de la batterie du portefeuille intelligent ?<\/strong> La batterie dure jusqu'\u00e0 5 jours avec une seule charge, en fonction de l'utilisation.<\/li>\n<li><strong>Le portefeuille est-il compatible avec tous les smartphones ?<\/strong> Il est compatible avec les appareils Android et iOS qui prennent en charge la connectivit\u00e9 Bluetooth.<\/li>\n<\/ul>\n<div style=\"width: 1290px;\" class=\"wp-video\"><video class=\"wp-video-shortcode\" id=\"video-326-1\" width=\"1290\" height=\"726\" preload=\"metadata\" controls=\"controls\"><source type=\"video\/mp4\" src=\"https:\/\/www.dealexpert.eu\/wp-content\/uploads\/2025\/07\/NanoSecure.mp4?_=1\" \/><a href=\"https:\/\/www.dealexpert.eu\/wp-content\/uploads\/2025\/07\/NanoSecure.mp4\">https:\/\/www.dealexpert.eu\/wp-content\/uploads\/2025\/07\/NanoSecure.mp4<\/a><\/video><\/div>\n<h2><span class=\"ez-toc-section\" id=\"Get_Your_Louis_Blanc_Smart-Wallet_Today\"><\/span>Obtenez votre Smart-Wallet Louis Blanc d\u00e8s aujourd'hui !<span class=\"ez-toc-section-end\"><\/span><\/h2>\n<p>Si vous \u00eates \u00e0 la recherche d'un portefeuille alliant s\u00e9curit\u00e9, style et technologie de pointe, le Smart-Wallet de Louis Blanc est le choix id\u00e9al. Ne manquez pas cet accessoire moderne qui rendra votre vie quotidienne plus pratique. Commandez d\u00e8s aujourd'hui votre Louis Blanc Smart-Wallet et d\u00e9couvrez l'avenir des portefeuilles !<\/p>","protected":false},"excerpt":{"rendered":"<li>Protection RFID : Prot\u00e8ge vos cartes de cr\u00e9dit contre la lecture non autoris\u00e9e et l'usurpation d'identit\u00e9.<\/li>\n<li>Connectivit\u00e9 Bluetooth : Vous avertit lorsque vous oubliez votre portefeuille gr\u00e2ce \u00e0 la synchronisation avec votre smartphone.<\/li>\n<li>Banque d'\u00e9nergie int\u00e9gr\u00e9e : Permet de recharger vos appareils en d\u00e9placement.<\/li>\n<li>Cuir de premi\u00e8re qualit\u00e9 : Cuir durable et de haute qualit\u00e9 qui offre un aspect sophistiqu\u00e9.<\/li>\n<li>Design compact : Mince et l\u00e9ger, parfait pour un rangement facile dans les poches ou les sacs.<\/li>","protected":false},"featured_media":715,"template":"","meta":{"_lmt_disableupdate":"","_lmt_disable":"","_kadence_starter_templates_imported_post":false,"_kad_post_transparent":"default","_kad_post_title":"","_kad_post_layout":"default","_kad_post_sidebar_id":"","_kad_post_content_style":"default","_kad_post_vertical_padding":"default","_kad_post_feature":"","_kad_post_feature_position":"","_kad_post_header":false,"_kad_post_footer":false,"_kad_post_classname":""},"product_brand":[],"product_cat":[16],"product_tag":[],"class_list":{"0":"post-326","1":"product","2":"type-product","3":"status-publish","4":"has-post-thumbnail","6":"product_cat-technology","8":"first","9":"instock","10":"shipping-taxable","11":"product-type-external","12":"entry","13":"content-bg","14":"loop-entry"},"_links":{"self":[{"href":"https:\/\/www.dealexpert.eu\/fr\/wp-json\/wp\/v2\/product\/326","targetHints":{"allow":["GET"]}}],"collection":[{"href":"https:\/\/www.dealexpert.eu\/fr\/wp-json\/wp\/v2\/product"}],"about":[{"href":"https:\/\/www.dealexpert.eu\/fr\/wp-json\/wp\/v2\/types\/product"}],"wp:featuredmedia":[{"embeddable":true,"href":"https:\/\/www.dealexpert.eu\/fr\/wp-json\/wp\/v2\/media\/715"}],"wp:attachment":[{"href":"https:\/\/www.dealexpert.eu\/fr\/wp-json\/wp\/v2\/media?parent=326"}],"wp:term":[{"taxonomy":"product_brand","embeddable":true,"href":"https:\/\/www.dealexpert.eu\/fr\/wp-json\/wp\/v2\/product_brand?post=326"},{"taxonomy":"product_cat","embeddable":true,"href":"https:\/\/www.dealexpert.eu\/fr\/wp-json\/wp\/v2\/product_cat?post=326"},{"taxonomy":"product_tag","embeddable":true,"href":"https:\/\/www.dealexpert.eu\/fr\/wp-json\/wp\/v2\/product_tag?post=326"}],"curies":[{"name":"wp","href":"https:\/\/api.w.org\/{rel}","templated":true}]}}