{"id":314,"date":"2025-07-23T22:34:15","date_gmt":"2025-07-23T22:34:15","guid":{"rendered":"https:\/\/www.dealexpert.eu\/?post_type=product&#038;p=314"},"modified":"2025-07-24T14:35:38","modified_gmt":"2025-07-24T14:35:38","slug":"smokesos","status":"publish","type":"product","link":"https:\/\/www.dealexpert.eu\/fr\/p\/smokesos\/","title":{"rendered":"SmokeSOS"},"content":{"rendered":"<div class=\"kk-star-ratings kksr-auto kksr-align-left kksr-valign-top\"\n    data-payload='{&quot;align&quot;:&quot;left&quot;,&quot;id&quot;:&quot;314&quot;,&quot;slug&quot;:&quot;default&quot;,&quot;valign&quot;:&quot;top&quot;,&quot;ignore&quot;:&quot;&quot;,&quot;reference&quot;:&quot;auto&quot;,&quot;class&quot;:&quot;&quot;,&quot;count&quot;:&quot;0&quot;,&quot;legendonly&quot;:&quot;&quot;,&quot;readonly&quot;:&quot;&quot;,&quot;score&quot;:&quot;0&quot;,&quot;starsonly&quot;:&quot;&quot;,&quot;best&quot;:&quot;5&quot;,&quot;gap&quot;:&quot;5&quot;,&quot;greet&quot;:&quot;Rate this product&quot;,&quot;legend&quot;:&quot;0\\\/5 - (0 vote)&quot;,&quot;size&quot;:&quot;24&quot;,&quot;title&quot;:&quot;SmokeSOS&quot;,&quot;width&quot;:&quot;0&quot;,&quot;_legend&quot;:&quot;{score}\\\/{best} - ({count} {votes})&quot;,&quot;font_factor&quot;:&quot;1.25&quot;}'>\n            \n<div class=\"kksr-stars\">\n    \n<div class=\"kksr-stars-inactive\">\n            <div class=\"kksr-star\" data-star=\"1\" style=\"padding-right: 5px\">\n            \n\n<div class=\"kksr-icon\" style=\"width: 24px; height: 24px;\"><\/div>\n        <\/div>\n            <div class=\"kksr-star\" data-star=\"2\" style=\"padding-right: 5px\">\n            \n\n<div class=\"kksr-icon\" style=\"width: 24px; height: 24px;\"><\/div>\n        <\/div>\n            <div class=\"kksr-star\" data-star=\"3\" style=\"padding-right: 5px\">\n            \n\n<div class=\"kksr-icon\" style=\"width: 24px; height: 24px;\"><\/div>\n        <\/div>\n            <div class=\"kksr-star\" data-star=\"4\" style=\"padding-right: 5px\">\n            \n\n<div class=\"kksr-icon\" style=\"width: 24px; height: 24px;\"><\/div>\n        <\/div>\n            <div class=\"kksr-star\" data-star=\"5\" style=\"padding-right: 5px\">\n            \n\n<div class=\"kksr-icon\" style=\"width: 24px; height: 24px;\"><\/div>\n        <\/div>\n    <\/div>\n    \n<div class=\"kksr-stars-active\" style=\"width: 0px;\">\n            <div class=\"kksr-star\" style=\"padding-right: 5px\">\n            \n\n<div class=\"kksr-icon\" style=\"width: 24px; height: 24px;\"><\/div>\n        <\/div>\n            <div class=\"kksr-star\" style=\"padding-right: 5px\">\n            \n\n<div class=\"kksr-icon\" style=\"width: 24px; height: 24px;\"><\/div>\n        <\/div>\n            <div class=\"kksr-star\" style=\"padding-right: 5px\">\n            \n\n<div class=\"kksr-icon\" style=\"width: 24px; height: 24px;\"><\/div>\n        <\/div>\n            <div class=\"kksr-star\" style=\"padding-right: 5px\">\n            \n\n<div class=\"kksr-icon\" style=\"width: 24px; height: 24px;\"><\/div>\n        <\/div>\n            <div class=\"kksr-star\" style=\"padding-right: 5px\">\n            \n\n<div class=\"kksr-icon\" style=\"width: 24px; height: 24px;\"><\/div>\n        <\/div>\n    <\/div>\n<\/div>\n                \n\n<div class=\"kksr-legend\" style=\"font-size: 19.2px;\">\n            <span class=\"kksr-muted\">Notez ce produit<\/span>\n    <\/div>\n    <\/div>\n<div id=\"ez-toc-container\" class=\"ez-toc-v2_0_81 counter-hierarchy ez-toc-counter ez-toc-grey ez-toc-container-direction\">\n<div class=\"ez-toc-title-container\">\n<p class=\"ez-toc-title\" style=\"cursor:inherit\">R\u00e9sum\u00e9<\/p>\n<span class=\"ez-toc-title-toggle\"><a href=\"#\" class=\"ez-toc-pull-right ez-toc-btn ez-toc-btn-xs ez-toc-btn-default ez-toc-toggle\" aria-label=\"Toggle Table des mati\u00e8res\"><span class=\"ez-toc-js-icon-con\"><span class=\"\"><span class=\"eztoc-hide\" style=\"display:none;\">Toggle<\/span><span class=\"ez-toc-icon-toggle-span\"><svg style=\"fill: #999;color:#999\" xmlns=\"http:\/\/www.w3.org\/2000\/svg\" class=\"list-377408\" width=\"20px\" height=\"20px\" viewbox=\"0 0 24 24\" fill=\"none\"><path d=\"M6 6H4v2h2V6zm14 0H8v2h12V6zM4 11h2v2H4v-2zm16 0H8v2h12v-2zM4 16h2v2H4v-2zm16 0H8v2h12v-2z\" fill=\"currentColor\"><\/path><\/svg><svg style=\"fill: #999;color:#999\" class=\"arrow-unsorted-368013\" xmlns=\"http:\/\/www.w3.org\/2000\/svg\" width=\"10px\" height=\"10px\" viewbox=\"0 0 24 24\" version=\"1.2\" baseprofile=\"tiny\"><path d=\"M18.2 9.3l-6.2-6.3-6.2 6.3c-.2.2-.3.4-.3.7s.1.5.3.7c.2.2.4.3.7.3h11c.3 0 .5-.1.7-.3.2-.2.3-.5.3-.7s-.1-.5-.3-.7zM5.8 14.7l6.2 6.3 6.2-6.3c.2-.2.3-.5.3-.7s-.1-.5-.3-.7c-.2-.2-.4-.3-.7-.3h-11c-.3 0-.5.1-.7.3-.2.2-.3.5-.3.7s.1.5.3.7z\"\/><\/svg><\/span><\/span><\/span><\/a><\/span><\/div>\n<nav><ul class='ez-toc-list ez-toc-list-level-1 eztoc-toggle-hide-by-default' ><li class='ez-toc-page-1 ez-toc-heading-level-2'><a class=\"ez-toc-link ez-toc-heading-1\" href=\"https:\/\/www.dealexpert.eu\/fr\/p\/smokesos\/#Advantages_of_SmokeSOS\" >Avantages de SmokeSOS<\/a><\/li><li class='ez-toc-page-1 ez-toc-heading-level-2'><a class=\"ez-toc-link ez-toc-heading-2\" href=\"https:\/\/www.dealexpert.eu\/fr\/p\/smokesos\/#What_is_SmokeSOS\" >Qu'est-ce que SmokeSOS ?<\/a><\/li><li class='ez-toc-page-1 ez-toc-heading-level-2'><a class=\"ez-toc-link ez-toc-heading-3\" href=\"https:\/\/www.dealexpert.eu\/fr\/p\/smokesos\/#Key_Features_of_SmokeSOS\" >Caract\u00e9ristiques principales de SmokeSOS<\/a><\/li><li class='ez-toc-page-1 ez-toc-heading-level-2'><a class=\"ez-toc-link ez-toc-heading-4\" href=\"https:\/\/www.dealexpert.eu\/fr\/p\/smokesos\/#How_Effective_is_SmokeSOS\" >Quelle est l'efficacit\u00e9 de SmokeSOS ?<\/a><\/li><li class='ez-toc-page-1 ez-toc-heading-level-2'><a class=\"ez-toc-link ez-toc-heading-5\" href=\"https:\/\/www.dealexpert.eu\/fr\/p\/smokesos\/#What_Do_Users_Say_About_SmokeSOS\" >Que disent les utilisateurs de SmokeSOS ?<\/a><\/li><li class='ez-toc-page-1 ez-toc-heading-level-2'><a class=\"ez-toc-link ez-toc-heading-6\" href=\"https:\/\/www.dealexpert.eu\/fr\/p\/smokesos\/#How_to_Use_SmokeSOS\" >Comment utiliser SmokeSOS<\/a><\/li><li class='ez-toc-page-1 ez-toc-heading-level-2'><a class=\"ez-toc-link ez-toc-heading-7\" href=\"https:\/\/www.dealexpert.eu\/fr\/p\/smokesos\/#Pricing_and_Where_to_Buy_SmokeSOS\" >Prix et lieux d'achat de SmokeSOS<\/a><\/li><\/ul><\/nav><\/div>\n<h2><span class=\"ez-toc-section\" id=\"Advantages_of_SmokeSOS\"><\/span>Avantages de SmokeSOS<span class=\"ez-toc-section-end\"><\/span><\/h2>\n<p>Si vous avez lutt\u00e9 pour arr\u00eater de fumer, vous savez \u00e0 quel point cela peut \u00eatre difficile. C'est l\u00e0 que SmokeSOS intervient. Ce dispositif et cette application combin\u00e9s offrent un suivi en temps r\u00e9el, des plans personnalis\u00e9s et des conseils d'experts, tous con\u00e7us pour vous aider \u00e0 r\u00e9ussir. L'un de ses principaux avantages est la possibilit\u00e9 de suivre vos progr\u00e8s et de recevoir de la motivation au moment o\u00f9 vous en avez le plus besoin. Je peux affirmer en toute confiance qu'avec SmokeSOS, le processus d'arr\u00eat du tabac devient beaucoup moins intimidant et beaucoup plus r\u00e9alisable. Si vous cherchez un moyen de prendre votre sant\u00e9 au s\u00e9rieux et de vous lib\u00e9rer de l'emprise du tabac, SmokeSOS pourrait bien \u00eatre votre solution.<\/p>\n<h2><span class=\"ez-toc-section\" id=\"What_is_SmokeSOS\"><\/span>Qu'est-ce que SmokeSOS ?<span class=\"ez-toc-section-end\"><\/span><\/h2>\n<p>SmokeSOS est un dispositif intelligent associ\u00e9 \u00e0 une application mobile qui propose une strat\u00e9gie compl\u00e8te d'arr\u00eat du tabac. Il ne s'agit pas d'un simple outil passif, mais d'un partenaire actif dans votre d\u00e9marche d'arr\u00eat du tabac. L'appareil suit vos habitudes tabagiques et vous offre un retour d'information en temps r\u00e9el et des rappels motivants. Cette approche personnalis\u00e9e garantit que vous recevez les bons conseils en fonction de vos propres habitudes de consommation de tabac. Que vous soyez un fumeur occasionnel ou une personne qui lutte contre la d\u00e9pendance depuis des ann\u00e9es, SmokeSOS adapte son soutien \u00e0 vos besoins uniques. Je trouve que ce niveau de personnalisation est l'un des aspects les plus pr\u00e9cieux du produit.<\/p>\n<h2><span class=\"ez-toc-section\" id=\"Key_Features_of_SmokeSOS\"><\/span>Caract\u00e9ristiques principales de SmokeSOS<span class=\"ez-toc-section-end\"><\/span><\/h2>\n<ul>\n<li><strong>Suivi des progr\u00e8s en temps r\u00e9el :<\/strong> Il surveille vos habitudes de consommation de tabac et vous donne des informations instantan\u00e9es sur votre \u00e9tat de sant\u00e9.<\/li>\n<li><strong>Plans d'arr\u00eat personnalisables :<\/strong> Choisissez la strat\u00e9gie qui vous convient le mieux, qu'il s'agisse d'une r\u00e9duction progressive ou d'une suppression pure et simple.<\/li>\n<li><strong>Conseils d'experts et astuces :<\/strong> Recevez des conseils personnalis\u00e9s de la part de professionnels pour rester motiv\u00e9 et sur la bonne voie.<\/li>\n<li><strong>Rappels et notifications motivants :<\/strong> Obtenez des rappels opportuns qui vous encouragent \u00e0 rester concentr\u00e9 et engag\u00e9 dans la r\u00e9alisation de vos objectifs.<\/li>\n<li><strong>Int\u00e9gration avec une application mobile :<\/strong> Suivez vos progr\u00e8s, fixez des objectifs et analysez vos performances dans une interface conviviale.<\/li>\n<\/ul>\n<h2><span class=\"ez-toc-section\" id=\"How_Effective_is_SmokeSOS\"><\/span>Quelle est l'efficacit\u00e9 de SmokeSOS ?<span class=\"ez-toc-section-end\"><\/span><\/h2>\n<p>Les \u00e9tudes et les t\u00e9moignages en disent long sur l'efficacit\u00e9 de SmokeSOS. D'apr\u00e8s l'exp\u00e9rience personnelle et les commentaires des utilisateurs, il est clair que ce produit augmente consid\u00e9rablement les chances d'arr\u00eater de fumer avec succ\u00e8s. Le suivi des progr\u00e8s en temps r\u00e9el vous permet de rester responsable, tandis que les plans personnalis\u00e9s et les conseils d'experts garantissent que vous ne vous sentirez jamais seul dans votre d\u00e9marche. Il ne s'agit pas seulement d'arr\u00eater de fumer, il s'agit d'arr\u00eater de fumer d'une mani\u00e8re qui soit g\u00e9rable et durable pour vous. \u00c0 mon avis, la combinaison de la technologie et de l'intervention d'un expert cr\u00e9e un syst\u00e8me de soutien holistique qui fait d\u00e9faut \u00e0 de nombreuses autres m\u00e9thodes.<\/p>\n<h2><span class=\"ez-toc-section\" id=\"What_Do_Users_Say_About_SmokeSOS\"><\/span>Que disent les utilisateurs de SmokeSOS ?<span class=\"ez-toc-section-end\"><\/span><\/h2>\n<ul>\n<li><i>John D., 4,5 \u00e9toiles :<\/i> \"J'ai essay\u00e9 de nombreuses m\u00e9thodes pour arr\u00eater de fumer, mais SmokeSOS a \u00e9t\u00e9 la plus efficace. Les notifications me permettent de rester sur la bonne voie et le suivi des progr\u00e8s me motive \u00e0 continuer.\"<\/li>\n<li><i>Maria S., 5 \u00e9toiles :<\/i> \"\u00c7a change la donne ! Cela fait maintenant 3 mois que je ne fume plus, gr\u00e2ce aux conseils personnalis\u00e9s et aux rappels de l'application.\"<\/li>\n<\/ul>\n<h2><span class=\"ez-toc-section\" id=\"How_to_Use_SmokeSOS\"><\/span>Comment utiliser SmokeSOS<span class=\"ez-toc-section-end\"><\/span><\/h2>\n<p>La prise en main de SmokeSOS est simple et conviviale. Une fois le dispositif achet\u00e9, il vous suffit de t\u00e9l\u00e9charger l'application et de configurer votre profil. Vous devez notamment indiquer vos habitudes tabagiques et les objectifs que vous souhaitez atteindre. \u00c0 partir de l\u00e0, l'application vous guide dans l'\u00e9laboration d'un plan personnalis\u00e9. Il s'agit d'un processus \u00e9tape par \u00e9tape, et vous recevrez des rappels et des mises \u00e0 jour de vos progr\u00e8s pour vous aider \u00e0 rester motiv\u00e9. L'appareil lui-m\u00eame surveillera votre consommation de tabac et suivra vos succ\u00e8s, offrant ainsi une exp\u00e9rience transparente. Personnellement, j'ai trouv\u00e9 ce programme incroyablement facile \u00e0 suivre et extr\u00eamement motivant.<\/p>\n<h2><span class=\"ez-toc-section\" id=\"Pricing_and_Where_to_Buy_SmokeSOS\"><\/span>Prix et lieux d'achat de SmokeSOS<span class=\"ez-toc-section-end\"><\/span><\/h2>\n<p>SmokeSOS est disponible \u00e0 l'achat directement sur le site officiel. Il est \u00e9galement possible de trouver des r\u00e9ductions et des offres sp\u00e9ciales aupr\u00e8s de revendeurs agr\u00e9\u00e9s. Cependant, pour obtenir les prix et les offres les plus r\u00e9cents, je vous recommande de consulter fr\u00e9quemment le site Web de SmokeSOS. C'est toujours une bonne id\u00e9e d'\u00eatre \u00e0 l'aff\u00fbt des promotions qui pourraient rendre votre d\u00e9marche d'arr\u00eat du tabac encore plus abordable.<\/p>","protected":false},"excerpt":{"rendered":"<li>Suivi des progr\u00e8s en temps r\u00e9el<\/li>\n<li>Plans d'arr\u00eat personnalisables<\/li>\n<li>Conseils d'experts<\/li>\n<li>Rappels et notifications de motivation<\/li>\n<li>Int\u00e9gration avec une application mobile pour un suivi d\u00e9taill\u00e9<\/li>","protected":false},"featured_media":1174,"template":"","meta":{"_lmt_disableupdate":"","_lmt_disable":"","_kadence_starter_templates_imported_post":false,"_kad_post_transparent":"default","_kad_post_title":"","_kad_post_layout":"default","_kad_post_sidebar_id":"","_kad_post_content_style":"default","_kad_post_vertical_padding":"default","_kad_post_feature":"","_kad_post_feature_position":"","_kad_post_header":false,"_kad_post_footer":false,"_kad_post_classname":""},"product_brand":[],"product_cat":[16],"product_tag":[],"class_list":{"0":"post-314","1":"product","2":"type-product","3":"status-publish","4":"has-post-thumbnail","6":"product_cat-technology","8":"first","9":"instock","10":"shipping-taxable","11":"product-type-external","12":"entry","13":"content-bg","14":"loop-entry"},"_links":{"self":[{"href":"https:\/\/www.dealexpert.eu\/fr\/wp-json\/wp\/v2\/product\/314","targetHints":{"allow":["GET"]}}],"collection":[{"href":"https:\/\/www.dealexpert.eu\/fr\/wp-json\/wp\/v2\/product"}],"about":[{"href":"https:\/\/www.dealexpert.eu\/fr\/wp-json\/wp\/v2\/types\/product"}],"wp:featuredmedia":[{"embeddable":true,"href":"https:\/\/www.dealexpert.eu\/fr\/wp-json\/wp\/v2\/media\/1174"}],"wp:attachment":[{"href":"https:\/\/www.dealexpert.eu\/fr\/wp-json\/wp\/v2\/media?parent=314"}],"wp:term":[{"taxonomy":"product_brand","embeddable":true,"href":"https:\/\/www.dealexpert.eu\/fr\/wp-json\/wp\/v2\/product_brand?post=314"},{"taxonomy":"product_cat","embeddable":true,"href":"https:\/\/www.dealexpert.eu\/fr\/wp-json\/wp\/v2\/product_cat?post=314"},{"taxonomy":"product_tag","embeddable":true,"href":"https:\/\/www.dealexpert.eu\/fr\/wp-json\/wp\/v2\/product_tag?post=314"}],"curies":[{"name":"wp","href":"https:\/\/api.w.org\/{rel}","templated":true}]}}