{"id":312,"date":"2025-07-23T22:19:44","date_gmt":"2025-07-23T22:19:44","guid":{"rendered":"https:\/\/www.dealexpert.eu\/?post_type=product&#038;p=312"},"modified":"2025-07-24T14:35:38","modified_gmt":"2025-07-24T14:35:38","slug":"ergorelax","status":"publish","type":"product","link":"https:\/\/www.dealexpert.eu\/fr\/p\/ergorelax\/","title":{"rendered":"ErgoRelax"},"content":{"rendered":"<div class=\"kk-star-ratings kksr-auto kksr-align-left kksr-valign-top\"\n    data-payload='{&quot;align&quot;:&quot;left&quot;,&quot;id&quot;:&quot;312&quot;,&quot;slug&quot;:&quot;default&quot;,&quot;valign&quot;:&quot;top&quot;,&quot;ignore&quot;:&quot;&quot;,&quot;reference&quot;:&quot;auto&quot;,&quot;class&quot;:&quot;&quot;,&quot;count&quot;:&quot;0&quot;,&quot;legendonly&quot;:&quot;&quot;,&quot;readonly&quot;:&quot;&quot;,&quot;score&quot;:&quot;0&quot;,&quot;starsonly&quot;:&quot;&quot;,&quot;best&quot;:&quot;5&quot;,&quot;gap&quot;:&quot;5&quot;,&quot;greet&quot;:&quot;Rate this product&quot;,&quot;legend&quot;:&quot;0\\\/5 - (0 vote)&quot;,&quot;size&quot;:&quot;24&quot;,&quot;title&quot;:&quot;ErgoRelax&quot;,&quot;width&quot;:&quot;0&quot;,&quot;_legend&quot;:&quot;{score}\\\/{best} - ({count} {votes})&quot;,&quot;font_factor&quot;:&quot;1.25&quot;}'>\n            \n<div class=\"kksr-stars\">\n    \n<div class=\"kksr-stars-inactive\">\n            <div class=\"kksr-star\" data-star=\"1\" style=\"padding-right: 5px\">\n            \n\n<div class=\"kksr-icon\" style=\"width: 24px; height: 24px;\"><\/div>\n        <\/div>\n            <div class=\"kksr-star\" data-star=\"2\" style=\"padding-right: 5px\">\n            \n\n<div class=\"kksr-icon\" style=\"width: 24px; height: 24px;\"><\/div>\n        <\/div>\n            <div class=\"kksr-star\" data-star=\"3\" style=\"padding-right: 5px\">\n            \n\n<div class=\"kksr-icon\" style=\"width: 24px; height: 24px;\"><\/div>\n        <\/div>\n            <div class=\"kksr-star\" data-star=\"4\" style=\"padding-right: 5px\">\n            \n\n<div class=\"kksr-icon\" style=\"width: 24px; height: 24px;\"><\/div>\n        <\/div>\n            <div class=\"kksr-star\" data-star=\"5\" style=\"padding-right: 5px\">\n            \n\n<div class=\"kksr-icon\" style=\"width: 24px; height: 24px;\"><\/div>\n        <\/div>\n    <\/div>\n    \n<div class=\"kksr-stars-active\" style=\"width: 0px;\">\n            <div class=\"kksr-star\" style=\"padding-right: 5px\">\n            \n\n<div class=\"kksr-icon\" style=\"width: 24px; height: 24px;\"><\/div>\n        <\/div>\n            <div class=\"kksr-star\" style=\"padding-right: 5px\">\n            \n\n<div class=\"kksr-icon\" style=\"width: 24px; height: 24px;\"><\/div>\n        <\/div>\n            <div class=\"kksr-star\" style=\"padding-right: 5px\">\n            \n\n<div class=\"kksr-icon\" style=\"width: 24px; height: 24px;\"><\/div>\n        <\/div>\n            <div class=\"kksr-star\" style=\"padding-right: 5px\">\n            \n\n<div class=\"kksr-icon\" style=\"width: 24px; height: 24px;\"><\/div>\n        <\/div>\n            <div class=\"kksr-star\" style=\"padding-right: 5px\">\n            \n\n<div class=\"kksr-icon\" style=\"width: 24px; height: 24px;\"><\/div>\n        <\/div>\n    <\/div>\n<\/div>\n                \n\n<div class=\"kksr-legend\" style=\"font-size: 19.2px;\">\n            <span class=\"kksr-muted\">Notez ce produit<\/span>\n    <\/div>\n    <\/div>\n<div id=\"ez-toc-container\" class=\"ez-toc-v2_0_81 counter-hierarchy ez-toc-counter ez-toc-grey ez-toc-container-direction\">\n<div class=\"ez-toc-title-container\">\n<p class=\"ez-toc-title\" style=\"cursor:inherit\">R\u00e9sum\u00e9<\/p>\n<span class=\"ez-toc-title-toggle\"><a href=\"#\" class=\"ez-toc-pull-right ez-toc-btn ez-toc-btn-xs ez-toc-btn-default ez-toc-toggle\" aria-label=\"Toggle Table des mati\u00e8res\"><span class=\"ez-toc-js-icon-con\"><span class=\"\"><span class=\"eztoc-hide\" style=\"display:none;\">Toggle<\/span><span class=\"ez-toc-icon-toggle-span\"><svg style=\"fill: #999;color:#999\" xmlns=\"http:\/\/www.w3.org\/2000\/svg\" class=\"list-377408\" width=\"20px\" height=\"20px\" viewbox=\"0 0 24 24\" fill=\"none\"><path d=\"M6 6H4v2h2V6zm14 0H8v2h12V6zM4 11h2v2H4v-2zm16 0H8v2h12v-2zM4 16h2v2H4v-2zm16 0H8v2h12v-2z\" fill=\"currentColor\"><\/path><\/svg><svg style=\"fill: #999;color:#999\" class=\"arrow-unsorted-368013\" xmlns=\"http:\/\/www.w3.org\/2000\/svg\" width=\"10px\" height=\"10px\" viewbox=\"0 0 24 24\" version=\"1.2\" baseprofile=\"tiny\"><path d=\"M18.2 9.3l-6.2-6.3-6.2 6.3c-.2.2-.3.4-.3.7s.1.5.3.7c.2.2.4.3.7.3h11c.3 0 .5-.1.7-.3.2-.2.3-.5.3-.7s-.1-.5-.3-.7zM5.8 14.7l6.2 6.3 6.2-6.3c.2-.2.3-.5.3-.7s-.1-.5-.3-.7c-.2-.2-.4-.3-.7-.3h-11c-.3 0-.5.1-.7.3-.2.2-.3.5-.3.7s.1.5.3.7z\"\/><\/svg><\/span><\/span><\/span><\/a><\/span><\/div>\n<nav><ul class='ez-toc-list ez-toc-list-level-1 eztoc-toggle-hide-by-default' ><li class='ez-toc-page-1 ez-toc-heading-level-2'><a class=\"ez-toc-link ez-toc-heading-1\" href=\"https:\/\/www.dealexpert.eu\/fr\/p\/ergorelax\/#Key_Benefits_of_ErgoRelax\" >Principaux avantages d'ErgoRelax<\/a><\/li><li class='ez-toc-page-1 ez-toc-heading-level-2'><a class=\"ez-toc-link ez-toc-heading-2\" href=\"https:\/\/www.dealexpert.eu\/fr\/p\/ergorelax\/#How_Does_ErgoRelax_Work\" >Comment fonctionne ErgoRelax ?<\/a><\/li><li class='ez-toc-page-1 ez-toc-heading-level-2'><a class=\"ez-toc-link ez-toc-heading-3\" href=\"https:\/\/www.dealexpert.eu\/fr\/p\/ergorelax\/#User_Reviews_and_Testimonials\" >Avis et t\u00e9moignages d'utilisateurs<\/a><ul class='ez-toc-list-level-3' ><li class='ez-toc-heading-level-3'><a class=\"ez-toc-link ez-toc-heading-4\" href=\"https:\/\/www.dealexpert.eu\/fr\/p\/ergorelax\/#Sarah_T\" >Sarah T.<\/a><\/li><li class='ez-toc-page-1 ez-toc-heading-level-3'><a class=\"ez-toc-link ez-toc-heading-5\" href=\"https:\/\/www.dealexpert.eu\/fr\/p\/ergorelax\/#James_L\" >James L.<\/a><\/li><\/ul><\/li><li class='ez-toc-page-1 ez-toc-heading-level-2'><a class=\"ez-toc-link ez-toc-heading-6\" href=\"https:\/\/www.dealexpert.eu\/fr\/p\/ergorelax\/#Where_to_Buy_ErgoRelax\" >O\u00f9 acheter ErgoRelax<\/a><\/li><li class='ez-toc-page-1 ez-toc-heading-level-2'><a class=\"ez-toc-link ez-toc-heading-7\" href=\"https:\/\/www.dealexpert.eu\/fr\/p\/ergorelax\/#Pricing_and_Offers\" >Prix et offres<\/a><\/li><li class='ez-toc-page-1 ez-toc-heading-level-2'><a class=\"ez-toc-link ez-toc-heading-8\" href=\"https:\/\/www.dealexpert.eu\/fr\/p\/ergorelax\/#Frequently_Asked_Questions\" >Questions fr\u00e9quemment pos\u00e9es<\/a><ul class='ez-toc-list-level-3' ><li class='ez-toc-heading-level-3'><a class=\"ez-toc-link ez-toc-heading-9\" href=\"https:\/\/www.dealexpert.eu\/fr\/p\/ergorelax\/#How_often_should_I_use_the_ErgoRelax\" >\u00c0 quelle fr\u00e9quence dois-je utiliser l'ErgoRelax ?<\/a><\/li><li class='ez-toc-page-1 ez-toc-heading-level-3'><a class=\"ez-toc-link ez-toc-heading-10\" href=\"https:\/\/www.dealexpert.eu\/fr\/p\/ergorelax\/#Can_I_use_ErgoRelax_while_traveling\" >Puis-je utiliser ErgoRelax en voyage ?<\/a><\/li><li class='ez-toc-page-1 ez-toc-heading-level-3'><a class=\"ez-toc-link ez-toc-heading-11\" href=\"https:\/\/www.dealexpert.eu\/fr\/p\/ergorelax\/#Is_there_a_warranty_for_ErgoRelax\" >Existe-t-il une garantie pour ErgoRelax ?<\/a><\/li><\/ul><\/li><\/ul><\/nav><\/div>\n<h2><span class=\"ez-toc-section\" id=\"Key_Benefits_of_ErgoRelax\"><\/span>Principaux avantages d'ErgoRelax<span class=\"ez-toc-section-end\"><\/span><\/h2>\n<p>Si vous cherchez un moyen de r\u00e9duire le stress, d'am\u00e9liorer le confort et de vous d\u00e9tendre apr\u00e8s une longue journ\u00e9e, l'ErgoRelax est vraiment un choix exceptionnel. Laissez-moi vous parler des avantages qu'il offre et qui ont fait une diff\u00e9rence notable dans ma routine. Que vous passiez vos journ\u00e9es \u00e0 travailler de longues heures \u00e0 un bureau ou que vous ayez simplement besoin de vous d\u00e9tendre apr\u00e8s avoir fait des courses, cet appareil a quelque chose \u00e0 offrir \u00e0 tout le monde. Voici pourquoi je pense qu'il vous sera indispensable :<\/p>\n<ul>\n<li><strong>Soulagement cibl\u00e9 du stress :<\/strong> L'appareil agit sur la tension musculaire, en particulier dans les zones qui ont tendance \u00e0 accumuler le plus de stress, comme le cou et les \u00e9paules.<\/li>\n<li><strong>Am\u00e9liore la circulation :<\/strong> Son utilisation r\u00e9guli\u00e8re favorise une meilleure circulation sanguine, ce qui est essentiel pour votre sant\u00e9 et votre bien-\u00eatre en g\u00e9n\u00e9ral.<\/li>\n<li><strong>Confort personnalisable :<\/strong> Gr\u00e2ce \u00e0 ses param\u00e8tres r\u00e9glables, vous pouvez personnaliser l'intensit\u00e9, en veillant \u00e0 ce que l'appareil s'adapte \u00e0 vos pr\u00e9f\u00e9rences.<\/li>\n<li><strong>Portabilit\u00e9 :<\/strong> Compact et facile \u00e0 transporter, il est parfait pour une utilisation \u00e0 la maison, au bureau ou m\u00eame en voyage.<\/li>\n<li><strong>Conception ergonomique :<\/strong> La conception optimise le confort d'utilisation, ce qui vous permet de vous d\u00e9tendre sans vous soucier de la tension.<\/li>\n<\/ul>\n<h2><span class=\"ez-toc-section\" id=\"How_Does_ErgoRelax_Work\"><\/span>Comment fonctionne ErgoRelax ?<span class=\"ez-toc-section-end\"><\/span><\/h2>\n<p>Le c\u0153ur de l'ErgoRelax est un m\u00e9lange de technologie moderne et de conception r\u00e9fl\u00e9chie. Il applique une combinaison douce mais efficace de vibrations, de chaleur et de contours ergonomiques \u00e0 des zones cl\u00e9s du corps. Personnellement, j'aime la fa\u00e7on dont l'appareil imite un massage professionnel, ce qui me permet de profiter des bienfaits de la relaxation dans le confort de mon propre espace. L'appareil cible le cou, les \u00e9paules et le dos, des zones qui sont souvent les plus tendues.<\/p>\n<p>Les fonctions de pression et de chaleur combin\u00e9es aident \u00e0 soulager l'inconfort tout en am\u00e9liorant la circulation sanguine. Que je l'utilise apr\u00e8s une journ\u00e9e stressante ou pour une pause rapide en plein travail, l'ErgoRelax parvient toujours \u00e0 d\u00e9tendre mes muscles et \u00e0 apaiser mon esprit.<\/p>\n<h2><span class=\"ez-toc-section\" id=\"User_Reviews_and_Testimonials\"><\/span>Avis et t\u00e9moignages d'utilisateurs<span class=\"ez-toc-section-end\"><\/span><\/h2>\n<p>Voyons ce que d'autres utilisateurs ont \u00e0 dire sur l'ErgoRelax :<\/p>\n<h3><span class=\"ez-toc-section\" id=\"Sarah_T\"><\/span>Sarah T.<span class=\"ez-toc-section-end\"><\/span><\/h3>\n<p><i>\"J'utilise l'ErgoRelax depuis quelques semaines et je sens une \u00e9norme diff\u00e9rence dans mon niveau de stress. Il est si facile \u00e0 utiliser et m'aide vraiment \u00e0 me d\u00e9tendre apr\u00e8s une longue journ\u00e9e de travail.\"<\/i><\/p>\n<h3><span class=\"ez-toc-section\" id=\"James_L\"><\/span>James L.<span class=\"ez-toc-section-end\"><\/span><\/h3>\n<p><i>\"Pour quelqu'un qui passe beaucoup de temps au bureau, cet appareil m'a sauv\u00e9 la vie. Les fonctions de massage cibl\u00e9 et de chaleur m'aident vraiment \u00e0 soulager mes tensions au niveau du cou et des \u00e9paules.\"<\/i><\/p>\n<h2><span class=\"ez-toc-section\" id=\"Where_to_Buy_ErgoRelax\"><\/span>O\u00f9 acheter ErgoRelax<span class=\"ez-toc-section-end\"><\/span><\/h2>\n<p>Si vous \u00eates convaincu, vous pouvez facilement acheter l'ErgoRelax sur le site officiel de Neotechix. Vous pouvez le faire livrer directement \u00e0 votre domicile, ce qui vous rapproche encore un peu plus de la relaxation ultime. Je vous recommande d'agir rapidement, car Neotechix propose parfois des offres sp\u00e9ciales ou des r\u00e9ductions pour les premiers acheteurs, ce qui pourrait rendre votre achat encore plus abordable.<\/p>\n<h2><span class=\"ez-toc-section\" id=\"Pricing_and_Offers\"><\/span>Prix et offres<span class=\"ez-toc-section-end\"><\/span><\/h2>\n<p>L'ErgoRelax est propos\u00e9 \u00e0 un prix raisonnable pour ses caract\u00e9ristiques de haute qualit\u00e9. En outre, Neotechix propose souvent des promotions. Gardez donc un \u0153il sur le site Web pour d\u00e9couvrir d'\u00e9ventuelles r\u00e9ductions ou des offres group\u00e9es. Cela vaut la peine d'y jeter un coup d'\u0153il pour que votre investissement soit encore plus rentable.<\/p>\n<h2><span class=\"ez-toc-section\" id=\"Frequently_Asked_Questions\"><\/span>Questions fr\u00e9quemment pos\u00e9es<span class=\"ez-toc-section-end\"><\/span><\/h2>\n<h3><span class=\"ez-toc-section\" id=\"How_often_should_I_use_the_ErgoRelax\"><\/span>\u00c0 quelle fr\u00e9quence dois-je utiliser l'ErgoRelax ?<span class=\"ez-toc-section-end\"><\/span><\/h3>\n<p>Pour des r\u00e9sultats optimaux, je recommande d'utiliser l'ErgoRelax pendant 15 \u00e0 20 minutes par jour, en fonction du degr\u00e9 de relaxation dont vous avez besoin \u00e0 ce moment-l\u00e0.<\/p>\n<h3><span class=\"ez-toc-section\" id=\"Can_I_use_ErgoRelax_while_traveling\"><\/span>Puis-je utiliser ErgoRelax en voyage ?<span class=\"ez-toc-section-end\"><\/span><\/h3>\n<p>Oui ! Sa conception compacte et portable en fait une option fantastique pour les voyages. Vous pouvez l'utiliser \u00e0 votre bureau, dans l'avion ou \u00e0 l'h\u00f4tel, partout o\u00f9 vous avez besoin d'un peu de d\u00e9tente.<\/p>\n<h3><span class=\"ez-toc-section\" id=\"Is_there_a_warranty_for_ErgoRelax\"><\/span>Existe-t-il une garantie pour ErgoRelax ?<span class=\"ez-toc-section-end\"><\/span><\/h3>\n<p>Oui, l'ErgoRelax est assorti d'une garantie d'un an qui couvre les \u00e9ventuels d\u00e9fauts de fabrication. Cette garantie est un gage de confiance suppl\u00e9mentaire pour votre achat.<\/p>\n<p>ErgoRelax porte v\u00e9ritablement le confort et la relaxation \u00e0 un niveau sup\u00e9rieur. C'est plus qu'un simple appareil, c'est un petit investissement dans votre bien-\u00eatre. Avec son design ergonomique impressionnant et ses fonctions personnalisables, il peut devenir un \u00e9l\u00e9ment essentiel de votre routine quotidienne.<\/p>","protected":false},"excerpt":{"rendered":"<li>Conception ergonomique pour un maximum de confort et d'efficacit\u00e9.<\/li>\n<li>Portable et compact pour une utilisation facile \u00e0 la maison, au bureau ou en d\u00e9placement.<\/li>\n<li>R\u00e9glages ajustables pour un confort et une d\u00e9tente personnalis\u00e9s.<\/li>\n<li>La combinaison des vibrations et de la chaleur permet de soulager efficacement le stress.<\/li>\n<li>Contribue \u00e0 am\u00e9liorer la circulation et \u00e0 r\u00e9duire les tensions musculaires pour une meilleure sant\u00e9 g\u00e9n\u00e9rale.<\/li>","protected":false},"featured_media":1217,"template":"","meta":{"_lmt_disableupdate":"","_lmt_disable":"","_kadence_starter_templates_imported_post":false,"_kad_post_transparent":"default","_kad_post_title":"","_kad_post_layout":"default","_kad_post_sidebar_id":"","_kad_post_content_style":"default","_kad_post_vertical_padding":"default","_kad_post_feature":"","_kad_post_feature_position":"","_kad_post_header":false,"_kad_post_footer":false,"_kad_post_classname":""},"product_brand":[],"product_cat":[16],"product_tag":[],"class_list":{"0":"post-312","1":"product","2":"type-product","3":"status-publish","4":"has-post-thumbnail","6":"product_cat-technology","8":"first","9":"instock","10":"shipping-taxable","11":"product-type-external","12":"entry","13":"content-bg","14":"loop-entry"},"_links":{"self":[{"href":"https:\/\/www.dealexpert.eu\/fr\/wp-json\/wp\/v2\/product\/312","targetHints":{"allow":["GET"]}}],"collection":[{"href":"https:\/\/www.dealexpert.eu\/fr\/wp-json\/wp\/v2\/product"}],"about":[{"href":"https:\/\/www.dealexpert.eu\/fr\/wp-json\/wp\/v2\/types\/product"}],"wp:featuredmedia":[{"embeddable":true,"href":"https:\/\/www.dealexpert.eu\/fr\/wp-json\/wp\/v2\/media\/1217"}],"wp:attachment":[{"href":"https:\/\/www.dealexpert.eu\/fr\/wp-json\/wp\/v2\/media?parent=312"}],"wp:term":[{"taxonomy":"product_brand","embeddable":true,"href":"https:\/\/www.dealexpert.eu\/fr\/wp-json\/wp\/v2\/product_brand?post=312"},{"taxonomy":"product_cat","embeddable":true,"href":"https:\/\/www.dealexpert.eu\/fr\/wp-json\/wp\/v2\/product_cat?post=312"},{"taxonomy":"product_tag","embeddable":true,"href":"https:\/\/www.dealexpert.eu\/fr\/wp-json\/wp\/v2\/product_tag?post=312"}],"curies":[{"name":"wp","href":"https:\/\/api.w.org\/{rel}","templated":true}]}}