{"id":311,"date":"2025-07-23T22:14:49","date_gmt":"2025-07-23T22:14:49","guid":{"rendered":"https:\/\/www.dealexpert.eu\/?post_type=product&#038;p=311"},"modified":"2025-07-24T14:35:38","modified_gmt":"2025-07-24T14:35:38","slug":"cleanrobot","status":"publish","type":"product","link":"https:\/\/www.dealexpert.eu\/fr\/p\/cleanrobot\/","title":{"rendered":"CleanRobot"},"content":{"rendered":"<div class=\"kk-star-ratings kksr-auto kksr-align-left kksr-valign-top\"\n    data-payload='{&quot;align&quot;:&quot;left&quot;,&quot;id&quot;:&quot;311&quot;,&quot;slug&quot;:&quot;default&quot;,&quot;valign&quot;:&quot;top&quot;,&quot;ignore&quot;:&quot;&quot;,&quot;reference&quot;:&quot;auto&quot;,&quot;class&quot;:&quot;&quot;,&quot;count&quot;:&quot;0&quot;,&quot;legendonly&quot;:&quot;&quot;,&quot;readonly&quot;:&quot;&quot;,&quot;score&quot;:&quot;0&quot;,&quot;starsonly&quot;:&quot;&quot;,&quot;best&quot;:&quot;5&quot;,&quot;gap&quot;:&quot;5&quot;,&quot;greet&quot;:&quot;Rate this product&quot;,&quot;legend&quot;:&quot;0\\\/5 - (0 vote)&quot;,&quot;size&quot;:&quot;24&quot;,&quot;title&quot;:&quot;CleanRobot&quot;,&quot;width&quot;:&quot;0&quot;,&quot;_legend&quot;:&quot;{score}\\\/{best} - ({count} {votes})&quot;,&quot;font_factor&quot;:&quot;1.25&quot;}'>\n            \n<div class=\"kksr-stars\">\n    \n<div class=\"kksr-stars-inactive\">\n            <div class=\"kksr-star\" data-star=\"1\" style=\"padding-right: 5px\">\n            \n\n<div class=\"kksr-icon\" style=\"width: 24px; height: 24px;\"><\/div>\n        <\/div>\n            <div class=\"kksr-star\" data-star=\"2\" style=\"padding-right: 5px\">\n            \n\n<div class=\"kksr-icon\" style=\"width: 24px; height: 24px;\"><\/div>\n        <\/div>\n            <div class=\"kksr-star\" data-star=\"3\" style=\"padding-right: 5px\">\n            \n\n<div class=\"kksr-icon\" style=\"width: 24px; height: 24px;\"><\/div>\n        <\/div>\n            <div class=\"kksr-star\" data-star=\"4\" style=\"padding-right: 5px\">\n            \n\n<div class=\"kksr-icon\" style=\"width: 24px; height: 24px;\"><\/div>\n        <\/div>\n            <div class=\"kksr-star\" data-star=\"5\" style=\"padding-right: 5px\">\n            \n\n<div class=\"kksr-icon\" style=\"width: 24px; height: 24px;\"><\/div>\n        <\/div>\n    <\/div>\n    \n<div class=\"kksr-stars-active\" style=\"width: 0px;\">\n            <div class=\"kksr-star\" style=\"padding-right: 5px\">\n            \n\n<div class=\"kksr-icon\" style=\"width: 24px; height: 24px;\"><\/div>\n        <\/div>\n            <div class=\"kksr-star\" style=\"padding-right: 5px\">\n            \n\n<div class=\"kksr-icon\" style=\"width: 24px; height: 24px;\"><\/div>\n        <\/div>\n            <div class=\"kksr-star\" style=\"padding-right: 5px\">\n            \n\n<div class=\"kksr-icon\" style=\"width: 24px; height: 24px;\"><\/div>\n        <\/div>\n            <div class=\"kksr-star\" style=\"padding-right: 5px\">\n            \n\n<div class=\"kksr-icon\" style=\"width: 24px; height: 24px;\"><\/div>\n        <\/div>\n            <div class=\"kksr-star\" style=\"padding-right: 5px\">\n            \n\n<div class=\"kksr-icon\" style=\"width: 24px; height: 24px;\"><\/div>\n        <\/div>\n    <\/div>\n<\/div>\n                \n\n<div class=\"kksr-legend\" style=\"font-size: 19.2px;\">\n            <span class=\"kksr-muted\">Notez ce produit<\/span>\n    <\/div>\n    <\/div>\n<div id=\"ez-toc-container\" class=\"ez-toc-v2_0_81 counter-hierarchy ez-toc-counter ez-toc-grey ez-toc-container-direction\">\n<div class=\"ez-toc-title-container\">\n<p class=\"ez-toc-title\" style=\"cursor:inherit\">R\u00e9sum\u00e9<\/p>\n<span class=\"ez-toc-title-toggle\"><a href=\"#\" class=\"ez-toc-pull-right ez-toc-btn ez-toc-btn-xs ez-toc-btn-default ez-toc-toggle\" aria-label=\"Toggle Table des mati\u00e8res\"><span class=\"ez-toc-js-icon-con\"><span class=\"\"><span class=\"eztoc-hide\" style=\"display:none;\">Toggle<\/span><span class=\"ez-toc-icon-toggle-span\"><svg style=\"fill: #999;color:#999\" xmlns=\"http:\/\/www.w3.org\/2000\/svg\" class=\"list-377408\" width=\"20px\" height=\"20px\" viewbox=\"0 0 24 24\" fill=\"none\"><path d=\"M6 6H4v2h2V6zm14 0H8v2h12V6zM4 11h2v2H4v-2zm16 0H8v2h12v-2zM4 16h2v2H4v-2zm16 0H8v2h12v-2z\" fill=\"currentColor\"><\/path><\/svg><svg style=\"fill: #999;color:#999\" class=\"arrow-unsorted-368013\" xmlns=\"http:\/\/www.w3.org\/2000\/svg\" width=\"10px\" height=\"10px\" viewbox=\"0 0 24 24\" version=\"1.2\" baseprofile=\"tiny\"><path d=\"M18.2 9.3l-6.2-6.3-6.2 6.3c-.2.2-.3.4-.3.7s.1.5.3.7c.2.2.4.3.7.3h11c.3 0 .5-.1.7-.3.2-.2.3-.5.3-.7s-.1-.5-.3-.7zM5.8 14.7l6.2 6.3 6.2-6.3c.2-.2.3-.5.3-.7s-.1-.5-.3-.7c-.2-.2-.4-.3-.7-.3h-11c-.3 0-.5.1-.7.3-.2.2-.3.5-.3.7s.1.5.3.7z\"\/><\/svg><\/span><\/span><\/span><\/a><\/span><\/div>\n<nav><ul class='ez-toc-list ez-toc-list-level-1 eztoc-toggle-hide-by-default' ><li class='ez-toc-page-1 ez-toc-heading-level-2'><a class=\"ez-toc-link ez-toc-heading-1\" href=\"https:\/\/www.dealexpert.eu\/fr\/p\/cleanrobot\/#Advantages_of_CleanRobot\" >Avantages de CleanRobot<\/a><\/li><li class='ez-toc-page-1 ez-toc-heading-level-2'><a class=\"ez-toc-link ez-toc-heading-2\" href=\"https:\/\/www.dealexpert.eu\/fr\/p\/cleanrobot\/#Key_Features_of_CleanRobot\" >Caract\u00e9ristiques principales de CleanRobot<\/a><\/li><li class='ez-toc-page-1 ez-toc-heading-level-2'><a class=\"ez-toc-link ez-toc-heading-3\" href=\"https:\/\/www.dealexpert.eu\/fr\/p\/cleanrobot\/#How_CleanRobot_Works\" >Comment fonctionne CleanRobot<\/a><\/li><li class='ez-toc-page-1 ez-toc-heading-level-2'><a class=\"ez-toc-link ez-toc-heading-4\" href=\"https:\/\/www.dealexpert.eu\/fr\/p\/cleanrobot\/#CleanRobot_vs_Traditional_Vacuums\" >CleanRobot contre les aspirateurs traditionnels<\/a><\/li><li class='ez-toc-page-1 ez-toc-heading-level-2'><a class=\"ez-toc-link ez-toc-heading-5\" href=\"https:\/\/www.dealexpert.eu\/fr\/p\/cleanrobot\/#Customer_Reviews_and_Feedback\" >Avis et commentaires des clients<\/a><\/li><li class='ez-toc-page-1 ez-toc-heading-level-2'><a class=\"ez-toc-link ez-toc-heading-6\" href=\"https:\/\/www.dealexpert.eu\/fr\/p\/cleanrobot\/#Where_to_Buy_CleanRobot\" >O\u00f9 acheter CleanRobot<\/a><\/li><li class='ez-toc-page-1 ez-toc-heading-level-2'><a class=\"ez-toc-link ez-toc-heading-7\" href=\"https:\/\/www.dealexpert.eu\/fr\/p\/cleanrobot\/#Frequently_Asked_Questions_FAQ\" >Foire aux questions (FAQ)<\/a><\/li><li class='ez-toc-page-1 ez-toc-heading-level-2'><a class=\"ez-toc-link ez-toc-heading-8\" href=\"https:\/\/www.dealexpert.eu\/fr\/p\/cleanrobot\/#Get_Your_CleanRobot_Today\" >Obtenez votre CleanRobot d\u00e8s aujourd'hui !<\/a><\/li><\/ul><\/nav><\/div>\n<h2><span class=\"ez-toc-section\" id=\"Advantages_of_CleanRobot\"><\/span>Avantages de CleanRobot<span class=\"ez-toc-section-end\"><\/span><\/h2>\n<p>Le CleanRobot change la donne en mati\u00e8re de nettoyage \u00e0 domicile. Il offre de nombreux avantages qui peuvent consid\u00e9rablement am\u00e9liorer votre routine quotidienne. Permettez-moi de vous pr\u00e9senter quelques-uns des principaux avantages qui ressortent le plus :<\/p>\n<ul>\n<li><strong>Gain de temps<\/strong>: Avec CleanRobot, le nettoyage devient un jeu d'enfant. Une fois qu'il est install\u00e9, vous pouvez le laisser faire le travail pendant que vous vous concentrez sur d'autres t\u00e2ches. C'est un gain de temps pour les personnes occup\u00e9es comme vous et moi.<\/li>\n<li><strong>Fonctionnement mains libres<\/strong>: Vous n'avez plus besoin de passer votre pr\u00e9cieux temps \u00e0 passer l'aspirateur. Il suffit de programmer le robot, et il fera tout le travail sans que vous ayez \u00e0 lever le petit doigt.<\/li>\n<li><strong>Efficacit\u00e9<\/strong>: CleanRobot est con\u00e7u pour nettoyer les endroits les plus difficiles d'acc\u00e8s, afin que chaque recoin de votre maison soit impeccable.<\/li>\n<li><strong>Technologie intelligente<\/strong>: Int\u00e9grant des capteurs intelligents et l'IA, CleanRobot cartographie votre maison et navigue efficacement en \u00e9vitant les obstacles. Ce n'est pas un simple aspirateur, c'est un assistant de nettoyage tr\u00e8s intelligent.<\/li>\n<\/ul>\n<h2><span class=\"ez-toc-section\" id=\"Key_Features_of_CleanRobot\"><\/span>Caract\u00e9ristiques principales de CleanRobot<span class=\"ez-toc-section-end\"><\/span><\/h2>\n<p>Maintenant que vous connaissez les principaux avantages de CleanRobot, permettez-moi de me pencher plus en d\u00e9tail sur les caract\u00e9ristiques sp\u00e9cifiques qui le rendent si efficace :<\/p>\n<ul>\n<li><strong>Navigation automatique<\/strong>: CleanRobot scanne et cartographie efficacement votre maison, s'assurant qu'il ne manque aucun endroit.<\/li>\n<li><strong>Capteurs intelligents<\/strong>: Il d\u00e9tecte les salet\u00e9s, les d\u00e9bris et les obstacles et ajuste sa trajectoire en cons\u00e9quence, ce qui minimise le risque de collision.<\/li>\n<li><strong>Longue dur\u00e9e de vie de la batterie<\/strong>: Vous pouvez profiter de 120 minutes de nettoyage ininterrompu, ce qui est id\u00e9al pour nettoyer de grands espaces ou plusieurs pi\u00e8ces en une seule fois.<\/li>\n<li><strong>Int\u00e9gration des applications<\/strong>: Contr\u00f4lez CleanRobot \u00e0 distance via votre smartphone, programmez des sessions de nettoyage ou surveillez sa progression depuis n'importe o\u00f9 dans le monde.<\/li>\n<li><strong>Modes de nettoyage multiples<\/strong>: Que vous ayez du parquet, des tapis ou du carrelage, CleanRobot propose diff\u00e9rents modes adapt\u00e9s \u00e0 des surfaces sp\u00e9cifiques.<\/li>\n<\/ul>\n<h2><span class=\"ez-toc-section\" id=\"How_CleanRobot_Works\"><\/span>Comment fonctionne CleanRobot<span class=\"ez-toc-section-end\"><\/span><\/h2>\n<p>CleanRobot utilise une technologie avanc\u00e9e pour travailler de mani\u00e8re autonome, et il est \u00e9tonnamment simple. Voici comment il fonctionne :<\/p>\n<ul>\n<li><i>Cartographier votre maison<\/i>: CleanRobot commence par scanner votre environnement, cr\u00e9ant ainsi une carte d\u00e9taill\u00e9e de votre maison.<\/li>\n<li><i>Navigation intelligente<\/i>: Il planifie l'itin\u00e9raire de nettoyage le plus efficace, en \u00e9vitant les obstacles sur le chemin.<\/li>\n<li><i>Nettoyage autonome<\/i>: Une fois qu'il commence \u00e0 nettoyer, CleanRobot s'assure de couvrir toutes les zones. Lorsque la batterie est faible, il retourne automatiquement \u00e0 sa station de charge.<\/li>\n<\/ul>\n<h2><span class=\"ez-toc-section\" id=\"CleanRobot_vs_Traditional_Vacuums\"><\/span>CleanRobot contre les aspirateurs traditionnels<span class=\"ez-toc-section-end\"><\/span><\/h2>\n<p>Comment CleanRobot se situe-t-il par rapport aux aspirateurs traditionnels ? Permettez-moi de souligner quelques diff\u00e9rences notables :<\/p>\n<ul>\n<li><strong>Fonctionnement mains libres<\/strong>: Contrairement aux aspirateurs traditionnels, CleanRobot nettoie votre maison sans que vous ayez \u00e0 le pousser.<\/li>\n<li><strong>Auto-chargement<\/strong>: Plus besoin de le brancher. Lorsque la batterie est d\u00e9charg\u00e9e, CleanRobot retourne de lui-m\u00eame \u00e0 sa station de charge.<\/li>\n<li><strong>Modes de nettoyage personnalisables<\/strong>: CleanRobot propose plusieurs modes de nettoyage, ce qui lui permet de s'adapter \u00e0 tous les types de sols, alors que les aspirateurs traditionnels ne proposent g\u00e9n\u00e9ralement qu'un seul r\u00e9glage.<\/li>\n<\/ul>\n<h2><span class=\"ez-toc-section\" id=\"Customer_Reviews_and_Feedback\"><\/span>Avis et commentaires des clients<span class=\"ez-toc-section-end\"><\/span><\/h2>\n<p>Que disent les gens de CleanRobot ? Voici quelques exp\u00e9riences r\u00e9elles qui mettent en \u00e9vidence son efficacit\u00e9 :<\/p>\n<ul>\n<li><i>\"J'adore la fa\u00e7on dont CleanRobot garde ma maison impeccable tous les jours. C'est parfait pour mon style de vie tr\u00e8s actif !\"<\/i> - Sarah, utilisatrice<\/li>\n<li><i>\"Un changeur de jeu pour le nettoyage. L'int\u00e9gration de l'application facilite le contr\u00f4le \u00e0 distance.\"<\/i> - John, Utilisateur<\/li>\n<\/ul>\n<h2><span class=\"ez-toc-section\" id=\"Where_to_Buy_CleanRobot\"><\/span>O\u00f9 acheter CleanRobot<span class=\"ez-toc-section-end\"><\/span><\/h2>\n<p>Si vous \u00eates pr\u00eat \u00e0 am\u00e9liorer votre routine de nettoyage, vous pouvez acheter CleanRobot directement sur le site officiel. Le processus d'achat est s\u00e9curis\u00e9 et simple, et l'entreprise propose une vari\u00e9t\u00e9 de mod\u00e8les pour r\u00e9pondre \u00e0 vos besoins.<\/p>\n<h2><span class=\"ez-toc-section\" id=\"Frequently_Asked_Questions_FAQ\"><\/span>Foire aux questions (FAQ)<span class=\"ez-toc-section-end\"><\/span><\/h2>\n<ul>\n<li><strong>Quelle est la dur\u00e9e de vie de la batterie avec une seule charge ?<\/strong> - CleanRobot offre jusqu'\u00e0 120 minutes de nettoyage avec une charge compl\u00e8te, ce qui devrait \u00eatre suffisant pour la plupart des foyers.<\/li>\n<li><strong>CleanRobot peut-il nettoyer plusieurs pi\u00e8ces ?<\/strong> - Absolument. Sa longue dur\u00e9e de vie et sa technologie de cartographie en font l'outil id\u00e9al pour nettoyer plusieurs pi\u00e8ces en une seule fois.<\/li>\n<li><strong>Comment nettoyer la poubelle ?<\/strong> - Il suffit de retirer le bac \u00e0 poussi\u00e8re du robot et de le vider. Un entretien r\u00e9gulier garantit des performances optimales.<\/li>\n<\/ul>\n<h2><span class=\"ez-toc-section\" id=\"Get_Your_CleanRobot_Today\"><\/span>Obtenez votre CleanRobot d\u00e8s aujourd'hui !<span class=\"ez-toc-section-end\"><\/span><\/h2>\n<p>Si vous souhaitez un moyen plus intelligent et plus efficace de nettoyer votre maison, n'h\u00e9sitez pas. CleanRobot vous permettra non seulement de gagner du temps, mais aussi d'obtenir un nettoyage complet \u00e0 chaque fois. Il est temps de r\u00e9volutionner votre routine de nettoyage !<\/p>","protected":false},"excerpt":{"rendered":"<li>Navigation automatique : Cartographie et navigation efficaces de votre domicile.<\/li>\n<li>Capteurs intelligents : D\u00e9tecte les salissures et les obstacles pour \u00e9viter les collisions.<\/li>\n<li>Longue dur\u00e9e de vie de la batterie : Nettoie plusieurs pi\u00e8ces avec une seule charge.<\/li>\n<li>Int\u00e9gration de l'application : Contr\u00f4le et surveillance par le biais d'une application pour smartphone.<\/li>\n<li>Modes de nettoyage multiples : Options de nettoyage personnalisables pour diff\u00e9rentes surfaces.<\/li>","protected":false},"featured_media":1218,"template":"","meta":{"_lmt_disableupdate":"","_lmt_disable":"","_kadence_starter_templates_imported_post":false,"_kad_post_transparent":"default","_kad_post_title":"","_kad_post_layout":"default","_kad_post_sidebar_id":"","_kad_post_content_style":"default","_kad_post_vertical_padding":"default","_kad_post_feature":"","_kad_post_feature_position":"","_kad_post_header":false,"_kad_post_footer":false,"_kad_post_classname":""},"product_brand":[],"product_cat":[16],"product_tag":[],"class_list":{"0":"post-311","1":"product","2":"type-product","3":"status-publish","4":"has-post-thumbnail","6":"product_cat-technology","8":"first","9":"instock","10":"shipping-taxable","11":"product-type-external","12":"entry","13":"content-bg","14":"loop-entry"},"_links":{"self":[{"href":"https:\/\/www.dealexpert.eu\/fr\/wp-json\/wp\/v2\/product\/311","targetHints":{"allow":["GET"]}}],"collection":[{"href":"https:\/\/www.dealexpert.eu\/fr\/wp-json\/wp\/v2\/product"}],"about":[{"href":"https:\/\/www.dealexpert.eu\/fr\/wp-json\/wp\/v2\/types\/product"}],"wp:featuredmedia":[{"embeddable":true,"href":"https:\/\/www.dealexpert.eu\/fr\/wp-json\/wp\/v2\/media\/1218"}],"wp:attachment":[{"href":"https:\/\/www.dealexpert.eu\/fr\/wp-json\/wp\/v2\/media?parent=311"}],"wp:term":[{"taxonomy":"product_brand","embeddable":true,"href":"https:\/\/www.dealexpert.eu\/fr\/wp-json\/wp\/v2\/product_brand?post=311"},{"taxonomy":"product_cat","embeddable":true,"href":"https:\/\/www.dealexpert.eu\/fr\/wp-json\/wp\/v2\/product_cat?post=311"},{"taxonomy":"product_tag","embeddable":true,"href":"https:\/\/www.dealexpert.eu\/fr\/wp-json\/wp\/v2\/product_tag?post=311"}],"curies":[{"name":"wp","href":"https:\/\/api.w.org\/{rel}","templated":true}]}}