{"id":308,"date":"2025-07-23T21:59:33","date_gmt":"2025-07-23T21:59:33","guid":{"rendered":"https:\/\/www.dealexpert.eu\/?post_type=product&#038;p=308"},"modified":"2025-07-24T15:04:57","modified_gmt":"2025-07-24T15:04:57","slug":"laboratoire-de-sommeil","status":"publish","type":"product","link":"https:\/\/www.dealexpert.eu\/fr\/p\/laboratoire-de-sommeil\/","title":{"rendered":"SleepLab"},"content":{"rendered":"<div class=\"kk-star-ratings kksr-auto kksr-align-left kksr-valign-top\"\n    data-payload='{&quot;align&quot;:&quot;left&quot;,&quot;id&quot;:&quot;308&quot;,&quot;slug&quot;:&quot;default&quot;,&quot;valign&quot;:&quot;top&quot;,&quot;ignore&quot;:&quot;&quot;,&quot;reference&quot;:&quot;auto&quot;,&quot;class&quot;:&quot;&quot;,&quot;count&quot;:&quot;0&quot;,&quot;legendonly&quot;:&quot;&quot;,&quot;readonly&quot;:&quot;&quot;,&quot;score&quot;:&quot;0&quot;,&quot;starsonly&quot;:&quot;&quot;,&quot;best&quot;:&quot;5&quot;,&quot;gap&quot;:&quot;5&quot;,&quot;greet&quot;:&quot;Rate this product&quot;,&quot;legend&quot;:&quot;0\\\/5 - (0 vote)&quot;,&quot;size&quot;:&quot;24&quot;,&quot;title&quot;:&quot;SleepLab&quot;,&quot;width&quot;:&quot;0&quot;,&quot;_legend&quot;:&quot;{score}\\\/{best} - ({count} {votes})&quot;,&quot;font_factor&quot;:&quot;1.25&quot;}'>\n            \n<div class=\"kksr-stars\">\n    \n<div class=\"kksr-stars-inactive\">\n            <div class=\"kksr-star\" data-star=\"1\" style=\"padding-right: 5px\">\n            \n\n<div class=\"kksr-icon\" style=\"width: 24px; height: 24px;\"><\/div>\n        <\/div>\n            <div class=\"kksr-star\" data-star=\"2\" style=\"padding-right: 5px\">\n            \n\n<div class=\"kksr-icon\" style=\"width: 24px; height: 24px;\"><\/div>\n        <\/div>\n            <div class=\"kksr-star\" data-star=\"3\" style=\"padding-right: 5px\">\n            \n\n<div class=\"kksr-icon\" style=\"width: 24px; height: 24px;\"><\/div>\n        <\/div>\n            <div class=\"kksr-star\" data-star=\"4\" style=\"padding-right: 5px\">\n            \n\n<div class=\"kksr-icon\" style=\"width: 24px; height: 24px;\"><\/div>\n        <\/div>\n            <div class=\"kksr-star\" data-star=\"5\" style=\"padding-right: 5px\">\n            \n\n<div class=\"kksr-icon\" style=\"width: 24px; height: 24px;\"><\/div>\n        <\/div>\n    <\/div>\n    \n<div class=\"kksr-stars-active\" style=\"width: 0px;\">\n            <div class=\"kksr-star\" style=\"padding-right: 5px\">\n            \n\n<div class=\"kksr-icon\" style=\"width: 24px; height: 24px;\"><\/div>\n        <\/div>\n            <div class=\"kksr-star\" style=\"padding-right: 5px\">\n            \n\n<div class=\"kksr-icon\" style=\"width: 24px; height: 24px;\"><\/div>\n        <\/div>\n            <div class=\"kksr-star\" style=\"padding-right: 5px\">\n            \n\n<div class=\"kksr-icon\" style=\"width: 24px; height: 24px;\"><\/div>\n        <\/div>\n            <div class=\"kksr-star\" style=\"padding-right: 5px\">\n            \n\n<div class=\"kksr-icon\" style=\"width: 24px; height: 24px;\"><\/div>\n        <\/div>\n            <div class=\"kksr-star\" style=\"padding-right: 5px\">\n            \n\n<div class=\"kksr-icon\" style=\"width: 24px; height: 24px;\"><\/div>\n        <\/div>\n    <\/div>\n<\/div>\n                \n\n<div class=\"kksr-legend\" style=\"font-size: 19.2px;\">\n            <span class=\"kksr-muted\">Notez ce produit<\/span>\n    <\/div>\n    <\/div>\n<div id=\"ez-toc-container\" class=\"ez-toc-v2_0_81 counter-hierarchy ez-toc-counter ez-toc-grey ez-toc-container-direction\">\n<div class=\"ez-toc-title-container\">\n<p class=\"ez-toc-title\" style=\"cursor:inherit\">R\u00e9sum\u00e9<\/p>\n<span class=\"ez-toc-title-toggle\"><a href=\"#\" class=\"ez-toc-pull-right ez-toc-btn ez-toc-btn-xs ez-toc-btn-default ez-toc-toggle\" aria-label=\"Toggle Table des mati\u00e8res\"><span class=\"ez-toc-js-icon-con\"><span class=\"\"><span class=\"eztoc-hide\" style=\"display:none;\">Toggle<\/span><span class=\"ez-toc-icon-toggle-span\"><svg style=\"fill: #999;color:#999\" xmlns=\"http:\/\/www.w3.org\/2000\/svg\" class=\"list-377408\" width=\"20px\" height=\"20px\" viewbox=\"0 0 24 24\" fill=\"none\"><path d=\"M6 6H4v2h2V6zm14 0H8v2h12V6zM4 11h2v2H4v-2zm16 0H8v2h12v-2zM4 16h2v2H4v-2zm16 0H8v2h12v-2z\" fill=\"currentColor\"><\/path><\/svg><svg style=\"fill: #999;color:#999\" class=\"arrow-unsorted-368013\" xmlns=\"http:\/\/www.w3.org\/2000\/svg\" width=\"10px\" height=\"10px\" viewbox=\"0 0 24 24\" version=\"1.2\" baseprofile=\"tiny\"><path d=\"M18.2 9.3l-6.2-6.3-6.2 6.3c-.2.2-.3.4-.3.7s.1.5.3.7c.2.2.4.3.7.3h11c.3 0 .5-.1.7-.3.2-.2.3-.5.3-.7s-.1-.5-.3-.7zM5.8 14.7l6.2 6.3 6.2-6.3c.2-.2.3-.5.3-.7s-.1-.5-.3-.7c-.2-.2-.4-.3-.7-.3h-11c-.3 0-.5.1-.7.3-.2.2-.3.5-.3.7s.1.5.3.7z\"\/><\/svg><\/span><\/span><\/span><\/a><\/span><\/div>\n<nav><ul class='ez-toc-list ez-toc-list-level-1 eztoc-toggle-hide-by-default' ><li class='ez-toc-page-1 ez-toc-heading-level-2'><a class=\"ez-toc-link ez-toc-heading-1\" href=\"https:\/\/www.dealexpert.eu\/fr\/p\/laboratoire-de-sommeil\/#What_is_SleepLab\" >Qu'est-ce que SleepLab ?<\/a><\/li><li class='ez-toc-page-1 ez-toc-heading-level-2'><a class=\"ez-toc-link ez-toc-heading-2\" href=\"https:\/\/www.dealexpert.eu\/fr\/p\/laboratoire-de-sommeil\/#Key_Features_of_SleepLab\" >Caract\u00e9ristiques principales de SleepLab<\/a><\/li><li class='ez-toc-page-1 ez-toc-heading-level-2'><a class=\"ez-toc-link ez-toc-heading-3\" href=\"https:\/\/www.dealexpert.eu\/fr\/p\/laboratoire-de-sommeil\/#How_Does_SleepLab_Work\" >Comment fonctionne SleepLab ?<\/a><\/li><li class='ez-toc-page-1 ez-toc-heading-level-2'><a class=\"ez-toc-link ez-toc-heading-4\" href=\"https:\/\/www.dealexpert.eu\/fr\/p\/laboratoire-de-sommeil\/#Benefits_of_Using_SleepLab\" >Avantages de l'utilisation de SleepLab<\/a><\/li><li class='ez-toc-page-1 ez-toc-heading-level-2'><a class=\"ez-toc-link ez-toc-heading-5\" href=\"https:\/\/www.dealexpert.eu\/fr\/p\/laboratoire-de-sommeil\/#How_to_Use_SleepLab\" >Comment utiliser SleepLab<\/a><\/li><li class='ez-toc-page-1 ez-toc-heading-level-2'><a class=\"ez-toc-link ez-toc-heading-6\" href=\"https:\/\/www.dealexpert.eu\/fr\/p\/laboratoire-de-sommeil\/#Pricing_and_Availability\" >Prix et disponibilit\u00e9<\/a><\/li><li class='ez-toc-page-1 ez-toc-heading-level-2'><a class=\"ez-toc-link ez-toc-heading-7\" href=\"https:\/\/www.dealexpert.eu\/fr\/p\/laboratoire-de-sommeil\/#Customer_Reviews\" >Avis des clients<\/a><\/li><li class='ez-toc-page-1 ez-toc-heading-level-2'><a class=\"ez-toc-link ez-toc-heading-8\" href=\"https:\/\/www.dealexpert.eu\/fr\/p\/laboratoire-de-sommeil\/#Frequently_Asked_Questions\" >Questions fr\u00e9quemment pos\u00e9es<\/a><ul class='ez-toc-list-level-3' ><li class='ez-toc-heading-level-3'><a class=\"ez-toc-link ez-toc-heading-9\" href=\"https:\/\/www.dealexpert.eu\/fr\/p\/laboratoire-de-sommeil\/#What_makes_SleepLab_different_from_other_sleep_trackers\" >Qu'est-ce qui diff\u00e9rencie SleepLab des autres trackers de sommeil ?<\/a><\/li><li class='ez-toc-page-1 ez-toc-heading-level-3'><a class=\"ez-toc-link ez-toc-heading-10\" href=\"https:\/\/www.dealexpert.eu\/fr\/p\/laboratoire-de-sommeil\/#Can_I_use_SleepLab_if_I_have_a_pre-existing_sleep_disorder\" >Puis-je utiliser SleepLab si j'ai un trouble du sommeil pr\u00e9existant ?<\/a><\/li><li class='ez-toc-page-1 ez-toc-heading-level-3'><a class=\"ez-toc-link ez-toc-heading-11\" href=\"https:\/\/www.dealexpert.eu\/fr\/p\/laboratoire-de-sommeil\/#How_do_I_sync_SleepLab_with_my_mobile_device\" >Comment synchroniser SleepLab avec mon appareil mobile ?<\/a><\/li><\/ul><\/li><\/ul><\/nav><\/div>\n<h2><span class=\"ez-toc-section\" id=\"What_is_SleepLab\"><\/span>Qu'est-ce que SleepLab ?<span class=\"ez-toc-section-end\"><\/span><\/h2>\n<p>SleepLab est un appareil de suivi du sommeil \u00e0 la pointe de la technologie, con\u00e7u pour am\u00e9liorer la qualit\u00e9 de votre repos. Cr\u00e9\u00e9 par Neotechix, cet appareil utilise une technologie innovante pour surveiller vos habitudes de sommeil et offrir des informations bas\u00e9es sur des donn\u00e9es qui vous aideront \u00e0 obtenir un meilleur sommeil. Que vous souffriez de troubles du sommeil ou que vous souhaitiez simplement optimiser votre sommeil pour am\u00e9liorer votre bien-\u00eatre, SleepLab est la solution id\u00e9ale pour r\u00e9pondre \u00e0 vos besoins.<\/p>\n<h2><span class=\"ez-toc-section\" id=\"Key_Features_of_SleepLab\"><\/span>Caract\u00e9ristiques principales de SleepLab<span class=\"ez-toc-section-end\"><\/span><\/h2>\n<p>SleepLab est dot\u00e9 de caract\u00e9ristiques impressionnantes qui le distinguent des trackers de sommeil traditionnels. Voici quelques aspects cl\u00e9s qui le distinguent :<\/p>\n<ul>\n<li><strong>Surveillance du sommeil en temps r\u00e9el :<\/strong> Suivez votre sommeil au fur et \u00e0 mesure, en fournissant des donn\u00e9es pr\u00e9cises sur vos cycles de sommeil.<\/li>\n<li><strong>Analyse compl\u00e8te du sommeil :<\/strong> Obtenez des informations d\u00e9taill\u00e9es sur la qualit\u00e9 de votre sommeil, vos mouvements et votre \u00e9tat de sant\u00e9 g\u00e9n\u00e9ral pendant la nuit.<\/li>\n<li><strong>Alertes intelligentes pour l'optimisation du sommeil :<\/strong> Recevez des notifications qui vous aident \u00e0 optimiser votre environnement et vos habitudes de sommeil.<\/li>\n<li><strong>Recommandations personnalis\u00e9es :<\/strong> Sur la base de vos donn\u00e9es de sommeil, SleepLab vous donne des conseils pour am\u00e9liorer la qualit\u00e9 de votre sommeil.<\/li>\n<li><strong>Int\u00e9gration d'applications mobiles :<\/strong> Synchronisez vos donn\u00e9es en toute transparence avec l'application SleepLab pour un suivi et des informations faciles.<\/li>\n<\/ul>\n<h2><span class=\"ez-toc-section\" id=\"How_Does_SleepLab_Work\"><\/span>Comment fonctionne SleepLab ?<span class=\"ez-toc-section-end\"><\/span><\/h2>\n<p>SleepLab utilise des capteurs non invasifs pour surveiller les param\u00e8tres cl\u00e9s du sommeil, tels que la fr\u00e9quence cardiaque, les mouvements du corps et les sch\u00e9mas respiratoires tout au long de la nuit. Les donn\u00e9es collect\u00e9es sont ensuite trait\u00e9es et pr\u00e9sent\u00e9es dans un format accessible, ce qui vous permet de comprendre facilement vos habitudes de sommeil. Le syst\u00e8me fournit m\u00eame un retour d'information en temps r\u00e9el par le biais d'une application mobile, ce qui permet de suivre facilement vos progr\u00e8s et d'apporter des ajustements \u00e0 votre routine.<\/p>\n<h2><span class=\"ez-toc-section\" id=\"Benefits_of_Using_SleepLab\"><\/span>Avantages de l'utilisation de SleepLab<span class=\"ez-toc-section-end\"><\/span><\/h2>\n<p>L'utilisation de SleepLab pr\u00e9sente de nombreux avantages. Voici ce \u00e0 quoi vous pouvez vous attendre :<\/p>\n<ul>\n<li><strong>Am\u00e9lioration de la qualit\u00e9 du sommeil :<\/strong> En comprenant vos habitudes de sommeil, vous pouvez faire des ajustements qui vous permettront de mieux vous reposer.<\/li>\n<li><strong>Meilleure gestion des troubles du sommeil :<\/strong> Si vous souffrez de probl\u00e8mes tels que l'insomnie ou l'apn\u00e9e du sommeil, SleepLab vous offre des informations personnalis\u00e9es pour vous aider \u00e0 g\u00e9rer efficacement ces probl\u00e8mes.<\/li>\n<li><strong>Environnement de sommeil optimis\u00e9 :<\/strong> Recevez des recommandations personnalis\u00e9es sur la mani\u00e8re de cr\u00e9er l'environnement id\u00e9al pour un sommeil profond et ininterrompu.<\/li>\n<li><strong>Am\u00e9lioration de la clart\u00e9 mentale :<\/strong> Une bonne nuit de sommeil am\u00e9liore les fonctions cognitives, la m\u00e9moire et la clart\u00e9 mentale en g\u00e9n\u00e9ral.<\/li>\n<\/ul>\n<h2><span class=\"ez-toc-section\" id=\"How_to_Use_SleepLab\"><\/span>Comment utiliser SleepLab<span class=\"ez-toc-section-end\"><\/span><\/h2>\n<p>L'utilisation de SleepLab est simple et directe. Apr\u00e8s avoir configur\u00e9 l'appareil, il suffit de le porter pendant que vous dormez pour qu'il suive automatiquement les donn\u00e9es relatives \u00e0 votre sommeil. L'appareil se synchronise avec l'application mobile SleepLab, qui vous donne acc\u00e8s \u00e0 des rapports d\u00e9taill\u00e9s et \u00e0 des suggestions personnalis\u00e9es pour am\u00e9liorer votre sommeil. Vous pouvez suivre vos progr\u00e8s au fil du temps et proc\u00e9der \u00e0 des ajustements pour vous assurer que vous b\u00e9n\u00e9ficiez du meilleur repos possible.<\/p>\n<h2><span class=\"ez-toc-section\" id=\"Pricing_and_Availability\"><\/span>Prix et disponibilit\u00e9<span class=\"ez-toc-section-end\"><\/span><\/h2>\n<p>SleepLab est disponible \u00e0 l'achat directement sur le site officiel de Neotechix. Les prix peuvent varier en fonction de votre lieu de r\u00e9sidence et des promotions en cours. Assurez-vous de consulter le site Web pour conna\u00eetre les derni\u00e8res offres et les options d'exp\u00e9dition qui r\u00e9pondent \u00e0 vos besoins.<\/p>\n<h2><span class=\"ez-toc-section\" id=\"Customer_Reviews\"><\/span>Avis des clients<span class=\"ez-toc-section-end\"><\/span><\/h2>\n<p>Les utilisateurs ont fait l'\u00e9loge de SleepLab pour son efficacit\u00e9 \u00e0 am\u00e9liorer la qualit\u00e9 du sommeil. Voici quelques avis de clients satisfaits :<\/p>\n<ul>\n<li>\"Je n'ai jamais aussi bien dormi ! SleepLab a fait une \u00e9norme diff\u00e9rence.\" - <i>John D.<\/i><\/li>\n<li>\"Les informations que j'ai re\u00e7ues m'ont aid\u00e9 \u00e0 ajuster ma routine et je me sens maintenant plus repos\u00e9. - <i>Sarah W.<\/i><\/li>\n<li>\"Un must pour tous ceux qui ont des probl\u00e8mes de sommeil ! - <i>David T.<\/i><\/li>\n<\/ul>\n<h2><span class=\"ez-toc-section\" id=\"Frequently_Asked_Questions\"><\/span>Questions fr\u00e9quemment pos\u00e9es<span class=\"ez-toc-section-end\"><\/span><\/h2>\n<h3><span class=\"ez-toc-section\" id=\"What_makes_SleepLab_different_from_other_sleep_trackers\"><\/span>Qu'est-ce qui diff\u00e9rencie SleepLab des autres trackers de sommeil ?<span class=\"ez-toc-section-end\"><\/span><\/h3>\n<p>Contrairement aux trackers traditionnels, SleepLab fournit des informations exploitables qui vont au-del\u00e0 des simples donn\u00e9es. Il analyse votre sommeil en temps r\u00e9el et propose des recommandations personnalis\u00e9es qui peuvent vous aider \u00e0 am\u00e9liorer la qualit\u00e9 de votre sommeil.<\/p>\n<h3><span class=\"ez-toc-section\" id=\"Can_I_use_SleepLab_if_I_have_a_pre-existing_sleep_disorder\"><\/span>Puis-je utiliser SleepLab si j'ai un trouble du sommeil pr\u00e9existant ?<span class=\"ez-toc-section-end\"><\/span><\/h3>\n<p>Oui, SleepLab est sp\u00e9cifiquement con\u00e7u pour aider les personnes souffrant de divers probl\u00e8mes de sommeil, y compris l'insomnie et l'apn\u00e9e du sommeil. Il peut fournir des informations pr\u00e9cieuses pour vous aider \u00e0 am\u00e9liorer la sant\u00e9 de votre sommeil.<\/p>\n<h3><span class=\"ez-toc-section\" id=\"How_do_I_sync_SleepLab_with_my_mobile_device\"><\/span>Comment synchroniser SleepLab avec mon appareil mobile ?<span class=\"ez-toc-section-end\"><\/span><\/h3>\n<p>Il suffit de t\u00e9l\u00e9charger l'application SleepLab \u00e0 partir de votre magasin d'applications, de l'associer \u00e0 votre appareil et les donn\u00e9es sur le sommeil se synchroniseront automatiquement. C'est aussi simple que cela !<\/p>\n<p>Si vous voulez vraiment am\u00e9liorer votre sommeil, SleepLab est la solution que vous recherchez. Il combine une technologie de pointe, des informations personnalis\u00e9es et une facilit\u00e9 d'utilisation pour vous offrir le meilleur sommeil possible. Que vous ayez besoin de g\u00e9rer un trouble du sommeil ou que vous souhaitiez simplement am\u00e9liorer votre repos, SleepLab est un excellent choix.<\/p>","protected":false},"excerpt":{"rendered":"<li>Surveillance du sommeil en temps r\u00e9el<\/li>\n<li>Analyse compl\u00e8te du sommeil<\/li>\n<li>Alertes intelligentes pour l'optimisation du sommeil<\/li>\n<li>Recommandations personnalis\u00e9es bas\u00e9es sur les donn\u00e9es du sommeil<\/li>\n<li>Int\u00e9gration avec des applications mobiles pour un suivi facile<\/li>","protected":false},"featured_media":1327,"template":"","meta":{"_lmt_disableupdate":"","_lmt_disable":"","_kadence_starter_templates_imported_post":false,"_kad_post_transparent":"default","_kad_post_title":"","_kad_post_layout":"default","_kad_post_sidebar_id":"","_kad_post_content_style":"default","_kad_post_vertical_padding":"default","_kad_post_feature":"","_kad_post_feature_position":"","_kad_post_header":false,"_kad_post_footer":false,"_kad_post_classname":""},"product_brand":[],"product_cat":[16],"product_tag":[],"class_list":{"0":"post-308","1":"product","2":"type-product","3":"status-publish","4":"has-post-thumbnail","6":"product_cat-technology","8":"first","9":"instock","10":"shipping-taxable","11":"product-type-external","12":"entry","13":"content-bg","14":"loop-entry"},"_links":{"self":[{"href":"https:\/\/www.dealexpert.eu\/fr\/wp-json\/wp\/v2\/product\/308","targetHints":{"allow":["GET"]}}],"collection":[{"href":"https:\/\/www.dealexpert.eu\/fr\/wp-json\/wp\/v2\/product"}],"about":[{"href":"https:\/\/www.dealexpert.eu\/fr\/wp-json\/wp\/v2\/types\/product"}],"wp:featuredmedia":[{"embeddable":true,"href":"https:\/\/www.dealexpert.eu\/fr\/wp-json\/wp\/v2\/media\/1327"}],"wp:attachment":[{"href":"https:\/\/www.dealexpert.eu\/fr\/wp-json\/wp\/v2\/media?parent=308"}],"wp:term":[{"taxonomy":"product_brand","embeddable":true,"href":"https:\/\/www.dealexpert.eu\/fr\/wp-json\/wp\/v2\/product_brand?post=308"},{"taxonomy":"product_cat","embeddable":true,"href":"https:\/\/www.dealexpert.eu\/fr\/wp-json\/wp\/v2\/product_cat?post=308"},{"taxonomy":"product_tag","embeddable":true,"href":"https:\/\/www.dealexpert.eu\/fr\/wp-json\/wp\/v2\/product_tag?post=308"}],"curies":[{"name":"wp","href":"https:\/\/api.w.org\/{rel}","templated":true}]}}