{"id":307,"date":"2025-07-23T21:54:24","date_gmt":"2025-07-23T21:54:24","guid":{"rendered":"https:\/\/www.dealexpert.eu\/?post_type=product&#038;p=307"},"modified":"2025-07-24T15:04:57","modified_gmt":"2025-07-24T15:04:57","slug":"police-a-domicile24","status":"publish","type":"product","link":"https:\/\/www.dealexpert.eu\/fr\/p\/police-a-domicile24\/","title":{"rendered":"AccueilPolice24"},"content":{"rendered":"<div class=\"kk-star-ratings kksr-auto kksr-align-left kksr-valign-top\"\n    data-payload='{&quot;align&quot;:&quot;left&quot;,&quot;id&quot;:&quot;307&quot;,&quot;slug&quot;:&quot;default&quot;,&quot;valign&quot;:&quot;top&quot;,&quot;ignore&quot;:&quot;&quot;,&quot;reference&quot;:&quot;auto&quot;,&quot;class&quot;:&quot;&quot;,&quot;count&quot;:&quot;0&quot;,&quot;legendonly&quot;:&quot;&quot;,&quot;readonly&quot;:&quot;&quot;,&quot;score&quot;:&quot;0&quot;,&quot;starsonly&quot;:&quot;&quot;,&quot;best&quot;:&quot;5&quot;,&quot;gap&quot;:&quot;5&quot;,&quot;greet&quot;:&quot;Rate this product&quot;,&quot;legend&quot;:&quot;0\\\/5 - (0 vote)&quot;,&quot;size&quot;:&quot;24&quot;,&quot;title&quot;:&quot;HomePolice24&quot;,&quot;width&quot;:&quot;0&quot;,&quot;_legend&quot;:&quot;{score}\\\/{best} - ({count} {votes})&quot;,&quot;font_factor&quot;:&quot;1.25&quot;}'>\n            \n<div class=\"kksr-stars\">\n    \n<div class=\"kksr-stars-inactive\">\n            <div class=\"kksr-star\" data-star=\"1\" style=\"padding-right: 5px\">\n            \n\n<div class=\"kksr-icon\" style=\"width: 24px; height: 24px;\"><\/div>\n        <\/div>\n            <div class=\"kksr-star\" data-star=\"2\" style=\"padding-right: 5px\">\n            \n\n<div class=\"kksr-icon\" style=\"width: 24px; height: 24px;\"><\/div>\n        <\/div>\n            <div class=\"kksr-star\" data-star=\"3\" style=\"padding-right: 5px\">\n            \n\n<div class=\"kksr-icon\" style=\"width: 24px; height: 24px;\"><\/div>\n        <\/div>\n            <div class=\"kksr-star\" data-star=\"4\" style=\"padding-right: 5px\">\n            \n\n<div class=\"kksr-icon\" style=\"width: 24px; height: 24px;\"><\/div>\n        <\/div>\n            <div class=\"kksr-star\" data-star=\"5\" style=\"padding-right: 5px\">\n            \n\n<div class=\"kksr-icon\" style=\"width: 24px; height: 24px;\"><\/div>\n        <\/div>\n    <\/div>\n    \n<div class=\"kksr-stars-active\" style=\"width: 0px;\">\n            <div class=\"kksr-star\" style=\"padding-right: 5px\">\n            \n\n<div class=\"kksr-icon\" style=\"width: 24px; height: 24px;\"><\/div>\n        <\/div>\n            <div class=\"kksr-star\" style=\"padding-right: 5px\">\n            \n\n<div class=\"kksr-icon\" style=\"width: 24px; height: 24px;\"><\/div>\n        <\/div>\n            <div class=\"kksr-star\" style=\"padding-right: 5px\">\n            \n\n<div class=\"kksr-icon\" style=\"width: 24px; height: 24px;\"><\/div>\n        <\/div>\n            <div class=\"kksr-star\" style=\"padding-right: 5px\">\n            \n\n<div class=\"kksr-icon\" style=\"width: 24px; height: 24px;\"><\/div>\n        <\/div>\n            <div class=\"kksr-star\" style=\"padding-right: 5px\">\n            \n\n<div class=\"kksr-icon\" style=\"width: 24px; height: 24px;\"><\/div>\n        <\/div>\n    <\/div>\n<\/div>\n                \n\n<div class=\"kksr-legend\" style=\"font-size: 19.2px;\">\n            <span class=\"kksr-muted\">Notez ce produit<\/span>\n    <\/div>\n    <\/div>\n<div id=\"ez-toc-container\" class=\"ez-toc-v2_0_81 counter-hierarchy ez-toc-counter ez-toc-grey ez-toc-container-direction\">\n<div class=\"ez-toc-title-container\">\n<p class=\"ez-toc-title\" style=\"cursor:inherit\">R\u00e9sum\u00e9<\/p>\n<span class=\"ez-toc-title-toggle\"><a href=\"#\" class=\"ez-toc-pull-right ez-toc-btn ez-toc-btn-xs ez-toc-btn-default ez-toc-toggle\" aria-label=\"Toggle Table des mati\u00e8res\"><span class=\"ez-toc-js-icon-con\"><span class=\"\"><span class=\"eztoc-hide\" style=\"display:none;\">Toggle<\/span><span class=\"ez-toc-icon-toggle-span\"><svg style=\"fill: #999;color:#999\" xmlns=\"http:\/\/www.w3.org\/2000\/svg\" class=\"list-377408\" width=\"20px\" height=\"20px\" viewbox=\"0 0 24 24\" fill=\"none\"><path d=\"M6 6H4v2h2V6zm14 0H8v2h12V6zM4 11h2v2H4v-2zm16 0H8v2h12v-2zM4 16h2v2H4v-2zm16 0H8v2h12v-2z\" fill=\"currentColor\"><\/path><\/svg><svg style=\"fill: #999;color:#999\" class=\"arrow-unsorted-368013\" xmlns=\"http:\/\/www.w3.org\/2000\/svg\" width=\"10px\" height=\"10px\" viewbox=\"0 0 24 24\" version=\"1.2\" baseprofile=\"tiny\"><path d=\"M18.2 9.3l-6.2-6.3-6.2 6.3c-.2.2-.3.4-.3.7s.1.5.3.7c.2.2.4.3.7.3h11c.3 0 .5-.1.7-.3.2-.2.3-.5.3-.7s-.1-.5-.3-.7zM5.8 14.7l6.2 6.3 6.2-6.3c.2-.2.3-.5.3-.7s-.1-.5-.3-.7c-.2-.2-.4-.3-.7-.3h-11c-.3 0-.5.1-.7.3-.2.2-.3.5-.3.7s.1.5.3.7z\"\/><\/svg><\/span><\/span><\/span><\/a><\/span><\/div>\n<nav><ul class='ez-toc-list ez-toc-list-level-1 eztoc-toggle-hide-by-default' ><li class='ez-toc-page-1 ez-toc-heading-level-2'><a class=\"ez-toc-link ez-toc-heading-1\" href=\"https:\/\/www.dealexpert.eu\/fr\/p\/police-a-domicile24\/#What_are_the_advantages_of_HomePolice24\" >Quels sont les avantages de HomePolice24 ?<\/a><\/li><li class='ez-toc-page-1 ez-toc-heading-level-2'><a class=\"ez-toc-link ez-toc-heading-2\" href=\"https:\/\/www.dealexpert.eu\/fr\/p\/police-a-domicile24\/#How_does_HomePolice24_work\" >Comment fonctionne HomePolice24 ?<\/a><\/li><li class='ez-toc-page-1 ez-toc-heading-level-2'><a class=\"ez-toc-link ez-toc-heading-3\" href=\"https:\/\/www.dealexpert.eu\/fr\/p\/police-a-domicile24\/#Pricing_and_Packages\" >Prix et forfaits<\/a><\/li><li class='ez-toc-page-1 ez-toc-heading-level-2'><a class=\"ez-toc-link ez-toc-heading-4\" href=\"https:\/\/www.dealexpert.eu\/fr\/p\/police-a-domicile24\/#Customer_Reviews\" >Avis des clients<\/a><\/li><li class='ez-toc-page-1 ez-toc-heading-level-2'><a class=\"ez-toc-link ez-toc-heading-5\" href=\"https:\/\/www.dealexpert.eu\/fr\/p\/police-a-domicile24\/#Frequently_Asked_Questions\" >Questions fr\u00e9quemment pos\u00e9es<\/a><ul class='ez-toc-list-level-3' ><li class='ez-toc-heading-level-3'><a class=\"ez-toc-link ez-toc-heading-6\" href=\"https:\/\/www.dealexpert.eu\/fr\/p\/police-a-domicile24\/#How_do_I_set_up_HomePolice24\" >Comment configurer HomePolice24 ?<\/a><\/li><li class='ez-toc-page-1 ez-toc-heading-level-3'><a class=\"ez-toc-link ez-toc-heading-7\" href=\"https:\/\/www.dealexpert.eu\/fr\/p\/police-a-domicile24\/#Is_HomePolice24_compatible_with_other_smart_home_devices\" >HomePolice24 est-il compatible avec d'autres appareils domestiques intelligents ?<\/a><\/li><\/ul><\/li><li class='ez-toc-page-1 ez-toc-heading-level-2'><a class=\"ez-toc-link ez-toc-heading-8\" href=\"https:\/\/www.dealexpert.eu\/fr\/p\/police-a-domicile24\/#Order_HomePolice24_Today\" >Commander HomePolice24 aujourd'hui<\/a><\/li><\/ul><\/nav><\/div>\n<h2><span class=\"ez-toc-section\" id=\"What_are_the_advantages_of_HomePolice24\"><\/span>Quels sont les avantages de HomePolice24 ?<span class=\"ez-toc-section-end\"><\/span><\/h2>\n<p>En tant que personne attach\u00e9e \u00e0 la tranquillit\u00e9 d'esprit et \u00e0 la s\u00e9curit\u00e9, je peux vous dire que HomePolice24 est plus qu'un simple syst\u00e8me de s\u00e9curit\u00e9. C'est une solution intelligente, fiable et facile \u00e0 installer qui offre un sentiment de s\u00e9curit\u00e9 comme je n'en ai jamais connu auparavant. Voici pourquoi je pense que ce produit se d\u00e9marque :<\/p>\n<ul>\n<li><strong>D\u00e9tection intelligente de mouvements<\/strong>: Gr\u00e2ce \u00e0 ses capteurs de haute technologie, HomePolice24 d\u00e9tecte les mouvements en temps r\u00e9el et envoie des notifications instantan\u00e9es directement sur votre appareil. C'est comme si vous disposiez d'une paire d'yeux suppl\u00e9mentaire pour surveiller votre maison 24 heures sur 24 et 7 jours sur 7.<\/li>\n<li><strong>Alertes en temps r\u00e9el<\/strong>: D\u00e8s qu'une activit\u00e9 inhabituelle est d\u00e9tect\u00e9e, vous en \u00eates imm\u00e9diatement inform\u00e9. Ainsi, m\u00eame si vous \u00eates \u00e0 des kilom\u00e8tres de chez vous, vous serez toujours au courant de ce qui se passe autour de votre propri\u00e9t\u00e9.<\/li>\n<li><strong>Installation facile<\/strong>: L'une des choses que j'appr\u00e9cie le plus dans HomePolice24, c'est sa facilit\u00e9 d'installation. Vous n'avez pas besoin d'un professionnel pour le mettre en place, ce qui permet d'\u00e9conomiser du temps et de l'argent.<\/li>\n<li><strong>Int\u00e9gration avec les appareils intelligents<\/strong>: Le syst\u00e8me fonctionne de mani\u00e8re transparente avec vos appareils intelligents existants, tels que les cam\u00e9ras et les lumi\u00e8res. Vous pouvez int\u00e9grer HomePolice24 \u00e0 votre installation de maison intelligente pour am\u00e9liorer la s\u00e9curit\u00e9 globale sans effort.<\/li>\n<\/ul>\n<h2><span class=\"ez-toc-section\" id=\"How_does_HomePolice24_work\"><\/span>Comment fonctionne HomePolice24 ?<span class=\"ez-toc-section-end\"><\/span><\/h2>\n<p>HomePolice24 fonctionne gr\u00e2ce \u00e0 une combinaison de capteurs, de cam\u00e9ras et d'algorithmes d'intelligence artificielle qui surveillent en permanence votre domicile. Lorsqu'il d\u00e9tecte quelque chose qui sort de l'ordinaire, qu'il s'agisse d'un mouvement \u00e0 un endroit inattendu ou d'un changement soudain de temp\u00e9rature, il vous envoie imm\u00e9diatement une alerte. Il s'agit donc non seulement d'un syst\u00e8me de s\u00e9curit\u00e9, mais aussi d'une am\u00e9lioration de la maison intelligente. Vous n'aurez pas non plus \u00e0 vous soucier des fausses alarmes, gr\u00e2ce \u00e0 sa technologie de d\u00e9tection avanc\u00e9e qui fait la diff\u00e9rence entre les menaces r\u00e9elles et les mouvements quotidiens.<\/p>\n<h2><span class=\"ez-toc-section\" id=\"Pricing_and_Packages\"><\/span>Prix et forfaits<span class=\"ez-toc-section-end\"><\/span><\/h2>\n<p>HomePolice24 propose diff\u00e9rents plans tarifaires pour r\u00e9pondre \u00e0 diff\u00e9rents besoins et budgets. Je trouve que le prix est tout \u00e0 fait raisonnable compte tenu de la technologie haut de gamme et de la tranquillit\u00e9 d'esprit qu'il procure.<\/p>\n<ul>\n<li><strong>Plan de base<\/strong> - $49.99 : Inclut la d\u00e9tection de mouvement et les alertes en temps r\u00e9el. Parfait pour ceux qui recherchent une s\u00e9curit\u00e9 de base fiable sans fioritures.<\/li>\n<li><strong>Plan Premium<\/strong> - $99.99 : Comprend toutes les caract\u00e9ristiques du plan de base, plus l'int\u00e9gration d'appareils intelligents et une surveillance 24 heures sur 24, 7 jours sur 7. Cette formule est id\u00e9ale si vous recherchez une protection compl\u00e8te et permanente.<\/li>\n<\/ul>\n<h2><span class=\"ez-toc-section\" id=\"Customer_Reviews\"><\/span>Avis des clients<span class=\"ez-toc-section-end\"><\/span><\/h2>\n<p>De nombreux utilisateurs, comme moi, ont trouv\u00e9 que HomePolice24 \u00e9tait un excellent choix pour la s\u00e9curit\u00e9 \u00e0 domicile. Voici quelques avis qui pourraient vous aider \u00e0 vous faire une id\u00e9e plus pr\u00e9cise de ce \u00e0 quoi vous pouvez vous attendre :<\/p>\n<ul>\n<li><i>John D.<\/i> - 5 \u00e9toiles : \"HomePolice24 est un appareil extraordinaire. Il m'a alert\u00e9 juste \u00e0 temps lorsqu'un intrus se trouvait dans mon jardin. Je le recommande vivement !\"<\/li>\n<li><i>Emma L.<\/i> - 4 \u00e9toiles : \"Excellent produit, mais j'aurais aim\u00e9 qu'il y ait plus d'options de personnalisation. N\u00e9anmoins, c'est une solution de s\u00e9curit\u00e9 solide.\"<\/li>\n<\/ul>\n<h2><span class=\"ez-toc-section\" id=\"Frequently_Asked_Questions\"><\/span>Questions fr\u00e9quemment pos\u00e9es<span class=\"ez-toc-section-end\"><\/span><\/h2>\n<h3><span class=\"ez-toc-section\" id=\"How_do_I_set_up_HomePolice24\"><\/span>Comment configurer HomePolice24 ?<span class=\"ez-toc-section-end\"><\/span><\/h3>\n<p>L'installation de HomePolice24 est tr\u00e8s simple. L'appareil est livr\u00e9 avec un manuel d'utilisation qui vous guide pas \u00e0 pas dans le processus d'installation. Vous n'aurez pas besoin de l'aide d'un professionnel et cela ne vous prendra pas beaucoup de temps pour tout mettre en place.<\/p>\n<h3><span class=\"ez-toc-section\" id=\"Is_HomePolice24_compatible_with_other_smart_home_devices\"><\/span>HomePolice24 est-il compatible avec d'autres appareils domestiques intelligents ?<span class=\"ez-toc-section-end\"><\/span><\/h3>\n<p>Oui, HomePolice24 est con\u00e7u pour s'int\u00e9grer facilement \u00e0 la plupart des appareils domestiques intelligents. Cela inclut les cam\u00e9ras, les alarmes, les lumi\u00e8res intelligentes, et plus encore. Cette compatibilit\u00e9 permet de cr\u00e9er un environnement enti\u00e8rement automatis\u00e9 et s\u00e9curis\u00e9 pour votre maison.<\/p>\n<h2><span class=\"ez-toc-section\" id=\"Order_HomePolice24_Today\"><\/span>Commander HomePolice24 aujourd'hui<span class=\"ez-toc-section-end\"><\/span><\/h2>\n<p>Si vous \u00eates pr\u00eat \u00e0 faire passer votre s\u00e9curit\u00e9 domestique au niveau sup\u00e9rieur, je vous recommande vivement de commander HomePolice24. Vous pouvez visiter Neotechix et commencer d\u00e8s aujourd'hui \u00e0 rendre votre maison plus s\u00fbre et plus intelligente. N'attendez pas une situation d'urgence pour r\u00e9aliser l'importance de la protection de votre domicile !<\/p>","protected":false},"excerpt":{"rendered":"<li>D\u00e9tection de mouvement intelligente : D\u00e9tecte les mouvements et envoie des notifications instantan\u00e9es en cas d'activit\u00e9 suspecte.<\/li>\n<li>Alertes en temps r\u00e9el : Recevez des alertes sur votre smartphone ou votre appareil lorsqu'une activit\u00e9 inhabituelle est d\u00e9tect\u00e9e.<\/li>\n<li>Installation facile : Installation simple et rapide sans aide professionnelle.<\/li>\n<li>Int\u00e9gration avec les appareils intelligents : Se connecte en toute transparence \u00e0 d'autres appareils domestiques intelligents tels que les cam\u00e9ras et les \u00e9clairages.<\/li>\n<li>Surveillance 24\/7 : Assure une surveillance constante, garantissant que votre maison est toujours prot\u00e9g\u00e9e.<\/li>","protected":false},"featured_media":1358,"template":"","meta":{"_lmt_disableupdate":"","_lmt_disable":"","_kadence_starter_templates_imported_post":false,"_kad_post_transparent":"default","_kad_post_title":"","_kad_post_layout":"default","_kad_post_sidebar_id":"","_kad_post_content_style":"default","_kad_post_vertical_padding":"default","_kad_post_feature":"","_kad_post_feature_position":"","_kad_post_header":false,"_kad_post_footer":false,"_kad_post_classname":""},"product_brand":[],"product_cat":[16],"product_tag":[],"class_list":{"0":"post-307","1":"product","2":"type-product","3":"status-publish","4":"has-post-thumbnail","6":"product_cat-technology","8":"first","9":"instock","10":"shipping-taxable","11":"product-type-external","12":"entry","13":"content-bg","14":"loop-entry"},"_links":{"self":[{"href":"https:\/\/www.dealexpert.eu\/fr\/wp-json\/wp\/v2\/product\/307","targetHints":{"allow":["GET"]}}],"collection":[{"href":"https:\/\/www.dealexpert.eu\/fr\/wp-json\/wp\/v2\/product"}],"about":[{"href":"https:\/\/www.dealexpert.eu\/fr\/wp-json\/wp\/v2\/types\/product"}],"wp:featuredmedia":[{"embeddable":true,"href":"https:\/\/www.dealexpert.eu\/fr\/wp-json\/wp\/v2\/media\/1358"}],"wp:attachment":[{"href":"https:\/\/www.dealexpert.eu\/fr\/wp-json\/wp\/v2\/media?parent=307"}],"wp:term":[{"taxonomy":"product_brand","embeddable":true,"href":"https:\/\/www.dealexpert.eu\/fr\/wp-json\/wp\/v2\/product_brand?post=307"},{"taxonomy":"product_cat","embeddable":true,"href":"https:\/\/www.dealexpert.eu\/fr\/wp-json\/wp\/v2\/product_cat?post=307"},{"taxonomy":"product_tag","embeddable":true,"href":"https:\/\/www.dealexpert.eu\/fr\/wp-json\/wp\/v2\/product_tag?post=307"}],"curies":[{"name":"wp","href":"https:\/\/api.w.org\/{rel}","templated":true}]}}