{"id":300,"date":"2025-07-23T21:14:44","date_gmt":"2025-07-23T21:14:44","guid":{"rendered":"https:\/\/www.dealexpert.eu\/?post_type=product&#038;p=300"},"modified":"2025-07-24T15:37:38","modified_gmt":"2025-07-24T15:37:38","slug":"tacticphonex","status":"publish","type":"product","link":"https:\/\/www.dealexpert.eu\/fr\/p\/tacticphonex\/","title":{"rendered":"TacticPhoneX"},"content":{"rendered":"<div class=\"kk-star-ratings kksr-auto kksr-align-left kksr-valign-top\"\n    data-payload='{&quot;align&quot;:&quot;left&quot;,&quot;id&quot;:&quot;300&quot;,&quot;slug&quot;:&quot;default&quot;,&quot;valign&quot;:&quot;top&quot;,&quot;ignore&quot;:&quot;&quot;,&quot;reference&quot;:&quot;auto&quot;,&quot;class&quot;:&quot;&quot;,&quot;count&quot;:&quot;0&quot;,&quot;legendonly&quot;:&quot;&quot;,&quot;readonly&quot;:&quot;&quot;,&quot;score&quot;:&quot;0&quot;,&quot;starsonly&quot;:&quot;&quot;,&quot;best&quot;:&quot;5&quot;,&quot;gap&quot;:&quot;5&quot;,&quot;greet&quot;:&quot;Rate this product&quot;,&quot;legend&quot;:&quot;0\\\/5 - (0 vote)&quot;,&quot;size&quot;:&quot;24&quot;,&quot;title&quot;:&quot;TacticPhoneX&quot;,&quot;width&quot;:&quot;0&quot;,&quot;_legend&quot;:&quot;{score}\\\/{best} - ({count} {votes})&quot;,&quot;font_factor&quot;:&quot;1.25&quot;}'>\n            \n<div class=\"kksr-stars\">\n    \n<div class=\"kksr-stars-inactive\">\n            <div class=\"kksr-star\" data-star=\"1\" style=\"padding-right: 5px\">\n            \n\n<div class=\"kksr-icon\" style=\"width: 24px; height: 24px;\"><\/div>\n        <\/div>\n            <div class=\"kksr-star\" data-star=\"2\" style=\"padding-right: 5px\">\n            \n\n<div class=\"kksr-icon\" style=\"width: 24px; height: 24px;\"><\/div>\n        <\/div>\n            <div class=\"kksr-star\" data-star=\"3\" style=\"padding-right: 5px\">\n            \n\n<div class=\"kksr-icon\" style=\"width: 24px; height: 24px;\"><\/div>\n        <\/div>\n            <div class=\"kksr-star\" data-star=\"4\" style=\"padding-right: 5px\">\n            \n\n<div class=\"kksr-icon\" style=\"width: 24px; height: 24px;\"><\/div>\n        <\/div>\n            <div class=\"kksr-star\" data-star=\"5\" style=\"padding-right: 5px\">\n            \n\n<div class=\"kksr-icon\" style=\"width: 24px; height: 24px;\"><\/div>\n        <\/div>\n    <\/div>\n    \n<div class=\"kksr-stars-active\" style=\"width: 0px;\">\n            <div class=\"kksr-star\" style=\"padding-right: 5px\">\n            \n\n<div class=\"kksr-icon\" style=\"width: 24px; height: 24px;\"><\/div>\n        <\/div>\n            <div class=\"kksr-star\" style=\"padding-right: 5px\">\n            \n\n<div class=\"kksr-icon\" style=\"width: 24px; height: 24px;\"><\/div>\n        <\/div>\n            <div class=\"kksr-star\" style=\"padding-right: 5px\">\n            \n\n<div class=\"kksr-icon\" style=\"width: 24px; height: 24px;\"><\/div>\n        <\/div>\n            <div class=\"kksr-star\" style=\"padding-right: 5px\">\n            \n\n<div class=\"kksr-icon\" style=\"width: 24px; height: 24px;\"><\/div>\n        <\/div>\n            <div class=\"kksr-star\" style=\"padding-right: 5px\">\n            \n\n<div class=\"kksr-icon\" style=\"width: 24px; height: 24px;\"><\/div>\n        <\/div>\n    <\/div>\n<\/div>\n                \n\n<div class=\"kksr-legend\" style=\"font-size: 19.2px;\">\n            <span class=\"kksr-muted\">Notez ce produit<\/span>\n    <\/div>\n    <\/div>\n<div id=\"ez-toc-container\" class=\"ez-toc-v2_0_81 counter-hierarchy ez-toc-counter ez-toc-grey ez-toc-container-direction\">\n<div class=\"ez-toc-title-container\">\n<p class=\"ez-toc-title\" style=\"cursor:inherit\">R\u00e9sum\u00e9<\/p>\n<span class=\"ez-toc-title-toggle\"><a href=\"#\" class=\"ez-toc-pull-right ez-toc-btn ez-toc-btn-xs ez-toc-btn-default ez-toc-toggle\" aria-label=\"Toggle Table des mati\u00e8res\"><span class=\"ez-toc-js-icon-con\"><span class=\"\"><span class=\"eztoc-hide\" style=\"display:none;\">Toggle<\/span><span class=\"ez-toc-icon-toggle-span\"><svg style=\"fill: #999;color:#999\" xmlns=\"http:\/\/www.w3.org\/2000\/svg\" class=\"list-377408\" width=\"20px\" height=\"20px\" viewbox=\"0 0 24 24\" fill=\"none\"><path d=\"M6 6H4v2h2V6zm14 0H8v2h12V6zM4 11h2v2H4v-2zm16 0H8v2h12v-2zM4 16h2v2H4v-2zm16 0H8v2h12v-2z\" fill=\"currentColor\"><\/path><\/svg><svg style=\"fill: #999;color:#999\" class=\"arrow-unsorted-368013\" xmlns=\"http:\/\/www.w3.org\/2000\/svg\" width=\"10px\" height=\"10px\" viewbox=\"0 0 24 24\" version=\"1.2\" baseprofile=\"tiny\"><path d=\"M18.2 9.3l-6.2-6.3-6.2 6.3c-.2.2-.3.4-.3.7s.1.5.3.7c.2.2.4.3.7.3h11c.3 0 .5-.1.7-.3.2-.2.3-.5.3-.7s-.1-.5-.3-.7zM5.8 14.7l6.2 6.3 6.2-6.3c.2-.2.3-.5.3-.7s-.1-.5-.3-.7c-.2-.2-.4-.3-.7-.3h-11c-.3 0-.5.1-.7.3-.2.2-.3.5-.3.7s.1.5.3.7z\"\/><\/svg><\/span><\/span><\/span><\/a><\/span><\/div>\n<nav><ul class='ez-toc-list ez-toc-list-level-1 eztoc-toggle-hide-by-default' ><li class='ez-toc-page-1 ez-toc-heading-level-2'><a class=\"ez-toc-link ez-toc-heading-1\" href=\"https:\/\/www.dealexpert.eu\/fr\/p\/tacticphonex\/#Advantages_of_the_product\" >Avantages du produit<\/a><ul class='ez-toc-list-level-3' ><li class='ez-toc-heading-level-3'><a class=\"ez-toc-link ez-toc-heading-2\" href=\"https:\/\/www.dealexpert.eu\/fr\/p\/tacticphonex\/#Ease_of_use\" >Facilit\u00e9 d'utilisation<\/a><\/li><li class='ez-toc-page-1 ez-toc-heading-level-3'><a class=\"ez-toc-link ez-toc-heading-3\" href=\"https:\/\/www.dealexpert.eu\/fr\/p\/tacticphonex\/#Time-saving_features\" >Fonctionnalit\u00e9s permettant de gagner du temps<\/a><\/li><li class='ez-toc-page-1 ez-toc-heading-level-3'><a class=\"ez-toc-link ez-toc-heading-4\" href=\"https:\/\/www.dealexpert.eu\/fr\/p\/tacticphonex\/#Durability_and_quality\" >Durabilit\u00e9 et qualit\u00e9<\/a><\/li><\/ul><\/li><li class='ez-toc-page-1 ez-toc-heading-level-2'><a class=\"ez-toc-link ez-toc-heading-5\" href=\"https:\/\/www.dealexpert.eu\/fr\/p\/tacticphonex\/#How_it_improved_my_routine\" >Comment il a am\u00e9lior\u00e9 ma routine<\/a><ul class='ez-toc-list-level-3' ><li class='ez-toc-heading-level-3'><a class=\"ez-toc-link ez-toc-heading-6\" href=\"https:\/\/www.dealexpert.eu\/fr\/p\/tacticphonex\/#Increased_productivity\" >Augmentation de la productivit\u00e9<\/a><\/li><li class='ez-toc-page-1 ez-toc-heading-level-3'><a class=\"ez-toc-link ez-toc-heading-7\" href=\"https:\/\/www.dealexpert.eu\/fr\/p\/tacticphonex\/#Less_stress_and_more_peace_of_mind\" >Moins de stress et plus de tranquillit\u00e9 d'esprit<\/a><\/li><li class='ez-toc-page-1 ez-toc-heading-level-3'><a class=\"ez-toc-link ez-toc-heading-8\" href=\"https:\/\/www.dealexpert.eu\/fr\/p\/tacticphonex\/#Enhanced_user_experience\" >Am\u00e9lioration de l'exp\u00e9rience de l'utilisateur<\/a><\/li><\/ul><\/li><li class='ez-toc-page-1 ez-toc-heading-level-2'><a class=\"ez-toc-link ez-toc-heading-9\" href=\"https:\/\/www.dealexpert.eu\/fr\/p\/tacticphonex\/#Why_you_should_consider_it\" >Pourquoi l'envisager ?<\/a><ul class='ez-toc-list-level-3' ><li class='ez-toc-heading-level-3'><a class=\"ez-toc-link ez-toc-heading-10\" href=\"https:\/\/www.dealexpert.eu\/fr\/p\/tacticphonex\/#Transform_your_daily_experience\" >Transformez votre exp\u00e9rience quotidienne<\/a><\/li><\/ul><\/li><\/ul><\/nav><\/div>\n<h2><span class=\"ez-toc-section\" id=\"Advantages_of_the_product\"><\/span>Avantages du produit<span class=\"ez-toc-section-end\"><\/span><\/h2>\n<p>Lorsque j'ai commenc\u00e9 \u00e0 utiliser ce produit, j'ai rapidement r\u00e9alis\u00e9 \u00e0 quel point il pouvait me simplifier la vie. Les avantages sont nombreux et ne peuvent \u00eatre n\u00e9glig\u00e9s. Si vous recherchez l'efficacit\u00e9 et la simplicit\u00e9, c'est peut-\u00eatre la solution qu'il vous faut. Permettez-moi de partager avec vous les avantages que j'ai personnellement constat\u00e9s.<\/p>\n<h3><span class=\"ez-toc-section\" id=\"Ease_of_use\"><\/span>Facilit\u00e9 d'utilisation<span class=\"ez-toc-section-end\"><\/span><\/h3>\n<p>L'un des avantages les plus \u00e9vidents est la simplicit\u00e9 d'utilisation. La mise en route ne demande que peu ou pas d'efforts. En fait, apr\u00e8s seulement quelques minutes d'utilisation, j'ai pu constater \u00e0 quel point l'interface \u00e9tait intuitive. Il s'agit donc d'un excellent choix pour tout le monde, que l'on soit expert en technologie ou d\u00e9butant.<\/p>\n<h3><span class=\"ez-toc-section\" id=\"Time-saving_features\"><\/span>Fonctionnalit\u00e9s permettant de gagner du temps<span class=\"ez-toc-section-end\"><\/span><\/h3>\n<p>Ce produit est con\u00e7u pour vous faire gagner du temps. J'ai constat\u00e9 qu'il a permis de rationaliser de nombreuses t\u00e2ches qui occupaient une grande partie de ma journ\u00e9e. Maintenant, je peux faire les choses plus rapidement et plus efficacement, ce qui me laisse plus de temps pour d'autres activit\u00e9s. Cela change vraiment la donne en termes de productivit\u00e9.<\/p>\n<h3><span class=\"ez-toc-section\" id=\"Durability_and_quality\"><\/span>Durabilit\u00e9 et qualit\u00e9<span class=\"ez-toc-section-end\"><\/span><\/h3>\n<p>La durabilit\u00e9 est un autre facteur important qui a attir\u00e9 mon attention. Non seulement le produit est con\u00e7u pour durer, mais il est \u00e9galement solide et fiable en main. Je n'ai pas eu \u00e0 craindre qu'il se casse ou qu'il fonctionne mal apr\u00e8s quelques utilisations. Ce niveau de qualit\u00e9 en fait un investissement \u00e0 long terme qui vous rendra service.<\/p>\n<h2><span class=\"ez-toc-section\" id=\"How_it_improved_my_routine\"><\/span>Comment il a am\u00e9lior\u00e9 ma routine<span class=\"ez-toc-section-end\"><\/span><\/h2>\n<p>Lorsque j'ai commenc\u00e9 \u00e0 utiliser ce produit, je n'avais aucune id\u00e9e de l'am\u00e9lioration qu'il apporterait \u00e0 ma routine quotidienne. De la rationalisation des processus \u00e0 l'am\u00e9lioration de l'efficacit\u00e9, il a \u00e9t\u00e9 un atout majeur dans ma vie de tous les jours. C'est comme si j'avais un assistant personnel sans les inconv\u00e9nients.<\/p>\n<h3><span class=\"ez-toc-section\" id=\"Increased_productivity\"><\/span>Augmentation de la productivit\u00e9<span class=\"ez-toc-section-end\"><\/span><\/h3>\n<p>Gr\u00e2ce \u00e0 ses capacit\u00e9s de gain de temps, j'ai constat\u00e9 une augmentation remarquable de ma productivit\u00e9. Des t\u00e2ches qui prenaient autrefois des heures peuvent d\u00e9sormais \u00eatre accomplies en une fraction du temps. Cela m'a permis de me concentrer sur les choses importantes et de r\u00e9duire le stress au travail. Je peux d\u00e9sormais aborder ma journ\u00e9e avec un sentiment de contr\u00f4le et d'organisation.<\/p>\n<h3><span class=\"ez-toc-section\" id=\"Less_stress_and_more_peace_of_mind\"><\/span>Moins de stress et plus de tranquillit\u00e9 d'esprit<span class=\"ez-toc-section-end\"><\/span><\/h3>\n<p>L'un des avantages inattendus que j'ai constat\u00e9s est la r\u00e9duction du stress. Gr\u00e2ce \u00e0 son efficacit\u00e9, je n'ai plus \u00e0 craindre d'\u00eatre submerg\u00e9 par les t\u00e2ches. Le produit m'aide \u00e0 rester organis\u00e9e, ce qui me permet de passer une journ\u00e9e plus calme et plus sereine.<\/p>\n<h3><span class=\"ez-toc-section\" id=\"Enhanced_user_experience\"><\/span>Am\u00e9lioration de l'exp\u00e9rience de l'utilisateur<span class=\"ez-toc-section-end\"><\/span><\/h3>\n<p>L'exp\u00e9rience utilisateur est quelque chose que j'appr\u00e9cie \u00e9norm\u00e9ment. Le design est \u00e9l\u00e9gant, l'interface est facile \u00e0 naviguer et le produit fonctionne comme promis. Chaque d\u00e9tail a \u00e9t\u00e9 soigneusement pens\u00e9 pour que le produit ne soit pas seulement fonctionnel, mais aussi agr\u00e9able \u00e0 utiliser.<\/p>\n<h2><span class=\"ez-toc-section\" id=\"Why_you_should_consider_it\"><\/span>Pourquoi l'envisager ?<span class=\"ez-toc-section-end\"><\/span><\/h2>\n<p>Si vous h\u00e9sitez \u00e0 acheter ce produit, laissez-moi vous expliquer pourquoi je pense qu'il vaut la peine d'\u00eatre envisag\u00e9. Il a eu un impact consid\u00e9rable sur ma vie et je pense qu'il peut en \u00eatre de m\u00eame pour vous. Qu'il s'agisse de la facilit\u00e9 d'utilisation, du gain de temps ou de la durabilit\u00e9, il offre une valeur ind\u00e9niable qui rendra votre vie quotidienne plus facile et plus agr\u00e9able.<\/p>\n<ul>\n<li>Gagnez du temps et r\u00e9duisez votre charge de travail<\/li>\n<li>B\u00e9n\u00e9ficier d'une qualit\u00e9 et d'une fiabilit\u00e9 sup\u00e9rieures<\/li>\n<li>Am\u00e9lioration de la productivit\u00e9 et r\u00e9duction du stress<\/li>\n<li>B\u00e9n\u00e9ficier d'une conception conviviale et intuitive<\/li>\n<\/ul>\n<h3><span class=\"ez-toc-section\" id=\"Transform_your_daily_experience\"><\/span>Transformez votre exp\u00e9rience quotidienne<span class=\"ez-toc-section-end\"><\/span><\/h3>\n<p>D'apr\u00e8s mon exp\u00e9rience, ce produit ne se contente pas de r\u00e9pondre aux attentes, il les d\u00e9passe. Il a transform\u00e9 la fa\u00e7on dont j'aborde mes t\u00e2ches quotidiennes, et je suis convaincu qu'il en fera de m\u00eame pour vous. N'h\u00e9sitez pas \u00e0 tirer parti de ses fonctionnalit\u00e9s impressionnantes et commencez \u00e0 en b\u00e9n\u00e9ficier d\u00e8s aujourd'hui. Vous vous en f\u00e9liciterez.<\/p>","protected":false},"excerpt":{"rendered":"<p>Avantages du produit Lorsque j'ai commenc\u00e9 \u00e0 utiliser ce produit, j'ai rapidement r\u00e9alis\u00e9 \u00e0 quel point il pouvait me simplifier la vie. Les avantages sont nombreux et incontournables. Si vous recherchez l'efficacit\u00e9 et la simplicit\u00e9, c'est peut-\u00eatre la solution qu'il vous faut. Laissez-moi partager avec vous les avantages que j'ai exp\u00e9riment\u00e9s personnellement....<\/p>","protected":false},"featured_media":1543,"template":"","meta":{"_lmt_disableupdate":"","_lmt_disable":"","_kadence_starter_templates_imported_post":false,"_kad_post_transparent":"default","_kad_post_title":"","_kad_post_layout":"default","_kad_post_sidebar_id":"","_kad_post_content_style":"default","_kad_post_vertical_padding":"default","_kad_post_feature":"","_kad_post_feature_position":"","_kad_post_header":false,"_kad_post_footer":false,"_kad_post_classname":""},"product_brand":[],"product_cat":[16],"product_tag":[],"class_list":{"0":"post-300","1":"product","2":"type-product","3":"status-publish","4":"has-post-thumbnail","6":"product_cat-technology","8":"first","9":"instock","10":"shipping-taxable","11":"product-type-external","12":"entry","13":"content-bg","14":"loop-entry"},"_links":{"self":[{"href":"https:\/\/www.dealexpert.eu\/fr\/wp-json\/wp\/v2\/product\/300","targetHints":{"allow":["GET"]}}],"collection":[{"href":"https:\/\/www.dealexpert.eu\/fr\/wp-json\/wp\/v2\/product"}],"about":[{"href":"https:\/\/www.dealexpert.eu\/fr\/wp-json\/wp\/v2\/types\/product"}],"wp:featuredmedia":[{"embeddable":true,"href":"https:\/\/www.dealexpert.eu\/fr\/wp-json\/wp\/v2\/media\/1543"}],"wp:attachment":[{"href":"https:\/\/www.dealexpert.eu\/fr\/wp-json\/wp\/v2\/media?parent=300"}],"wp:term":[{"taxonomy":"product_brand","embeddable":true,"href":"https:\/\/www.dealexpert.eu\/fr\/wp-json\/wp\/v2\/product_brand?post=300"},{"taxonomy":"product_cat","embeddable":true,"href":"https:\/\/www.dealexpert.eu\/fr\/wp-json\/wp\/v2\/product_cat?post=300"},{"taxonomy":"product_tag","embeddable":true,"href":"https:\/\/www.dealexpert.eu\/fr\/wp-json\/wp\/v2\/product_tag?post=300"}],"curies":[{"name":"wp","href":"https:\/\/api.w.org\/{rel}","templated":true}]}}