{"id":338,"date":"2025-07-24T01:00:23","date_gmt":"2025-07-24T01:00:23","guid":{"rendered":"https:\/\/www.dealexpert.eu\/?post_type=product&#038;p=338"},"modified":"2025-07-24T14:33:38","modified_gmt":"2025-07-24T14:33:38","slug":"itrack-gps-rastreador-de-coches","status":"publish","type":"product","link":"https:\/\/www.dealexpert.eu\/es\/p\/itrack-gps-rastreador-de-coches\/","title":{"rendered":"Rastreador GPS de coches iTrack"},"content":{"rendered":"<div class=\"kk-star-ratings kksr-auto kksr-align-left kksr-valign-top\"\n    data-payload='{&quot;align&quot;:&quot;left&quot;,&quot;id&quot;:&quot;338&quot;,&quot;slug&quot;:&quot;default&quot;,&quot;valign&quot;:&quot;top&quot;,&quot;ignore&quot;:&quot;&quot;,&quot;reference&quot;:&quot;auto&quot;,&quot;class&quot;:&quot;&quot;,&quot;count&quot;:&quot;0&quot;,&quot;legendonly&quot;:&quot;&quot;,&quot;readonly&quot;:&quot;&quot;,&quot;score&quot;:&quot;0&quot;,&quot;starsonly&quot;:&quot;&quot;,&quot;best&quot;:&quot;5&quot;,&quot;gap&quot;:&quot;5&quot;,&quot;greet&quot;:&quot;Rate this product&quot;,&quot;legend&quot;:&quot;0\\\/5 - (0 votos)&quot;,&quot;size&quot;:&quot;24&quot;,&quot;title&quot;:&quot;iTrack GPS Car Tracker&quot;,&quot;width&quot;:&quot;0&quot;,&quot;_legend&quot;:&quot;{score}\\\/{best} - ({count} {votes})&quot;,&quot;font_factor&quot;:&quot;1.25&quot;}'>\n            \n<div class=\"kksr-stars\">\n    \n<div class=\"kksr-stars-inactive\">\n            <div class=\"kksr-star\" data-star=\"1\" style=\"padding-right: 5px\">\n            \n\n<div class=\"kksr-icon\" style=\"width: 24px; height: 24px;\"><\/div>\n        <\/div>\n            <div class=\"kksr-star\" data-star=\"2\" style=\"padding-right: 5px\">\n            \n\n<div class=\"kksr-icon\" style=\"width: 24px; height: 24px;\"><\/div>\n        <\/div>\n            <div class=\"kksr-star\" data-star=\"3\" style=\"padding-right: 5px\">\n            \n\n<div class=\"kksr-icon\" style=\"width: 24px; height: 24px;\"><\/div>\n        <\/div>\n            <div class=\"kksr-star\" data-star=\"4\" style=\"padding-right: 5px\">\n            \n\n<div class=\"kksr-icon\" style=\"width: 24px; height: 24px;\"><\/div>\n        <\/div>\n            <div class=\"kksr-star\" data-star=\"5\" style=\"padding-right: 5px\">\n            \n\n<div class=\"kksr-icon\" style=\"width: 24px; height: 24px;\"><\/div>\n        <\/div>\n    <\/div>\n    \n<div class=\"kksr-stars-active\" style=\"width: 0px;\">\n            <div class=\"kksr-star\" style=\"padding-right: 5px\">\n            \n\n<div class=\"kksr-icon\" style=\"width: 24px; height: 24px;\"><\/div>\n        <\/div>\n            <div class=\"kksr-star\" style=\"padding-right: 5px\">\n            \n\n<div class=\"kksr-icon\" style=\"width: 24px; height: 24px;\"><\/div>\n        <\/div>\n            <div class=\"kksr-star\" style=\"padding-right: 5px\">\n            \n\n<div class=\"kksr-icon\" style=\"width: 24px; height: 24px;\"><\/div>\n        <\/div>\n            <div class=\"kksr-star\" style=\"padding-right: 5px\">\n            \n\n<div class=\"kksr-icon\" style=\"width: 24px; height: 24px;\"><\/div>\n        <\/div>\n            <div class=\"kksr-star\" style=\"padding-right: 5px\">\n            \n\n<div class=\"kksr-icon\" style=\"width: 24px; height: 24px;\"><\/div>\n        <\/div>\n    <\/div>\n<\/div>\n                \n\n<div class=\"kksr-legend\" style=\"font-size: 19.2px;\">\n            <span class=\"kksr-muted\">Valora este producto<\/span>\n    <\/div>\n    <\/div>\n<div id=\"ez-toc-container\" class=\"ez-toc-v2_0_81 counter-hierarchy ez-toc-counter ez-toc-grey ez-toc-container-direction\">\n<div class=\"ez-toc-title-container\">\n<p class=\"ez-toc-title\" style=\"cursor:inherit\">Resumen<\/p>\n<span class=\"ez-toc-title-toggle\"><a href=\"#\" class=\"ez-toc-pull-right ez-toc-btn ez-toc-btn-xs ez-toc-btn-default ez-toc-toggle\" aria-label=\"Alternar tabla de contenidos\"><span class=\"ez-toc-js-icon-con\"><span class=\"\"><span class=\"eztoc-hide\" style=\"display:none;\">Toggle<\/span><span class=\"ez-toc-icon-toggle-span\"><svg style=\"fill: #999;color:#999\" xmlns=\"http:\/\/www.w3.org\/2000\/svg\" class=\"list-377408\" width=\"20px\" height=\"20px\" viewbox=\"0 0 24 24\" fill=\"none\"><path d=\"M6 6H4v2h2V6zm14 0H8v2h12V6zM4 11h2v2H4v-2zm16 0H8v2h12v-2zM4 16h2v2H4v-2zm16 0H8v2h12v-2z\" fill=\"currentColor\"><\/path><\/svg><svg style=\"fill: #999;color:#999\" class=\"arrow-unsorted-368013\" xmlns=\"http:\/\/www.w3.org\/2000\/svg\" width=\"10px\" height=\"10px\" viewbox=\"0 0 24 24\" version=\"1.2\" baseprofile=\"tiny\"><path d=\"M18.2 9.3l-6.2-6.3-6.2 6.3c-.2.2-.3.4-.3.7s.1.5.3.7c.2.2.4.3.7.3h11c.3 0 .5-.1.7-.3.2-.2.3-.5.3-.7s-.1-.5-.3-.7zM5.8 14.7l6.2 6.3 6.2-6.3c.2-.2.3-.5.3-.7s-.1-.5-.3-.7c-.2-.2-.4-.3-.7-.3h-11c-.3 0-.5.1-.7.3-.2.2-.3.5-.3.7s.1.5.3.7z\"\/><\/svg><\/span><\/span><\/span><\/a><\/span><\/div>\n<nav><ul class='ez-toc-list ez-toc-list-level-1 eztoc-toggle-hide-by-default' ><li class='ez-toc-page-1 ez-toc-heading-level-2'><a class=\"ez-toc-link ez-toc-heading-1\" href=\"https:\/\/www.dealexpert.eu\/es\/p\/itrack-gps-rastreador-de-coches\/#Advantages_of_the_iTrack_GPS_Car_Tracker\" >Ventajas del localizador GPS iTrack<\/a><\/li><li class='ez-toc-page-1 ez-toc-heading-level-2'><a class=\"ez-toc-link ez-toc-heading-2\" href=\"https:\/\/www.dealexpert.eu\/es\/p\/itrack-gps-rastreador-de-coches\/#What_is_the_iTrack_GPS_Car_Tracker\" >\u00bfQu\u00e9 es el localizador GPS iTrack?<\/a><\/li><li class='ez-toc-page-1 ez-toc-heading-level-2'><a class=\"ez-toc-link ez-toc-heading-3\" href=\"https:\/\/www.dealexpert.eu\/es\/p\/itrack-gps-rastreador-de-coches\/#Key_Features_of_the_iTrack_GPS_Car_Tracker\" >Caracter\u00edsticas principales del localizador GPS de coches iTrack<\/a><\/li><li class='ez-toc-page-1 ez-toc-heading-level-2'><a class=\"ez-toc-link ez-toc-heading-4\" href=\"https:\/\/www.dealexpert.eu\/es\/p\/itrack-gps-rastreador-de-coches\/#How_to_Install_the_iTrack_GPS_Car_Tracker\" >C\u00f3mo instalar el localizador GPS iTrack para coches<\/a><\/li><li class='ez-toc-page-1 ez-toc-heading-level-2'><a class=\"ez-toc-link ez-toc-heading-5\" href=\"https:\/\/www.dealexpert.eu\/es\/p\/itrack-gps-rastreador-de-coches\/#Why_Choose_the_iTrack_GPS_Car_Tracker\" >\u00bfPor qu\u00e9 elegir el localizador GPS iTrack?<\/a><\/li><li class='ez-toc-page-1 ez-toc-heading-level-2'><a class=\"ez-toc-link ez-toc-heading-6\" href=\"https:\/\/www.dealexpert.eu\/es\/p\/itrack-gps-rastreador-de-coches\/#User_Testimonials\" >Testimonios de usuarios<\/a><ul class='ez-toc-list-level-3' ><li class='ez-toc-heading-level-3'><a class=\"ez-toc-link ez-toc-heading-7\" href=\"https:\/\/www.dealexpert.eu\/es\/p\/itrack-gps-rastreador-de-coches\/#John_D_Fleet_Manager\" >John D., Gestor de flota<\/a><\/li><li class='ez-toc-page-1 ez-toc-heading-level-3'><a class=\"ez-toc-link ez-toc-heading-8\" href=\"https:\/\/www.dealexpert.eu\/es\/p\/itrack-gps-rastreador-de-coches\/#Sarah_K_Parent\" >Sarah K., madre<\/a><\/li><\/ul><\/li><li class='ez-toc-page-1 ez-toc-heading-level-2'><a class=\"ez-toc-link ez-toc-heading-9\" href=\"https:\/\/www.dealexpert.eu\/es\/p\/itrack-gps-rastreador-de-coches\/#iTrack_GPS_Car_Tracker_Pricing\" >iTrack GPS Car Tracker Precios<\/a><\/li><li class='ez-toc-page-1 ez-toc-heading-level-2'><a class=\"ez-toc-link ez-toc-heading-10\" href=\"https:\/\/www.dealexpert.eu\/es\/p\/itrack-gps-rastreador-de-coches\/#Where_to_Buy_the_iTrack_GPS_Car_Tracker\" >D\u00f3nde comprar el localizador GPS iTrack para coche<\/a><\/li><\/ul><\/nav><\/div>\n<h2><span class=\"ez-toc-section\" id=\"Advantages_of_the_iTrack_GPS_Car_Tracker\"><\/span>Ventajas del localizador GPS iTrack<span class=\"ez-toc-section-end\"><\/span><\/h2>\n<p>Cuando se trata de seguridad y gesti\u00f3n de veh\u00edculos, el localizador GPS de coches iTrack ofrece ventajas inigualables. En primer lugar, le garantiza tranquilidad, ya que le permite rastrear la ubicaci\u00f3n de su coche en tiempo real en cualquier momento y lugar. Como alguien que valora la seguridad, saber que puedo supervisar los movimientos de mi veh\u00edculo me da una sensaci\u00f3n de control.<\/p>\n<p>El dispositivo es muy fiable, con actualizaciones de seguimiento precisas y en directo. Tambi\u00e9n es f\u00e1cil de instalar, lo que significa que cualquier persona, incluso sin conocimientos t\u00e9cnicos, puede configurarlo sin problemas. Si eres como yo y aprecias la sencillez, esta caracter\u00edstica te encantar\u00e1.<\/p>\n<p>Otra gran ventaja es su bajo consumo de energ\u00eda. El rastreador dura m\u00e1s, lo que minimiza la necesidad de recargarlo constantemente. Tambi\u00e9n ofrece funciones de geovalla, que permiten establecer l\u00edmites virtuales y recibir alertas si el veh\u00edculo los cruza, lo que resulta perfecto para vigilar a conductores adolescentes o proteger una flota de veh\u00edculos.<\/p>\n<h2><span class=\"ez-toc-section\" id=\"What_is_the_iTrack_GPS_Car_Tracker\"><\/span>\u00bfQu\u00e9 es el localizador GPS iTrack?<span class=\"ez-toc-section-end\"><\/span><\/h2>\n<p>El localizador GPS iTrack es un peque\u00f1o pero potente dispositivo dise\u00f1ado para proporcionarle un control total sobre la ubicaci\u00f3n de su veh\u00edculo. Utiliza tecnolog\u00eda GPS de vanguardia, lo que permite a los usuarios seguir los movimientos de su veh\u00edculo en tiempo real a trav\u00e9s de un dispositivo habilitado para Internet. He descubierto que esta tecnolog\u00eda es incre\u00edblemente precisa y fiable, por lo que es una gran herramienta para cualquier persona preocupada por la seguridad del veh\u00edculo o la gesti\u00f3n de flotas.<\/p>\n<h2><span class=\"ez-toc-section\" id=\"Key_Features_of_the_iTrack_GPS_Car_Tracker\"><\/span>Caracter\u00edsticas principales del localizador GPS de coches iTrack<span class=\"ez-toc-section-end\"><\/span><\/h2>\n<ul>\n<li><strong>Seguimiento GPS en tiempo real<\/strong> con actualizaciones en directo, para que est\u00e9s siempre al tanto del paradero de tu veh\u00edculo.<\/li>\n<li><strong>Aplicaci\u00f3n m\u00f3vil f\u00e1cil de usar<\/strong> para un seguimiento perfecto sobre la marcha.<\/li>\n<li><strong>Funciones de geocercas<\/strong> que le avisan cuando su veh\u00edculo sale de una zona designada.<\/li>\n<li><strong>Bajo consumo de energ\u00eda<\/strong> que prolonga la duraci\u00f3n de la bater\u00eda, garantizando que el dispositivo est\u00e9 siempre listo.<\/li>\n<li><strong>Funci\u00f3n de inmovilizaci\u00f3n a distancia<\/strong> para evitar robos desactivando su veh\u00edculo a distancia.<\/li>\n<li><strong>Seguimiento hist\u00f3rico<\/strong> para revisar las rutas anteriores y controlar las pautas de uso de los veh\u00edculos.<\/li>\n<\/ul>\n<h2><span class=\"ez-toc-section\" id=\"How_to_Install_the_iTrack_GPS_Car_Tracker\"><\/span>C\u00f3mo instalar el localizador GPS iTrack para coches<span class=\"ez-toc-section-end\"><\/span><\/h2>\n<p>La instalaci\u00f3n del localizador GPS iTrack es sencilla y f\u00e1cil de usar. No tendr\u00e1 que preocuparse de configuraciones complejas. Aqu\u00ed tiene una gu\u00eda paso a paso:<\/p>\n<ul>\n<li><strong>Primer paso:<\/strong> Abra el paquete y compruebe que todo est\u00e1 incluido.<\/li>\n<li><strong>Segundo paso:<\/strong> Conecta el dispositivo al puerto OBD-II de tu veh\u00edculo o directamente a la bater\u00eda del coche.<\/li>\n<li><strong>Paso 3:<\/strong> Encienda el dispositivo y espere a que la luz verde confirme la activaci\u00f3n.<\/li>\n<li><strong>Paso 4:<\/strong> Descarga la aplicaci\u00f3n iTrack de tu tienda de aplicaciones y crea una cuenta.<\/li>\n<li><strong>Paso 5:<\/strong> Empareja la aplicaci\u00f3n con el rastreador y empieza a controlar la ubicaci\u00f3n de tu veh\u00edculo.<\/li>\n<\/ul>\n<h2><span class=\"ez-toc-section\" id=\"Why_Choose_the_iTrack_GPS_Car_Tracker\"><\/span>\u00bfPor qu\u00e9 elegir el localizador GPS iTrack?<span class=\"ez-toc-section-end\"><\/span><\/h2>\n<p>El localizador GPS iTrack destaca por varias razones. Para empezar, mejora la seguridad del veh\u00edculo proporcionando seguimiento en tiempo real. Si usted est\u00e1 preocupado por el robo o simplemente quiere mantener un ojo en su coche, este rastreador ofrece la protecci\u00f3n que necesita.<\/p>\n<p>Para los gestores de flotas, es una herramienta inestimable. Permite supervisar varios veh\u00edculos sin esfuerzo y de forma eficaz. A m\u00ed personalmente me tranquiliza poder seguir mi veh\u00edculo o los de otros de un vistazo.<\/p>\n<p>Adem\u00e1s, la capacidad de inmovilizar a distancia su veh\u00edculo en caso de robo es un verdadero cambio de juego. Esta caracter\u00edstica, junto con el precio asequible, hace que sea un gran valor en comparaci\u00f3n con otros rastreadores GPS de gama alta.<\/p>\n<h2><span class=\"ez-toc-section\" id=\"User_Testimonials\"><\/span>Testimonios de usuarios<span class=\"ez-toc-section-end\"><\/span><\/h2>\n<h3><span class=\"ez-toc-section\" id=\"John_D_Fleet_Manager\"><\/span>John D., Gestor de flota<span class=\"ez-toc-section-end\"><\/span><\/h3>\n<p>\"Utilizamos el localizador GPS iTrack para gestionar nuestros camiones de reparto y ha supuesto un cambio radical. Las actualizaciones en tiempo real han mejorado significativamente nuestras operaciones\".<\/p>\n<h3><span class=\"ez-toc-section\" id=\"Sarah_K_Parent\"><\/span>Sarah K., madre<span class=\"ez-toc-section-end\"><\/span><\/h3>\n<p>\"Como padre, me encanta poder controlar la conducci\u00f3n de mi hijo adolescente. Las alertas cuando salen de una zona designada me dan tranquilidad\".<\/p>\n<h2><span class=\"ez-toc-section\" id=\"iTrack_GPS_Car_Tracker_Pricing\"><\/span>iTrack GPS Car Tracker Precios<span class=\"ez-toc-section-end\"><\/span><\/h2>\n<p>El localizador GPS iTrack tiene un precio competitivo y ofrece una excelente relaci\u00f3n calidad-precio por su amplia gama de funciones. Aunque los precios espec\u00edficos pueden variar, es importante recordar que est\u00e1 invirtiendo en una mayor seguridad y tranquilidad. El bajo coste del localizador en comparaci\u00f3n con dispositivos similares lo convierte en una opci\u00f3n atractiva tanto para particulares como para empresas.<\/p>\n<div style=\"width: 1280px;\" class=\"wp-video\"><video class=\"wp-video-shortcode\" id=\"video-338-1\" width=\"1280\" height=\"720\" preload=\"metadata\" controls=\"controls\"><source type=\"video\/mp4\" src=\"https:\/\/www.dealexpert.eu\/wp-content\/uploads\/2025\/07\/AutoTrack-Revolutionary-device-allows-you-to-track-any-car-with-your-smartphone.-EN1.mp4?_=1\" \/><a href=\"https:\/\/www.dealexpert.eu\/wp-content\/uploads\/2025\/07\/AutoTrack-Revolutionary-device-allows-you-to-track-any-car-with-your-smartphone.-EN1.mp4\">https:\/\/www.dealexpert.eu\/wp-content\/uploads\/2025\/07\/AutoTrack-Revolutionary-device-allows-you-to-track-any-car-with-your-smartphone.-EN1.mp4<\/a><\/video><\/div>\n<h2><span class=\"ez-toc-section\" id=\"Where_to_Buy_the_iTrack_GPS_Car_Tracker\"><\/span>D\u00f3nde comprar el localizador GPS iTrack para coche<span class=\"ez-toc-section-end\"><\/span><\/h2>\n<p>El localizador GPS iTrack est\u00e1 disponible para su compra directamente en Neotechix. El proceso es simple, asegurando que usted puede ordenar f\u00e1cilmente su dispositivo desde la comodidad de su hogar. S\u00f3lo tiene que visitar la p\u00e1gina oficial del producto, seleccionar su cantidad y proceder a la compra.<\/p>","protected":false},"excerpt":{"rendered":"<li>Seguimiento GPS en tiempo real con actualizaciones en directo<\/li>\n<li>Aplicaci\u00f3n m\u00f3vil de f\u00e1cil uso para el seguimiento<\/li>\n<li>Funciones de geocerca para alertas de seguridad<\/li>\n<li>Bajo consumo para una mayor duraci\u00f3n de la bater\u00eda<\/li>\n<li>Funci\u00f3n de inmovilizaci\u00f3n a distancia para evitar robos<\/li>","protected":false},"featured_media":377,"template":"","meta":{"_lmt_disableupdate":"","_lmt_disable":"","_kadence_starter_templates_imported_post":false,"_kad_post_transparent":"default","_kad_post_title":"","_kad_post_layout":"default","_kad_post_sidebar_id":"","_kad_post_content_style":"default","_kad_post_vertical_padding":"default","_kad_post_feature":"","_kad_post_feature_position":"","_kad_post_header":false,"_kad_post_footer":false,"_kad_post_classname":""},"product_brand":[],"product_cat":[16],"product_tag":[],"class_list":{"0":"post-338","1":"product","2":"type-product","3":"status-publish","4":"has-post-thumbnail","6":"product_cat-technology","8":"first","9":"instock","10":"shipping-taxable","11":"product-type-external","12":"entry","13":"content-bg","14":"loop-entry"},"_links":{"self":[{"href":"https:\/\/www.dealexpert.eu\/es\/wp-json\/wp\/v2\/product\/338","targetHints":{"allow":["GET"]}}],"collection":[{"href":"https:\/\/www.dealexpert.eu\/es\/wp-json\/wp\/v2\/product"}],"about":[{"href":"https:\/\/www.dealexpert.eu\/es\/wp-json\/wp\/v2\/types\/product"}],"wp:featuredmedia":[{"embeddable":true,"href":"https:\/\/www.dealexpert.eu\/es\/wp-json\/wp\/v2\/media\/377"}],"wp:attachment":[{"href":"https:\/\/www.dealexpert.eu\/es\/wp-json\/wp\/v2\/media?parent=338"}],"wp:term":[{"taxonomy":"product_brand","embeddable":true,"href":"https:\/\/www.dealexpert.eu\/es\/wp-json\/wp\/v2\/product_brand?post=338"},{"taxonomy":"product_cat","embeddable":true,"href":"https:\/\/www.dealexpert.eu\/es\/wp-json\/wp\/v2\/product_cat?post=338"},{"taxonomy":"product_tag","embeddable":true,"href":"https:\/\/www.dealexpert.eu\/es\/wp-json\/wp\/v2\/product_tag?post=338"}],"curies":[{"name":"wp","href":"https:\/\/api.w.org\/{rel}","templated":true}]}}