{"id":336,"date":"2025-07-24T00:49:46","date_gmt":"2025-07-24T00:49:46","guid":{"rendered":"https:\/\/www.dealexpert.eu\/?post_type=product&#038;p=336"},"modified":"2025-07-24T14:33:38","modified_gmt":"2025-07-24T14:33:38","slug":"clearview-2","status":"publish","type":"product","link":"https:\/\/www.dealexpert.eu\/es\/p\/clearview-2\/","title":{"rendered":"ClearView"},"content":{"rendered":"<div class=\"kk-star-ratings kksr-auto kksr-align-left kksr-valign-top\"\n    data-payload='{&quot;align&quot;:&quot;left&quot;,&quot;id&quot;:&quot;336&quot;,&quot;slug&quot;:&quot;default&quot;,&quot;valign&quot;:&quot;top&quot;,&quot;ignore&quot;:&quot;&quot;,&quot;reference&quot;:&quot;auto&quot;,&quot;class&quot;:&quot;&quot;,&quot;count&quot;:&quot;0&quot;,&quot;legendonly&quot;:&quot;&quot;,&quot;readonly&quot;:&quot;&quot;,&quot;score&quot;:&quot;0&quot;,&quot;starsonly&quot;:&quot;&quot;,&quot;best&quot;:&quot;5&quot;,&quot;gap&quot;:&quot;5&quot;,&quot;greet&quot;:&quot;Rate this product&quot;,&quot;legend&quot;:&quot;0\\\/5 - (0 votos)&quot;,&quot;size&quot;:&quot;24&quot;,&quot;title&quot;:&quot;ClearView&quot;,&quot;width&quot;:&quot;0&quot;,&quot;_legend&quot;:&quot;{score}\\\/{best} - ({count} {votes})&quot;,&quot;font_factor&quot;:&quot;1.25&quot;}'>\n            \n<div class=\"kksr-stars\">\n    \n<div class=\"kksr-stars-inactive\">\n            <div class=\"kksr-star\" data-star=\"1\" style=\"padding-right: 5px\">\n            \n\n<div class=\"kksr-icon\" style=\"width: 24px; height: 24px;\"><\/div>\n        <\/div>\n            <div class=\"kksr-star\" data-star=\"2\" style=\"padding-right: 5px\">\n            \n\n<div class=\"kksr-icon\" style=\"width: 24px; height: 24px;\"><\/div>\n        <\/div>\n            <div class=\"kksr-star\" data-star=\"3\" style=\"padding-right: 5px\">\n            \n\n<div class=\"kksr-icon\" style=\"width: 24px; height: 24px;\"><\/div>\n        <\/div>\n            <div class=\"kksr-star\" data-star=\"4\" style=\"padding-right: 5px\">\n            \n\n<div class=\"kksr-icon\" style=\"width: 24px; height: 24px;\"><\/div>\n        <\/div>\n            <div class=\"kksr-star\" data-star=\"5\" style=\"padding-right: 5px\">\n            \n\n<div class=\"kksr-icon\" style=\"width: 24px; height: 24px;\"><\/div>\n        <\/div>\n    <\/div>\n    \n<div class=\"kksr-stars-active\" style=\"width: 0px;\">\n            <div class=\"kksr-star\" style=\"padding-right: 5px\">\n            \n\n<div class=\"kksr-icon\" style=\"width: 24px; height: 24px;\"><\/div>\n        <\/div>\n            <div class=\"kksr-star\" style=\"padding-right: 5px\">\n            \n\n<div class=\"kksr-icon\" style=\"width: 24px; height: 24px;\"><\/div>\n        <\/div>\n            <div class=\"kksr-star\" style=\"padding-right: 5px\">\n            \n\n<div class=\"kksr-icon\" style=\"width: 24px; height: 24px;\"><\/div>\n        <\/div>\n            <div class=\"kksr-star\" style=\"padding-right: 5px\">\n            \n\n<div class=\"kksr-icon\" style=\"width: 24px; height: 24px;\"><\/div>\n        <\/div>\n            <div class=\"kksr-star\" style=\"padding-right: 5px\">\n            \n\n<div class=\"kksr-icon\" style=\"width: 24px; height: 24px;\"><\/div>\n        <\/div>\n    <\/div>\n<\/div>\n                \n\n<div class=\"kksr-legend\" style=\"font-size: 19.2px;\">\n            <span class=\"kksr-muted\">Valora este producto<\/span>\n    <\/div>\n    <\/div>\n<div id=\"ez-toc-container\" class=\"ez-toc-v2_0_81 counter-hierarchy ez-toc-counter ez-toc-grey ez-toc-container-direction\">\n<div class=\"ez-toc-title-container\">\n<p class=\"ez-toc-title\" style=\"cursor:inherit\">Resumen<\/p>\n<span class=\"ez-toc-title-toggle\"><a href=\"#\" class=\"ez-toc-pull-right ez-toc-btn ez-toc-btn-xs ez-toc-btn-default ez-toc-toggle\" aria-label=\"Alternar tabla de contenidos\"><span class=\"ez-toc-js-icon-con\"><span class=\"\"><span class=\"eztoc-hide\" style=\"display:none;\">Toggle<\/span><span class=\"ez-toc-icon-toggle-span\"><svg style=\"fill: #999;color:#999\" xmlns=\"http:\/\/www.w3.org\/2000\/svg\" class=\"list-377408\" width=\"20px\" height=\"20px\" viewbox=\"0 0 24 24\" fill=\"none\"><path d=\"M6 6H4v2h2V6zm14 0H8v2h12V6zM4 11h2v2H4v-2zm16 0H8v2h12v-2zM4 16h2v2H4v-2zm16 0H8v2h12v-2z\" fill=\"currentColor\"><\/path><\/svg><svg style=\"fill: #999;color:#999\" class=\"arrow-unsorted-368013\" xmlns=\"http:\/\/www.w3.org\/2000\/svg\" width=\"10px\" height=\"10px\" viewbox=\"0 0 24 24\" version=\"1.2\" baseprofile=\"tiny\"><path d=\"M18.2 9.3l-6.2-6.3-6.2 6.3c-.2.2-.3.4-.3.7s.1.5.3.7c.2.2.4.3.7.3h11c.3 0 .5-.1.7-.3.2-.2.3-.5.3-.7s-.1-.5-.3-.7zM5.8 14.7l6.2 6.3 6.2-6.3c.2-.2.3-.5.3-.7s-.1-.5-.3-.7c-.2-.2-.4-.3-.7-.3h-11c-.3 0-.5.1-.7.3-.2.2-.3.5-.3.7s.1.5.3.7z\"\/><\/svg><\/span><\/span><\/span><\/a><\/span><\/div>\n<nav><ul class='ez-toc-list ez-toc-list-level-1 eztoc-toggle-hide-by-default' ><li class='ez-toc-page-1 ez-toc-heading-level-2'><a class=\"ez-toc-link ez-toc-heading-1\" href=\"https:\/\/www.dealexpert.eu\/es\/p\/clearview-2\/#What_are_the_advantages_of_ClearView\" >\u00bfCu\u00e1les son las ventajas de ClearView?<\/a><\/li><li class='ez-toc-page-1 ez-toc-heading-level-2'><a class=\"ez-toc-link ez-toc-heading-2\" href=\"https:\/\/www.dealexpert.eu\/es\/p\/clearview-2\/#How_does_ClearView_work\" >\u00bfC\u00f3mo funciona ClearView?<\/a><ul class='ez-toc-list-level-3' ><li class='ez-toc-heading-level-3'><a class=\"ez-toc-link ez-toc-heading-3\" href=\"https:\/\/www.dealexpert.eu\/es\/p\/clearview-2\/#The_Technology_Behind_ClearView\" >La tecnolog\u00eda de ClearView<\/a><\/li><\/ul><\/li><li class='ez-toc-page-1 ez-toc-heading-level-2'><a class=\"ez-toc-link ez-toc-heading-4\" href=\"https:\/\/www.dealexpert.eu\/es\/p\/clearview-2\/#Why_is_ClearView_different_from_other_systems\" >\u00bfPor qu\u00e9 ClearView es diferente de otros sistemas?<\/a><ul class='ez-toc-list-level-3' ><li class='ez-toc-heading-level-3'><a class=\"ez-toc-link ez-toc-heading-5\" href=\"https:\/\/www.dealexpert.eu\/es\/p\/clearview-2\/#Seamless_Integration\" >Integraci\u00f3n perfecta<\/a><\/li><\/ul><\/li><li class='ez-toc-page-1 ez-toc-heading-level-2'><a class=\"ez-toc-link ez-toc-heading-6\" href=\"https:\/\/www.dealexpert.eu\/es\/p\/clearview-2\/#Applications_of_ClearView\" >Aplicaciones de ClearView<\/a><\/li><li class='ez-toc-page-1 ez-toc-heading-level-2'><a class=\"ez-toc-link ez-toc-heading-7\" href=\"https:\/\/www.dealexpert.eu\/es\/p\/clearview-2\/#What_makes_ClearView_the_best_choice\" >\u00bfPor qu\u00e9 ClearView es la mejor opci\u00f3n?<\/a><ul class='ez-toc-list-level-3' ><li class='ez-toc-heading-level-3'><a class=\"ez-toc-link ez-toc-heading-8\" href=\"https:\/\/www.dealexpert.eu\/es\/p\/clearview-2\/#Customer_Testimonials\" >Testimonios de clientes<\/a><\/li><\/ul><\/li><li class='ez-toc-page-1 ez-toc-heading-level-2'><a class=\"ez-toc-link ez-toc-heading-9\" href=\"https:\/\/www.dealexpert.eu\/es\/p\/clearview-2\/#Getting_Started_with_ClearView\" >Primeros pasos con ClearView<\/a><\/li><\/ul><\/nav><\/div>\n<h2><span class=\"ez-toc-section\" id=\"What_are_the_advantages_of_ClearView\"><\/span>\u00bfCu\u00e1les son las ventajas de ClearView?<span class=\"ez-toc-section-end\"><\/span><\/h2>\n<p>ClearView es la soluci\u00f3n de vigilancia definitiva para cualquiera que desee mejorar la seguridad, ya sea de su hogar, negocio o cualquier otra instalaci\u00f3n. Las principales ventajas de ClearView son numerosas, lo que la convierte en una opci\u00f3n excepcional para las necesidades de seguridad tanto personales como profesionales. Veamos algunas de las principales ventajas:<\/p>\n<ul>\n<li><strong>Seguridad reforzada<\/strong>: Con ClearView, puede garantizar una s\u00f3lida protecci\u00f3n de sus bienes, activos y seres queridos. Tanto si se trata de un hogar, una oficina o un espacio p\u00fablico, obtendr\u00e1 una cobertura integral.<\/li>\n<li><strong>Alertas en tiempo real<\/strong>: El sofisticado sistema ClearView env\u00eda alertas instant\u00e1neas si detecta alguna actividad sospechosa. Esta funci\u00f3n le proporciona tranquilidad al notificarle las posibles amenazas en cuanto se producen.<\/li>\n<li><strong>Calidad de v\u00eddeo de alta definici\u00f3n<\/strong>: El sistema ofrece una videovigilancia de gran nitidez, lo que permite una supervisi\u00f3n precisa y una identificaci\u00f3n exacta de las personas, incluso en condiciones de poca luz.<\/li>\n<li><strong>Reconocimiento facial<\/strong>: Una de las caracter\u00edsticas m\u00e1s destacadas es la avanzada tecnolog\u00eda de reconocimiento facial que facilita el seguimiento de las personas y mejora la eficacia de la seguridad.<\/li>\n<li><strong>Acceso remoto<\/strong>: Con ClearView, puede supervisar y gestionar su sistema de seguridad desde cualquier lugar utilizando su tel\u00e9fono m\u00f3vil u ordenador, garantizando un control constante al alcance de su mano.<\/li>\n<\/ul>\n<h2><span class=\"ez-toc-section\" id=\"How_does_ClearView_work\"><\/span>\u00bfC\u00f3mo funciona ClearView?<span class=\"ez-toc-section-end\"><\/span><\/h2>\n<p>ClearView utiliza algoritmos y hardware de vanguardia para ofrecer una vigilancia en tiempo real precisa y f\u00e1cil de gestionar. El sistema analiza constantemente la se\u00f1al de v\u00eddeo y puede reconocer instant\u00e1neamente rostros, detectar movimiento e incluso detectar posibles amenazas. Esto garantiza que ninguna actividad pase desapercibida.<\/p>\n<h3><span class=\"ez-toc-section\" id=\"The_Technology_Behind_ClearView\"><\/span>La tecnolog\u00eda de ClearView<span class=\"ez-toc-section-end\"><\/span><\/h3>\n<p>ClearView integra algoritmos de aprendizaje autom\u00e1tico, que mejoran su capacidad para identificar patrones y distinguir entre sucesos cotidianos y actividades sospechosas. El sistema aprende con el tiempo, haci\u00e9ndose m\u00e1s inteligente y fiable con cada uso. Su avanzada tecnolog\u00eda ofrece el equilibrio perfecto entre facilidad de uso y potentes capacidades de vigilancia.<\/p>\n<h2><span class=\"ez-toc-section\" id=\"Why_is_ClearView_different_from_other_systems\"><\/span>\u00bfPor qu\u00e9 ClearView es diferente de otros sistemas?<span class=\"ez-toc-section-end\"><\/span><\/h2>\n<p>Muchos sistemas de vigilancia prometen mejorar su seguridad, pero ClearView ofrece algo \u00fanico. Su combinaci\u00f3n de v\u00eddeo de alta definici\u00f3n, reconocimiento facial y an\u00e1lisis en tiempo real lo sit\u00faa a la vanguardia. No solo proporciona una supervisi\u00f3n de primer nivel, sino que tambi\u00e9n ofrece una integraci\u00f3n perfecta con la infraestructura de seguridad existente, lo que facilita su configuraci\u00f3n y uso.<\/p>\n<h3><span class=\"ez-toc-section\" id=\"Seamless_Integration\"><\/span>Integraci\u00f3n perfecta<span class=\"ez-toc-section-end\"><\/span><\/h3>\n<p>ClearView se integra sin problemas con su sistema de seguridad actual, tanto si utiliza c\u00e1maras, alarmas o sensores tradicionales. Esto hace que la actualizaci\u00f3n a ClearView sea un proceso sencillo, sin necesidad de una revisi\u00f3n completa de su red de seguridad.<\/p>\n<h2><span class=\"ez-toc-section\" id=\"Applications_of_ClearView\"><\/span>Aplicaciones de ClearView<span class=\"ez-toc-section-end\"><\/span><\/h2>\n<p>ClearView es muy vers\u00e1til y puede utilizarse en una gran variedad de entornos. Estas son solo algunas de las formas en que puede implementar ClearView:<\/p>\n<ul>\n<li><strong>Vigilancia residencial<\/strong>: Vigile su hogar y a sus seres queridos, incluso cuando no est\u00e9, gracias a las funciones de supervisi\u00f3n remota de ClearView.<\/li>\n<li><strong>Seguridad comercial<\/strong>: Proteja sus locales comerciales con una vigilancia fiable que ofrece una visi\u00f3n clara de todas las zonas, tanto interiores como exteriores.<\/li>\n<li><strong>Vigilancia del espacio p\u00fablico<\/strong>: Garantice la seguridad de parques, estaciones de transporte y otros espacios p\u00fablicos vigilando grandes \u00e1reas en tiempo real.<\/li>\n<li><strong>Seguridad en eventos<\/strong>: ClearView es perfecto para supervisar eventos, proporcionando control de multitudes y seguridad gracias a sus funciones de alta tecnolog\u00eda.<\/li>\n<\/ul>\n<h2><span class=\"ez-toc-section\" id=\"What_makes_ClearView_the_best_choice\"><\/span>\u00bfPor qu\u00e9 ClearView es la mejor opci\u00f3n?<span class=\"ez-toc-section-end\"><\/span><\/h2>\n<p>ClearView destaca por su capacidad para ofrecer funciones avanzadas sin abrumar al usuario. Su interfaz f\u00e1cil de usar, su calidad de v\u00eddeo superior y su acceso remoto fiable la convierten en la mejor opci\u00f3n para cualquiera que desee aumentar la seguridad. Personalmente, creo que su combinaci\u00f3n de alto rendimiento y sencillez es lo que la convierte en una opci\u00f3n tan atractiva tanto para empresas como para particulares.<\/p>\n<h3><span class=\"ez-toc-section\" id=\"Customer_Testimonials\"><\/span>Testimonios de clientes<span class=\"ez-toc-section-end\"><\/span><\/h3>\n<p>Nuestros clientes est\u00e1n continuamente impresionados con la fiabilidad y el alto rendimiento de ClearView. Esto es lo que han dicho algunos:<\/p>\n<ul>\n<li><i>\"ClearView ha cambiado por completo la forma en que supervisamos nuestro negocio. Es intuitivo y la calidad de v\u00eddeo es absolutamente fant\u00e1stica\". - John D., Propietario de negocio<\/i><\/li>\n<li><i>\"Ahora me siento mucho m\u00e1s seguro en casa. El reconocimiento facial es realmente extraordinario\". - Sarah L., Propietaria<\/i><\/li>\n<\/ul>\n<h2><span class=\"ez-toc-section\" id=\"Getting_Started_with_ClearView\"><\/span>Primeros pasos con ClearView<span class=\"ez-toc-section-end\"><\/span><\/h2>\n<p>Si est\u00e1 listo para llevar su seguridad al siguiente nivel con ClearView, es f\u00e1cil empezar. Simplemente visite el sitio web oficial para obtener m\u00e1s informaci\u00f3n. El equipo de ClearView est\u00e1 aqu\u00ed para ayudarle con la instalaci\u00f3n y con cualquier pregunta que pueda tener por el camino. Su tranquilidad est\u00e1 a s\u00f3lo unos clics de distancia.<\/p>","protected":false},"excerpt":{"rendered":"<li>Calidad de v\u00eddeo de alta definici\u00f3n para una supervisi\u00f3n clara y precisa<\/li>\n<li>Funciones avanzadas de reconocimiento facial<\/li>\n<li>Alertas y notificaciones en tiempo real<\/li>\n<li>Acceso remoto a trav\u00e9s de dispositivos m\u00f3viles y de sobremesa<\/li>\n<li>Integraci\u00f3n con los sistemas de seguridad existentes<\/li>","protected":false},"featured_media":403,"template":"","meta":{"_lmt_disableupdate":"","_lmt_disable":"","_kadence_starter_templates_imported_post":false,"_kad_post_transparent":"default","_kad_post_title":"","_kad_post_layout":"default","_kad_post_sidebar_id":"","_kad_post_content_style":"default","_kad_post_vertical_padding":"default","_kad_post_feature":"","_kad_post_feature_position":"","_kad_post_header":false,"_kad_post_footer":false,"_kad_post_classname":""},"product_brand":[],"product_cat":[16],"product_tag":[],"class_list":{"0":"post-336","1":"product","2":"type-product","3":"status-publish","4":"has-post-thumbnail","6":"product_cat-technology","8":"first","9":"instock","10":"shipping-taxable","11":"product-type-external","12":"entry","13":"content-bg","14":"loop-entry"},"_links":{"self":[{"href":"https:\/\/www.dealexpert.eu\/es\/wp-json\/wp\/v2\/product\/336","targetHints":{"allow":["GET"]}}],"collection":[{"href":"https:\/\/www.dealexpert.eu\/es\/wp-json\/wp\/v2\/product"}],"about":[{"href":"https:\/\/www.dealexpert.eu\/es\/wp-json\/wp\/v2\/types\/product"}],"wp:featuredmedia":[{"embeddable":true,"href":"https:\/\/www.dealexpert.eu\/es\/wp-json\/wp\/v2\/media\/403"}],"wp:attachment":[{"href":"https:\/\/www.dealexpert.eu\/es\/wp-json\/wp\/v2\/media?parent=336"}],"wp:term":[{"taxonomy":"product_brand","embeddable":true,"href":"https:\/\/www.dealexpert.eu\/es\/wp-json\/wp\/v2\/product_brand?post=336"},{"taxonomy":"product_cat","embeddable":true,"href":"https:\/\/www.dealexpert.eu\/es\/wp-json\/wp\/v2\/product_cat?post=336"},{"taxonomy":"product_tag","embeddable":true,"href":"https:\/\/www.dealexpert.eu\/es\/wp-json\/wp\/v2\/product_tag?post=336"}],"curies":[{"name":"wp","href":"https:\/\/api.w.org\/{rel}","templated":true}]}}