{"id":332,"date":"2025-07-24T00:21:08","date_gmt":"2025-07-24T00:21:08","guid":{"rendered":"https:\/\/www.dealexpert.eu\/?post_type=product&#038;p=332"},"modified":"2025-07-24T14:33:38","modified_gmt":"2025-07-24T14:33:38","slug":"mosquitron","status":"publish","type":"product","link":"https:\/\/www.dealexpert.eu\/es\/p\/mosquitron\/","title":{"rendered":"Mosquitr\u00f3n"},"content":{"rendered":"<div class=\"kk-star-ratings kksr-auto kksr-align-left kksr-valign-top\"\n    data-payload='{&quot;align&quot;:&quot;left&quot;,&quot;id&quot;:&quot;332&quot;,&quot;slug&quot;:&quot;default&quot;,&quot;valign&quot;:&quot;top&quot;,&quot;ignore&quot;:&quot;&quot;,&quot;reference&quot;:&quot;auto&quot;,&quot;class&quot;:&quot;&quot;,&quot;count&quot;:&quot;0&quot;,&quot;legendonly&quot;:&quot;&quot;,&quot;readonly&quot;:&quot;&quot;,&quot;score&quot;:&quot;0&quot;,&quot;starsonly&quot;:&quot;&quot;,&quot;best&quot;:&quot;5&quot;,&quot;gap&quot;:&quot;5&quot;,&quot;greet&quot;:&quot;Rate this product&quot;,&quot;legend&quot;:&quot;0\\\/5 - (0 votos)&quot;,&quot;size&quot;:&quot;24&quot;,&quot;title&quot;:&quot;Mosquitron&quot;,&quot;width&quot;:&quot;0&quot;,&quot;_legend&quot;:&quot;{score}\\\/{best} - ({count} {votes})&quot;,&quot;font_factor&quot;:&quot;1.25&quot;}'>\n            \n<div class=\"kksr-stars\">\n    \n<div class=\"kksr-stars-inactive\">\n            <div class=\"kksr-star\" data-star=\"1\" style=\"padding-right: 5px\">\n            \n\n<div class=\"kksr-icon\" style=\"width: 24px; height: 24px;\"><\/div>\n        <\/div>\n            <div class=\"kksr-star\" data-star=\"2\" style=\"padding-right: 5px\">\n            \n\n<div class=\"kksr-icon\" style=\"width: 24px; height: 24px;\"><\/div>\n        <\/div>\n            <div class=\"kksr-star\" data-star=\"3\" style=\"padding-right: 5px\">\n            \n\n<div class=\"kksr-icon\" style=\"width: 24px; height: 24px;\"><\/div>\n        <\/div>\n            <div class=\"kksr-star\" data-star=\"4\" style=\"padding-right: 5px\">\n            \n\n<div class=\"kksr-icon\" style=\"width: 24px; height: 24px;\"><\/div>\n        <\/div>\n            <div class=\"kksr-star\" data-star=\"5\" style=\"padding-right: 5px\">\n            \n\n<div class=\"kksr-icon\" style=\"width: 24px; height: 24px;\"><\/div>\n        <\/div>\n    <\/div>\n    \n<div class=\"kksr-stars-active\" style=\"width: 0px;\">\n            <div class=\"kksr-star\" style=\"padding-right: 5px\">\n            \n\n<div class=\"kksr-icon\" style=\"width: 24px; height: 24px;\"><\/div>\n        <\/div>\n            <div class=\"kksr-star\" style=\"padding-right: 5px\">\n            \n\n<div class=\"kksr-icon\" style=\"width: 24px; height: 24px;\"><\/div>\n        <\/div>\n            <div class=\"kksr-star\" style=\"padding-right: 5px\">\n            \n\n<div class=\"kksr-icon\" style=\"width: 24px; height: 24px;\"><\/div>\n        <\/div>\n            <div class=\"kksr-star\" style=\"padding-right: 5px\">\n            \n\n<div class=\"kksr-icon\" style=\"width: 24px; height: 24px;\"><\/div>\n        <\/div>\n            <div class=\"kksr-star\" style=\"padding-right: 5px\">\n            \n\n<div class=\"kksr-icon\" style=\"width: 24px; height: 24px;\"><\/div>\n        <\/div>\n    <\/div>\n<\/div>\n                \n\n<div class=\"kksr-legend\" style=\"font-size: 19.2px;\">\n            <span class=\"kksr-muted\">Valora este producto<\/span>\n    <\/div>\n    <\/div>\n<div style=\"width: 720px;\" class=\"wp-video\"><video class=\"wp-video-shortcode\" id=\"video-332-1\" width=\"720\" height=\"720\" preload=\"metadata\" controls=\"controls\"><source type=\"video\/mp4\" src=\"https:\/\/www.dealexpert.eu\/wp-content\/uploads\/2025\/07\/Mosquitron-Brilliant-Mosquito-Killer.mp4?_=1\" \/><a href=\"https:\/\/www.dealexpert.eu\/wp-content\/uploads\/2025\/07\/Mosquitron-Brilliant-Mosquito-Killer.mp4\">https:\/\/www.dealexpert.eu\/wp-content\/uploads\/2025\/07\/Mosquitron-Brilliant-Mosquito-Killer.mp4<\/a><\/video><\/div>\n<div id=\"ez-toc-container\" class=\"ez-toc-v2_0_81 counter-hierarchy ez-toc-counter ez-toc-grey ez-toc-container-direction\">\n<div class=\"ez-toc-title-container\">\n<p class=\"ez-toc-title\" style=\"cursor:inherit\">Resumen<\/p>\n<span class=\"ez-toc-title-toggle\"><a href=\"#\" class=\"ez-toc-pull-right ez-toc-btn ez-toc-btn-xs ez-toc-btn-default ez-toc-toggle\" aria-label=\"Alternar tabla de contenidos\"><span class=\"ez-toc-js-icon-con\"><span class=\"\"><span class=\"eztoc-hide\" style=\"display:none;\">Toggle<\/span><span class=\"ez-toc-icon-toggle-span\"><svg style=\"fill: #999;color:#999\" xmlns=\"http:\/\/www.w3.org\/2000\/svg\" class=\"list-377408\" width=\"20px\" height=\"20px\" viewbox=\"0 0 24 24\" fill=\"none\"><path d=\"M6 6H4v2h2V6zm14 0H8v2h12V6zM4 11h2v2H4v-2zm16 0H8v2h12v-2zM4 16h2v2H4v-2zm16 0H8v2h12v-2z\" fill=\"currentColor\"><\/path><\/svg><svg style=\"fill: #999;color:#999\" class=\"arrow-unsorted-368013\" xmlns=\"http:\/\/www.w3.org\/2000\/svg\" width=\"10px\" height=\"10px\" viewbox=\"0 0 24 24\" version=\"1.2\" baseprofile=\"tiny\"><path d=\"M18.2 9.3l-6.2-6.3-6.2 6.3c-.2.2-.3.4-.3.7s.1.5.3.7c.2.2.4.3.7.3h11c.3 0 .5-.1.7-.3.2-.2.3-.5.3-.7s-.1-.5-.3-.7zM5.8 14.7l6.2 6.3 6.2-6.3c.2-.2.3-.5.3-.7s-.1-.5-.3-.7c-.2-.2-.4-.3-.7-.3h-11c-.3 0-.5.1-.7.3-.2.2-.3.5-.3.7s.1.5.3.7z\"\/><\/svg><\/span><\/span><\/span><\/a><\/span><\/div>\n<nav><ul class='ez-toc-list ez-toc-list-level-1 eztoc-toggle-hide-by-default' ><li class='ez-toc-page-1 ez-toc-heading-level-2'><a class=\"ez-toc-link ez-toc-heading-1\" href=\"https:\/\/www.dealexpert.eu\/es\/p\/mosquitron\/#What_is_Mosquitron\" >\u00bfQu\u00e9 es Mosquitron?<\/a><\/li><li class='ez-toc-page-1 ez-toc-heading-level-2'><a class=\"ez-toc-link ez-toc-heading-2\" href=\"https:\/\/www.dealexpert.eu\/es\/p\/mosquitron\/#Key_Features_of_Mosquitron\" >Caracter\u00edsticas principales de Mosquitron<\/a><ul class='ez-toc-list-level-3' ><li class='ez-toc-heading-level-3'><a class=\"ez-toc-link ez-toc-heading-3\" href=\"https:\/\/www.dealexpert.eu\/es\/p\/mosquitron\/#Effective_Mosquito_Trap\" >Trampa eficaz para mosquitos<\/a><\/li><li class='ez-toc-page-1 ez-toc-heading-level-3'><a class=\"ez-toc-link ez-toc-heading-4\" href=\"https:\/\/www.dealexpert.eu\/es\/p\/mosquitron\/#Non-toxic_and_Chemical-free\" >No t\u00f3xico y sin productos qu\u00edmicos<\/a><\/li><li class='ez-toc-page-1 ez-toc-heading-level-3'><a class=\"ez-toc-link ez-toc-heading-5\" href=\"https:\/\/www.dealexpert.eu\/es\/p\/mosquitron\/#Energy-efficient\" >Eficiencia energ\u00e9tica<\/a><\/li><li class='ez-toc-page-1 ez-toc-heading-level-3'><a class=\"ez-toc-link ez-toc-heading-6\" href=\"https:\/\/www.dealexpert.eu\/es\/p\/mosquitron\/#Quiet_Operation\" >Funcionamiento silencioso<\/a><\/li><li class='ez-toc-page-1 ez-toc-heading-level-3'><a class=\"ez-toc-link ez-toc-heading-7\" href=\"https:\/\/www.dealexpert.eu\/es\/p\/mosquitron\/#Portable_and_Versatile\" >Port\u00e1til y vers\u00e1til<\/a><\/li><\/ul><\/li><li class='ez-toc-page-1 ez-toc-heading-level-2'><a class=\"ez-toc-link ez-toc-heading-8\" href=\"https:\/\/www.dealexpert.eu\/es\/p\/mosquitron\/#Why_Choose_Mosquitron\" >\u00bfPor qu\u00e9 elegir Mosquitron?<\/a><ul class='ez-toc-list-level-3' ><li class='ez-toc-heading-level-3'><a class=\"ez-toc-link ez-toc-heading-9\" href=\"https:\/\/www.dealexpert.eu\/es\/p\/mosquitron\/#Peaceful_Nights\" >Noches tranquilas<\/a><\/li><li class='ez-toc-page-1 ez-toc-heading-level-3'><a class=\"ez-toc-link ez-toc-heading-10\" href=\"https:\/\/www.dealexpert.eu\/es\/p\/mosquitron\/#Cost-Effective\" >Rentable<\/a><\/li><li class='ez-toc-page-1 ez-toc-heading-level-3'><a class=\"ez-toc-link ez-toc-heading-11\" href=\"https:\/\/www.dealexpert.eu\/es\/p\/mosquitron\/#Eco-Friendly\" >Ecol\u00f3gico<\/a><\/li><\/ul><\/li><li class='ez-toc-page-1 ez-toc-heading-level-2'><a class=\"ez-toc-link ez-toc-heading-12\" href=\"https:\/\/www.dealexpert.eu\/es\/p\/mosquitron\/#How_Does_Mosquitron_Work\" >\u00bfC\u00f3mo funciona Mosquitron?<\/a><\/li><li class='ez-toc-page-1 ez-toc-heading-level-2'><a class=\"ez-toc-link ez-toc-heading-13\" href=\"https:\/\/www.dealexpert.eu\/es\/p\/mosquitron\/#User_Reviews_and_Testimonials\" >Opiniones y testimonios de usuarios<\/a><\/li><li class='ez-toc-page-1 ez-toc-heading-level-2'><a class=\"ez-toc-link ez-toc-heading-14\" href=\"https:\/\/www.dealexpert.eu\/es\/p\/mosquitron\/#How_to_Use_Mosquitron\" >C\u00f3mo utilizar Mosquitron<\/a><\/li><li class='ez-toc-page-1 ez-toc-heading-level-2'><a class=\"ez-toc-link ez-toc-heading-15\" href=\"https:\/\/www.dealexpert.eu\/es\/p\/mosquitron\/#Frequently_Asked_Questions\" >Preguntas frecuentes<\/a><\/li><\/ul><\/nav><\/div>\n<h2><span class=\"ez-toc-section\" id=\"What_is_Mosquitron\"><\/span>\u00bfQu\u00e9 es Mosquitron?<span class=\"ez-toc-section-end\"><\/span><\/h2>\n<p>El Mosquitron es una innovadora trampa para mosquitos dise\u00f1ada para proporcionar una forma sencilla, segura y muy eficaz de eliminar los mosquitos de su hogar. A diferencia de las soluciones tradicionales, no utiliza productos qu\u00edmicos nocivos, por lo que es una gran elecci\u00f3n para quienes se preocupan por la seguridad y el medio ambiente. Al combinar tecnolog\u00eda de vanguardia con un dise\u00f1o f\u00e1cil de usar, el Mosquitron ofrece una soluci\u00f3n sencilla a una de las mayores molestias del verano: los mosquitos.<\/p>\n<h2><span class=\"ez-toc-section\" id=\"Key_Features_of_Mosquitron\"><\/span>Caracter\u00edsticas principales de Mosquitron<span class=\"ez-toc-section-end\"><\/span><\/h2>\n<h3><span class=\"ez-toc-section\" id=\"Effective_Mosquito_Trap\"><\/span>Trampa eficaz para mosquitos<span class=\"ez-toc-section-end\"><\/span><\/h3>\n<p>Una de las principales ventajas del Mosquitron es su notable eficacia. El dispositivo utiliza una luz ultravioleta para atraer a los mosquitos, atray\u00e9ndolos hacia un potente sistema de succi\u00f3n que los atrapa en su interior. Este dise\u00f1o garantiza la r\u00e1pida eliminaci\u00f3n de los mosquitos, sin necesidad de productos qu\u00edmicos ni complicadas instalaciones.<\/p>\n<h3><span class=\"ez-toc-section\" id=\"Non-toxic_and_Chemical-free\"><\/span>No t\u00f3xico y sin productos qu\u00edmicos<span class=\"ez-toc-section-end\"><\/span><\/h3>\n<p>Otra ventaja importante es que el Mosquitron no contiene productos qu\u00edmicos nocivos. Es ideal para familias con ni\u00f1os o mascotas, ya que no libera ninguna sustancia peligrosa en su hogar. Personalmente, aprecio la tranquilidad que supone utilizar una soluci\u00f3n no t\u00f3xica para el control de plagas.<\/p>\n<h3><span class=\"ez-toc-section\" id=\"Energy-efficient\"><\/span>Eficiencia energ\u00e9tica<span class=\"ez-toc-section-end\"><\/span><\/h3>\n<p>Otra gran caracter\u00edstica es la eficiencia energ\u00e9tica del aparato. Consume un m\u00ednimo de energ\u00eda, lo que garantiza que no aumente la factura de la luz sin dejar de ofrecer unos resultados impresionantes. Esto la convierte en una opci\u00f3n ecol\u00f3gica, sobre todo para quienes se preocupan por su huella de carbono.<\/p>\n<h3><span class=\"ez-toc-section\" id=\"Quiet_Operation\"><\/span>Funcionamiento silencioso<span class=\"ez-toc-section-end\"><\/span><\/h3>\n<p>Uno de los aspectos m\u00e1s frustrantes de muchas trampas para mosquitos es el ruido que producen. El Mosquitron funciona silenciosamente, lo que significa que no perturbar\u00e1 su paz, tanto si est\u00e1 intentando relajarse en casa como dormir profundamente por la noche. Esto me parece incre\u00edblemente \u00fatil, ya que nadie quiere una m\u00e1quina ruidosa zumbando mientras intenta relajarse.<\/p>\n<h3><span class=\"ez-toc-section\" id=\"Portable_and_Versatile\"><\/span>Port\u00e1til y vers\u00e1til<span class=\"ez-toc-section-end\"><\/span><\/h3>\n<p>El Mosquitron es perfecto tanto para interiores como para exteriores. Tanto si organiza una barbacoa en el jard\u00edn como si se relaja en el interior, este dispositivo se asegurar\u00e1 de que los mosquitos no le arruinen el tiempo. Es ligero y port\u00e1til, por lo que puede trasladarlo f\u00e1cilmente de una habitaci\u00f3n a otra o del interior al exterior seg\u00fan sus necesidades.<\/p>\n<h2><span class=\"ez-toc-section\" id=\"Why_Choose_Mosquitron\"><\/span>\u00bfPor qu\u00e9 elegir Mosquitron?<span class=\"ez-toc-section-end\"><\/span><\/h2>\n<p>Cuando se trata de trampas para mosquitos, Mosquitron ofrece una variedad de razones por las que destaca entre la competencia. Personalmente, puedo dar fe de su eficacia y versatilidad, y creo que es imprescindible para cualquiera que desee una forma de combatir los mosquitos sin complicaciones y sin productos qu\u00edmicos.<\/p>\n<h3><span class=\"ez-toc-section\" id=\"Peaceful_Nights\"><\/span>Noches tranquilas<span class=\"ez-toc-section-end\"><\/span><\/h3>\n<p>Una de las principales razones por las que recomiendo Mosquitron es su capacidad para garantizar noches tranquilas. No hay nada peor que intentar dormir con mosquitos zumbando alrededor de sus o\u00eddos, pero con Mosquitron, eso ya no es un problema. Por fin podr\u00e1 descansar como se merece.<\/p>\n<h3><span class=\"ez-toc-section\" id=\"Cost-Effective\"><\/span>Rentable<span class=\"ez-toc-section-end\"><\/span><\/h3>\n<p>Mosquitron no s\u00f3lo es eficaz, sino que tambi\u00e9n le ahorra dinero a largo plazo. No hay necesidad de gastar en costosos insecticidas, sprays o velas repelentes de mosquitos. Este dispositivo est\u00e1 fabricado para durar a\u00f1os, lo que lo convierte en una soluci\u00f3n rentable y fiable.<\/p>\n<h3><span class=\"ez-toc-section\" id=\"Eco-Friendly\"><\/span>Ecol\u00f3gico<span class=\"ez-toc-section-end\"><\/span><\/h3>\n<p>Como persona preocupada por el medio ambiente, aprecio mucho el dise\u00f1o ecol\u00f3gico del Mosquitron. Como no es t\u00f3xico, no hay riesgo de da\u00f1ar el medio ambiente ni a otros seres vivos, lo que me da tranquilidad a la vez que combate eficazmente el problema de los mosquitos.<\/p>\n<h2><span class=\"ez-toc-section\" id=\"How_Does_Mosquitron_Work\"><\/span>\u00bfC\u00f3mo funciona Mosquitron?<span class=\"ez-toc-section-end\"><\/span><\/h2>\n<p>El Mosquitron utiliza una combinaci\u00f3n de luz UV y un potente sistema de succi\u00f3n para atraer y capturar mosquitos. La luz UV atrae a los mosquitos y, una vez que se acercan, el ventilador de su interior los succiona hacia una trampa, donde permanecen. Este sistema sencillo pero eficaz significa que no tiene que preocuparse por productos qu\u00edmicos t\u00f3xicos o pulverizadores nocivos, por lo que es una soluci\u00f3n segura para su familia y sus mascotas.<\/p>\n<h2><span class=\"ez-toc-section\" id=\"User_Reviews_and_Testimonials\"><\/span>Opiniones y testimonios de usuarios<span class=\"ez-toc-section-end\"><\/span><\/h2>\n<p>Muchos usuarios han compartido sus experiencias con el Mosquitron, y los comentarios son abrumadoramente positivos. He aqu\u00ed un par de testimonios que destacan su eficacia:<\/p>\n<ul>\n<li><strong>John de Nueva York:<\/strong> \"He probado muchas trampas para mosquitos, pero nada funciona tan bien como Mosquitron. Es silencioso, eficaz y mantiene mi casa libre de mosquitos\".<\/li>\n<li><strong>Sarah de California:<\/strong> \"Este dispositivo es incre\u00edble. Funciona mucho mejor que los aerosoles o las velas, y no tengo que preocuparme por los productos qu\u00edmicos cerca de mis hijos.\"<\/li>\n<\/ul>\n<h2><span class=\"ez-toc-section\" id=\"How_to_Use_Mosquitron\"><\/span>C\u00f3mo utilizar Mosquitron<span class=\"ez-toc-section-end\"><\/span><\/h2>\n<p>Usar Mosquitron es incre\u00edblemente f\u00e1cil. Estos son los sencillos pasos:<\/p>\n<ul>\n<li>Coloque el Mosquitron en una zona donde sea habitual encontrar mosquitos.<\/li>\n<li>Aseg\u00farate de que est\u00e1 enchufado a la corriente.<\/li>\n<li>Encienda el Mosquitron y d\u00e9jelo funcionar continuamente para obtener resultados \u00f3ptimos.<\/li>\n<li>Vac\u00ede el contenedor de recogida cuando sea necesario para que el sif\u00f3n siga funcionando eficazmente.<\/li>\n<\/ul>\n<h2><span class=\"ez-toc-section\" id=\"Frequently_Asked_Questions\"><\/span>Preguntas frecuentes<span class=\"ez-toc-section-end\"><\/span><\/h2>\n<ul>\n<li><strong>\u00bfEs Mosquitron seguro para mascotas y ni\u00f1os?<\/strong> S\u00ed, el dispositivo no es t\u00f3xico y es totalmente seguro tanto para mascotas como para ni\u00f1os.<\/li>\n<li><strong>\u00bfPuedo utilizar Mosquitron en el exterior?<\/strong> S\u00ed, Mosquitron est\u00e1 dise\u00f1ado para su uso tanto en interiores como en exteriores.<\/li>\n<li><strong>\u00bfCon qu\u00e9 frecuencia debo limpiar el Mosquitron?<\/strong> Se recomienda limpiar el Mosquitron cada pocos d\u00edas o cuando sea necesario, dependiendo de su uso.<\/li>\n<\/ul>","protected":false},"excerpt":{"rendered":"<li>Eficaz trampa para mosquitos: Atrae y atrapa mosquitos mediante luz UV y un potente ventilador.<\/li>\n<li>No t\u00f3xico y sin productos qu\u00edmicos: Seguro para ni\u00f1os y mascotas, sin productos qu\u00edmicos nocivos.<\/li>\n<li>Eficiencia energ\u00e9tica: Consume un m\u00ednimo de energ\u00eda, por lo que es respetuoso con el medio ambiente.<\/li>\n<li>Funcionamiento silencioso: Funciona silenciosamente sin perturbar su tranquilidad.<\/li>\n<li>Port\u00e1til y vers\u00e1til: Adecuado tanto para uso en interiores como en exteriores.<\/li>","protected":false},"featured_media":460,"template":"","meta":{"_lmt_disableupdate":"","_lmt_disable":"","_kadence_starter_templates_imported_post":false,"_kad_post_transparent":"default","_kad_post_title":"","_kad_post_layout":"default","_kad_post_sidebar_id":"","_kad_post_content_style":"default","_kad_post_vertical_padding":"default","_kad_post_feature":"","_kad_post_feature_position":"","_kad_post_header":false,"_kad_post_footer":false,"_kad_post_classname":""},"product_brand":[],"product_cat":[16],"product_tag":[],"class_list":{"0":"post-332","1":"product","2":"type-product","3":"status-publish","4":"has-post-thumbnail","6":"product_cat-technology","8":"first","9":"instock","10":"shipping-taxable","11":"product-type-external","12":"entry","13":"content-bg","14":"loop-entry"},"_links":{"self":[{"href":"https:\/\/www.dealexpert.eu\/es\/wp-json\/wp\/v2\/product\/332","targetHints":{"allow":["GET"]}}],"collection":[{"href":"https:\/\/www.dealexpert.eu\/es\/wp-json\/wp\/v2\/product"}],"about":[{"href":"https:\/\/www.dealexpert.eu\/es\/wp-json\/wp\/v2\/types\/product"}],"wp:featuredmedia":[{"embeddable":true,"href":"https:\/\/www.dealexpert.eu\/es\/wp-json\/wp\/v2\/media\/460"}],"wp:attachment":[{"href":"https:\/\/www.dealexpert.eu\/es\/wp-json\/wp\/v2\/media?parent=332"}],"wp:term":[{"taxonomy":"product_brand","embeddable":true,"href":"https:\/\/www.dealexpert.eu\/es\/wp-json\/wp\/v2\/product_brand?post=332"},{"taxonomy":"product_cat","embeddable":true,"href":"https:\/\/www.dealexpert.eu\/es\/wp-json\/wp\/v2\/product_cat?post=332"},{"taxonomy":"product_tag","embeddable":true,"href":"https:\/\/www.dealexpert.eu\/es\/wp-json\/wp\/v2\/product_tag?post=332"}],"curies":[{"name":"wp","href":"https:\/\/api.w.org\/{rel}","templated":true}]}}