{"id":331,"date":"2025-07-24T00:11:48","date_gmt":"2025-07-24T00:11:48","guid":{"rendered":"https:\/\/www.dealexpert.eu\/?post_type=product&#038;p=331"},"modified":"2025-07-24T14:33:38","modified_gmt":"2025-07-24T14:33:38","slug":"control-sanitario-3","status":"publish","type":"product","link":"https:\/\/www.dealexpert.eu\/es\/p\/control-sanitario-3\/","title":{"rendered":"HealthWatch"},"content":{"rendered":"<div class=\"kk-star-ratings kksr-auto kksr-align-left kksr-valign-top\"\n    data-payload='{&quot;align&quot;:&quot;left&quot;,&quot;id&quot;:&quot;331&quot;,&quot;slug&quot;:&quot;default&quot;,&quot;valign&quot;:&quot;top&quot;,&quot;ignore&quot;:&quot;&quot;,&quot;reference&quot;:&quot;auto&quot;,&quot;class&quot;:&quot;&quot;,&quot;count&quot;:&quot;0&quot;,&quot;legendonly&quot;:&quot;&quot;,&quot;readonly&quot;:&quot;&quot;,&quot;score&quot;:&quot;0&quot;,&quot;starsonly&quot;:&quot;&quot;,&quot;best&quot;:&quot;5&quot;,&quot;gap&quot;:&quot;5&quot;,&quot;greet&quot;:&quot;Rate this product&quot;,&quot;legend&quot;:&quot;0\\\/5 - (0 votos)&quot;,&quot;size&quot;:&quot;24&quot;,&quot;title&quot;:&quot;HealthWatch&quot;,&quot;width&quot;:&quot;0&quot;,&quot;_legend&quot;:&quot;{score}\\\/{best} - ({count} {votes})&quot;,&quot;font_factor&quot;:&quot;1.25&quot;}'>\n            \n<div class=\"kksr-stars\">\n    \n<div class=\"kksr-stars-inactive\">\n            <div class=\"kksr-star\" data-star=\"1\" style=\"padding-right: 5px\">\n            \n\n<div class=\"kksr-icon\" style=\"width: 24px; height: 24px;\"><\/div>\n        <\/div>\n            <div class=\"kksr-star\" data-star=\"2\" style=\"padding-right: 5px\">\n            \n\n<div class=\"kksr-icon\" style=\"width: 24px; height: 24px;\"><\/div>\n        <\/div>\n            <div class=\"kksr-star\" data-star=\"3\" style=\"padding-right: 5px\">\n            \n\n<div class=\"kksr-icon\" style=\"width: 24px; height: 24px;\"><\/div>\n        <\/div>\n            <div class=\"kksr-star\" data-star=\"4\" style=\"padding-right: 5px\">\n            \n\n<div class=\"kksr-icon\" style=\"width: 24px; height: 24px;\"><\/div>\n        <\/div>\n            <div class=\"kksr-star\" data-star=\"5\" style=\"padding-right: 5px\">\n            \n\n<div class=\"kksr-icon\" style=\"width: 24px; height: 24px;\"><\/div>\n        <\/div>\n    <\/div>\n    \n<div class=\"kksr-stars-active\" style=\"width: 0px;\">\n            <div class=\"kksr-star\" style=\"padding-right: 5px\">\n            \n\n<div class=\"kksr-icon\" style=\"width: 24px; height: 24px;\"><\/div>\n        <\/div>\n            <div class=\"kksr-star\" style=\"padding-right: 5px\">\n            \n\n<div class=\"kksr-icon\" style=\"width: 24px; height: 24px;\"><\/div>\n        <\/div>\n            <div class=\"kksr-star\" style=\"padding-right: 5px\">\n            \n\n<div class=\"kksr-icon\" style=\"width: 24px; height: 24px;\"><\/div>\n        <\/div>\n            <div class=\"kksr-star\" style=\"padding-right: 5px\">\n            \n\n<div class=\"kksr-icon\" style=\"width: 24px; height: 24px;\"><\/div>\n        <\/div>\n            <div class=\"kksr-star\" style=\"padding-right: 5px\">\n            \n\n<div class=\"kksr-icon\" style=\"width: 24px; height: 24px;\"><\/div>\n        <\/div>\n    <\/div>\n<\/div>\n                \n\n<div class=\"kksr-legend\" style=\"font-size: 19.2px;\">\n            <span class=\"kksr-muted\">Valora este producto<\/span>\n    <\/div>\n    <\/div>\n<div id=\"ez-toc-container\" class=\"ez-toc-v2_0_81 counter-hierarchy ez-toc-counter ez-toc-grey ez-toc-container-direction\">\n<div class=\"ez-toc-title-container\">\n<p class=\"ez-toc-title\" style=\"cursor:inherit\">Resumen<\/p>\n<span class=\"ez-toc-title-toggle\"><a href=\"#\" class=\"ez-toc-pull-right ez-toc-btn ez-toc-btn-xs ez-toc-btn-default ez-toc-toggle\" aria-label=\"Alternar tabla de contenidos\"><span class=\"ez-toc-js-icon-con\"><span class=\"\"><span class=\"eztoc-hide\" style=\"display:none;\">Toggle<\/span><span class=\"ez-toc-icon-toggle-span\"><svg style=\"fill: #999;color:#999\" xmlns=\"http:\/\/www.w3.org\/2000\/svg\" class=\"list-377408\" width=\"20px\" height=\"20px\" viewbox=\"0 0 24 24\" fill=\"none\"><path d=\"M6 6H4v2h2V6zm14 0H8v2h12V6zM4 11h2v2H4v-2zm16 0H8v2h12v-2zM4 16h2v2H4v-2zm16 0H8v2h12v-2z\" fill=\"currentColor\"><\/path><\/svg><svg style=\"fill: #999;color:#999\" class=\"arrow-unsorted-368013\" xmlns=\"http:\/\/www.w3.org\/2000\/svg\" width=\"10px\" height=\"10px\" viewbox=\"0 0 24 24\" version=\"1.2\" baseprofile=\"tiny\"><path d=\"M18.2 9.3l-6.2-6.3-6.2 6.3c-.2.2-.3.4-.3.7s.1.5.3.7c.2.2.4.3.7.3h11c.3 0 .5-.1.7-.3.2-.2.3-.5.3-.7s-.1-.5-.3-.7zM5.8 14.7l6.2 6.3 6.2-6.3c.2-.2.3-.5.3-.7s-.1-.5-.3-.7c-.2-.2-.4-.3-.7-.3h-11c-.3 0-.5.1-.7.3-.2.2-.3.5-.3.7s.1.5.3.7z\"\/><\/svg><\/span><\/span><\/span><\/a><\/span><\/div>\n<nav><ul class='ez-toc-list ez-toc-list-level-1 eztoc-toggle-hide-by-default' ><li class='ez-toc-page-1 ez-toc-heading-level-2'><a class=\"ez-toc-link ez-toc-heading-1\" href=\"https:\/\/www.dealexpert.eu\/es\/p\/control-sanitario-3\/#Advantages_of_HealthWatch\" >Ventajas de HealthWatch<\/a><ul class='ez-toc-list-level-3' ><li class='ez-toc-heading-level-3'><a class=\"ez-toc-link ez-toc-heading-2\" href=\"https:\/\/www.dealexpert.eu\/es\/p\/control-sanitario-3\/#Continuous_Health_Monitoring\" >Vigilancia Sanitaria Continua<\/a><\/li><li class='ez-toc-page-1 ez-toc-heading-level-3'><a class=\"ez-toc-link ez-toc-heading-3\" href=\"https:\/\/www.dealexpert.eu\/es\/p\/control-sanitario-3\/#Activity_Tracking_to_Keep_You_Motivated\" >Seguimiento de la actividad para mantener la motivaci\u00f3n<\/a><\/li><li class='ez-toc-page-1 ez-toc-heading-level-3'><a class=\"ez-toc-link ez-toc-heading-4\" href=\"https:\/\/www.dealexpert.eu\/es\/p\/control-sanitario-3\/#Sleep_Monitoring_for_Better_Rest\" >Monitorizaci\u00f3n del sue\u00f1o para descansar mejor<\/a><\/li><li class='ez-toc-page-1 ez-toc-heading-level-3'><a class=\"ez-toc-link ez-toc-heading-5\" href=\"https:\/\/www.dealexpert.eu\/es\/p\/control-sanitario-3\/#Durability_for_Active_Lifestyles\" >Durabilidad para estilos de vida activos<\/a><\/li><li class='ez-toc-page-1 ez-toc-heading-level-3'><a class=\"ez-toc-link ez-toc-heading-6\" href=\"https:\/\/www.dealexpert.eu\/es\/p\/control-sanitario-3\/#Stay_Connected_with_Smart_Notifications\" >Mantente conectado con las notificaciones inteligentes<\/a><\/li><\/ul><\/li><li class='ez-toc-page-1 ez-toc-heading-level-2'><a class=\"ez-toc-link ez-toc-heading-7\" href=\"https:\/\/www.dealexpert.eu\/es\/p\/control-sanitario-3\/#How_HealthWatch_Works\" >C\u00f3mo funciona HealthWatch<\/a><\/li><li class='ez-toc-page-1 ez-toc-heading-level-2'><a class=\"ez-toc-link ez-toc-heading-8\" href=\"https:\/\/www.dealexpert.eu\/es\/p\/control-sanitario-3\/#Why_Choose_HealthWatch\" >\u00bfPor qu\u00e9 elegir HealthWatch?<\/a><ul class='ez-toc-list-level-3' ><li class='ez-toc-heading-level-3'><a class=\"ez-toc-link ez-toc-heading-9\" href=\"https:\/\/www.dealexpert.eu\/es\/p\/control-sanitario-3\/#Comprehensive_Health_Overview\" >Panorama general de la salud<\/a><\/li><li class='ez-toc-page-1 ez-toc-heading-level-3'><a class=\"ez-toc-link ez-toc-heading-10\" href=\"https:\/\/www.dealexpert.eu\/es\/p\/control-sanitario-3\/#Real-Time_Feedback\" >Informaci\u00f3n en tiempo real<\/a><\/li><li class='ez-toc-page-1 ez-toc-heading-level-3'><a class=\"ez-toc-link ez-toc-heading-11\" href=\"https:\/\/www.dealexpert.eu\/es\/p\/control-sanitario-3\/#Long-Lasting_Battery_Life\" >Bater\u00eda de larga duraci\u00f3n<\/a><\/li><li class='ez-toc-page-1 ez-toc-heading-level-3'><a class=\"ez-toc-link ez-toc-heading-12\" href=\"https:\/\/www.dealexpert.eu\/es\/p\/control-sanitario-3\/#Stylish_and_Comfortable\" >Elegante y c\u00f3modo<\/a><\/li><\/ul><\/li><li class='ez-toc-page-1 ez-toc-heading-level-2'><a class=\"ez-toc-link ez-toc-heading-13\" href=\"https:\/\/www.dealexpert.eu\/es\/p\/control-sanitario-3\/#HealthWatch_vs_Other_Wearables\" >HealthWatch frente a otros wearables<\/a><\/li><li class='ez-toc-page-1 ez-toc-heading-level-2'><a class=\"ez-toc-link ez-toc-heading-14\" href=\"https:\/\/www.dealexpert.eu\/es\/p\/control-sanitario-3\/#Pricing_and_Where_to_Buy\" >Precios y d\u00f3nde comprar<\/a><\/li><li class='ez-toc-page-1 ez-toc-heading-level-2'><a class=\"ez-toc-link ez-toc-heading-15\" href=\"https:\/\/www.dealexpert.eu\/es\/p\/control-sanitario-3\/#Take_Control_of_Your_Health_Today\" >Tome hoy el control de su salud<\/a><\/li><li class='ez-toc-page-1 ez-toc-heading-level-2'><a class=\"ez-toc-link ez-toc-heading-16\" href=\"https:\/\/www.dealexpert.eu\/es\/p\/control-sanitario-3\/#Frequently_Asked_Questions\" >Preguntas frecuentes<\/a><ul class='ez-toc-list-level-3' ><li class='ez-toc-heading-level-3'><a class=\"ez-toc-link ez-toc-heading-17\" href=\"https:\/\/www.dealexpert.eu\/es\/p\/control-sanitario-3\/#What_health_data_does_HealthWatch_track\" >\u00bfQu\u00e9 datos sanitarios registra HealthWatch?<\/a><\/li><li class='ez-toc-page-1 ez-toc-heading-level-3'><a class=\"ez-toc-link ez-toc-heading-18\" href=\"https:\/\/www.dealexpert.eu\/es\/p\/control-sanitario-3\/#How_does_HealthWatch_sync_with_my_phone\" >\u00bfC\u00f3mo se sincroniza HealthWatch con mi tel\u00e9fono?<\/a><\/li><li class='ez-toc-page-1 ez-toc-heading-level-3'><a class=\"ez-toc-link ez-toc-heading-19\" href=\"https:\/\/www.dealexpert.eu\/es\/p\/control-sanitario-3\/#Is_HealthWatch_waterproof\" >\u00bfEs HealthWatch resistente al agua?<\/a><\/li><\/ul><\/li><\/ul><\/nav><\/div>\n<h2><span class=\"ez-toc-section\" id=\"Advantages_of_HealthWatch\"><\/span>Ventajas de HealthWatch<span class=\"ez-toc-section-end\"><\/span><\/h2>\n<p>Si eres como yo, mantenerte al d\u00eda de tu salud puede parecerte un trabajo a tiempo completo. Ah\u00ed es donde entra HealthWatch. Con su avanzada tecnolog\u00eda, HealthWatch ofrece numerosas ventajas que pueden mejorar significativamente su rutina de bienestar. Perm\u00edtame explicarle algunas de las principales ventajas de utilizar este incre\u00edble dispositivo.<\/p>\n<h3><span class=\"ez-toc-section\" id=\"Continuous_Health_Monitoring\"><\/span>Vigilancia Sanitaria Continua<span class=\"ez-toc-section-end\"><\/span><\/h3>\n<p>HealthWatch ofrece monitorizaci\u00f3n continua de la frecuencia cardiaca, lo que significa que obtendr\u00e1 informaci\u00f3n en tiempo real sobre su salud cardiovascular. Esto es especialmente \u00fatil si est\u00e1s siguiendo tus objetivos de fitness o simplemente quieres estar al tanto de la respuesta de tu cuerpo al estr\u00e9s o al ejercicio. Con estos datos a tu alcance, podr\u00e1s tomar decisiones informadas sobre c\u00f3mo mejorar tu salud.<\/p>\n<h3><span class=\"ez-toc-section\" id=\"Activity_Tracking_to_Keep_You_Motivated\"><\/span>Seguimiento de la actividad para mantener la motivaci\u00f3n<span class=\"ez-toc-section-end\"><\/span><\/h3>\n<p>Todos sabemos lo importante que es mantenerse activo, y HealthWatch te lo pone m\u00e1s f\u00e1cil que nunca. Registra tus pasos diarios, la distancia recorrida y el nivel de actividad general. Esta funci\u00f3n no s\u00f3lo te motiva a seguir por el buen camino, sino que tambi\u00e9n te ayuda a visualizar tu progreso de forma significativa. Tanto si eres un atleta experimentado como si acabas de empezar a ponerte en forma, te encantar\u00e1n los progresos que puedes seguir con facilidad.<\/p>\n<h3><span class=\"ez-toc-section\" id=\"Sleep_Monitoring_for_Better_Rest\"><\/span>Monitorizaci\u00f3n del sue\u00f1o para descansar mejor<span class=\"ez-toc-section-end\"><\/span><\/h3>\n<p>Dormir bien es crucial para la salud, pero muchos lo pasamos por alto. HealthWatch realiza un seguimiento de tus patrones de sue\u00f1o, ofreci\u00e9ndote informaci\u00f3n sobre la calidad de tu sue\u00f1o. Estos datos te ayudan a comprender lo bien que est\u00e1s descansando y te ofrecen consejos para mejorar tu sue\u00f1o. Una noche de sue\u00f1o mejor significa un d\u00eda mejor, y HealthWatch puede ayudarte a conseguirlo.<\/p>\n<h3><span class=\"ez-toc-section\" id=\"Durability_for_Active_Lifestyles\"><\/span>Durabilidad para estilos de vida activos<span class=\"ez-toc-section-end\"><\/span><\/h3>\n<p>HealthWatch est\u00e1 dise\u00f1ado para resistir la exposici\u00f3n al agua. As\u00ed que, tanto si est\u00e1s nadando, corriendo bajo la lluvia o simplemente disfrutando de un entrenamiento sudoroso, puedes confiar en que seguir\u00e1 siendo funcional. Su dise\u00f1o resistente al agua lo hace vers\u00e1til, perfecto para atletas y entusiastas de las actividades al aire libre.<\/p>\n<h3><span class=\"ez-toc-section\" id=\"Stay_Connected_with_Smart_Notifications\"><\/span>Mantente conectado con las notificaciones inteligentes<span class=\"ez-toc-section-end\"><\/span><\/h3>\n<p>La vida avanza deprisa y estar al d\u00eda de las notificaciones es importante. Con HealthWatch, puedes recibir llamadas, mensajes y notificaciones de aplicaciones directamente en tu mu\u00f1eca. De este modo, siempre estar\u00e1s al tanto de todo, sin necesidad de consultar el tel\u00e9fono constantemente. Es una peque\u00f1a funci\u00f3n que marca una gran diferencia en la comodidad diaria.<\/p>\n<h2><span class=\"ez-toc-section\" id=\"How_HealthWatch_Works\"><\/span>C\u00f3mo funciona HealthWatch<span class=\"ez-toc-section-end\"><\/span><\/h2>\n<p>HealthWatch cuenta con sensores avanzados que recogen una amplia gama de datos sobre tu cuerpo. Estos sensores se sincronizan perfectamente con la aplicaci\u00f3n m\u00f3vil, que te permite acceder a informes detallados sobre tu salud. El dispositivo proporciona actualizaciones continuas para que puedas seguir tu progreso a lo largo del tiempo. Incluso se integra con otras aplicaciones relacionadas con la salud para ofrecerte una visi\u00f3n completa de tu viaje hacia el bienestar. Esta interacci\u00f3n sin fisuras facilita el seguimiento de tu salud.<\/p>\n<h2><span class=\"ez-toc-section\" id=\"Why_Choose_HealthWatch\"><\/span>\u00bfPor qu\u00e9 elegir HealthWatch?<span class=\"ez-toc-section-end\"><\/span><\/h2>\n<p>Cuando se trata de seguimiento de la salud, HealthWatch realmente destaca. Te explicar\u00e9 por qu\u00e9 merece tu atenci\u00f3n.<\/p>\n<h3><span class=\"ez-toc-section\" id=\"Comprehensive_Health_Overview\"><\/span>Panorama general de la salud<span class=\"ez-toc-section-end\"><\/span><\/h3>\n<p>A diferencia de otros wearables que se centran \u00fanicamente en la forma f\u00edsica o la frecuencia cardiaca, HealthWatch te ofrece un espectro completo de datos de salud. Desde el seguimiento de los pasos hasta la monitorizaci\u00f3n de los patrones de sue\u00f1o, cubre todos los aspectos del bienestar. Este enfoque hol\u00edstico te ofrece una imagen completa de tu salud.<\/p>\n<h3><span class=\"ez-toc-section\" id=\"Real-Time_Feedback\"><\/span>Informaci\u00f3n en tiempo real<span class=\"ez-toc-section-end\"><\/span><\/h3>\n<p>HealthWatch proporciona datos en tiempo real, lo que te permite realizar ajustes instant\u00e1neos en tus h\u00e1bitos. Si quieres reducir tu frecuencia cardiaca o aumentar tus pasos diarios, los datos en tiempo real te permiten realizar cambios r\u00e1pidos y mantener el rumbo hacia tus objetivos.<\/p>\n<h3><span class=\"ez-toc-section\" id=\"Long-Lasting_Battery_Life\"><\/span>Bater\u00eda de larga duraci\u00f3n<span class=\"ez-toc-section-end\"><\/span><\/h3>\n<p>Seamos realistas: nadie quiere preocuparse de cargar su dispositivo todo el tiempo. HealthWatch ofrece una bater\u00eda de larga duraci\u00f3n, para que no tengas que pensar en recargarlo cada noche. Esto lo hace a\u00fan m\u00e1s fiable para aquellos de nosotros con estilos de vida ocupados y en movimiento.<\/p>\n<h3><span class=\"ez-toc-section\" id=\"Stylish_and_Comfortable\"><\/span>Elegante y c\u00f3modo<span class=\"ez-toc-section-end\"><\/span><\/h3>\n<p>HealthWatch no s\u00f3lo es funcional, sino que tambi\u00e9n est\u00e1 dise\u00f1ado para lucir bien en tu mu\u00f1eca. Tanto si est\u00e1s en el gimnasio como en una reuni\u00f3n, es lo suficientemente elegante y c\u00f3modo como para llevarlo todo el d\u00eda. Es un accesorio que complementa tu estilo de vida activo y profesional.<\/p>\n<h2><span class=\"ez-toc-section\" id=\"HealthWatch_vs_Other_Wearables\"><\/span>HealthWatch frente a otros wearables<span class=\"ez-toc-section-end\"><\/span><\/h2>\n<p>Aunque hay muchos dispositivos port\u00e1tiles en el mercado, HealthWatch ofrece caracter\u00edsticas \u00fanicas que lo diferencian de la competencia. Destaca por proporcionar datos de salud completos y en tiempo real que otros dispositivos tienen dificultades para igualar. HealthWatch proporciona datos precisos en un formato elegante y f\u00e1cil de usar, ya sea para controlar la frecuencia cardiaca, el sue\u00f1o o la actividad f\u00edsica.<\/p>\n<h2><span class=\"ez-toc-section\" id=\"Pricing_and_Where_to_Buy\"><\/span>Precios y d\u00f3nde comprar<span class=\"ez-toc-section-end\"><\/span><\/h2>\n<p>HealthWatch puede adquirirse directamente en el sitio web oficial de Neotechix. Con varios paquetes y opciones de precios, hay para todos los gustos. Visite el sitio web para encontrar las mejores ofertas y paquetes adaptados a sus necesidades.<\/p>\n<h2><span class=\"ez-toc-section\" id=\"Take_Control_of_Your_Health_Today\"><\/span>Tome hoy el control de su salud<span class=\"ez-toc-section-end\"><\/span><\/h2>\n<p>No espere m\u00e1s para tomar las riendas de su salud. HealthWatch le ofrece todas las herramientas que necesita para controlar y mejorar su bienestar. Consiga el suyo hoy mismo y comience su viaje hacia un estilo de vida m\u00e1s saludable.<\/p>\n<h2><span class=\"ez-toc-section\" id=\"Frequently_Asked_Questions\"><\/span>Preguntas frecuentes<span class=\"ez-toc-section-end\"><\/span><\/h2>\n<h3><span class=\"ez-toc-section\" id=\"What_health_data_does_HealthWatch_track\"><\/span>\u00bfQu\u00e9 datos sanitarios registra HealthWatch?<span class=\"ez-toc-section-end\"><\/span><\/h3>\n<p>HealthWatch realiza un seguimiento de tu frecuencia cardiaca, pasos, sue\u00f1o, nivel de actividad y mucho m\u00e1s para ofrecerte una visi\u00f3n completa de tu salud.<\/p>\n<h3><span class=\"ez-toc-section\" id=\"How_does_HealthWatch_sync_with_my_phone\"><\/span>\u00bfC\u00f3mo se sincroniza HealthWatch con mi tel\u00e9fono?<span class=\"ez-toc-section-end\"><\/span><\/h3>\n<p>Se sincroniza sin esfuerzo a trav\u00e9s de Bluetooth, garantizando que siempre tengas acceso a tus datos en tiempo real directamente en tu dispositivo m\u00f3vil.<\/p>\n<h3><span class=\"ez-toc-section\" id=\"Is_HealthWatch_waterproof\"><\/span>\u00bfEs HealthWatch resistente al agua?<span class=\"ez-toc-section-end\"><\/span><\/h3>\n<p>S\u00ed, es resistente al agua, por lo que es perfecto para todo tipo de condiciones clim\u00e1ticas, incluida la nataci\u00f3n y los entrenamientos intensos.<\/p>","protected":false},"excerpt":{"rendered":"<li>Control continuo de la frecuencia card\u00edaca<\/li>\n<li>Seguimiento de pasos y actividad<\/li>\n<li>Seguimiento del sue\u00f1o para un mejor descanso<\/li>\n<li>Dise\u00f1o resistente al agua para todo tipo de clima<\/li>\n<li>Notificaciones inteligentes de llamadas, mensajes y aplicaciones<\/li>","protected":false},"featured_media":477,"template":"","meta":{"_lmt_disableupdate":"","_lmt_disable":"","_kadence_starter_templates_imported_post":false,"_kad_post_transparent":"default","_kad_post_title":"","_kad_post_layout":"default","_kad_post_sidebar_id":"","_kad_post_content_style":"default","_kad_post_vertical_padding":"default","_kad_post_feature":"","_kad_post_feature_position":"","_kad_post_header":false,"_kad_post_footer":false,"_kad_post_classname":""},"product_brand":[],"product_cat":[16],"product_tag":[],"class_list":{"0":"post-331","1":"product","2":"type-product","3":"status-publish","4":"has-post-thumbnail","6":"product_cat-technology","8":"first","9":"instock","10":"shipping-taxable","11":"product-type-external","12":"entry","13":"content-bg","14":"loop-entry"},"_links":{"self":[{"href":"https:\/\/www.dealexpert.eu\/es\/wp-json\/wp\/v2\/product\/331","targetHints":{"allow":["GET"]}}],"collection":[{"href":"https:\/\/www.dealexpert.eu\/es\/wp-json\/wp\/v2\/product"}],"about":[{"href":"https:\/\/www.dealexpert.eu\/es\/wp-json\/wp\/v2\/types\/product"}],"wp:featuredmedia":[{"embeddable":true,"href":"https:\/\/www.dealexpert.eu\/es\/wp-json\/wp\/v2\/media\/477"}],"wp:attachment":[{"href":"https:\/\/www.dealexpert.eu\/es\/wp-json\/wp\/v2\/media?parent=331"}],"wp:term":[{"taxonomy":"product_brand","embeddable":true,"href":"https:\/\/www.dealexpert.eu\/es\/wp-json\/wp\/v2\/product_brand?post=331"},{"taxonomy":"product_cat","embeddable":true,"href":"https:\/\/www.dealexpert.eu\/es\/wp-json\/wp\/v2\/product_cat?post=331"},{"taxonomy":"product_tag","embeddable":true,"href":"https:\/\/www.dealexpert.eu\/es\/wp-json\/wp\/v2\/product_tag?post=331"}],"curies":[{"name":"wp","href":"https:\/\/api.w.org\/{rel}","templated":true}]}}