{"id":330,"date":"2025-07-24T00:06:30","date_gmt":"2025-07-24T00:06:30","guid":{"rendered":"https:\/\/www.dealexpert.eu\/?post_type=product&#038;p=330"},"modified":"2025-07-24T14:33:29","modified_gmt":"2025-07-24T14:33:29","slug":"ecotouch","status":"publish","type":"product","link":"https:\/\/www.dealexpert.eu\/es\/p\/ecotouch\/","title":{"rendered":"EcoTouch"},"content":{"rendered":"<div class=\"kk-star-ratings kksr-auto kksr-align-left kksr-valign-top\"\n    data-payload='{&quot;align&quot;:&quot;left&quot;,&quot;id&quot;:&quot;330&quot;,&quot;slug&quot;:&quot;default&quot;,&quot;valign&quot;:&quot;top&quot;,&quot;ignore&quot;:&quot;&quot;,&quot;reference&quot;:&quot;auto&quot;,&quot;class&quot;:&quot;&quot;,&quot;count&quot;:&quot;1&quot;,&quot;legendonly&quot;:&quot;&quot;,&quot;readonly&quot;:&quot;&quot;,&quot;score&quot;:&quot;5&quot;,&quot;starsonly&quot;:&quot;&quot;,&quot;best&quot;:&quot;5&quot;,&quot;gap&quot;:&quot;5&quot;,&quot;greet&quot;:&quot;Rate this product&quot;,&quot;legend&quot;:&quot;5\\\/5 - (1 voto)&quot;,&quot;size&quot;:&quot;24&quot;,&quot;title&quot;:&quot;EcoTouch&quot;,&quot;width&quot;:&quot;142.5&quot;,&quot;_legend&quot;:&quot;{score}\\\/{best} - ({count} {votes})&quot;,&quot;font_factor&quot;:&quot;1.25&quot;}'>\n            \n<div class=\"kksr-stars\">\n    \n<div class=\"kksr-stars-inactive\">\n            <div class=\"kksr-star\" data-star=\"1\" style=\"padding-right: 5px\">\n            \n\n<div class=\"kksr-icon\" style=\"width: 24px; height: 24px;\"><\/div>\n        <\/div>\n            <div class=\"kksr-star\" data-star=\"2\" style=\"padding-right: 5px\">\n            \n\n<div class=\"kksr-icon\" style=\"width: 24px; height: 24px;\"><\/div>\n        <\/div>\n            <div class=\"kksr-star\" data-star=\"3\" style=\"padding-right: 5px\">\n            \n\n<div class=\"kksr-icon\" style=\"width: 24px; height: 24px;\"><\/div>\n        <\/div>\n            <div class=\"kksr-star\" data-star=\"4\" style=\"padding-right: 5px\">\n            \n\n<div class=\"kksr-icon\" style=\"width: 24px; height: 24px;\"><\/div>\n        <\/div>\n            <div class=\"kksr-star\" data-star=\"5\" style=\"padding-right: 5px\">\n            \n\n<div class=\"kksr-icon\" style=\"width: 24px; height: 24px;\"><\/div>\n        <\/div>\n    <\/div>\n    \n<div class=\"kksr-stars-active\" style=\"width: 142.5px;\">\n            <div class=\"kksr-star\" style=\"padding-right: 5px\">\n            \n\n<div class=\"kksr-icon\" style=\"width: 24px; height: 24px;\"><\/div>\n        <\/div>\n            <div class=\"kksr-star\" style=\"padding-right: 5px\">\n            \n\n<div class=\"kksr-icon\" style=\"width: 24px; height: 24px;\"><\/div>\n        <\/div>\n            <div class=\"kksr-star\" style=\"padding-right: 5px\">\n            \n\n<div class=\"kksr-icon\" style=\"width: 24px; height: 24px;\"><\/div>\n        <\/div>\n            <div class=\"kksr-star\" style=\"padding-right: 5px\">\n            \n\n<div class=\"kksr-icon\" style=\"width: 24px; height: 24px;\"><\/div>\n        <\/div>\n            <div class=\"kksr-star\" style=\"padding-right: 5px\">\n            \n\n<div class=\"kksr-icon\" style=\"width: 24px; height: 24px;\"><\/div>\n        <\/div>\n    <\/div>\n<\/div>\n                \n\n<div class=\"kksr-legend\" style=\"font-size: 19.2px;\">\n            5\/5 - (1 voto)    <\/div>\n    <\/div>\n<div id=\"ez-toc-container\" class=\"ez-toc-v2_0_81 counter-hierarchy ez-toc-counter ez-toc-grey ez-toc-container-direction\">\n<div class=\"ez-toc-title-container\">\n<p class=\"ez-toc-title\" style=\"cursor:inherit\">Resumen<\/p>\n<span class=\"ez-toc-title-toggle\"><a href=\"#\" class=\"ez-toc-pull-right ez-toc-btn ez-toc-btn-xs ez-toc-btn-default ez-toc-toggle\" aria-label=\"Alternar tabla de contenidos\"><span class=\"ez-toc-js-icon-con\"><span class=\"\"><span class=\"eztoc-hide\" style=\"display:none;\">Toggle<\/span><span class=\"ez-toc-icon-toggle-span\"><svg style=\"fill: #999;color:#999\" xmlns=\"http:\/\/www.w3.org\/2000\/svg\" class=\"list-377408\" width=\"20px\" height=\"20px\" viewbox=\"0 0 24 24\" fill=\"none\"><path d=\"M6 6H4v2h2V6zm14 0H8v2h12V6zM4 11h2v2H4v-2zm16 0H8v2h12v-2zM4 16h2v2H4v-2zm16 0H8v2h12v-2z\" fill=\"currentColor\"><\/path><\/svg><svg style=\"fill: #999;color:#999\" class=\"arrow-unsorted-368013\" xmlns=\"http:\/\/www.w3.org\/2000\/svg\" width=\"10px\" height=\"10px\" viewbox=\"0 0 24 24\" version=\"1.2\" baseprofile=\"tiny\"><path d=\"M18.2 9.3l-6.2-6.3-6.2 6.3c-.2.2-.3.4-.3.7s.1.5.3.7c.2.2.4.3.7.3h11c.3 0 .5-.1.7-.3.2-.2.3-.5.3-.7s-.1-.5-.3-.7zM5.8 14.7l6.2 6.3 6.2-6.3c.2-.2.3-.5.3-.7s-.1-.5-.3-.7c-.2-.2-.4-.3-.7-.3h-11c-.3 0-.5.1-.7.3-.2.2-.3.5-.3.7s.1.5.3.7z\"\/><\/svg><\/span><\/span><\/span><\/a><\/span><\/div>\n<nav><ul class='ez-toc-list ez-toc-list-level-1 eztoc-toggle-hide-by-default' ><li class='ez-toc-page-1 ez-toc-heading-level-2'><a class=\"ez-toc-link ez-toc-heading-1\" href=\"https:\/\/www.dealexpert.eu\/es\/p\/ecotouch\/#What_are_the_advantages_of_EcoTouch\" >\u00bfCu\u00e1les son las ventajas de EcoTouch?<\/a><\/li><li class='ez-toc-page-1 ez-toc-heading-level-2'><a class=\"ez-toc-link ez-toc-heading-2\" href=\"https:\/\/www.dealexpert.eu\/es\/p\/ecotouch\/#Why_choose_EcoTouch\" >\u00bfPor qu\u00e9 elegir EcoTouch?<\/a><\/li><li class='ez-toc-page-1 ez-toc-heading-level-2'><a class=\"ez-toc-link ez-toc-heading-3\" href=\"https:\/\/www.dealexpert.eu\/es\/p\/ecotouch\/#How_to_purchase_EcoTouch\" >\u00bfC\u00f3mo comprar EcoTouch?<\/a><\/li><li class='ez-toc-page-1 ez-toc-heading-level-2'><a class=\"ez-toc-link ez-toc-heading-4\" href=\"https:\/\/www.dealexpert.eu\/es\/p\/ecotouch\/#Customer_reviews\" >Comentarios de los clientes<\/a><\/li><li class='ez-toc-page-1 ez-toc-heading-level-2'><a class=\"ez-toc-link ez-toc-heading-5\" href=\"https:\/\/www.dealexpert.eu\/es\/p\/ecotouch\/#Why_EcoTouch_is_a_great_investment\" >Por qu\u00e9 EcoTouch es una gran inversi\u00f3n<\/a><\/li><\/ul><\/nav><\/div>\n<h2><span class=\"ez-toc-section\" id=\"What_are_the_advantages_of_EcoTouch\"><\/span>\u00bfCu\u00e1les son las ventajas de EcoTouch?<span class=\"ez-toc-section-end\"><\/span><\/h2>\n<p>EcoTouch aporta numerosas ventajas que, en mi opini\u00f3n, resultar\u00e1n atractivas para quienes busquen un equilibrio entre tecnolog\u00eda y sostenibilidad. En primer lugar, ofrece una soluci\u00f3n m\u00e1s ecol\u00f3gica, que reduce significativamente la huella ambiental. Al utilizar materiales ecol\u00f3gicos, EcoTouch garantiza que su producci\u00f3n y uso tengan los m\u00ednimos efectos negativos sobre el planeta. Si eres como yo, este enfoque en la sostenibilidad es un punto de venta importante.<\/p>\n<p>Adem\u00e1s de su car\u00e1cter ecol\u00f3gico, EcoTouch ofrece una funcionalidad de vanguardia. La tecnolog\u00eda t\u00e1ctil intuitiva permite interacciones fluidas, lo que hace que su uso sea un placer. Puedo ver f\u00e1cilmente c\u00f3mo esto har\u00eda sus tareas cotidianas mucho m\u00e1s eficientes. Adem\u00e1s, cuenta con un dise\u00f1o de bajo consumo que ahorra energ\u00eda y dinero a largo plazo, una ventaja definitiva si te preocupa reducir tus facturas de servicios p\u00fablicos.<\/p>\n<p>Otra ventaja es su amplia compatibilidad. EcoTouch puede conectarse a una amplia gama de dispositivos, por lo que es una herramienta vers\u00e1til en su hogar u oficina. Esta flexibilidad significa que usted no estar\u00e1 limitado por marcas de tecnolog\u00eda espec\u00edfica, a\u00f1adiendo a su comodidad y practicidad. Si usted valora los productos que funcionan bien con otras tecnologias en su vida, EcoTouch probablemente encajara perfectamente en su configuracion.<\/p>\n<h2><span class=\"ez-toc-section\" id=\"Why_choose_EcoTouch\"><\/span>\u00bfPor qu\u00e9 elegir EcoTouch?<span class=\"ez-toc-section-end\"><\/span><\/h2>\n<p>Elegir EcoTouch es algo m\u00e1s que tecnolog\u00eda: se trata de tener un impacto positivo en el medio ambiente sin dejar de disfrutar de los \u00faltimos avances. Si usted valora la sostenibilidad, descubrir\u00e1 que EcoTouch se ajusta a sus objetivos. Sus caracter\u00edsticas ecol\u00f3gicas, combinadas con su alto rendimiento, lo convierten en una opci\u00f3n convincente para el consumidor concienciado de hoy en d\u00eda.<\/p>\n<p>Hay varias razones por las que EcoTouch destaca:<\/p>\n<ul>\n<li>Reduce el impacto medioambiental sin comprometer el rendimiento.<\/li>\n<li>Su dise\u00f1o duradero garantiza que no tendr\u00e1 que sustituirlo con frecuencia, reduciendo as\u00ed los residuos.<\/li>\n<li>Su dise\u00f1o elegante y estilizado lo convierte en un complemento visualmente atractivo para cualquier espacio.<\/li>\n<\/ul>\n<p>Como alguien que cree que la est\u00e9tica importa tanto como la funcionalidad, aprecio c\u00f3mo EcoTouch combina ambas a la perfecci\u00f3n. El moderno dise\u00f1o no solo es agradable a la vista, sino que refleja los principios progresistas en los que se basa el producto.<\/p>\n<h2><span class=\"ez-toc-section\" id=\"How_to_purchase_EcoTouch\"><\/span>\u00bfC\u00f3mo comprar EcoTouch?<span class=\"ez-toc-section-end\"><\/span><\/h2>\n<p>Si est\u00e1 listo para hacer un cambio y adoptar un producto que refleja tanto la innovaci\u00f3n tecnol\u00f3gica como la responsabilidad medioambiental, adquirir EcoTouch es sencillo. Est\u00e1 disponible directamente en el sitio web oficial de Neotechix, donde encontrar\u00e1 informaci\u00f3n detallada sobre el producto, precios y disponibilidad.<\/p>\n<p>Adem\u00e1s, hay varias opciones de pago y detalles de env\u00edo para que el proceso sea lo m\u00e1s fluido posible, garantizando una experiencia de compra sin complicaciones.<\/p>\n<h2><span class=\"ez-toc-section\" id=\"Customer_reviews\"><\/span>Comentarios de los clientes<span class=\"ez-toc-section-end\"><\/span><\/h2>\n<p>Los comentarios positivos de los clientes hablan por s\u00ed solos de la calidad y fiabilidad de EcoTouch. Muchos han expresado su satisfacci\u00f3n tanto por su funcionalidad como por su dise\u00f1o respetuoso con el medio ambiente. He aqu\u00ed una muestra de lo que han dicho:<\/p>\n<ul>\n<li><i>\"EcoTouch cambia las reglas del juego. Combina estilo y sostenibilidad\".<\/i> - John D.<\/li>\n<li><i>\"Me encanta lo intuitivo que es el sistema t\u00e1ctil. Me facilita mucho las tareas diarias\".<\/i> - Sarah L.<\/li>\n<\/ul>\n<p>Estas cr\u00edticas reflejan lo que muchos de nosotros buscamos en un producto: eficiencia, fiabilidad y un impacto medioambiental positivo. Creo que EcoTouch cumple en todos los frentes.<\/p>\n<div style=\"width: 1280px;\" class=\"wp-video\"><video class=\"wp-video-shortcode\" id=\"video-330-1\" width=\"1280\" height=\"720\" preload=\"metadata\" controls=\"controls\"><source type=\"video\/mp4\" src=\"https:\/\/www.dealexpert.eu\/wp-content\/uploads\/2025\/07\/EcoTouch1.mp4?_=1\" \/><a href=\"https:\/\/www.dealexpert.eu\/wp-content\/uploads\/2025\/07\/EcoTouch1.mp4\">https:\/\/www.dealexpert.eu\/wp-content\/uploads\/2025\/07\/EcoTouch1.mp4<\/a><\/video><\/div>\n<h2><span class=\"ez-toc-section\" id=\"Why_EcoTouch_is_a_great_investment\"><\/span>Por qu\u00e9 EcoTouch es una gran inversi\u00f3n<span class=\"ez-toc-section-end\"><\/span><\/h2>\n<p>EcoTouch no es un gadget tecnol\u00f3gico m\u00e1s; es un paso hacia un futuro m\u00e1s sostenible. Sus materiales ecol\u00f3gicos, su dise\u00f1o energ\u00e9ticamente eficiente y su compatibilidad con diversos dispositivos lo convierten en una inversi\u00f3n a largo plazo que le beneficia tanto a usted como al planeta. Si busca un producto que mejore su estilo de vida al tiempo que contribuye a un mundo m\u00e1s verde, EcoTouch es la elecci\u00f3n perfecta.<\/p>","protected":false},"excerpt":{"rendered":"<li>Materiales ecol\u00f3gicos<\/li>\n<li>Tecnolog\u00eda t\u00e1ctil intuitiva<\/li>\n<li>Dise\u00f1o energ\u00e9ticamente eficiente<\/li>\n<li>Compatible con una amplia gama de dispositivos<\/li>\n<li>Reduce el impacto medioambiental<\/li>","protected":false},"featured_media":516,"template":"","meta":{"_lmt_disableupdate":"","_lmt_disable":"","_kadence_starter_templates_imported_post":false,"_kad_post_transparent":"default","_kad_post_title":"","_kad_post_layout":"default","_kad_post_sidebar_id":"","_kad_post_content_style":"default","_kad_post_vertical_padding":"default","_kad_post_feature":"","_kad_post_feature_position":"","_kad_post_header":false,"_kad_post_footer":false,"_kad_post_classname":""},"product_brand":[],"product_cat":[16],"product_tag":[],"class_list":{"0":"post-330","1":"product","2":"type-product","3":"status-publish","4":"has-post-thumbnail","6":"product_cat-technology","8":"first","9":"instock","10":"shipping-taxable","11":"product-type-external","12":"entry","13":"content-bg","14":"loop-entry"},"_links":{"self":[{"href":"https:\/\/www.dealexpert.eu\/es\/wp-json\/wp\/v2\/product\/330","targetHints":{"allow":["GET"]}}],"collection":[{"href":"https:\/\/www.dealexpert.eu\/es\/wp-json\/wp\/v2\/product"}],"about":[{"href":"https:\/\/www.dealexpert.eu\/es\/wp-json\/wp\/v2\/types\/product"}],"wp:featuredmedia":[{"embeddable":true,"href":"https:\/\/www.dealexpert.eu\/es\/wp-json\/wp\/v2\/media\/516"}],"wp:attachment":[{"href":"https:\/\/www.dealexpert.eu\/es\/wp-json\/wp\/v2\/media?parent=330"}],"wp:term":[{"taxonomy":"product_brand","embeddable":true,"href":"https:\/\/www.dealexpert.eu\/es\/wp-json\/wp\/v2\/product_brand?post=330"},{"taxonomy":"product_cat","embeddable":true,"href":"https:\/\/www.dealexpert.eu\/es\/wp-json\/wp\/v2\/product_cat?post=330"},{"taxonomy":"product_tag","embeddable":true,"href":"https:\/\/www.dealexpert.eu\/es\/wp-json\/wp\/v2\/product_tag?post=330"}],"curies":[{"name":"wp","href":"https:\/\/api.w.org\/{rel}","templated":true}]}}