{"id":329,"date":"2025-07-24T00:01:14","date_gmt":"2025-07-24T00:01:14","guid":{"rendered":"https:\/\/www.dealexpert.eu\/?post_type=product&#038;p=329"},"modified":"2025-07-24T14:33:29","modified_gmt":"2025-07-24T14:33:29","slug":"homenetix","status":"publish","type":"product","link":"https:\/\/www.dealexpert.eu\/es\/p\/homenetix\/","title":{"rendered":"InicioNETIX"},"content":{"rendered":"<div class=\"kk-star-ratings kksr-auto kksr-align-left kksr-valign-top\"\n    data-payload='{&quot;align&quot;:&quot;left&quot;,&quot;id&quot;:&quot;329&quot;,&quot;slug&quot;:&quot;default&quot;,&quot;valign&quot;:&quot;top&quot;,&quot;ignore&quot;:&quot;&quot;,&quot;reference&quot;:&quot;auto&quot;,&quot;class&quot;:&quot;&quot;,&quot;count&quot;:&quot;0&quot;,&quot;legendonly&quot;:&quot;&quot;,&quot;readonly&quot;:&quot;&quot;,&quot;score&quot;:&quot;0&quot;,&quot;starsonly&quot;:&quot;&quot;,&quot;best&quot;:&quot;5&quot;,&quot;gap&quot;:&quot;5&quot;,&quot;greet&quot;:&quot;Rate this product&quot;,&quot;legend&quot;:&quot;0\\\/5 - (0 votos)&quot;,&quot;size&quot;:&quot;24&quot;,&quot;title&quot;:&quot;HomeNETIX&quot;,&quot;width&quot;:&quot;0&quot;,&quot;_legend&quot;:&quot;{score}\\\/{best} - ({count} {votes})&quot;,&quot;font_factor&quot;:&quot;1.25&quot;}'>\n            \n<div class=\"kksr-stars\">\n    \n<div class=\"kksr-stars-inactive\">\n            <div class=\"kksr-star\" data-star=\"1\" style=\"padding-right: 5px\">\n            \n\n<div class=\"kksr-icon\" style=\"width: 24px; height: 24px;\"><\/div>\n        <\/div>\n            <div class=\"kksr-star\" data-star=\"2\" style=\"padding-right: 5px\">\n            \n\n<div class=\"kksr-icon\" style=\"width: 24px; height: 24px;\"><\/div>\n        <\/div>\n            <div class=\"kksr-star\" data-star=\"3\" style=\"padding-right: 5px\">\n            \n\n<div class=\"kksr-icon\" style=\"width: 24px; height: 24px;\"><\/div>\n        <\/div>\n            <div class=\"kksr-star\" data-star=\"4\" style=\"padding-right: 5px\">\n            \n\n<div class=\"kksr-icon\" style=\"width: 24px; height: 24px;\"><\/div>\n        <\/div>\n            <div class=\"kksr-star\" data-star=\"5\" style=\"padding-right: 5px\">\n            \n\n<div class=\"kksr-icon\" style=\"width: 24px; height: 24px;\"><\/div>\n        <\/div>\n    <\/div>\n    \n<div class=\"kksr-stars-active\" style=\"width: 0px;\">\n            <div class=\"kksr-star\" style=\"padding-right: 5px\">\n            \n\n<div class=\"kksr-icon\" style=\"width: 24px; height: 24px;\"><\/div>\n        <\/div>\n            <div class=\"kksr-star\" style=\"padding-right: 5px\">\n            \n\n<div class=\"kksr-icon\" style=\"width: 24px; height: 24px;\"><\/div>\n        <\/div>\n            <div class=\"kksr-star\" style=\"padding-right: 5px\">\n            \n\n<div class=\"kksr-icon\" style=\"width: 24px; height: 24px;\"><\/div>\n        <\/div>\n            <div class=\"kksr-star\" style=\"padding-right: 5px\">\n            \n\n<div class=\"kksr-icon\" style=\"width: 24px; height: 24px;\"><\/div>\n        <\/div>\n            <div class=\"kksr-star\" style=\"padding-right: 5px\">\n            \n\n<div class=\"kksr-icon\" style=\"width: 24px; height: 24px;\"><\/div>\n        <\/div>\n    <\/div>\n<\/div>\n                \n\n<div class=\"kksr-legend\" style=\"font-size: 19.2px;\">\n            <span class=\"kksr-muted\">Valora este producto<\/span>\n    <\/div>\n    <\/div>\n<div style=\"width: 1024px;\" class=\"wp-video\"><video class=\"wp-video-shortcode\" id=\"video-329-1\" width=\"1024\" height=\"576\" preload=\"metadata\" controls=\"controls\"><source type=\"video\/mp4\" src=\"https:\/\/www.dealexpert.eu\/wp-content\/uploads\/2025\/07\/video.mp4?_=1\" \/><a href=\"https:\/\/www.dealexpert.eu\/wp-content\/uploads\/2025\/07\/video.mp4\">https:\/\/www.dealexpert.eu\/wp-content\/uploads\/2025\/07\/video.mp4<\/a><\/video><\/div>\n<div id=\"ez-toc-container\" class=\"ez-toc-v2_0_81 counter-hierarchy ez-toc-counter ez-toc-grey ez-toc-container-direction\">\n<div class=\"ez-toc-title-container\">\n<p class=\"ez-toc-title\" style=\"cursor:inherit\">Resumen<\/p>\n<span class=\"ez-toc-title-toggle\"><a href=\"#\" class=\"ez-toc-pull-right ez-toc-btn ez-toc-btn-xs ez-toc-btn-default ez-toc-toggle\" aria-label=\"Alternar tabla de contenidos\"><span class=\"ez-toc-js-icon-con\"><span class=\"\"><span class=\"eztoc-hide\" style=\"display:none;\">Toggle<\/span><span class=\"ez-toc-icon-toggle-span\"><svg style=\"fill: #999;color:#999\" xmlns=\"http:\/\/www.w3.org\/2000\/svg\" class=\"list-377408\" width=\"20px\" height=\"20px\" viewbox=\"0 0 24 24\" fill=\"none\"><path d=\"M6 6H4v2h2V6zm14 0H8v2h12V6zM4 11h2v2H4v-2zm16 0H8v2h12v-2zM4 16h2v2H4v-2zm16 0H8v2h12v-2z\" fill=\"currentColor\"><\/path><\/svg><svg style=\"fill: #999;color:#999\" class=\"arrow-unsorted-368013\" xmlns=\"http:\/\/www.w3.org\/2000\/svg\" width=\"10px\" height=\"10px\" viewbox=\"0 0 24 24\" version=\"1.2\" baseprofile=\"tiny\"><path d=\"M18.2 9.3l-6.2-6.3-6.2 6.3c-.2.2-.3.4-.3.7s.1.5.3.7c.2.2.4.3.7.3h11c.3 0 .5-.1.7-.3.2-.2.3-.5.3-.7s-.1-.5-.3-.7zM5.8 14.7l6.2 6.3 6.2-6.3c.2-.2.3-.5.3-.7s-.1-.5-.3-.7c-.2-.2-.4-.3-.7-.3h-11c-.3 0-.5.1-.7.3-.2.2-.3.5-.3.7s.1.5.3.7z\"\/><\/svg><\/span><\/span><\/span><\/a><\/span><\/div>\n<nav><ul class='ez-toc-list ez-toc-list-level-1 eztoc-toggle-hide-by-default' ><li class='ez-toc-page-1 ez-toc-heading-level-2'><a class=\"ez-toc-link ez-toc-heading-1\" href=\"https:\/\/www.dealexpert.eu\/es\/p\/homenetix\/#What_are_the_benefits_of_HomeNETIX\" >\u00bfCu\u00e1les son las ventajas de HomeNETIX?<\/a><ul class='ez-toc-list-level-3' ><li class='ez-toc-heading-level-3'><a class=\"ez-toc-link ez-toc-heading-2\" href=\"https:\/\/www.dealexpert.eu\/es\/p\/homenetix\/#Enhanced_Convenience\" >Mayor comodidad<\/a><\/li><li class='ez-toc-page-1 ez-toc-heading-level-3'><a class=\"ez-toc-link ez-toc-heading-3\" href=\"https:\/\/www.dealexpert.eu\/es\/p\/homenetix\/#Improved_Security\" >Seguridad mejorada<\/a><\/li><li class='ez-toc-page-1 ez-toc-heading-level-3'><a class=\"ez-toc-link ez-toc-heading-4\" href=\"https:\/\/www.dealexpert.eu\/es\/p\/homenetix\/#Energy_Efficiency\" >Eficiencia energ\u00e9tica<\/a><\/li><li class='ez-toc-page-1 ez-toc-heading-level-3'><a class=\"ez-toc-link ez-toc-heading-5\" href=\"https:\/\/www.dealexpert.eu\/es\/p\/homenetix\/#Remote_Control\" >Mando a distancia<\/a><\/li><li class='ez-toc-page-1 ez-toc-heading-level-3'><a class=\"ez-toc-link ez-toc-heading-6\" href=\"https:\/\/www.dealexpert.eu\/es\/p\/homenetix\/#Increased_Property_Value\" >Aumento del valor de la propiedad<\/a><\/li><\/ul><\/li><li class='ez-toc-page-1 ez-toc-heading-level-2'><a class=\"ez-toc-link ez-toc-heading-7\" href=\"https:\/\/www.dealexpert.eu\/es\/p\/homenetix\/#How_does_HomeNETIX_work\" >\u00bfC\u00f3mo funciona HomeNETIX?<\/a><\/li><li class='ez-toc-page-1 ez-toc-heading-level-2'><a class=\"ez-toc-link ez-toc-heading-8\" href=\"https:\/\/www.dealexpert.eu\/es\/p\/homenetix\/#Installation_of_HomeNETIX\" >Instalaci\u00f3n de HomeNETIX<\/a><\/li><li class='ez-toc-page-1 ez-toc-heading-level-2'><a class=\"ez-toc-link ez-toc-heading-9\" href=\"https:\/\/www.dealexpert.eu\/es\/p\/homenetix\/#Pricing_and_Packages\" >Precios y paquetes<\/a><\/li><li class='ez-toc-page-1 ez-toc-heading-level-2'><a class=\"ez-toc-link ez-toc-heading-10\" href=\"https:\/\/www.dealexpert.eu\/es\/p\/homenetix\/#What_do_customers_say_about_HomeNETIX\" >\u00bfQu\u00e9 opinan los clientes de HomeNETIX?<\/a><\/li><li class='ez-toc-page-1 ez-toc-heading-level-2'><a class=\"ez-toc-link ez-toc-heading-11\" href=\"https:\/\/www.dealexpert.eu\/es\/p\/homenetix\/#Alternatives_to_HomeNETIX\" >Alternativas a HomeNETIX<\/a><\/li><\/ul><\/nav><\/div>\n<h2><span class=\"ez-toc-section\" id=\"What_are_the_benefits_of_HomeNETIX\"><\/span>\u00bfCu\u00e1les son las ventajas de HomeNETIX?<span class=\"ez-toc-section-end\"><\/span><\/h2>\n<p>Cuando descubr\u00ed HomeNETIX, me impresion\u00f3 de inmediato lo mucho que pod\u00eda mejorar mi vida dom\u00e9stica. Se trata de un sistema integral que promete automatizar su hogar, mejorar la seguridad e incluso aumentar la eficiencia energ\u00e9tica. Le explicar\u00e9 sus ventajas.<\/p>\n<h3><span class=\"ez-toc-section\" id=\"Enhanced_Convenience\"><\/span>Mayor comodidad<span class=\"ez-toc-section-end\"><\/span><\/h3>\n<p>Una de las mejores cosas de HomeNETIX es la forma en que simplifica mi vida. Con todo conectado bajo un mismo sistema, puedo gestionar todos mis dispositivos desde una sola app. Ya sea controlar las luces, ajustar la temperatura o cerrar las puertas, todo est\u00e1 al alcance de la mano. Imag\u00ednese no tener que levantarse para apagar las luces o preocuparse de si las puertas est\u00e1n cerradas. HomeNETIX se encarga de todo eso, sin esfuerzo.<\/p>\n<h3><span class=\"ez-toc-section\" id=\"Improved_Security\"><\/span>Seguridad mejorada<span class=\"ez-toc-section-end\"><\/span><\/h3>\n<p>HomeNETIX me ha hecho sentir realmente m\u00e1s seguro. Puedo vigilar mi casa a trav\u00e9s de c\u00e1maras inteligentes y recibir alertas en tiempo real si ocurre algo inusual. Es como tener una capa adicional de protecci\u00f3n, tanto si estoy en casa como si no. Saber que el sistema puede avisarme al instante si hay alg\u00fan problema me da una tranquilidad que no tiene precio\".<\/p>\n<h3><span class=\"ez-toc-section\" id=\"Energy_Efficiency\"><\/span>Eficiencia energ\u00e9tica<span class=\"ez-toc-section-end\"><\/span><\/h3>\n<p>He podido reducir mis facturas de servicios p\u00fablicos gracias a los programas automatizados que ofrece HomeNETIX. Puedo programar el sistema para que ajuste la calefacci\u00f3n, la refrigeraci\u00f3n y la iluminaci\u00f3n en funci\u00f3n de mis rutinas diarias. De este modo, no derrocho energ\u00eda cuando no la necesito, lo que resulta rentable y respetuoso con el medio ambiente. Me siento bien sabiendo que estoy haciendo mi casa m\u00e1s inteligente a la vez que reduzco mi huella de carbono.<\/p>\n<h3><span class=\"ez-toc-section\" id=\"Remote_Control\"><\/span>Mando a distancia<span class=\"ez-toc-section-end\"><\/span><\/h3>\n<p>Una funci\u00f3n que me encanta es la posibilidad de controlar mis dispositivos a distancia. Tanto si estoy en el trabajo, de vacaciones o haciendo recados, puedo acceder a los sistemas de mi casa desde cualquier parte del mundo. Esto es especialmente \u00fatil cuando necesito dejar entrar a alguien o comprobar las c\u00e1maras de seguridad cuando no estoy all\u00ed.<\/p>\n<h3><span class=\"ez-toc-section\" id=\"Increased_Property_Value\"><\/span>Aumento del valor de la propiedad<span class=\"ez-toc-section-end\"><\/span><\/h3>\n<p>Adem\u00e1s de todas las comodidades diarias, he aprendido que tener una casa inteligente puede aumentar el valor de mi propiedad. Cada vez m\u00e1s compradores buscan casas con tecnolog\u00eda inteligente, y HomeNETIX es una forma estupenda de hacer que mi casa destaque. Es una inversi\u00f3n rentable a largo plazo.<\/p>\n<h2><span class=\"ez-toc-section\" id=\"How_does_HomeNETIX_work\"><\/span>\u00bfC\u00f3mo funciona HomeNETIX?<span class=\"ez-toc-section-end\"><\/span><\/h2>\n<p>HomeNETIX funciona mediante un concentrador central que conecta todos sus dispositivos inteligentes, creando una red dom\u00e9stica conectada. A trav\u00e9s de una aplicaci\u00f3n f\u00e1cil de usar, puede gestionar todo en tiempo real, desde la iluminaci\u00f3n hasta la seguridad. La integraci\u00f3n en la nube permite el control remoto, por lo que nunca tendr\u00e1 que preocuparse de estar en casa para ajustar la configuraci\u00f3n o responder a las alertas.<\/p>\n<h2><span class=\"ez-toc-section\" id=\"Installation_of_HomeNETIX\"><\/span>Instalaci\u00f3n de HomeNETIX<span class=\"ez-toc-section-end\"><\/span><\/h2>\n<p>La instalaci\u00f3n de HomeNETIX fue sorprendentemente sencilla. Las instrucciones son claras y la mayor\u00eda de los usuarios pueden instalar el sistema en una hora. Si lo prefiere, tambi\u00e9n hay disponibles servicios de instalaci\u00f3n profesional para configuraciones m\u00e1s complejas. El proceso es sencillo, por lo que cualquier persona, independientemente de sus conocimientos t\u00e9cnicos, puede empezar a disfrutar de las ventajas de un hogar inteligente.<\/p>\n<h2><span class=\"ez-toc-section\" id=\"Pricing_and_Packages\"><\/span>Precios y paquetes<span class=\"ez-toc-section-end\"><\/span><\/h2>\n<p>HomeNETIX ofrece diferentes planes de precios, por lo que hay para todos los gustos. Tanto si busca una configuraci\u00f3n de automatizaci\u00f3n b\u00e1sica como un sistema de seguridad m\u00e1s avanzado, existen opciones flexibles que se adaptan a sus necesidades y presupuesto. Le recomiendo que consulte las \u00faltimas ofertas y promociones para obtener la mejor relaci\u00f3n calidad-precio.<\/p>\n<h2><span class=\"ez-toc-section\" id=\"What_do_customers_say_about_HomeNETIX\"><\/span>\u00bfQu\u00e9 opinan los clientes de HomeNETIX?<span class=\"ez-toc-section-end\"><\/span><\/h2>\n<p>No s\u00f3lo yo estoy impresionado por HomeNETIX. Esto es lo que han compartido otros usuarios:<\/p>\n<ul>\n<li><strong>Sarah L.<\/strong> dice: \"\u00a1HomeNETIX ha transformado mi hogar! Puedo controlarlo todo desde mi tel\u00e9fono y me siento m\u00e1s segura\".<\/li>\n<li><strong>John M.<\/strong> acciones: \"La instalaci\u00f3n fue r\u00e1pida y sencilla. Ha hecho mi vida diaria mucho m\u00e1s c\u00f3moda!\".<\/li>\n<li><strong>Emily R.<\/strong> a\u00f1ade: \"\u00a1Me encantan las funciones de ahorro de energ\u00eda! Mi factura de la luz ha bajado desde que instal\u00e9 HomeNETIX\".<\/li>\n<\/ul>\n<h2><span class=\"ez-toc-section\" id=\"Alternatives_to_HomeNETIX\"><\/span>Alternativas a HomeNETIX<span class=\"ez-toc-section-end\"><\/span><\/h2>\n<p>Aunque HomeNETIX destaca por su sencillez y su amplia gama de funciones, existen alternativas en el mercado. Algunas de las m\u00e1s populares son Google Nest, Amazon Alexa y Samsung SmartThings. Sin embargo, creo que HomeNETIX ofrece una combinaci\u00f3n \u00fanica de facilidad de uso, integraci\u00f3n perfecta y funciones personalizables que lo convierten en la mejor opci\u00f3n para cualquiera que desee actualizar su tecnolog\u00eda dom\u00e9stica.<\/p>","protected":false},"excerpt":{"rendered":"<p>What are the benefits of HomeNETIX? When I first discovered HomeNETIX, I was immediately impressed by how much it could improve my home life. It\u2019s a comprehensive system that promises to automate your home, enhance security, and even make your home more energy-efficient. Let me walk you through the advantages. Enhanced Convenience One of the&#8230;<\/p>","protected":false},"featured_media":526,"template":"","meta":{"_lmt_disableupdate":"","_lmt_disable":"","_kadence_starter_templates_imported_post":false,"_kad_post_transparent":"default","_kad_post_title":"","_kad_post_layout":"default","_kad_post_sidebar_id":"","_kad_post_content_style":"default","_kad_post_vertical_padding":"default","_kad_post_feature":"","_kad_post_feature_position":"","_kad_post_header":false,"_kad_post_footer":false,"_kad_post_classname":""},"product_brand":[],"product_cat":[16],"product_tag":[],"class_list":{"0":"post-329","1":"product","2":"type-product","3":"status-publish","4":"has-post-thumbnail","6":"product_cat-technology","8":"first","9":"instock","10":"shipping-taxable","11":"product-type-external","12":"entry","13":"content-bg","14":"loop-entry"},"_links":{"self":[{"href":"https:\/\/www.dealexpert.eu\/es\/wp-json\/wp\/v2\/product\/329","targetHints":{"allow":["GET"]}}],"collection":[{"href":"https:\/\/www.dealexpert.eu\/es\/wp-json\/wp\/v2\/product"}],"about":[{"href":"https:\/\/www.dealexpert.eu\/es\/wp-json\/wp\/v2\/types\/product"}],"wp:featuredmedia":[{"embeddable":true,"href":"https:\/\/www.dealexpert.eu\/es\/wp-json\/wp\/v2\/media\/526"}],"wp:attachment":[{"href":"https:\/\/www.dealexpert.eu\/es\/wp-json\/wp\/v2\/media?parent=329"}],"wp:term":[{"taxonomy":"product_brand","embeddable":true,"href":"https:\/\/www.dealexpert.eu\/es\/wp-json\/wp\/v2\/product_brand?post=329"},{"taxonomy":"product_cat","embeddable":true,"href":"https:\/\/www.dealexpert.eu\/es\/wp-json\/wp\/v2\/product_cat?post=329"},{"taxonomy":"product_tag","embeddable":true,"href":"https:\/\/www.dealexpert.eu\/es\/wp-json\/wp\/v2\/product_tag?post=329"}],"curies":[{"name":"wp","href":"https:\/\/api.w.org\/{rel}","templated":true}]}}