{"id":327,"date":"2025-07-23T23:51:00","date_gmt":"2025-07-23T23:51:00","guid":{"rendered":"https:\/\/www.dealexpert.eu\/?post_type=product&#038;p=327"},"modified":"2025-07-24T14:33:29","modified_gmt":"2025-07-24T14:33:29","slug":"nanoseguro","status":"publish","type":"product","link":"https:\/\/www.dealexpert.eu\/es\/p\/nanoseguro\/","title":{"rendered":"NanoSecure"},"content":{"rendered":"<div class=\"kk-star-ratings kksr-auto kksr-align-left kksr-valign-top\"\n    data-payload='{&quot;align&quot;:&quot;left&quot;,&quot;id&quot;:&quot;327&quot;,&quot;slug&quot;:&quot;default&quot;,&quot;valign&quot;:&quot;top&quot;,&quot;ignore&quot;:&quot;&quot;,&quot;reference&quot;:&quot;auto&quot;,&quot;class&quot;:&quot;&quot;,&quot;count&quot;:&quot;0&quot;,&quot;legendonly&quot;:&quot;&quot;,&quot;readonly&quot;:&quot;&quot;,&quot;score&quot;:&quot;0&quot;,&quot;starsonly&quot;:&quot;&quot;,&quot;best&quot;:&quot;5&quot;,&quot;gap&quot;:&quot;5&quot;,&quot;greet&quot;:&quot;Rate this product&quot;,&quot;legend&quot;:&quot;0\\\/5 - (0 votos)&quot;,&quot;size&quot;:&quot;24&quot;,&quot;title&quot;:&quot;NanoSecure&quot;,&quot;width&quot;:&quot;0&quot;,&quot;_legend&quot;:&quot;{score}\\\/{best} - ({count} {votes})&quot;,&quot;font_factor&quot;:&quot;1.25&quot;}'>\n            \n<div class=\"kksr-stars\">\n    \n<div class=\"kksr-stars-inactive\">\n            <div class=\"kksr-star\" data-star=\"1\" style=\"padding-right: 5px\">\n            \n\n<div class=\"kksr-icon\" style=\"width: 24px; height: 24px;\"><\/div>\n        <\/div>\n            <div class=\"kksr-star\" data-star=\"2\" style=\"padding-right: 5px\">\n            \n\n<div class=\"kksr-icon\" style=\"width: 24px; height: 24px;\"><\/div>\n        <\/div>\n            <div class=\"kksr-star\" data-star=\"3\" style=\"padding-right: 5px\">\n            \n\n<div class=\"kksr-icon\" style=\"width: 24px; height: 24px;\"><\/div>\n        <\/div>\n            <div class=\"kksr-star\" data-star=\"4\" style=\"padding-right: 5px\">\n            \n\n<div class=\"kksr-icon\" style=\"width: 24px; height: 24px;\"><\/div>\n        <\/div>\n            <div class=\"kksr-star\" data-star=\"5\" style=\"padding-right: 5px\">\n            \n\n<div class=\"kksr-icon\" style=\"width: 24px; height: 24px;\"><\/div>\n        <\/div>\n    <\/div>\n    \n<div class=\"kksr-stars-active\" style=\"width: 0px;\">\n            <div class=\"kksr-star\" style=\"padding-right: 5px\">\n            \n\n<div class=\"kksr-icon\" style=\"width: 24px; height: 24px;\"><\/div>\n        <\/div>\n            <div class=\"kksr-star\" style=\"padding-right: 5px\">\n            \n\n<div class=\"kksr-icon\" style=\"width: 24px; height: 24px;\"><\/div>\n        <\/div>\n            <div class=\"kksr-star\" style=\"padding-right: 5px\">\n            \n\n<div class=\"kksr-icon\" style=\"width: 24px; height: 24px;\"><\/div>\n        <\/div>\n            <div class=\"kksr-star\" style=\"padding-right: 5px\">\n            \n\n<div class=\"kksr-icon\" style=\"width: 24px; height: 24px;\"><\/div>\n        <\/div>\n            <div class=\"kksr-star\" style=\"padding-right: 5px\">\n            \n\n<div class=\"kksr-icon\" style=\"width: 24px; height: 24px;\"><\/div>\n        <\/div>\n    <\/div>\n<\/div>\n                \n\n<div class=\"kksr-legend\" style=\"font-size: 19.2px;\">\n            <span class=\"kksr-muted\">Valora este producto<\/span>\n    <\/div>\n    <\/div>\n<div style=\"width: 1290px;\" class=\"wp-video\"><video class=\"wp-video-shortcode\" id=\"video-327-1\" width=\"1290\" height=\"726\" preload=\"metadata\" controls=\"controls\"><source type=\"video\/mp4\" src=\"https:\/\/www.dealexpert.eu\/wp-content\/uploads\/2025\/07\/NanoSecure.mp4?_=1\" \/><a href=\"https:\/\/www.dealexpert.eu\/wp-content\/uploads\/2025\/07\/NanoSecure.mp4\">https:\/\/www.dealexpert.eu\/wp-content\/uploads\/2025\/07\/NanoSecure.mp4<\/a><\/video><\/div>\n<div id=\"ez-toc-container\" class=\"ez-toc-v2_0_81 counter-hierarchy ez-toc-counter ez-toc-grey ez-toc-container-direction\">\n<div class=\"ez-toc-title-container\">\n<p class=\"ez-toc-title\" style=\"cursor:inherit\">Resumen<\/p>\n<span class=\"ez-toc-title-toggle\"><a href=\"#\" class=\"ez-toc-pull-right ez-toc-btn ez-toc-btn-xs ez-toc-btn-default ez-toc-toggle\" aria-label=\"Alternar tabla de contenidos\"><span class=\"ez-toc-js-icon-con\"><span class=\"\"><span class=\"eztoc-hide\" style=\"display:none;\">Toggle<\/span><span class=\"ez-toc-icon-toggle-span\"><svg style=\"fill: #999;color:#999\" xmlns=\"http:\/\/www.w3.org\/2000\/svg\" class=\"list-377408\" width=\"20px\" height=\"20px\" viewbox=\"0 0 24 24\" fill=\"none\"><path d=\"M6 6H4v2h2V6zm14 0H8v2h12V6zM4 11h2v2H4v-2zm16 0H8v2h12v-2zM4 16h2v2H4v-2zm16 0H8v2h12v-2z\" fill=\"currentColor\"><\/path><\/svg><svg style=\"fill: #999;color:#999\" class=\"arrow-unsorted-368013\" xmlns=\"http:\/\/www.w3.org\/2000\/svg\" width=\"10px\" height=\"10px\" viewbox=\"0 0 24 24\" version=\"1.2\" baseprofile=\"tiny\"><path d=\"M18.2 9.3l-6.2-6.3-6.2 6.3c-.2.2-.3.4-.3.7s.1.5.3.7c.2.2.4.3.7.3h11c.3 0 .5-.1.7-.3.2-.2.3-.5.3-.7s-.1-.5-.3-.7zM5.8 14.7l6.2 6.3 6.2-6.3c.2-.2.3-.5.3-.7s-.1-.5-.3-.7c-.2-.2-.4-.3-.7-.3h-11c-.3 0-.5.1-.7.3-.2.2-.3.5-.3.7s.1.5.3.7z\"\/><\/svg><\/span><\/span><\/span><\/a><\/span><\/div>\n<nav><ul class='ez-toc-list ez-toc-list-level-1 eztoc-toggle-hide-by-default' ><li class='ez-toc-page-1 ez-toc-heading-level-2'><a class=\"ez-toc-link ez-toc-heading-1\" href=\"https:\/\/www.dealexpert.eu\/es\/p\/nanoseguro\/#What_are_the_benefits_of_NanoSecure\" >\u00bfCu\u00e1les son las ventajas de NanoSecure?<\/a><ul class='ez-toc-list-level-3' ><li class='ez-toc-heading-level-3'><a class=\"ez-toc-link ez-toc-heading-2\" href=\"https:\/\/www.dealexpert.eu\/es\/p\/nanoseguro\/#Comprehensive_Security_Coverage\" >Amplia cobertura de seguridad<\/a><\/li><li class='ez-toc-page-1 ez-toc-heading-level-3'><a class=\"ez-toc-link ez-toc-heading-3\" href=\"https:\/\/www.dealexpert.eu\/es\/p\/nanoseguro\/#Enhanced_Privacy_Protection\" >Mayor protecci\u00f3n de la intimidad<\/a><\/li><li class='ez-toc-page-1 ez-toc-heading-level-3'><a class=\"ez-toc-link ez-toc-heading-4\" href=\"https:\/\/www.dealexpert.eu\/es\/p\/nanoseguro\/#Improved_Performance\" >Mejora del rendimiento<\/a><\/li><\/ul><\/li><li class='ez-toc-page-1 ez-toc-heading-level-2'><a class=\"ez-toc-link ez-toc-heading-5\" href=\"https:\/\/www.dealexpert.eu\/es\/p\/nanoseguro\/#How_does_NanoSecure_work\" >\u00bfC\u00f3mo funciona NanoSecure?<\/a><ul class='ez-toc-list-level-3' ><li class='ez-toc-heading-level-3'><a class=\"ez-toc-link ez-toc-heading-6\" href=\"https:\/\/www.dealexpert.eu\/es\/p\/nanoseguro\/#Advanced_Protection\" >Protecci\u00f3n avanzada<\/a><\/li><li class='ez-toc-page-1 ez-toc-heading-level-3'><a class=\"ez-toc-link ez-toc-heading-7\" href=\"https:\/\/www.dealexpert.eu\/es\/p\/nanoseguro\/#Real-Time_Threat_Detection\" >Detecci\u00f3n de amenazas en tiempo real<\/a><\/li><li class='ez-toc-page-1 ez-toc-heading-level-3'><a class=\"ez-toc-link ez-toc-heading-8\" href=\"https:\/\/www.dealexpert.eu\/es\/p\/nanoseguro\/#Seamless_Integration\" >Integraci\u00f3n perfecta<\/a><\/li><\/ul><\/li><li class='ez-toc-page-1 ez-toc-heading-level-2'><a class=\"ez-toc-link ez-toc-heading-9\" href=\"https:\/\/www.dealexpert.eu\/es\/p\/nanoseguro\/#How_to_get_started_with_NanoSecure\" >\u00bfC\u00f3mo empezar a utilizar NanoSecure?<\/a><ul class='ez-toc-list-level-3' ><li class='ez-toc-heading-level-3'><a class=\"ez-toc-link ez-toc-heading-10\" href=\"https:\/\/www.dealexpert.eu\/es\/p\/nanoseguro\/#Pricing_and_Availability\" >Precios y disponibilidad<\/a><\/li><\/ul><\/li><li class='ez-toc-page-1 ez-toc-heading-level-2'><a class=\"ez-toc-link ez-toc-heading-11\" href=\"https:\/\/www.dealexpert.eu\/es\/p\/nanoseguro\/#Frequently_Asked_Questions\" >Preguntas frecuentes<\/a><ul class='ez-toc-list-level-3' ><li class='ez-toc-heading-level-3'><a class=\"ez-toc-link ez-toc-heading-12\" href=\"https:\/\/www.dealexpert.eu\/es\/p\/nanoseguro\/#Is_NanoSecure_compatible_with_all_devices\" >\u00bfEs NanoSecure compatible con todos los dispositivos?<\/a><\/li><li class='ez-toc-page-1 ez-toc-heading-level-3'><a class=\"ez-toc-link ez-toc-heading-13\" href=\"https:\/\/www.dealexpert.eu\/es\/p\/nanoseguro\/#How_often_does_NanoSecure_update_its_security_protocols\" >\u00bfCon qu\u00e9 frecuencia actualiza NanoSecure sus protocolos de seguridad?<\/a><\/li><\/ul><\/li><li class='ez-toc-page-1 ez-toc-heading-level-2'><a class=\"ez-toc-link ez-toc-heading-14\" href=\"https:\/\/www.dealexpert.eu\/es\/p\/nanoseguro\/#Ready_to_Secure_Your_Devices\" >\u00bfEst\u00e1 listo para proteger sus dispositivos?<\/a><\/li><\/ul><\/nav><\/div>\n<h2><span class=\"ez-toc-section\" id=\"What_are_the_benefits_of_NanoSecure\"><\/span>\u00bfCu\u00e1les son las ventajas de NanoSecure?<span class=\"ez-toc-section-end\"><\/span><\/h2>\n<p>Perm\u00edtanme decirles que NanoSecure aporta algunas ventajas significativas que lo hacen destacar en el abarrotado mercado de la ciberseguridad. Como alguien que siempre se preocupa por la seguridad de su vida digital, puedo decir con confianza que esta soluci\u00f3n ofrece una tranquilidad como pocas. En primer lugar, el cifrado avanzado que utiliza garantiza que tus datos permanezcan encriptados y protegidos de accesos no autorizados, incluso en los momentos m\u00e1s vulnerables. Esto es crucial, sobre todo cuando dependemos tanto de nuestros dispositivos para todo, desde la banca hasta la comunicaci\u00f3n personal.<\/p>\n<h3><span class=\"ez-toc-section\" id=\"Comprehensive_Security_Coverage\"><\/span>Amplia cobertura de seguridad<span class=\"ez-toc-section-end\"><\/span><\/h3>\n<p>Lo que realmente aprecio de NanoSecure es su enfoque integral de la protecci\u00f3n de dispositivos. No se centra \u00fanicamente en un aspecto de la seguridad, sino que se asegura de cubrir todos los \u00e1ngulos. Desde la protecci\u00f3n contra malware hasta la navegaci\u00f3n segura en l\u00ednea, NanoSecure se encarga de todo, protegiendo tu informaci\u00f3n sin importar lo que est\u00e9s haciendo en l\u00ednea.<\/p>\n<h3><span class=\"ez-toc-section\" id=\"Enhanced_Privacy_Protection\"><\/span>Mayor protecci\u00f3n de la intimidad<span class=\"ez-toc-section-end\"><\/span><\/h3>\n<p>La privacidad es algo que me tomo muy en serio, y s\u00e9 que muchos de ustedes tambi\u00e9n. NanoSecure va un paso m\u00e1s all\u00e1 al proporcionar una s\u00f3lida capa de protecci\u00f3n que impide el acceso no autorizado a tus datos personales. Es incre\u00edblemente tranquilizador saber que, cuando est\u00e1s en l\u00ednea, tu informaci\u00f3n permanece completamente privada, incluso frente a las amenazas m\u00e1s sofisticadas.<\/p>\n<h3><span class=\"ez-toc-section\" id=\"Improved_Performance\"><\/span>Mejora del rendimiento<span class=\"ez-toc-section-end\"><\/span><\/h3>\n<p>NanoSecure hace todo esto sin ralentizar tu dispositivo. A diferencia de otro software de seguridad que tiende a agotar los recursos del sistema, NanoSecure se ejecuta sin problemas en segundo plano. Te proporciona una protecci\u00f3n de primera clase, al tiempo que garantiza que el rendimiento de tu dispositivo sigue siendo \u00f3ptimo. Cr\u00e9eme, \u00a1eso es una gran ventaja!<\/p>\n<h2><span class=\"ez-toc-section\" id=\"How_does_NanoSecure_work\"><\/span>\u00bfC\u00f3mo funciona NanoSecure?<span class=\"ez-toc-section-end\"><\/span><\/h2>\n<p>La verdadera magia de NanoSecure reside en su combinaci\u00f3n de algoritmos de cifrado avanzados y sistemas de detecci\u00f3n de amenazas en tiempo real. No se trata s\u00f3lo de bloquear las amenazas conocidas, sino de adelantarse a ellas. NanoSecure supervisa constantemente tus dispositivos y te alerta de cualquier actividad sospechosa antes de que se convierta en un problema grave. Este enfoque proactivo de la seguridad lo diferencia de muchas otras herramientas que s\u00f3lo reaccionan cuando algo va mal.<\/p>\n<h3><span class=\"ez-toc-section\" id=\"Advanced_Protection\"><\/span>Protecci\u00f3n avanzada<span class=\"ez-toc-section-end\"><\/span><\/h3>\n<p>Cuando navega por el mundo digital, no quiere preocuparse de que le pirateen o pongan en peligro su seguridad. NanoSecure le da esa confianza con sus potentes protocolos de seguridad multicapa. Estas capas de defensa garantizan que cualquier amenaza cibern\u00e9tica entrante se detenga en seco. Tanto si utiliza aplicaciones, navega por Internet o realiza transacciones comerciales, sus dispositivos estar\u00e1n seguros en todo momento.<\/p>\n<h3><span class=\"ez-toc-section\" id=\"Real-Time_Threat_Detection\"><\/span>Detecci\u00f3n de amenazas en tiempo real<span class=\"ez-toc-section-end\"><\/span><\/h3>\n<p>Lo que hace que NanoSecure sea a\u00fan m\u00e1s impresionante es su supervisi\u00f3n en tiempo real. Esto significa que no se limita a esperar a que se produzca un virus o un ataque inform\u00e1tico, sino que escanea activamente y detecta las amenazas a medida que surgen, alert\u00e1ndole de inmediato. Si eres de los que valoran la respuesta inmediata, esta funci\u00f3n sin duda te dar\u00e1 tranquilidad.<\/p>\n<h3><span class=\"ez-toc-section\" id=\"Seamless_Integration\"><\/span>Integraci\u00f3n perfecta<span class=\"ez-toc-section-end\"><\/span><\/h3>\n<p>Otro punto clave es que NanoSecure no interfiere en tus actividades cotidianas. No experimentar\u00e1 ralentizaciones ni interrupciones perceptibles. Su perfecta integraci\u00f3n con smartphones, port\u00e1tiles y tabletas significa que, una vez instalado, funciona en segundo plano sin requerir mucha atenci\u00f3n por tu parte. Eso es algo que todos podemos apreciar en nuestras ajetreadas y aceleradas vidas.<\/p>\n<h2><span class=\"ez-toc-section\" id=\"How_to_get_started_with_NanoSecure\"><\/span>\u00bfC\u00f3mo empezar a utilizar NanoSecure?<span class=\"ez-toc-section-end\"><\/span><\/h2>\n<p>Empezar a utilizar NanoSecure es incre\u00edblemente sencillo. Sin procedimientos complicados ni instrucciones confusas. Todo lo que tienes que hacer es visitar el sitio web de NeoTechix, descargar el paquete de instalaci\u00f3n y seguir unos sencillos pasos para configurarlo en tu dispositivo. El proceso completo dura s\u00f3lo unos minutos, lo que es perfecto para aquellos de nosotros que no siempre estamos dispuestos a pasar horas tratando de instalar un nuevo software.<\/p>\n<h3><span class=\"ez-toc-section\" id=\"Pricing_and_Availability\"><\/span>Precios y disponibilidad<span class=\"ez-toc-section-end\"><\/span><\/h3>\n<p>En cuanto a los precios, NanoSecure es competitivo y ofrece varios paquetes para elegir. Tanto si busca una soluci\u00f3n \u00fanica como un modelo de suscripci\u00f3n, encontrar\u00e1 algo que se adapte a sus necesidades. Adem\u00e1s, cada compra incluye actualizaciones peri\u00f3dicas y un excelente servicio de atenci\u00f3n al cliente. Este es el tipo de valor que me gusta ver cuando invierto en soluciones de seguridad.<\/p>\n<h2><span class=\"ez-toc-section\" id=\"Frequently_Asked_Questions\"><\/span>Preguntas frecuentes<span class=\"ez-toc-section-end\"><\/span><\/h2>\n<h3><span class=\"ez-toc-section\" id=\"Is_NanoSecure_compatible_with_all_devices\"><\/span>\u00bfEs NanoSecure compatible con todos los dispositivos?<span class=\"ez-toc-section-end\"><\/span><\/h3>\n<p>S\u00ed, NanoSecure es compatible con una amplia gama de dispositivos, desde tel\u00e9fonos inteligentes hasta ordenadores port\u00e1tiles y tabletas. Esto significa que no importa qu\u00e9 dispositivos tengas, puedes contar con NanoSecure para una protecci\u00f3n completa.<\/p>\n<h3><span class=\"ez-toc-section\" id=\"How_often_does_NanoSecure_update_its_security_protocols\"><\/span>\u00bfCon qu\u00e9 frecuencia actualiza NanoSecure sus protocolos de seguridad?<span class=\"ez-toc-section-end\"><\/span><\/h3>\n<p>Una de las mejores cosas de NanoSecure es su compromiso de ir por delante de las amenazas emergentes. El software actualiza regularmente sus protocolos de seguridad, garantizando que sus dispositivos est\u00e9n siempre protegidos con los \u00faltimos mecanismos de defensa. No tendr\u00e1s que preocuparte de que las nuevas ciberamenazas te pillen desprevenido.<\/p>\n<h2><span class=\"ez-toc-section\" id=\"Ready_to_Secure_Your_Devices\"><\/span>\u00bfEst\u00e1 listo para proteger sus dispositivos?<span class=\"ez-toc-section-end\"><\/span><\/h2>\n<p>Si te tomas en serio la seguridad de tu vida digital, te recomiendo encarecidamente que pruebes NanoSecure. Es sencillo, eficaz y no interfiere en el rendimiento de tu dispositivo. No esperes a que se produzca una brecha: toma el control de tu seguridad digital hoy mismo.<\/p>","protected":false},"excerpt":{"rendered":"<li>Algoritmos de cifrado avanzados para una mayor protecci\u00f3n<\/li>\n<li>Detecci\u00f3n de amenazas y alertas en tiempo real<\/li>\n<li>Compatible con varios dispositivos (tel\u00e9fonos inteligentes, ordenadores port\u00e1tiles, tabletas)<\/li>\n<li>Amplia cobertura de seguridad (malware, navegaci\u00f3n segura)<\/li>\n<li>Impacto m\u00ednimo en el rendimiento del dispositivo<\/li>","protected":false},"featured_media":649,"template":"","meta":{"_lmt_disableupdate":"","_lmt_disable":"","_kadence_starter_templates_imported_post":false,"_kad_post_transparent":"default","_kad_post_title":"","_kad_post_layout":"default","_kad_post_sidebar_id":"","_kad_post_content_style":"default","_kad_post_vertical_padding":"default","_kad_post_feature":"","_kad_post_feature_position":"","_kad_post_header":false,"_kad_post_footer":false,"_kad_post_classname":""},"product_brand":[],"product_cat":[16],"product_tag":[],"class_list":{"0":"post-327","1":"product","2":"type-product","3":"status-publish","4":"has-post-thumbnail","6":"product_cat-technology","8":"first","9":"instock","10":"shipping-taxable","11":"product-type-external","12":"entry","13":"content-bg","14":"loop-entry"},"_links":{"self":[{"href":"https:\/\/www.dealexpert.eu\/es\/wp-json\/wp\/v2\/product\/327","targetHints":{"allow":["GET"]}}],"collection":[{"href":"https:\/\/www.dealexpert.eu\/es\/wp-json\/wp\/v2\/product"}],"about":[{"href":"https:\/\/www.dealexpert.eu\/es\/wp-json\/wp\/v2\/types\/product"}],"wp:featuredmedia":[{"embeddable":true,"href":"https:\/\/www.dealexpert.eu\/es\/wp-json\/wp\/v2\/media\/649"}],"wp:attachment":[{"href":"https:\/\/www.dealexpert.eu\/es\/wp-json\/wp\/v2\/media?parent=327"}],"wp:term":[{"taxonomy":"product_brand","embeddable":true,"href":"https:\/\/www.dealexpert.eu\/es\/wp-json\/wp\/v2\/product_brand?post=327"},{"taxonomy":"product_cat","embeddable":true,"href":"https:\/\/www.dealexpert.eu\/es\/wp-json\/wp\/v2\/product_cat?post=327"},{"taxonomy":"product_tag","embeddable":true,"href":"https:\/\/www.dealexpert.eu\/es\/wp-json\/wp\/v2\/product_tag?post=327"}],"curies":[{"name":"wp","href":"https:\/\/api.w.org\/{rel}","templated":true}]}}