{"id":326,"date":"2025-07-23T23:45:44","date_gmt":"2025-07-23T23:45:44","guid":{"rendered":"https:\/\/www.dealexpert.eu\/?post_type=product&#038;p=326"},"modified":"2025-07-24T14:33:29","modified_gmt":"2025-07-24T14:33:29","slug":"cartera-inteligente-louis-blanc","status":"publish","type":"product","link":"https:\/\/www.dealexpert.eu\/es\/p\/cartera-inteligente-louis-blanc\/","title":{"rendered":"Cartera inteligente Louis Blanc"},"content":{"rendered":"<div class=\"kk-star-ratings kksr-auto kksr-align-left kksr-valign-top\"\n    data-payload='{&quot;align&quot;:&quot;left&quot;,&quot;id&quot;:&quot;326&quot;,&quot;slug&quot;:&quot;default&quot;,&quot;valign&quot;:&quot;top&quot;,&quot;ignore&quot;:&quot;&quot;,&quot;reference&quot;:&quot;auto&quot;,&quot;class&quot;:&quot;&quot;,&quot;count&quot;:&quot;0&quot;,&quot;legendonly&quot;:&quot;&quot;,&quot;readonly&quot;:&quot;&quot;,&quot;score&quot;:&quot;0&quot;,&quot;starsonly&quot;:&quot;&quot;,&quot;best&quot;:&quot;5&quot;,&quot;gap&quot;:&quot;5&quot;,&quot;greet&quot;:&quot;Rate this product&quot;,&quot;legend&quot;:&quot;0\\\/5 - (0 votos)&quot;,&quot;size&quot;:&quot;24&quot;,&quot;title&quot;:&quot;Louis Blanc Smart-Wallet&quot;,&quot;width&quot;:&quot;0&quot;,&quot;_legend&quot;:&quot;{score}\\\/{best} - ({count} {votes})&quot;,&quot;font_factor&quot;:&quot;1.25&quot;}'>\n            \n<div class=\"kksr-stars\">\n    \n<div class=\"kksr-stars-inactive\">\n            <div class=\"kksr-star\" data-star=\"1\" style=\"padding-right: 5px\">\n            \n\n<div class=\"kksr-icon\" style=\"width: 24px; height: 24px;\"><\/div>\n        <\/div>\n            <div class=\"kksr-star\" data-star=\"2\" style=\"padding-right: 5px\">\n            \n\n<div class=\"kksr-icon\" style=\"width: 24px; height: 24px;\"><\/div>\n        <\/div>\n            <div class=\"kksr-star\" data-star=\"3\" style=\"padding-right: 5px\">\n            \n\n<div class=\"kksr-icon\" style=\"width: 24px; height: 24px;\"><\/div>\n        <\/div>\n            <div class=\"kksr-star\" data-star=\"4\" style=\"padding-right: 5px\">\n            \n\n<div class=\"kksr-icon\" style=\"width: 24px; height: 24px;\"><\/div>\n        <\/div>\n            <div class=\"kksr-star\" data-star=\"5\" style=\"padding-right: 5px\">\n            \n\n<div class=\"kksr-icon\" style=\"width: 24px; height: 24px;\"><\/div>\n        <\/div>\n    <\/div>\n    \n<div class=\"kksr-stars-active\" style=\"width: 0px;\">\n            <div class=\"kksr-star\" style=\"padding-right: 5px\">\n            \n\n<div class=\"kksr-icon\" style=\"width: 24px; height: 24px;\"><\/div>\n        <\/div>\n            <div class=\"kksr-star\" style=\"padding-right: 5px\">\n            \n\n<div class=\"kksr-icon\" style=\"width: 24px; height: 24px;\"><\/div>\n        <\/div>\n            <div class=\"kksr-star\" style=\"padding-right: 5px\">\n            \n\n<div class=\"kksr-icon\" style=\"width: 24px; height: 24px;\"><\/div>\n        <\/div>\n            <div class=\"kksr-star\" style=\"padding-right: 5px\">\n            \n\n<div class=\"kksr-icon\" style=\"width: 24px; height: 24px;\"><\/div>\n        <\/div>\n            <div class=\"kksr-star\" style=\"padding-right: 5px\">\n            \n\n<div class=\"kksr-icon\" style=\"width: 24px; height: 24px;\"><\/div>\n        <\/div>\n    <\/div>\n<\/div>\n                \n\n<div class=\"kksr-legend\" style=\"font-size: 19.2px;\">\n            <span class=\"kksr-muted\">Valora este producto<\/span>\n    <\/div>\n    <\/div>\n<div id=\"ez-toc-container\" class=\"ez-toc-v2_0_81 counter-hierarchy ez-toc-counter ez-toc-grey ez-toc-container-direction\">\n<div class=\"ez-toc-title-container\">\n<p class=\"ez-toc-title\" style=\"cursor:inherit\">Resumen<\/p>\n<span class=\"ez-toc-title-toggle\"><a href=\"#\" class=\"ez-toc-pull-right ez-toc-btn ez-toc-btn-xs ez-toc-btn-default ez-toc-toggle\" aria-label=\"Alternar tabla de contenidos\"><span class=\"ez-toc-js-icon-con\"><span class=\"\"><span class=\"eztoc-hide\" style=\"display:none;\">Toggle<\/span><span class=\"ez-toc-icon-toggle-span\"><svg style=\"fill: #999;color:#999\" xmlns=\"http:\/\/www.w3.org\/2000\/svg\" class=\"list-377408\" width=\"20px\" height=\"20px\" viewbox=\"0 0 24 24\" fill=\"none\"><path d=\"M6 6H4v2h2V6zm14 0H8v2h12V6zM4 11h2v2H4v-2zm16 0H8v2h12v-2zM4 16h2v2H4v-2zm16 0H8v2h12v-2z\" fill=\"currentColor\"><\/path><\/svg><svg style=\"fill: #999;color:#999\" class=\"arrow-unsorted-368013\" xmlns=\"http:\/\/www.w3.org\/2000\/svg\" width=\"10px\" height=\"10px\" viewbox=\"0 0 24 24\" version=\"1.2\" baseprofile=\"tiny\"><path d=\"M18.2 9.3l-6.2-6.3-6.2 6.3c-.2.2-.3.4-.3.7s.1.5.3.7c.2.2.4.3.7.3h11c.3 0 .5-.1.7-.3.2-.2.3-.5.3-.7s-.1-.5-.3-.7zM5.8 14.7l6.2 6.3 6.2-6.3c.2-.2.3-.5.3-.7s-.1-.5-.3-.7c-.2-.2-.4-.3-.7-.3h-11c-.3 0-.5.1-.7.3-.2.2-.3.5-.3.7s.1.5.3.7z\"\/><\/svg><\/span><\/span><\/span><\/a><\/span><\/div>\n<nav><ul class='ez-toc-list ez-toc-list-level-1 eztoc-toggle-hide-by-default' ><li class='ez-toc-page-1 ez-toc-heading-level-2'><a class=\"ez-toc-link ez-toc-heading-1\" href=\"https:\/\/www.dealexpert.eu\/es\/p\/cartera-inteligente-louis-blanc\/#Advantages_of_the_Louis_Blanc_Smart-Wallet\" >Ventajas de la cartera inteligente Louis Blanc<\/a><\/li><li class='ez-toc-page-1 ez-toc-heading-level-2'><a class=\"ez-toc-link ez-toc-heading-2\" href=\"https:\/\/www.dealexpert.eu\/es\/p\/cartera-inteligente-louis-blanc\/#Why_You_Should_Choose_the_Louis_Blanc_Smart-Wallet\" >Por qu\u00e9 elegir la cartera inteligente Louis Blanc<\/a><\/li><li class='ez-toc-page-1 ez-toc-heading-level-2'><a class=\"ez-toc-link ez-toc-heading-3\" href=\"https:\/\/www.dealexpert.eu\/es\/p\/cartera-inteligente-louis-blanc\/#How_the_Louis_Blanc_Smart-Wallet_Works\" >C\u00f3mo funciona la cartera inteligente Louis Blanc<\/a><\/li><li class='ez-toc-page-1 ez-toc-heading-level-2'><a class=\"ez-toc-link ez-toc-heading-4\" href=\"https:\/\/www.dealexpert.eu\/es\/p\/cartera-inteligente-louis-blanc\/#Price_and_Where_to_Buy_Louis_Blanc_Smart-Wallet\" >Precio y d\u00f3nde comprar Louis Blanc Smart-Wallet<\/a><\/li><li class='ez-toc-page-1 ez-toc-heading-level-2'><a class=\"ez-toc-link ez-toc-heading-5\" href=\"https:\/\/www.dealexpert.eu\/es\/p\/cartera-inteligente-louis-blanc\/#Customer_Reviews_and_Testimonials\" >Opiniones y testimonios de clientes<\/a><\/li><li class='ez-toc-page-1 ez-toc-heading-level-2'><a class=\"ez-toc-link ez-toc-heading-6\" href=\"https:\/\/www.dealexpert.eu\/es\/p\/cartera-inteligente-louis-blanc\/#Frequently_Asked_Questions\" >Preguntas frecuentes<\/a><\/li><li class='ez-toc-page-1 ez-toc-heading-level-2'><a class=\"ez-toc-link ez-toc-heading-7\" href=\"https:\/\/www.dealexpert.eu\/es\/p\/cartera-inteligente-louis-blanc\/#Get_Your_Louis_Blanc_Smart-Wallet_Today\" >\u00a1Consiga hoy mismo su cartera inteligente Louis Blanc!<\/a><\/li><\/ul><\/nav><\/div>\n<h2><span class=\"ez-toc-section\" id=\"Advantages_of_the_Louis_Blanc_Smart-Wallet\"><\/span>Ventajas de la cartera inteligente Louis Blanc<span class=\"ez-toc-section-end\"><\/span><\/h2>\n<p>La Cartera Inteligente Louis Blanc no se parece a ninguna otra cartera que haya utilizado antes. Con una combinaci\u00f3n de tecnolog\u00eda punta y artesan\u00eda de primera calidad, ofrece numerosas ventajas que realmente la diferencian de las carteras tradicionales. \u00c9stas son s\u00f3lo algunas de sus ventajas:<\/p>\n<ul>\n<li><strong>Protecci\u00f3n RFID<\/strong>: Una de las caracter\u00edsticas m\u00e1s destacadas es la tecnolog\u00eda de bloqueo RFID, que protege la informaci\u00f3n confidencial de su tarjeta de cr\u00e9dito frente a escaneos no autorizados. Esto te da la tranquilidad de saber que tus datos personales est\u00e1n seguros en todo momento.<\/li>\n<li><strong>Conectividad Bluetooth<\/strong>: La cartera se sincroniza perfectamente con tu smartphone y te avisa si alguna vez la dejas olvidada. As\u00ed no tendr\u00e1s que preocuparte nunca m\u00e1s por perder tu cartera.<\/li>\n<li><strong>Banco de energ\u00eda integrado<\/strong>: Con el cargador integrado, puedes cargar tu tel\u00e9fono mientras te desplazas, para que nunca te quedes sin bater\u00eda cuando m\u00e1s lo necesitas.<\/li>\n<li><strong>Piel de primera calidad<\/strong>: La cartera est\u00e1 fabricada en piel de alta calidad, por lo que no s\u00f3lo ofrece un aspecto profesional, sino tambi\u00e9n durabilidad, para que resista el paso del tiempo.<\/li>\n<li><strong>Dise\u00f1o compacto<\/strong>: A pesar de albergar todas estas funciones avanzadas, la Smart-Wallet Louis Blanc sigue siendo delgada y ligera, cabiendo c\u00f3modamente en su bolsillo o bolso.<\/li>\n<\/ul>\n<h2><span class=\"ez-toc-section\" id=\"Why_You_Should_Choose_the_Louis_Blanc_Smart-Wallet\"><\/span>Por qu\u00e9 elegir la cartera inteligente Louis Blanc<span class=\"ez-toc-section-end\"><\/span><\/h2>\n<p>Si est\u00e1 pensando en renovar su cartera, la cartera inteligente Louis Blanc le ofrece varias razones por las que es la elecci\u00f3n perfecta. Sus funciones inteligentes y su elegante dise\u00f1o la convierten en la compa\u00f1era ideal del consumidor moderno. He aqu\u00ed por qu\u00e9 deber\u00eda elegirla:<\/p>\n<ul>\n<li><strong>Seguridad reforzada<\/strong>: La tecnolog\u00eda de bloqueo RFID protege sus tarjetas de cr\u00e9dito de posibles robos, manteniendo segura su informaci\u00f3n personal.<\/li>\n<li><strong>M\u00e1xima comodidad<\/strong>: Con el emparejamiento Bluetooth, la cartera te avisa si te la has dejado olvidada. Esta funci\u00f3n es especialmente \u00fatil para quienes nos desplazamos con frecuencia.<\/li>\n<li><strong>Versatilidad sin igual<\/strong>: No s\u00f3lo almacena tus objetos esenciales, sino que la bater\u00eda integrada garantiza que tus dispositivos permanezcan cargados, lo que la hace perfecta para quienes llevan un estilo de vida activo.<\/li>\n<li><strong>Elegante y pr\u00e1ctico<\/strong>: La cartera no s\u00f3lo es funcional, sino tambi\u00e9n un accesorio de moda que complementa tanto el atuendo informal como el formal. Tanto si te diriges a una reuni\u00f3n como si sales con amigos, a\u00f1ade un toque de clase.<\/li>\n<\/ul>\n<h2><span class=\"ez-toc-section\" id=\"How_the_Louis_Blanc_Smart-Wallet_Works\"><\/span>C\u00f3mo funciona la cartera inteligente Louis Blanc<span class=\"ez-toc-section-end\"><\/span><\/h2>\n<p>Utilizar la Cartera Inteligente Louis Blanc es sencillo e intuitivo. Gracias a su tecnolog\u00eda Bluetooth, se sincroniza sin esfuerzo con su smartphone. Si accidentalmente te dejas la cartera, tu tel\u00e9fono te avisar\u00e1 con una notificaci\u00f3n, evitando un error potencialmente costoso. Adem\u00e1s, el banco de energ\u00eda integrado garantiza que siempre est\u00e9s preparado para cualquier situaci\u00f3n, manteniendo tus dispositivos cargados y listos cuando m\u00e1s los necesitas.<\/p>\n<h2><span class=\"ez-toc-section\" id=\"Price_and_Where_to_Buy_Louis_Blanc_Smart-Wallet\"><\/span>Precio y d\u00f3nde comprar Louis Blanc Smart-Wallet<span class=\"ez-toc-section-end\"><\/span><\/h2>\n<p>Con un precio de $149,99, el monedero inteligente Louis Blanc ofrece un valor excepcional teniendo en cuenta sus avanzadas funciones y sus materiales de primera calidad. Est\u00e1 disponible para su compra directamente en el sitio web oficial de Neotechix, proporcionando una manera conveniente de adquirir este innovador accesorio para la vida moderna.<\/p>\n<h2><span class=\"ez-toc-section\" id=\"Customer_Reviews_and_Testimonials\"><\/span>Opiniones y testimonios de clientes<span class=\"ez-toc-section-end\"><\/span><\/h2>\n<p>No se f\u00ede s\u00f3lo de nuestra palabra: escuche a clientes satisfechos que han experimentado de primera mano la Smart-Wallet de Louis Blanc:<\/p>\n<ul>\n<li><i>Juan Nadie<\/i>: \"La cartera inteligente Louis Blanc me ha hecho la vida mucho m\u00e1s f\u00e1cil. Ya no me preocupo de dejarme la cartera, y la posibilidad de cargar el m\u00f3vil me ha cambiado la vida\".<\/li>\n<li><i>Jane Smith<\/i>: \"Me encanta el dise\u00f1o y la calidad de la cartera. La protecci\u00f3n RFID me da tranquilidad, \u00a1y queda genial tanto con atuendos informales como formales!\".<\/li>\n<\/ul>\n<h2><span class=\"ez-toc-section\" id=\"Frequently_Asked_Questions\"><\/span>Preguntas frecuentes<span class=\"ez-toc-section-end\"><\/span><\/h2>\n<p>Para que su decisi\u00f3n sea a\u00fan m\u00e1s f\u00e1cil, aqu\u00ed tiene algunas preguntas frecuentes sobre la Smart-Wallet Louis Blanc:<\/p>\n<ul>\n<li><strong>\u00bfTiene garant\u00eda la cartera inteligente Louis Blanc?<\/strong> S\u00ed, tiene una garant\u00eda de 1 a\u00f1o que cubre los defectos y fallos de fabricaci\u00f3n.<\/li>\n<li><strong>\u00bfCu\u00e1nto dura la bater\u00eda del monedero inteligente?<\/strong> La bater\u00eda dura hasta 5 d\u00edas con una sola carga, dependiendo del uso.<\/li>\n<li><strong>\u00bfEs compatible el monedero con todos los smartphones?<\/strong> Es compatible con dispositivos Android e iOS que admitan conectividad Bluetooth.<\/li>\n<\/ul>\n<div style=\"width: 1290px;\" class=\"wp-video\"><video class=\"wp-video-shortcode\" id=\"video-326-1\" width=\"1290\" height=\"726\" preload=\"metadata\" controls=\"controls\"><source type=\"video\/mp4\" src=\"https:\/\/www.dealexpert.eu\/wp-content\/uploads\/2025\/07\/NanoSecure.mp4?_=1\" \/><a href=\"https:\/\/www.dealexpert.eu\/wp-content\/uploads\/2025\/07\/NanoSecure.mp4\">https:\/\/www.dealexpert.eu\/wp-content\/uploads\/2025\/07\/NanoSecure.mp4<\/a><\/video><\/div>\n<h2><span class=\"ez-toc-section\" id=\"Get_Your_Louis_Blanc_Smart-Wallet_Today\"><\/span>\u00a1Consiga hoy mismo su cartera inteligente Louis Blanc!<span class=\"ez-toc-section-end\"><\/span><\/h2>\n<p>Si busca una cartera que combine seguridad, estilo y tecnolog\u00eda punta, la Smart-Wallet de Louis Blanc es la elecci\u00f3n perfecta. No se pierda este moderno accesorio que le har\u00e1 la vida m\u00e1s c\u00f3moda. Pida hoy mismo su Cartera Inteligente Louis Blanc y experimente el futuro de las carteras.<\/p>","protected":false},"excerpt":{"rendered":"<li>Protecci\u00f3n RFID: Protege tus tarjetas de cr\u00e9dito de escaneos no autorizados y robos de identidad.<\/li>\n<li>Conectividad Bluetooth: Te avisa cuando te dejas la cartera gracias a la sincronizaci\u00f3n con el smartphone.<\/li>\n<li>Power Bank integrado: Permite cargar tus dispositivos sobre la marcha.<\/li>\n<li>Piel de primera calidad: Piel duradera de alta calidad que ofrece un aspecto sofisticado.<\/li>\n<li>Dise\u00f1o compacto: Delgado y ligero, perfecto para guardarlo f\u00e1cilmente en bolsillos o bolsas.<\/li>","protected":false},"featured_media":715,"template":"","meta":{"_lmt_disableupdate":"","_lmt_disable":"","_kadence_starter_templates_imported_post":false,"_kad_post_transparent":"default","_kad_post_title":"","_kad_post_layout":"default","_kad_post_sidebar_id":"","_kad_post_content_style":"default","_kad_post_vertical_padding":"default","_kad_post_feature":"","_kad_post_feature_position":"","_kad_post_header":false,"_kad_post_footer":false,"_kad_post_classname":""},"product_brand":[],"product_cat":[16],"product_tag":[],"class_list":{"0":"post-326","1":"product","2":"type-product","3":"status-publish","4":"has-post-thumbnail","6":"product_cat-technology","8":"first","9":"instock","10":"shipping-taxable","11":"product-type-external","12":"entry","13":"content-bg","14":"loop-entry"},"_links":{"self":[{"href":"https:\/\/www.dealexpert.eu\/es\/wp-json\/wp\/v2\/product\/326","targetHints":{"allow":["GET"]}}],"collection":[{"href":"https:\/\/www.dealexpert.eu\/es\/wp-json\/wp\/v2\/product"}],"about":[{"href":"https:\/\/www.dealexpert.eu\/es\/wp-json\/wp\/v2\/types\/product"}],"wp:featuredmedia":[{"embeddable":true,"href":"https:\/\/www.dealexpert.eu\/es\/wp-json\/wp\/v2\/media\/715"}],"wp:attachment":[{"href":"https:\/\/www.dealexpert.eu\/es\/wp-json\/wp\/v2\/media?parent=326"}],"wp:term":[{"taxonomy":"product_brand","embeddable":true,"href":"https:\/\/www.dealexpert.eu\/es\/wp-json\/wp\/v2\/product_brand?post=326"},{"taxonomy":"product_cat","embeddable":true,"href":"https:\/\/www.dealexpert.eu\/es\/wp-json\/wp\/v2\/product_cat?post=326"},{"taxonomy":"product_tag","embeddable":true,"href":"https:\/\/www.dealexpert.eu\/es\/wp-json\/wp\/v2\/product_tag?post=326"}],"curies":[{"name":"wp","href":"https:\/\/api.w.org\/{rel}","templated":true}]}}