{"id":320,"date":"2025-07-23T23:09:41","date_gmt":"2025-07-23T23:09:41","guid":{"rendered":"https:\/\/www.dealexpert.eu\/?post_type=product&#038;p=320"},"modified":"2025-07-24T14:35:45","modified_gmt":"2025-07-24T14:35:45","slug":"videoportero","status":"publish","type":"product","link":"https:\/\/www.dealexpert.eu\/es\/p\/videoportero\/","title":{"rendered":"Timbre de v\u00eddeo"},"content":{"rendered":"<div class=\"kk-star-ratings kksr-auto kksr-align-left kksr-valign-top\"\n    data-payload='{&quot;align&quot;:&quot;left&quot;,&quot;id&quot;:&quot;320&quot;,&quot;slug&quot;:&quot;default&quot;,&quot;valign&quot;:&quot;top&quot;,&quot;ignore&quot;:&quot;&quot;,&quot;reference&quot;:&quot;auto&quot;,&quot;class&quot;:&quot;&quot;,&quot;count&quot;:&quot;0&quot;,&quot;legendonly&quot;:&quot;&quot;,&quot;readonly&quot;:&quot;&quot;,&quot;score&quot;:&quot;0&quot;,&quot;starsonly&quot;:&quot;&quot;,&quot;best&quot;:&quot;5&quot;,&quot;gap&quot;:&quot;5&quot;,&quot;greet&quot;:&quot;Rate this product&quot;,&quot;legend&quot;:&quot;0\\\/5 - (0 votos)&quot;,&quot;size&quot;:&quot;24&quot;,&quot;title&quot;:&quot;Video DoorBell&quot;,&quot;width&quot;:&quot;0&quot;,&quot;_legend&quot;:&quot;{score}\\\/{best} - ({count} {votes})&quot;,&quot;font_factor&quot;:&quot;1.25&quot;}'>\n            \n<div class=\"kksr-stars\">\n    \n<div class=\"kksr-stars-inactive\">\n            <div class=\"kksr-star\" data-star=\"1\" style=\"padding-right: 5px\">\n            \n\n<div class=\"kksr-icon\" style=\"width: 24px; height: 24px;\"><\/div>\n        <\/div>\n            <div class=\"kksr-star\" data-star=\"2\" style=\"padding-right: 5px\">\n            \n\n<div class=\"kksr-icon\" style=\"width: 24px; height: 24px;\"><\/div>\n        <\/div>\n            <div class=\"kksr-star\" data-star=\"3\" style=\"padding-right: 5px\">\n            \n\n<div class=\"kksr-icon\" style=\"width: 24px; height: 24px;\"><\/div>\n        <\/div>\n            <div class=\"kksr-star\" data-star=\"4\" style=\"padding-right: 5px\">\n            \n\n<div class=\"kksr-icon\" style=\"width: 24px; height: 24px;\"><\/div>\n        <\/div>\n            <div class=\"kksr-star\" data-star=\"5\" style=\"padding-right: 5px\">\n            \n\n<div class=\"kksr-icon\" style=\"width: 24px; height: 24px;\"><\/div>\n        <\/div>\n    <\/div>\n    \n<div class=\"kksr-stars-active\" style=\"width: 0px;\">\n            <div class=\"kksr-star\" style=\"padding-right: 5px\">\n            \n\n<div class=\"kksr-icon\" style=\"width: 24px; height: 24px;\"><\/div>\n        <\/div>\n            <div class=\"kksr-star\" style=\"padding-right: 5px\">\n            \n\n<div class=\"kksr-icon\" style=\"width: 24px; height: 24px;\"><\/div>\n        <\/div>\n            <div class=\"kksr-star\" style=\"padding-right: 5px\">\n            \n\n<div class=\"kksr-icon\" style=\"width: 24px; height: 24px;\"><\/div>\n        <\/div>\n            <div class=\"kksr-star\" style=\"padding-right: 5px\">\n            \n\n<div class=\"kksr-icon\" style=\"width: 24px; height: 24px;\"><\/div>\n        <\/div>\n            <div class=\"kksr-star\" style=\"padding-right: 5px\">\n            \n\n<div class=\"kksr-icon\" style=\"width: 24px; height: 24px;\"><\/div>\n        <\/div>\n    <\/div>\n<\/div>\n                \n\n<div class=\"kksr-legend\" style=\"font-size: 19.2px;\">\n            <span class=\"kksr-muted\">Valora este producto<\/span>\n    <\/div>\n    <\/div>\n<div style=\"width: 720px;\" class=\"wp-video\"><video class=\"wp-video-shortcode\" id=\"video-320-1\" width=\"720\" height=\"404\" preload=\"metadata\" controls=\"controls\"><source type=\"video\/mp4\" src=\"https:\/\/www.dealexpert.eu\/wp-content\/uploads\/2025\/07\/ShortForm-Generic-480p-16-9-1409173089793-rpcbe5.mp4?_=1\" \/><a href=\"https:\/\/www.dealexpert.eu\/wp-content\/uploads\/2025\/07\/ShortForm-Generic-480p-16-9-1409173089793-rpcbe5.mp4\">https:\/\/www.dealexpert.eu\/wp-content\/uploads\/2025\/07\/ShortForm-Generic-480p-16-9-1409173089793-rpcbe5.mp4<\/a><\/video><\/div>\n<div id=\"ez-toc-container\" class=\"ez-toc-v2_0_81 counter-hierarchy ez-toc-counter ez-toc-grey ez-toc-container-direction\">\n<div class=\"ez-toc-title-container\">\n<p class=\"ez-toc-title\" style=\"cursor:inherit\">Resumen<\/p>\n<span class=\"ez-toc-title-toggle\"><a href=\"#\" class=\"ez-toc-pull-right ez-toc-btn ez-toc-btn-xs ez-toc-btn-default ez-toc-toggle\" aria-label=\"Alternar tabla de contenidos\"><span class=\"ez-toc-js-icon-con\"><span class=\"\"><span class=\"eztoc-hide\" style=\"display:none;\">Toggle<\/span><span class=\"ez-toc-icon-toggle-span\"><svg style=\"fill: #999;color:#999\" xmlns=\"http:\/\/www.w3.org\/2000\/svg\" class=\"list-377408\" width=\"20px\" height=\"20px\" viewbox=\"0 0 24 24\" fill=\"none\"><path d=\"M6 6H4v2h2V6zm14 0H8v2h12V6zM4 11h2v2H4v-2zm16 0H8v2h12v-2zM4 16h2v2H4v-2zm16 0H8v2h12v-2z\" fill=\"currentColor\"><\/path><\/svg><svg style=\"fill: #999;color:#999\" class=\"arrow-unsorted-368013\" xmlns=\"http:\/\/www.w3.org\/2000\/svg\" width=\"10px\" height=\"10px\" viewbox=\"0 0 24 24\" version=\"1.2\" baseprofile=\"tiny\"><path d=\"M18.2 9.3l-6.2-6.3-6.2 6.3c-.2.2-.3.4-.3.7s.1.5.3.7c.2.2.4.3.7.3h11c.3 0 .5-.1.7-.3.2-.2.3-.5.3-.7s-.1-.5-.3-.7zM5.8 14.7l6.2 6.3 6.2-6.3c.2-.2.3-.5.3-.7s-.1-.5-.3-.7c-.2-.2-.4-.3-.7-.3h-11c-.3 0-.5.1-.7.3-.2.2-.3.5-.3.7s.1.5.3.7z\"\/><\/svg><\/span><\/span><\/span><\/a><\/span><\/div>\n<nav><ul class='ez-toc-list ez-toc-list-level-1 eztoc-toggle-hide-by-default' ><li class='ez-toc-page-1 ez-toc-heading-level-2'><a class=\"ez-toc-link ez-toc-heading-1\" href=\"https:\/\/www.dealexpert.eu\/es\/p\/videoportero\/#What_are_Video_Doorbells\" >\u00bfQu\u00e9 son los videoporteros?<\/a><\/li><li class='ez-toc-page-1 ez-toc-heading-level-2'><a class=\"ez-toc-link ez-toc-heading-2\" href=\"https:\/\/www.dealexpert.eu\/es\/p\/videoportero\/#Key_Features_of_Video_Doorbells\" >Caracter\u00edsticas principales de los videoporteros<\/a><\/li><li class='ez-toc-page-1 ez-toc-heading-level-2'><a class=\"ez-toc-link ez-toc-heading-3\" href=\"https:\/\/www.dealexpert.eu\/es\/p\/videoportero\/#How_to_Install_a_Video_Doorbell\" >C\u00f3mo instalar un videoportero<\/a><\/li><li class='ez-toc-page-1 ez-toc-heading-level-2'><a class=\"ez-toc-link ez-toc-heading-4\" href=\"https:\/\/www.dealexpert.eu\/es\/p\/videoportero\/#Benefits_of_Using_a_Video_Doorbell\" >Ventajas de utilizar un videoportero<\/a><\/li><li class='ez-toc-page-1 ez-toc-heading-level-2'><a class=\"ez-toc-link ez-toc-heading-5\" href=\"https:\/\/www.dealexpert.eu\/es\/p\/videoportero\/#Top_Video_Doorbells_to_Consider\" >Los mejores videoporteros<\/a><\/li><li class='ez-toc-page-1 ez-toc-heading-level-2'><a class=\"ez-toc-link ez-toc-heading-6\" href=\"https:\/\/www.dealexpert.eu\/es\/p\/videoportero\/#How_to_Choose_the_Right_Video_Doorbell_for_You\" >C\u00f3mo elegir el videoportero adecuado para usted<\/a><\/li><li class='ez-toc-page-1 ez-toc-heading-level-2'><a class=\"ez-toc-link ez-toc-heading-7\" href=\"https:\/\/www.dealexpert.eu\/es\/p\/videoportero\/#Frequently_Asked_Questions\" >Preguntas frecuentes<\/a><\/li><\/ul><\/nav><\/div>\n<h2><span class=\"ez-toc-section\" id=\"What_are_Video_Doorbells\"><\/span>\u00bfQu\u00e9 son los videoporteros?<span class=\"ez-toc-section-end\"><\/span><\/h2>\n<p>Los timbres con v\u00eddeo son un dispositivo dom\u00e9stico inteligente que te permite ver y hablar a distancia con los visitantes de tu puerta. Mediante una c\u00e1mara y un sistema de intercomunicaci\u00f3n, se conectan a tu smartphone, tableta u ordenador, proporcion\u00e1ndote comodidad y seguridad adicional. Estos dispositivos se han convertido en imprescindibles para los hogares modernos que quieren mejorar su seguridad.<\/p>\n<h2><span class=\"ez-toc-section\" id=\"Key_Features_of_Video_Doorbells\"><\/span>Caracter\u00edsticas principales de los videoporteros<span class=\"ez-toc-section-end\"><\/span><\/h2>\n<p>A la hora de elegir un videoportero, hay que tener en cuenta varias caracter\u00edsticas. Perm\u00edtame guiarle a trav\u00e9s de los elementos esenciales que marcar\u00e1n una diferencia significativa en su experiencia:<\/p>\n<ul>\n<li><strong>Calidad de v\u00eddeo de alta definici\u00f3n:<\/strong> Opta por modelos que ofrezcan al menos una resoluci\u00f3n de 1080p HD o 4K para garantizar un metraje n\u00edtido y claro.<\/li>\n<li><strong>Audio bidireccional:<\/strong> Esto te permite hablar con los visitantes, est\u00e9s en casa o fuera.<\/li>\n<li><strong>Detecci\u00f3n de movimiento:<\/strong> La capacidad de enviar alertas cada vez que se detecta movimiento, incluso cuando nadie llama al timbre.<\/li>\n<li><strong>Visi\u00f3n nocturna:<\/strong> Imprescindible para vigilar la puerta de entrada en condiciones de poca luz, garantizando la visibilidad las 24 horas del d\u00eda, los 7 d\u00edas de la semana.<\/li>\n<li><strong>Almacenamiento en la nube:<\/strong> Guarda grabaciones de eventos importantes y accede a ellas siempre que lo necesites.<\/li>\n<li><strong>Integraci\u00f3n con sistemas dom\u00e9sticos inteligentes:<\/strong> Muchos videoporteros se sincronizan a la perfecci\u00f3n con sistemas como Amazon Alexa o Google Assistant, lo que los convierte en parte del ecosistema de tu hogar.<\/li>\n<\/ul>\n<h2><span class=\"ez-toc-section\" id=\"How_to_Install_a_Video_Doorbell\"><\/span>C\u00f3mo instalar un videoportero<span class=\"ez-toc-section-end\"><\/span><\/h2>\n<p>Instalar un videoportero es un proceso relativamente sencillo. Sin embargo, los pasos de instalaci\u00f3n pueden variar en funci\u00f3n del modelo que elija. Perm\u00edtame guiarle a trav\u00e9s del proceso general:<\/p>\n<ul>\n<li>Empieza por elegir un lugar adecuado cerca de tu puerta, asegur\u00e1ndote de que est\u00e9 dentro del alcance de la red Wi-Fi.<\/li>\n<li>Si ya tiene un timbre, ret\u00edrelo para dejar sitio al nuevo dispositivo.<\/li>\n<li>Dependiendo del modelo, conecte el dispositivo a su sistema de timbre existente u opte por una versi\u00f3n alimentada por pilas.<\/li>\n<li>Coloque el soporte de montaje y fije firmemente el videoportero.<\/li>\n<li>Siga las instrucciones de la aplicaci\u00f3n complementaria para conectar el dispositivo a su red Wi-Fi dom\u00e9stica.<\/li>\n<\/ul>\n<h2><span class=\"ez-toc-section\" id=\"Benefits_of_Using_a_Video_Doorbell\"><\/span>Ventajas de utilizar un videoportero<span class=\"ez-toc-section-end\"><\/span><\/h2>\n<p>Los videoporteros ofrecen varias ventajas clave, especialmente cuando se trata de mejorar la seguridad de su hogar. Estas son las principales ventajas que creo que apreciar\u00e1:<\/p>\n<ul>\n<li><strong>Mayor seguridad:<\/strong> Siempre sabr\u00e1s qui\u00e9n est\u00e1 en tu puerta, est\u00e9s en casa o fuera.<\/li>\n<li><strong>Comunicaci\u00f3n a distancia:<\/strong> Puede hablar con los visitantes sin abrir la puerta, lo que ofrece tranquilidad y control.<\/li>\n<li><strong>Protecci\u00f3n del embalaje:<\/strong> Reciba notificaciones cuando se entreguen los paquetes y disuada a posibles ladrones de llevarse sus paquetes.<\/li>\n<li><strong>F\u00e1cil integraci\u00f3n:<\/strong> La mayor\u00eda de los timbres de v\u00eddeo se integran sin problemas con los sistemas dom\u00e9sticos inteligentes existentes, por lo que es f\u00e1cil a\u00f1adirlos a la configuraci\u00f3n.<\/li>\n<\/ul>\n<h2><span class=\"ez-toc-section\" id=\"Top_Video_Doorbells_to_Consider\"><\/span>Los mejores videoporteros<span class=\"ez-toc-section-end\"><\/span><\/h2>\n<p>Si est\u00e1 buscando el mejor timbre con v\u00eddeo, perm\u00edtame presentarle algunas de las mejores opciones que merece la pena tener en cuenta:<\/p>\n<ul>\n<li><strong>Ring Video Doorbell Pro 2:<\/strong> Conocida por su calidad de v\u00eddeo de alta definici\u00f3n, audio bidireccional y detecci\u00f3n de movimiento avanzada. Este modelo ofrece un gran rendimiento en diversas condiciones de iluminaci\u00f3n.<\/li>\n<li><strong>Nest Hello:<\/strong> Nest Hello de Google es una opci\u00f3n elegante elogiada por su calidad de v\u00eddeo, dise\u00f1o e integraci\u00f3n con Google Assistant, lo que facilita su control con la voz.<\/li>\n<li><strong>Video Timbre NeoTechix:<\/strong> Este modelo ofrece v\u00eddeo HD 1080p, audio bidireccional y una perfecta integraci\u00f3n con otros dispositivos inteligentes. Es una opci\u00f3n excelente para quienes buscan un videoportero fiable y repleto de funciones.<\/li>\n<\/ul>\n<h2><span class=\"ez-toc-section\" id=\"How_to_Choose_the_Right_Video_Doorbell_for_You\"><\/span>C\u00f3mo elegir el videoportero adecuado para usted<span class=\"ez-toc-section-end\"><\/span><\/h2>\n<p>Elegir el timbre de v\u00eddeo perfecto para su hogar requiere considerar detenidamente algunos factores. Esto es lo que debe tener en cuenta:<\/p>\n<ul>\n<li><strong>Calidad de v\u00eddeo:<\/strong> Elige al menos 1080p HD para disfrutar de im\u00e1genes claras y n\u00edtidas.<\/li>\n<li><strong>Fuente de alimentaci\u00f3n:<\/strong> Decide si quieres un modelo con cable o uno con pilas en funci\u00f3n de tu configuraci\u00f3n y preferencias.<\/li>\n<li><strong>Integraci\u00f3n:<\/strong> Aseg\u00farate de que el timbre funciona bien con tu sistema dom\u00e9stico inteligente actual, como Amazon Alexa o Google Assistant.<\/li>\n<li><strong>Caracter\u00edsticas adicionales:<\/strong> Considere funciones adicionales como la detecci\u00f3n de movimiento, la visi\u00f3n nocturna y el almacenamiento en la nube de las im\u00e1genes grabadas.<\/li>\n<\/ul>\n<h2><span class=\"ez-toc-section\" id=\"Frequently_Asked_Questions\"><\/span>Preguntas frecuentes<span class=\"ez-toc-section-end\"><\/span><\/h2>\n<ul>\n<li><strong>\u00bfNecesito un timbre existente para instalar un videoportero?<\/strong> No necesariamente. Los modelos a pilas no requieren cableado, mientras que los modelos con cable pueden necesitar un timbre ya instalado.<\/li>\n<li><strong>\u00bfPuedo ver las grabaciones a distancia?<\/strong> S\u00ed, la mayor\u00eda de los videoporteros te permiten acceder a las im\u00e1genes en directo y grabadas a trav\u00e9s de una app o un portal web, est\u00e9s donde est\u00e9s.<\/li>\n<li><strong>\u00bfCu\u00e1nto dura la bater\u00eda?<\/strong> La duraci\u00f3n de la bater\u00eda depende del modelo y del uso, pero la mayor\u00eda de los timbres con v\u00eddeo duran entre 3 y 6 meses por carga.<\/li>\n<\/ul>\n<p>Como ya he dicho, los timbres con v\u00eddeo ofrecen una serie de ventajas pr\u00e1cticas, desde mayor seguridad hasta comunicaci\u00f3n a distancia con los visitantes. Si desea mejorar la seguridad de su hogar, invertir en uno es una decisi\u00f3n inteligente. No olvide elegir un modelo que se adapte a sus necesidades y estilo de vida, y explore opciones como el timbre con v\u00eddeo NeoTechix para una elecci\u00f3n s\u00f3lida y fiable.<\/p>","protected":false},"excerpt":{"rendered":"<li>Calidad de v\u00eddeo de alta definici\u00f3n (HD o 4K)<\/li>\n<li>Audio bidireccional para la comunicaci\u00f3n con los visitantes<\/li>\n<li>Alertas por detecci\u00f3n de movimiento<\/li>\n<li>Visi\u00f3n nocturna para condiciones de poca luz<\/li>\n<li>Integraci\u00f3n con sistemas dom\u00e9sticos inteligentes como Alexa o Google Assistant<\/li>","protected":false},"featured_media":987,"template":"","meta":{"_lmt_disableupdate":"","_lmt_disable":"","_kadence_starter_templates_imported_post":false,"_kad_post_transparent":"default","_kad_post_title":"","_kad_post_layout":"default","_kad_post_sidebar_id":"","_kad_post_content_style":"default","_kad_post_vertical_padding":"default","_kad_post_feature":"","_kad_post_feature_position":"","_kad_post_header":false,"_kad_post_footer":false,"_kad_post_classname":""},"product_brand":[],"product_cat":[16],"product_tag":[],"class_list":{"0":"post-320","1":"product","2":"type-product","3":"status-publish","4":"has-post-thumbnail","6":"product_cat-technology","8":"first","9":"instock","10":"shipping-taxable","11":"product-type-external","12":"entry","13":"content-bg","14":"loop-entry"},"_links":{"self":[{"href":"https:\/\/www.dealexpert.eu\/es\/wp-json\/wp\/v2\/product\/320","targetHints":{"allow":["GET"]}}],"collection":[{"href":"https:\/\/www.dealexpert.eu\/es\/wp-json\/wp\/v2\/product"}],"about":[{"href":"https:\/\/www.dealexpert.eu\/es\/wp-json\/wp\/v2\/types\/product"}],"wp:featuredmedia":[{"embeddable":true,"href":"https:\/\/www.dealexpert.eu\/es\/wp-json\/wp\/v2\/media\/987"}],"wp:attachment":[{"href":"https:\/\/www.dealexpert.eu\/es\/wp-json\/wp\/v2\/media?parent=320"}],"wp:term":[{"taxonomy":"product_brand","embeddable":true,"href":"https:\/\/www.dealexpert.eu\/es\/wp-json\/wp\/v2\/product_brand?post=320"},{"taxonomy":"product_cat","embeddable":true,"href":"https:\/\/www.dealexpert.eu\/es\/wp-json\/wp\/v2\/product_cat?post=320"},{"taxonomy":"product_tag","embeddable":true,"href":"https:\/\/www.dealexpert.eu\/es\/wp-json\/wp\/v2\/product_tag?post=320"}],"curies":[{"name":"wp","href":"https:\/\/api.w.org\/{rel}","templated":true}]}}