{"id":319,"date":"2025-07-23T23:04:17","date_gmt":"2025-07-23T23:04:17","guid":{"rendered":"https:\/\/www.dealexpert.eu\/?post_type=product&#038;p=319"},"modified":"2025-07-24T14:35:38","modified_gmt":"2025-07-24T14:35:38","slug":"diamondsmile","status":"publish","type":"product","link":"https:\/\/www.dealexpert.eu\/es\/p\/diamondsmile\/","title":{"rendered":"DiamondSmile"},"content":{"rendered":"<div class=\"kk-star-ratings kksr-auto kksr-align-left kksr-valign-top\"\n    data-payload='{&quot;align&quot;:&quot;left&quot;,&quot;id&quot;:&quot;319&quot;,&quot;slug&quot;:&quot;default&quot;,&quot;valign&quot;:&quot;top&quot;,&quot;ignore&quot;:&quot;&quot;,&quot;reference&quot;:&quot;auto&quot;,&quot;class&quot;:&quot;&quot;,&quot;count&quot;:&quot;0&quot;,&quot;legendonly&quot;:&quot;&quot;,&quot;readonly&quot;:&quot;&quot;,&quot;score&quot;:&quot;0&quot;,&quot;starsonly&quot;:&quot;&quot;,&quot;best&quot;:&quot;5&quot;,&quot;gap&quot;:&quot;5&quot;,&quot;greet&quot;:&quot;Rate this product&quot;,&quot;legend&quot;:&quot;0\\\/5 - (0 votos)&quot;,&quot;size&quot;:&quot;24&quot;,&quot;title&quot;:&quot;DiamondSmile&quot;,&quot;width&quot;:&quot;0&quot;,&quot;_legend&quot;:&quot;{score}\\\/{best} - ({count} {votes})&quot;,&quot;font_factor&quot;:&quot;1.25&quot;}'>\n            \n<div class=\"kksr-stars\">\n    \n<div class=\"kksr-stars-inactive\">\n            <div class=\"kksr-star\" data-star=\"1\" style=\"padding-right: 5px\">\n            \n\n<div class=\"kksr-icon\" style=\"width: 24px; height: 24px;\"><\/div>\n        <\/div>\n            <div class=\"kksr-star\" data-star=\"2\" style=\"padding-right: 5px\">\n            \n\n<div class=\"kksr-icon\" style=\"width: 24px; height: 24px;\"><\/div>\n        <\/div>\n            <div class=\"kksr-star\" data-star=\"3\" style=\"padding-right: 5px\">\n            \n\n<div class=\"kksr-icon\" style=\"width: 24px; height: 24px;\"><\/div>\n        <\/div>\n            <div class=\"kksr-star\" data-star=\"4\" style=\"padding-right: 5px\">\n            \n\n<div class=\"kksr-icon\" style=\"width: 24px; height: 24px;\"><\/div>\n        <\/div>\n            <div class=\"kksr-star\" data-star=\"5\" style=\"padding-right: 5px\">\n            \n\n<div class=\"kksr-icon\" style=\"width: 24px; height: 24px;\"><\/div>\n        <\/div>\n    <\/div>\n    \n<div class=\"kksr-stars-active\" style=\"width: 0px;\">\n            <div class=\"kksr-star\" style=\"padding-right: 5px\">\n            \n\n<div class=\"kksr-icon\" style=\"width: 24px; height: 24px;\"><\/div>\n        <\/div>\n            <div class=\"kksr-star\" style=\"padding-right: 5px\">\n            \n\n<div class=\"kksr-icon\" style=\"width: 24px; height: 24px;\"><\/div>\n        <\/div>\n            <div class=\"kksr-star\" style=\"padding-right: 5px\">\n            \n\n<div class=\"kksr-icon\" style=\"width: 24px; height: 24px;\"><\/div>\n        <\/div>\n            <div class=\"kksr-star\" style=\"padding-right: 5px\">\n            \n\n<div class=\"kksr-icon\" style=\"width: 24px; height: 24px;\"><\/div>\n        <\/div>\n            <div class=\"kksr-star\" style=\"padding-right: 5px\">\n            \n\n<div class=\"kksr-icon\" style=\"width: 24px; height: 24px;\"><\/div>\n        <\/div>\n    <\/div>\n<\/div>\n                \n\n<div class=\"kksr-legend\" style=\"font-size: 19.2px;\">\n            <span class=\"kksr-muted\">Valora este producto<\/span>\n    <\/div>\n    <\/div>\n<div id=\"ez-toc-container\" class=\"ez-toc-v2_0_81 counter-hierarchy ez-toc-counter ez-toc-grey ez-toc-container-direction\">\n<div class=\"ez-toc-title-container\">\n<p class=\"ez-toc-title\" style=\"cursor:inherit\">Resumen<\/p>\n<span class=\"ez-toc-title-toggle\"><a href=\"#\" class=\"ez-toc-pull-right ez-toc-btn ez-toc-btn-xs ez-toc-btn-default ez-toc-toggle\" aria-label=\"Alternar tabla de contenidos\"><span class=\"ez-toc-js-icon-con\"><span class=\"\"><span class=\"eztoc-hide\" style=\"display:none;\">Toggle<\/span><span class=\"ez-toc-icon-toggle-span\"><svg style=\"fill: #999;color:#999\" xmlns=\"http:\/\/www.w3.org\/2000\/svg\" class=\"list-377408\" width=\"20px\" height=\"20px\" viewbox=\"0 0 24 24\" fill=\"none\"><path d=\"M6 6H4v2h2V6zm14 0H8v2h12V6zM4 11h2v2H4v-2zm16 0H8v2h12v-2zM4 16h2v2H4v-2zm16 0H8v2h12v-2z\" fill=\"currentColor\"><\/path><\/svg><svg style=\"fill: #999;color:#999\" class=\"arrow-unsorted-368013\" xmlns=\"http:\/\/www.w3.org\/2000\/svg\" width=\"10px\" height=\"10px\" viewbox=\"0 0 24 24\" version=\"1.2\" baseprofile=\"tiny\"><path d=\"M18.2 9.3l-6.2-6.3-6.2 6.3c-.2.2-.3.4-.3.7s.1.5.3.7c.2.2.4.3.7.3h11c.3 0 .5-.1.7-.3.2-.2.3-.5.3-.7s-.1-.5-.3-.7zM5.8 14.7l6.2 6.3 6.2-6.3c.2-.2.3-.5.3-.7s-.1-.5-.3-.7c-.2-.2-.4-.3-.7-.3h-11c-.3 0-.5.1-.7.3-.2.2-.3.5-.3.7s.1.5.3.7z\"\/><\/svg><\/span><\/span><\/span><\/a><\/span><\/div>\n<nav><ul class='ez-toc-list ez-toc-list-level-1 eztoc-toggle-hide-by-default' ><li class='ez-toc-page-1 ez-toc-heading-level-2'><a class=\"ez-toc-link ez-toc-heading-1\" href=\"https:\/\/www.dealexpert.eu\/es\/p\/diamondsmile\/#What_are_the_benefits_of_DiamondSmile\" >\u00bfCu\u00e1les son las ventajas de DiamondSmile?<\/a><\/li><li class='ez-toc-page-1 ez-toc-heading-level-2'><a class=\"ez-toc-link ez-toc-heading-2\" href=\"https:\/\/www.dealexpert.eu\/es\/p\/diamondsmile\/#How_does_DiamondSmile_work\" >\u00bfC\u00f3mo funciona DiamondSmile?<\/a><\/li><li class='ez-toc-page-1 ez-toc-heading-level-2'><a class=\"ez-toc-link ez-toc-heading-3\" href=\"https:\/\/www.dealexpert.eu\/es\/p\/diamondsmile\/#Key_ingredients_in_DiamondSmile\" >Ingredientes clave de DiamondSmile<\/a><\/li><li class='ez-toc-page-1 ez-toc-heading-level-2'><a class=\"ez-toc-link ez-toc-heading-4\" href=\"https:\/\/www.dealexpert.eu\/es\/p\/diamondsmile\/#How_to_use_DiamondSmile\" >\u00bfC\u00f3mo utilizar DiamondSmile?<\/a><\/li><li class='ez-toc-page-1 ez-toc-heading-level-2'><a class=\"ez-toc-link ez-toc-heading-5\" href=\"https:\/\/www.dealexpert.eu\/es\/p\/diamondsmile\/#What_are_the_benefits_of_using_DiamondSmile\" >\u00bfCu\u00e1les son las ventajas de utilizar DiamondSmile?<\/a><\/li><li class='ez-toc-page-1 ez-toc-heading-level-2'><a class=\"ez-toc-link ez-toc-heading-6\" href=\"https:\/\/www.dealexpert.eu\/es\/p\/diamondsmile\/#What_do_customers_say_about_DiamondSmile\" >\u00bfQu\u00e9 opinan los clientes de DiamondSmile?<\/a><\/li><li class='ez-toc-page-1 ez-toc-heading-level-2'><a class=\"ez-toc-link ez-toc-heading-7\" href=\"https:\/\/www.dealexpert.eu\/es\/p\/diamondsmile\/#Frequently_asked_questions_FAQs\" >Preguntas m\u00e1s frecuentes (FAQ)<\/a><\/li><li class='ez-toc-page-1 ez-toc-heading-level-2'><a class=\"ez-toc-link ez-toc-heading-8\" href=\"https:\/\/www.dealexpert.eu\/es\/p\/diamondsmile\/#Where_to_buy_DiamondSmile\" >D\u00f3nde comprar DiamondSmile<\/a><\/li><\/ul><\/nav><\/div>\n<h2><span class=\"ez-toc-section\" id=\"What_are_the_benefits_of_DiamondSmile\"><\/span>\u00bfCu\u00e1les son las ventajas de DiamondSmile?<span class=\"ez-toc-section-end\"><\/span><\/h2>\n<p>DiamondSmile ofrece numerosas ventajas a quienes buscan una sonrisa m\u00e1s brillante. Proporciona resultados visibles despu\u00e9s de s\u00f3lo unos pocos usos, por lo que es una excelente opci\u00f3n para cualquier persona que busca mejorar la apariencia de sus dientes sin visitar a un dentista. A diferencia de los costosos tratamientos en el consultorio, DiamondSmile es asequible y conveniente, lo que le permite blanquear sus dientes en la comodidad de su hogar. Trabaja suavemente pero con eficacia, rompiendo las manchas de sustancias comunes como el caf\u00e9, el t\u00e9 y el tabaco. La mejor parte es que es f\u00e1cil de usar y se integra sin esfuerzo en su rutina diaria.<\/p>\n<h2><span class=\"ez-toc-section\" id=\"How_does_DiamondSmile_work\"><\/span>\u00bfC\u00f3mo funciona DiamondSmile?<span class=\"ez-toc-section-end\"><\/span><\/h2>\n<p>DiamondSmile utiliza una f\u00f3rmula blanqueadora especializada que penetra eficazmente en el esmalte para eliminar las manchas. Funciona rompiendo la decoloraci\u00f3n a trav\u00e9s de ingredientes seguros y probados. La r\u00e1pida acci\u00f3n del producto significa que usted puede comenzar a ver resultados notables despu\u00e9s de s\u00f3lo unos pocos usos, que es una gran ventaja para cualquier persona que est\u00e1 corto de tiempo.<\/p>\n<h2><span class=\"ez-toc-section\" id=\"Key_ingredients_in_DiamondSmile\"><\/span>Ingredientes clave de DiamondSmile<span class=\"ez-toc-section-end\"><\/span><\/h2>\n<ul>\n<li><strong>Per\u00f3xido de hidr\u00f3geno:<\/strong> Un conocido agente blanqueador que act\u00faa sobre las manchas y las elimina.<\/li>\n<li><strong>Per\u00f3xido de carbamida:<\/strong> Funciona de forma similar al per\u00f3xido de hidr\u00f3geno, eliminando las manchas de la superficie de los dientes.<\/li>\n<li><strong>Glicerina:<\/strong> Hidrata los dientes y las enc\u00edas, garantizando una experiencia c\u00f3moda y sin irritaciones.<\/li>\n<li><strong>Agentes aromatizantes:<\/strong> Proporcionar un sabor agradable mientras se utiliza el producto, mejorando la experiencia global.<\/li>\n<\/ul>\n<h2><span class=\"ez-toc-section\" id=\"How_to_use_DiamondSmile\"><\/span>\u00bfC\u00f3mo utilizar DiamondSmile?<span class=\"ez-toc-section-end\"><\/span><\/h2>\n<p>Utilizar DiamondSmile es sencillo y no lleva mucho tiempo. He aqu\u00ed c\u00f3mo:<\/p>\n<ul>\n<li><i>Cepillarse los dientes<\/i> suavemente para eliminar cualquier resto superficial antes de aplicar el producto.<\/li>\n<li><i>Aplicar el gel blanqueador<\/i> uniformemente sobre los dientes utilizando el aplicador que viene con el producto.<\/li>\n<li><i>Deje el gel<\/i> durante el tiempo recomendado, normalmente entre 15 y 30 minutos.<\/li>\n<li><i>Aclarar abundantemente<\/i> despu\u00e9s del tiempo establecido y \u00a1disfrute de una sonrisa m\u00e1s brillante!<\/li>\n<\/ul>\n<p>Para obtener resultados \u00f3ptimos, le sugiero que utilice DiamondSmile de forma constante durante varios d\u00edas o semanas, dependiendo del nivel de blanqueamiento que desee.<\/p>\n<h2><span class=\"ez-toc-section\" id=\"What_are_the_benefits_of_using_DiamondSmile\"><\/span>\u00bfCu\u00e1les son las ventajas de utilizar DiamondSmile?<span class=\"ez-toc-section-end\"><\/span><\/h2>\n<ul>\n<li><strong>Resultados visibles:<\/strong> Los usuarios suelen notar la diferencia tras un solo uso, lo cual es muy alentador.<\/li>\n<li><strong>Asequible:<\/strong> DiamondSmile ofrece una alternativa accesible a los costosos tratamientos dentales.<\/li>\n<li><strong>Suave con los dientes:<\/strong> La mayor\u00eda de los usuarios lo consideran eficaz sin experimentar molestias ni sensibilidad.<\/li>\n<li><strong>Pr\u00e1ctico:<\/strong> Puede blanquear sus dientes en casa, en cualquier momento que le venga bien.<\/li>\n<li><strong>Eliminaci\u00f3n de manchas:<\/strong> Es especialmente eficaz contra las manchas comunes de caf\u00e9, t\u00e9 y cigarrillos.<\/li>\n<\/ul>\n<h2><span class=\"ez-toc-section\" id=\"What_do_customers_say_about_DiamondSmile\"><\/span>\u00bfQu\u00e9 opinan los clientes de DiamondSmile?<span class=\"ez-toc-section-end\"><\/span><\/h2>\n<p>Las opiniones de los clientes sobre DiamondSmile son abrumadoramente positivas. Muchas personas aprecian su facilidad de uso, con resultados a menudo visibles tras una sola aplicaci\u00f3n. Los usuarios mencionan con frecuencia la f\u00f3rmula suave del producto, que no causa irritaci\u00f3n ni sensibilidad, ni siquiera tras un uso repetido. Tambi\u00e9n es muy elogiado el hecho de que ofrece resultados r\u00e1pidos sin necesidad de tratamientos caros. Sin embargo, algunos clientes han se\u00f1alado que el uso constante es clave para lograr los mejores resultados posibles.<\/p>\n<h2><span class=\"ez-toc-section\" id=\"Frequently_asked_questions_FAQs\"><\/span>Preguntas m\u00e1s frecuentes (FAQ)<span class=\"ez-toc-section-end\"><\/span><\/h2>\n<ul>\n<li><strong>\u00bfEs seguro utilizar DiamondSmile?<\/strong> S\u00ed, est\u00e1 hecho con ingredientes seguros y est\u00e1 dise\u00f1ado espec\u00edficamente para su uso en casa. S\u00f3lo aseg\u00farese de seguir las instrucciones para una seguridad \u00f3ptima.<\/li>\n<li><strong>\u00bfCu\u00e1nto tiempo se tarda en ver resultados?<\/strong> Muchos usuarios ven resultados notables tras unas pocas aplicaciones, aunque los mejores resultados suelen tardar hasta dos semanas.<\/li>\n<li><strong>\u00bfPuedo utilizar DiamondSmile si tengo los dientes sensibles?<\/strong> Por lo general, DiamondSmile es suave con los dientes, pero si tiene una sensibilidad extrema, es aconsejable que consulte antes con su dentista.<\/li>\n<\/ul>\n<h2><span class=\"ez-toc-section\" id=\"Where_to_buy_DiamondSmile\"><\/span>D\u00f3nde comprar DiamondSmile<span class=\"ez-toc-section-end\"><\/span><\/h2>\n<p>Puede comprar DiamondSmile directamente en el sitio web oficial. Aseg\u00farese de comprobar si hay promociones o descuentos disponibles.<\/p>","protected":false},"excerpt":{"rendered":"<li>Blanqueamiento eficaz con resultados visibles en pocos usos.<\/li>\n<li>Alternativa c\u00f3moda y asequible a los tratamientos profesionales.<\/li>\n<li>Suave con los dientes, sin molestias ni sensibilidad.<\/li>\n<li>Seguro para la mayor\u00eda de los usuarios si se utiliza seg\u00fan las indicaciones.<\/li>\n<li>Ayuda a eliminar las manchas de sustancias comunes como el caf\u00e9 y el t\u00e9.<\/li>","protected":false},"featured_media":988,"template":"","meta":{"_lmt_disableupdate":"","_lmt_disable":"","_kadence_starter_templates_imported_post":false,"_kad_post_transparent":"default","_kad_post_title":"","_kad_post_layout":"default","_kad_post_sidebar_id":"","_kad_post_content_style":"default","_kad_post_vertical_padding":"default","_kad_post_feature":"","_kad_post_feature_position":"","_kad_post_header":false,"_kad_post_footer":false,"_kad_post_classname":""},"product_brand":[],"product_cat":[16],"product_tag":[],"class_list":{"0":"post-319","1":"product","2":"type-product","3":"status-publish","4":"has-post-thumbnail","6":"product_cat-technology","8":"first","9":"instock","10":"shipping-taxable","11":"product-type-external","12":"entry","13":"content-bg","14":"loop-entry"},"_links":{"self":[{"href":"https:\/\/www.dealexpert.eu\/es\/wp-json\/wp\/v2\/product\/319","targetHints":{"allow":["GET"]}}],"collection":[{"href":"https:\/\/www.dealexpert.eu\/es\/wp-json\/wp\/v2\/product"}],"about":[{"href":"https:\/\/www.dealexpert.eu\/es\/wp-json\/wp\/v2\/types\/product"}],"wp:featuredmedia":[{"embeddable":true,"href":"https:\/\/www.dealexpert.eu\/es\/wp-json\/wp\/v2\/media\/988"}],"wp:attachment":[{"href":"https:\/\/www.dealexpert.eu\/es\/wp-json\/wp\/v2\/media?parent=319"}],"wp:term":[{"taxonomy":"product_brand","embeddable":true,"href":"https:\/\/www.dealexpert.eu\/es\/wp-json\/wp\/v2\/product_brand?post=319"},{"taxonomy":"product_cat","embeddable":true,"href":"https:\/\/www.dealexpert.eu\/es\/wp-json\/wp\/v2\/product_cat?post=319"},{"taxonomy":"product_tag","embeddable":true,"href":"https:\/\/www.dealexpert.eu\/es\/wp-json\/wp\/v2\/product_tag?post=319"}],"curies":[{"name":"wp","href":"https:\/\/api.w.org\/{rel}","templated":true}]}}