{"id":316,"date":"2025-07-23T22:48:26","date_gmt":"2025-07-23T22:48:26","guid":{"rendered":"https:\/\/www.dealexpert.eu\/?post_type=product&#038;p=316"},"modified":"2025-07-24T14:35:38","modified_gmt":"2025-07-24T14:35:38","slug":"silentsnore","status":"publish","type":"product","link":"https:\/\/www.dealexpert.eu\/es\/p\/silentsnore\/","title":{"rendered":"SilentSnore"},"content":{"rendered":"<div class=\"kk-star-ratings kksr-auto kksr-align-left kksr-valign-top\"\n    data-payload='{&quot;align&quot;:&quot;left&quot;,&quot;id&quot;:&quot;316&quot;,&quot;slug&quot;:&quot;default&quot;,&quot;valign&quot;:&quot;top&quot;,&quot;ignore&quot;:&quot;&quot;,&quot;reference&quot;:&quot;auto&quot;,&quot;class&quot;:&quot;&quot;,&quot;count&quot;:&quot;0&quot;,&quot;legendonly&quot;:&quot;&quot;,&quot;readonly&quot;:&quot;&quot;,&quot;score&quot;:&quot;0&quot;,&quot;starsonly&quot;:&quot;&quot;,&quot;best&quot;:&quot;5&quot;,&quot;gap&quot;:&quot;5&quot;,&quot;greet&quot;:&quot;Rate this product&quot;,&quot;legend&quot;:&quot;0\\\/5 - (0 votos)&quot;,&quot;size&quot;:&quot;24&quot;,&quot;title&quot;:&quot;SilentSnore&quot;,&quot;width&quot;:&quot;0&quot;,&quot;_legend&quot;:&quot;{score}\\\/{best} - ({count} {votes})&quot;,&quot;font_factor&quot;:&quot;1.25&quot;}'>\n            \n<div class=\"kksr-stars\">\n    \n<div class=\"kksr-stars-inactive\">\n            <div class=\"kksr-star\" data-star=\"1\" style=\"padding-right: 5px\">\n            \n\n<div class=\"kksr-icon\" style=\"width: 24px; height: 24px;\"><\/div>\n        <\/div>\n            <div class=\"kksr-star\" data-star=\"2\" style=\"padding-right: 5px\">\n            \n\n<div class=\"kksr-icon\" style=\"width: 24px; height: 24px;\"><\/div>\n        <\/div>\n            <div class=\"kksr-star\" data-star=\"3\" style=\"padding-right: 5px\">\n            \n\n<div class=\"kksr-icon\" style=\"width: 24px; height: 24px;\"><\/div>\n        <\/div>\n            <div class=\"kksr-star\" data-star=\"4\" style=\"padding-right: 5px\">\n            \n\n<div class=\"kksr-icon\" style=\"width: 24px; height: 24px;\"><\/div>\n        <\/div>\n            <div class=\"kksr-star\" data-star=\"5\" style=\"padding-right: 5px\">\n            \n\n<div class=\"kksr-icon\" style=\"width: 24px; height: 24px;\"><\/div>\n        <\/div>\n    <\/div>\n    \n<div class=\"kksr-stars-active\" style=\"width: 0px;\">\n            <div class=\"kksr-star\" style=\"padding-right: 5px\">\n            \n\n<div class=\"kksr-icon\" style=\"width: 24px; height: 24px;\"><\/div>\n        <\/div>\n            <div class=\"kksr-star\" style=\"padding-right: 5px\">\n            \n\n<div class=\"kksr-icon\" style=\"width: 24px; height: 24px;\"><\/div>\n        <\/div>\n            <div class=\"kksr-star\" style=\"padding-right: 5px\">\n            \n\n<div class=\"kksr-icon\" style=\"width: 24px; height: 24px;\"><\/div>\n        <\/div>\n            <div class=\"kksr-star\" style=\"padding-right: 5px\">\n            \n\n<div class=\"kksr-icon\" style=\"width: 24px; height: 24px;\"><\/div>\n        <\/div>\n            <div class=\"kksr-star\" style=\"padding-right: 5px\">\n            \n\n<div class=\"kksr-icon\" style=\"width: 24px; height: 24px;\"><\/div>\n        <\/div>\n    <\/div>\n<\/div>\n                \n\n<div class=\"kksr-legend\" style=\"font-size: 19.2px;\">\n            <span class=\"kksr-muted\">Valora este producto<\/span>\n    <\/div>\n    <\/div>\n<div style=\"width: 1280px;\" class=\"wp-video\"><video class=\"wp-video-shortcode\" id=\"video-316-1\" width=\"1280\" height=\"720\" preload=\"metadata\" controls=\"controls\"><source type=\"video\/mp4\" src=\"https:\/\/www.dealexpert.eu\/wp-content\/uploads\/2025\/07\/SilentSnore-Video-Landscape.mp4?_=1\" \/><a href=\"https:\/\/www.dealexpert.eu\/wp-content\/uploads\/2025\/07\/SilentSnore-Video-Landscape.mp4\">https:\/\/www.dealexpert.eu\/wp-content\/uploads\/2025\/07\/SilentSnore-Video-Landscape.mp4<\/a><\/video><\/div>\n<div id=\"ez-toc-container\" class=\"ez-toc-v2_0_81 counter-hierarchy ez-toc-counter ez-toc-grey ez-toc-container-direction\">\n<div class=\"ez-toc-title-container\">\n<p class=\"ez-toc-title\" style=\"cursor:inherit\">Resumen<\/p>\n<span class=\"ez-toc-title-toggle\"><a href=\"#\" class=\"ez-toc-pull-right ez-toc-btn ez-toc-btn-xs ez-toc-btn-default ez-toc-toggle\" aria-label=\"Alternar tabla de contenidos\"><span class=\"ez-toc-js-icon-con\"><span class=\"\"><span class=\"eztoc-hide\" style=\"display:none;\">Toggle<\/span><span class=\"ez-toc-icon-toggle-span\"><svg style=\"fill: #999;color:#999\" xmlns=\"http:\/\/www.w3.org\/2000\/svg\" class=\"list-377408\" width=\"20px\" height=\"20px\" viewbox=\"0 0 24 24\" fill=\"none\"><path d=\"M6 6H4v2h2V6zm14 0H8v2h12V6zM4 11h2v2H4v-2zm16 0H8v2h12v-2zM4 16h2v2H4v-2zm16 0H8v2h12v-2z\" fill=\"currentColor\"><\/path><\/svg><svg style=\"fill: #999;color:#999\" class=\"arrow-unsorted-368013\" xmlns=\"http:\/\/www.w3.org\/2000\/svg\" width=\"10px\" height=\"10px\" viewbox=\"0 0 24 24\" version=\"1.2\" baseprofile=\"tiny\"><path d=\"M18.2 9.3l-6.2-6.3-6.2 6.3c-.2.2-.3.4-.3.7s.1.5.3.7c.2.2.4.3.7.3h11c.3 0 .5-.1.7-.3.2-.2.3-.5.3-.7s-.1-.5-.3-.7zM5.8 14.7l6.2 6.3 6.2-6.3c.2-.2.3-.5.3-.7s-.1-.5-.3-.7c-.2-.2-.4-.3-.7-.3h-11c-.3 0-.5.1-.7.3-.2.2-.3.5-.3.7s.1.5.3.7z\"\/><\/svg><\/span><\/span><\/span><\/a><\/span><\/div>\n<nav><ul class='ez-toc-list ez-toc-list-level-1 eztoc-toggle-hide-by-default' ><li class='ez-toc-page-1 ez-toc-heading-level-2'><a class=\"ez-toc-link ez-toc-heading-1\" href=\"https:\/\/www.dealexpert.eu\/es\/p\/silentsnore\/#What_is_SilentSnore\" >\u00bfQu\u00e9 es SilentSnore?<\/a><\/li><li class='ez-toc-page-1 ez-toc-heading-level-2'><a class=\"ez-toc-link ez-toc-heading-2\" href=\"https:\/\/www.dealexpert.eu\/es\/p\/silentsnore\/#How_does_SilentSnore_work\" >\u00bfC\u00f3mo funciona SilentSnore?<\/a><\/li><li class='ez-toc-page-1 ez-toc-heading-level-2'><a class=\"ez-toc-link ez-toc-heading-3\" href=\"https:\/\/www.dealexpert.eu\/es\/p\/silentsnore\/#Benefits_of_SilentSnore\" >Ventajas de SilentSnore<\/a><\/li><li class='ez-toc-page-1 ez-toc-heading-level-2'><a class=\"ez-toc-link ez-toc-heading-4\" href=\"https:\/\/www.dealexpert.eu\/es\/p\/silentsnore\/#Customer_Reviews\" >Opiniones de los clientes<\/a><ul class='ez-toc-list-level-3' ><li class='ez-toc-heading-level-3'><a class=\"ez-toc-link ez-toc-heading-5\" href=\"https:\/\/www.dealexpert.eu\/es\/p\/silentsnore\/#John_D\" >John D.<\/a><\/li><li class='ez-toc-page-1 ez-toc-heading-level-3'><a class=\"ez-toc-link ez-toc-heading-6\" href=\"https:\/\/www.dealexpert.eu\/es\/p\/silentsnore\/#Mary_S\" >Mary S.<\/a><\/li><\/ul><\/li><li class='ez-toc-page-1 ez-toc-heading-level-2'><a class=\"ez-toc-link ez-toc-heading-7\" href=\"https:\/\/www.dealexpert.eu\/es\/p\/silentsnore\/#Where_to_Buy_SilentSnore\" >D\u00f3nde comprar SilentSnore<\/a><\/li><li class='ez-toc-page-1 ez-toc-heading-level-2'><a class=\"ez-toc-link ez-toc-heading-8\" href=\"https:\/\/www.dealexpert.eu\/es\/p\/silentsnore\/#Frequently_Asked_Questions\" >Preguntas frecuentes<\/a><ul class='ez-toc-list-level-3' ><li class='ez-toc-heading-level-3'><a class=\"ez-toc-link ez-toc-heading-9\" href=\"https:\/\/www.dealexpert.eu\/es\/p\/silentsnore\/#Is_SilentSnore_comfortable_to_wear\" >\u00bfEs c\u00f3modo llevar SilentSnore?<\/a><\/li><li class='ez-toc-page-1 ez-toc-heading-level-3'><a class=\"ez-toc-link ez-toc-heading-10\" href=\"https:\/\/www.dealexpert.eu\/es\/p\/silentsnore\/#How_long_should_I_wear_SilentSnore_each_night\" >\u00bfCu\u00e1nto tiempo debo llevar SilentSnore cada noche?<\/a><\/li><li class='ez-toc-page-1 ez-toc-heading-level-3'><a class=\"ez-toc-link ez-toc-heading-11\" href=\"https:\/\/www.dealexpert.eu\/es\/p\/silentsnore\/#How_quickly_will_I_see_results\" >\u00bfEn cu\u00e1nto tiempo ver\u00e9 resultados?<\/a><\/li><\/ul><\/li><\/ul><\/nav><\/div>\n<h2><span class=\"ez-toc-section\" id=\"What_is_SilentSnore\"><\/span>\u00bfQu\u00e9 es SilentSnore?<span class=\"ez-toc-section-end\"><\/span><\/h2>\n<p>SilentSnore es un innovador dispositivo antirronquidos que ayuda a las personas que roncan. Esta peque\u00f1a y c\u00f3moda boquilla se lleva durante el sue\u00f1o y trabaja para mantener abiertas las v\u00edas respiratorias, reduciendo significativamente las vibraciones que causan los ronquidos. Si alguna vez le ha molestado el sonido de los ronquidos, o peor a\u00fan, si afecta a su pareja, SilentSnore podr\u00eda ser la soluci\u00f3n que estaba buscando.<\/p>\n<h2><span class=\"ez-toc-section\" id=\"How_does_SilentSnore_work\"><\/span>\u00bfC\u00f3mo funciona SilentSnore?<span class=\"ez-toc-section-end\"><\/span><\/h2>\n<p>El dispositivo act\u00faa reposicionando suavemente la mand\u00edbula inferior y la lengua, garantizando que las v\u00edas respiratorias permanezcan despejadas durante toda la noche. Esta alineaci\u00f3n evita las obstrucciones y reduce las vibraciones que suelen provocar los ronquidos. Imag\u00ednese un peque\u00f1o ajuste que podr\u00eda ahorrarle incontables noches de insomnio: parece un sue\u00f1o, \u00bfverdad?<\/p>\n<ul>\n<li><strong>Reposiciona la mand\u00edbula<\/strong> para evitar la obstrucci\u00f3n de las v\u00edas respiratorias.<\/li>\n<li><strong>Reduce las vibraciones<\/strong> que provocan el molesto sonido de los ronquidos.<\/li>\n<li><strong>Mejora la calidad general del sue\u00f1o<\/strong> tanto para la persona que ronca como para su pareja.<\/li>\n<\/ul>\n<h2><span class=\"ez-toc-section\" id=\"Benefits_of_SilentSnore\"><\/span>Ventajas de SilentSnore<span class=\"ez-toc-section-end\"><\/span><\/h2>\n<p>El uso de SilentSnore tiene varias ventajas clave que van mucho m\u00e1s all\u00e1 de simplemente dejar de roncar. Exploremos c\u00f3mo puede marcar la diferencia en su vida:<\/p>\n<ul>\n<li><i>Ayuda a reducir o eliminar los ronquidos<\/i> completamente, lo que permite un sue\u00f1o m\u00e1s tranquilo y apacible.<\/li>\n<li><i>Mejora la calidad del sue\u00f1o<\/i> tanto para usted como para su pareja, garantizando noches m\u00e1s reparadoras.<\/li>\n<li><i>C\u00f3modo y f\u00e1cil de usar<\/i> cada noche, lo que hace que sea una experiencia sin complicaciones.<\/li>\n<li><i>Alternativa asequible<\/i> a tratamientos costosos, lo que la hace accesible para la mayor\u00eda de la gente.<\/li>\n<li><i>Port\u00e1til y f\u00e1cil de transportar<\/i> durante los viajes, para que su sue\u00f1o no se resienta.<\/li>\n<\/ul>\n<h2><span class=\"ez-toc-section\" id=\"Customer_Reviews\"><\/span>Opiniones de los clientes<span class=\"ez-toc-section-end\"><\/span><\/h2>\n<p>Siempre es reconfortante conocer las experiencias de otras personas antes de probar algo nuevo. Muchos usuarios han compartido sus opiniones positivas sobre SilentSnore, destacando su comodidad y eficacia. Esto es lo que opinan algunos de ellos:<\/p>\n<h3><span class=\"ez-toc-section\" id=\"John_D\"><\/span>John D.<span class=\"ez-toc-section-end\"><\/span><\/h3>\n<p><strong>Valoraci\u00f3n:<\/strong> 5 estrellas<br \/>\n\"Llevo un mes utilizando SilentSnore y mi mujer dice que he dejado de roncar por completo. Es un cambio radical\".<\/p>\n<h3><span class=\"ez-toc-section\" id=\"Mary_S\"><\/span>Mary S.<span class=\"ez-toc-section-end\"><\/span><\/h3>\n<p><strong>Valoraci\u00f3n:<\/strong> 4 estrellas<br \/>\n\"Me cost\u00f3 unas cuantas noches acostumbrarme, pero ahora duermo mucho mejor y mis ronquidos se han reducido dr\u00e1sticamente\".<\/p>\n<h2><span class=\"ez-toc-section\" id=\"Where_to_Buy_SilentSnore\"><\/span>D\u00f3nde comprar SilentSnore<span class=\"ez-toc-section-end\"><\/span><\/h2>\n<p>Puede adquirir SilentSnore directamente en el sitio web oficial. Es un proceso sencillo y puede recibir el dispositivo en su domicilio. Diga adi\u00f3s a las noches inquietas y hola a un sue\u00f1o mejor.<\/p>\n<h2><span class=\"ez-toc-section\" id=\"Frequently_Asked_Questions\"><\/span>Preguntas frecuentes<span class=\"ez-toc-section-end\"><\/span><\/h2>\n<h3><span class=\"ez-toc-section\" id=\"Is_SilentSnore_comfortable_to_wear\"><\/span>\u00bfEs c\u00f3modo llevar SilentSnore?<span class=\"ez-toc-section-end\"><\/span><\/h3>\n<p>S\u00ed, SilentSnore se ha dise\u00f1ado pensando en la comodidad. Los materiales utilizados son suaves, y el dispositivo se adapta f\u00e1cilmente a la boca sin causar molestias, lo que le permite llevarlo durante horas durante la noche.<\/p>\n<h3><span class=\"ez-toc-section\" id=\"How_long_should_I_wear_SilentSnore_each_night\"><\/span>\u00bfCu\u00e1nto tiempo debo llevar SilentSnore cada noche?<span class=\"ez-toc-section-end\"><\/span><\/h3>\n<p>Para obtener los mejores resultados, se recomienda utilizar SilentSnore todas las noches mientras duerme. Esto garantizar\u00e1 unos resultados constantes y le ayudar\u00e1 a sacar el m\u00e1ximo partido del dispositivo.<\/p>\n<h3><span class=\"ez-toc-section\" id=\"How_quickly_will_I_see_results\"><\/span>\u00bfEn cu\u00e1nto tiempo ver\u00e9 resultados?<span class=\"ez-toc-section-end\"><\/span><\/h3>\n<p>Muchos usuarios afirman haber notado mejoras en las primeras noches de uso. Por supuesto, los resultados pueden variar, pero puede estar seguro de que SilentSnore est\u00e1 dise\u00f1ado para ayudarle a experimentar una diferencia notable en un corto per\u00edodo de tiempo.<\/p>","protected":false},"excerpt":{"rendered":"<li>Reduce los ronquidos al reposicionar la mand\u00edbula y la lengua.<\/li>\n<li>Mejora la calidad del sue\u00f1o tanto del usuario como de su pareja.<\/li>\n<li>C\u00f3modo y f\u00e1cil de usar cada noche.<\/li>\n<li>Alternativa asequible a los costosos tratamientos contra los ronquidos.<\/li>\n<li>Port\u00e1til y pr\u00e1ctico para viajar.<\/li>","protected":false},"featured_media":1082,"template":"","meta":{"_lmt_disableupdate":"","_lmt_disable":"","_kadence_starter_templates_imported_post":false,"_kad_post_transparent":"default","_kad_post_title":"","_kad_post_layout":"default","_kad_post_sidebar_id":"","_kad_post_content_style":"default","_kad_post_vertical_padding":"default","_kad_post_feature":"","_kad_post_feature_position":"","_kad_post_header":false,"_kad_post_footer":false,"_kad_post_classname":""},"product_brand":[],"product_cat":[16],"product_tag":[],"class_list":{"0":"post-316","1":"product","2":"type-product","3":"status-publish","4":"has-post-thumbnail","6":"product_cat-technology","8":"first","9":"instock","10":"shipping-taxable","11":"product-type-external","12":"entry","13":"content-bg","14":"loop-entry"},"_links":{"self":[{"href":"https:\/\/www.dealexpert.eu\/es\/wp-json\/wp\/v2\/product\/316","targetHints":{"allow":["GET"]}}],"collection":[{"href":"https:\/\/www.dealexpert.eu\/es\/wp-json\/wp\/v2\/product"}],"about":[{"href":"https:\/\/www.dealexpert.eu\/es\/wp-json\/wp\/v2\/types\/product"}],"wp:featuredmedia":[{"embeddable":true,"href":"https:\/\/www.dealexpert.eu\/es\/wp-json\/wp\/v2\/media\/1082"}],"wp:attachment":[{"href":"https:\/\/www.dealexpert.eu\/es\/wp-json\/wp\/v2\/media?parent=316"}],"wp:term":[{"taxonomy":"product_brand","embeddable":true,"href":"https:\/\/www.dealexpert.eu\/es\/wp-json\/wp\/v2\/product_brand?post=316"},{"taxonomy":"product_cat","embeddable":true,"href":"https:\/\/www.dealexpert.eu\/es\/wp-json\/wp\/v2\/product_cat?post=316"},{"taxonomy":"product_tag","embeddable":true,"href":"https:\/\/www.dealexpert.eu\/es\/wp-json\/wp\/v2\/product_tag?post=316"}],"curies":[{"name":"wp","href":"https:\/\/api.w.org\/{rel}","templated":true}]}}