{"id":314,"date":"2025-07-23T22:34:15","date_gmt":"2025-07-23T22:34:15","guid":{"rendered":"https:\/\/www.dealexpert.eu\/?post_type=product&#038;p=314"},"modified":"2025-07-24T14:35:38","modified_gmt":"2025-07-24T14:35:38","slug":"smokesos","status":"publish","type":"product","link":"https:\/\/www.dealexpert.eu\/es\/p\/smokesos\/","title":{"rendered":"SmokeSOS"},"content":{"rendered":"<div class=\"kk-star-ratings kksr-auto kksr-align-left kksr-valign-top\"\n    data-payload='{&quot;align&quot;:&quot;left&quot;,&quot;id&quot;:&quot;314&quot;,&quot;slug&quot;:&quot;default&quot;,&quot;valign&quot;:&quot;top&quot;,&quot;ignore&quot;:&quot;&quot;,&quot;reference&quot;:&quot;auto&quot;,&quot;class&quot;:&quot;&quot;,&quot;count&quot;:&quot;0&quot;,&quot;legendonly&quot;:&quot;&quot;,&quot;readonly&quot;:&quot;&quot;,&quot;score&quot;:&quot;0&quot;,&quot;starsonly&quot;:&quot;&quot;,&quot;best&quot;:&quot;5&quot;,&quot;gap&quot;:&quot;5&quot;,&quot;greet&quot;:&quot;Rate this product&quot;,&quot;legend&quot;:&quot;0\\\/5 - (0 votos)&quot;,&quot;size&quot;:&quot;24&quot;,&quot;title&quot;:&quot;SmokeSOS&quot;,&quot;width&quot;:&quot;0&quot;,&quot;_legend&quot;:&quot;{score}\\\/{best} - ({count} {votes})&quot;,&quot;font_factor&quot;:&quot;1.25&quot;}'>\n            \n<div class=\"kksr-stars\">\n    \n<div class=\"kksr-stars-inactive\">\n            <div class=\"kksr-star\" data-star=\"1\" style=\"padding-right: 5px\">\n            \n\n<div class=\"kksr-icon\" style=\"width: 24px; height: 24px;\"><\/div>\n        <\/div>\n            <div class=\"kksr-star\" data-star=\"2\" style=\"padding-right: 5px\">\n            \n\n<div class=\"kksr-icon\" style=\"width: 24px; height: 24px;\"><\/div>\n        <\/div>\n            <div class=\"kksr-star\" data-star=\"3\" style=\"padding-right: 5px\">\n            \n\n<div class=\"kksr-icon\" style=\"width: 24px; height: 24px;\"><\/div>\n        <\/div>\n            <div class=\"kksr-star\" data-star=\"4\" style=\"padding-right: 5px\">\n            \n\n<div class=\"kksr-icon\" style=\"width: 24px; height: 24px;\"><\/div>\n        <\/div>\n            <div class=\"kksr-star\" data-star=\"5\" style=\"padding-right: 5px\">\n            \n\n<div class=\"kksr-icon\" style=\"width: 24px; height: 24px;\"><\/div>\n        <\/div>\n    <\/div>\n    \n<div class=\"kksr-stars-active\" style=\"width: 0px;\">\n            <div class=\"kksr-star\" style=\"padding-right: 5px\">\n            \n\n<div class=\"kksr-icon\" style=\"width: 24px; height: 24px;\"><\/div>\n        <\/div>\n            <div class=\"kksr-star\" style=\"padding-right: 5px\">\n            \n\n<div class=\"kksr-icon\" style=\"width: 24px; height: 24px;\"><\/div>\n        <\/div>\n            <div class=\"kksr-star\" style=\"padding-right: 5px\">\n            \n\n<div class=\"kksr-icon\" style=\"width: 24px; height: 24px;\"><\/div>\n        <\/div>\n            <div class=\"kksr-star\" style=\"padding-right: 5px\">\n            \n\n<div class=\"kksr-icon\" style=\"width: 24px; height: 24px;\"><\/div>\n        <\/div>\n            <div class=\"kksr-star\" style=\"padding-right: 5px\">\n            \n\n<div class=\"kksr-icon\" style=\"width: 24px; height: 24px;\"><\/div>\n        <\/div>\n    <\/div>\n<\/div>\n                \n\n<div class=\"kksr-legend\" style=\"font-size: 19.2px;\">\n            <span class=\"kksr-muted\">Valora este producto<\/span>\n    <\/div>\n    <\/div>\n<div id=\"ez-toc-container\" class=\"ez-toc-v2_0_81 counter-hierarchy ez-toc-counter ez-toc-grey ez-toc-container-direction\">\n<div class=\"ez-toc-title-container\">\n<p class=\"ez-toc-title\" style=\"cursor:inherit\">Resumen<\/p>\n<span class=\"ez-toc-title-toggle\"><a href=\"#\" class=\"ez-toc-pull-right ez-toc-btn ez-toc-btn-xs ez-toc-btn-default ez-toc-toggle\" aria-label=\"Alternar tabla de contenidos\"><span class=\"ez-toc-js-icon-con\"><span class=\"\"><span class=\"eztoc-hide\" style=\"display:none;\">Toggle<\/span><span class=\"ez-toc-icon-toggle-span\"><svg style=\"fill: #999;color:#999\" xmlns=\"http:\/\/www.w3.org\/2000\/svg\" class=\"list-377408\" width=\"20px\" height=\"20px\" viewbox=\"0 0 24 24\" fill=\"none\"><path d=\"M6 6H4v2h2V6zm14 0H8v2h12V6zM4 11h2v2H4v-2zm16 0H8v2h12v-2zM4 16h2v2H4v-2zm16 0H8v2h12v-2z\" fill=\"currentColor\"><\/path><\/svg><svg style=\"fill: #999;color:#999\" class=\"arrow-unsorted-368013\" xmlns=\"http:\/\/www.w3.org\/2000\/svg\" width=\"10px\" height=\"10px\" viewbox=\"0 0 24 24\" version=\"1.2\" baseprofile=\"tiny\"><path d=\"M18.2 9.3l-6.2-6.3-6.2 6.3c-.2.2-.3.4-.3.7s.1.5.3.7c.2.2.4.3.7.3h11c.3 0 .5-.1.7-.3.2-.2.3-.5.3-.7s-.1-.5-.3-.7zM5.8 14.7l6.2 6.3 6.2-6.3c.2-.2.3-.5.3-.7s-.1-.5-.3-.7c-.2-.2-.4-.3-.7-.3h-11c-.3 0-.5.1-.7.3-.2.2-.3.5-.3.7s.1.5.3.7z\"\/><\/svg><\/span><\/span><\/span><\/a><\/span><\/div>\n<nav><ul class='ez-toc-list ez-toc-list-level-1 eztoc-toggle-hide-by-default' ><li class='ez-toc-page-1 ez-toc-heading-level-2'><a class=\"ez-toc-link ez-toc-heading-1\" href=\"https:\/\/www.dealexpert.eu\/es\/p\/smokesos\/#Advantages_of_SmokeSOS\" >Ventajas de SmokeSOS<\/a><\/li><li class='ez-toc-page-1 ez-toc-heading-level-2'><a class=\"ez-toc-link ez-toc-heading-2\" href=\"https:\/\/www.dealexpert.eu\/es\/p\/smokesos\/#What_is_SmokeSOS\" >\u00bfQu\u00e9 es SmokeSOS?<\/a><\/li><li class='ez-toc-page-1 ez-toc-heading-level-2'><a class=\"ez-toc-link ez-toc-heading-3\" href=\"https:\/\/www.dealexpert.eu\/es\/p\/smokesos\/#Key_Features_of_SmokeSOS\" >Caracter\u00edsticas principales de SmokeSOS<\/a><\/li><li class='ez-toc-page-1 ez-toc-heading-level-2'><a class=\"ez-toc-link ez-toc-heading-4\" href=\"https:\/\/www.dealexpert.eu\/es\/p\/smokesos\/#How_Effective_is_SmokeSOS\" >\u00bfCu\u00e1l es la eficacia de SmokeSOS?<\/a><\/li><li class='ez-toc-page-1 ez-toc-heading-level-2'><a class=\"ez-toc-link ez-toc-heading-5\" href=\"https:\/\/www.dealexpert.eu\/es\/p\/smokesos\/#What_Do_Users_Say_About_SmokeSOS\" >\u00bfQu\u00e9 dicen los usuarios de SmokeSOS?<\/a><\/li><li class='ez-toc-page-1 ez-toc-heading-level-2'><a class=\"ez-toc-link ez-toc-heading-6\" href=\"https:\/\/www.dealexpert.eu\/es\/p\/smokesos\/#How_to_Use_SmokeSOS\" >C\u00f3mo utilizar SmokeSOS<\/a><\/li><li class='ez-toc-page-1 ez-toc-heading-level-2'><a class=\"ez-toc-link ez-toc-heading-7\" href=\"https:\/\/www.dealexpert.eu\/es\/p\/smokesos\/#Pricing_and_Where_to_Buy_SmokeSOS\" >Precios y d\u00f3nde comprar SmokeSOS<\/a><\/li><\/ul><\/nav><\/div>\n<h2><span class=\"ez-toc-section\" id=\"Advantages_of_SmokeSOS\"><\/span>Ventajas de SmokeSOS<span class=\"ez-toc-section-end\"><\/span><\/h2>\n<p>Si ha luchado por dejar de fumar, sabe lo dif\u00edcil que puede ser. Ah\u00ed es donde entra SmokeSOS. Esta combinaci\u00f3n de dispositivo y aplicaci\u00f3n ofrece seguimiento en tiempo real, planes personalizados y asesoramiento de expertos, todo ello dise\u00f1ado para ayudarte a conseguirlo. Una de sus principales ventajas es la posibilidad de controlar tus progresos y recibir motivaci\u00f3n justo cuando m\u00e1s lo necesitas. Puedo decir con confianza que con SmokeSOS, el proceso de dejar de fumar se vuelve mucho menos desalentador y mucho m\u00e1s alcanzable. Si est\u00e1 buscando una forma de tomarse en serio su salud y liberarse de las garras del tabaco, \u00e9sta podr\u00eda ser su soluci\u00f3n.<\/p>\n<h2><span class=\"ez-toc-section\" id=\"What_is_SmokeSOS\"><\/span>\u00bfQu\u00e9 es SmokeSOS?<span class=\"ez-toc-section-end\"><\/span><\/h2>\n<p>SmokeSOS es un dispositivo inteligente combinado con una aplicaci\u00f3n m\u00f3vil que ofrece una estrategia integral para dejar de fumar. No es s\u00f3lo una herramienta pasiva, sino un compa\u00f1ero activo en su viaje para dejar de fumar. El dispositivo realiza un seguimiento de sus h\u00e1bitos de tabaquismo, ofreci\u00e9ndole informaci\u00f3n en tiempo real y recordatorios motivadores. Este enfoque personalizado garantiza que reciba la orientaci\u00f3n adecuada en funci\u00f3n de sus propios patrones de tabaquismo. Tanto si eres un fumador ocasional como si llevas a\u00f1os luchando contra la adicci\u00f3n, SmokeSOS adapta su ayuda a tus necesidades particulares. Creo que este nivel de personalizaci\u00f3n es uno de los aspectos m\u00e1s valiosos del producto.<\/p>\n<h2><span class=\"ez-toc-section\" id=\"Key_Features_of_SmokeSOS\"><\/span>Caracter\u00edsticas principales de SmokeSOS<span class=\"ez-toc-section-end\"><\/span><\/h2>\n<ul>\n<li><strong>Seguimiento del progreso en tiempo real:<\/strong> Controla su h\u00e1bito de fumar y le informa al instante de c\u00f3mo lo est\u00e1 haciendo.<\/li>\n<li><strong>Planes personalizables para dejar de fumar:<\/strong> Elige la estrategia que m\u00e1s te convenga, ya sea la reducci\u00f3n gradual o la abstinencia.<\/li>\n<li><strong>Consejos y sugerencias de expertos:<\/strong> Reciba consejos personalizados de profesionales para mantenerse motivado y en el buen camino.<\/li>\n<li><strong>Recordatorios y notificaciones motivadoras:<\/strong> Recibe recordatorios puntuales que te animen a mantenerte centrado y comprometido con tus objetivos.<\/li>\n<li><strong>Integraci\u00f3n con una aplicaci\u00f3n m\u00f3vil:<\/strong> Sigue tus progresos, establece objetivos y analiza tu rendimiento en una interfaz f\u00e1cil de usar.<\/li>\n<\/ul>\n<h2><span class=\"ez-toc-section\" id=\"How_Effective_is_SmokeSOS\"><\/span>\u00bfCu\u00e1l es la eficacia de SmokeSOS?<span class=\"ez-toc-section-end\"><\/span><\/h2>\n<p>Los estudios y los testimonios hablan por s\u00ed solos de la eficacia de SmokeSOS. A partir de la experiencia personal y los comentarios de los usuarios, est\u00e1 claro que este producto aumenta significativamente las posibilidades de dejar de fumar con \u00e9xito. El seguimiento del progreso en tiempo real le mantiene responsable, mientras que los planes personalizados y la orientaci\u00f3n de expertos garantizan que nunca se sienta solo en su viaje. No se trata s\u00f3lo de dejar de fumar, se trata de dejar de fumar de una manera que sea manejable y sostenible para usted. En mi opini\u00f3n, la combinaci\u00f3n de tecnolog\u00eda y la aportaci\u00f3n de expertos crea un sistema de apoyo hol\u00edstico del que carecen muchos otros m\u00e9todos.<\/p>\n<h2><span class=\"ez-toc-section\" id=\"What_Do_Users_Say_About_SmokeSOS\"><\/span>\u00bfQu\u00e9 dicen los usuarios de SmokeSOS?<span class=\"ez-toc-section-end\"><\/span><\/h2>\n<ul>\n<li><i>John D., 4,5 estrellas:<\/i> \"He probado muchos m\u00e9todos para dejar de fumar, pero SmokeSOS ha sido el m\u00e1s eficaz. Las notificaciones me mantienen en el buen camino, y el rastreador de progreso me motiva para seguir adelante.\"<\/li>\n<li><i>Maria S., 5 estrellas:<\/i> \"\u00a1Un cambio de juego! Llevo 3 meses sin fumar gracias a los consejos y recordatorios personalizados de la app.\"<\/li>\n<\/ul>\n<h2><span class=\"ez-toc-section\" id=\"How_to_Use_SmokeSOS\"><\/span>C\u00f3mo utilizar SmokeSOS<span class=\"ez-toc-section-end\"><\/span><\/h2>\n<p>Empezar a utilizar SmokeSOS es sencillo y f\u00e1cil. Una vez adquirido el dispositivo, todo lo que tiene que hacer es descargar la aplicaci\u00f3n y configurar su perfil. Esto incluye introducir sus h\u00e1bitos de tabaquismo y los objetivos que desea alcanzar. A partir de ah\u00ed, la aplicaci\u00f3n te gu\u00eda a trav\u00e9s de un plan personalizado. Es un proceso paso a paso, y recibir\u00e1 recordatorios y actualizaciones de progreso para ayudarle a mantenerse motivado. El propio dispositivo controlar\u00e1 tu consumo de tabaco y har\u00e1 un seguimiento de tu \u00e9xito, ofreciendo una experiencia perfecta. Personalmente, me pareci\u00f3 incre\u00edblemente f\u00e1cil de seguir y muy motivador.<\/p>\n<h2><span class=\"ez-toc-section\" id=\"Pricing_and_Where_to_Buy_SmokeSOS\"><\/span>Precios y d\u00f3nde comprar SmokeSOS<span class=\"ez-toc-section-end\"><\/span><\/h2>\n<p>SmokeSOS se puede comprar directamente en el sitio web oficial. Tambi\u00e9n es posible encontrar descuentos y ofertas especiales de minoristas autorizados. Sin embargo, para conocer los precios y ofertas m\u00e1s actuales, te recomiendo que consultes su sitio web con frecuencia. Siempre es una buena idea estar atento a cualquier promoci\u00f3n que pueda hacer que tu viaje para dejar de fumar sea a\u00fan m\u00e1s asequible.<\/p>","protected":false},"excerpt":{"rendered":"<li>Seguimiento en tiempo real<\/li>\n<li>Planes personalizables para dejar de fumar<\/li>\n<li>Consejos y sugerencias de expertos<\/li>\n<li>Recordatorios y notificaciones motivadoras<\/li>\n<li>Integraci\u00f3n con una aplicaci\u00f3n m\u00f3vil para un seguimiento detallado<\/li>","protected":false},"featured_media":1174,"template":"","meta":{"_lmt_disableupdate":"","_lmt_disable":"","_kadence_starter_templates_imported_post":false,"_kad_post_transparent":"default","_kad_post_title":"","_kad_post_layout":"default","_kad_post_sidebar_id":"","_kad_post_content_style":"default","_kad_post_vertical_padding":"default","_kad_post_feature":"","_kad_post_feature_position":"","_kad_post_header":false,"_kad_post_footer":false,"_kad_post_classname":""},"product_brand":[],"product_cat":[16],"product_tag":[],"class_list":{"0":"post-314","1":"product","2":"type-product","3":"status-publish","4":"has-post-thumbnail","6":"product_cat-technology","8":"first","9":"instock","10":"shipping-taxable","11":"product-type-external","12":"entry","13":"content-bg","14":"loop-entry"},"_links":{"self":[{"href":"https:\/\/www.dealexpert.eu\/es\/wp-json\/wp\/v2\/product\/314","targetHints":{"allow":["GET"]}}],"collection":[{"href":"https:\/\/www.dealexpert.eu\/es\/wp-json\/wp\/v2\/product"}],"about":[{"href":"https:\/\/www.dealexpert.eu\/es\/wp-json\/wp\/v2\/types\/product"}],"wp:featuredmedia":[{"embeddable":true,"href":"https:\/\/www.dealexpert.eu\/es\/wp-json\/wp\/v2\/media\/1174"}],"wp:attachment":[{"href":"https:\/\/www.dealexpert.eu\/es\/wp-json\/wp\/v2\/media?parent=314"}],"wp:term":[{"taxonomy":"product_brand","embeddable":true,"href":"https:\/\/www.dealexpert.eu\/es\/wp-json\/wp\/v2\/product_brand?post=314"},{"taxonomy":"product_cat","embeddable":true,"href":"https:\/\/www.dealexpert.eu\/es\/wp-json\/wp\/v2\/product_cat?post=314"},{"taxonomy":"product_tag","embeddable":true,"href":"https:\/\/www.dealexpert.eu\/es\/wp-json\/wp\/v2\/product_tag?post=314"}],"curies":[{"name":"wp","href":"https:\/\/api.w.org\/{rel}","templated":true}]}}