{"id":312,"date":"2025-07-23T22:19:44","date_gmt":"2025-07-23T22:19:44","guid":{"rendered":"https:\/\/www.dealexpert.eu\/?post_type=product&#038;p=312"},"modified":"2025-07-24T14:35:38","modified_gmt":"2025-07-24T14:35:38","slug":"ergorelax","status":"publish","type":"product","link":"https:\/\/www.dealexpert.eu\/es\/p\/ergorelax\/","title":{"rendered":"ErgoRelax"},"content":{"rendered":"<div class=\"kk-star-ratings kksr-auto kksr-align-left kksr-valign-top\"\n    data-payload='{&quot;align&quot;:&quot;left&quot;,&quot;id&quot;:&quot;312&quot;,&quot;slug&quot;:&quot;default&quot;,&quot;valign&quot;:&quot;top&quot;,&quot;ignore&quot;:&quot;&quot;,&quot;reference&quot;:&quot;auto&quot;,&quot;class&quot;:&quot;&quot;,&quot;count&quot;:&quot;0&quot;,&quot;legendonly&quot;:&quot;&quot;,&quot;readonly&quot;:&quot;&quot;,&quot;score&quot;:&quot;0&quot;,&quot;starsonly&quot;:&quot;&quot;,&quot;best&quot;:&quot;5&quot;,&quot;gap&quot;:&quot;5&quot;,&quot;greet&quot;:&quot;Rate this product&quot;,&quot;legend&quot;:&quot;0\\\/5 - (0 votos)&quot;,&quot;size&quot;:&quot;24&quot;,&quot;title&quot;:&quot;ErgoRelax&quot;,&quot;width&quot;:&quot;0&quot;,&quot;_legend&quot;:&quot;{score}\\\/{best} - ({count} {votes})&quot;,&quot;font_factor&quot;:&quot;1.25&quot;}'>\n            \n<div class=\"kksr-stars\">\n    \n<div class=\"kksr-stars-inactive\">\n            <div class=\"kksr-star\" data-star=\"1\" style=\"padding-right: 5px\">\n            \n\n<div class=\"kksr-icon\" style=\"width: 24px; height: 24px;\"><\/div>\n        <\/div>\n            <div class=\"kksr-star\" data-star=\"2\" style=\"padding-right: 5px\">\n            \n\n<div class=\"kksr-icon\" style=\"width: 24px; height: 24px;\"><\/div>\n        <\/div>\n            <div class=\"kksr-star\" data-star=\"3\" style=\"padding-right: 5px\">\n            \n\n<div class=\"kksr-icon\" style=\"width: 24px; height: 24px;\"><\/div>\n        <\/div>\n            <div class=\"kksr-star\" data-star=\"4\" style=\"padding-right: 5px\">\n            \n\n<div class=\"kksr-icon\" style=\"width: 24px; height: 24px;\"><\/div>\n        <\/div>\n            <div class=\"kksr-star\" data-star=\"5\" style=\"padding-right: 5px\">\n            \n\n<div class=\"kksr-icon\" style=\"width: 24px; height: 24px;\"><\/div>\n        <\/div>\n    <\/div>\n    \n<div class=\"kksr-stars-active\" style=\"width: 0px;\">\n            <div class=\"kksr-star\" style=\"padding-right: 5px\">\n            \n\n<div class=\"kksr-icon\" style=\"width: 24px; height: 24px;\"><\/div>\n        <\/div>\n            <div class=\"kksr-star\" style=\"padding-right: 5px\">\n            \n\n<div class=\"kksr-icon\" style=\"width: 24px; height: 24px;\"><\/div>\n        <\/div>\n            <div class=\"kksr-star\" style=\"padding-right: 5px\">\n            \n\n<div class=\"kksr-icon\" style=\"width: 24px; height: 24px;\"><\/div>\n        <\/div>\n            <div class=\"kksr-star\" style=\"padding-right: 5px\">\n            \n\n<div class=\"kksr-icon\" style=\"width: 24px; height: 24px;\"><\/div>\n        <\/div>\n            <div class=\"kksr-star\" style=\"padding-right: 5px\">\n            \n\n<div class=\"kksr-icon\" style=\"width: 24px; height: 24px;\"><\/div>\n        <\/div>\n    <\/div>\n<\/div>\n                \n\n<div class=\"kksr-legend\" style=\"font-size: 19.2px;\">\n            <span class=\"kksr-muted\">Valora este producto<\/span>\n    <\/div>\n    <\/div>\n<div id=\"ez-toc-container\" class=\"ez-toc-v2_0_81 counter-hierarchy ez-toc-counter ez-toc-grey ez-toc-container-direction\">\n<div class=\"ez-toc-title-container\">\n<p class=\"ez-toc-title\" style=\"cursor:inherit\">Resumen<\/p>\n<span class=\"ez-toc-title-toggle\"><a href=\"#\" class=\"ez-toc-pull-right ez-toc-btn ez-toc-btn-xs ez-toc-btn-default ez-toc-toggle\" aria-label=\"Alternar tabla de contenidos\"><span class=\"ez-toc-js-icon-con\"><span class=\"\"><span class=\"eztoc-hide\" style=\"display:none;\">Toggle<\/span><span class=\"ez-toc-icon-toggle-span\"><svg style=\"fill: #999;color:#999\" xmlns=\"http:\/\/www.w3.org\/2000\/svg\" class=\"list-377408\" width=\"20px\" height=\"20px\" viewbox=\"0 0 24 24\" fill=\"none\"><path d=\"M6 6H4v2h2V6zm14 0H8v2h12V6zM4 11h2v2H4v-2zm16 0H8v2h12v-2zM4 16h2v2H4v-2zm16 0H8v2h12v-2z\" fill=\"currentColor\"><\/path><\/svg><svg style=\"fill: #999;color:#999\" class=\"arrow-unsorted-368013\" xmlns=\"http:\/\/www.w3.org\/2000\/svg\" width=\"10px\" height=\"10px\" viewbox=\"0 0 24 24\" version=\"1.2\" baseprofile=\"tiny\"><path d=\"M18.2 9.3l-6.2-6.3-6.2 6.3c-.2.2-.3.4-.3.7s.1.5.3.7c.2.2.4.3.7.3h11c.3 0 .5-.1.7-.3.2-.2.3-.5.3-.7s-.1-.5-.3-.7zM5.8 14.7l6.2 6.3 6.2-6.3c.2-.2.3-.5.3-.7s-.1-.5-.3-.7c-.2-.2-.4-.3-.7-.3h-11c-.3 0-.5.1-.7.3-.2.2-.3.5-.3.7s.1.5.3.7z\"\/><\/svg><\/span><\/span><\/span><\/a><\/span><\/div>\n<nav><ul class='ez-toc-list ez-toc-list-level-1 eztoc-toggle-hide-by-default' ><li class='ez-toc-page-1 ez-toc-heading-level-2'><a class=\"ez-toc-link ez-toc-heading-1\" href=\"https:\/\/www.dealexpert.eu\/es\/p\/ergorelax\/#Key_Benefits_of_ErgoRelax\" >Principales ventajas de ErgoRelax<\/a><\/li><li class='ez-toc-page-1 ez-toc-heading-level-2'><a class=\"ez-toc-link ez-toc-heading-2\" href=\"https:\/\/www.dealexpert.eu\/es\/p\/ergorelax\/#How_Does_ErgoRelax_Work\" >\u00bfC\u00f3mo funciona ErgoRelax?<\/a><\/li><li class='ez-toc-page-1 ez-toc-heading-level-2'><a class=\"ez-toc-link ez-toc-heading-3\" href=\"https:\/\/www.dealexpert.eu\/es\/p\/ergorelax\/#User_Reviews_and_Testimonials\" >Opiniones y testimonios de usuarios<\/a><ul class='ez-toc-list-level-3' ><li class='ez-toc-heading-level-3'><a class=\"ez-toc-link ez-toc-heading-4\" href=\"https:\/\/www.dealexpert.eu\/es\/p\/ergorelax\/#Sarah_T\" >Sarah T.<\/a><\/li><li class='ez-toc-page-1 ez-toc-heading-level-3'><a class=\"ez-toc-link ez-toc-heading-5\" href=\"https:\/\/www.dealexpert.eu\/es\/p\/ergorelax\/#James_L\" >James L.<\/a><\/li><\/ul><\/li><li class='ez-toc-page-1 ez-toc-heading-level-2'><a class=\"ez-toc-link ez-toc-heading-6\" href=\"https:\/\/www.dealexpert.eu\/es\/p\/ergorelax\/#Where_to_Buy_ErgoRelax\" >D\u00f3nde comprar ErgoRelax<\/a><\/li><li class='ez-toc-page-1 ez-toc-heading-level-2'><a class=\"ez-toc-link ez-toc-heading-7\" href=\"https:\/\/www.dealexpert.eu\/es\/p\/ergorelax\/#Pricing_and_Offers\" >Precios y ofertas<\/a><\/li><li class='ez-toc-page-1 ez-toc-heading-level-2'><a class=\"ez-toc-link ez-toc-heading-8\" href=\"https:\/\/www.dealexpert.eu\/es\/p\/ergorelax\/#Frequently_Asked_Questions\" >Preguntas frecuentes<\/a><ul class='ez-toc-list-level-3' ><li class='ez-toc-heading-level-3'><a class=\"ez-toc-link ez-toc-heading-9\" href=\"https:\/\/www.dealexpert.eu\/es\/p\/ergorelax\/#How_often_should_I_use_the_ErgoRelax\" >\u00bfCon qu\u00e9 frecuencia debo utilizar el ErgoRelax?<\/a><\/li><li class='ez-toc-page-1 ez-toc-heading-level-3'><a class=\"ez-toc-link ez-toc-heading-10\" href=\"https:\/\/www.dealexpert.eu\/es\/p\/ergorelax\/#Can_I_use_ErgoRelax_while_traveling\" >\u00bfPuedo utilizar ErgoRelax mientras viajo?<\/a><\/li><li class='ez-toc-page-1 ez-toc-heading-level-3'><a class=\"ez-toc-link ez-toc-heading-11\" href=\"https:\/\/www.dealexpert.eu\/es\/p\/ergorelax\/#Is_there_a_warranty_for_ErgoRelax\" >\u00bfExiste una garant\u00eda para ErgoRelax?<\/a><\/li><\/ul><\/li><\/ul><\/nav><\/div>\n<h2><span class=\"ez-toc-section\" id=\"Key_Benefits_of_ErgoRelax\"><\/span>Principales ventajas de ErgoRelax<span class=\"ez-toc-section-end\"><\/span><\/h2>\n<p>Si est\u00e1 buscando una forma de reducir el estr\u00e9s, mejorar el confort y relajarse despu\u00e9s de un largo d\u00eda, el ErgoRelax es realmente una opci\u00f3n excepcional. Perm\u00edtame contarle las ventajas que ofrece, que han marcado una diferencia notable en mi rutina. Si usted pasa sus d\u00edas trabajando largas horas en un escritorio o simplemente necesita relajarse despu\u00e9s de hacer recados, este dispositivo tiene algo para todos. He aqu\u00ed por qu\u00e9 creo que le resultar\u00e1 indispensable:<\/p>\n<ul>\n<li><strong>Alivio selectivo del estr\u00e9s:<\/strong> El aparato act\u00faa centr\u00e1ndose en la tensi\u00f3n muscular, concretamente en las zonas que tienden a acumular m\u00e1s estr\u00e9s, como el cuello y los hombros.<\/li>\n<li><strong>Mejora la circulaci\u00f3n:<\/strong> Su uso regular favorece la circulaci\u00f3n sangu\u00ednea, esencial para la salud y el bienestar general.<\/li>\n<li><strong>Confort personalizable:<\/strong> Gracias a sus ajustes regulables, puede personalizar la intensidad para que el aparato se adapte a sus preferencias.<\/li>\n<li><strong>Portabilidad:<\/strong> Compacta y f\u00e1cil de transportar, es perfecta para usar en casa, en la oficina o incluso de viaje.<\/li>\n<li><strong>Dise\u00f1o ergon\u00f3mico:<\/strong> El dise\u00f1o maximiza la comodidad durante el uso, para que pueda relajarse sin preocuparse por la tensi\u00f3n.<\/li>\n<\/ul>\n<h2><span class=\"ez-toc-section\" id=\"How_Does_ErgoRelax_Work\"><\/span>\u00bfC\u00f3mo funciona ErgoRelax?<span class=\"ez-toc-section-end\"><\/span><\/h2>\n<p>El coraz\u00f3n del ErgoRelax es una mezcla de tecnolog\u00eda moderna y dise\u00f1o cuidado. Aplica una combinaci\u00f3n suave pero eficaz de vibraci\u00f3n, calor y contornos ergon\u00f3micos en zonas clave del cuerpo. Personalmente, me encanta c\u00f3mo el dispositivo imita un masaje profesional, lo que me permite disfrutar de los beneficios de la relajaci\u00f3n en la comodidad de mi propio espacio. El aparato se centra en el cuello, los hombros y la espalda, zonas que suelen ser las m\u00e1s tensas.<\/p>\n<p>Las funciones de presi\u00f3n y calor combinadas ayudan a aliviar las molestias a la vez que mejoran la circulaci\u00f3n sangu\u00ednea. Tanto si lo utilizo despu\u00e9s de un d\u00eda estresante como si me tomo un descanso r\u00e1pido en mitad del trabajo, el ErgoRelax siempre consigue relajar mis m\u00fasculos y calmar mi mente.<\/p>\n<h2><span class=\"ez-toc-section\" id=\"User_Reviews_and_Testimonials\"><\/span>Opiniones y testimonios de usuarios<span class=\"ez-toc-section-end\"><\/span><\/h2>\n<p>Echemos un vistazo a lo que otros usuarios tienen que decir sobre el ErgoRelax:<\/p>\n<h3><span class=\"ez-toc-section\" id=\"Sarah_T\"><\/span>Sarah T.<span class=\"ez-toc-section-end\"><\/span><\/h3>\n<p><i>\"Llevo usando el ErgoRelax desde hace unas semanas y noto una gran diferencia en mis niveles de estr\u00e9s. Es muy f\u00e1cil de usar y realmente me ayuda a relajarme despu\u00e9s de un largo d\u00eda de trabajo.\"<\/i><\/p>\n<h3><span class=\"ez-toc-section\" id=\"James_L\"><\/span>James L.<span class=\"ez-toc-section-end\"><\/span><\/h3>\n<p><i>\"Como alguien que pasa mucho tiempo en un escritorio, este dispositivo ha sido un salvavidas. El masaje dirigido y las funciones de calor realmente me ayudan con la tensi\u00f3n del cuello y los hombros.\"<\/i><\/p>\n<h2><span class=\"ez-toc-section\" id=\"Where_to_Buy_ErgoRelax\"><\/span>D\u00f3nde comprar ErgoRelax<span class=\"ez-toc-section-end\"><\/span><\/h2>\n<p>Si est\u00e1 convencido, puede adquirir f\u00e1cilmente el ErgoRelax en el sitio web oficial de Neotechix. Puede recibirlo directamente en su domicilio, con lo que estar\u00e1 un paso m\u00e1s cerca de la relajaci\u00f3n definitiva. Le recomiendo que act\u00fae con rapidez, ya que Neotechix ofrece ocasionalmente ofertas especiales o descuentos para los primeros compradores, lo que podr\u00eda hacer que su compra fuera a\u00fan m\u00e1s asequible.<\/p>\n<h2><span class=\"ez-toc-section\" id=\"Pricing_and_Offers\"><\/span>Precios y ofertas<span class=\"ez-toc-section-end\"><\/span><\/h2>\n<p>El ErgoRelax tiene un precio razonable para sus caracter\u00edsticas de alta calidad. Adem\u00e1s de esto, Neotechix ofrece a menudo varias promociones, as\u00ed que est\u00e9 atento a la p\u00e1gina web para posibles descuentos u ofertas de paquetes. Merece la pena consultar estas ofertas para que su inversi\u00f3n merezca a\u00fan m\u00e1s la pena.<\/p>\n<h2><span class=\"ez-toc-section\" id=\"Frequently_Asked_Questions\"><\/span>Preguntas frecuentes<span class=\"ez-toc-section-end\"><\/span><\/h2>\n<h3><span class=\"ez-toc-section\" id=\"How_often_should_I_use_the_ErgoRelax\"><\/span>\u00bfCon qu\u00e9 frecuencia debo utilizar el ErgoRelax?<span class=\"ez-toc-section-end\"><\/span><\/h3>\n<p>Para obtener resultados \u00f3ptimos, recomiendo utilizar el ErgoRelax durante 15-20 minutos al d\u00eda, dependiendo de la relajaci\u00f3n que necesite en cada momento.<\/p>\n<h3><span class=\"ez-toc-section\" id=\"Can_I_use_ErgoRelax_while_traveling\"><\/span>\u00bfPuedo utilizar ErgoRelax mientras viajo?<span class=\"ez-toc-section-end\"><\/span><\/h3>\n<p>S\u00ed. Su dise\u00f1o compacto y port\u00e1til lo convierte en una opci\u00f3n fant\u00e1stica para viajar. Puede utilizarlo en su escritorio, en un avi\u00f3n o durante su estancia en un hotel, dondequiera que necesite un poco de relajaci\u00f3n.<\/p>\n<h3><span class=\"ez-toc-section\" id=\"Is_there_a_warranty_for_ErgoRelax\"><\/span>\u00bfExiste una garant\u00eda para ErgoRelax?<span class=\"ez-toc-section-end\"><\/span><\/h3>\n<p>S\u00ed, el ErgoRelax viene con una garant\u00eda de un a\u00f1o, que cubre cualquier defecto de fabricaci\u00f3n. Esta garant\u00eda a\u00f1ade un extra de confianza a su compra.<\/p>\n<p>ErgoRelax lleva el confort y la relajaci\u00f3n a un nuevo nivel. Es m\u00e1s que un simple dispositivo: es una peque\u00f1a inversi\u00f3n en su bienestar. Con su impresionante dise\u00f1o ergon\u00f3mico y sus funciones personalizables, tiene el potencial de convertirse en una parte esencial de su rutina diaria.<\/p>","protected":false},"excerpt":{"rendered":"<li>Dise\u00f1o ergon\u00f3mico para una m\u00e1xima comodidad y eficacia.<\/li>\n<li>Port\u00e1til y compacto para facilitar su uso en casa, la oficina o fuera de ella.<\/li>\n<li>Ajustes regulables para una comodidad y relajaci\u00f3n personalizadas.<\/li>\n<li>Utiliza una combinaci\u00f3n de vibraci\u00f3n y calor para aliviar eficazmente el estr\u00e9s.<\/li>\n<li>Ayuda a mejorar la circulaci\u00f3n y a reducir la tensi\u00f3n muscular para mejorar la salud general.<\/li>","protected":false},"featured_media":1217,"template":"","meta":{"_lmt_disableupdate":"","_lmt_disable":"","_kadence_starter_templates_imported_post":false,"_kad_post_transparent":"default","_kad_post_title":"","_kad_post_layout":"default","_kad_post_sidebar_id":"","_kad_post_content_style":"default","_kad_post_vertical_padding":"default","_kad_post_feature":"","_kad_post_feature_position":"","_kad_post_header":false,"_kad_post_footer":false,"_kad_post_classname":""},"product_brand":[],"product_cat":[16],"product_tag":[],"class_list":{"0":"post-312","1":"product","2":"type-product","3":"status-publish","4":"has-post-thumbnail","6":"product_cat-technology","8":"first","9":"instock","10":"shipping-taxable","11":"product-type-external","12":"entry","13":"content-bg","14":"loop-entry"},"_links":{"self":[{"href":"https:\/\/www.dealexpert.eu\/es\/wp-json\/wp\/v2\/product\/312","targetHints":{"allow":["GET"]}}],"collection":[{"href":"https:\/\/www.dealexpert.eu\/es\/wp-json\/wp\/v2\/product"}],"about":[{"href":"https:\/\/www.dealexpert.eu\/es\/wp-json\/wp\/v2\/types\/product"}],"wp:featuredmedia":[{"embeddable":true,"href":"https:\/\/www.dealexpert.eu\/es\/wp-json\/wp\/v2\/media\/1217"}],"wp:attachment":[{"href":"https:\/\/www.dealexpert.eu\/es\/wp-json\/wp\/v2\/media?parent=312"}],"wp:term":[{"taxonomy":"product_brand","embeddable":true,"href":"https:\/\/www.dealexpert.eu\/es\/wp-json\/wp\/v2\/product_brand?post=312"},{"taxonomy":"product_cat","embeddable":true,"href":"https:\/\/www.dealexpert.eu\/es\/wp-json\/wp\/v2\/product_cat?post=312"},{"taxonomy":"product_tag","embeddable":true,"href":"https:\/\/www.dealexpert.eu\/es\/wp-json\/wp\/v2\/product_tag?post=312"}],"curies":[{"name":"wp","href":"https:\/\/api.w.org\/{rel}","templated":true}]}}