{"id":311,"date":"2025-07-23T22:14:49","date_gmt":"2025-07-23T22:14:49","guid":{"rendered":"https:\/\/www.dealexpert.eu\/?post_type=product&#038;p=311"},"modified":"2025-07-24T14:35:38","modified_gmt":"2025-07-24T14:35:38","slug":"robot-de-limpieza","status":"publish","type":"product","link":"https:\/\/www.dealexpert.eu\/es\/p\/robot-de-limpieza\/","title":{"rendered":"CleanRobot"},"content":{"rendered":"<div class=\"kk-star-ratings kksr-auto kksr-align-left kksr-valign-top\"\n    data-payload='{&quot;align&quot;:&quot;left&quot;,&quot;id&quot;:&quot;311&quot;,&quot;slug&quot;:&quot;default&quot;,&quot;valign&quot;:&quot;top&quot;,&quot;ignore&quot;:&quot;&quot;,&quot;reference&quot;:&quot;auto&quot;,&quot;class&quot;:&quot;&quot;,&quot;count&quot;:&quot;0&quot;,&quot;legendonly&quot;:&quot;&quot;,&quot;readonly&quot;:&quot;&quot;,&quot;score&quot;:&quot;0&quot;,&quot;starsonly&quot;:&quot;&quot;,&quot;best&quot;:&quot;5&quot;,&quot;gap&quot;:&quot;5&quot;,&quot;greet&quot;:&quot;Rate this product&quot;,&quot;legend&quot;:&quot;0\\\/5 - (0 votos)&quot;,&quot;size&quot;:&quot;24&quot;,&quot;title&quot;:&quot;CleanRobot&quot;,&quot;width&quot;:&quot;0&quot;,&quot;_legend&quot;:&quot;{score}\\\/{best} - ({count} {votes})&quot;,&quot;font_factor&quot;:&quot;1.25&quot;}'>\n            \n<div class=\"kksr-stars\">\n    \n<div class=\"kksr-stars-inactive\">\n            <div class=\"kksr-star\" data-star=\"1\" style=\"padding-right: 5px\">\n            \n\n<div class=\"kksr-icon\" style=\"width: 24px; height: 24px;\"><\/div>\n        <\/div>\n            <div class=\"kksr-star\" data-star=\"2\" style=\"padding-right: 5px\">\n            \n\n<div class=\"kksr-icon\" style=\"width: 24px; height: 24px;\"><\/div>\n        <\/div>\n            <div class=\"kksr-star\" data-star=\"3\" style=\"padding-right: 5px\">\n            \n\n<div class=\"kksr-icon\" style=\"width: 24px; height: 24px;\"><\/div>\n        <\/div>\n            <div class=\"kksr-star\" data-star=\"4\" style=\"padding-right: 5px\">\n            \n\n<div class=\"kksr-icon\" style=\"width: 24px; height: 24px;\"><\/div>\n        <\/div>\n            <div class=\"kksr-star\" data-star=\"5\" style=\"padding-right: 5px\">\n            \n\n<div class=\"kksr-icon\" style=\"width: 24px; height: 24px;\"><\/div>\n        <\/div>\n    <\/div>\n    \n<div class=\"kksr-stars-active\" style=\"width: 0px;\">\n            <div class=\"kksr-star\" style=\"padding-right: 5px\">\n            \n\n<div class=\"kksr-icon\" style=\"width: 24px; height: 24px;\"><\/div>\n        <\/div>\n            <div class=\"kksr-star\" style=\"padding-right: 5px\">\n            \n\n<div class=\"kksr-icon\" style=\"width: 24px; height: 24px;\"><\/div>\n        <\/div>\n            <div class=\"kksr-star\" style=\"padding-right: 5px\">\n            \n\n<div class=\"kksr-icon\" style=\"width: 24px; height: 24px;\"><\/div>\n        <\/div>\n            <div class=\"kksr-star\" style=\"padding-right: 5px\">\n            \n\n<div class=\"kksr-icon\" style=\"width: 24px; height: 24px;\"><\/div>\n        <\/div>\n            <div class=\"kksr-star\" style=\"padding-right: 5px\">\n            \n\n<div class=\"kksr-icon\" style=\"width: 24px; height: 24px;\"><\/div>\n        <\/div>\n    <\/div>\n<\/div>\n                \n\n<div class=\"kksr-legend\" style=\"font-size: 19.2px;\">\n            <span class=\"kksr-muted\">Valora este producto<\/span>\n    <\/div>\n    <\/div>\n<div id=\"ez-toc-container\" class=\"ez-toc-v2_0_81 counter-hierarchy ez-toc-counter ez-toc-grey ez-toc-container-direction\">\n<div class=\"ez-toc-title-container\">\n<p class=\"ez-toc-title\" style=\"cursor:inherit\">Resumen<\/p>\n<span class=\"ez-toc-title-toggle\"><a href=\"#\" class=\"ez-toc-pull-right ez-toc-btn ez-toc-btn-xs ez-toc-btn-default ez-toc-toggle\" aria-label=\"Alternar tabla de contenidos\"><span class=\"ez-toc-js-icon-con\"><span class=\"\"><span class=\"eztoc-hide\" style=\"display:none;\">Toggle<\/span><span class=\"ez-toc-icon-toggle-span\"><svg style=\"fill: #999;color:#999\" xmlns=\"http:\/\/www.w3.org\/2000\/svg\" class=\"list-377408\" width=\"20px\" height=\"20px\" viewbox=\"0 0 24 24\" fill=\"none\"><path d=\"M6 6H4v2h2V6zm14 0H8v2h12V6zM4 11h2v2H4v-2zm16 0H8v2h12v-2zM4 16h2v2H4v-2zm16 0H8v2h12v-2z\" fill=\"currentColor\"><\/path><\/svg><svg style=\"fill: #999;color:#999\" class=\"arrow-unsorted-368013\" xmlns=\"http:\/\/www.w3.org\/2000\/svg\" width=\"10px\" height=\"10px\" viewbox=\"0 0 24 24\" version=\"1.2\" baseprofile=\"tiny\"><path d=\"M18.2 9.3l-6.2-6.3-6.2 6.3c-.2.2-.3.4-.3.7s.1.5.3.7c.2.2.4.3.7.3h11c.3 0 .5-.1.7-.3.2-.2.3-.5.3-.7s-.1-.5-.3-.7zM5.8 14.7l6.2 6.3 6.2-6.3c.2-.2.3-.5.3-.7s-.1-.5-.3-.7c-.2-.2-.4-.3-.7-.3h-11c-.3 0-.5.1-.7.3-.2.2-.3.5-.3.7s.1.5.3.7z\"\/><\/svg><\/span><\/span><\/span><\/a><\/span><\/div>\n<nav><ul class='ez-toc-list ez-toc-list-level-1 eztoc-toggle-hide-by-default' ><li class='ez-toc-page-1 ez-toc-heading-level-2'><a class=\"ez-toc-link ez-toc-heading-1\" href=\"https:\/\/www.dealexpert.eu\/es\/p\/robot-de-limpieza\/#Advantages_of_CleanRobot\" >Ventajas de CleanRobot<\/a><\/li><li class='ez-toc-page-1 ez-toc-heading-level-2'><a class=\"ez-toc-link ez-toc-heading-2\" href=\"https:\/\/www.dealexpert.eu\/es\/p\/robot-de-limpieza\/#Key_Features_of_CleanRobot\" >Caracter\u00edsticas principales de CleanRobot<\/a><\/li><li class='ez-toc-page-1 ez-toc-heading-level-2'><a class=\"ez-toc-link ez-toc-heading-3\" href=\"https:\/\/www.dealexpert.eu\/es\/p\/robot-de-limpieza\/#How_CleanRobot_Works\" >C\u00f3mo funciona CleanRobot<\/a><\/li><li class='ez-toc-page-1 ez-toc-heading-level-2'><a class=\"ez-toc-link ez-toc-heading-4\" href=\"https:\/\/www.dealexpert.eu\/es\/p\/robot-de-limpieza\/#CleanRobot_vs_Traditional_Vacuums\" >CleanRobot frente a las aspiradoras tradicionales<\/a><\/li><li class='ez-toc-page-1 ez-toc-heading-level-2'><a class=\"ez-toc-link ez-toc-heading-5\" href=\"https:\/\/www.dealexpert.eu\/es\/p\/robot-de-limpieza\/#Customer_Reviews_and_Feedback\" >Opiniones y comentarios de los clientes<\/a><\/li><li class='ez-toc-page-1 ez-toc-heading-level-2'><a class=\"ez-toc-link ez-toc-heading-6\" href=\"https:\/\/www.dealexpert.eu\/es\/p\/robot-de-limpieza\/#Where_to_Buy_CleanRobot\" >D\u00f3nde comprar CleanRobot<\/a><\/li><li class='ez-toc-page-1 ez-toc-heading-level-2'><a class=\"ez-toc-link ez-toc-heading-7\" href=\"https:\/\/www.dealexpert.eu\/es\/p\/robot-de-limpieza\/#Frequently_Asked_Questions_FAQ\" >Preguntas m\u00e1s frecuentes (FAQ)<\/a><\/li><li class='ez-toc-page-1 ez-toc-heading-level-2'><a class=\"ez-toc-link ez-toc-heading-8\" href=\"https:\/\/www.dealexpert.eu\/es\/p\/robot-de-limpieza\/#Get_Your_CleanRobot_Today\" >Consiga su CleanRobot hoy mismo<\/a><\/li><\/ul><\/nav><\/div>\n<h2><span class=\"ez-toc-section\" id=\"Advantages_of_CleanRobot\"><\/span>Ventajas de CleanRobot<span class=\"ez-toc-section-end\"><\/span><\/h2>\n<p>El CleanRobot cambia por completo las reglas del juego de la limpieza dom\u00e9stica. Tiene una variedad de beneficios que pueden mejorar significativamente su rutina diaria. Perm\u00edtame compartir algunas de las ventajas clave que m\u00e1s destacan:<\/p>\n<ul>\n<li><strong>Ahorro de tiempo<\/strong>: Con CleanRobot, limpiar se convierte en un juego de ni\u00f1os. Una vez configurado, puede dejar que haga el trabajo mientras usted se centra en otras tareas. Es un ahorro de tiempo para gente ocupada como t\u00fa y como yo.<\/li>\n<li><strong>Funcionamiento manos libres<\/strong>: Ya no tendr\u00e1 que dedicar su valioso tiempo a pasar la aspiradora. Solo tienes que programar el robot y \u00e9l har\u00e1 todo el trabajo sin que tengas que mover un dedo.<\/li>\n<li><strong>Eficacia<\/strong>: CleanRobot est\u00e1 dise\u00f1ado para limpiar incluso aquellos lugares de dif\u00edcil acceso, garantizando que cada rinc\u00f3n de su hogar est\u00e9 impecable.<\/li>\n<li><strong>Tecnolog\u00eda inteligente<\/strong>: Integrado con sensores inteligentes e IA, CleanRobot mapea su casa y navega eficientemente, evitando obst\u00e1culos. No es solo un aspirador; es un asistente de limpieza altamente inteligente.<\/li>\n<\/ul>\n<h2><span class=\"ez-toc-section\" id=\"Key_Features_of_CleanRobot\"><\/span>Caracter\u00edsticas principales de CleanRobot<span class=\"ez-toc-section-end\"><\/span><\/h2>\n<p>Ahora que ya conoce las principales ventajas, perm\u00edtame profundizar en las caracter\u00edsticas espec\u00edficas de CleanRobot que lo hacen tan eficaz:<\/p>\n<ul>\n<li><strong>Navegaci\u00f3n autom\u00e1tica<\/strong>: CleanRobot escanea y mapea eficientemente su hogar, asegur\u00e1ndose de no perderse ni un solo lugar.<\/li>\n<li><strong>Sensores inteligentes<\/strong>: Detecta la suciedad, los residuos y los obst\u00e1culos, ajustando su trayectoria en consecuencia, lo que minimiza el riesgo de colisiones.<\/li>\n<li><strong>Bater\u00eda de larga duraci\u00f3n<\/strong>: Puede disfrutar de hasta 120 minutos de limpieza ininterrumpida, lo que la hace perfecta para limpiar espacios grandes o varias habitaciones de una sola vez.<\/li>\n<li><strong>Integraci\u00f3n de aplicaciones<\/strong>: Controle CleanRobot de forma remota a trav\u00e9s de su smartphone, programe sesiones de limpieza o supervise su progreso desde cualquier lugar del mundo.<\/li>\n<li><strong>M\u00faltiples modos de limpieza<\/strong>: Si usted tiene pisos de madera, alfombras o baldosas, CleanRobot tiene diferentes modos que se adaptan a superficies espec\u00edficas.<\/li>\n<\/ul>\n<h2><span class=\"ez-toc-section\" id=\"How_CleanRobot_Works\"><\/span>C\u00f3mo funciona CleanRobot<span class=\"ez-toc-section-end\"><\/span><\/h2>\n<p>CleanRobot utiliza tecnolog\u00eda avanzada para funcionar de forma aut\u00f3noma, y es sorprendentemente sencillo. As\u00ed es como funciona:<\/p>\n<ul>\n<li><i>Mapa de su casa<\/i>: CleanRobot comienza escaneando su entorno, creando un mapa detallado de su hogar.<\/li>\n<li><i>Navegaci\u00f3n inteligente<\/i>: Planifica la ruta de limpieza m\u00e1s eficiente, evitando obst\u00e1culos por el camino.<\/li>\n<li><i>Limpieza aut\u00f3noma<\/i>: Una vez que empieza a limpiar, CleanRobot se asegura de cubrir todas las zonas. Cuando la bater\u00eda est\u00e1 baja, vuelve autom\u00e1ticamente a su estaci\u00f3n de carga.<\/li>\n<\/ul>\n<h2><span class=\"ez-toc-section\" id=\"CleanRobot_vs_Traditional_Vacuums\"><\/span>CleanRobot frente a las aspiradoras tradicionales<span class=\"ez-toc-section-end\"><\/span><\/h2>\n<p>Entonces, \u00bfc\u00f3mo se compara CleanRobot con las aspiradoras tradicionales? Perm\u00edtame se\u00f1alar algunas diferencias notables:<\/p>\n<ul>\n<li><strong>Funcionamiento manos libres<\/strong>: A diferencia de las aspiradoras tradicionales, CleanRobot limpia su hogar sin que usted tenga que empujarla.<\/li>\n<li><strong>Autocarga<\/strong>: Se acab\u00f3 el tener que enchufarlo. Cuando la bater\u00eda se agota, CleanRobot vuelve solo a su estaci\u00f3n de carga.<\/li>\n<li><strong>Modos de limpieza personalizables<\/strong>: CleanRobot ofrece varios modos de limpieza, por lo que es adecuado para todo tipo de suelos, mientras que las aspiradoras tradicionales suelen ofrecer un \u00fanico ajuste.<\/li>\n<\/ul>\n<h2><span class=\"ez-toc-section\" id=\"Customer_Reviews_and_Feedback\"><\/span>Opiniones y comentarios de los clientes<span class=\"ez-toc-section-end\"><\/span><\/h2>\n<p>\u00bfQu\u00e9 opina la gente de CleanRobot? Estas son algunas experiencias reales que ponen de relieve su eficacia:<\/p>\n<ul>\n<li><i>\"Me encanta c\u00f3mo CleanRobot mantiene mi casa impecable todos los d\u00edas. Es perfecto para mi ajetreado estilo de vida\".<\/i> - Sarah, usuaria<\/li>\n<li><i>\"Un cambio de juego para la limpieza. La integraci\u00f3n de la app facilita el control remoto\".<\/i> - John, Usuario<\/li>\n<\/ul>\n<h2><span class=\"ez-toc-section\" id=\"Where_to_Buy_CleanRobot\"><\/span>D\u00f3nde comprar CleanRobot<span class=\"ez-toc-section-end\"><\/span><\/h2>\n<p>Si est\u00e1 listo para actualizar su rutina de limpieza, puede comprar CleanRobot directamente en el sitio web oficial. El proceso de compra es seguro y sencillo, y ofrecen una gran variedad de modelos que se adaptan a tus necesidades.<\/p>\n<h2><span class=\"ez-toc-section\" id=\"Frequently_Asked_Questions_FAQ\"><\/span>Preguntas m\u00e1s frecuentes (FAQ)<span class=\"ez-toc-section-end\"><\/span><\/h2>\n<ul>\n<li><strong>\u00bfCu\u00e1nto dura la bater\u00eda con una sola carga?<\/strong> - CleanRobot ofrece hasta 120 minutos de tiempo de limpieza con una carga completa, lo que deber\u00eda ser suficiente para la mayor\u00eda de los hogares.<\/li>\n<li><strong>\u00bfPuede CleanRobot limpiar varias habitaciones?<\/strong> - Absolutamente. Su bater\u00eda de larga duraci\u00f3n y su tecnolog\u00eda de mapeo la hacen ideal para limpiar varias habitaciones en una sola sesi\u00f3n.<\/li>\n<li><strong>\u00bfC\u00f3mo se limpia el cubo de la basura?<\/strong> - Basta con retirar el cubo de basura del robot y vaciarlo. Un mantenimiento regular garantiza un rendimiento \u00f3ptimo.<\/li>\n<\/ul>\n<h2><span class=\"ez-toc-section\" id=\"Get_Your_CleanRobot_Today\"><\/span>Consiga su CleanRobot hoy mismo<span class=\"ez-toc-section-end\"><\/span><\/h2>\n<p>Si desea una forma m\u00e1s inteligente y eficiente de limpiar su hogar, no lo dude. CleanRobot no s\u00f3lo le ahorrar\u00e1 tiempo, sino que tambi\u00e9n le proporcionar\u00e1 una limpieza a fondo en todo momento. \u00a1Es hora de revolucionar su rutina de limpieza!<\/p>","protected":false},"excerpt":{"rendered":"<li>Navegaci\u00f3n autom\u00e1tica: Mapea y navega eficazmente por tu casa.<\/li>\n<li>Sensores inteligentes: Detecta la suciedad y los obst\u00e1culos para evitar colisiones.<\/li>\n<li>Bater\u00eda de larga duraci\u00f3n: Limpia varias habitaciones con una sola carga.<\/li>\n<li>Integraci\u00f3n de aplicaciones: Controla y supervisa a trav\u00e9s de una app para smartphone.<\/li>\n<li>M\u00faltiples modos de limpieza: Opciones de limpieza personalizables para diferentes superficies.<\/li>","protected":false},"featured_media":1218,"template":"","meta":{"_lmt_disableupdate":"","_lmt_disable":"","_kadence_starter_templates_imported_post":false,"_kad_post_transparent":"default","_kad_post_title":"","_kad_post_layout":"default","_kad_post_sidebar_id":"","_kad_post_content_style":"default","_kad_post_vertical_padding":"default","_kad_post_feature":"","_kad_post_feature_position":"","_kad_post_header":false,"_kad_post_footer":false,"_kad_post_classname":""},"product_brand":[],"product_cat":[16],"product_tag":[],"class_list":{"0":"post-311","1":"product","2":"type-product","3":"status-publish","4":"has-post-thumbnail","6":"product_cat-technology","8":"first","9":"instock","10":"shipping-taxable","11":"product-type-external","12":"entry","13":"content-bg","14":"loop-entry"},"_links":{"self":[{"href":"https:\/\/www.dealexpert.eu\/es\/wp-json\/wp\/v2\/product\/311","targetHints":{"allow":["GET"]}}],"collection":[{"href":"https:\/\/www.dealexpert.eu\/es\/wp-json\/wp\/v2\/product"}],"about":[{"href":"https:\/\/www.dealexpert.eu\/es\/wp-json\/wp\/v2\/types\/product"}],"wp:featuredmedia":[{"embeddable":true,"href":"https:\/\/www.dealexpert.eu\/es\/wp-json\/wp\/v2\/media\/1218"}],"wp:attachment":[{"href":"https:\/\/www.dealexpert.eu\/es\/wp-json\/wp\/v2\/media?parent=311"}],"wp:term":[{"taxonomy":"product_brand","embeddable":true,"href":"https:\/\/www.dealexpert.eu\/es\/wp-json\/wp\/v2\/product_brand?post=311"},{"taxonomy":"product_cat","embeddable":true,"href":"https:\/\/www.dealexpert.eu\/es\/wp-json\/wp\/v2\/product_cat?post=311"},{"taxonomy":"product_tag","embeddable":true,"href":"https:\/\/www.dealexpert.eu\/es\/wp-json\/wp\/v2\/product_tag?post=311"}],"curies":[{"name":"wp","href":"https:\/\/api.w.org\/{rel}","templated":true}]}}