{"id":310,"date":"2025-07-23T22:09:41","date_gmt":"2025-07-23T22:09:41","guid":{"rendered":"https:\/\/www.dealexpert.eu\/?post_type=product&#038;p=310"},"modified":"2025-07-24T14:47:14","modified_gmt":"2025-07-24T14:47:14","slug":"soundpro-spor","status":"publish","type":"product","link":"https:\/\/www.dealexpert.eu\/es\/p\/soundpro-spor\/","title":{"rendered":"SoundPRO Spor"},"content":{"rendered":"<div class=\"kk-star-ratings kksr-auto kksr-align-left kksr-valign-top\"\n    data-payload='{&quot;align&quot;:&quot;left&quot;,&quot;id&quot;:&quot;310&quot;,&quot;slug&quot;:&quot;default&quot;,&quot;valign&quot;:&quot;top&quot;,&quot;ignore&quot;:&quot;&quot;,&quot;reference&quot;:&quot;auto&quot;,&quot;class&quot;:&quot;&quot;,&quot;count&quot;:&quot;0&quot;,&quot;legendonly&quot;:&quot;&quot;,&quot;readonly&quot;:&quot;&quot;,&quot;score&quot;:&quot;0&quot;,&quot;starsonly&quot;:&quot;&quot;,&quot;best&quot;:&quot;5&quot;,&quot;gap&quot;:&quot;5&quot;,&quot;greet&quot;:&quot;Rate this product&quot;,&quot;legend&quot;:&quot;0\\\/5 - (0 votos)&quot;,&quot;size&quot;:&quot;24&quot;,&quot;title&quot;:&quot;SoundPRO Spor&quot;,&quot;width&quot;:&quot;0&quot;,&quot;_legend&quot;:&quot;{score}\\\/{best} - ({count} {votes})&quot;,&quot;font_factor&quot;:&quot;1.25&quot;}'>\n            \n<div class=\"kksr-stars\">\n    \n<div class=\"kksr-stars-inactive\">\n            <div class=\"kksr-star\" data-star=\"1\" style=\"padding-right: 5px\">\n            \n\n<div class=\"kksr-icon\" style=\"width: 24px; height: 24px;\"><\/div>\n        <\/div>\n            <div class=\"kksr-star\" data-star=\"2\" style=\"padding-right: 5px\">\n            \n\n<div class=\"kksr-icon\" style=\"width: 24px; height: 24px;\"><\/div>\n        <\/div>\n            <div class=\"kksr-star\" data-star=\"3\" style=\"padding-right: 5px\">\n            \n\n<div class=\"kksr-icon\" style=\"width: 24px; height: 24px;\"><\/div>\n        <\/div>\n            <div class=\"kksr-star\" data-star=\"4\" style=\"padding-right: 5px\">\n            \n\n<div class=\"kksr-icon\" style=\"width: 24px; height: 24px;\"><\/div>\n        <\/div>\n            <div class=\"kksr-star\" data-star=\"5\" style=\"padding-right: 5px\">\n            \n\n<div class=\"kksr-icon\" style=\"width: 24px; height: 24px;\"><\/div>\n        <\/div>\n    <\/div>\n    \n<div class=\"kksr-stars-active\" style=\"width: 0px;\">\n            <div class=\"kksr-star\" style=\"padding-right: 5px\">\n            \n\n<div class=\"kksr-icon\" style=\"width: 24px; height: 24px;\"><\/div>\n        <\/div>\n            <div class=\"kksr-star\" style=\"padding-right: 5px\">\n            \n\n<div class=\"kksr-icon\" style=\"width: 24px; height: 24px;\"><\/div>\n        <\/div>\n            <div class=\"kksr-star\" style=\"padding-right: 5px\">\n            \n\n<div class=\"kksr-icon\" style=\"width: 24px; height: 24px;\"><\/div>\n        <\/div>\n            <div class=\"kksr-star\" style=\"padding-right: 5px\">\n            \n\n<div class=\"kksr-icon\" style=\"width: 24px; height: 24px;\"><\/div>\n        <\/div>\n            <div class=\"kksr-star\" style=\"padding-right: 5px\">\n            \n\n<div class=\"kksr-icon\" style=\"width: 24px; height: 24px;\"><\/div>\n        <\/div>\n    <\/div>\n<\/div>\n                \n\n<div class=\"kksr-legend\" style=\"font-size: 19.2px;\">\n            <span class=\"kksr-muted\">Valora este producto<\/span>\n    <\/div>\n    <\/div>\n<div id=\"ez-toc-container\" class=\"ez-toc-v2_0_81 counter-hierarchy ez-toc-counter ez-toc-grey ez-toc-container-direction\">\n<div class=\"ez-toc-title-container\">\n<p class=\"ez-toc-title\" style=\"cursor:inherit\">Resumen<\/p>\n<span class=\"ez-toc-title-toggle\"><a href=\"#\" class=\"ez-toc-pull-right ez-toc-btn ez-toc-btn-xs ez-toc-btn-default ez-toc-toggle\" aria-label=\"Alternar tabla de contenidos\"><span class=\"ez-toc-js-icon-con\"><span class=\"\"><span class=\"eztoc-hide\" style=\"display:none;\">Toggle<\/span><span class=\"ez-toc-icon-toggle-span\"><svg style=\"fill: #999;color:#999\" xmlns=\"http:\/\/www.w3.org\/2000\/svg\" class=\"list-377408\" width=\"20px\" height=\"20px\" viewbox=\"0 0 24 24\" fill=\"none\"><path d=\"M6 6H4v2h2V6zm14 0H8v2h12V6zM4 11h2v2H4v-2zm16 0H8v2h12v-2zM4 16h2v2H4v-2zm16 0H8v2h12v-2z\" fill=\"currentColor\"><\/path><\/svg><svg style=\"fill: #999;color:#999\" class=\"arrow-unsorted-368013\" xmlns=\"http:\/\/www.w3.org\/2000\/svg\" width=\"10px\" height=\"10px\" viewbox=\"0 0 24 24\" version=\"1.2\" baseprofile=\"tiny\"><path d=\"M18.2 9.3l-6.2-6.3-6.2 6.3c-.2.2-.3.4-.3.7s.1.5.3.7c.2.2.4.3.7.3h11c.3 0 .5-.1.7-.3.2-.2.3-.5.3-.7s-.1-.5-.3-.7zM5.8 14.7l6.2 6.3 6.2-6.3c.2-.2.3-.5.3-.7s-.1-.5-.3-.7c-.2-.2-.4-.3-.7-.3h-11c-.3 0-.5.1-.7.3-.2.2-.3.5-.3.7s.1.5.3.7z\"\/><\/svg><\/span><\/span><\/span><\/a><\/span><\/div>\n<nav><ul class='ez-toc-list ez-toc-list-level-1 eztoc-toggle-hide-by-default' ><li class='ez-toc-page-1 ez-toc-heading-level-2'><a class=\"ez-toc-link ez-toc-heading-1\" href=\"https:\/\/www.dealexpert.eu\/es\/p\/soundpro-spor\/#What_is_SoundPRO_Spor\" >\u00bfQu\u00e9 es SoundPRO Spor?<\/a><\/li><li class='ez-toc-page-1 ez-toc-heading-level-2'><a class=\"ez-toc-link ez-toc-heading-2\" href=\"https:\/\/www.dealexpert.eu\/es\/p\/soundpro-spor\/#Why_choose_SoundPRO_Spor\" >\u00bfPor qu\u00e9 elegir SoundPRO Spor?<\/a><\/li><li class='ez-toc-page-1 ez-toc-heading-level-2'><a class=\"ez-toc-link ez-toc-heading-3\" href=\"https:\/\/www.dealexpert.eu\/es\/p\/soundpro-spor\/#Key_features_of_SoundPRO_Spor\" >Caracter\u00edsticas principales de SoundPRO Spor<\/a><\/li><li class='ez-toc-page-1 ez-toc-heading-level-2'><a class=\"ez-toc-link ez-toc-heading-4\" href=\"https:\/\/www.dealexpert.eu\/es\/p\/soundpro-spor\/#Why_SoundPRO_Spor_is_essential_for_athletes\" >Por qu\u00e9 SoundPRO Spor es esencial para los deportistas<\/a><\/li><li class='ez-toc-page-1 ez-toc-heading-level-2'><a class=\"ez-toc-link ez-toc-heading-5\" href=\"https:\/\/www.dealexpert.eu\/es\/p\/soundpro-spor\/#Where_to_buy_SoundPRO_Spor\" >D\u00f3nde comprar SoundPRO Spor<\/a><\/li><li class='ez-toc-page-1 ez-toc-heading-level-2'><a class=\"ez-toc-link ez-toc-heading-6\" href=\"https:\/\/www.dealexpert.eu\/es\/p\/soundpro-spor\/#What_users_are_saying_about_SoundPRO_Spor\" >Opiniones de usuarios sobre SoundPRO Spor<\/a><\/li><li class='ez-toc-page-1 ez-toc-heading-level-2'><a class=\"ez-toc-link ez-toc-heading-7\" href=\"https:\/\/www.dealexpert.eu\/es\/p\/soundpro-spor\/#Frequently_Asked_Questions\" >Preguntas frecuentes<\/a><ul class='ez-toc-list-level-3' ><li class='ez-toc-heading-level-3'><a class=\"ez-toc-link ez-toc-heading-8\" href=\"https:\/\/www.dealexpert.eu\/es\/p\/soundpro-spor\/#Is_SoundPRO_Spor_suitable_for_all_sports\" >\u00bfSoundPRO Spor es adecuado para todos los deportes?<\/a><\/li><li class='ez-toc-page-1 ez-toc-heading-level-3'><a class=\"ez-toc-link ez-toc-heading-9\" href=\"https:\/\/www.dealexpert.eu\/es\/p\/soundpro-spor\/#How_long_does_the_battery_of_SoundPRO_Spor_last\" >\u00bfCu\u00e1nto dura la bater\u00eda de SoundPRO Spor?<\/a><\/li><li class='ez-toc-page-1 ez-toc-heading-level-3'><a class=\"ez-toc-link ez-toc-heading-10\" href=\"https:\/\/www.dealexpert.eu\/es\/p\/soundpro-spor\/#Can_SoundPRO_Spor_be_used_in_wet_conditions\" >\u00bfSe puede utilizar SoundPRO Spor en condiciones de humedad?<\/a><\/li><\/ul><\/li><\/ul><\/nav><\/div>\n<h2><span class=\"ez-toc-section\" id=\"What_is_SoundPRO_Spor\"><\/span>\u00bfQu\u00e9 es SoundPRO Spor?<span class=\"ez-toc-section-end\"><\/span><\/h2>\n<p>SoundPRO Spor es un innovador dispositivo de protecci\u00f3n auditiva, dise\u00f1ado espec\u00edficamente para atletas que desean proteger su audici\u00f3n sin comprometer su rendimiento. Tanto si eres un atleta profesional como si te dedicas al ocio, este dispositivo te garantiza que podr\u00e1s participar en tus deportes favoritos mientras te proteges de los niveles de ruido perjudiciales. Creo que es la soluci\u00f3n perfecta para quienes practican actividades de alta intensidad y desean preservar su audici\u00f3n a largo plazo.<\/p>\n<h2><span class=\"ez-toc-section\" id=\"Why_choose_SoundPRO_Spor\"><\/span>\u00bfPor qu\u00e9 elegir SoundPRO Spor?<span class=\"ez-toc-section-end\"><\/span><\/h2>\n<p>Cuando se trata de proteger su audici\u00f3n, SoundPRO Spor se distingue de los productos t\u00edpicos de protecci\u00f3n auditiva. A diferencia de muchas alternativas, est\u00e1 dise\u00f1ado pensando en el deportista, combinando comodidad, durabilidad y una calidad de sonido superior. No s\u00f3lo te protege de los niveles de ruido perjudiciales, sino que tambi\u00e9n te permite o\u00edr las se\u00f1ales y sonidos importantes de tu entorno, algo crucial para mantener la concentraci\u00f3n durante los entrenamientos intensos o las competiciones. Creo que consigue el equilibrio perfecto entre seguridad y rendimiento.<\/p>\n<h2><span class=\"ez-toc-section\" id=\"Key_features_of_SoundPRO_Spor\"><\/span>Caracter\u00edsticas principales de SoundPRO Spor<span class=\"ez-toc-section-end\"><\/span><\/h2>\n<ul>\n<li><strong>Tecnolog\u00eda avanzada de reducci\u00f3n del ruido:<\/strong> SoundPRO Spor minimiza los ruidos perjudiciales al tiempo que deja pasar los sonidos importantes.<\/li>\n<li><strong>Dise\u00f1o c\u00f3modo y ligero:<\/strong> El dispositivo est\u00e1 dise\u00f1ado para llevarlo durante periodos prolongados, garantizando la m\u00e1xima comodidad durante el entrenamiento o la competici\u00f3n.<\/li>\n<li><strong>Resistente al agua y al sudor:<\/strong> Fabricados para el deporte, resisten incluso las condiciones m\u00e1s intensas, manteniendo sus o\u00eddos protegidos en todos los entornos.<\/li>\n<li><strong>Alta fidelidad de sonido:<\/strong> Escuche todas las se\u00f1ales ambientales importantes que mejoran su rendimiento, incluso en entornos ruidosos.<\/li>\n<li><strong>Bater\u00eda de larga duraci\u00f3n:<\/strong> Consigue hasta 12 horas de protecci\u00f3n con una sola carga, perfecto para eventos de un d\u00eda de duraci\u00f3n o sesiones de entrenamiento intensas.<\/li>\n<\/ul>\n<h2><span class=\"ez-toc-section\" id=\"Why_SoundPRO_Spor_is_essential_for_athletes\"><\/span>Por qu\u00e9 SoundPRO Spor es esencial para los deportistas<span class=\"ez-toc-section-end\"><\/span><\/h2>\n<p>La p\u00e9rdida de audici\u00f3n inducida por el ruido es una preocupaci\u00f3n real para los deportistas, sobre todo para los que entrenan o compiten en entornos ruidosos como estadios o gimnasios. Puede ser dif\u00edcil proteger la audici\u00f3n sin perder la concentraci\u00f3n en el rendimiento. Ah\u00ed es donde SoundPRO Spor destaca. Proporciona una protecci\u00f3n \u00f3ptima, garantizando que permanezca protegido de los ruidos perjudiciales, al tiempo que le permite o\u00edr los sonidos que necesita para mantenerse comprometido y concentrado en su deporte. En mi opini\u00f3n, se trata de una inversi\u00f3n esencial para cualquiera que se tome en serio su rendimiento deportivo.<\/p>\n<h2><span class=\"ez-toc-section\" id=\"Where_to_buy_SoundPRO_Spor\"><\/span>D\u00f3nde comprar SoundPRO Spor<span class=\"ez-toc-section-end\"><\/span><\/h2>\n<p>Puede adquirir f\u00e1cilmente SoundPRO Spor directamente en el sitio web oficial de Neotechix. Con un sencillo sistema de pedidos en l\u00ednea y env\u00edo internacional, es f\u00e1cil hacerse con este fant\u00e1stico producto. \u00bfPor qu\u00e9 esperar? Proteja su audici\u00f3n con SoundPRO Spor y disfrute de sus actividades deportivas con tranquilidad. Le recomiendo que visite hoy mismo su p\u00e1gina web para realizar su pedido.<\/p>\n<h2><span class=\"ez-toc-section\" id=\"What_users_are_saying_about_SoundPRO_Spor\"><\/span>Opiniones de usuarios sobre SoundPRO Spor<span class=\"ez-toc-section-end\"><\/span><\/h2>\n<p>Muchos atletas est\u00e1n encantados con el rendimiento de SoundPRO Spor. Desde corredores a ciclistas, e incluso jugadores de deportes de equipo, los deportistas coinciden en que proporciona una comodidad, durabilidad y protecci\u00f3n inigualables. Aprecian c\u00f3mo les permite mantenerse inmersos en su deporte, sin distraerse con ruidos perjudiciales. Por mi propia experiencia y los comentarios que he recibido, puedo afirmar con seguridad que este producto cambia las reglas del juego de la protecci\u00f3n auditiva en el deporte.<\/p>\n<h2><span class=\"ez-toc-section\" id=\"Frequently_Asked_Questions\"><\/span>Preguntas frecuentes<span class=\"ez-toc-section-end\"><\/span><\/h2>\n<h3><span class=\"ez-toc-section\" id=\"Is_SoundPRO_Spor_suitable_for_all_sports\"><\/span>\u00bfSoundPRO Spor es adecuado para todos los deportes?<span class=\"ez-toc-section-end\"><\/span><\/h3>\n<p>S\u00ed, SoundPRO Spor es incre\u00edblemente vers\u00e1til y funciona bien en varios deportes como el running, el ciclismo y los deportes de equipo. Tanto si est\u00e1s en un espacio de entrenamiento tranquilo como en una competici\u00f3n ruidosa, este producto est\u00e1 dise\u00f1ado para satisfacer tus necesidades.<\/p>\n<h3><span class=\"ez-toc-section\" id=\"How_long_does_the_battery_of_SoundPRO_Spor_last\"><\/span>\u00bfCu\u00e1nto dura la bater\u00eda de SoundPRO Spor?<span class=\"ez-toc-section-end\"><\/span><\/h3>\n<p>La bater\u00eda dura hasta 12 horas con una sola carga, dependiendo de la frecuencia de uso. Esto la hace ideal para largas sesiones de entrenamiento o eventos de todo el d\u00eda.<\/p>\n<h3><span class=\"ez-toc-section\" id=\"Can_SoundPRO_Spor_be_used_in_wet_conditions\"><\/span>\u00bfSe puede utilizar SoundPRO Spor en condiciones de humedad?<span class=\"ez-toc-section-end\"><\/span><\/h3>\n<p>S\u00ed, SoundPRO Spor es resistente al sudor y al agua, por lo que es perfecto para atletas que entrenan en condiciones dif\u00edciles. Tanto si corres bajo la lluvia como si sudas en el gimnasio, puedes confiar en que SoundPRO Spor proteger\u00e1 tu audici\u00f3n.<\/p>","protected":false},"excerpt":{"rendered":"<li>Tecnolog\u00eda avanzada de reducci\u00f3n del ruido para una protecci\u00f3n auditiva \u00f3ptima<\/li>\n<li>Dise\u00f1o c\u00f3modo y ligero para un uso duradero durante la pr\u00e1ctica deportiva<\/li>\n<li>Resistente al agua y al sudor, perfecto para actividades f\u00edsicas intensas<\/li>\n<li>Fidelidad de sonido de alta calidad para una conciencia medioambiental esencial<\/li>\n<li>Bater\u00eda de larga duraci\u00f3n para sesiones de entrenamiento y competici\u00f3n prolongadas<\/li>","protected":false},"featured_media":1219,"template":"","meta":{"_lmt_disableupdate":"","_lmt_disable":"","_kadence_starter_templates_imported_post":false,"_kad_post_transparent":"default","_kad_post_title":"","_kad_post_layout":"default","_kad_post_sidebar_id":"","_kad_post_content_style":"default","_kad_post_vertical_padding":"default","_kad_post_feature":"","_kad_post_feature_position":"","_kad_post_header":false,"_kad_post_footer":false,"_kad_post_classname":""},"product_brand":[],"product_cat":[16],"product_tag":[],"class_list":{"0":"post-310","1":"product","2":"type-product","3":"status-publish","4":"has-post-thumbnail","6":"product_cat-technology","8":"first","9":"instock","10":"shipping-taxable","11":"product-type-external","12":"entry","13":"content-bg","14":"loop-entry"},"_links":{"self":[{"href":"https:\/\/www.dealexpert.eu\/es\/wp-json\/wp\/v2\/product\/310","targetHints":{"allow":["GET"]}}],"collection":[{"href":"https:\/\/www.dealexpert.eu\/es\/wp-json\/wp\/v2\/product"}],"about":[{"href":"https:\/\/www.dealexpert.eu\/es\/wp-json\/wp\/v2\/types\/product"}],"wp:featuredmedia":[{"embeddable":true,"href":"https:\/\/www.dealexpert.eu\/es\/wp-json\/wp\/v2\/media\/1219"}],"wp:attachment":[{"href":"https:\/\/www.dealexpert.eu\/es\/wp-json\/wp\/v2\/media?parent=310"}],"wp:term":[{"taxonomy":"product_brand","embeddable":true,"href":"https:\/\/www.dealexpert.eu\/es\/wp-json\/wp\/v2\/product_brand?post=310"},{"taxonomy":"product_cat","embeddable":true,"href":"https:\/\/www.dealexpert.eu\/es\/wp-json\/wp\/v2\/product_cat?post=310"},{"taxonomy":"product_tag","embeddable":true,"href":"https:\/\/www.dealexpert.eu\/es\/wp-json\/wp\/v2\/product_tag?post=310"}],"curies":[{"name":"wp","href":"https:\/\/api.w.org\/{rel}","templated":true}]}}