{"id":309,"date":"2025-07-23T22:04:27","date_gmt":"2025-07-23T22:04:27","guid":{"rendered":"https:\/\/www.dealexpert.eu\/?post_type=product&#038;p=309"},"modified":"2025-07-24T15:04:57","modified_gmt":"2025-07-24T15:04:57","slug":"banda-moskix","status":"publish","type":"product","link":"https:\/\/www.dealexpert.eu\/es\/p\/banda-moskix\/","title":{"rendered":"Banda MoskiX"},"content":{"rendered":"<div class=\"kk-star-ratings kksr-auto kksr-align-left kksr-valign-top\"\n    data-payload='{&quot;align&quot;:&quot;left&quot;,&quot;id&quot;:&quot;309&quot;,&quot;slug&quot;:&quot;default&quot;,&quot;valign&quot;:&quot;top&quot;,&quot;ignore&quot;:&quot;&quot;,&quot;reference&quot;:&quot;auto&quot;,&quot;class&quot;:&quot;&quot;,&quot;count&quot;:&quot;0&quot;,&quot;legendonly&quot;:&quot;&quot;,&quot;readonly&quot;:&quot;&quot;,&quot;score&quot;:&quot;0&quot;,&quot;starsonly&quot;:&quot;&quot;,&quot;best&quot;:&quot;5&quot;,&quot;gap&quot;:&quot;5&quot;,&quot;greet&quot;:&quot;Rate this product&quot;,&quot;legend&quot;:&quot;0\\\/5 - (0 votos)&quot;,&quot;size&quot;:&quot;24&quot;,&quot;title&quot;:&quot;MoskiX Band&quot;,&quot;width&quot;:&quot;0&quot;,&quot;_legend&quot;:&quot;{score}\\\/{best} - ({count} {votes})&quot;,&quot;font_factor&quot;:&quot;1.25&quot;}'>\n            \n<div class=\"kksr-stars\">\n    \n<div class=\"kksr-stars-inactive\">\n            <div class=\"kksr-star\" data-star=\"1\" style=\"padding-right: 5px\">\n            \n\n<div class=\"kksr-icon\" style=\"width: 24px; height: 24px;\"><\/div>\n        <\/div>\n            <div class=\"kksr-star\" data-star=\"2\" style=\"padding-right: 5px\">\n            \n\n<div class=\"kksr-icon\" style=\"width: 24px; height: 24px;\"><\/div>\n        <\/div>\n            <div class=\"kksr-star\" data-star=\"3\" style=\"padding-right: 5px\">\n            \n\n<div class=\"kksr-icon\" style=\"width: 24px; height: 24px;\"><\/div>\n        <\/div>\n            <div class=\"kksr-star\" data-star=\"4\" style=\"padding-right: 5px\">\n            \n\n<div class=\"kksr-icon\" style=\"width: 24px; height: 24px;\"><\/div>\n        <\/div>\n            <div class=\"kksr-star\" data-star=\"5\" style=\"padding-right: 5px\">\n            \n\n<div class=\"kksr-icon\" style=\"width: 24px; height: 24px;\"><\/div>\n        <\/div>\n    <\/div>\n    \n<div class=\"kksr-stars-active\" style=\"width: 0px;\">\n            <div class=\"kksr-star\" style=\"padding-right: 5px\">\n            \n\n<div class=\"kksr-icon\" style=\"width: 24px; height: 24px;\"><\/div>\n        <\/div>\n            <div class=\"kksr-star\" style=\"padding-right: 5px\">\n            \n\n<div class=\"kksr-icon\" style=\"width: 24px; height: 24px;\"><\/div>\n        <\/div>\n            <div class=\"kksr-star\" style=\"padding-right: 5px\">\n            \n\n<div class=\"kksr-icon\" style=\"width: 24px; height: 24px;\"><\/div>\n        <\/div>\n            <div class=\"kksr-star\" style=\"padding-right: 5px\">\n            \n\n<div class=\"kksr-icon\" style=\"width: 24px; height: 24px;\"><\/div>\n        <\/div>\n            <div class=\"kksr-star\" style=\"padding-right: 5px\">\n            \n\n<div class=\"kksr-icon\" style=\"width: 24px; height: 24px;\"><\/div>\n        <\/div>\n    <\/div>\n<\/div>\n                \n\n<div class=\"kksr-legend\" style=\"font-size: 19.2px;\">\n            <span class=\"kksr-muted\">Valora este producto<\/span>\n    <\/div>\n    <\/div>\n<div style=\"width: 720px;\" class=\"wp-video\"><video class=\"wp-video-shortcode\" id=\"video-309-1\" width=\"720\" height=\"720\" preload=\"metadata\" controls=\"controls\"><source type=\"video\/mp4\" src=\"https:\/\/www.dealexpert.eu\/wp-content\/uploads\/2025\/07\/moskix-bank-square.mp4?_=1\" \/><a href=\"https:\/\/www.dealexpert.eu\/wp-content\/uploads\/2025\/07\/moskix-bank-square.mp4\">https:\/\/www.dealexpert.eu\/wp-content\/uploads\/2025\/07\/moskix-bank-square.mp4<\/a><\/video><\/div>\n<div id=\"ez-toc-container\" class=\"ez-toc-v2_0_81 counter-hierarchy ez-toc-counter ez-toc-grey ez-toc-container-direction\">\n<div class=\"ez-toc-title-container\">\n<p class=\"ez-toc-title\" style=\"cursor:inherit\">Resumen<\/p>\n<span class=\"ez-toc-title-toggle\"><a href=\"#\" class=\"ez-toc-pull-right ez-toc-btn ez-toc-btn-xs ez-toc-btn-default ez-toc-toggle\" aria-label=\"Alternar tabla de contenidos\"><span class=\"ez-toc-js-icon-con\"><span class=\"\"><span class=\"eztoc-hide\" style=\"display:none;\">Toggle<\/span><span class=\"ez-toc-icon-toggle-span\"><svg style=\"fill: #999;color:#999\" xmlns=\"http:\/\/www.w3.org\/2000\/svg\" class=\"list-377408\" width=\"20px\" height=\"20px\" viewbox=\"0 0 24 24\" fill=\"none\"><path d=\"M6 6H4v2h2V6zm14 0H8v2h12V6zM4 11h2v2H4v-2zm16 0H8v2h12v-2zM4 16h2v2H4v-2zm16 0H8v2h12v-2z\" fill=\"currentColor\"><\/path><\/svg><svg style=\"fill: #999;color:#999\" class=\"arrow-unsorted-368013\" xmlns=\"http:\/\/www.w3.org\/2000\/svg\" width=\"10px\" height=\"10px\" viewbox=\"0 0 24 24\" version=\"1.2\" baseprofile=\"tiny\"><path d=\"M18.2 9.3l-6.2-6.3-6.2 6.3c-.2.2-.3.4-.3.7s.1.5.3.7c.2.2.4.3.7.3h11c.3 0 .5-.1.7-.3.2-.2.3-.5.3-.7s-.1-.5-.3-.7zM5.8 14.7l6.2 6.3 6.2-6.3c.2-.2.3-.5.3-.7s-.1-.5-.3-.7c-.2-.2-.4-.3-.7-.3h-11c-.3 0-.5.1-.7.3-.2.2-.3.5-.3.7s.1.5.3.7z\"\/><\/svg><\/span><\/span><\/span><\/a><\/span><\/div>\n<nav><ul class='ez-toc-list ez-toc-list-level-1 eztoc-toggle-hide-by-default' ><li class='ez-toc-page-1 ez-toc-heading-level-2'><a class=\"ez-toc-link ez-toc-heading-1\" href=\"https:\/\/www.dealexpert.eu\/es\/p\/banda-moskix\/#What_is_the_MoskiX_Band\" >\u00bfQu\u00e9 es la MoskiX Band?<\/a><\/li><li class='ez-toc-page-1 ez-toc-heading-level-2'><a class=\"ez-toc-link ez-toc-heading-2\" href=\"https:\/\/www.dealexpert.eu\/es\/p\/banda-moskix\/#How_Does_the_MoskiX_Band_Work\" >\u00bfC\u00f3mo funciona MoskiX Band?<\/a><\/li><li class='ez-toc-page-1 ez-toc-heading-level-2'><a class=\"ez-toc-link ez-toc-heading-3\" href=\"https:\/\/www.dealexpert.eu\/es\/p\/banda-moskix\/#Key_Features_of_the_MoskiX_Band\" >Caracter\u00edsticas principales de MoskiX Band<\/a><\/li><li class='ez-toc-page-1 ez-toc-heading-level-2'><a class=\"ez-toc-link ez-toc-heading-4\" href=\"https:\/\/www.dealexpert.eu\/es\/p\/banda-moskix\/#Benefits_of_Using_the_MoskiX_Band\" >Ventajas del uso de MoskiX Band<\/a><\/li><li class='ez-toc-page-1 ez-toc-heading-level-2'><a class=\"ez-toc-link ez-toc-heading-5\" href=\"https:\/\/www.dealexpert.eu\/es\/p\/banda-moskix\/#How_to_Use_the_MoskiX_Band\" >C\u00f3mo utilizar MoskiX Band<\/a><\/li><li class='ez-toc-page-1 ez-toc-heading-level-2'><a class=\"ez-toc-link ez-toc-heading-6\" href=\"https:\/\/www.dealexpert.eu\/es\/p\/banda-moskix\/#What_Do_Customers_Think\" >\u00bfQu\u00e9 piensan los clientes?<\/a><\/li><li class='ez-toc-page-1 ez-toc-heading-level-2'><a class=\"ez-toc-link ez-toc-heading-7\" href=\"https:\/\/www.dealexpert.eu\/es\/p\/banda-moskix\/#Pricing_Information\" >Informaci\u00f3n sobre precios<\/a><\/li><li class='ez-toc-page-1 ez-toc-heading-level-2'><a class=\"ez-toc-link ez-toc-heading-8\" href=\"https:\/\/www.dealexpert.eu\/es\/p\/banda-moskix\/#Why_Choose_the_MoskiX_Band\" >\u00bfPor qu\u00e9 elegir MoskiX Band?<\/a><\/li><\/ul><\/nav><\/div>\n<h2><span class=\"ez-toc-section\" id=\"What_is_the_MoskiX_Band\"><\/span>\u00bfQu\u00e9 es la MoskiX Band?<span class=\"ez-toc-section-end\"><\/span><\/h2>\n<p>MoskiX Band es una pulsera ligera y resistente dise\u00f1ada para ofrecer una protecci\u00f3n eficaz contra los mosquitos. Tanto si est\u00e1 de excursi\u00f3n como de acampada o disfrutando de un picnic, esta innovadora banda le ayudar\u00e1 a mantenerse libre de picaduras. Est\u00e1 fabricada con ingredientes naturales, lo que ofrece una soluci\u00f3n ecol\u00f3gica para quienes desean evitar los repelentes qu\u00edmicos. Personalmente, me parece un producto f\u00e1cil de usar y sencillo que me permite disfrutar plenamente de las actividades al aire libre sin preocuparme por las picaduras de mosquito.<\/p>\n<h2><span class=\"ez-toc-section\" id=\"How_Does_the_MoskiX_Band_Work\"><\/span>\u00bfC\u00f3mo funciona MoskiX Band?<span class=\"ez-toc-section-end\"><\/span><\/h2>\n<p>MoskiX Band emplea una tecnolog\u00eda patentada que libera lentamente un aroma natural para mantener a raya a los mosquitos. Esta tecnolog\u00eda es altamente eficaz, proporcionando una protecci\u00f3n continua durante un m\u00e1ximo de 30 d\u00edas, dependiendo del uso. Lo mejor es que este m\u00e9todo es seguro tanto para la piel como para el medio ambiente. La banda no utiliza productos qu\u00edmicos nocivos, por lo que puedes estar tranquilo si la usas cerca de ni\u00f1os y mascotas. A m\u00ed me tranquiliza saber que no es t\u00f3xica ni perjudicial para el medio ambiente.<\/p>\n<h2><span class=\"ez-toc-section\" id=\"Key_Features_of_the_MoskiX_Band\"><\/span>Caracter\u00edsticas principales de MoskiX Band<span class=\"ez-toc-section-end\"><\/span><\/h2>\n<ul>\n<li>Protecci\u00f3n natural contra los mosquitos, sin productos qu\u00edmicos<\/li>\n<li>Resistente al agua y duradero, perfecto para aventuras al aire libre<\/li>\n<li>C\u00f3modo de llevar durante todo el d\u00eda<\/li>\n<li>No t\u00f3xico, seguro para todas las edades<\/li>\n<li>C\u00f3modo y port\u00e1til para una protecci\u00f3n sobre la marcha<\/li>\n<\/ul>\n<h2><span class=\"ez-toc-section\" id=\"Benefits_of_Using_the_MoskiX_Band\"><\/span>Ventajas del uso de MoskiX Band<span class=\"ez-toc-section-end\"><\/span><\/h2>\n<p>MoskiX Band ofrece una serie de ventajas que la convierten en un gran complemento para el equipamiento de cualquier amante de las actividades al aire libre. \u00c9stas son s\u00f3lo algunas:<\/p>\n<ul>\n<li>Protecci\u00f3n contra los mosquitos sin la molestia de los sprays<\/li>\n<li>Larga duraci\u00f3n: una banda puede durar varios d\u00edas<\/li>\n<li>Seguro para los ni\u00f1os, las mascotas y el medio ambiente<\/li>\n<li>C\u00f3modo y port\u00e1til, para llevarlo a cualquier parte<\/li>\n<\/ul>\n<p>En mi experiencia, estas ventajas han mejorado realmente mis actividades al aire libre. Ya no tengo que preocuparme de llevar encima sprays voluminosos ni de reaplicarme constantemente. La banda permanece conmigo, ofreci\u00e9ndome una protecci\u00f3n continua durante todo el d\u00eda.<\/p>\n<h2><span class=\"ez-toc-section\" id=\"How_to_Use_the_MoskiX_Band\"><\/span>C\u00f3mo utilizar MoskiX Band<span class=\"ez-toc-section-end\"><\/span><\/h2>\n<p>Usar MoskiX Band es muy sencillo. P\u00f3ntela en la mu\u00f1eca y deja que la banda haga su trabajo. Es ajustable, por lo que se adapta a varios tama\u00f1os de mu\u00f1eca, garantizando la comodidad para todos. Disfrutar\u00e1s de hasta 30 d\u00edas de protecci\u00f3n con una sola banda. La he usado en varias actividades al aire libre y siempre ha sido una experiencia perfecta.<\/p>\n<h2><span class=\"ez-toc-section\" id=\"What_Do_Customers_Think\"><\/span>\u00bfQu\u00e9 piensan los clientes?<span class=\"ez-toc-section-end\"><\/span><\/h2>\n<p>Los clientes est\u00e1n muy satisfechos con MoskiX Band. Esto es lo que dicen:<\/p>\n<ul>\n<li><i>\"Es un cambio de juego para las actividades al aire libre. Lo he usado haciendo senderismo, \u00a1y no me ha picado ni uno!\".<\/i> - John D.<\/li>\n<li><i>\"Me encanta que no contenga productos qu\u00edmicos. Me siento m\u00e1s segura us\u00e1ndolo cerca de mis hijos y mascotas\".<\/i> - Sarah M.<\/li>\n<li><i>\"F\u00e1cil de usar y funciona de maravilla. Nunca salgo de casa sin \u00e9l\".<\/i> - Laura B.<\/li>\n<\/ul>\n<p>Los comentarios han sido abrumadoramente positivos. Es evidente que MoskiX Band no s\u00f3lo es eficaz, sino tambi\u00e9n una de las favoritas de quienes buscan una soluci\u00f3n sencilla, segura y natural para protegerse de los mosquitos.<\/p>\n<h2><span class=\"ez-toc-section\" id=\"Pricing_Information\"><\/span>Informaci\u00f3n sobre precios<span class=\"ez-toc-section-end\"><\/span><\/h2>\n<p>La MoskiX Band tiene un precio asequible, lo que la hace accesible para la mayor\u00eda de los entusiastas de las actividades al aire libre. Para conocer el precio m\u00e1s reciente, puedes consultar la p\u00e1gina oficial del producto. Personalmente, creo que ofrece una gran relaci\u00f3n calidad-precio, teniendo en cuenta su eficacia y rendimiento duradero.<\/p>\n<h2><span class=\"ez-toc-section\" id=\"Why_Choose_the_MoskiX_Band\"><\/span>\u00bfPor qu\u00e9 elegir MoskiX Band?<span class=\"ez-toc-section-end\"><\/span><\/h2>\n<p>Si te gusta el aire libre pero quieres evitar las molestias de las picaduras de mosquito, MoskiX Band es un producto imprescindible. Su f\u00f3rmula sin productos qu\u00edmicos, su facilidad de uso y su protecci\u00f3n de larga duraci\u00f3n lo convierten en un producto destacado en el mundo de los repelentes de insectos. Con todos los beneficios que proporciona, es un producto que recomiendo de todo coraz\u00f3n a cualquiera que disfrute pasando tiempo al aire libre.<\/p>\n<p>No dejes que los mosquitos estropeen tus aventuras al aire libre. Consigue tu MoskiX Band hoy mismo y disfruta de la naturaleza sin picaduras.<\/p>","protected":false},"excerpt":{"rendered":"<li>Protecci\u00f3n natural contra los mosquitos, sin productos qu\u00edmicos<\/li>\n<li>Resistente al agua y de larga duraci\u00f3n<\/li>\n<li>C\u00f3modo de llevar en la mu\u00f1eca<\/li>\n<li>Perfecto para actividades al aire libre como senderismo, acampada y viajes<\/li>\n<li>No t\u00f3xico y seguro para todas las edades<\/li>","protected":false},"featured_media":1274,"template":"","meta":{"_lmt_disableupdate":"","_lmt_disable":"","_kadence_starter_templates_imported_post":false,"_kad_post_transparent":"default","_kad_post_title":"","_kad_post_layout":"default","_kad_post_sidebar_id":"","_kad_post_content_style":"default","_kad_post_vertical_padding":"default","_kad_post_feature":"","_kad_post_feature_position":"","_kad_post_header":false,"_kad_post_footer":false,"_kad_post_classname":""},"product_brand":[],"product_cat":[16],"product_tag":[],"class_list":{"0":"post-309","1":"product","2":"type-product","3":"status-publish","4":"has-post-thumbnail","6":"product_cat-technology","8":"first","9":"instock","10":"shipping-taxable","11":"product-type-external","12":"entry","13":"content-bg","14":"loop-entry"},"_links":{"self":[{"href":"https:\/\/www.dealexpert.eu\/es\/wp-json\/wp\/v2\/product\/309","targetHints":{"allow":["GET"]}}],"collection":[{"href":"https:\/\/www.dealexpert.eu\/es\/wp-json\/wp\/v2\/product"}],"about":[{"href":"https:\/\/www.dealexpert.eu\/es\/wp-json\/wp\/v2\/types\/product"}],"wp:featuredmedia":[{"embeddable":true,"href":"https:\/\/www.dealexpert.eu\/es\/wp-json\/wp\/v2\/media\/1274"}],"wp:attachment":[{"href":"https:\/\/www.dealexpert.eu\/es\/wp-json\/wp\/v2\/media?parent=309"}],"wp:term":[{"taxonomy":"product_brand","embeddable":true,"href":"https:\/\/www.dealexpert.eu\/es\/wp-json\/wp\/v2\/product_brand?post=309"},{"taxonomy":"product_cat","embeddable":true,"href":"https:\/\/www.dealexpert.eu\/es\/wp-json\/wp\/v2\/product_cat?post=309"},{"taxonomy":"product_tag","embeddable":true,"href":"https:\/\/www.dealexpert.eu\/es\/wp-json\/wp\/v2\/product_tag?post=309"}],"curies":[{"name":"wp","href":"https:\/\/api.w.org\/{rel}","templated":true}]}}