{"id":308,"date":"2025-07-23T21:59:33","date_gmt":"2025-07-23T21:59:33","guid":{"rendered":"https:\/\/www.dealexpert.eu\/?post_type=product&#038;p=308"},"modified":"2025-07-24T15:04:57","modified_gmt":"2025-07-24T15:04:57","slug":"laboratorio-del-sueno","status":"publish","type":"product","link":"https:\/\/www.dealexpert.eu\/es\/p\/laboratorio-del-sueno\/","title":{"rendered":"SleepLab"},"content":{"rendered":"<div class=\"kk-star-ratings kksr-auto kksr-align-left kksr-valign-top\"\n    data-payload='{&quot;align&quot;:&quot;left&quot;,&quot;id&quot;:&quot;308&quot;,&quot;slug&quot;:&quot;default&quot;,&quot;valign&quot;:&quot;top&quot;,&quot;ignore&quot;:&quot;&quot;,&quot;reference&quot;:&quot;auto&quot;,&quot;class&quot;:&quot;&quot;,&quot;count&quot;:&quot;0&quot;,&quot;legendonly&quot;:&quot;&quot;,&quot;readonly&quot;:&quot;&quot;,&quot;score&quot;:&quot;0&quot;,&quot;starsonly&quot;:&quot;&quot;,&quot;best&quot;:&quot;5&quot;,&quot;gap&quot;:&quot;5&quot;,&quot;greet&quot;:&quot;Rate this product&quot;,&quot;legend&quot;:&quot;0\\\/5 - (0 votos)&quot;,&quot;size&quot;:&quot;24&quot;,&quot;title&quot;:&quot;SleepLab&quot;,&quot;width&quot;:&quot;0&quot;,&quot;_legend&quot;:&quot;{score}\\\/{best} - ({count} {votes})&quot;,&quot;font_factor&quot;:&quot;1.25&quot;}'>\n            \n<div class=\"kksr-stars\">\n    \n<div class=\"kksr-stars-inactive\">\n            <div class=\"kksr-star\" data-star=\"1\" style=\"padding-right: 5px\">\n            \n\n<div class=\"kksr-icon\" style=\"width: 24px; height: 24px;\"><\/div>\n        <\/div>\n            <div class=\"kksr-star\" data-star=\"2\" style=\"padding-right: 5px\">\n            \n\n<div class=\"kksr-icon\" style=\"width: 24px; height: 24px;\"><\/div>\n        <\/div>\n            <div class=\"kksr-star\" data-star=\"3\" style=\"padding-right: 5px\">\n            \n\n<div class=\"kksr-icon\" style=\"width: 24px; height: 24px;\"><\/div>\n        <\/div>\n            <div class=\"kksr-star\" data-star=\"4\" style=\"padding-right: 5px\">\n            \n\n<div class=\"kksr-icon\" style=\"width: 24px; height: 24px;\"><\/div>\n        <\/div>\n            <div class=\"kksr-star\" data-star=\"5\" style=\"padding-right: 5px\">\n            \n\n<div class=\"kksr-icon\" style=\"width: 24px; height: 24px;\"><\/div>\n        <\/div>\n    <\/div>\n    \n<div class=\"kksr-stars-active\" style=\"width: 0px;\">\n            <div class=\"kksr-star\" style=\"padding-right: 5px\">\n            \n\n<div class=\"kksr-icon\" style=\"width: 24px; height: 24px;\"><\/div>\n        <\/div>\n            <div class=\"kksr-star\" style=\"padding-right: 5px\">\n            \n\n<div class=\"kksr-icon\" style=\"width: 24px; height: 24px;\"><\/div>\n        <\/div>\n            <div class=\"kksr-star\" style=\"padding-right: 5px\">\n            \n\n<div class=\"kksr-icon\" style=\"width: 24px; height: 24px;\"><\/div>\n        <\/div>\n            <div class=\"kksr-star\" style=\"padding-right: 5px\">\n            \n\n<div class=\"kksr-icon\" style=\"width: 24px; height: 24px;\"><\/div>\n        <\/div>\n            <div class=\"kksr-star\" style=\"padding-right: 5px\">\n            \n\n<div class=\"kksr-icon\" style=\"width: 24px; height: 24px;\"><\/div>\n        <\/div>\n    <\/div>\n<\/div>\n                \n\n<div class=\"kksr-legend\" style=\"font-size: 19.2px;\">\n            <span class=\"kksr-muted\">Valora este producto<\/span>\n    <\/div>\n    <\/div>\n<div id=\"ez-toc-container\" class=\"ez-toc-v2_0_81 counter-hierarchy ez-toc-counter ez-toc-grey ez-toc-container-direction\">\n<div class=\"ez-toc-title-container\">\n<p class=\"ez-toc-title\" style=\"cursor:inherit\">Resumen<\/p>\n<span class=\"ez-toc-title-toggle\"><a href=\"#\" class=\"ez-toc-pull-right ez-toc-btn ez-toc-btn-xs ez-toc-btn-default ez-toc-toggle\" aria-label=\"Alternar tabla de contenidos\"><span class=\"ez-toc-js-icon-con\"><span class=\"\"><span class=\"eztoc-hide\" style=\"display:none;\">Toggle<\/span><span class=\"ez-toc-icon-toggle-span\"><svg style=\"fill: #999;color:#999\" xmlns=\"http:\/\/www.w3.org\/2000\/svg\" class=\"list-377408\" width=\"20px\" height=\"20px\" viewbox=\"0 0 24 24\" fill=\"none\"><path d=\"M6 6H4v2h2V6zm14 0H8v2h12V6zM4 11h2v2H4v-2zm16 0H8v2h12v-2zM4 16h2v2H4v-2zm16 0H8v2h12v-2z\" fill=\"currentColor\"><\/path><\/svg><svg style=\"fill: #999;color:#999\" class=\"arrow-unsorted-368013\" xmlns=\"http:\/\/www.w3.org\/2000\/svg\" width=\"10px\" height=\"10px\" viewbox=\"0 0 24 24\" version=\"1.2\" baseprofile=\"tiny\"><path d=\"M18.2 9.3l-6.2-6.3-6.2 6.3c-.2.2-.3.4-.3.7s.1.5.3.7c.2.2.4.3.7.3h11c.3 0 .5-.1.7-.3.2-.2.3-.5.3-.7s-.1-.5-.3-.7zM5.8 14.7l6.2 6.3 6.2-6.3c.2-.2.3-.5.3-.7s-.1-.5-.3-.7c-.2-.2-.4-.3-.7-.3h-11c-.3 0-.5.1-.7.3-.2.2-.3.5-.3.7s.1.5.3.7z\"\/><\/svg><\/span><\/span><\/span><\/a><\/span><\/div>\n<nav><ul class='ez-toc-list ez-toc-list-level-1 eztoc-toggle-hide-by-default' ><li class='ez-toc-page-1 ez-toc-heading-level-2'><a class=\"ez-toc-link ez-toc-heading-1\" href=\"https:\/\/www.dealexpert.eu\/es\/p\/laboratorio-del-sueno\/#What_is_SleepLab\" >\u00bfQu\u00e9 es SleepLab?<\/a><\/li><li class='ez-toc-page-1 ez-toc-heading-level-2'><a class=\"ez-toc-link ez-toc-heading-2\" href=\"https:\/\/www.dealexpert.eu\/es\/p\/laboratorio-del-sueno\/#Key_Features_of_SleepLab\" >Caracter\u00edsticas principales de SleepLab<\/a><\/li><li class='ez-toc-page-1 ez-toc-heading-level-2'><a class=\"ez-toc-link ez-toc-heading-3\" href=\"https:\/\/www.dealexpert.eu\/es\/p\/laboratorio-del-sueno\/#How_Does_SleepLab_Work\" >\u00bfC\u00f3mo funciona SleepLab?<\/a><\/li><li class='ez-toc-page-1 ez-toc-heading-level-2'><a class=\"ez-toc-link ez-toc-heading-4\" href=\"https:\/\/www.dealexpert.eu\/es\/p\/laboratorio-del-sueno\/#Benefits_of_Using_SleepLab\" >Ventajas de utilizar SleepLab<\/a><\/li><li class='ez-toc-page-1 ez-toc-heading-level-2'><a class=\"ez-toc-link ez-toc-heading-5\" href=\"https:\/\/www.dealexpert.eu\/es\/p\/laboratorio-del-sueno\/#How_to_Use_SleepLab\" >C\u00f3mo utilizar SleepLab<\/a><\/li><li class='ez-toc-page-1 ez-toc-heading-level-2'><a class=\"ez-toc-link ez-toc-heading-6\" href=\"https:\/\/www.dealexpert.eu\/es\/p\/laboratorio-del-sueno\/#Pricing_and_Availability\" >Precios y disponibilidad<\/a><\/li><li class='ez-toc-page-1 ez-toc-heading-level-2'><a class=\"ez-toc-link ez-toc-heading-7\" href=\"https:\/\/www.dealexpert.eu\/es\/p\/laboratorio-del-sueno\/#Customer_Reviews\" >Opiniones de los clientes<\/a><\/li><li class='ez-toc-page-1 ez-toc-heading-level-2'><a class=\"ez-toc-link ez-toc-heading-8\" href=\"https:\/\/www.dealexpert.eu\/es\/p\/laboratorio-del-sueno\/#Frequently_Asked_Questions\" >Preguntas frecuentes<\/a><ul class='ez-toc-list-level-3' ><li class='ez-toc-heading-level-3'><a class=\"ez-toc-link ez-toc-heading-9\" href=\"https:\/\/www.dealexpert.eu\/es\/p\/laboratorio-del-sueno\/#What_makes_SleepLab_different_from_other_sleep_trackers\" >\u00bfQu\u00e9 diferencia a SleepLab de otros dispositivos de seguimiento del sue\u00f1o?<\/a><\/li><li class='ez-toc-page-1 ez-toc-heading-level-3'><a class=\"ez-toc-link ez-toc-heading-10\" href=\"https:\/\/www.dealexpert.eu\/es\/p\/laboratorio-del-sueno\/#Can_I_use_SleepLab_if_I_have_a_pre-existing_sleep_disorder\" >\u00bfPuedo utilizar SleepLab si tengo un trastorno del sue\u00f1o preexistente?<\/a><\/li><li class='ez-toc-page-1 ez-toc-heading-level-3'><a class=\"ez-toc-link ez-toc-heading-11\" href=\"https:\/\/www.dealexpert.eu\/es\/p\/laboratorio-del-sueno\/#How_do_I_sync_SleepLab_with_my_mobile_device\" >\u00bfC\u00f3mo sincronizo SleepLab con mi dispositivo m\u00f3vil?<\/a><\/li><\/ul><\/li><\/ul><\/nav><\/div>\n<h2><span class=\"ez-toc-section\" id=\"What_is_SleepLab\"><\/span>\u00bfQu\u00e9 es SleepLab?<span class=\"ez-toc-section-end\"><\/span><\/h2>\n<p>SleepLab es un dispositivo de seguimiento del sue\u00f1o de \u00faltima generaci\u00f3n dise\u00f1ado para mejorar la calidad de su descanso. Creado por Neotechix, este dispositivo utiliza tecnolog\u00eda innovadora para monitorizar sus patrones de sue\u00f1o y ofrecer informaci\u00f3n basada en datos que le ayudar\u00e1n a dormir mejor. Tanto si padece trastornos del sue\u00f1o como si simplemente desea optimizar su sue\u00f1o para mejorar su bienestar, SleepLab le ofrece la soluci\u00f3n perfecta para sus necesidades.<\/p>\n<h2><span class=\"ez-toc-section\" id=\"Key_Features_of_SleepLab\"><\/span>Caracter\u00edsticas principales de SleepLab<span class=\"ez-toc-section-end\"><\/span><\/h2>\n<p>SleepLab est\u00e1 repleto de caracter\u00edsticas impresionantes que lo diferencian de los rastreadores de sue\u00f1o tradicionales. Estos son algunos de los aspectos clave que lo hacen destacar:<\/p>\n<ul>\n<li><strong>Monitorizaci\u00f3n del sue\u00f1o en tiempo real:<\/strong> Realiza un seguimiento de tu sue\u00f1o a medida que se produce, proporcionando datos precisos sobre tus ciclos de sue\u00f1o.<\/li>\n<li><strong>An\u00e1lisis exhaustivos del sue\u00f1o:<\/strong> Obtenga informaci\u00f3n detallada sobre la calidad de su sue\u00f1o, sus movimientos y su salud general durante la noche.<\/li>\n<li><strong>Alertas inteligentes para optimizar el sue\u00f1o:<\/strong> Recibe notificaciones que te ayudar\u00e1n a optimizar tu entorno y h\u00e1bitos de sue\u00f1o.<\/li>\n<li><strong>Recomendaciones personalizadas:<\/strong> Bas\u00e1ndose en sus datos de sue\u00f1o, SleepLab le ofrece consejos para mejorar su calidad de sue\u00f1o.<\/li>\n<li><strong>Integraci\u00f3n de aplicaciones m\u00f3viles:<\/strong> Sincroniza tus datos a la perfecci\u00f3n con la aplicaci\u00f3n SleepLab para facilitar el seguimiento y la informaci\u00f3n.<\/li>\n<\/ul>\n<h2><span class=\"ez-toc-section\" id=\"How_Does_SleepLab_Work\"><\/span>\u00bfC\u00f3mo funciona SleepLab?<span class=\"ez-toc-section-end\"><\/span><\/h2>\n<p>SleepLab funciona mediante sensores no invasivos que monitorizan par\u00e1metros clave del sue\u00f1o, como la frecuencia cardiaca, los movimientos corporales y los patrones de respiraci\u00f3n durante toda la noche. Los datos recogidos se procesan y se presentan en un formato accesible, lo que le permite comprender f\u00e1cilmente sus h\u00e1bitos de sue\u00f1o. El sistema incluso proporciona informaci\u00f3n en tiempo real a trav\u00e9s de una aplicaci\u00f3n m\u00f3vil, lo que facilita el seguimiento de su progreso y la realizaci\u00f3n de ajustes en su rutina.<\/p>\n<h2><span class=\"ez-toc-section\" id=\"Benefits_of_Using_SleepLab\"><\/span>Ventajas de utilizar SleepLab<span class=\"ez-toc-section-end\"><\/span><\/h2>\n<p>Utilizar SleepLab tiene numerosas ventajas. Esto es lo que puede esperar:<\/p>\n<ul>\n<li><strong>Mejora de la calidad del sue\u00f1o:<\/strong> Si conoce sus patrones de sue\u00f1o, podr\u00e1 realizar los ajustes necesarios para descansar mejor.<\/li>\n<li><strong>Mejor gesti\u00f3n de los trastornos del sue\u00f1o:<\/strong> Si tiene problemas de insomnio o apnea del sue\u00f1o, SleepLab le ofrece informaci\u00f3n personalizada para ayudarle a tratarlos con eficacia.<\/li>\n<li><strong>Entorno de sue\u00f1o optimizado:<\/strong> Reciba recomendaciones personalizadas sobre c\u00f3mo crear el entorno perfecto para un sue\u00f1o profundo e ininterrumpido.<\/li>\n<li><strong>Mayor claridad mental:<\/strong> Dormir bien mejora la funci\u00f3n cognitiva, la memoria y la claridad mental en general.<\/li>\n<\/ul>\n<h2><span class=\"ez-toc-section\" id=\"How_to_Use_SleepLab\"><\/span>C\u00f3mo utilizar SleepLab<span class=\"ez-toc-section-end\"><\/span><\/h2>\n<p>Empezar a utilizar SleepLab es f\u00e1cil y sencillo. Despu\u00e9s de configurar el dispositivo, s\u00f3lo tienes que llevarlo puesto mientras duermes y autom\u00e1ticamente registrar\u00e1 tus datos de sue\u00f1o. El dispositivo se sincroniza con la aplicaci\u00f3n m\u00f3vil SleepLab, que le dar\u00e1 acceso a informes detallados y sugerencias personalizadas para mejorar su sue\u00f1o. Podr\u00e1s seguir tus progresos a lo largo del tiempo y hacer ajustes para asegurarte de que descansas lo mejor posible.<\/p>\n<h2><span class=\"ez-toc-section\" id=\"Pricing_and_Availability\"><\/span>Precios y disponibilidad<span class=\"ez-toc-section-end\"><\/span><\/h2>\n<p>SleepLab puede adquirirse directamente en el sitio web oficial de Neotechix. Los precios pueden variar en funci\u00f3n de su ubicaci\u00f3n y de las promociones vigentes. Aseg\u00farese de consultar el sitio web para conocer las \u00faltimas ofertas y opciones de env\u00edo que se adapten a sus necesidades.<\/p>\n<h2><span class=\"ez-toc-section\" id=\"Customer_Reviews\"><\/span>Opiniones de los clientes<span class=\"ez-toc-section-end\"><\/span><\/h2>\n<p>Los usuarios han elogiado SleepLab por su eficacia para mejorar la calidad del sue\u00f1o. Aqu\u00ed tienes algunas opiniones de clientes satisfechos:<\/p>\n<ul>\n<li>\"\u00a1Nunca he dormido mejor! SleepLab ha marcado una gran diferencia\". - <i>John D.<\/i><\/li>\n<li>\"Las ideas que recib\u00ed me ayudaron a ajustar mi rutina, y ahora me siento m\u00e1s descansada\". - <i>Sarah W.<\/i><\/li>\n<li>\"\u00a1Imprescindible para cualquiera que tenga problemas para conciliar el sue\u00f1o!\". - <i>David T.<\/i><\/li>\n<\/ul>\n<h2><span class=\"ez-toc-section\" id=\"Frequently_Asked_Questions\"><\/span>Preguntas frecuentes<span class=\"ez-toc-section-end\"><\/span><\/h2>\n<h3><span class=\"ez-toc-section\" id=\"What_makes_SleepLab_different_from_other_sleep_trackers\"><\/span>\u00bfQu\u00e9 diferencia a SleepLab de otros dispositivos de seguimiento del sue\u00f1o?<span class=\"ez-toc-section-end\"><\/span><\/h3>\n<p>A diferencia de los rastreadores tradicionales, SleepLab proporciona informaci\u00f3n pr\u00e1ctica que va m\u00e1s all\u00e1 de los simples datos. Analiza tu sue\u00f1o en tiempo real y ofrece recomendaciones personalizadas que pueden ayudarte a mejorar la calidad de tu sue\u00f1o.<\/p>\n<h3><span class=\"ez-toc-section\" id=\"Can_I_use_SleepLab_if_I_have_a_pre-existing_sleep_disorder\"><\/span>\u00bfPuedo utilizar SleepLab si tengo un trastorno del sue\u00f1o preexistente?<span class=\"ez-toc-section-end\"><\/span><\/h3>\n<p>S\u00ed, SleepLab est\u00e1 dise\u00f1ado espec\u00edficamente para ayudar a las personas con diversos problemas de sue\u00f1o, incluyendo el insomnio y la apnea del sue\u00f1o. Puede proporcionar informaci\u00f3n valiosa para ayudarle a mejorar su salud del sue\u00f1o.<\/p>\n<h3><span class=\"ez-toc-section\" id=\"How_do_I_sync_SleepLab_with_my_mobile_device\"><\/span>\u00bfC\u00f3mo sincronizo SleepLab con mi dispositivo m\u00f3vil?<span class=\"ez-toc-section-end\"><\/span><\/h3>\n<p>Solo tienes que descargar la aplicaci\u00f3n SleepLab de tu tienda de aplicaciones, emparejarla con tu dispositivo y los datos del sue\u00f1o se sincronizar\u00e1n autom\u00e1ticamente. As\u00ed de f\u00e1cil.<\/p>\n<p>Si quiere mejorar su sue\u00f1o, SleepLab es la soluci\u00f3n que estaba buscando. Combina tecnolog\u00eda punta, informaci\u00f3n personalizada y facilidad de uso para que duerma lo mejor posible. Tanto si necesita controlar un trastorno del sue\u00f1o como si simplemente desea mejorar su descanso, SleepLab es una excelente elecci\u00f3n.<\/p>","protected":false},"excerpt":{"rendered":"<li>Control del sue\u00f1o en tiempo real<\/li>\n<li>An\u00e1lisis exhaustivos del sue\u00f1o<\/li>\n<li>Alertas inteligentes para optimizar el sue\u00f1o<\/li>\n<li>Recomendaciones personalizadas basadas en los datos del sue\u00f1o<\/li>\n<li>Integraci\u00f3n con aplicaciones m\u00f3viles para facilitar el seguimiento<\/li>","protected":false},"featured_media":1327,"template":"","meta":{"_lmt_disableupdate":"","_lmt_disable":"","_kadence_starter_templates_imported_post":false,"_kad_post_transparent":"default","_kad_post_title":"","_kad_post_layout":"default","_kad_post_sidebar_id":"","_kad_post_content_style":"default","_kad_post_vertical_padding":"default","_kad_post_feature":"","_kad_post_feature_position":"","_kad_post_header":false,"_kad_post_footer":false,"_kad_post_classname":""},"product_brand":[],"product_cat":[16],"product_tag":[],"class_list":{"0":"post-308","1":"product","2":"type-product","3":"status-publish","4":"has-post-thumbnail","6":"product_cat-technology","8":"first","9":"instock","10":"shipping-taxable","11":"product-type-external","12":"entry","13":"content-bg","14":"loop-entry"},"_links":{"self":[{"href":"https:\/\/www.dealexpert.eu\/es\/wp-json\/wp\/v2\/product\/308","targetHints":{"allow":["GET"]}}],"collection":[{"href":"https:\/\/www.dealexpert.eu\/es\/wp-json\/wp\/v2\/product"}],"about":[{"href":"https:\/\/www.dealexpert.eu\/es\/wp-json\/wp\/v2\/types\/product"}],"wp:featuredmedia":[{"embeddable":true,"href":"https:\/\/www.dealexpert.eu\/es\/wp-json\/wp\/v2\/media\/1327"}],"wp:attachment":[{"href":"https:\/\/www.dealexpert.eu\/es\/wp-json\/wp\/v2\/media?parent=308"}],"wp:term":[{"taxonomy":"product_brand","embeddable":true,"href":"https:\/\/www.dealexpert.eu\/es\/wp-json\/wp\/v2\/product_brand?post=308"},{"taxonomy":"product_cat","embeddable":true,"href":"https:\/\/www.dealexpert.eu\/es\/wp-json\/wp\/v2\/product_cat?post=308"},{"taxonomy":"product_tag","embeddable":true,"href":"https:\/\/www.dealexpert.eu\/es\/wp-json\/wp\/v2\/product_tag?post=308"}],"curies":[{"name":"wp","href":"https:\/\/api.w.org\/{rel}","templated":true}]}}