{"id":307,"date":"2025-07-23T21:54:24","date_gmt":"2025-07-23T21:54:24","guid":{"rendered":"https:\/\/www.dealexpert.eu\/?post_type=product&#038;p=307"},"modified":"2025-07-24T15:04:57","modified_gmt":"2025-07-24T15:04:57","slug":"homepolice24","status":"publish","type":"product","link":"https:\/\/www.dealexpert.eu\/es\/p\/homepolice24\/","title":{"rendered":"InicioPolic\u00eda24"},"content":{"rendered":"<div class=\"kk-star-ratings kksr-auto kksr-align-left kksr-valign-top\"\n    data-payload='{&quot;align&quot;:&quot;left&quot;,&quot;id&quot;:&quot;307&quot;,&quot;slug&quot;:&quot;default&quot;,&quot;valign&quot;:&quot;top&quot;,&quot;ignore&quot;:&quot;&quot;,&quot;reference&quot;:&quot;auto&quot;,&quot;class&quot;:&quot;&quot;,&quot;count&quot;:&quot;0&quot;,&quot;legendonly&quot;:&quot;&quot;,&quot;readonly&quot;:&quot;&quot;,&quot;score&quot;:&quot;0&quot;,&quot;starsonly&quot;:&quot;&quot;,&quot;best&quot;:&quot;5&quot;,&quot;gap&quot;:&quot;5&quot;,&quot;greet&quot;:&quot;Rate this product&quot;,&quot;legend&quot;:&quot;0\\\/5 - (0 votos)&quot;,&quot;size&quot;:&quot;24&quot;,&quot;title&quot;:&quot;HomePolice24&quot;,&quot;width&quot;:&quot;0&quot;,&quot;_legend&quot;:&quot;{score}\\\/{best} - ({count} {votes})&quot;,&quot;font_factor&quot;:&quot;1.25&quot;}'>\n            \n<div class=\"kksr-stars\">\n    \n<div class=\"kksr-stars-inactive\">\n            <div class=\"kksr-star\" data-star=\"1\" style=\"padding-right: 5px\">\n            \n\n<div class=\"kksr-icon\" style=\"width: 24px; height: 24px;\"><\/div>\n        <\/div>\n            <div class=\"kksr-star\" data-star=\"2\" style=\"padding-right: 5px\">\n            \n\n<div class=\"kksr-icon\" style=\"width: 24px; height: 24px;\"><\/div>\n        <\/div>\n            <div class=\"kksr-star\" data-star=\"3\" style=\"padding-right: 5px\">\n            \n\n<div class=\"kksr-icon\" style=\"width: 24px; height: 24px;\"><\/div>\n        <\/div>\n            <div class=\"kksr-star\" data-star=\"4\" style=\"padding-right: 5px\">\n            \n\n<div class=\"kksr-icon\" style=\"width: 24px; height: 24px;\"><\/div>\n        <\/div>\n            <div class=\"kksr-star\" data-star=\"5\" style=\"padding-right: 5px\">\n            \n\n<div class=\"kksr-icon\" style=\"width: 24px; height: 24px;\"><\/div>\n        <\/div>\n    <\/div>\n    \n<div class=\"kksr-stars-active\" style=\"width: 0px;\">\n            <div class=\"kksr-star\" style=\"padding-right: 5px\">\n            \n\n<div class=\"kksr-icon\" style=\"width: 24px; height: 24px;\"><\/div>\n        <\/div>\n            <div class=\"kksr-star\" style=\"padding-right: 5px\">\n            \n\n<div class=\"kksr-icon\" style=\"width: 24px; height: 24px;\"><\/div>\n        <\/div>\n            <div class=\"kksr-star\" style=\"padding-right: 5px\">\n            \n\n<div class=\"kksr-icon\" style=\"width: 24px; height: 24px;\"><\/div>\n        <\/div>\n            <div class=\"kksr-star\" style=\"padding-right: 5px\">\n            \n\n<div class=\"kksr-icon\" style=\"width: 24px; height: 24px;\"><\/div>\n        <\/div>\n            <div class=\"kksr-star\" style=\"padding-right: 5px\">\n            \n\n<div class=\"kksr-icon\" style=\"width: 24px; height: 24px;\"><\/div>\n        <\/div>\n    <\/div>\n<\/div>\n                \n\n<div class=\"kksr-legend\" style=\"font-size: 19.2px;\">\n            <span class=\"kksr-muted\">Valora este producto<\/span>\n    <\/div>\n    <\/div>\n<div id=\"ez-toc-container\" class=\"ez-toc-v2_0_81 counter-hierarchy ez-toc-counter ez-toc-grey ez-toc-container-direction\">\n<div class=\"ez-toc-title-container\">\n<p class=\"ez-toc-title\" style=\"cursor:inherit\">Resumen<\/p>\n<span class=\"ez-toc-title-toggle\"><a href=\"#\" class=\"ez-toc-pull-right ez-toc-btn ez-toc-btn-xs ez-toc-btn-default ez-toc-toggle\" aria-label=\"Alternar tabla de contenidos\"><span class=\"ez-toc-js-icon-con\"><span class=\"\"><span class=\"eztoc-hide\" style=\"display:none;\">Toggle<\/span><span class=\"ez-toc-icon-toggle-span\"><svg style=\"fill: #999;color:#999\" xmlns=\"http:\/\/www.w3.org\/2000\/svg\" class=\"list-377408\" width=\"20px\" height=\"20px\" viewbox=\"0 0 24 24\" fill=\"none\"><path d=\"M6 6H4v2h2V6zm14 0H8v2h12V6zM4 11h2v2H4v-2zm16 0H8v2h12v-2zM4 16h2v2H4v-2zm16 0H8v2h12v-2z\" fill=\"currentColor\"><\/path><\/svg><svg style=\"fill: #999;color:#999\" class=\"arrow-unsorted-368013\" xmlns=\"http:\/\/www.w3.org\/2000\/svg\" width=\"10px\" height=\"10px\" viewbox=\"0 0 24 24\" version=\"1.2\" baseprofile=\"tiny\"><path d=\"M18.2 9.3l-6.2-6.3-6.2 6.3c-.2.2-.3.4-.3.7s.1.5.3.7c.2.2.4.3.7.3h11c.3 0 .5-.1.7-.3.2-.2.3-.5.3-.7s-.1-.5-.3-.7zM5.8 14.7l6.2 6.3 6.2-6.3c.2-.2.3-.5.3-.7s-.1-.5-.3-.7c-.2-.2-.4-.3-.7-.3h-11c-.3 0-.5.1-.7.3-.2.2-.3.5-.3.7s.1.5.3.7z\"\/><\/svg><\/span><\/span><\/span><\/a><\/span><\/div>\n<nav><ul class='ez-toc-list ez-toc-list-level-1 eztoc-toggle-hide-by-default' ><li class='ez-toc-page-1 ez-toc-heading-level-2'><a class=\"ez-toc-link ez-toc-heading-1\" href=\"https:\/\/www.dealexpert.eu\/es\/p\/homepolice24\/#What_are_the_advantages_of_HomePolice24\" >\u00bfCu\u00e1les son las ventajas de HomePolice24?<\/a><\/li><li class='ez-toc-page-1 ez-toc-heading-level-2'><a class=\"ez-toc-link ez-toc-heading-2\" href=\"https:\/\/www.dealexpert.eu\/es\/p\/homepolice24\/#How_does_HomePolice24_work\" >\u00bfC\u00f3mo funciona HomePolice24?<\/a><\/li><li class='ez-toc-page-1 ez-toc-heading-level-2'><a class=\"ez-toc-link ez-toc-heading-3\" href=\"https:\/\/www.dealexpert.eu\/es\/p\/homepolice24\/#Pricing_and_Packages\" >Precios y paquetes<\/a><\/li><li class='ez-toc-page-1 ez-toc-heading-level-2'><a class=\"ez-toc-link ez-toc-heading-4\" href=\"https:\/\/www.dealexpert.eu\/es\/p\/homepolice24\/#Customer_Reviews\" >Opiniones de los clientes<\/a><\/li><li class='ez-toc-page-1 ez-toc-heading-level-2'><a class=\"ez-toc-link ez-toc-heading-5\" href=\"https:\/\/www.dealexpert.eu\/es\/p\/homepolice24\/#Frequently_Asked_Questions\" >Preguntas frecuentes<\/a><ul class='ez-toc-list-level-3' ><li class='ez-toc-heading-level-3'><a class=\"ez-toc-link ez-toc-heading-6\" href=\"https:\/\/www.dealexpert.eu\/es\/p\/homepolice24\/#How_do_I_set_up_HomePolice24\" >\u00bfC\u00f3mo se configura HomePolice24?<\/a><\/li><li class='ez-toc-page-1 ez-toc-heading-level-3'><a class=\"ez-toc-link ez-toc-heading-7\" href=\"https:\/\/www.dealexpert.eu\/es\/p\/homepolice24\/#Is_HomePolice24_compatible_with_other_smart_home_devices\" >\u00bfEs HomePolice24 compatible con otros dispositivos dom\u00e9sticos inteligentes?<\/a><\/li><\/ul><\/li><li class='ez-toc-page-1 ez-toc-heading-level-2'><a class=\"ez-toc-link ez-toc-heading-8\" href=\"https:\/\/www.dealexpert.eu\/es\/p\/homepolice24\/#Order_HomePolice24_Today\" >Pida HomePolice24 hoy mismo<\/a><\/li><\/ul><\/nav><\/div>\n<h2><span class=\"ez-toc-section\" id=\"What_are_the_advantages_of_HomePolice24\"><\/span>\u00bfCu\u00e1les son las ventajas de HomePolice24?<span class=\"ez-toc-section-end\"><\/span><\/h2>\n<p>Como persona que valora la tranquilidad y la seguridad, puedo decir que HomePolice24 es m\u00e1s que otro sistema de seguridad. Es una soluci\u00f3n inteligente, fiable y f\u00e1cil de instalar que ofrece una sensaci\u00f3n de seguridad como nunca antes hab\u00eda experimentado. He aqu\u00ed por qu\u00e9 creo que este producto destaca:<\/p>\n<ul>\n<li><strong>Detecci\u00f3n inteligente de movimiento<\/strong>: Gracias a sus sensores de alta tecnolog\u00eda, HomePolice24 detecta el movimiento en tiempo real y env\u00eda notificaciones instant\u00e1neas directamente a su dispositivo. Es como tener un par de ojos m\u00e1s en casa las 24 horas del d\u00eda.<\/li>\n<li><strong>Alertas en tiempo real<\/strong>: Siempre que se detecte cualquier actividad inusual, se le notificar\u00e1 inmediatamente. Esto significa que, aunque est\u00e9s a kil\u00f3metros de casa, siempre estar\u00e1s al tanto de lo que ocurre en tu propiedad.<\/li>\n<li><strong>F\u00e1cil instalaci\u00f3n<\/strong>: Una de las cosas que m\u00e1s aprecio de HomePolice24 es lo f\u00e1cil que es instalarlo. No necesitas a un profesional para ponerlo en marcha, lo que ahorra tiempo y dinero.<\/li>\n<li><strong>Integraci\u00f3n con dispositivos inteligentes<\/strong>: El sistema funciona perfectamente con sus dispositivos inteligentes existentes, como c\u00e1maras y luces. Puedes integrar HomePolice24 en la configuraci\u00f3n de tu hogar inteligente para mejorar la seguridad general sin esfuerzo.<\/li>\n<\/ul>\n<h2><span class=\"ez-toc-section\" id=\"How_does_HomePolice24_work\"><\/span>\u00bfC\u00f3mo funciona HomePolice24?<span class=\"ez-toc-section-end\"><\/span><\/h2>\n<p>HomePolice24 funciona mediante una combinaci\u00f3n de sensores, c\u00e1maras y algoritmos de inteligencia artificial que vigilan continuamente tu casa. Cuando detecta algo fuera de lo normal, ya sea movimiento en un lugar inesperado o un cambio repentino de temperatura, le env\u00eda una alerta inmediatamente. Esto lo convierte no s\u00f3lo en un sistema de seguridad, sino tambi\u00e9n en un potenciador del hogar inteligente. Tampoco tendr\u00e1 que preocuparse por falsas alarmas, gracias a su avanzada tecnolog\u00eda de detecci\u00f3n que diferencia entre amenazas reales y movimientos cotidianos.<\/p>\n<h2><span class=\"ez-toc-section\" id=\"Pricing_and_Packages\"><\/span>Precios y paquetes<span class=\"ez-toc-section-end\"><\/span><\/h2>\n<p>HomePolice24 ofrece diferentes planes de precios que se adaptan a distintas necesidades y presupuestos. Creo que el precio es bastante razonable teniendo en cuenta la tecnolog\u00eda de gama alta y la tranquilidad que ofrece.<\/p>\n<ul>\n<li><strong>Plan b\u00e1sico<\/strong> - $49,99: Incluye detecci\u00f3n de movimiento y alertas en tiempo real. Perfecto para quienes buscan una seguridad b\u00e1sica fiable sin florituras.<\/li>\n<li><strong>Plan Premium<\/strong> - $99.99: Incluye todas las funciones del Plan B\u00e1sico, adem\u00e1s de la integraci\u00f3n de dispositivos inteligentes y la supervisi\u00f3n 24 horas al d\u00eda, 7 d\u00edas a la semana. Este plan es ideal si buscas una protecci\u00f3n completa las 24 horas del d\u00eda.<\/li>\n<\/ul>\n<h2><span class=\"ez-toc-section\" id=\"Customer_Reviews\"><\/span>Opiniones de los clientes<span class=\"ez-toc-section-end\"><\/span><\/h2>\n<p>Muchos usuarios, como yo, han encontrado en HomePolice24 una excelente opci\u00f3n para la seguridad en el hogar. Aqu\u00ed tienes algunas opiniones que pueden ayudarte a hacerte una mejor idea de lo que puedes esperar:<\/p>\n<ul>\n<li><i>John D.<\/i> - 5 estrellas: \"HomePolice24 es un dispositivo incre\u00edble. Me alert\u00f3 justo a tiempo cuando un intruso estaba en mi jard\u00edn. Lo recomiendo encarecidamente\".<\/li>\n<li><i>Emma L.<\/i> - 4 estrellas: \"Gran producto, pero me gustar\u00eda que tuviera m\u00e1s opciones de personalizaci\u00f3n. Aun as\u00ed, es una soluci\u00f3n de seguridad s\u00f3lida\".<\/li>\n<\/ul>\n<h2><span class=\"ez-toc-section\" id=\"Frequently_Asked_Questions\"><\/span>Preguntas frecuentes<span class=\"ez-toc-section-end\"><\/span><\/h2>\n<h3><span class=\"ez-toc-section\" id=\"How_do_I_set_up_HomePolice24\"><\/span>\u00bfC\u00f3mo se configura HomePolice24?<span class=\"ez-toc-section-end\"><\/span><\/h3>\n<p>La instalaci\u00f3n de HomePolice24 es muy sencilla. El dispositivo viene con un manual de usuario que le gu\u00eda paso a paso por el proceso de instalaci\u00f3n. No necesitar\u00e1s ayuda profesional y no te llevar\u00e1 mucho tiempo ponerlo todo en marcha.<\/p>\n<h3><span class=\"ez-toc-section\" id=\"Is_HomePolice24_compatible_with_other_smart_home_devices\"><\/span>\u00bfEs HomePolice24 compatible con otros dispositivos dom\u00e9sticos inteligentes?<span class=\"ez-toc-section-end\"><\/span><\/h3>\n<p>S\u00ed, HomePolice24 est\u00e1 dise\u00f1ado para integrarse f\u00e1cilmente con los dispositivos dom\u00e9sticos inteligentes m\u00e1s populares. Esto incluye c\u00e1maras, alarmas, luces inteligentes y mucho m\u00e1s. Esta compatibilidad ayuda a crear un entorno totalmente automatizado y seguro para tu hogar.<\/p>\n<h2><span class=\"ez-toc-section\" id=\"Order_HomePolice24_Today\"><\/span>Pida HomePolice24 hoy mismo<span class=\"ez-toc-section-end\"><\/span><\/h2>\n<p>Si est\u00e1 listo para llevar la seguridad de su hogar al siguiente nivel, le recomiendo encarecidamente que solicite HomePolice24. Puede visitar Neotechix y empezar con un hogar m\u00e1s seguro e inteligente hoy mismo. No espere a tener una emergencia para darse cuenta de la importancia de la protecci\u00f3n de su hogar.<\/p>","protected":false},"excerpt":{"rendered":"<li>Detecci\u00f3n inteligente de movimiento: Detecta el movimiento y env\u00eda notificaciones instant\u00e1neas en caso de actividad sospechosa.<\/li>\n<li>Alertas en tiempo real: Reciba alertas en su smartphone o dispositivo cuando se detecte una actividad inusual.<\/li>\n<li>F\u00e1cil instalaci\u00f3n: Instalaci\u00f3n r\u00e1pida y sencilla sin necesidad de ayuda profesional.<\/li>\n<li>Integraci\u00f3n con dispositivos inteligentes: Se conecta a la perfecci\u00f3n con otros dispositivos dom\u00e9sticos inteligentes como c\u00e1maras y luces.<\/li>\n<li>Vigilancia 24\/7: Proporciona vigilancia constante, asegurando que su hogar est\u00e9 siempre protegido.<\/li>","protected":false},"featured_media":1358,"template":"","meta":{"_lmt_disableupdate":"","_lmt_disable":"","_kadence_starter_templates_imported_post":false,"_kad_post_transparent":"default","_kad_post_title":"","_kad_post_layout":"default","_kad_post_sidebar_id":"","_kad_post_content_style":"default","_kad_post_vertical_padding":"default","_kad_post_feature":"","_kad_post_feature_position":"","_kad_post_header":false,"_kad_post_footer":false,"_kad_post_classname":""},"product_brand":[],"product_cat":[16],"product_tag":[],"class_list":{"0":"post-307","1":"product","2":"type-product","3":"status-publish","4":"has-post-thumbnail","6":"product_cat-technology","8":"first","9":"instock","10":"shipping-taxable","11":"product-type-external","12":"entry","13":"content-bg","14":"loop-entry"},"_links":{"self":[{"href":"https:\/\/www.dealexpert.eu\/es\/wp-json\/wp\/v2\/product\/307","targetHints":{"allow":["GET"]}}],"collection":[{"href":"https:\/\/www.dealexpert.eu\/es\/wp-json\/wp\/v2\/product"}],"about":[{"href":"https:\/\/www.dealexpert.eu\/es\/wp-json\/wp\/v2\/types\/product"}],"wp:featuredmedia":[{"embeddable":true,"href":"https:\/\/www.dealexpert.eu\/es\/wp-json\/wp\/v2\/media\/1358"}],"wp:attachment":[{"href":"https:\/\/www.dealexpert.eu\/es\/wp-json\/wp\/v2\/media?parent=307"}],"wp:term":[{"taxonomy":"product_brand","embeddable":true,"href":"https:\/\/www.dealexpert.eu\/es\/wp-json\/wp\/v2\/product_brand?post=307"},{"taxonomy":"product_cat","embeddable":true,"href":"https:\/\/www.dealexpert.eu\/es\/wp-json\/wp\/v2\/product_cat?post=307"},{"taxonomy":"product_tag","embeddable":true,"href":"https:\/\/www.dealexpert.eu\/es\/wp-json\/wp\/v2\/product_tag?post=307"}],"curies":[{"name":"wp","href":"https:\/\/api.w.org\/{rel}","templated":true}]}}