{"id":1722,"date":"2026-03-09T11:04:07","date_gmt":"2026-03-09T11:04:07","guid":{"rendered":"https:\/\/www.dealexpert.eu\/?post_type=product&#038;p=1722"},"modified":"2026-03-09T11:04:07","modified_gmt":"2026-03-09T11:04:07","slug":"night-shred-pour-bruler-les-graisses-la-nuit","status":"publish","type":"product","link":"https:\/\/www.dealexpert.eu\/es\/p\/night-shred-pour-bruler-les-graisses-la-nuit\/","title":{"rendered":"Night shred pour br\u00fbler les graisses la nuit"},"content":{"rendered":"<div class=\"kk-star-ratings kksr-auto kksr-align-left kksr-valign-top\"\n    data-payload='{&quot;align&quot;:&quot;left&quot;,&quot;id&quot;:&quot;1722&quot;,&quot;slug&quot;:&quot;default&quot;,&quot;valign&quot;:&quot;top&quot;,&quot;ignore&quot;:&quot;&quot;,&quot;reference&quot;:&quot;auto&quot;,&quot;class&quot;:&quot;&quot;,&quot;count&quot;:&quot;0&quot;,&quot;legendonly&quot;:&quot;&quot;,&quot;readonly&quot;:&quot;&quot;,&quot;score&quot;:&quot;0&quot;,&quot;starsonly&quot;:&quot;&quot;,&quot;best&quot;:&quot;5&quot;,&quot;gap&quot;:&quot;5&quot;,&quot;greet&quot;:&quot;Rate this product&quot;,&quot;legend&quot;:&quot;0\\\/5 - (0 votos)&quot;,&quot;size&quot;:&quot;24&quot;,&quot;title&quot;:&quot;Night shred pour br\u00fbler les graisses la nuit&quot;,&quot;width&quot;:&quot;0&quot;,&quot;_legend&quot;:&quot;{score}\\\/{best} - ({count} {votes})&quot;,&quot;font_factor&quot;:&quot;1.25&quot;}'>\n            \n<div class=\"kksr-stars\">\n    \n<div class=\"kksr-stars-inactive\">\n            <div class=\"kksr-star\" data-star=\"1\" style=\"padding-right: 5px\">\n            \n\n<div class=\"kksr-icon\" style=\"width: 24px; height: 24px;\"><\/div>\n        <\/div>\n            <div class=\"kksr-star\" data-star=\"2\" style=\"padding-right: 5px\">\n            \n\n<div class=\"kksr-icon\" style=\"width: 24px; height: 24px;\"><\/div>\n        <\/div>\n            <div class=\"kksr-star\" data-star=\"3\" style=\"padding-right: 5px\">\n            \n\n<div class=\"kksr-icon\" style=\"width: 24px; height: 24px;\"><\/div>\n        <\/div>\n            <div class=\"kksr-star\" data-star=\"4\" style=\"padding-right: 5px\">\n            \n\n<div class=\"kksr-icon\" style=\"width: 24px; height: 24px;\"><\/div>\n        <\/div>\n            <div class=\"kksr-star\" data-star=\"5\" style=\"padding-right: 5px\">\n            \n\n<div class=\"kksr-icon\" style=\"width: 24px; height: 24px;\"><\/div>\n        <\/div>\n    <\/div>\n    \n<div class=\"kksr-stars-active\" style=\"width: 0px;\">\n            <div class=\"kksr-star\" style=\"padding-right: 5px\">\n            \n\n<div class=\"kksr-icon\" style=\"width: 24px; height: 24px;\"><\/div>\n        <\/div>\n            <div class=\"kksr-star\" style=\"padding-right: 5px\">\n            \n\n<div class=\"kksr-icon\" style=\"width: 24px; height: 24px;\"><\/div>\n        <\/div>\n            <div class=\"kksr-star\" style=\"padding-right: 5px\">\n            \n\n<div class=\"kksr-icon\" style=\"width: 24px; height: 24px;\"><\/div>\n        <\/div>\n            <div class=\"kksr-star\" style=\"padding-right: 5px\">\n            \n\n<div class=\"kksr-icon\" style=\"width: 24px; height: 24px;\"><\/div>\n        <\/div>\n            <div class=\"kksr-star\" style=\"padding-right: 5px\">\n            \n\n<div class=\"kksr-icon\" style=\"width: 24px; height: 24px;\"><\/div>\n        <\/div>\n    <\/div>\n<\/div>\n                \n\n<div class=\"kksr-legend\" style=\"font-size: 19.2px;\">\n            <span class=\"kksr-muted\">Valora este producto<\/span>\n    <\/div>\n    <\/div>\n<div id=\"ez-toc-container\" class=\"ez-toc-v2_0_81 counter-hierarchy ez-toc-counter ez-toc-grey ez-toc-container-direction\">\n<div class=\"ez-toc-title-container\">\n<p class=\"ez-toc-title\" style=\"cursor:inherit\">Resumen<\/p>\n<span class=\"ez-toc-title-toggle\"><a href=\"#\" class=\"ez-toc-pull-right ez-toc-btn ez-toc-btn-xs ez-toc-btn-default ez-toc-toggle\" aria-label=\"Alternar tabla de contenidos\"><span class=\"ez-toc-js-icon-con\"><span class=\"\"><span class=\"eztoc-hide\" style=\"display:none;\">Toggle<\/span><span class=\"ez-toc-icon-toggle-span\"><svg style=\"fill: #999;color:#999\" xmlns=\"http:\/\/www.w3.org\/2000\/svg\" class=\"list-377408\" width=\"20px\" height=\"20px\" viewbox=\"0 0 24 24\" fill=\"none\"><path d=\"M6 6H4v2h2V6zm14 0H8v2h12V6zM4 11h2v2H4v-2zm16 0H8v2h12v-2zM4 16h2v2H4v-2zm16 0H8v2h12v-2z\" fill=\"currentColor\"><\/path><\/svg><svg style=\"fill: #999;color:#999\" class=\"arrow-unsorted-368013\" xmlns=\"http:\/\/www.w3.org\/2000\/svg\" width=\"10px\" height=\"10px\" viewbox=\"0 0 24 24\" version=\"1.2\" baseprofile=\"tiny\"><path d=\"M18.2 9.3l-6.2-6.3-6.2 6.3c-.2.2-.3.4-.3.7s.1.5.3.7c.2.2.4.3.7.3h11c.3 0 .5-.1.7-.3.2-.2.3-.5.3-.7s-.1-.5-.3-.7zM5.8 14.7l6.2 6.3 6.2-6.3c.2-.2.3-.5.3-.7s-.1-.5-.3-.7c-.2-.2-.4-.3-.7-.3h-11c-.3 0-.5.1-.7.3-.2.2-.3.5-.3.7s.1.5.3.7z\"\/><\/svg><\/span><\/span><\/span><\/a><\/span><\/div>\n<nav><ul class='ez-toc-list ez-toc-list-level-1 eztoc-toggle-hide-by-default' ><li class='ez-toc-page-1 ez-toc-heading-level-2'><a class=\"ez-toc-link ez-toc-heading-1\" href=\"https:\/\/www.dealexpert.eu\/es\/p\/night-shred-pour-bruler-les-graisses-la-nuit\/#introduction_to_inno_cleanse\" >introducci\u00f3n a inno cleanse<\/a><ul class='ez-toc-list-level-3' ><li class='ez-toc-heading-level-3'><a class=\"ez-toc-link ez-toc-heading-2\" href=\"https:\/\/www.dealexpert.eu\/es\/p\/night-shred-pour-bruler-les-graisses-la-nuit\/#comment_ca_marche\" >comment \u00e7a marche<\/a><ul class='ez-toc-list-level-4' ><li class='ez-toc-heading-level-4'><a class=\"ez-toc-link ez-toc-heading-3\" href=\"https:\/\/www.dealexpert.eu\/es\/p\/night-shred-pour-bruler-les-graisses-la-nuit\/#les_bienfaits_du_produit\" >ventajas del producto<\/a><\/li><\/ul><\/li><li class='ez-toc-page-1 ez-toc-heading-level-3'><a class=\"ez-toc-link ez-toc-heading-4\" href=\"https:\/\/www.dealexpert.eu\/es\/p\/night-shred-pour-bruler-les-graisses-la-nuit\/#les_ingredients_cles\" >los ingredientes clave<\/a><ul class='ez-toc-list-level-4' ><li class='ez-toc-heading-level-4'><a class=\"ez-toc-link ez-toc-heading-5\" href=\"https:\/\/www.dealexpert.eu\/es\/p\/night-shred-pour-bruler-les-graisses-la-nuit\/#pourquoi_choisir_inno_cleanse\" >por qu\u00e9 elegir inno cleanse<\/a><\/li><\/ul><\/li><li class='ez-toc-page-1 ez-toc-heading-level-3'><a class=\"ez-toc-link ez-toc-heading-6\" href=\"https:\/\/www.dealexpert.eu\/es\/p\/night-shred-pour-bruler-les-graisses-la-nuit\/#ce_que_disent_nos_clients\" >lo que dicen nuestros clientes<\/a><ul class='ez-toc-list-level-4' ><li class='ez-toc-heading-level-4'><a class=\"ez-toc-link ez-toc-heading-7\" href=\"https:\/\/www.dealexpert.eu\/es\/p\/night-shred-pour-bruler-les-graisses-la-nuit\/#comment_utiliser_inno_cleanse\" >comment utiliser inno cleanse<\/a><\/li><\/ul><\/li><li class='ez-toc-page-1 ez-toc-heading-level-3'><a class=\"ez-toc-link ez-toc-heading-8\" href=\"https:\/\/www.dealexpert.eu\/es\/p\/night-shred-pour-bruler-les-graisses-la-nuit\/#conclusion\" >conclusi\u00f3n<\/a><\/li><\/ul><\/li><\/ul><\/nav><\/div>\n<h2><span class=\"ez-toc-section\" id=\"introduction_to_inno_cleanse\"><\/span>introducci\u00f3n a inno cleanse<span class=\"ez-toc-section-end\"><\/span><\/h2>\n<p>inno cleanse es un producto de alta calidad dise\u00f1ado para mejorar la salud global y el bienestar. nuestra f\u00f3rmula \u00fanica combina ingredientes naturales para ayudar a limpiar y desintoxicar el organismo, al tiempo que favorece una mejor digesti\u00f3n y una p\u00e9rdida de peso saludable.<\/p>\n<h3><span class=\"ez-toc-section\" id=\"comment_ca_marche\"><\/span>comment \u00e7a marche<span class=\"ez-toc-section-end\"><\/span><\/h3>\n<p>nuestro producto act\u00faa reduciendo los principales factores que contribuyen a un mal estado digestivo y a una p\u00e9rdida de peso. los ingredientes cl\u00e1sicos como la c\u00e1scara sagrada y la bentonita ayudan a limpiar el sistema digestivo, mientras que otros ingredientes como la ashwagandha y la melatonina ayudan a la relajaci\u00f3n y al sue\u00f1o de calidad.<\/p>\n<h4><span class=\"ez-toc-section\" id=\"les_bienfaits_du_produit\"><\/span>ventajas del producto<span class=\"ez-toc-section-end\"><\/span><\/h4>\n<ul>\n<li>apoyo a la salud digestiva y a la p\u00e9rdida de peso<\/li>\n<li>ayuda a limpiar y desintoxicar el organismo<\/li>\n<li>favorece una mejor digesti\u00f3n y absorci\u00f3n de los nutrientes<\/li>\n<li>favorece la relajaci\u00f3n y el sue\u00f1o de calidad<\/li>\n<\/ul>\n<h3><span class=\"ez-toc-section\" id=\"les_ingredients_cles\"><\/span>los ingredientes clave<span class=\"ez-toc-section-end\"><\/span><\/h3>\n<ul>\n<li>c\u00e1scara sagrada: ayuda a limpiar el sistema digestivo<\/li>\n<li>bentonita: ayuda a desintoxicar el organismo<\/li>\n<li>ashwagandha: favorece la relajaci\u00f3n y reduce el estr\u00e9s<\/li>\n<li>melatonine : r\u00e9gule le sommeil et favorise la relaxation<\/li>\n<\/ul>\n<h4><span class=\"ez-toc-section\" id=\"pourquoi_choisir_inno_cleanse\"><\/span>por qu\u00e9 elegir inno cleanse<span class=\"ez-toc-section-end\"><\/span><\/h4>\n<ul>\n<li>f\u00f3rmula natural y sin efectos secundarios<\/li>\n<li>fabricado en un laboratorio certificado gmp<\/li>\n<li>sin ingredientes artificiales ni al\u00e9rgenos<\/li>\n<li>convient aux v\u00e9g\u00e9taliens et aux personnes sensibles<\/li>\n<\/ul>\n<h3><span class=\"ez-toc-section\" id=\"ce_que_disent_nos_clients\"><\/span>lo que dicen nuestros clientes<span class=\"ez-toc-section-end\"><\/span><\/h3>\n<p>nuestros clientes han informado de una mejora significativa de su salud digestiva y de su bienestar general despu\u00e9s de haber utilizado inno cleanse. tambi\u00e9n han se\u00f1alado un aumento de peso saludable y una reducci\u00f3n de los s\u00edntomas de digesti\u00f3n dif\u00edcil.<\/p>\n<h4><span class=\"ez-toc-section\" id=\"comment_utiliser_inno_cleanse\"><\/span>comment utiliser inno cleanse<span class=\"ez-toc-section-end\"><\/span><\/h4>\n<p>tome 2 c\u00e1psulas al d\u00eda, antes de acostarse, con un vaso de agua. se recomienda consultar a un profesional de la salud antes de empezar a tomar un nuevo suplemento.<\/p>\n<h3><span class=\"ez-toc-section\" id=\"conclusion\"><\/span>conclusi\u00f3n<span class=\"ez-toc-section-end\"><\/span><\/h3>\n<p>inno cleanse es un producto natural y eficaz que puede ayudar a mejorar la salud digestiva, a favorecer una p\u00e9rdida de peso saludable y a mejorar el bienestar global. con sus ingredientes cl\u00e1sicos y su f\u00f3rmula \u00fanica, es la elecci\u00f3n ideal para aquellos que quieren mejorar su salud y su calidad de vida. \u00a1pruebe inno cleanse hoy y descubra los beneficios de una salud digestiva \u00f3ptima!<\/p>","protected":false},"excerpt":{"rendered":"<p>introduction to inno cleanse inno cleanse est un produit de haute qualit\u00e9 con\u00e7u pour soutenir la sant\u00e9 globale et le bien-\u00eatre. notre formule unique combine des ingr\u00e9dients naturels pour aider \u00e0 nettoyer et \u00e0 d\u00e9toxifier l&#8217;organisme, tout en favorisant une meilleure digestion et une perte de poids saine. comment \u00e7a marche notre produit fonctionne en&#8230;<\/p>","protected":false},"featured_media":1723,"template":"","meta":{"_lmt_disableupdate":"","_lmt_disable":"","_kadence_starter_templates_imported_post":false,"_kad_post_transparent":"","_kad_post_title":"","_kad_post_layout":"","_kad_post_sidebar_id":"","_kad_post_content_style":"","_kad_post_vertical_padding":"","_kad_post_feature":"","_kad_post_feature_position":"","_kad_post_header":false,"_kad_post_footer":false,"_kad_post_classname":""},"product_brand":[148],"product_cat":[150],"product_tag":[],"class_list":{"0":"post-1722","1":"product","2":"type-product","3":"status-publish","4":"has-post-thumbnail","6":"product_brand-innosupps","7":"product_cat-cla-conjugated-linoleic-acid","9":"first","10":"instock","11":"shipping-taxable","12":"product-type-external","13":"entry","14":"content-bg","15":"loop-entry"},"_links":{"self":[{"href":"https:\/\/www.dealexpert.eu\/es\/wp-json\/wp\/v2\/product\/1722","targetHints":{"allow":["GET"]}}],"collection":[{"href":"https:\/\/www.dealexpert.eu\/es\/wp-json\/wp\/v2\/product"}],"about":[{"href":"https:\/\/www.dealexpert.eu\/es\/wp-json\/wp\/v2\/types\/product"}],"wp:featuredmedia":[{"embeddable":true,"href":"https:\/\/www.dealexpert.eu\/es\/wp-json\/wp\/v2\/media\/1723"}],"wp:attachment":[{"href":"https:\/\/www.dealexpert.eu\/es\/wp-json\/wp\/v2\/media?parent=1722"}],"wp:term":[{"taxonomy":"product_brand","embeddable":true,"href":"https:\/\/www.dealexpert.eu\/es\/wp-json\/wp\/v2\/product_brand?post=1722"},{"taxonomy":"product_cat","embeddable":true,"href":"https:\/\/www.dealexpert.eu\/es\/wp-json\/wp\/v2\/product_cat?post=1722"},{"taxonomy":"product_tag","embeddable":true,"href":"https:\/\/www.dealexpert.eu\/es\/wp-json\/wp\/v2\/product_tag?post=1722"}],"curies":[{"name":"wp","href":"https:\/\/api.w.org\/{rel}","templated":true}]}}