{"id":1713,"date":"2026-03-09T09:03:44","date_gmt":"2026-03-09T09:03:44","guid":{"rendered":"https:\/\/www.dealexpert.eu\/?post_type=product&#038;p=1713"},"modified":"2026-03-09T09:03:44","modified_gmt":"2026-03-09T09:03:44","slug":"night-shred-pour-un-sommeil-et-une-perte-de-poids-ameliores","status":"publish","type":"product","link":"https:\/\/www.dealexpert.eu\/es\/p\/night-shred-pour-un-sommeil-et-une-perte-de-poids-ameliores\/","title":{"rendered":"Night shred for a sommeil and une perte de poids am\u00e9lior\u00e9s"},"content":{"rendered":"<div class=\"kk-star-ratings kksr-auto kksr-align-left kksr-valign-top\"\n    data-payload='{&quot;align&quot;:&quot;left&quot;,&quot;id&quot;:&quot;1713&quot;,&quot;slug&quot;:&quot;default&quot;,&quot;valign&quot;:&quot;top&quot;,&quot;ignore&quot;:&quot;&quot;,&quot;reference&quot;:&quot;auto&quot;,&quot;class&quot;:&quot;&quot;,&quot;count&quot;:&quot;0&quot;,&quot;legendonly&quot;:&quot;&quot;,&quot;readonly&quot;:&quot;&quot;,&quot;score&quot;:&quot;0&quot;,&quot;starsonly&quot;:&quot;&quot;,&quot;best&quot;:&quot;5&quot;,&quot;gap&quot;:&quot;5&quot;,&quot;greet&quot;:&quot;Rate this product&quot;,&quot;legend&quot;:&quot;0\\\/5 - (0 votos)&quot;,&quot;size&quot;:&quot;24&quot;,&quot;title&quot;:&quot;Night shred pour un sommeil et une perte de poids am\u00e9lior\u00e9s&quot;,&quot;width&quot;:&quot;0&quot;,&quot;_legend&quot;:&quot;{score}\\\/{best} - ({count} {votes})&quot;,&quot;font_factor&quot;:&quot;1.25&quot;}'>\n            \n<div class=\"kksr-stars\">\n    \n<div class=\"kksr-stars-inactive\">\n            <div class=\"kksr-star\" data-star=\"1\" style=\"padding-right: 5px\">\n            \n\n<div class=\"kksr-icon\" style=\"width: 24px; height: 24px;\"><\/div>\n        <\/div>\n            <div class=\"kksr-star\" data-star=\"2\" style=\"padding-right: 5px\">\n            \n\n<div class=\"kksr-icon\" style=\"width: 24px; height: 24px;\"><\/div>\n        <\/div>\n            <div class=\"kksr-star\" data-star=\"3\" style=\"padding-right: 5px\">\n            \n\n<div class=\"kksr-icon\" style=\"width: 24px; height: 24px;\"><\/div>\n        <\/div>\n            <div class=\"kksr-star\" data-star=\"4\" style=\"padding-right: 5px\">\n            \n\n<div class=\"kksr-icon\" style=\"width: 24px; height: 24px;\"><\/div>\n        <\/div>\n            <div class=\"kksr-star\" data-star=\"5\" style=\"padding-right: 5px\">\n            \n\n<div class=\"kksr-icon\" style=\"width: 24px; height: 24px;\"><\/div>\n        <\/div>\n    <\/div>\n    \n<div class=\"kksr-stars-active\" style=\"width: 0px;\">\n            <div class=\"kksr-star\" style=\"padding-right: 5px\">\n            \n\n<div class=\"kksr-icon\" style=\"width: 24px; height: 24px;\"><\/div>\n        <\/div>\n            <div class=\"kksr-star\" style=\"padding-right: 5px\">\n            \n\n<div class=\"kksr-icon\" style=\"width: 24px; height: 24px;\"><\/div>\n        <\/div>\n            <div class=\"kksr-star\" style=\"padding-right: 5px\">\n            \n\n<div class=\"kksr-icon\" style=\"width: 24px; height: 24px;\"><\/div>\n        <\/div>\n            <div class=\"kksr-star\" style=\"padding-right: 5px\">\n            \n\n<div class=\"kksr-icon\" style=\"width: 24px; height: 24px;\"><\/div>\n        <\/div>\n            <div class=\"kksr-star\" style=\"padding-right: 5px\">\n            \n\n<div class=\"kksr-icon\" style=\"width: 24px; height: 24px;\"><\/div>\n        <\/div>\n    <\/div>\n<\/div>\n                \n\n<div class=\"kksr-legend\" style=\"font-size: 19.2px;\">\n            <span class=\"kksr-muted\">Valora este producto<\/span>\n    <\/div>\n    <\/div>\n<div id=\"ez-toc-container\" class=\"ez-toc-v2_0_81 counter-hierarchy ez-toc-counter ez-toc-grey ez-toc-container-direction\">\n<div class=\"ez-toc-title-container\">\n<p class=\"ez-toc-title\" style=\"cursor:inherit\">Resumen<\/p>\n<span class=\"ez-toc-title-toggle\"><a href=\"#\" class=\"ez-toc-pull-right ez-toc-btn ez-toc-btn-xs ez-toc-btn-default ez-toc-toggle\" aria-label=\"Alternar tabla de contenidos\"><span class=\"ez-toc-js-icon-con\"><span class=\"\"><span class=\"eztoc-hide\" style=\"display:none;\">Toggle<\/span><span class=\"ez-toc-icon-toggle-span\"><svg style=\"fill: #999;color:#999\" xmlns=\"http:\/\/www.w3.org\/2000\/svg\" class=\"list-377408\" width=\"20px\" height=\"20px\" viewbox=\"0 0 24 24\" fill=\"none\"><path d=\"M6 6H4v2h2V6zm14 0H8v2h12V6zM4 11h2v2H4v-2zm16 0H8v2h12v-2zM4 16h2v2H4v-2zm16 0H8v2h12v-2z\" fill=\"currentColor\"><\/path><\/svg><svg style=\"fill: #999;color:#999\" class=\"arrow-unsorted-368013\" xmlns=\"http:\/\/www.w3.org\/2000\/svg\" width=\"10px\" height=\"10px\" viewbox=\"0 0 24 24\" version=\"1.2\" baseprofile=\"tiny\"><path d=\"M18.2 9.3l-6.2-6.3-6.2 6.3c-.2.2-.3.4-.3.7s.1.5.3.7c.2.2.4.3.7.3h11c.3 0 .5-.1.7-.3.2-.2.3-.5.3-.7s-.1-.5-.3-.7zM5.8 14.7l6.2 6.3 6.2-6.3c.2-.2.3-.5.3-.7s-.1-.5-.3-.7c-.2-.2-.4-.3-.7-.3h-11c-.3 0-.5.1-.7.3-.2.2-.3.5-.3.7s.1.5.3.7z\"\/><\/svg><\/span><\/span><\/span><\/a><\/span><\/div>\n<nav><ul class='ez-toc-list ez-toc-list-level-1 eztoc-toggle-hide-by-default' ><li class='ez-toc-page-1 ez-toc-heading-level-2'><a class=\"ez-toc-link ez-toc-heading-1\" href=\"https:\/\/www.dealexpert.eu\/es\/p\/night-shred-pour-un-sommeil-et-une-perte-de-poids-ameliores\/#introduction_to_night_shred_glp-1\" >introducci\u00f3n a night shred glp-1<\/a><ul class='ez-toc-list-level-3' ><li class='ez-toc-heading-level-3'><a class=\"ez-toc-link ez-toc-heading-2\" href=\"https:\/\/www.dealexpert.eu\/es\/p\/night-shred-pour-un-sommeil-et-une-perte-de-poids-ameliores\/#comment_ca_marche\" >comment \u00e7a marche<\/a><\/li><li class='ez-toc-page-1 ez-toc-heading-level-3'><a class=\"ez-toc-link ez-toc-heading-3\" href=\"https:\/\/www.dealexpert.eu\/es\/p\/night-shred-pour-un-sommeil-et-une-perte-de-poids-ameliores\/#avantages_pour_la_sante\" >ventajas para la salud<\/a><\/li><li class='ez-toc-page-1 ez-toc-heading-level-3'><a class=\"ez-toc-link ez-toc-heading-4\" href=\"https:\/\/www.dealexpert.eu\/es\/p\/night-shred-pour-un-sommeil-et-une-perte-de-poids-ameliores\/#pourquoi_choisir_night_shred_glp-1\" >por qu\u00e9 elegir night shred glp-1<\/a><\/li><li class='ez-toc-page-1 ez-toc-heading-level-3'><a class=\"ez-toc-link ez-toc-heading-5\" href=\"https:\/\/www.dealexpert.eu\/es\/p\/night-shred-pour-un-sommeil-et-une-perte-de-poids-ameliores\/#conclusion\" >conclusi\u00f3n<\/a><\/li><\/ul><\/li><\/ul><\/nav><\/div>\n<h2><span class=\"ez-toc-section\" id=\"introduction_to_night_shred_glp-1\"><\/span>introducci\u00f3n a night shred glp-1<span class=\"ez-toc-section-end\"><\/span><\/h2>\n<p>night shred glp-1 es un suplemento alimenticio dise\u00f1ado para favorecer la regulaci\u00f3n del apetito nocturno y mejorar la salud digestiva. con ingredientes como la akkermansia y el sukr\u00e9, este producto ayuda a aliviar las envidias nocturnas y a favorecer un sue\u00f1o reparador.<\/p>\n<h3><span class=\"ez-toc-section\" id=\"comment_ca_marche\"><\/span>comment \u00e7a marche<span class=\"ez-toc-section-end\"><\/span><\/h3>\n<ul>\n<li><strong>regulaci\u00f3n del apetito nocturno<\/strong> : night shred glp-1 refuerza la actividad natural de glp-1 en el organismo, ayudando as\u00ed a controlar las envidias nocturnas y a promover una alimentaci\u00f3n equilibrada.<\/li>\n<li><strong>soutien au sommeil<\/strong> con ingredientes como la gaba, este suplemento fomenta un esp\u00edritu tranquilo y un sue\u00f1o reparador, esenciales para el bienestar y la recuperaci\u00f3n.<\/li>\n<li><strong>apoyo al estr\u00e9s<\/strong> ciertos estudios demuestran que el sensorial ashwagandha puede proporcionar un apoyo al estr\u00e9s y ayudar a promover una respuesta equilibrada al cortisol, lo que es importante para mantener un peso saludable.<\/li>\n<li><strong>apoyo termog\u00e9nico nocturno<\/strong> El greenselect y los granos de para\u00edso pueden ayudar a estimular los procesos termog\u00e9nicos, fomentando as\u00ed la combusti\u00f3n de calor\u00edas y el metabolismo de los granos, tanto activos como en reposo, en el marco de un modo de vida saludable.<\/li>\n<\/ul>\n<h3><span class=\"ez-toc-section\" id=\"avantages_pour_la_sante\"><\/span>ventajas para la salud<span class=\"ez-toc-section-end\"><\/span><\/h3>\n<ul>\n<li><strong>mejor regulaci\u00f3n del apetito<\/strong> : night shred glp-1 ayuda a controlar las envidias nocturnas, lo que puede contribuir a una p\u00e9rdida de peso m\u00e1s f\u00e1cil y duradera.<\/li>\n<li><strong>mejora de la calidad del sue\u00f1o<\/strong> Un separador de suciedad es esencial para la recuperaci\u00f3n y el bienestar general.<\/li>\n<li><strong>reducci\u00f3n del estr\u00e9s<\/strong> al ayudar a promover una respuesta equilibrada al cortisol, night shred glp-1 puede contribuir a reducir los niveles de estr\u00e9s y a mejorar la salud mental.<\/li>\n<li><strong>apoyo a la p\u00e9rdida de peso<\/strong> al favorecer la combusti\u00f3n de calor\u00edas y el metabolismo de los l\u00edpidos, este suplemento puede ayudar a alcanzar los objetivos de p\u00e9rdida de peso.<\/li>\n<\/ul>\n<h3><span class=\"ez-toc-section\" id=\"pourquoi_choisir_night_shred_glp-1\"><\/span>por qu\u00e9 elegir night shred glp-1<span class=\"ez-toc-section-end\"><\/span><\/h3>\n<ul>\n<li><strong>formulado con ingredientes de alta calidad<\/strong> night shred glp-1 contiene ingredientes probados por su eficacia y seguridad.<\/li>\n<li><strong>apoyo a la salud digestiva<\/strong> Adem\u00e1s de regular el apetito nocturno, este suplemento ayuda a mejorar la salud digestiva.<\/li>\n<li><strong>f\u00e1cil de integrar en su rutina diaria<\/strong> Prendre night shred glp-1 est simple et peut \u00eatre facilement int\u00e9gr\u00e9 \u00e0 votre routine quotidienne.<\/li>\n<\/ul>\n<h3><span class=\"ez-toc-section\" id=\"conclusion\"><\/span>conclusi\u00f3n<span class=\"ez-toc-section-end\"><\/span><\/h3>\n<p>night shred glp-1 es un suplemento alimenticio completo dise\u00f1ado para favorecer la regulaci\u00f3n del apetito nocturno, promover un sue\u00f1o reparador y ayudar a combatir el estr\u00e9s y la p\u00e9rdida de peso. con sus ingredientes de alta calidad y su f\u00f3rmula \u00fanica, puede ser un excelente complemento para su rutina de salud y bienestar. pruebe night shred glp-1 hoy mismo y descubra los beneficios de un sue\u00f1o reparador y de una mejor salud digestiva.<\/p>","protected":false},"excerpt":{"rendered":"<p>introduction to night shred glp-1 night shred glp-1 est un suppl\u00e9ment alimentaire con\u00e7u pour soutenir la r\u00e9gulation de l&#8217;app\u00e9tit nocturne et promouvoir la sant\u00e9 digestive. avec des ingr\u00e9dients comme akkermansia et sukr\u00e9, ce produit aide \u00e0 g\u00e9rer les envies nocturnes et \u00e0 favoriser un sommeil r\u00e9parateur. comment \u00e7a marche r\u00e9gulation de l&#8217;app\u00e9tit nocturne : night&#8230;<\/p>","protected":false},"featured_media":1714,"template":"","meta":{"_lmt_disableupdate":"","_lmt_disable":"","_kadence_starter_templates_imported_post":false,"_kad_post_transparent":"","_kad_post_title":"","_kad_post_layout":"","_kad_post_sidebar_id":"","_kad_post_content_style":"","_kad_post_vertical_padding":"","_kad_post_feature":"","_kad_post_feature_position":"","_kad_post_header":false,"_kad_post_footer":false,"_kad_post_classname":""},"product_brand":[148],"product_cat":[149],"product_tag":[],"class_list":{"0":"post-1713","1":"product","2":"type-product","3":"status-publish","4":"has-post-thumbnail","6":"product_brand-innosupps","7":"product_cat-l-carnitine-for-fat-burning","9":"first","10":"instock","11":"shipping-taxable","12":"product-type-external","13":"entry","14":"content-bg","15":"loop-entry"},"_links":{"self":[{"href":"https:\/\/www.dealexpert.eu\/es\/wp-json\/wp\/v2\/product\/1713","targetHints":{"allow":["GET"]}}],"collection":[{"href":"https:\/\/www.dealexpert.eu\/es\/wp-json\/wp\/v2\/product"}],"about":[{"href":"https:\/\/www.dealexpert.eu\/es\/wp-json\/wp\/v2\/types\/product"}],"wp:featuredmedia":[{"embeddable":true,"href":"https:\/\/www.dealexpert.eu\/es\/wp-json\/wp\/v2\/media\/1714"}],"wp:attachment":[{"href":"https:\/\/www.dealexpert.eu\/es\/wp-json\/wp\/v2\/media?parent=1713"}],"wp:term":[{"taxonomy":"product_brand","embeddable":true,"href":"https:\/\/www.dealexpert.eu\/es\/wp-json\/wp\/v2\/product_brand?post=1713"},{"taxonomy":"product_cat","embeddable":true,"href":"https:\/\/www.dealexpert.eu\/es\/wp-json\/wp\/v2\/product_cat?post=1713"},{"taxonomy":"product_tag","embeddable":true,"href":"https:\/\/www.dealexpert.eu\/es\/wp-json\/wp\/v2\/product_tag?post=1713"}],"curies":[{"name":"wp","href":"https:\/\/api.w.org\/{rel}","templated":true}]}}