{"id":1703,"date":"2026-03-08T13:26:51","date_gmt":"2026-03-08T13:26:51","guid":{"rendered":"https:\/\/www.dealexpert.eu\/?post_type=product&#038;p=1703"},"modified":"2026-03-08T13:26:51","modified_gmt":"2026-03-08T13:26:51","slug":"niacinamida-tratamiento-hidratante-para-el-acne","status":"publish","type":"product","link":"https:\/\/www.dealexpert.eu\/es\/p\/niacinamida-tratamiento-hidratante-para-el-acne\/","title":{"rendered":"Tratamiento hidratante del acn\u00e9 con niacinamida"},"content":{"rendered":"<div class=\"kk-star-ratings kksr-auto kksr-align-left kksr-valign-top\"\n    data-payload='{&quot;align&quot;:&quot;left&quot;,&quot;id&quot;:&quot;1703&quot;,&quot;slug&quot;:&quot;default&quot;,&quot;valign&quot;:&quot;top&quot;,&quot;ignore&quot;:&quot;&quot;,&quot;reference&quot;:&quot;auto&quot;,&quot;class&quot;:&quot;&quot;,&quot;count&quot;:&quot;0&quot;,&quot;legendonly&quot;:&quot;&quot;,&quot;readonly&quot;:&quot;&quot;,&quot;score&quot;:&quot;0&quot;,&quot;starsonly&quot;:&quot;&quot;,&quot;best&quot;:&quot;5&quot;,&quot;gap&quot;:&quot;5&quot;,&quot;greet&quot;:&quot;Rate this product&quot;,&quot;legend&quot;:&quot;0\\\/5 - (0 votos)&quot;,&quot;size&quot;:&quot;24&quot;,&quot;title&quot;:&quot;Niacinamide hydrating acne treatment&quot;,&quot;width&quot;:&quot;0&quot;,&quot;_legend&quot;:&quot;{score}\\\/{best} - ({count} {votes})&quot;,&quot;font_factor&quot;:&quot;1.25&quot;}'>\n            \n<div class=\"kksr-stars\">\n    \n<div class=\"kksr-stars-inactive\">\n            <div class=\"kksr-star\" data-star=\"1\" style=\"padding-right: 5px\">\n            \n\n<div class=\"kksr-icon\" style=\"width: 24px; height: 24px;\"><\/div>\n        <\/div>\n            <div class=\"kksr-star\" data-star=\"2\" style=\"padding-right: 5px\">\n            \n\n<div class=\"kksr-icon\" style=\"width: 24px; height: 24px;\"><\/div>\n        <\/div>\n            <div class=\"kksr-star\" data-star=\"3\" style=\"padding-right: 5px\">\n            \n\n<div class=\"kksr-icon\" style=\"width: 24px; height: 24px;\"><\/div>\n        <\/div>\n            <div class=\"kksr-star\" data-star=\"4\" style=\"padding-right: 5px\">\n            \n\n<div class=\"kksr-icon\" style=\"width: 24px; height: 24px;\"><\/div>\n        <\/div>\n            <div class=\"kksr-star\" data-star=\"5\" style=\"padding-right: 5px\">\n            \n\n<div class=\"kksr-icon\" style=\"width: 24px; height: 24px;\"><\/div>\n        <\/div>\n    <\/div>\n    \n<div class=\"kksr-stars-active\" style=\"width: 0px;\">\n            <div class=\"kksr-star\" style=\"padding-right: 5px\">\n            \n\n<div class=\"kksr-icon\" style=\"width: 24px; height: 24px;\"><\/div>\n        <\/div>\n            <div class=\"kksr-star\" style=\"padding-right: 5px\">\n            \n\n<div class=\"kksr-icon\" style=\"width: 24px; height: 24px;\"><\/div>\n        <\/div>\n            <div class=\"kksr-star\" style=\"padding-right: 5px\">\n            \n\n<div class=\"kksr-icon\" style=\"width: 24px; height: 24px;\"><\/div>\n        <\/div>\n            <div class=\"kksr-star\" style=\"padding-right: 5px\">\n            \n\n<div class=\"kksr-icon\" style=\"width: 24px; height: 24px;\"><\/div>\n        <\/div>\n            <div class=\"kksr-star\" style=\"padding-right: 5px\">\n            \n\n<div class=\"kksr-icon\" style=\"width: 24px; height: 24px;\"><\/div>\n        <\/div>\n    <\/div>\n<\/div>\n                \n\n<div class=\"kksr-legend\" style=\"font-size: 19.2px;\">\n            <span class=\"kksr-muted\">Valora este producto<\/span>\n    <\/div>\n    <\/div>\n<div id=\"ez-toc-container\" class=\"ez-toc-v2_0_81 counter-hierarchy ez-toc-counter ez-toc-grey ez-toc-container-direction\">\n<div class=\"ez-toc-title-container\">\n<p class=\"ez-toc-title\" style=\"cursor:inherit\">Resumen<\/p>\n<span class=\"ez-toc-title-toggle\"><a href=\"#\" class=\"ez-toc-pull-right ez-toc-btn ez-toc-btn-xs ez-toc-btn-default ez-toc-toggle\" aria-label=\"Alternar tabla de contenidos\"><span class=\"ez-toc-js-icon-con\"><span class=\"\"><span class=\"eztoc-hide\" style=\"display:none;\">Toggle<\/span><span class=\"ez-toc-icon-toggle-span\"><svg style=\"fill: #999;color:#999\" xmlns=\"http:\/\/www.w3.org\/2000\/svg\" class=\"list-377408\" width=\"20px\" height=\"20px\" viewbox=\"0 0 24 24\" fill=\"none\"><path d=\"M6 6H4v2h2V6zm14 0H8v2h12V6zM4 11h2v2H4v-2zm16 0H8v2h12v-2zM4 16h2v2H4v-2zm16 0H8v2h12v-2z\" fill=\"currentColor\"><\/path><\/svg><svg style=\"fill: #999;color:#999\" class=\"arrow-unsorted-368013\" xmlns=\"http:\/\/www.w3.org\/2000\/svg\" width=\"10px\" height=\"10px\" viewbox=\"0 0 24 24\" version=\"1.2\" baseprofile=\"tiny\"><path d=\"M18.2 9.3l-6.2-6.3-6.2 6.3c-.2.2-.3.4-.3.7s.1.5.3.7c.2.2.4.3.7.3h11c.3 0 .5-.1.7-.3.2-.2.3-.5.3-.7s-.1-.5-.3-.7zM5.8 14.7l6.2 6.3 6.2-6.3c.2-.2.3-.5.3-.7s-.1-.5-.3-.7c-.2-.2-.4-.3-.7-.3h-11c-.3 0-.5.1-.7.3-.2.2-.3.5-.3.7s.1.5.3.7z\"\/><\/svg><\/span><\/span><\/span><\/a><\/span><\/div>\n<nav><ul class='ez-toc-list ez-toc-list-level-1 eztoc-toggle-hide-by-default' ><li class='ez-toc-page-1 ez-toc-heading-level-2'><a class=\"ez-toc-link ez-toc-heading-1\" href=\"https:\/\/www.dealexpert.eu\/es\/p\/niacinamida-tratamiento-hidratante-para-el-acne\/#introduction_to_clear_skin_mineral_milk\" >introducci\u00f3n a la leche mineral clear skin<\/a><ul class='ez-toc-list-level-3' ><li class='ez-toc-heading-level-3'><a class=\"ez-toc-link ez-toc-heading-2\" href=\"https:\/\/www.dealexpert.eu\/es\/p\/niacinamida-tratamiento-hidratante-para-el-acne\/#comment_ca_marche\" >comment \u00e7a marche<\/a><ul class='ez-toc-list-level-4' ><li class='ez-toc-heading-level-4'><a class=\"ez-toc-link ez-toc-heading-3\" href=\"https:\/\/www.dealexpert.eu\/es\/p\/niacinamida-tratamiento-hidratante-para-el-acne\/#les_bienfaits_pour_votre_peau\" >Bienfaits pour votre peau<\/a><\/li><\/ul><\/li><li class='ez-toc-page-1 ez-toc-heading-level-3'><a class=\"ez-toc-link ez-toc-heading-4\" href=\"https:\/\/www.dealexpert.eu\/es\/p\/niacinamida-tratamiento-hidratante-para-el-acne\/#pourquoi_nous_laimons\" >por qu\u00e9 nos queremos<\/a><ul class='ez-toc-list-level-4' ><li class='ez-toc-heading-level-4'><a class=\"ez-toc-link ez-toc-heading-5\" href=\"https:\/\/www.dealexpert.eu\/es\/p\/niacinamida-tratamiento-hidratante-para-el-acne\/#les_avantages\" >las ventajas<\/a><\/li><\/ul><\/li><li class='ez-toc-page-1 ez-toc-heading-level-3'><a class=\"ez-toc-link ez-toc-heading-6\" href=\"https:\/\/www.dealexpert.eu\/es\/p\/niacinamida-tratamiento-hidratante-para-el-acne\/#qualite_et_securite\" >calidad y seguridad<\/a><\/li><li class='ez-toc-page-1 ez-toc-heading-level-3'><a class=\"ez-toc-link ez-toc-heading-7\" href=\"https:\/\/www.dealexpert.eu\/es\/p\/niacinamida-tratamiento-hidratante-para-el-acne\/#comment_lutiliser\" >c\u00f3mo utilizarlo<\/a><\/li><\/ul><\/li><\/ul><\/nav><\/div>\n<h2><span class=\"ez-toc-section\" id=\"introduction_to_clear_skin_mineral_milk\"><\/span>introducci\u00f3n a la leche mineral clear skin<span class=\"ez-toc-section-end\"><\/span><\/h2>\n<p>clear skin mineral milk es un tratamiento hidratante contra el acn\u00e9 que asocia el \u00e1cido salic\u00edlico y la niacinamida para ofrecerte una piel m\u00e1s clara y luminosa. <\/p>\n<h3><span class=\"ez-toc-section\" id=\"comment_ca_marche\"><\/span>comment \u00e7a marche<span class=\"ez-toc-section-end\"><\/span><\/h3>\n<p>este suero 3 en 1 contiene \u00e1cido l\u00e1ctico, \u00e1cidos florales y phas para suavizar la piel durante la noche. est\u00e1 formulado para todo tipo de pieles, incluidas las pieles con tendencia acn\u00e9ica, maduras, secas y sensibles.<\/p>\n<h4><span class=\"ez-toc-section\" id=\"les_bienfaits_pour_votre_peau\"><\/span>Bienfaits pour votre peau<span class=\"ez-toc-section-end\"><\/span><\/h4>\n<ul>\n<li><strong>exfolie et clarifie<\/strong> El \u00e1cido salic\u00edlico 2% ayuda a eliminar las c\u00e9lulas muertas de la piel y a reducir la apariencia de los poros.<\/li>\n<li><strong>hydrate et nourrit<\/strong> Las heces vegetales y los extractos de algas hidratan y nutren la piel, dej\u00e1ndola m\u00e1s suave y luminosa.<\/li>\n<li><strong>reduce las manchas<\/strong> : la niacinamida y el \u00e1cido mand\u00e9lico ayudan a reducir la aparici\u00f3n de manchas y a mejorar la textura de la piel.<\/li>\n<\/ul>\n<h3><span class=\"ez-toc-section\" id=\"pourquoi_nous_laimons\"><\/span>por qu\u00e9 nos queremos<span class=\"ez-toc-section-end\"><\/span><\/h3>\n<p>nuestra mezcla de aceites vegetales clarificantes, entre los que se encuentran la citronela, el noisette, el tamanu y el girofle, ayuda a aclarar la piel, a reducir las rojeces y a nutrirla con \u00e1cidos grasos.<\/p>\n<h4><span class=\"ez-toc-section\" id=\"les_avantages\"><\/span>las ventajas<span class=\"ez-toc-section-end\"><\/span><\/h4>\n<ul>\n<li><strong>\u00e9quilibre la production d'huile<\/strong> El complejo mineral \u00fanico de cobre, magnesio y zinc ayuda a equilibrar la producci\u00f3n de aceite y a restaurar la juventud y la luminosidad de la piel.<\/li>\n<li><strong>hidratar y restaurar<\/strong> Los extractos de algas anti-edad hidratan y restauran la piel, dej\u00e1ndola m\u00e1s suave y luminosa.<\/li>\n<\/ul>\n<h3><span class=\"ez-toc-section\" id=\"qualite_et_securite\"><\/span>calidad y seguridad<span class=\"ez-toc-section-end\"><\/span><\/h3>\n<p>notre produit est :<\/p>\n<ul>\n<li><strong>v\u00e9gan<\/strong> <\/li>\n<li><strong>sin gluten<\/strong> <\/li>\n<li><strong>sin soja<\/strong> <\/li>\n<li><strong>sin cruaut\u00e9<\/strong> <\/li>\n<li><strong>sin alcohol<\/strong> <\/li>\n<li><strong>sin perfume<\/strong> <\/li>\n<li><strong>sans parab\u00e8nes<\/strong> <\/li>\n<li><strong>sin colorante a\u00f1adido<\/strong> <\/li>\n<li><strong>sin ftalatos<\/strong> <\/li>\n<li><strong>sin clavija<\/strong> <\/li>\n<li><strong>hypoallerg\u00e9nique<\/strong> <\/li>\n<li><strong>testado cl\u00ednicamente + probado por un dermat\u00f3logo<\/strong> <\/li>\n<\/ul>\n<h3><span class=\"ez-toc-section\" id=\"comment_lutiliser\"><\/span>c\u00f3mo utilizarlo<span class=\"ez-toc-section-end\"><\/span><\/h3>\n<p>Aplicar una capa uniforme sobre la piel por la ma\u00f1ana. Suavizar con aceite y crema hidratante a diario.<\/p>\n<p>descubre los beneficios de la leche mineral clear skin para tu piel.<\/p>","protected":false},"excerpt":{"rendered":"<p>introduction to clear skin mineral milk clear skin mineral milk est un traitement hydratant contre l&#8217;acn\u00e9 qui associe l&#8217;acide salicylique et la niacinamide pour vous offrir une peau plus claire et plus \u00e9clatante. comment \u00e7a marche ce s\u00e9rum \u00e0 3 en 1 contient de l&#8217;acide lactique, des acides floraux et des phas pour lisser la&#8230;<\/p>","protected":false},"featured_media":1704,"template":"","meta":{"_lmt_disableupdate":"","_lmt_disable":"","_kadence_starter_templates_imported_post":false,"_kad_post_transparent":"","_kad_post_title":"","_kad_post_layout":"","_kad_post_sidebar_id":"","_kad_post_content_style":"","_kad_post_vertical_padding":"","_kad_post_feature":"","_kad_post_feature_position":"","_kad_post_header":false,"_kad_post_footer":false,"_kad_post_classname":""},"product_brand":[],"product_cat":[147],"product_tag":[],"class_list":{"0":"post-1703","1":"product","2":"type-product","3":"status-publish","4":"has-post-thumbnail","6":"product_cat-zinc-copper-for-balance","8":"first","9":"instock","10":"shipping-taxable","11":"product-type-external","12":"entry","13":"content-bg","14":"loop-entry"},"_links":{"self":[{"href":"https:\/\/www.dealexpert.eu\/es\/wp-json\/wp\/v2\/product\/1703","targetHints":{"allow":["GET"]}}],"collection":[{"href":"https:\/\/www.dealexpert.eu\/es\/wp-json\/wp\/v2\/product"}],"about":[{"href":"https:\/\/www.dealexpert.eu\/es\/wp-json\/wp\/v2\/types\/product"}],"wp:featuredmedia":[{"embeddable":true,"href":"https:\/\/www.dealexpert.eu\/es\/wp-json\/wp\/v2\/media\/1704"}],"wp:attachment":[{"href":"https:\/\/www.dealexpert.eu\/es\/wp-json\/wp\/v2\/media?parent=1703"}],"wp:term":[{"taxonomy":"product_brand","embeddable":true,"href":"https:\/\/www.dealexpert.eu\/es\/wp-json\/wp\/v2\/product_brand?post=1703"},{"taxonomy":"product_cat","embeddable":true,"href":"https:\/\/www.dealexpert.eu\/es\/wp-json\/wp\/v2\/product_cat?post=1703"},{"taxonomy":"product_tag","embeddable":true,"href":"https:\/\/www.dealexpert.eu\/es\/wp-json\/wp\/v2\/product_tag?post=1703"}],"curies":[{"name":"wp","href":"https:\/\/api.w.org\/{rel}","templated":true}]}}