{"id":1696,"date":"2026-03-05T07:01:48","date_gmt":"2026-03-05T07:01:48","guid":{"rendered":"https:\/\/www.dealexpert.eu\/?post_type=product&#038;p=1696"},"modified":"2026-03-05T07:01:48","modified_gmt":"2026-03-05T07:01:48","slug":"probiotic-pour-hommes-et-femmes-vital-flora-ultra-daily","status":"publish","type":"product","link":"https:\/\/www.dealexpert.eu\/es\/p\/probiotic-pour-hommes-et-femmes-vital-flora-ultra-daily\/","title":{"rendered":"Probiotic pour hommes et femmes - vital flora ultra daily"},"content":{"rendered":"<div class=\"kk-star-ratings kksr-auto kksr-align-left kksr-valign-top\"\n    data-payload='{&quot;align&quot;:&quot;left&quot;,&quot;id&quot;:&quot;1696&quot;,&quot;slug&quot;:&quot;default&quot;,&quot;valign&quot;:&quot;top&quot;,&quot;ignore&quot;:&quot;&quot;,&quot;reference&quot;:&quot;auto&quot;,&quot;class&quot;:&quot;&quot;,&quot;count&quot;:&quot;0&quot;,&quot;legendonly&quot;:&quot;&quot;,&quot;readonly&quot;:&quot;&quot;,&quot;score&quot;:&quot;0&quot;,&quot;starsonly&quot;:&quot;&quot;,&quot;best&quot;:&quot;5&quot;,&quot;gap&quot;:&quot;5&quot;,&quot;greet&quot;:&quot;Rate this product&quot;,&quot;legend&quot;:&quot;0\\\/5 - (0 votos)&quot;,&quot;size&quot;:&quot;24&quot;,&quot;title&quot;:&quot;Probiotic pour hommes et femmes - vital flora ultra daily&quot;,&quot;width&quot;:&quot;0&quot;,&quot;_legend&quot;:&quot;{score}\\\/{best} - ({count} {votes})&quot;,&quot;font_factor&quot;:&quot;1.25&quot;}'>\n            \n<div class=\"kksr-stars\">\n    \n<div class=\"kksr-stars-inactive\">\n            <div class=\"kksr-star\" data-star=\"1\" style=\"padding-right: 5px\">\n            \n\n<div class=\"kksr-icon\" style=\"width: 24px; height: 24px;\"><\/div>\n        <\/div>\n            <div class=\"kksr-star\" data-star=\"2\" style=\"padding-right: 5px\">\n            \n\n<div class=\"kksr-icon\" style=\"width: 24px; height: 24px;\"><\/div>\n        <\/div>\n            <div class=\"kksr-star\" data-star=\"3\" style=\"padding-right: 5px\">\n            \n\n<div class=\"kksr-icon\" style=\"width: 24px; height: 24px;\"><\/div>\n        <\/div>\n            <div class=\"kksr-star\" data-star=\"4\" style=\"padding-right: 5px\">\n            \n\n<div class=\"kksr-icon\" style=\"width: 24px; height: 24px;\"><\/div>\n        <\/div>\n            <div class=\"kksr-star\" data-star=\"5\" style=\"padding-right: 5px\">\n            \n\n<div class=\"kksr-icon\" style=\"width: 24px; height: 24px;\"><\/div>\n        <\/div>\n    <\/div>\n    \n<div class=\"kksr-stars-active\" style=\"width: 0px;\">\n            <div class=\"kksr-star\" style=\"padding-right: 5px\">\n            \n\n<div class=\"kksr-icon\" style=\"width: 24px; height: 24px;\"><\/div>\n        <\/div>\n            <div class=\"kksr-star\" style=\"padding-right: 5px\">\n            \n\n<div class=\"kksr-icon\" style=\"width: 24px; height: 24px;\"><\/div>\n        <\/div>\n            <div class=\"kksr-star\" style=\"padding-right: 5px\">\n            \n\n<div class=\"kksr-icon\" style=\"width: 24px; height: 24px;\"><\/div>\n        <\/div>\n            <div class=\"kksr-star\" style=\"padding-right: 5px\">\n            \n\n<div class=\"kksr-icon\" style=\"width: 24px; height: 24px;\"><\/div>\n        <\/div>\n            <div class=\"kksr-star\" style=\"padding-right: 5px\">\n            \n\n<div class=\"kksr-icon\" style=\"width: 24px; height: 24px;\"><\/div>\n        <\/div>\n    <\/div>\n<\/div>\n                \n\n<div class=\"kksr-legend\" style=\"font-size: 19.2px;\">\n            <span class=\"kksr-muted\">Valora este producto<\/span>\n    <\/div>\n    <\/div>\n<div id=\"ez-toc-container\" class=\"ez-toc-v2_0_81 counter-hierarchy ez-toc-counter ez-toc-grey ez-toc-container-direction\">\n<div class=\"ez-toc-title-container\">\n<p class=\"ez-toc-title\" style=\"cursor:inherit\">Resumen<\/p>\n<span class=\"ez-toc-title-toggle\"><a href=\"#\" class=\"ez-toc-pull-right ez-toc-btn ez-toc-btn-xs ez-toc-btn-default ez-toc-toggle\" aria-label=\"Alternar tabla de contenidos\"><span class=\"ez-toc-js-icon-con\"><span class=\"\"><span class=\"eztoc-hide\" style=\"display:none;\">Toggle<\/span><span class=\"ez-toc-icon-toggle-span\"><svg style=\"fill: #999;color:#999\" xmlns=\"http:\/\/www.w3.org\/2000\/svg\" class=\"list-377408\" width=\"20px\" height=\"20px\" viewbox=\"0 0 24 24\" fill=\"none\"><path d=\"M6 6H4v2h2V6zm14 0H8v2h12V6zM4 11h2v2H4v-2zm16 0H8v2h12v-2zM4 16h2v2H4v-2zm16 0H8v2h12v-2z\" fill=\"currentColor\"><\/path><\/svg><svg style=\"fill: #999;color:#999\" class=\"arrow-unsorted-368013\" xmlns=\"http:\/\/www.w3.org\/2000\/svg\" width=\"10px\" height=\"10px\" viewbox=\"0 0 24 24\" version=\"1.2\" baseprofile=\"tiny\"><path d=\"M18.2 9.3l-6.2-6.3-6.2 6.3c-.2.2-.3.4-.3.7s.1.5.3.7c.2.2.4.3.7.3h11c.3 0 .5-.1.7-.3.2-.2.3-.5.3-.7s-.1-.5-.3-.7zM5.8 14.7l6.2 6.3 6.2-6.3c.2-.2.3-.5.3-.7s-.1-.5-.3-.7c-.2-.2-.4-.3-.7-.3h-11c-.3 0-.5.1-.7.3-.2.2-.3.5-.3.7s.1.5.3.7z\"\/><\/svg><\/span><\/span><\/span><\/a><\/span><\/div>\n<nav><ul class='ez-toc-list ez-toc-list-level-1 eztoc-toggle-hide-by-default' ><li class='ez-toc-page-1 ez-toc-heading-level-2'><a class=\"ez-toc-link ez-toc-heading-1\" href=\"https:\/\/www.dealexpert.eu\/es\/p\/probiotic-pour-hommes-et-femmes-vital-flora-ultra-daily\/#Introduction_a_vital_flora_ultra_daily\" >Introducci\u00f3n \u00e0 flora vital ultra diaria<\/a><\/li><li class='ez-toc-page-1 ez-toc-heading-level-2'><a class=\"ez-toc-link ez-toc-heading-2\" href=\"https:\/\/www.dealexpert.eu\/es\/p\/probiotic-pour-hommes-et-femmes-vital-flora-ultra-daily\/#Caracteristiques_cles\" >Caract\u00e9ristiques cl\u00e9s<\/a><\/li><li class='ez-toc-page-1 ez-toc-heading-level-2'><a class=\"ez-toc-link ez-toc-heading-3\" href=\"https:\/\/www.dealexpert.eu\/es\/p\/probiotic-pour-hommes-et-femmes-vital-flora-ultra-daily\/#Avantages_pour_la_sante\" >Ventajas para la salud<\/a><\/li><li class='ez-toc-page-1 ez-toc-heading-level-2'><a class=\"ez-toc-link ez-toc-heading-4\" href=\"https:\/\/www.dealexpert.eu\/es\/p\/probiotic-pour-hommes-et-femmes-vital-flora-ultra-daily\/#Comment_prendre_vital_flora_ultra_daily\" >Comment prendre vital flora ultra daily<\/a><\/li><li class='ez-toc-page-1 ez-toc-heading-level-2'><a class=\"ez-toc-link ez-toc-heading-5\" href=\"https:\/\/www.dealexpert.eu\/es\/p\/probiotic-pour-hommes-et-femmes-vital-flora-ultra-daily\/#Pourquoi_choisir_vital_flora_ultra_daily\" >Por qu\u00e9 elegir vital flora ultra daily<\/a><\/li><\/ul><\/nav><\/div>\n<h2><span class=\"ez-toc-section\" id=\"Introduction_a_vital_flora_ultra_daily\"><\/span>Introducci\u00f3n \u00e0 flora vital ultra diaria<span class=\"ez-toc-section-end\"><\/span><\/h2>\n<p>vital flora ultra daily es un probi\u00f3tico de alta calidad, dise\u00f1ado para responder a las necesidades digestivas e inmunitarias de hombres y mujeres. con 60 cepas de probi\u00f3ticos ben\u00e9ficos y 60 millones de cultivos vivos, adem\u00e1s de 7 prebi\u00f3ticos procedentes de la agricultura biol\u00f3gica, este producto est\u00e1 formulado para reforzar el equilibrio digestivo, los problemas digestivos ocasionales y la salud inmunitaria.<\/p>\n<h2><span class=\"ez-toc-section\" id=\"Caracteristiques_cles\"><\/span>Caract\u00e9ristiques cl\u00e9s<span class=\"ez-toc-section-end\"><\/span><\/h2>\n<ul>\n<li><strong>diversit\u00e9 de souches<\/strong> : vital flora ultra daily contiene 60 cepas diferentes de lactobacillus y de bifidobacterium, lo que permite corresponder mejor a la diversidad natural de un intestino sano.<\/li>\n<li><strong>pr\u00e9biotiques<\/strong> flora vital: los prebi\u00f3ticos son fibras vegetales que ayudan a nutrir las bacterias beneficiosas del intestino. la flora vital contiene una mezcla diversificada de 7 prebi\u00f3ticos procedentes de la agricultura biol\u00f3gica para responder a las necesidades alimentarias de diferentes tipos de probi\u00f3ticos.<\/li>\n<li><strong>experto en formulaci\u00f3n<\/strong> la fundadora de vital planet, brenda watson, y su equipo de expertos en medicina digestiva y cient\u00edficos han formulado con \u00e9xito probi\u00f3ticos de alto rendimiento y gran diversidad durante d\u00e9cadas, bas\u00e1ndose en las \u00faltimas investigaciones y descubrimientos sobre el microbioma.<\/li>\n<li><strong>calidad, pureza y potencia<\/strong> vegan, non-ogm, sans lactose, sans soja et sans gluten. fabriqu\u00e9 avec des ingr\u00e9dients s\u00fbrs et propres, sans liants, charges ou ingr\u00e9dients artificiels. nous formulons pour r\u00e9pondre ou d\u00e9passer la puissance indiqu\u00e9e sur l'\u00e9tiquette jusqu'\u00e0 la date d'expiration et certifiez nos produits pour leur puret\u00e9 et leur puissance par des tiers.<\/li>\n<\/ul>\n<h2><span class=\"ez-toc-section\" id=\"Avantages_pour_la_sante\"><\/span>Ventajas para la salud<span class=\"ez-toc-section-end\"><\/span><\/h2>\n<ul>\n<li><strong>soutien digestif<\/strong> : vital flora ultra daily est\u00e1 concebido para ayudar a mantener un equilibrio digestivo sano y a aliviar los problemas digestivos ocasionales como el estre\u00f1imiento, el gas y los balonmanos.<\/li>\n<li><strong>apoyo inmunitario<\/strong> los probi\u00f3ticos en la flora vital ultra diaria pueden ayudar a reforzar la salud inmunitaria al favorecer un entorno intestinal sano.<\/li>\n<\/ul>\n<h2><span class=\"ez-toc-section\" id=\"Comment_prendre_vital_flora_ultra_daily\"><\/span>Comment prendre vital flora ultra daily<span class=\"ez-toc-section-end\"><\/span><\/h2>\n<ul>\n<li><strong>posologie<\/strong> Para adultos, tomar una c\u00e1psula al d\u00eda, con o sin alimentos.<\/li>\n<li><strong>conservaci\u00f3n<\/strong> Para mantener la potencia y la frescura del producto, refrig\u00e9relo despu\u00e9s de abrirlo.<\/li>\n<\/ul>\n<h2><span class=\"ez-toc-section\" id=\"Pourquoi_choisir_vital_flora_ultra_daily\"><\/span>Por qu\u00e9 elegir vital flora ultra daily<span class=\"ez-toc-section-end\"><\/span><\/h2>\n<ul>\n<li><strong>garant\u00edas de calidad y pureza<\/strong> : vital flora ultra daily se fabrica en una planta cGMP y est\u00e1 certificada a nivel mundial por su calidad, pureza y potencia.<\/li>\n<li><strong>formulaci\u00f3n \u00fanica<\/strong> La combinaci\u00f3n de 60 cepas probi\u00f3ticas y 7 probi\u00f3ticos procedentes de la agricultura biol\u00f3gica ofrece un enfoque completo para mejorar la salud digestiva e inmunitaria.<\/li>\n<li><strong>soutien expert<\/strong> El producto est\u00e1 formulado por expertos en cuidados digestivos y cient\u00edficos con d\u00e9cadas de experiencia en la creaci\u00f3n de probi\u00f3ticos de alta calidad.<\/li>\n<\/ul>","protected":false},"excerpt":{"rendered":"<p>Introduction \u00e0 vital flora ultra daily vital flora ultra daily est un probiotique de haute qualit\u00e9, con\u00e7u pour r\u00e9pondre aux besoins digestifs et immunitaires des hommes et des femmes. avec 60 souches de probiotiques b\u00e9n\u00e9fiques et 60 milliards de cultures vivantes, ainsi que 7 pr\u00e9biotiques issus de l&#8217;agriculture biologique, ce produit est formul\u00e9 pour soutenir&#8230;<\/p>","protected":false},"featured_media":1697,"template":"","meta":{"_lmt_disableupdate":"","_lmt_disable":"","_kadence_starter_templates_imported_post":false,"_kad_post_transparent":"","_kad_post_title":"","_kad_post_layout":"","_kad_post_sidebar_id":"","_kad_post_content_style":"","_kad_post_vertical_padding":"","_kad_post_feature":"","_kad_post_feature_position":"","_kad_post_header":false,"_kad_post_footer":false,"_kad_post_classname":""},"product_brand":[145],"product_cat":[146],"product_tag":[],"class_list":{"0":"post-1696","1":"product","2":"type-product","3":"status-publish","4":"has-post-thumbnail","6":"product_brand-vital-planet","7":"product_cat-probiotics-for-gut-flora","9":"first","10":"instock","11":"shipping-taxable","12":"product-type-external","13":"entry","14":"content-bg","15":"loop-entry"},"_links":{"self":[{"href":"https:\/\/www.dealexpert.eu\/es\/wp-json\/wp\/v2\/product\/1696","targetHints":{"allow":["GET"]}}],"collection":[{"href":"https:\/\/www.dealexpert.eu\/es\/wp-json\/wp\/v2\/product"}],"about":[{"href":"https:\/\/www.dealexpert.eu\/es\/wp-json\/wp\/v2\/types\/product"}],"wp:featuredmedia":[{"embeddable":true,"href":"https:\/\/www.dealexpert.eu\/es\/wp-json\/wp\/v2\/media\/1697"}],"wp:attachment":[{"href":"https:\/\/www.dealexpert.eu\/es\/wp-json\/wp\/v2\/media?parent=1696"}],"wp:term":[{"taxonomy":"product_brand","embeddable":true,"href":"https:\/\/www.dealexpert.eu\/es\/wp-json\/wp\/v2\/product_brand?post=1696"},{"taxonomy":"product_cat","embeddable":true,"href":"https:\/\/www.dealexpert.eu\/es\/wp-json\/wp\/v2\/product_cat?post=1696"},{"taxonomy":"product_tag","embeddable":true,"href":"https:\/\/www.dealexpert.eu\/es\/wp-json\/wp\/v2\/product_tag?post=1696"}],"curies":[{"name":"wp","href":"https:\/\/api.w.org\/{rel}","templated":true}]}}