{"id":1605,"date":"2025-08-27T11:46:08","date_gmt":"2025-08-27T11:46:08","guid":{"rendered":"https:\/\/www.dealexpert.eu\/?page_id=1605"},"modified":"2025-08-27T11:46:11","modified_gmt":"2025-08-27T11:46:11","slug":"plan-du-site-2","status":"publish","type":"page","link":"https:\/\/www.dealexpert.eu\/es\/plan-du-site-2\/","title":{"rendered":"Plan du site"},"content":{"rendered":"\n<div class=\"wsp-container\"><div id=\"ez-toc-container\" class=\"ez-toc-v2_0_81 counter-hierarchy ez-toc-counter ez-toc-grey ez-toc-container-direction\">\n<div class=\"ez-toc-title-container\">\n<p class=\"ez-toc-title\" style=\"cursor:inherit\">Summary<\/p>\n<span class=\"ez-toc-title-toggle\"><a href=\"#\" class=\"ez-toc-pull-right ez-toc-btn ez-toc-btn-xs ez-toc-btn-default ez-toc-toggle\" aria-label=\"Alternar tabla de contenidos\"><span class=\"ez-toc-js-icon-con\"><span class=\"\"><span class=\"eztoc-hide\" style=\"display:none;\">Toggle<\/span><span class=\"ez-toc-icon-toggle-span\"><svg style=\"fill: #999;color:#999\" xmlns=\"http:\/\/www.w3.org\/2000\/svg\" class=\"list-377408\" width=\"20px\" height=\"20px\" viewBox=\"0 0 24 24\" fill=\"none\"><path d=\"M6 6H4v2h2V6zm14 0H8v2h12V6zM4 11h2v2H4v-2zm16 0H8v2h12v-2zM4 16h2v2H4v-2zm16 0H8v2h12v-2z\" fill=\"currentColor\"><\/path><\/svg><svg style=\"fill: #999;color:#999\" class=\"arrow-unsorted-368013\" xmlns=\"http:\/\/www.w3.org\/2000\/svg\" width=\"10px\" height=\"10px\" viewBox=\"0 0 24 24\" version=\"1.2\" baseProfile=\"tiny\"><path d=\"M18.2 9.3l-6.2-6.3-6.2 6.3c-.2.2-.3.4-.3.7s.1.5.3.7c.2.2.4.3.7.3h11c.3 0 .5-.1.7-.3.2-.2.3-.5.3-.7s-.1-.5-.3-.7zM5.8 14.7l6.2 6.3 6.2-6.3c.2-.2.3-.5.3-.7s-.1-.5-.3-.7c-.2-.2-.4-.3-.7-.3h-11c-.3 0-.5.1-.7.3-.2.2-.3.5-.3.7s.1.5.3.7z\"\/><\/svg><\/span><\/span><\/span><\/a><\/span><\/div>\n<nav><ul class='ez-toc-list ez-toc-list-level-1 eztoc-toggle-hide-by-default' ><li class='ez-toc-page-1 ez-toc-heading-level-2'><a class=\"ez-toc-link ez-toc-heading-1\" href=\"https:\/\/www.dealexpert.eu\/es\/plan-du-site-2\/#Paginas\" >P\u00e1ginas<\/a><\/li><li class='ez-toc-page-1 ez-toc-heading-level-2'><a class=\"ez-toc-link ez-toc-heading-2\" href=\"https:\/\/www.dealexpert.eu\/es\/plan-du-site-2\/#Productos\" >Productos<\/a><\/li><li class='ez-toc-page-1 ez-toc-heading-level-2'><a class=\"ez-toc-link ez-toc-heading-3\" href=\"https:\/\/www.dealexpert.eu\/es\/plan-du-site-2\/#Marcas\" >Marcas<\/a><\/li><li class='ez-toc-page-1 ez-toc-heading-level-2'><a class=\"ez-toc-link ez-toc-heading-4\" href=\"https:\/\/www.dealexpert.eu\/es\/plan-du-site-2\/#Categorias_del_producto\" >Categor\u00edas del producto<\/a><\/li><\/ul><\/nav><\/div>\n<h2 class=\"wsp-pages-title\"><span class=\"ez-toc-section\" id=\"Paginas\"><\/span>P\u00e1ginas<span class=\"ez-toc-section-end\"><\/span><\/h2>\n<ul class=\"wsp-pages-list\">\n<li class=\"page_item page-item-9\"><a href=\"https:\/\/www.dealexpert.eu\/es\/carro\/\">Cart<\/a><\/li>\n<li class=\"page_item page-item-10\"><a href=\"https:\/\/www.dealexpert.eu\/es\/checkout\/\">Checkout<\/a><\/li>\n<li class=\"page_item page-item-74\"><a href=\"https:\/\/www.dealexpert.eu\/es\/pongase-en-contacto-con\/\">Contact<\/a><\/li>\n<li class=\"page_item page-item-72\"><a href=\"https:\/\/www.dealexpert.eu\/es\/\">Home<\/a><\/li>\n<li class=\"page_item page-item-11\"><a href=\"https:\/\/www.dealexpert.eu\/es\/mi-cuenta\/\">My account<\/a><\/li>\n<li class=\"page_item page-item-1602\"><a href=\"https:\/\/www.dealexpert.eu\/es\/plan-du-site\/\">Plan du site<\/a><\/li>\n<li class=\"page_item page-item-1605\"><a href=\"https:\/\/www.dealexpert.eu\/es\/plan-du-site-2\/\">Plan du site<\/a><\/li>\n<li class=\"page_item page-item-8\"><a href=\"https:\/\/www.dealexpert.eu\/es\/tienda\/\">Shop<\/a><\/li>\n<\/ul>\n<h2 class=\"wsp-products-title\"><span class=\"ez-toc-section\" id=\"Productos\"><\/span>Productos<span class=\"ez-toc-section-end\"><\/span><\/h2>\n<ul class=\"wsp-products-list\">\n<li><a href=\"https:\/\/www.dealexpert.eu\/es\/p\/payloadtoolargeerror-request-entity-too-large-at-readstream-var-app-current-node_modules-raw-body-index-js16317-at-getrawbody-var-app-current-node_modules-raw-body-in-3\/\">PayloadTooLargeError: request entity too large<br> &nbsp; &nbsp;at readStream (\/var\/app\/current\/node_modules\/raw-body\/index.js:163:17)<br> &nbsp; &nbsp;at getRawBody (\/var\/app\/current\/node_modules\/raw-body\/index.js:116:12)<br> &nbsp; &nbsp;at read (\/var\/app\/current\/node_modules\/body-parser\/lib\/read.js:79:3)<br> &nbsp; &nbsp;at jsonParser (\/var\/app\/current\/node_modules\/body-parser\/lib\/types\/json.js:138:5)<br> &nbsp; &nbsp;at Layer.handle [as handle_request] (\/var\/app\/current\/node_modules\/express\/lib\/router\/layer.js:95:5)<br> &nbsp; &nbsp;at trim_prefix (\/var\/app\/current\/node_modules\/express\/lib\/router\/index.js:328:13)<br> &nbsp; &nbsp;at \/var\/app\/current\/node_modules\/express\/lib\/router\/index.js:286:9<br> &nbsp; &nbsp;at Function.process_params (\/var\/app\/current\/node_modules\/express\/lib\/router\/index.js:346:12)<br> &nbsp; &nbsp;at next (\/var\/app\/current\/node_modules\/express\/lib\/router\/index.js:280:10)<br> &nbsp; &nbsp;at expressInit (\/var\/app\/current\/node_modules\/express\/lib\/middleware\/init.js:40:5)<\/a><\/li>\n<li><a href=\"https:\/\/www.dealexpert.eu\/es\/p\/payloadtoolargeerror-request-entity-too-large-at-readstream-var-app-current-node_modules-raw-body-index-js16317-at-getrawbody-var-app-current-node_modules-raw-body-in-2\/\">PayloadTooLargeError: request entity too large<br> &nbsp; &nbsp;at readStream (\/var\/app\/current\/node_modules\/raw-body\/index.js:163:17)<br> &nbsp; &nbsp;at getRawBody (\/var\/app\/current\/node_modules\/raw-body\/index.js:116:12)<br> &nbsp; &nbsp;at read (\/var\/app\/current\/node_modules\/body-parser\/lib\/read.js:79:3)<br> &nbsp; &nbsp;at jsonParser (\/var\/app\/current\/node_modules\/body-parser\/lib\/types\/json.js:138:5)<br> &nbsp; &nbsp;at Layer.handle [as handle_request] (\/var\/app\/current\/node_modules\/express\/lib\/router\/layer.js:95:5)<br> &nbsp; &nbsp;at trim_prefix (\/var\/app\/current\/node_modules\/express\/lib\/router\/index.js:328:13)<br> &nbsp; &nbsp;at \/var\/app\/current\/node_modules\/express\/lib\/router\/index.js:286:9<br> &nbsp; &nbsp;at Function.process_params (\/var\/app\/current\/node_modules\/express\/lib\/router\/index.js:346:12)<br> &nbsp; &nbsp;at next (\/var\/app\/current\/node_modules\/express\/lib\/router\/index.js:280:10)<br> &nbsp; &nbsp;at expressInit (\/var\/app\/current\/node_modules\/express\/lib\/middleware\/init.js:40:5)<\/a><\/li>\n<li><a href=\"https:\/\/www.dealexpert.eu\/es\/p\/payloadtoolargeerror-request-entity-too-large-at-readstream-var-app-current-node_modules-raw-body-index-js16317-at-getrawbody-var-app-current-node_modules-raw-body-in\/\">PayloadTooLargeError: request entity too large<br> &nbsp; &nbsp;at readStream (\/var\/app\/current\/node_modules\/raw-body\/index.js:163:17)<br> &nbsp; &nbsp;at getRawBody (\/var\/app\/current\/node_modules\/raw-body\/index.js:116:12)<br> &nbsp; &nbsp;at read (\/var\/app\/current\/node_modules\/body-parser\/lib\/read.js:79:3)<br> &nbsp; &nbsp;at jsonParser (\/var\/app\/current\/node_modules\/body-parser\/lib\/types\/json.js:138:5)<br> &nbsp; &nbsp;at Layer.handle [as handle_request] (\/var\/app\/current\/node_modules\/express\/lib\/router\/layer.js:95:5)<br> &nbsp; &nbsp;at trim_prefix (\/var\/app\/current\/node_modules\/express\/lib\/router\/index.js:328:13)<br> &nbsp; &nbsp;at \/var\/app\/current\/node_modules\/express\/lib\/router\/index.js:286:9<br> &nbsp; &nbsp;at Function.process_params (\/var\/app\/current\/node_modules\/express\/lib\/router\/index.js:346:12)<br> &nbsp; &nbsp;at next (\/var\/app\/current\/node_modules\/express\/lib\/router\/index.js:280:10)<br> &nbsp; &nbsp;at expressInit (\/var\/app\/current\/node_modules\/express\/lib\/middleware\/init.js:40:5)<\/a><\/li>\n<li><a href=\"https:\/\/www.dealexpert.eu\/es\/p\/night-shred-pour-bruler-les-graisses-la-nuit\/\">Night shred pour br\u00fbler les graisses la nuit<\/a><\/li>\n<li><a href=\"https:\/\/www.dealexpert.eu\/es\/p\/night-shred-pour-un-sommeil-et-une-perte-de-poids-ameliores\/\">Night shred pour un sommeil et une perte de poids am\u00e9lior\u00e9s<\/a><\/li>\n<li><a href=\"https:\/\/www.dealexpert.eu\/es\/p\/niacinamida-tratamiento-hidratante-para-el-acne\/\">Niacinamide hydrating acne treatment<\/a><\/li>\n<li><a href=\"https:\/\/www.dealexpert.eu\/es\/p\/probiotic-pour-hommes-et-femmes-vital-flora-ultra-daily\/\">Probiotic pour hommes et femmes - vital flora ultra daily<\/a><\/li>\n<li><a href=\"https:\/\/www.dealexpert.eu\/es\/p\/vitamina-d3-para-una-salud-optima\/\">Vitamin d3 pour une sant\u00e9 optimale<\/a><\/li>\n<li><a href=\"https:\/\/www.dealexpert.eu\/es\/p\/proteina-en-polvo-para-una-ganancia-de-masa-muscular-eficaz\/\">Protein powder pour un gain de masse musculaire efficace<\/a><\/li>\n<li><a href=\"https:\/\/www.dealexpert.eu\/es\/p\/aislado-de-proteina-de-suero-de-alta-calidad-con-acidos-aminados-anadidos\/\">Whey protein isolate de haute qualit\u00e9 avec des acides amin\u00e9s ajout\u00e9s<\/a><\/li>\n<li><a href=\"https:\/\/www.dealexpert.eu\/es\/p\/resistencia-y-recuperacion-con-trifuel-3-en-1\/\">Endurance et r\u00e9cup\u00e9ration avec trifuel 3-en-1<\/a><\/li>\n<li><a href=\"https:\/\/www.dealexpert.eu\/es\/p\/vitamina-c-para-un-sistema-inmunitario-sano\/\">Vitamin c pour un syst\u00e8me immunitaire sain<\/a><\/li>\n<li><a href=\"https:\/\/www.dealexpert.eu\/es\/p\/curcumina-para-una-mejor-salud\/\">Curcumin pour une meilleure sant\u00e9<\/a><\/li>\n<li><a href=\"https:\/\/www.dealexpert.eu\/es\/p\/probiotique-pour-femme-et-homme-sante-intestinale\/\">Probiotique pour femme et homme, sant\u00e9 intestinale<\/a><\/li>\n<li><a href=\"https:\/\/www.dealexpert.eu\/es\/p\/dronex-2\/\">DroneX<\/a><\/li>\n<li><a href=\"https:\/\/www.dealexpert.eu\/es\/p\/linterna-tacticalx\/\">TacticalX Flashlight<\/a><\/li>\n<li><a href=\"https:\/\/www.dealexpert.eu\/es\/p\/coche-inteligente\/\">Smart Car<\/a><\/li>\n<li><a href=\"https:\/\/www.dealexpert.eu\/es\/p\/fitness-inteligente\/\">Smart Fitness<\/a><\/li>\n<li><a href=\"https:\/\/www.dealexpert.eu\/es\/p\/itrack-gps-rastreador-de-coches\/\">iTrack GPS Car Tracker<\/a><\/li>\n<li><a href=\"https:\/\/www.dealexpert.eu\/es\/p\/lightsafex\/\">LightSafeX<\/a><\/li>\n<li><a href=\"https:\/\/www.dealexpert.eu\/es\/p\/clearview-2\/\">ClearView<\/a><\/li>\n<li><a href=\"https:\/\/www.dealexpert.eu\/es\/p\/dronex-pro-2\/\">DroneX Pro<\/a><\/li>\n<li><a href=\"https:\/\/www.dealexpert.eu\/es\/p\/t-watch-2\/\">T-Watch<\/a><\/li>\n<li><a href=\"https:\/\/www.dealexpert.eu\/es\/p\/mosquitron\/\">Mosquitron<\/a><\/li>\n<li><a href=\"https:\/\/www.dealexpert.eu\/es\/p\/control-sanitario-3\/\">HealthWatch<\/a><\/li>\n<li><a href=\"https:\/\/www.dealexpert.eu\/es\/p\/ecotouch\/\">EcoTouch<\/a><\/li>\n<li><a href=\"https:\/\/www.dealexpert.eu\/es\/p\/homenetix\/\">HomeNETIX<\/a><\/li>\n<li><a href=\"https:\/\/www.dealexpert.eu\/es\/p\/smartlight\/\">SmartLight<\/a><\/li>\n<li><a href=\"https:\/\/www.dealexpert.eu\/es\/p\/nanoseguro\/\">NanoSecure<\/a><\/li>\n<li><a href=\"https:\/\/www.dealexpert.eu\/es\/p\/cartera-inteligente-louis-blanc\/\">Louis Blanc Smart-Wallet<\/a><\/li>\n<li><a href=\"https:\/\/www.dealexpert.eu\/es\/p\/ecoheat-s-2\/\">EcoHeat S<\/a><\/li>\n<li><a href=\"https:\/\/www.dealexpert.eu\/es\/p\/ducha-spa-ionica\/\">IOnic Spa Shower<\/a><\/li>\n<li><a href=\"https:\/\/www.dealexpert.eu\/es\/p\/sonicx-pro\/\">SonicX PRO<\/a><\/li>\n<li><a href=\"https:\/\/www.dealexpert.eu\/es\/p\/activ8-rastreador-de-fitness\/\">ActiV8 Fitness Tracker<\/a><\/li>\n<li><a href=\"https:\/\/www.dealexpert.eu\/es\/p\/wifi-ultraboost-2\/\">WIFI UltraBoost<\/a><\/li>\n<li><a href=\"https:\/\/www.dealexpert.eu\/es\/p\/videoportero\/\">Video DoorBell<\/a><\/li>\n<li><a href=\"https:\/\/www.dealexpert.eu\/es\/p\/diamondsmile\/\">DiamondSmile<\/a><\/li>\n<li><a href=\"https:\/\/www.dealexpert.eu\/es\/p\/auriculares\/\">AirPhones<\/a><\/li>\n<li><a href=\"https:\/\/www.dealexpert.eu\/es\/p\/sensesleep\/\">SenseSleep<\/a><\/li>\n<li><a href=\"https:\/\/www.dealexpert.eu\/es\/p\/silentsnore\/\">SilentSnore<\/a><\/li>\n<li><a href=\"https:\/\/www.dealexpert.eu\/es\/p\/avion-no-tripulado-tactico\/\">Tactic AIR Drone<\/a><\/li>\n<li><a href=\"https:\/\/www.dealexpert.eu\/es\/p\/smokesos\/\">SmokeSOS<\/a><\/li>\n<li><a href=\"https:\/\/www.dealexpert.eu\/es\/p\/ergorelax\/\">ErgoRelax<\/a><\/li>\n<li><a href=\"https:\/\/www.dealexpert.eu\/es\/p\/robot-de-limpieza\/\">CleanRobot<\/a><\/li>\n<li><a href=\"https:\/\/www.dealexpert.eu\/es\/p\/soundpro-spor\/\">SoundPRO Spor<\/a><\/li>\n<li><a href=\"https:\/\/www.dealexpert.eu\/es\/p\/banda-moskix\/\">MoskiX Band<\/a><\/li>\n<li><a href=\"https:\/\/www.dealexpert.eu\/es\/p\/laboratorio-del-sueno\/\">SleepLab<\/a><\/li>\n<li><a href=\"https:\/\/www.dealexpert.eu\/es\/p\/homepolice24\/\">HomePolice24<\/a><\/li>\n<li><a href=\"https:\/\/www.dealexpert.eu\/es\/p\/waterboom-360\/\">WaterBOOM 360<\/a><\/li>\n<li><a href=\"https:\/\/www.dealexpert.eu\/es\/p\/moskitron-led\/\">Moskitron LED<\/a><\/li>\n<li><a href=\"https:\/\/www.dealexpert.eu\/es\/p\/memorysafex-2\/\">MemorySafeX<\/a><\/li>\n<li><a href=\"https:\/\/www.dealexpert.eu\/es\/p\/activbeat-2-0\/\">ActivBeat 2.0<\/a><\/li>\n<li><a href=\"https:\/\/www.dealexpert.eu\/es\/p\/y-sujetador\/\">Y-Bra<\/a><\/li>\n<li><a href=\"https:\/\/www.dealexpert.eu\/es\/p\/zenmind-xp\/\">ZenMind XP<\/a><\/li>\n<li><a href=\"https:\/\/www.dealexpert.eu\/es\/p\/tacticphonex\/\">TacticPhoneX<\/a><\/li>\n<\/ul>\n<h2 class=\"wsp-product_brands-title\"><span class=\"ez-toc-section\" id=\"Marcas\"><\/span>Marcas<span class=\"ez-toc-section-end\"><\/span><\/h2>\n<ul class=\"wsp-product_brands-list\">\n<li><a href=\"https:\/\/www.dealexpert.eu\/es\/marca\/biotechusa\/\">BioTechUSA<\/a><\/li>\n<li><a href=\"https:\/\/www.dealexpert.eu\/es\/marca\/fuxion\/\">FuXion<\/a><\/li>\n<li><a href=\"https:\/\/www.dealexpert.eu\/es\/marca\/hola-kfood\/\">HELLO KFOOD<\/a><\/li>\n<li><a href=\"https:\/\/www.dealexpert.eu\/es\/marca\/innosupps\/\">InnoSupps<\/a><\/li>\n<li><a href=\"https:\/\/www.dealexpert.eu\/es\/marca\/laboratorios-livon\/\">LivOn Laboratories<\/a><\/li>\n<li><a href=\"https:\/\/www.dealexpert.eu\/es\/marca\/alimentos-now\/\">NOW Foods<\/a><\/li>\n<li><a href=\"https:\/\/www.dealexpert.eu\/es\/marca\/opasdh\/\">OPASDH<\/a><\/li>\n<li><a href=\"https:\/\/www.dealexpert.eu\/es\/marca\/encapsulaciones-puras\/\">Pure Encapsulations<\/a><\/li>\n<li><a href=\"https:\/\/www.dealexpert.eu\/es\/marca\/swiig\/\">swiig<\/a><\/li>\n<li><a href=\"https:\/\/www.dealexpert.eu\/es\/marca\/trifuel\/\">TriFuel<\/a><\/li>\n<li><a href=\"https:\/\/www.dealexpert.eu\/es\/marca\/planeta-vital\/\">Vital Planet<\/a><\/li>\n<\/ul>\n<h2 class=\"wsp-product_cats-title\"><span class=\"ez-toc-section\" id=\"Categorias_del_producto\"><\/span>Categor\u00edas del producto<span class=\"ez-toc-section-end\"><\/span><\/h2>\n<ul class=\"wsp-product_cats-list\">\n<li><a href=\"https:\/\/www.dealexpert.eu\/es\/cat\/bcaa-electrolitos-resistencia\/\">BCAA + \u00e9lectrolytes endurance<\/a><\/li>\n<li><a href=\"https:\/\/www.dealexpert.eu\/es\/cat\/cla-acido-linoleico-conjugado\/\">CLA (Conjugated Linoleic Acid)<\/a><\/li>\n<li><a href=\"https:\/\/www.dealexpert.eu\/es\/cat\/curcuma-curcumine-anti-inflammatoire\/\">Curcuma curcumine anti-inflammatoire<\/a><\/li>\n<li><a href=\"https:\/\/www.dealexpert.eu\/es\/cat\/te-verde-con-egcg-para-adelgazar\/\">Green Tea with EGCG for Weight Loss<\/a><\/li>\n<li><a href=\"https:\/\/www.dealexpert.eu\/es\/cat\/l-carnitina-para-quemar-grasa\/\">L-Carnitine for Fat Burning<\/a><\/li>\n<li><a href=\"https:\/\/www.dealexpert.eu\/es\/cat\/aislado-de-proteina-de-suero-nativo\/\">Native Whey Protein Isolate<\/a><\/li>\n<li><a href=\"https:\/\/www.dealexpert.eu\/es\/cat\/probioticos-para-la-flora-intestinal\/\">Probiotics for Gut Flora<\/a><\/li>\n<li><a href=\"https:\/\/www.dealexpert.eu\/es\/cat\/probiotiques-flora-intestinal\/\">Probiotiques intestinal flora<\/a><\/li>\n<li><a href=\"https:\/\/www.dealexpert.eu\/es\/cat\/tecnologia\/\">Technology<\/a><\/li>\n<li><a href=\"https:\/\/www.dealexpert.eu\/es\/cat\/vitamina-d3-5000-iu-para-la-inmunidad\/\">Vitamin D3 5000 IU for Immunity<\/a><\/li>\n<li><a href=\"https:\/\/www.dealexpert.eu\/es\/cat\/vitamina-c-ascorbato-liposomal\/\">Vitamine C ascorbate liposomale<\/a><\/li>\n<li><a href=\"https:\/\/www.dealexpert.eu\/es\/cat\/concentrado-de-proteina-de-suero-para-el-aumento-de-masa\/\">Whey Protein Concentrate for Mass Gain<\/a><\/li>\n<li><a href=\"https:\/\/www.dealexpert.eu\/es\/cat\/zinc-cobre-para-balance\/\">Zinc + Copper for Balance<\/a><\/li>\n<\/ul>\n<\/div>\n","protected":false},"excerpt":{"rendered":"","protected":false},"author":1,"featured_media":0,"parent":0,"menu_order":0,"comment_status":"closed","ping_status":"closed","template":"","meta":{"_lmt_disableupdate":"","_lmt_disable":"","_kadence_starter_templates_imported_post":false,"_kad_post_transparent":"","_kad_post_title":"","_kad_post_layout":"","_kad_post_sidebar_id":"","_kad_post_content_style":"","_kad_post_vertical_padding":"","_kad_post_feature":"","_kad_post_feature_position":"","_kad_post_header":false,"_kad_post_footer":false,"_kad_post_classname":"","footnotes":""},"class_list":["post-1605","page","type-page","status-publish","hentry"],"_links":{"self":[{"href":"https:\/\/www.dealexpert.eu\/es\/wp-json\/wp\/v2\/pages\/1605","targetHints":{"allow":["GET"]}}],"collection":[{"href":"https:\/\/www.dealexpert.eu\/es\/wp-json\/wp\/v2\/pages"}],"about":[{"href":"https:\/\/www.dealexpert.eu\/es\/wp-json\/wp\/v2\/types\/page"}],"author":[{"embeddable":true,"href":"https:\/\/www.dealexpert.eu\/es\/wp-json\/wp\/v2\/users\/1"}],"replies":[{"embeddable":true,"href":"https:\/\/www.dealexpert.eu\/es\/wp-json\/wp\/v2\/comments?post=1605"}],"version-history":[{"count":0,"href":"https:\/\/www.dealexpert.eu\/es\/wp-json\/wp\/v2\/pages\/1605\/revisions"}],"wp:attachment":[{"href":"https:\/\/www.dealexpert.eu\/es\/wp-json\/wp\/v2\/media?parent=1605"}],"curies":[{"name":"wp","href":"https:\/\/api.w.org\/{rel}","templated":true}]}}