{"id":339,"date":"2025-07-24T01:05:39","date_gmt":"2025-07-24T01:05:39","guid":{"rendered":"https:\/\/www.dealexpert.eu\/?post_type=product&#038;p=339"},"modified":"2025-07-24T14:33:38","modified_gmt":"2025-07-24T14:33:38","slug":"intelligente-fitness","status":"publish","type":"product","link":"https:\/\/www.dealexpert.eu\/de\/p\/intelligente-fitness\/","title":{"rendered":"Intelligente Fitness"},"content":{"rendered":"<div class=\"kk-star-ratings kksr-auto kksr-align-left kksr-valign-top\"\n    data-payload='{&quot;align&quot;:&quot;left&quot;,&quot;id&quot;:&quot;339&quot;,&quot;slug&quot;:&quot;default&quot;,&quot;valign&quot;:&quot;top&quot;,&quot;ignore&quot;:&quot;&quot;,&quot;reference&quot;:&quot;auto&quot;,&quot;class&quot;:&quot;&quot;,&quot;count&quot;:&quot;0&quot;,&quot;legendonly&quot;:&quot;&quot;,&quot;readonly&quot;:&quot;&quot;,&quot;score&quot;:&quot;0&quot;,&quot;starsonly&quot;:&quot;&quot;,&quot;best&quot;:&quot;5&quot;,&quot;gap&quot;:&quot;5&quot;,&quot;greet&quot;:&quot;Rate this product&quot;,&quot;legend&quot;:&quot;0\\\/5 - (0 votes)&quot;,&quot;size&quot;:&quot;24&quot;,&quot;title&quot;:&quot;Smart Fitness&quot;,&quot;width&quot;:&quot;0&quot;,&quot;_legend&quot;:&quot;{score}\\\/{best} - ({count} {votes})&quot;,&quot;font_factor&quot;:&quot;1.25&quot;}'>\n            \n<div class=\"kksr-stars\">\n    \n<div class=\"kksr-stars-inactive\">\n            <div class=\"kksr-star\" data-star=\"1\" style=\"padding-right: 5px\">\n            \n\n<div class=\"kksr-icon\" style=\"width: 24px; height: 24px;\"><\/div>\n        <\/div>\n            <div class=\"kksr-star\" data-star=\"2\" style=\"padding-right: 5px\">\n            \n\n<div class=\"kksr-icon\" style=\"width: 24px; height: 24px;\"><\/div>\n        <\/div>\n            <div class=\"kksr-star\" data-star=\"3\" style=\"padding-right: 5px\">\n            \n\n<div class=\"kksr-icon\" style=\"width: 24px; height: 24px;\"><\/div>\n        <\/div>\n            <div class=\"kksr-star\" data-star=\"4\" style=\"padding-right: 5px\">\n            \n\n<div class=\"kksr-icon\" style=\"width: 24px; height: 24px;\"><\/div>\n        <\/div>\n            <div class=\"kksr-star\" data-star=\"5\" style=\"padding-right: 5px\">\n            \n\n<div class=\"kksr-icon\" style=\"width: 24px; height: 24px;\"><\/div>\n        <\/div>\n    <\/div>\n    \n<div class=\"kksr-stars-active\" style=\"width: 0px;\">\n            <div class=\"kksr-star\" style=\"padding-right: 5px\">\n            \n\n<div class=\"kksr-icon\" style=\"width: 24px; height: 24px;\"><\/div>\n        <\/div>\n            <div class=\"kksr-star\" style=\"padding-right: 5px\">\n            \n\n<div class=\"kksr-icon\" style=\"width: 24px; height: 24px;\"><\/div>\n        <\/div>\n            <div class=\"kksr-star\" style=\"padding-right: 5px\">\n            \n\n<div class=\"kksr-icon\" style=\"width: 24px; height: 24px;\"><\/div>\n        <\/div>\n            <div class=\"kksr-star\" style=\"padding-right: 5px\">\n            \n\n<div class=\"kksr-icon\" style=\"width: 24px; height: 24px;\"><\/div>\n        <\/div>\n            <div class=\"kksr-star\" style=\"padding-right: 5px\">\n            \n\n<div class=\"kksr-icon\" style=\"width: 24px; height: 24px;\"><\/div>\n        <\/div>\n    <\/div>\n<\/div>\n                \n\n<div class=\"kksr-legend\" style=\"font-size: 19.2px;\">\n            <span class=\"kksr-muted\">Bewerten Sie dieses Produkt<\/span>\n    <\/div>\n    <\/div>\n<div id=\"ez-toc-container\" class=\"ez-toc-v2_0_81 counter-hierarchy ez-toc-counter ez-toc-grey ez-toc-container-direction\">\n<div class=\"ez-toc-title-container\">\n<p class=\"ez-toc-title\" style=\"cursor:inherit\">Zusammenfassung<\/p>\n<span class=\"ez-toc-title-toggle\"><a href=\"#\" class=\"ez-toc-pull-right ez-toc-btn ez-toc-btn-xs ez-toc-btn-default ez-toc-toggle\" aria-label=\"Toggle Table of Content\"><span class=\"ez-toc-js-icon-con\"><span class=\"\"><span class=\"eztoc-hide\" style=\"display:none;\">Umschalten auf<\/span><span class=\"ez-toc-icon-toggle-span\"><svg style=\"fill: #999;color:#999\" xmlns=\"http:\/\/www.w3.org\/2000\/svg\" class=\"list-377408\" width=\"20px\" height=\"20px\" viewbox=\"0 0 24 24\" fill=\"none\"><path d=\"M6 6H4v2h2V6zm14 0H8v2h12V6zM4 11h2v2H4v-2zm16 0H8v2h12v-2zM4 16h2v2H4v-2zm16 0H8v2h12v-2z\" fill=\"currentColor\"><\/path><\/svg><svg style=\"fill: #999;color:#999\" class=\"arrow-unsorted-368013\" xmlns=\"http:\/\/www.w3.org\/2000\/svg\" width=\"10px\" height=\"10px\" viewbox=\"0 0 24 24\" version=\"1.2\" baseprofile=\"tiny\"><path d=\"M18.2 9.3l-6.2-6.3-6.2 6.3c-.2.2-.3.4-.3.7s.1.5.3.7c.2.2.4.3.7.3h11c.3 0 .5-.1.7-.3.2-.2.3-.5.3-.7s-.1-.5-.3-.7zM5.8 14.7l6.2 6.3 6.2-6.3c.2-.2.3-.5.3-.7s-.1-.5-.3-.7c-.2-.2-.4-.3-.7-.3h-11c-.3 0-.5.1-.7.3-.2.2-.3.5-.3.7s.1.5.3.7z\"\/><\/svg><\/span><\/span><\/span><\/a><\/span><\/div>\n<nav><ul class='ez-toc-list ez-toc-list-level-1 eztoc-toggle-hide-by-default' ><li class='ez-toc-page-1 ez-toc-heading-level-2'><a class=\"ez-toc-link ez-toc-heading-1\" href=\"https:\/\/www.dealexpert.eu\/de\/p\/intelligente-fitness\/#What_is_smart_fitness\" >Was ist intelligente Fitness?<\/a><\/li><li class='ez-toc-page-1 ez-toc-heading-level-2'><a class=\"ez-toc-link ez-toc-heading-2\" href=\"https:\/\/www.dealexpert.eu\/de\/p\/intelligente-fitness\/#Benefits_of_smart_fitness\" >Vorteile von Smart Fitness<\/a><\/li><li class='ez-toc-page-1 ez-toc-heading-level-2'><a class=\"ez-toc-link ez-toc-heading-3\" href=\"https:\/\/www.dealexpert.eu\/de\/p\/intelligente-fitness\/#Top_smart_fitness_products_Introducing_SmartFit\" >Die besten intelligenten Fitnessprodukte: Einf\u00fchrung von SmartFit<\/a><ul class='ez-toc-list-level-3' ><li class='ez-toc-heading-level-3'><a class=\"ez-toc-link ez-toc-heading-4\" href=\"https:\/\/www.dealexpert.eu\/de\/p\/intelligente-fitness\/#SmartFit_Features_Benefits\" >SmartFit: Merkmale und Vorteile<\/a><\/li><\/ul><\/li><li class='ez-toc-page-1 ez-toc-heading-level-2'><a class=\"ez-toc-link ez-toc-heading-5\" href=\"https:\/\/www.dealexpert.eu\/de\/p\/intelligente-fitness\/#How_does_SmartFit_work\" >Wie funktioniert SmartFit?<\/a><\/li><li class='ez-toc-page-1 ez-toc-heading-level-2'><a class=\"ez-toc-link ez-toc-heading-6\" href=\"https:\/\/www.dealexpert.eu\/de\/p\/intelligente-fitness\/#Customer_reviews_of_SmartFit\" >Kundenrezensionen zu SmartFit<\/a><\/li><li class='ez-toc-page-1 ez-toc-heading-level-2'><a class=\"ez-toc-link ez-toc-heading-7\" href=\"https:\/\/www.dealexpert.eu\/de\/p\/intelligente-fitness\/#How_to_buy_SmartFit\" >Wie kann ich SmartFit kaufen?<\/a><\/li><li class='ez-toc-page-1 ez-toc-heading-level-2'><a class=\"ez-toc-link ez-toc-heading-8\" href=\"https:\/\/www.dealexpert.eu\/de\/p\/intelligente-fitness\/#The_future_of_fitness\" >Die Zukunft der Fitness<\/a><\/li><li class='ez-toc-page-1 ez-toc-heading-level-2'><a class=\"ez-toc-link ez-toc-heading-9\" href=\"https:\/\/www.dealexpert.eu\/de\/p\/intelligente-fitness\/#Frequently_asked_questions\" >H\u00e4ufig gestellte Fragen<\/a><ul class='ez-toc-list-level-3' ><li class='ez-toc-heading-level-3'><a class=\"ez-toc-link ez-toc-heading-10\" href=\"https:\/\/www.dealexpert.eu\/de\/p\/intelligente-fitness\/#What_is_the_battery_life_of_SmartFit\" >Wie lange h\u00e4lt die Batterie von SmartFit?<\/a><\/li><li class='ez-toc-page-1 ez-toc-heading-level-3'><a class=\"ez-toc-link ez-toc-heading-11\" href=\"https:\/\/www.dealexpert.eu\/de\/p\/intelligente-fitness\/#Can_I_use_SmartFit_with_other_fitness_apps\" >Kann ich SmartFit mit anderen Fitness-Apps verwenden?<\/a><\/li><\/ul><\/li><\/ul><\/nav><\/div>\n<h2><span class=\"ez-toc-section\" id=\"What_is_smart_fitness\"><\/span>Was ist intelligente Fitness?<span class=\"ez-toc-section-end\"><\/span><\/h2>\n<p>Intelligente Fitness bezieht sich auf den Einsatz von Technologie in Ihrer Trainingsroutine, wodurch es einfacher wird, Ihre Leistung zu verfolgen, zu \u00fcberwachen und zu optimieren. Diese Innovation erm\u00f6glicht es Ihnen, Wearables, Apps und Sensoren in Ihr t\u00e4gliches Training zu integrieren, damit Sie Ihre Fitnessziele nicht aus den Augen verlieren. Mit intelligenten Ger\u00e4ten wird Ihr Training individueller, effizienter und datengesteuerter. Es ist, als h\u00e4tten Sie einen pers\u00f6nlichen Trainer in Ihrer Hand!<\/p>\n<h2><span class=\"ez-toc-section\" id=\"Benefits_of_smart_fitness\"><\/span>Vorteile von Smart Fitness<span class=\"ez-toc-section-end\"><\/span><\/h2>\n<p>Als ich zum ersten Mal intelligente Fitnessger\u00e4te ausprobierte, war ich erstaunt, wie sie meine Routine ver\u00e4nderten. Diese Ger\u00e4te bieten mehrere beeindruckende Vorteile:<\/p>\n<ul>\n<li><strong>Personalisierte Trainingspl\u00e4ne:<\/strong> Auf der Grundlage von Echtzeitdaten helfen intelligente Fitnessger\u00e4te bei der Erstellung ma\u00dfgeschneiderter Trainingspl\u00e4ne, die sich an Ihr Fitnessniveau und Ihre Fortschritte anpassen.<\/li>\n<li><strong>Fortschrittsverfolgung in Echtzeit:<\/strong> Sie k\u00f6nnen Ihre Leistung w\u00e4hrend jeder Sitzung verfolgen und erhalten sofortiges Feedback zu den Bereichen, die Sie verbessern m\u00fcssen.<\/li>\n<li><strong>Motivationsschub:<\/strong> Viele intelligente Fitnessger\u00e4te verf\u00fcgen \u00fcber interaktive Funktionen, wie z. B. Herausforderungen oder Erinnerungen, die Sie dazu motivieren k\u00f6nnen, Ihre Ziele zu erreichen.<\/li>\n<li><strong>Umfassende Gesundheits\u00fcberwachung:<\/strong> Wearables, wie z. B. Fitness-Tracker, \u00fcberwachen wichtige Gesundheitsdaten wie Herzfrequenz, Schritte und Kalorienverbrauch und helfen Ihnen, einen ges\u00fcnderen Lebensstil zu f\u00fchren.<\/li>\n<\/ul>\n<h2><span class=\"ez-toc-section\" id=\"Top_smart_fitness_products_Introducing_SmartFit\"><\/span>Die besten intelligenten Fitnessprodukte: Einf\u00fchrung von SmartFit<span class=\"ez-toc-section-end\"><\/span><\/h2>\n<p>Unter der gro\u00dfen Auswahl an intelligenten Fitnessprodukten sticht das SmartFit von Neotechix besonders hervor. Dieses Ger\u00e4t ist aufgrund seiner hervorragenden Leistung und fortschrittlichen Funktionen schnell zu einem meiner Favoriten geworden.<\/p>\n<h3><span class=\"ez-toc-section\" id=\"SmartFit_Features_Benefits\"><\/span>SmartFit: Merkmale und Vorteile<span class=\"ez-toc-section-end\"><\/span><\/h3>\n<p>Der SmartFit bietet mehrere innovative Funktionen, die ihn zu einer der besten Optionen auf dem Markt f\u00fcr intelligente Fitnessger\u00e4te machen. Hier ist ein genauerer Blick auf seine F\u00e4higkeiten:<\/p>\n<ul>\n<li><strong>\u00dcberwachung der Herzfrequenz in Echtzeit:<\/strong> Behalten Sie Ihre Herzgesundheit w\u00e4hrend des Trainings mit kontinuierlicher Herzfrequenzmessung im Auge.<\/li>\n<li><strong>Anpassbare Workout-Modi:<\/strong> Egal, ob Sie Anf\u00e4nger oder erfahrener Sportler sind, Sie k\u00f6nnen die Trainingsmodi an Ihr Fitnessniveau anpassen.<\/li>\n<li><strong>Schlaf\u00fcberwachung und Erkenntnisse \u00fcber die Erholung:<\/strong> Der SmartFit verfolgt Ihr Schlafverhalten und gibt Aufschluss dar\u00fcber, wie gut Sie sich erholen, um optimale Leistungen zu erbringen.<\/li>\n<li><strong>Kompatibilit\u00e4t von Apps und Ger\u00e4ten:<\/strong> Dieses Ger\u00e4t ist mit verschiedenen beliebten Fitness-Apps kompatibel und erm\u00f6glicht eine nahtlose Datensynchronisation.<\/li>\n<li><strong>Lange Batterielebensdauer und Wasserfestigkeit:<\/strong> Die SmartFit verf\u00fcgt \u00fcber eine Akkulaufzeit von bis zu 7 Tagen und ist au\u00dferdem wasserfest, sodass sie sich f\u00fcr alle Arten von Workouts eignet.<\/li>\n<\/ul>\n<h2><span class=\"ez-toc-section\" id=\"How_does_SmartFit_work\"><\/span>Wie funktioniert SmartFit?<span class=\"ez-toc-section-end\"><\/span><\/h2>\n<p>Der SmartFit wird \u00fcber Bluetooth mit Ihrem Mobilger\u00e4t synchronisiert, sammelt Daten von seinen Sensoren und gibt Ihnen sofortiges Feedback zu Ihrer Leistung. Er \u00fcberwacht Ihre Bewegungen, verfolgt Ihre Herzfrequenz und liefert sogar Erkenntnisse \u00fcber Ihre Erholung auf der Grundlage Ihrer Schlafmuster. Dieses Ma\u00df an Integration stellt sicher, dass Ihre Fitnessreise ganzheitlich und abgerundet ist, und hilft Ihnen, sich in allen Bereichen zu verbessern, von der Trainingsintensit\u00e4t bis hin zu Ruhe und Erholung.<\/p>\n<h2><span class=\"ez-toc-section\" id=\"Customer_reviews_of_SmartFit\"><\/span>Kundenrezensionen zu SmartFit<span class=\"ez-toc-section-end\"><\/span><\/h2>\n<p>Verlassen Sie sich nicht nur auf mein Wort - viele Benutzer haben ihre Erfahrungen mit SmartFit mitgeteilt. Hier ist, was ein paar von ihnen zu sagen haben:<\/p>\n<ul>\n<li><i>\"Der SmartFit hat mein Training v\u00f6llig ver\u00e4ndert. Ich kann meine Fortschritte in Echtzeit sehen!\"<\/i> - Jane, Fitness-Enthusiastin<\/li>\n<li><i>\"Ich liebe es, wie der SmartFit meinen Schlaf und meine Erholung \u00fcberwacht. Es ist, als h\u00e4tte ich einen Personal Trainer und Gesundheitscoach in einem.\"<\/i> - Mark, Aktiver Benutzer<\/li>\n<\/ul>\n<h2><span class=\"ez-toc-section\" id=\"How_to_buy_SmartFit\"><\/span>Wie kann ich SmartFit kaufen?<span class=\"ez-toc-section-end\"><\/span><\/h2>\n<p>Sind Sie bereit, Ihre Fitnessreise auf die n\u00e4chste Stufe zu heben? Den SmartFit k\u00f6nnen Sie direkt auf der offiziellen Website von Neotechix kaufen. Mit seinen beeindruckenden Funktionen ist er eine Investition, die Ihr Training mit Sicherheit bereichern wird.<\/p>\n<h2><span class=\"ez-toc-section\" id=\"The_future_of_fitness\"><\/span>Die Zukunft der Fitness<span class=\"ez-toc-section-end\"><\/span><\/h2>\n<p>Im Zuge der technologischen Entwicklung sind intelligente Fitnessger\u00e4te wie das SmartFit f\u00fchrend bei der Revolutionierung unserer Fitnessroutinen. Diese Ger\u00e4te helfen uns nicht nur dabei, unser Training zu verfolgen, sondern sie ermutigen uns, bessere Leistungen zu erbringen, uns schneller zu erholen und motiviert zu bleiben. Ganz gleich, ob Sie Ihre Fitnessreise gerade erst beginnen oder bereits ein erfahrener Sportler sind, die Integration von SmartFit in Ihre Routine kann Ihre Ergebnisse drastisch verbessern.<\/p>\n<h2><span class=\"ez-toc-section\" id=\"Frequently_asked_questions\"><\/span>H\u00e4ufig gestellte Fragen<span class=\"ez-toc-section-end\"><\/span><\/h2>\n<h3><span class=\"ez-toc-section\" id=\"What_is_the_battery_life_of_SmartFit\"><\/span>Wie lange h\u00e4lt die Batterie von SmartFit?<span class=\"ez-toc-section-end\"><\/span><\/h3>\n<p>Der SmartFit bietet eine Akkulaufzeit von bis zu 7 Tagen, je nach Nutzung. Diese lange Akkulaufzeit sorgt daf\u00fcr, dass Sie sich nicht st\u00e4ndig darum k\u00fcmmern m\u00fcssen, Ihr Ger\u00e4t w\u00e4hrend des Trainings aufzuladen.<\/p>\n<h3><span class=\"ez-toc-section\" id=\"Can_I_use_SmartFit_with_other_fitness_apps\"><\/span>Kann ich SmartFit mit anderen Fitness-Apps verwenden?<span class=\"ez-toc-section-end\"><\/span><\/h3>\n<p>Ja, SmartFit ist mit beliebten Fitness-Apps wie MyFitnessPal und Strava kompatibel, sodass Sie Ihre Daten problemlos mit anderen Plattformen synchronisieren k\u00f6nnen, um einen umfassenderen \u00dcberblick \u00fcber Ihre Gesundheit und Fitness zu erhalten.<\/p>","protected":false},"excerpt":{"rendered":"<li>\u00dcberwachung der Herzfrequenz in Echtzeit<\/li>\n<li>Anpassbare Trainingsmodi f\u00fcr alle Fitnessstufen<\/li>\n<li>Schlaf\u00fcberwachung und Erholungsdaten<\/li>\n<li>Kompatibilit\u00e4t mit g\u00e4ngigen Fitness-Apps und -Ger\u00e4ten<\/li>\n<li>Lange Batterielebensdauer und wasserfestes Design<\/li>","protected":false},"featured_media":495,"template":"","meta":{"_lmt_disableupdate":"","_lmt_disable":"","_kadence_starter_templates_imported_post":false,"_kad_post_transparent":"default","_kad_post_title":"","_kad_post_layout":"default","_kad_post_sidebar_id":"","_kad_post_content_style":"default","_kad_post_vertical_padding":"default","_kad_post_feature":"","_kad_post_feature_position":"","_kad_post_header":false,"_kad_post_footer":false,"_kad_post_classname":""},"product_brand":[],"product_cat":[16],"product_tag":[],"class_list":{"0":"post-339","1":"product","2":"type-product","3":"status-publish","4":"has-post-thumbnail","6":"product_cat-technology","8":"first","9":"instock","10":"shipping-taxable","11":"product-type-external","12":"entry","13":"content-bg","14":"loop-entry"},"_links":{"self":[{"href":"https:\/\/www.dealexpert.eu\/de\/wp-json\/wp\/v2\/product\/339","targetHints":{"allow":["GET"]}}],"collection":[{"href":"https:\/\/www.dealexpert.eu\/de\/wp-json\/wp\/v2\/product"}],"about":[{"href":"https:\/\/www.dealexpert.eu\/de\/wp-json\/wp\/v2\/types\/product"}],"wp:featuredmedia":[{"embeddable":true,"href":"https:\/\/www.dealexpert.eu\/de\/wp-json\/wp\/v2\/media\/495"}],"wp:attachment":[{"href":"https:\/\/www.dealexpert.eu\/de\/wp-json\/wp\/v2\/media?parent=339"}],"wp:term":[{"taxonomy":"product_brand","embeddable":true,"href":"https:\/\/www.dealexpert.eu\/de\/wp-json\/wp\/v2\/product_brand?post=339"},{"taxonomy":"product_cat","embeddable":true,"href":"https:\/\/www.dealexpert.eu\/de\/wp-json\/wp\/v2\/product_cat?post=339"},{"taxonomy":"product_tag","embeddable":true,"href":"https:\/\/www.dealexpert.eu\/de\/wp-json\/wp\/v2\/product_tag?post=339"}],"curies":[{"name":"wp","href":"https:\/\/api.w.org\/{rel}","templated":true}]}}