{"id":336,"date":"2025-07-24T00:49:46","date_gmt":"2025-07-24T00:49:46","guid":{"rendered":"https:\/\/www.dealexpert.eu\/?post_type=product&#038;p=336"},"modified":"2025-07-24T14:33:38","modified_gmt":"2025-07-24T14:33:38","slug":"klarsicht-2","status":"publish","type":"product","link":"https:\/\/www.dealexpert.eu\/de\/p\/klarsicht-2\/","title":{"rendered":"ClearView"},"content":{"rendered":"<div class=\"kk-star-ratings kksr-auto kksr-align-left kksr-valign-top\"\n    data-payload='{&quot;align&quot;:&quot;left&quot;,&quot;id&quot;:&quot;336&quot;,&quot;slug&quot;:&quot;default&quot;,&quot;valign&quot;:&quot;top&quot;,&quot;ignore&quot;:&quot;&quot;,&quot;reference&quot;:&quot;auto&quot;,&quot;class&quot;:&quot;&quot;,&quot;count&quot;:&quot;0&quot;,&quot;legendonly&quot;:&quot;&quot;,&quot;readonly&quot;:&quot;&quot;,&quot;score&quot;:&quot;0&quot;,&quot;starsonly&quot;:&quot;&quot;,&quot;best&quot;:&quot;5&quot;,&quot;gap&quot;:&quot;5&quot;,&quot;greet&quot;:&quot;Rate this product&quot;,&quot;legend&quot;:&quot;0\\\/5 - (0 votes)&quot;,&quot;size&quot;:&quot;24&quot;,&quot;title&quot;:&quot;ClearView&quot;,&quot;width&quot;:&quot;0&quot;,&quot;_legend&quot;:&quot;{score}\\\/{best} - ({count} {votes})&quot;,&quot;font_factor&quot;:&quot;1.25&quot;}'>\n            \n<div class=\"kksr-stars\">\n    \n<div class=\"kksr-stars-inactive\">\n            <div class=\"kksr-star\" data-star=\"1\" style=\"padding-right: 5px\">\n            \n\n<div class=\"kksr-icon\" style=\"width: 24px; height: 24px;\"><\/div>\n        <\/div>\n            <div class=\"kksr-star\" data-star=\"2\" style=\"padding-right: 5px\">\n            \n\n<div class=\"kksr-icon\" style=\"width: 24px; height: 24px;\"><\/div>\n        <\/div>\n            <div class=\"kksr-star\" data-star=\"3\" style=\"padding-right: 5px\">\n            \n\n<div class=\"kksr-icon\" style=\"width: 24px; height: 24px;\"><\/div>\n        <\/div>\n            <div class=\"kksr-star\" data-star=\"4\" style=\"padding-right: 5px\">\n            \n\n<div class=\"kksr-icon\" style=\"width: 24px; height: 24px;\"><\/div>\n        <\/div>\n            <div class=\"kksr-star\" data-star=\"5\" style=\"padding-right: 5px\">\n            \n\n<div class=\"kksr-icon\" style=\"width: 24px; height: 24px;\"><\/div>\n        <\/div>\n    <\/div>\n    \n<div class=\"kksr-stars-active\" style=\"width: 0px;\">\n            <div class=\"kksr-star\" style=\"padding-right: 5px\">\n            \n\n<div class=\"kksr-icon\" style=\"width: 24px; height: 24px;\"><\/div>\n        <\/div>\n            <div class=\"kksr-star\" style=\"padding-right: 5px\">\n            \n\n<div class=\"kksr-icon\" style=\"width: 24px; height: 24px;\"><\/div>\n        <\/div>\n            <div class=\"kksr-star\" style=\"padding-right: 5px\">\n            \n\n<div class=\"kksr-icon\" style=\"width: 24px; height: 24px;\"><\/div>\n        <\/div>\n            <div class=\"kksr-star\" style=\"padding-right: 5px\">\n            \n\n<div class=\"kksr-icon\" style=\"width: 24px; height: 24px;\"><\/div>\n        <\/div>\n            <div class=\"kksr-star\" style=\"padding-right: 5px\">\n            \n\n<div class=\"kksr-icon\" style=\"width: 24px; height: 24px;\"><\/div>\n        <\/div>\n    <\/div>\n<\/div>\n                \n\n<div class=\"kksr-legend\" style=\"font-size: 19.2px;\">\n            <span class=\"kksr-muted\">Bewerten Sie dieses Produkt<\/span>\n    <\/div>\n    <\/div>\n<div id=\"ez-toc-container\" class=\"ez-toc-v2_0_81 counter-hierarchy ez-toc-counter ez-toc-grey ez-toc-container-direction\">\n<div class=\"ez-toc-title-container\">\n<p class=\"ez-toc-title\" style=\"cursor:inherit\">Zusammenfassung<\/p>\n<span class=\"ez-toc-title-toggle\"><a href=\"#\" class=\"ez-toc-pull-right ez-toc-btn ez-toc-btn-xs ez-toc-btn-default ez-toc-toggle\" aria-label=\"Toggle Table of Content\"><span class=\"ez-toc-js-icon-con\"><span class=\"\"><span class=\"eztoc-hide\" style=\"display:none;\">Umschalten auf<\/span><span class=\"ez-toc-icon-toggle-span\"><svg style=\"fill: #999;color:#999\" xmlns=\"http:\/\/www.w3.org\/2000\/svg\" class=\"list-377408\" width=\"20px\" height=\"20px\" viewbox=\"0 0 24 24\" fill=\"none\"><path d=\"M6 6H4v2h2V6zm14 0H8v2h12V6zM4 11h2v2H4v-2zm16 0H8v2h12v-2zM4 16h2v2H4v-2zm16 0H8v2h12v-2z\" fill=\"currentColor\"><\/path><\/svg><svg style=\"fill: #999;color:#999\" class=\"arrow-unsorted-368013\" xmlns=\"http:\/\/www.w3.org\/2000\/svg\" width=\"10px\" height=\"10px\" viewbox=\"0 0 24 24\" version=\"1.2\" baseprofile=\"tiny\"><path d=\"M18.2 9.3l-6.2-6.3-6.2 6.3c-.2.2-.3.4-.3.7s.1.5.3.7c.2.2.4.3.7.3h11c.3 0 .5-.1.7-.3.2-.2.3-.5.3-.7s-.1-.5-.3-.7zM5.8 14.7l6.2 6.3 6.2-6.3c.2-.2.3-.5.3-.7s-.1-.5-.3-.7c-.2-.2-.4-.3-.7-.3h-11c-.3 0-.5.1-.7.3-.2.2-.3.5-.3.7s.1.5.3.7z\"\/><\/svg><\/span><\/span><\/span><\/a><\/span><\/div>\n<nav><ul class='ez-toc-list ez-toc-list-level-1 eztoc-toggle-hide-by-default' ><li class='ez-toc-page-1 ez-toc-heading-level-2'><a class=\"ez-toc-link ez-toc-heading-1\" href=\"https:\/\/www.dealexpert.eu\/de\/p\/klarsicht-2\/#What_are_the_advantages_of_ClearView\" >Was sind die Vorteile von ClearView?<\/a><\/li><li class='ez-toc-page-1 ez-toc-heading-level-2'><a class=\"ez-toc-link ez-toc-heading-2\" href=\"https:\/\/www.dealexpert.eu\/de\/p\/klarsicht-2\/#How_does_ClearView_work\" >Wie funktioniert ClearView?<\/a><ul class='ez-toc-list-level-3' ><li class='ez-toc-heading-level-3'><a class=\"ez-toc-link ez-toc-heading-3\" href=\"https:\/\/www.dealexpert.eu\/de\/p\/klarsicht-2\/#The_Technology_Behind_ClearView\" >Die Technologie hinter ClearView<\/a><\/li><\/ul><\/li><li class='ez-toc-page-1 ez-toc-heading-level-2'><a class=\"ez-toc-link ez-toc-heading-4\" href=\"https:\/\/www.dealexpert.eu\/de\/p\/klarsicht-2\/#Why_is_ClearView_different_from_other_systems\" >Warum ist ClearView anders als andere Systeme?<\/a><ul class='ez-toc-list-level-3' ><li class='ez-toc-heading-level-3'><a class=\"ez-toc-link ez-toc-heading-5\" href=\"https:\/\/www.dealexpert.eu\/de\/p\/klarsicht-2\/#Seamless_Integration\" >Nahtlose Integration<\/a><\/li><\/ul><\/li><li class='ez-toc-page-1 ez-toc-heading-level-2'><a class=\"ez-toc-link ez-toc-heading-6\" href=\"https:\/\/www.dealexpert.eu\/de\/p\/klarsicht-2\/#Applications_of_ClearView\" >Anwendungen von ClearView<\/a><\/li><li class='ez-toc-page-1 ez-toc-heading-level-2'><a class=\"ez-toc-link ez-toc-heading-7\" href=\"https:\/\/www.dealexpert.eu\/de\/p\/klarsicht-2\/#What_makes_ClearView_the_best_choice\" >Warum ist ClearView die beste Wahl?<\/a><ul class='ez-toc-list-level-3' ><li class='ez-toc-heading-level-3'><a class=\"ez-toc-link ez-toc-heading-8\" href=\"https:\/\/www.dealexpert.eu\/de\/p\/klarsicht-2\/#Customer_Testimonials\" >Erfahrungsberichte von Kunden<\/a><\/li><\/ul><\/li><li class='ez-toc-page-1 ez-toc-heading-level-2'><a class=\"ez-toc-link ez-toc-heading-9\" href=\"https:\/\/www.dealexpert.eu\/de\/p\/klarsicht-2\/#Getting_Started_with_ClearView\" >Erste Schritte mit ClearView<\/a><\/li><\/ul><\/nav><\/div>\n<h2><span class=\"ez-toc-section\" id=\"What_are_the_advantages_of_ClearView\"><\/span>Was sind die Vorteile von ClearView?<span class=\"ez-toc-section-end\"><\/span><\/h2>\n<p>ClearView ist die ultimative \u00dcberwachungsl\u00f6sung f\u00fcr alle, die ihre Sicherheit verbessern m\u00f6chten, sei es f\u00fcr Ihr Zuhause, Ihr Unternehmen oder eine andere Einrichtung. Die wichtigsten Vorteile von ClearView sind zahlreich und machen es zu einer au\u00dfergew\u00f6hnlichen Wahl sowohl f\u00fcr private als auch f\u00fcr professionelle Sicherheitsanforderungen. Lassen Sie uns einige der wichtigsten Vorteile n\u00e4her betrachten:<\/p>\n<ul>\n<li><strong>Erh\u00f6hte Sicherheit<\/strong>: Mit ClearView k\u00f6nnen Sie Ihr Eigentum, Ihre Verm\u00f6genswerte und Ihre Angeh\u00f6rigen zuverl\u00e4ssig sch\u00fctzen. Egal, ob es sich um ein Haus, ein B\u00fcro oder einen \u00f6ffentlichen Raum handelt, Sie erhalten einen umfassenden Schutz.<\/li>\n<li><strong>Echtzeit-Warnungen<\/strong>: Das ausgekl\u00fcgelte System von ClearView sendet sofortige Warnmeldungen, wenn es verd\u00e4chtige Aktivit\u00e4ten feststellt. Diese Funktion gibt Ihnen Sicherheit, indem sie Sie \u00fcber potenzielle Bedrohungen benachrichtigt, sobald diese auftreten.<\/li>\n<li><strong>Hochaufl\u00f6sende Videoqualit\u00e4t<\/strong>: Das System bietet eine kristallklare Video\u00fcberwachung, die eine pr\u00e4zise \u00dcberwachung und genaue Identifizierung von Personen erm\u00f6glicht, auch bei schlechten Lichtverh\u00e4ltnissen.<\/li>\n<li><strong>Gesichtserkennung<\/strong>: Eines der herausragenden Merkmale ist die fortschrittliche Gesichtserkennungstechnologie, die die Verfolgung von Personen erleichtert und die Sicherheitseffizienz erh\u00f6ht.<\/li>\n<li><strong>Fernzugriff<\/strong>: Mit ClearView k\u00f6nnen Sie Ihr Sicherheitssystem von \u00fcberall aus \u00fcber Ihr Mobiltelefon oder Ihren Computer \u00fcberwachen und verwalten, so dass Sie jederzeit die Kontrolle haben.<\/li>\n<\/ul>\n<h2><span class=\"ez-toc-section\" id=\"How_does_ClearView_work\"><\/span>Wie funktioniert ClearView?<span class=\"ez-toc-section-end\"><\/span><\/h2>\n<p>ClearView verwendet modernste Algorithmen und Hardware, um eine Echtzeit\u00fcberwachung zu erm\u00f6glichen, die sowohl genau als auch einfach zu verwalten ist. Das System analysiert st\u00e4ndig das Videomaterial und kann sofort Gesichter erkennen, Bewegungen erfassen und sogar potenzielle Bedrohungen ausmachen. So wird sichergestellt, dass keine Aktivit\u00e4t unbemerkt bleibt.<\/p>\n<h3><span class=\"ez-toc-section\" id=\"The_Technology_Behind_ClearView\"><\/span>Die Technologie hinter ClearView<span class=\"ez-toc-section-end\"><\/span><\/h3>\n<p>ClearView integriert Algorithmen des maschinellen Lernens, die seine F\u00e4higkeit verbessern, Muster zu erkennen und zwischen allt\u00e4glichen Ereignissen und verd\u00e4chtigen Aktivit\u00e4ten zu unterscheiden. Das System lernt mit der Zeit und wird mit jeder Nutzung intelligenter und zuverl\u00e4ssiger. Seine fortschrittliche Technologie bietet das perfekte Gleichgewicht zwischen Benutzerfreundlichkeit und leistungsstarken \u00dcberwachungsfunktionen.<\/p>\n<h2><span class=\"ez-toc-section\" id=\"Why_is_ClearView_different_from_other_systems\"><\/span>Warum ist ClearView anders als andere Systeme?<span class=\"ez-toc-section-end\"><\/span><\/h2>\n<p>Viele \u00dcberwachungssysteme versprechen, Ihre Sicherheit zu verbessern, aber ClearView bietet etwas Einzigartiges. Mit seiner Kombination aus hochaufl\u00f6sendem Video, Gesichtserkennung und Echtzeit-Analyse ist es der Konkurrenz voraus. Es bietet nicht nur eine erstklassige \u00dcberwachung, sondern l\u00e4sst sich auch nahtlos in die bestehende Sicherheitsinfrastruktur integrieren, sodass es einfach einzurichten und zu verwenden ist.<\/p>\n<h3><span class=\"ez-toc-section\" id=\"Seamless_Integration\"><\/span>Nahtlose Integration<span class=\"ez-toc-section-end\"><\/span><\/h3>\n<p>ClearView l\u00e4sst sich nahtlos in Ihr bestehendes Sicherheitssystem integrieren, unabh\u00e4ngig davon, ob Sie herk\u00f6mmliche Kameras, Alarme oder Sensoren verwenden. Dies macht die Aufr\u00fcstung auf ClearView zu einem einfachen Prozess, ohne dass eine komplette \u00dcberholung Ihres Sicherheitsnetzwerks erforderlich ist.<\/p>\n<h2><span class=\"ez-toc-section\" id=\"Applications_of_ClearView\"><\/span>Anwendungen von ClearView<span class=\"ez-toc-section-end\"><\/span><\/h2>\n<p>ClearView ist \u00e4u\u00dferst vielseitig und kann in einer Vielzahl von Bereichen eingesetzt werden. Hier sind nur einige der M\u00f6glichkeiten, wie Sie ClearView einsetzen k\u00f6nnen:<\/p>\n<ul>\n<li><strong>\u00dcberwachung von Wohngeb\u00e4uden<\/strong>: Behalten Sie Ihr Haus und Ihre Lieben im Auge, auch wenn Sie nicht zu Hause sind, dank der Fern\u00fcberwachungsfunktionen von ClearView.<\/li>\n<li><strong>Kommerzielle Sicherheit<\/strong>: Sch\u00fctzen Sie Ihre Gesch\u00e4ftsr\u00e4ume mit einer zuverl\u00e4ssigen \u00dcberwachung, die einen klaren Blick auf alle Bereiche, innen und au\u00dfen, bietet.<\/li>\n<li><strong>\u00dcberwachung des \u00f6ffentlichen Raums<\/strong>: Sorgen Sie f\u00fcr die Sicherheit von Parks, Verkehrsstationen und anderen \u00f6ffentlichen Pl\u00e4tzen, indem Sie gro\u00dfe Gebiete in Echtzeit \u00fcberwachen.<\/li>\n<li><strong>Sicherheit der Veranstaltung<\/strong>: ClearView eignet sich perfekt f\u00fcr die \u00dcberwachung von Veranstaltungen und sorgt mit seinen Hightech-Funktionen f\u00fcr Kontrolle und Sicherheit.<\/li>\n<\/ul>\n<h2><span class=\"ez-toc-section\" id=\"What_makes_ClearView_the_best_choice\"><\/span>Warum ist ClearView die beste Wahl?<span class=\"ez-toc-section-end\"><\/span><\/h2>\n<p>ClearView zeichnet sich durch seine F\u00e4higkeit aus, fortschrittliche Funktionen zu bieten, ohne den Benutzer zu \u00fcberfordern. Die benutzerfreundliche Oberfl\u00e4che, die hervorragende Videoqualit\u00e4t und der zuverl\u00e4ssige Fernzugriff machen es zur besten Option f\u00fcr alle, die ihre Sicherheit erh\u00f6hen m\u00f6chten. Ich pers\u00f6nlich bin der Meinung, dass die Kombination aus hoher Leistung und Einfachheit die L\u00f6sung sowohl f\u00fcr Unternehmen als auch f\u00fcr Hausbesitzer so attraktiv macht.<\/p>\n<h3><span class=\"ez-toc-section\" id=\"Customer_Testimonials\"><\/span>Erfahrungsberichte von Kunden<span class=\"ez-toc-section-end\"><\/span><\/h3>\n<p>Unsere Kunden sind immer wieder beeindruckt von der Zuverl\u00e4ssigkeit und der hohen Leistung von ClearView. Hier sind die Aussagen einiger Kunden:<\/p>\n<ul>\n<li><i>\"ClearView hat die Art und Weise, wie wir unser Unternehmen \u00fcberwachen, v\u00f6llig ver\u00e4ndert. Es ist intuitiv, und die Videoqualit\u00e4t ist absolut fantastisch.\" - John D., Gesch\u00e4ftsinhaber<\/i><\/li>\n<li><i>\"Ich f\u00fchle mich jetzt zu Hause viel sicherer. Die Gesichtserkennung ist wirklich bemerkenswert!\" - Sarah L., Hausbesitzerin<\/i><\/li>\n<\/ul>\n<h2><span class=\"ez-toc-section\" id=\"Getting_Started_with_ClearView\"><\/span>Erste Schritte mit ClearView<span class=\"ez-toc-section-end\"><\/span><\/h2>\n<p>Wenn Sie bereit sind, Ihre Sicherheit mit ClearView auf die n\u00e4chste Stufe zu heben, ist es ganz einfach, damit anzufangen. Besuchen Sie einfach die offizielle Website, um weitere Informationen zu erhalten. Das ClearView-Team hilft Ihnen bei der Installation und bei allen Fragen, die Sie auf dem Weg dorthin haben. Ihr Seelenfrieden ist nur ein paar Klicks entfernt!<\/p>","protected":false},"excerpt":{"rendered":"<li>Hochaufl\u00f6sende Videoqualit\u00e4t f\u00fcr klare und pr\u00e4zise \u00dcberwachung<\/li>\n<li>Erweiterte Gesichtserkennungsfunktionen<\/li>\n<li>Warnungen und Benachrichtigungen in Echtzeit<\/li>\n<li>Fernzugriff \u00fcber mobile und Desktop-Ger\u00e4te<\/li>\n<li>Integration in bestehende Sicherheitssysteme<\/li>","protected":false},"featured_media":403,"template":"","meta":{"_lmt_disableupdate":"","_lmt_disable":"","_kadence_starter_templates_imported_post":false,"_kad_post_transparent":"default","_kad_post_title":"","_kad_post_layout":"default","_kad_post_sidebar_id":"","_kad_post_content_style":"default","_kad_post_vertical_padding":"default","_kad_post_feature":"","_kad_post_feature_position":"","_kad_post_header":false,"_kad_post_footer":false,"_kad_post_classname":""},"product_brand":[],"product_cat":[16],"product_tag":[],"class_list":{"0":"post-336","1":"product","2":"type-product","3":"status-publish","4":"has-post-thumbnail","6":"product_cat-technology","8":"first","9":"instock","10":"shipping-taxable","11":"product-type-external","12":"entry","13":"content-bg","14":"loop-entry"},"_links":{"self":[{"href":"https:\/\/www.dealexpert.eu\/de\/wp-json\/wp\/v2\/product\/336","targetHints":{"allow":["GET"]}}],"collection":[{"href":"https:\/\/www.dealexpert.eu\/de\/wp-json\/wp\/v2\/product"}],"about":[{"href":"https:\/\/www.dealexpert.eu\/de\/wp-json\/wp\/v2\/types\/product"}],"wp:featuredmedia":[{"embeddable":true,"href":"https:\/\/www.dealexpert.eu\/de\/wp-json\/wp\/v2\/media\/403"}],"wp:attachment":[{"href":"https:\/\/www.dealexpert.eu\/de\/wp-json\/wp\/v2\/media?parent=336"}],"wp:term":[{"taxonomy":"product_brand","embeddable":true,"href":"https:\/\/www.dealexpert.eu\/de\/wp-json\/wp\/v2\/product_brand?post=336"},{"taxonomy":"product_cat","embeddable":true,"href":"https:\/\/www.dealexpert.eu\/de\/wp-json\/wp\/v2\/product_cat?post=336"},{"taxonomy":"product_tag","embeddable":true,"href":"https:\/\/www.dealexpert.eu\/de\/wp-json\/wp\/v2\/product_tag?post=336"}],"curies":[{"name":"wp","href":"https:\/\/api.w.org\/{rel}","templated":true}]}}