{"id":328,"date":"2025-07-23T23:56:01","date_gmt":"2025-07-23T23:56:01","guid":{"rendered":"https:\/\/www.dealexpert.eu\/?post_type=product&#038;p=328"},"modified":"2025-07-24T14:33:29","modified_gmt":"2025-07-24T14:33:29","slug":"smartlight","status":"publish","type":"product","link":"https:\/\/www.dealexpert.eu\/de\/p\/smartlight\/","title":{"rendered":"SmartLight"},"content":{"rendered":"<div class=\"kk-star-ratings kksr-auto kksr-align-left kksr-valign-top\"\n    data-payload='{&quot;align&quot;:&quot;left&quot;,&quot;id&quot;:&quot;328&quot;,&quot;slug&quot;:&quot;default&quot;,&quot;valign&quot;:&quot;top&quot;,&quot;ignore&quot;:&quot;&quot;,&quot;reference&quot;:&quot;auto&quot;,&quot;class&quot;:&quot;&quot;,&quot;count&quot;:&quot;0&quot;,&quot;legendonly&quot;:&quot;&quot;,&quot;readonly&quot;:&quot;&quot;,&quot;score&quot;:&quot;0&quot;,&quot;starsonly&quot;:&quot;&quot;,&quot;best&quot;:&quot;5&quot;,&quot;gap&quot;:&quot;5&quot;,&quot;greet&quot;:&quot;Rate this product&quot;,&quot;legend&quot;:&quot;0\\\/5 - (0 votes)&quot;,&quot;size&quot;:&quot;24&quot;,&quot;title&quot;:&quot;SmartLight&quot;,&quot;width&quot;:&quot;0&quot;,&quot;_legend&quot;:&quot;{score}\\\/{best} - ({count} {votes})&quot;,&quot;font_factor&quot;:&quot;1.25&quot;}'>\n            \n<div class=\"kksr-stars\">\n    \n<div class=\"kksr-stars-inactive\">\n            <div class=\"kksr-star\" data-star=\"1\" style=\"padding-right: 5px\">\n            \n\n<div class=\"kksr-icon\" style=\"width: 24px; height: 24px;\"><\/div>\n        <\/div>\n            <div class=\"kksr-star\" data-star=\"2\" style=\"padding-right: 5px\">\n            \n\n<div class=\"kksr-icon\" style=\"width: 24px; height: 24px;\"><\/div>\n        <\/div>\n            <div class=\"kksr-star\" data-star=\"3\" style=\"padding-right: 5px\">\n            \n\n<div class=\"kksr-icon\" style=\"width: 24px; height: 24px;\"><\/div>\n        <\/div>\n            <div class=\"kksr-star\" data-star=\"4\" style=\"padding-right: 5px\">\n            \n\n<div class=\"kksr-icon\" style=\"width: 24px; height: 24px;\"><\/div>\n        <\/div>\n            <div class=\"kksr-star\" data-star=\"5\" style=\"padding-right: 5px\">\n            \n\n<div class=\"kksr-icon\" style=\"width: 24px; height: 24px;\"><\/div>\n        <\/div>\n    <\/div>\n    \n<div class=\"kksr-stars-active\" style=\"width: 0px;\">\n            <div class=\"kksr-star\" style=\"padding-right: 5px\">\n            \n\n<div class=\"kksr-icon\" style=\"width: 24px; height: 24px;\"><\/div>\n        <\/div>\n            <div class=\"kksr-star\" style=\"padding-right: 5px\">\n            \n\n<div class=\"kksr-icon\" style=\"width: 24px; height: 24px;\"><\/div>\n        <\/div>\n            <div class=\"kksr-star\" style=\"padding-right: 5px\">\n            \n\n<div class=\"kksr-icon\" style=\"width: 24px; height: 24px;\"><\/div>\n        <\/div>\n            <div class=\"kksr-star\" style=\"padding-right: 5px\">\n            \n\n<div class=\"kksr-icon\" style=\"width: 24px; height: 24px;\"><\/div>\n        <\/div>\n            <div class=\"kksr-star\" style=\"padding-right: 5px\">\n            \n\n<div class=\"kksr-icon\" style=\"width: 24px; height: 24px;\"><\/div>\n        <\/div>\n    <\/div>\n<\/div>\n                \n\n<div class=\"kksr-legend\" style=\"font-size: 19.2px;\">\n            <span class=\"kksr-muted\">Bewerten Sie dieses Produkt<\/span>\n    <\/div>\n    <\/div>\n<div id=\"ez-toc-container\" class=\"ez-toc-v2_0_81 counter-hierarchy ez-toc-counter ez-toc-grey ez-toc-container-direction\">\n<div class=\"ez-toc-title-container\">\n<p class=\"ez-toc-title\" style=\"cursor:inherit\">Zusammenfassung<\/p>\n<span class=\"ez-toc-title-toggle\"><a href=\"#\" class=\"ez-toc-pull-right ez-toc-btn ez-toc-btn-xs ez-toc-btn-default ez-toc-toggle\" aria-label=\"Toggle Table of Content\"><span class=\"ez-toc-js-icon-con\"><span class=\"\"><span class=\"eztoc-hide\" style=\"display:none;\">Umschalten auf<\/span><span class=\"ez-toc-icon-toggle-span\"><svg style=\"fill: #999;color:#999\" xmlns=\"http:\/\/www.w3.org\/2000\/svg\" class=\"list-377408\" width=\"20px\" height=\"20px\" viewbox=\"0 0 24 24\" fill=\"none\"><path d=\"M6 6H4v2h2V6zm14 0H8v2h12V6zM4 11h2v2H4v-2zm16 0H8v2h12v-2zM4 16h2v2H4v-2zm16 0H8v2h12v-2z\" fill=\"currentColor\"><\/path><\/svg><svg style=\"fill: #999;color:#999\" class=\"arrow-unsorted-368013\" xmlns=\"http:\/\/www.w3.org\/2000\/svg\" width=\"10px\" height=\"10px\" viewbox=\"0 0 24 24\" version=\"1.2\" baseprofile=\"tiny\"><path d=\"M18.2 9.3l-6.2-6.3-6.2 6.3c-.2.2-.3.4-.3.7s.1.5.3.7c.2.2.4.3.7.3h11c.3 0 .5-.1.7-.3.2-.2.3-.5.3-.7s-.1-.5-.3-.7zM5.8 14.7l6.2 6.3 6.2-6.3c.2-.2.3-.5.3-.7s-.1-.5-.3-.7c-.2-.2-.4-.3-.7-.3h-11c-.3 0-.5.1-.7.3-.2.2-.3.5-.3.7s.1.5.3.7z\"\/><\/svg><\/span><\/span><\/span><\/a><\/span><\/div>\n<nav><ul class='ez-toc-list ez-toc-list-level-1 eztoc-toggle-hide-by-default' ><li class='ez-toc-page-1 ez-toc-heading-level-2'><a class=\"ez-toc-link ez-toc-heading-1\" href=\"https:\/\/www.dealexpert.eu\/de\/p\/smartlight\/#Advantages_of_SmartLight\" >Vorteile von SmartLight<\/a><ul class='ez-toc-list-level-3' ><li class='ez-toc-heading-level-3'><a class=\"ez-toc-link ez-toc-heading-2\" href=\"https:\/\/www.dealexpert.eu\/de\/p\/smartlight\/#Key_Advantages_of_Using_SmartLight\" >Die wichtigsten Vorteile der Verwendung von SmartLight<\/a><\/li><\/ul><\/li><li class='ez-toc-page-1 ez-toc-heading-level-2'><a class=\"ez-toc-link ez-toc-heading-3\" href=\"https:\/\/www.dealexpert.eu\/de\/p\/smartlight\/#Why_SmartLight_is_the_Best_Choice\" >Warum SmartLight die beste Wahl ist<\/a><ul class='ez-toc-list-level-3' ><li class='ez-toc-heading-level-3'><a class=\"ez-toc-link ez-toc-heading-4\" href=\"https:\/\/www.dealexpert.eu\/de\/p\/smartlight\/#Benefits_for_Your_Home\" >Vorteile f\u00fcr Ihr Zuhause<\/a><\/li><li class='ez-toc-page-1 ez-toc-heading-level-3'><a class=\"ez-toc-link ez-toc-heading-5\" href=\"https:\/\/www.dealexpert.eu\/de\/p\/smartlight\/#Benefits_for_Your_Office\" >Vorteile f\u00fcr Ihr B\u00fcro<\/a><\/li><\/ul><\/li><li class='ez-toc-page-1 ez-toc-heading-level-2'><a class=\"ez-toc-link ez-toc-heading-6\" href=\"https:\/\/www.dealexpert.eu\/de\/p\/smartlight\/#How_to_Install_SmartLight\" >Wie wird SmartLight installiert?<\/a><\/li><li class='ez-toc-page-1 ez-toc-heading-level-2'><a class=\"ez-toc-link ez-toc-heading-7\" href=\"https:\/\/www.dealexpert.eu\/de\/p\/smartlight\/#User_Reviews\" >Anwenderberichte<\/a><\/li><li class='ez-toc-page-1 ez-toc-heading-level-2'><a class=\"ez-toc-link ez-toc-heading-8\" href=\"https:\/\/www.dealexpert.eu\/de\/p\/smartlight\/#Where_to_Buy_SmartLight\" >Wo kann man SmartLight kaufen?<\/a><\/li><\/ul><\/nav><\/div>\n<h2><span class=\"ez-toc-section\" id=\"Advantages_of_SmartLight\"><\/span>Vorteile von SmartLight<span class=\"ez-toc-section-end\"><\/span><\/h2>\n<p>SmartLight ist eine echte Neuerung f\u00fcr jeden, der seinen Wohn- oder Arbeitsbereich verbessern m\u00f6chte. Es bietet zahlreiche Vorteile, die Ihre Umgebung auf eine Weise ver\u00e4ndern k\u00f6nnen, die Sie vielleicht nicht erwarten. Zun\u00e4chst einmal bietet die M\u00f6glichkeit, Ihre Beleuchtung aus der Ferne zu steuern, von Ihrem Telefon aus oder \u00fcber Sprachbefehle, ein unvergleichliches Ma\u00df an Komfort. Stellen Sie sich vor, dass Sie Ihre Beleuchtung einstellen k\u00f6nnen, ohne Ihren Platz zu verlassen, oder dass Sie nur Ihre Stimme benutzen, w\u00e4hrend Sie kochen oder arbeiten - das ist nicht nur cool, sondern auch unglaublich praktisch. Au\u00dferdem k\u00f6nnen Sie mit der energieeffizienten LED-Technologie von SmartLight Stromkosten sparen - und das wollen wir heutzutage doch alle!<\/p>\n<h3><span class=\"ez-toc-section\" id=\"Key_Advantages_of_Using_SmartLight\"><\/span>Die wichtigsten Vorteile der Verwendung von SmartLight<span class=\"ez-toc-section-end\"><\/span><\/h3>\n<ul>\n<li><strong>Fernsteuerung<\/strong> - Passen Sie Ihre Beleuchtungseinstellungen jederzeit und \u00fcberall \u00fcber eine mobile App an.<\/li>\n<li><strong>Integration von Sprache<\/strong> - Steuern Sie Ihre Beleuchtung ganz einfach \u00fcber Sprachassistenten wie Alexa oder Google Assistant.<\/li>\n<li><strong>Energieeinsparungen<\/strong> - Die LED-Technologie von SmartLight hilft Ihnen, die Stromkosten zu senken und gleichzeitig eine optimale Helligkeit zu gew\u00e4hrleisten.<\/li>\n<li><strong>Anpassbares Ambiente<\/strong> - Passen Sie die Helligkeit und die Farben an Ihre Stimmung oder die Aktivit\u00e4t an, die Sie gerade aus\u00fcben.<\/li>\n<li><strong>Verbesserte Sicherheit<\/strong> - Automatisierte Beleuchtungspl\u00e4ne erwecken den Anschein, dass jemand zu Hause ist, und schrecken potenzielle Einbrecher ab.<\/li>\n<\/ul>\n<h2><span class=\"ez-toc-section\" id=\"Why_SmartLight_is_the_Best_Choice\"><\/span>Warum SmartLight die beste Wahl ist<span class=\"ez-toc-section-end\"><\/span><\/h2>\n<p>SmartLight in Ihrem Zuhause oder B\u00fcro bedeutet, dass Sie einen intelligenteren, effizienteren Lebensstil f\u00fchren. Es ist nicht nur eine Gl\u00fchbirne, sondern ein St\u00fcck Technologie, das sich nahtlos in Ihre t\u00e4gliche Routine integrieren l\u00e4sst. Sie m\u00fcssen nicht mehr aufstehen, um das Licht auszuschalten, oder sich fragen, ob Sie es angelassen haben. Stattdessen k\u00f6nnen Sie das Licht so programmieren, dass es sich ausschaltet, wenn Sie das Haus verlassen, oder es so einstellen, dass es allm\u00e4hlich heller wird, wenn Sie morgens aufwachen, und so f\u00fcr einen ruhigen Start in den Tag sorgen.<\/p>\n<h3><span class=\"ez-toc-section\" id=\"Benefits_for_Your_Home\"><\/span>Vorteile f\u00fcr Ihr Zuhause<span class=\"ez-toc-section-end\"><\/span><\/h3>\n<ul>\n<li><strong>Erh\u00f6hter Komfort:<\/strong> Steuern Sie Ihre Beleuchtung mit Ihrem Smartphone oder per Sprachbefehl.<\/li>\n<li><strong>Anpassungen:<\/strong> Mit den einstellbaren Helligkeits- und Farbeinstellungen k\u00f6nnen Sie die Stimmung f\u00fcr jeden Anlass anpassen.<\/li>\n<li><strong>Energieeffizient:<\/strong> Sparen Sie Geld bei Ihrer Stromrechnung, ohne Kompromisse bei der Beleuchtungsqualit\u00e4t einzugehen.<\/li>\n<\/ul>\n<h3><span class=\"ez-toc-section\" id=\"Benefits_for_Your_Office\"><\/span>Vorteile f\u00fcr Ihr B\u00fcro<span class=\"ez-toc-section-end\"><\/span><\/h3>\n<ul>\n<li><strong>Steigern Sie die Produktivit\u00e4t:<\/strong> Schaffen Sie die perfekte Beleuchtung f\u00fcr Konzentration, Zusammenarbeit oder Entspannung.<\/li>\n<li><strong>Verbesserte Atmosph\u00e4re:<\/strong> Passen Sie die B\u00fcrobeleuchtung so an, dass sie je nach Ihren Aufgaben oder Besprechungen anregend oder beruhigend wirkt.<\/li>\n<li><strong>Nahtlose Integration:<\/strong> SmartLight l\u00e4sst sich problemlos in bestehende intelligente B\u00fcrosysteme integrieren.<\/li>\n<\/ul>\n<h2><span class=\"ez-toc-section\" id=\"How_to_Install_SmartLight\"><\/span>Wie wird SmartLight installiert?<span class=\"ez-toc-section-end\"><\/span><\/h2>\n<p>Die Einrichtung von SmartLight ist einfach und schnell, d. h. Sie m\u00fcssen nicht technisch versiert sein, um loszulegen. Ich f\u00fchre Sie durch den Prozess:<\/p>\n<ul>\n<li><strong>Schritt 1:<\/strong> Schrauben Sie die SmartLight-Gl\u00fchbirne wie jede andere Gl\u00fchbirne in eine Standard-Gl\u00fchbirne.<\/li>\n<li><strong>Schritt 2:<\/strong> Laden Sie die SmartLight-App auf Ihr Smartphone aus dem App-Store herunter.<\/li>\n<li><strong>Schritt 3:<\/strong> Verbinden Sie Ihr SmartLight \u00fcber Bluetooth oder Wi-Fi mit der App - so einfach ist das.<\/li>\n<li><strong>Schritt 4:<\/strong> Passen Sie die Einstellungen an Ihre Vorlieben an, indem Sie Helligkeit und Farbe nach Belieben ver\u00e4ndern.<\/li>\n<li><strong>Schritt 5:<\/strong> Optional k\u00f6nnen Sie Ihr SmartLight mit einem Sprachassistenten wie Alexa oder Google Assistant integrieren, um es freih\u00e4ndig zu steuern.<\/li>\n<\/ul>\n<h2><span class=\"ez-toc-section\" id=\"User_Reviews\"><\/span>Anwenderberichte<span class=\"ez-toc-section-end\"><\/span><\/h2>\n<p>SmartLight wird von Benutzern auf der ganzen Welt f\u00fcr seine Benutzerfreundlichkeit, Vielseitigkeit und Leistung gelobt. Hier ist, was einige zufriedene Kunden gesagt haben:<\/p>\n<ul>\n<li><i>\"Ich finde es toll, dass ich die Beleuchtung mit meiner Stimme und meinem Smartphone steuern kann. Das ist perfekt f\u00fcr meinen gesch\u00e4ftigen Lebensstil!\"<\/i> - Sarah, Hausbesitzerin<\/li>\n<li><i>\"Die Energieeinsparungen sind beeindruckend, und die M\u00f6glichkeit, die Farben und die Helligkeit einzustellen, macht es perfekt f\u00fcr jede Gelegenheit.<\/i> - John, B\u00fcroleiter<\/li>\n<li><i>\"Die Einrichtung des SmartLight war so einfach. Ich habe das alles in wenigen Minuten selbst gemacht!\"<\/i> - Emma, DIY-Enthusiastin<\/li>\n<\/ul>\n<h2><span class=\"ez-toc-section\" id=\"Where_to_Buy_SmartLight\"><\/span>Wo kann man SmartLight kaufen?<span class=\"ez-toc-section-end\"><\/span><\/h2>\n<p>Wenn Sie bereit sind, in die Zukunft der Beleuchtung einzutreten, k\u00f6nnen Sie SmartLight direkt auf der offiziellen Website von Neotechix kaufen. Es ist eine gro\u00dfartige M\u00f6glichkeit, Ihren Raum aufzuwerten und die Einfachheit der Smart Home-Technologie zu nutzen.<\/p>","protected":false},"excerpt":{"rendered":"<li>Fernsteuerung \u00fcber mobile Apps<\/li>\n<li>Integration von Sprachbefehlen (Alexa, Google Assistant)<\/li>\n<li>Anpassbare Helligkeits- und Farbeinstellungen<\/li>\n<li>Energiesparende LED-Technologie<\/li>\n<li>Kompatibel mit Smart Home-Systemen (z. B. SmartThings, HomeKit)<\/li>","protected":false},"featured_media":590,"template":"","meta":{"_lmt_disableupdate":"","_lmt_disable":"","_kadence_starter_templates_imported_post":false,"_kad_post_transparent":"default","_kad_post_title":"","_kad_post_layout":"default","_kad_post_sidebar_id":"","_kad_post_content_style":"default","_kad_post_vertical_padding":"default","_kad_post_feature":"","_kad_post_feature_position":"","_kad_post_header":false,"_kad_post_footer":false,"_kad_post_classname":""},"product_brand":[],"product_cat":[16],"product_tag":[],"class_list":{"0":"post-328","1":"product","2":"type-product","3":"status-publish","4":"has-post-thumbnail","6":"product_cat-technology","8":"first","9":"instock","10":"shipping-taxable","11":"product-type-external","12":"entry","13":"content-bg","14":"loop-entry"},"_links":{"self":[{"href":"https:\/\/www.dealexpert.eu\/de\/wp-json\/wp\/v2\/product\/328","targetHints":{"allow":["GET"]}}],"collection":[{"href":"https:\/\/www.dealexpert.eu\/de\/wp-json\/wp\/v2\/product"}],"about":[{"href":"https:\/\/www.dealexpert.eu\/de\/wp-json\/wp\/v2\/types\/product"}],"wp:featuredmedia":[{"embeddable":true,"href":"https:\/\/www.dealexpert.eu\/de\/wp-json\/wp\/v2\/media\/590"}],"wp:attachment":[{"href":"https:\/\/www.dealexpert.eu\/de\/wp-json\/wp\/v2\/media?parent=328"}],"wp:term":[{"taxonomy":"product_brand","embeddable":true,"href":"https:\/\/www.dealexpert.eu\/de\/wp-json\/wp\/v2\/product_brand?post=328"},{"taxonomy":"product_cat","embeddable":true,"href":"https:\/\/www.dealexpert.eu\/de\/wp-json\/wp\/v2\/product_cat?post=328"},{"taxonomy":"product_tag","embeddable":true,"href":"https:\/\/www.dealexpert.eu\/de\/wp-json\/wp\/v2\/product_tag?post=328"}],"curies":[{"name":"wp","href":"https:\/\/api.w.org\/{rel}","templated":true}]}}