{"id":312,"date":"2025-07-23T22:19:44","date_gmt":"2025-07-23T22:19:44","guid":{"rendered":"https:\/\/www.dealexpert.eu\/?post_type=product&#038;p=312"},"modified":"2025-07-24T14:35:38","modified_gmt":"2025-07-24T14:35:38","slug":"ergorelax","status":"publish","type":"product","link":"https:\/\/www.dealexpert.eu\/de\/p\/ergorelax\/","title":{"rendered":"ErgoRelax"},"content":{"rendered":"<div class=\"kk-star-ratings kksr-auto kksr-align-left kksr-valign-top\"\n    data-payload='{&quot;align&quot;:&quot;left&quot;,&quot;id&quot;:&quot;312&quot;,&quot;slug&quot;:&quot;default&quot;,&quot;valign&quot;:&quot;top&quot;,&quot;ignore&quot;:&quot;&quot;,&quot;reference&quot;:&quot;auto&quot;,&quot;class&quot;:&quot;&quot;,&quot;count&quot;:&quot;0&quot;,&quot;legendonly&quot;:&quot;&quot;,&quot;readonly&quot;:&quot;&quot;,&quot;score&quot;:&quot;0&quot;,&quot;starsonly&quot;:&quot;&quot;,&quot;best&quot;:&quot;5&quot;,&quot;gap&quot;:&quot;5&quot;,&quot;greet&quot;:&quot;Rate this product&quot;,&quot;legend&quot;:&quot;0\\\/5 - (0 votes)&quot;,&quot;size&quot;:&quot;24&quot;,&quot;title&quot;:&quot;ErgoRelax&quot;,&quot;width&quot;:&quot;0&quot;,&quot;_legend&quot;:&quot;{score}\\\/{best} - ({count} {votes})&quot;,&quot;font_factor&quot;:&quot;1.25&quot;}'>\n            \n<div class=\"kksr-stars\">\n    \n<div class=\"kksr-stars-inactive\">\n            <div class=\"kksr-star\" data-star=\"1\" style=\"padding-right: 5px\">\n            \n\n<div class=\"kksr-icon\" style=\"width: 24px; height: 24px;\"><\/div>\n        <\/div>\n            <div class=\"kksr-star\" data-star=\"2\" style=\"padding-right: 5px\">\n            \n\n<div class=\"kksr-icon\" style=\"width: 24px; height: 24px;\"><\/div>\n        <\/div>\n            <div class=\"kksr-star\" data-star=\"3\" style=\"padding-right: 5px\">\n            \n\n<div class=\"kksr-icon\" style=\"width: 24px; height: 24px;\"><\/div>\n        <\/div>\n            <div class=\"kksr-star\" data-star=\"4\" style=\"padding-right: 5px\">\n            \n\n<div class=\"kksr-icon\" style=\"width: 24px; height: 24px;\"><\/div>\n        <\/div>\n            <div class=\"kksr-star\" data-star=\"5\" style=\"padding-right: 5px\">\n            \n\n<div class=\"kksr-icon\" style=\"width: 24px; height: 24px;\"><\/div>\n        <\/div>\n    <\/div>\n    \n<div class=\"kksr-stars-active\" style=\"width: 0px;\">\n            <div class=\"kksr-star\" style=\"padding-right: 5px\">\n            \n\n<div class=\"kksr-icon\" style=\"width: 24px; height: 24px;\"><\/div>\n        <\/div>\n            <div class=\"kksr-star\" style=\"padding-right: 5px\">\n            \n\n<div class=\"kksr-icon\" style=\"width: 24px; height: 24px;\"><\/div>\n        <\/div>\n            <div class=\"kksr-star\" style=\"padding-right: 5px\">\n            \n\n<div class=\"kksr-icon\" style=\"width: 24px; height: 24px;\"><\/div>\n        <\/div>\n            <div class=\"kksr-star\" style=\"padding-right: 5px\">\n            \n\n<div class=\"kksr-icon\" style=\"width: 24px; height: 24px;\"><\/div>\n        <\/div>\n            <div class=\"kksr-star\" style=\"padding-right: 5px\">\n            \n\n<div class=\"kksr-icon\" style=\"width: 24px; height: 24px;\"><\/div>\n        <\/div>\n    <\/div>\n<\/div>\n                \n\n<div class=\"kksr-legend\" style=\"font-size: 19.2px;\">\n            <span class=\"kksr-muted\">Bewerten Sie dieses Produkt<\/span>\n    <\/div>\n    <\/div>\n<div id=\"ez-toc-container\" class=\"ez-toc-v2_0_81 counter-hierarchy ez-toc-counter ez-toc-grey ez-toc-container-direction\">\n<div class=\"ez-toc-title-container\">\n<p class=\"ez-toc-title\" style=\"cursor:inherit\">Zusammenfassung<\/p>\n<span class=\"ez-toc-title-toggle\"><a href=\"#\" class=\"ez-toc-pull-right ez-toc-btn ez-toc-btn-xs ez-toc-btn-default ez-toc-toggle\" aria-label=\"Toggle Table of Content\"><span class=\"ez-toc-js-icon-con\"><span class=\"\"><span class=\"eztoc-hide\" style=\"display:none;\">Umschalten auf<\/span><span class=\"ez-toc-icon-toggle-span\"><svg style=\"fill: #999;color:#999\" xmlns=\"http:\/\/www.w3.org\/2000\/svg\" class=\"list-377408\" width=\"20px\" height=\"20px\" viewbox=\"0 0 24 24\" fill=\"none\"><path d=\"M6 6H4v2h2V6zm14 0H8v2h12V6zM4 11h2v2H4v-2zm16 0H8v2h12v-2zM4 16h2v2H4v-2zm16 0H8v2h12v-2z\" fill=\"currentColor\"><\/path><\/svg><svg style=\"fill: #999;color:#999\" class=\"arrow-unsorted-368013\" xmlns=\"http:\/\/www.w3.org\/2000\/svg\" width=\"10px\" height=\"10px\" viewbox=\"0 0 24 24\" version=\"1.2\" baseprofile=\"tiny\"><path d=\"M18.2 9.3l-6.2-6.3-6.2 6.3c-.2.2-.3.4-.3.7s.1.5.3.7c.2.2.4.3.7.3h11c.3 0 .5-.1.7-.3.2-.2.3-.5.3-.7s-.1-.5-.3-.7zM5.8 14.7l6.2 6.3 6.2-6.3c.2-.2.3-.5.3-.7s-.1-.5-.3-.7c-.2-.2-.4-.3-.7-.3h-11c-.3 0-.5.1-.7.3-.2.2-.3.5-.3.7s.1.5.3.7z\"\/><\/svg><\/span><\/span><\/span><\/a><\/span><\/div>\n<nav><ul class='ez-toc-list ez-toc-list-level-1 eztoc-toggle-hide-by-default' ><li class='ez-toc-page-1 ez-toc-heading-level-2'><a class=\"ez-toc-link ez-toc-heading-1\" href=\"https:\/\/www.dealexpert.eu\/de\/p\/ergorelax\/#Key_Benefits_of_ErgoRelax\" >Die wichtigsten Vorteile von ErgoRelax<\/a><\/li><li class='ez-toc-page-1 ez-toc-heading-level-2'><a class=\"ez-toc-link ez-toc-heading-2\" href=\"https:\/\/www.dealexpert.eu\/de\/p\/ergorelax\/#How_Does_ErgoRelax_Work\" >Wie funktioniert ErgoRelax?<\/a><\/li><li class='ez-toc-page-1 ez-toc-heading-level-2'><a class=\"ez-toc-link ez-toc-heading-3\" href=\"https:\/\/www.dealexpert.eu\/de\/p\/ergorelax\/#User_Reviews_and_Testimonials\" >Nutzerbewertungen und Erfahrungsberichte<\/a><ul class='ez-toc-list-level-3' ><li class='ez-toc-heading-level-3'><a class=\"ez-toc-link ez-toc-heading-4\" href=\"https:\/\/www.dealexpert.eu\/de\/p\/ergorelax\/#Sarah_T\" >Sarah T.<\/a><\/li><li class='ez-toc-page-1 ez-toc-heading-level-3'><a class=\"ez-toc-link ez-toc-heading-5\" href=\"https:\/\/www.dealexpert.eu\/de\/p\/ergorelax\/#James_L\" >James L.<\/a><\/li><\/ul><\/li><li class='ez-toc-page-1 ez-toc-heading-level-2'><a class=\"ez-toc-link ez-toc-heading-6\" href=\"https:\/\/www.dealexpert.eu\/de\/p\/ergorelax\/#Where_to_Buy_ErgoRelax\" >Wo kann ich ErgoRelax kaufen?<\/a><\/li><li class='ez-toc-page-1 ez-toc-heading-level-2'><a class=\"ez-toc-link ez-toc-heading-7\" href=\"https:\/\/www.dealexpert.eu\/de\/p\/ergorelax\/#Pricing_and_Offers\" >Preisgestaltung und Angebote<\/a><\/li><li class='ez-toc-page-1 ez-toc-heading-level-2'><a class=\"ez-toc-link ez-toc-heading-8\" href=\"https:\/\/www.dealexpert.eu\/de\/p\/ergorelax\/#Frequently_Asked_Questions\" >H\u00e4ufig gestellte Fragen<\/a><ul class='ez-toc-list-level-3' ><li class='ez-toc-heading-level-3'><a class=\"ez-toc-link ez-toc-heading-9\" href=\"https:\/\/www.dealexpert.eu\/de\/p\/ergorelax\/#How_often_should_I_use_the_ErgoRelax\" >Wie oft sollte ich das ErgoRelax benutzen?<\/a><\/li><li class='ez-toc-page-1 ez-toc-heading-level-3'><a class=\"ez-toc-link ez-toc-heading-10\" href=\"https:\/\/www.dealexpert.eu\/de\/p\/ergorelax\/#Can_I_use_ErgoRelax_while_traveling\" >Kann ich ErgoRelax auf Reisen verwenden?<\/a><\/li><li class='ez-toc-page-1 ez-toc-heading-level-3'><a class=\"ez-toc-link ez-toc-heading-11\" href=\"https:\/\/www.dealexpert.eu\/de\/p\/ergorelax\/#Is_there_a_warranty_for_ErgoRelax\" >Gibt es eine Garantie f\u00fcr ErgoRelax?<\/a><\/li><\/ul><\/li><\/ul><\/nav><\/div>\n<h2><span class=\"ez-toc-section\" id=\"Key_Benefits_of_ErgoRelax\"><\/span>Die wichtigsten Vorteile von ErgoRelax<span class=\"ez-toc-section-end\"><\/span><\/h2>\n<p>Wenn Sie nach einer M\u00f6glichkeit suchen, Stress abzubauen, den Komfort zu verbessern und sich nach einem langen Tag zu entspannen, ist der ErgoRelax wirklich eine au\u00dfergew\u00f6hnliche Wahl. Ich erz\u00e4hle Ihnen von den Vorteilen, die er bietet und die meine Routine sp\u00fcrbar ver\u00e4ndert haben. Ganz gleich, ob Sie einen langen Arbeitstag am Schreibtisch verbringen oder einfach nur entspannen m\u00f6chten, nachdem Sie Besorgungen gemacht haben - dieses Ger\u00e4t bietet f\u00fcr jeden etwas. Hier sind die Gr\u00fcnde, warum ich glaube, dass Sie es unentbehrlich finden werden:<\/p>\n<ul>\n<li><strong>Gezielter Stressabbau:<\/strong> Das Ger\u00e4t konzentriert sich auf Muskelverspannungen, insbesondere in den Bereichen, in denen sich die meiste Belastung ansammelt, wie Nacken und Schultern.<\/li>\n<li><strong>Verbessert die Durchblutung:<\/strong> Die regelm\u00e4\u00dfige Anwendung f\u00f6rdert die Durchblutung, was f\u00fcr die allgemeine Gesundheit und das Wohlbefinden wichtig ist.<\/li>\n<li><strong>Anpassbarer Komfort:<\/strong> Dank der einstellbaren Einstellungen k\u00f6nnen Sie die Intensit\u00e4t individuell anpassen, so dass sich das Ger\u00e4t Ihren Vorlieben anpasst.<\/li>\n<li><strong>Tragbarkeit:<\/strong> Er ist kompakt und leicht zu transportieren und eignet sich perfekt f\u00fcr den Einsatz zu Hause, im B\u00fcro oder sogar auf Reisen.<\/li>\n<li><strong>Ergonomisches Design:<\/strong> Das Design maximiert den Komfort w\u00e4hrend der Benutzung, so dass Sie sich entspannen k\u00f6nnen, ohne sich Gedanken \u00fcber die Belastung zu machen.<\/li>\n<\/ul>\n<h2><span class=\"ez-toc-section\" id=\"How_Does_ErgoRelax_Work\"><\/span>Wie funktioniert ErgoRelax?<span class=\"ez-toc-section-end\"><\/span><\/h2>\n<p>Das Herzst\u00fcck des ErgoRelax ist eine Mischung aus moderner Technologie und durchdachtem Design. Er wendet eine sanfte, aber effektive Kombination aus Vibration, W\u00e4rme und ergonomischen Konturen auf die wichtigsten K\u00f6rperbereiche an. Ich pers\u00f6nlich finde es toll, wie das Ger\u00e4t eine professionelle Massage nachahmt und es mir erm\u00f6glicht, die Vorteile der Entspannung in meinem eigenen Raum zu genie\u00dfen. Das Ger\u00e4t zielt auf den Nacken, die Schultern und den R\u00fccken ab, also auf die Bereiche, die oft am st\u00e4rksten verspannt sind.<\/p>\n<p>Die Kombination aus Druck und W\u00e4rme hilft, Beschwerden zu lindern und die Blutzirkulation zu verbessern. Egal, ob ich es nach einem stressigen Tag benutze oder eine kurze Pause mitten in der Arbeit mache, das ErgoRelax schafft es immer, meine Muskeln zu entspannen und meinen Geist zu beruhigen.<\/p>\n<h2><span class=\"ez-toc-section\" id=\"User_Reviews_and_Testimonials\"><\/span>Nutzerbewertungen und Erfahrungsberichte<span class=\"ez-toc-section-end\"><\/span><\/h2>\n<p>Schauen wir uns an, was andere Benutzer \u00fcber den ErgoRelax zu sagen haben:<\/p>\n<h3><span class=\"ez-toc-section\" id=\"Sarah_T\"><\/span>Sarah T.<span class=\"ez-toc-section-end\"><\/span><\/h3>\n<p><i>\"Ich benutze das ErgoRelax jetzt seit ein paar Wochen und ich kann einen gro\u00dfen Unterschied in meinem Stresslevel sp\u00fcren. Es ist so einfach zu benutzen und hilft mir wirklich, mich nach einem langen Arbeitstag zu entspannen.\"<\/i><\/p>\n<h3><span class=\"ez-toc-section\" id=\"James_L\"><\/span>James L.<span class=\"ez-toc-section-end\"><\/span><\/h3>\n<p><i>\"Als jemand, der viel Zeit am Schreibtisch verbringt, ist dieses Ger\u00e4t ein Lebensretter. Die gezielten Massage- und W\u00e4rmefunktionen helfen mir wirklich bei Nacken- und Schulterverspannungen.\"<\/i><\/p>\n<h2><span class=\"ez-toc-section\" id=\"Where_to_Buy_ErgoRelax\"><\/span>Wo kann ich ErgoRelax kaufen?<span class=\"ez-toc-section-end\"><\/span><\/h2>\n<p>Wenn Sie \u00fcberzeugt sind, k\u00f6nnen Sie den ErgoRelax ganz einfach auf der offiziellen Neotechix-Website kaufen. Sie k\u00f6nnen es sich direkt nach Hause liefern lassen und so der ultimativen Entspannung einen Schritt n\u00e4her kommen. Ich empfehle Ihnen, schnell zu handeln, da Neotechix gelegentlich Sonderangebote oder Rabatte f\u00fcr Erstk\u00e4ufer anbietet, die Ihren Kauf noch g\u00fcnstiger machen k\u00f6nnten.<\/p>\n<h2><span class=\"ez-toc-section\" id=\"Pricing_and_Offers\"><\/span>Preisgestaltung und Angebote<span class=\"ez-toc-section-end\"><\/span><\/h2>\n<p>Der ErgoRelax hat einen angemessenen Preis f\u00fcr seine hochwertigen Funktionen. Dar\u00fcber hinaus bietet Neotechix h\u00e4ufig verschiedene Werbeaktionen an. Achten Sie also auf der Website auf m\u00f6gliche Rabatte oder B\u00fcndelangebote. Es lohnt sich, diese Angebote zu pr\u00fcfen, damit sich Ihre Investition noch mehr lohnt.<\/p>\n<h2><span class=\"ez-toc-section\" id=\"Frequently_Asked_Questions\"><\/span>H\u00e4ufig gestellte Fragen<span class=\"ez-toc-section-end\"><\/span><\/h2>\n<h3><span class=\"ez-toc-section\" id=\"How_often_should_I_use_the_ErgoRelax\"><\/span>Wie oft sollte ich das ErgoRelax benutzen?<span class=\"ez-toc-section-end\"><\/span><\/h3>\n<p>Um optimale Ergebnisse zu erzielen, empfehle ich, das ErgoRelax t\u00e4glich 15-20 Minuten lang zu benutzen, je nachdem, wie viel Entspannung Sie gerade brauchen.<\/p>\n<h3><span class=\"ez-toc-section\" id=\"Can_I_use_ErgoRelax_while_traveling\"><\/span>Kann ich ErgoRelax auf Reisen verwenden?<span class=\"ez-toc-section-end\"><\/span><\/h3>\n<p>Ja! Das kompakte und tragbare Design macht ihn zu einer fantastischen Option f\u00fcr unterwegs. Sie k\u00f6nnen ihn an Ihrem Schreibtisch, im Flugzeug oder im Hotel verwenden - wo immer Sie ein wenig Entspannung brauchen.<\/p>\n<h3><span class=\"ez-toc-section\" id=\"Is_there_a_warranty_for_ErgoRelax\"><\/span>Gibt es eine Garantie f\u00fcr ErgoRelax?<span class=\"ez-toc-section-end\"><\/span><\/h3>\n<p>Ja, der ErgoRelax wird mit einer einj\u00e4hrigen Garantie geliefert, die alle Herstellungsfehler abdeckt. Diese Garantie gibt Ihnen eine zus\u00e4tzliche Sicherheit beim Kauf.<\/p>\n<p>ErgoRelax bringt Komfort und Entspannung auf ein neues Niveau. Es ist mehr als nur ein Ger\u00e4t - es ist eine kleine Investition in Ihr Wohlbefinden. Mit seinem beeindruckenden ergonomischen Design und den anpassbaren Funktionen hat es das Potenzial, ein wesentlicher Bestandteil Ihrer t\u00e4glichen Routine zu werden.<\/p>","protected":false},"excerpt":{"rendered":"<li>Ergonomisches Design f\u00fcr maximalen Komfort und Effektivit\u00e4t.<\/li>\n<li>Tragbar und kompakt f\u00fcr den einfachen Einsatz zu Hause, im B\u00fcro oder unterwegs.<\/li>\n<li>Anpassbare Einstellungen f\u00fcr individuellen Komfort und Entspannung.<\/li>\n<li>Eine Kombination aus Vibration und W\u00e4rme sorgt f\u00fcr effektiven Stressabbau.<\/li>\n<li>Verbessert die Durchblutung und reduziert Muskelverspannungen f\u00fcr eine bessere allgemeine Gesundheit.<\/li>","protected":false},"featured_media":1217,"template":"","meta":{"_lmt_disableupdate":"","_lmt_disable":"","_kadence_starter_templates_imported_post":false,"_kad_post_transparent":"default","_kad_post_title":"","_kad_post_layout":"default","_kad_post_sidebar_id":"","_kad_post_content_style":"default","_kad_post_vertical_padding":"default","_kad_post_feature":"","_kad_post_feature_position":"","_kad_post_header":false,"_kad_post_footer":false,"_kad_post_classname":""},"product_brand":[],"product_cat":[16],"product_tag":[],"class_list":{"0":"post-312","1":"product","2":"type-product","3":"status-publish","4":"has-post-thumbnail","6":"product_cat-technology","8":"first","9":"instock","10":"shipping-taxable","11":"product-type-external","12":"entry","13":"content-bg","14":"loop-entry"},"_links":{"self":[{"href":"https:\/\/www.dealexpert.eu\/de\/wp-json\/wp\/v2\/product\/312","targetHints":{"allow":["GET"]}}],"collection":[{"href":"https:\/\/www.dealexpert.eu\/de\/wp-json\/wp\/v2\/product"}],"about":[{"href":"https:\/\/www.dealexpert.eu\/de\/wp-json\/wp\/v2\/types\/product"}],"wp:featuredmedia":[{"embeddable":true,"href":"https:\/\/www.dealexpert.eu\/de\/wp-json\/wp\/v2\/media\/1217"}],"wp:attachment":[{"href":"https:\/\/www.dealexpert.eu\/de\/wp-json\/wp\/v2\/media?parent=312"}],"wp:term":[{"taxonomy":"product_brand","embeddable":true,"href":"https:\/\/www.dealexpert.eu\/de\/wp-json\/wp\/v2\/product_brand?post=312"},{"taxonomy":"product_cat","embeddable":true,"href":"https:\/\/www.dealexpert.eu\/de\/wp-json\/wp\/v2\/product_cat?post=312"},{"taxonomy":"product_tag","embeddable":true,"href":"https:\/\/www.dealexpert.eu\/de\/wp-json\/wp\/v2\/product_tag?post=312"}],"curies":[{"name":"wp","href":"https:\/\/api.w.org\/{rel}","templated":true}]}}