{"id":309,"date":"2025-07-23T22:04:27","date_gmt":"2025-07-23T22:04:27","guid":{"rendered":"https:\/\/www.dealexpert.eu\/?post_type=product&#038;p=309"},"modified":"2025-07-24T15:04:57","modified_gmt":"2025-07-24T15:04:57","slug":"moskauer-band","status":"publish","type":"product","link":"https:\/\/www.dealexpert.eu\/de\/p\/moskauer-band\/","title":{"rendered":"MoskiX Band"},"content":{"rendered":"<div class=\"kk-star-ratings kksr-auto kksr-align-left kksr-valign-top\"\n    data-payload='{&quot;align&quot;:&quot;left&quot;,&quot;id&quot;:&quot;309&quot;,&quot;slug&quot;:&quot;default&quot;,&quot;valign&quot;:&quot;top&quot;,&quot;ignore&quot;:&quot;&quot;,&quot;reference&quot;:&quot;auto&quot;,&quot;class&quot;:&quot;&quot;,&quot;count&quot;:&quot;0&quot;,&quot;legendonly&quot;:&quot;&quot;,&quot;readonly&quot;:&quot;&quot;,&quot;score&quot;:&quot;0&quot;,&quot;starsonly&quot;:&quot;&quot;,&quot;best&quot;:&quot;5&quot;,&quot;gap&quot;:&quot;5&quot;,&quot;greet&quot;:&quot;Rate this product&quot;,&quot;legend&quot;:&quot;0\\\/5 - (0 votes)&quot;,&quot;size&quot;:&quot;24&quot;,&quot;title&quot;:&quot;MoskiX Band&quot;,&quot;width&quot;:&quot;0&quot;,&quot;_legend&quot;:&quot;{score}\\\/{best} - ({count} {votes})&quot;,&quot;font_factor&quot;:&quot;1.25&quot;}'>\n            \n<div class=\"kksr-stars\">\n    \n<div class=\"kksr-stars-inactive\">\n            <div class=\"kksr-star\" data-star=\"1\" style=\"padding-right: 5px\">\n            \n\n<div class=\"kksr-icon\" style=\"width: 24px; height: 24px;\"><\/div>\n        <\/div>\n            <div class=\"kksr-star\" data-star=\"2\" style=\"padding-right: 5px\">\n            \n\n<div class=\"kksr-icon\" style=\"width: 24px; height: 24px;\"><\/div>\n        <\/div>\n            <div class=\"kksr-star\" data-star=\"3\" style=\"padding-right: 5px\">\n            \n\n<div class=\"kksr-icon\" style=\"width: 24px; height: 24px;\"><\/div>\n        <\/div>\n            <div class=\"kksr-star\" data-star=\"4\" style=\"padding-right: 5px\">\n            \n\n<div class=\"kksr-icon\" style=\"width: 24px; height: 24px;\"><\/div>\n        <\/div>\n            <div class=\"kksr-star\" data-star=\"5\" style=\"padding-right: 5px\">\n            \n\n<div class=\"kksr-icon\" style=\"width: 24px; height: 24px;\"><\/div>\n        <\/div>\n    <\/div>\n    \n<div class=\"kksr-stars-active\" style=\"width: 0px;\">\n            <div class=\"kksr-star\" style=\"padding-right: 5px\">\n            \n\n<div class=\"kksr-icon\" style=\"width: 24px; height: 24px;\"><\/div>\n        <\/div>\n            <div class=\"kksr-star\" style=\"padding-right: 5px\">\n            \n\n<div class=\"kksr-icon\" style=\"width: 24px; height: 24px;\"><\/div>\n        <\/div>\n            <div class=\"kksr-star\" style=\"padding-right: 5px\">\n            \n\n<div class=\"kksr-icon\" style=\"width: 24px; height: 24px;\"><\/div>\n        <\/div>\n            <div class=\"kksr-star\" style=\"padding-right: 5px\">\n            \n\n<div class=\"kksr-icon\" style=\"width: 24px; height: 24px;\"><\/div>\n        <\/div>\n            <div class=\"kksr-star\" style=\"padding-right: 5px\">\n            \n\n<div class=\"kksr-icon\" style=\"width: 24px; height: 24px;\"><\/div>\n        <\/div>\n    <\/div>\n<\/div>\n                \n\n<div class=\"kksr-legend\" style=\"font-size: 19.2px;\">\n            <span class=\"kksr-muted\">Bewerten Sie dieses Produkt<\/span>\n    <\/div>\n    <\/div>\n<div style=\"width: 720px;\" class=\"wp-video\"><video class=\"wp-video-shortcode\" id=\"video-309-1\" width=\"720\" height=\"720\" preload=\"metadata\" controls=\"controls\"><source type=\"video\/mp4\" src=\"https:\/\/www.dealexpert.eu\/wp-content\/uploads\/2025\/07\/moskix-bank-square.mp4?_=1\" \/><a href=\"https:\/\/www.dealexpert.eu\/wp-content\/uploads\/2025\/07\/moskix-bank-square.mp4\">https:\/\/www.dealexpert.eu\/wp-content\/uploads\/2025\/07\/moskix-bank-square.mp4<\/a><\/video><\/div>\n<div id=\"ez-toc-container\" class=\"ez-toc-v2_0_81 counter-hierarchy ez-toc-counter ez-toc-grey ez-toc-container-direction\">\n<div class=\"ez-toc-title-container\">\n<p class=\"ez-toc-title\" style=\"cursor:inherit\">Zusammenfassung<\/p>\n<span class=\"ez-toc-title-toggle\"><a href=\"#\" class=\"ez-toc-pull-right ez-toc-btn ez-toc-btn-xs ez-toc-btn-default ez-toc-toggle\" aria-label=\"Toggle Table of Content\"><span class=\"ez-toc-js-icon-con\"><span class=\"\"><span class=\"eztoc-hide\" style=\"display:none;\">Umschalten auf<\/span><span class=\"ez-toc-icon-toggle-span\"><svg style=\"fill: #999;color:#999\" xmlns=\"http:\/\/www.w3.org\/2000\/svg\" class=\"list-377408\" width=\"20px\" height=\"20px\" viewbox=\"0 0 24 24\" fill=\"none\"><path d=\"M6 6H4v2h2V6zm14 0H8v2h12V6zM4 11h2v2H4v-2zm16 0H8v2h12v-2zM4 16h2v2H4v-2zm16 0H8v2h12v-2z\" fill=\"currentColor\"><\/path><\/svg><svg style=\"fill: #999;color:#999\" class=\"arrow-unsorted-368013\" xmlns=\"http:\/\/www.w3.org\/2000\/svg\" width=\"10px\" height=\"10px\" viewbox=\"0 0 24 24\" version=\"1.2\" baseprofile=\"tiny\"><path d=\"M18.2 9.3l-6.2-6.3-6.2 6.3c-.2.2-.3.4-.3.7s.1.5.3.7c.2.2.4.3.7.3h11c.3 0 .5-.1.7-.3.2-.2.3-.5.3-.7s-.1-.5-.3-.7zM5.8 14.7l6.2 6.3 6.2-6.3c.2-.2.3-.5.3-.7s-.1-.5-.3-.7c-.2-.2-.4-.3-.7-.3h-11c-.3 0-.5.1-.7.3-.2.2-.3.5-.3.7s.1.5.3.7z\"\/><\/svg><\/span><\/span><\/span><\/a><\/span><\/div>\n<nav><ul class='ez-toc-list ez-toc-list-level-1 eztoc-toggle-hide-by-default' ><li class='ez-toc-page-1 ez-toc-heading-level-2'><a class=\"ez-toc-link ez-toc-heading-1\" href=\"https:\/\/www.dealexpert.eu\/de\/p\/moskauer-band\/#What_is_the_MoskiX_Band\" >Was ist das MoskiX Band?<\/a><\/li><li class='ez-toc-page-1 ez-toc-heading-level-2'><a class=\"ez-toc-link ez-toc-heading-2\" href=\"https:\/\/www.dealexpert.eu\/de\/p\/moskauer-band\/#How_Does_the_MoskiX_Band_Work\" >Wie funktioniert das MoskiX Band?<\/a><\/li><li class='ez-toc-page-1 ez-toc-heading-level-2'><a class=\"ez-toc-link ez-toc-heading-3\" href=\"https:\/\/www.dealexpert.eu\/de\/p\/moskauer-band\/#Key_Features_of_the_MoskiX_Band\" >Hauptmerkmale des MoskiX Bandes<\/a><\/li><li class='ez-toc-page-1 ez-toc-heading-level-2'><a class=\"ez-toc-link ez-toc-heading-4\" href=\"https:\/\/www.dealexpert.eu\/de\/p\/moskauer-band\/#Benefits_of_Using_the_MoskiX_Band\" >Vorteile der Verwendung des MoskiX Bandes<\/a><\/li><li class='ez-toc-page-1 ez-toc-heading-level-2'><a class=\"ez-toc-link ez-toc-heading-5\" href=\"https:\/\/www.dealexpert.eu\/de\/p\/moskauer-band\/#How_to_Use_the_MoskiX_Band\" >Verwendung des MoskiX Bandes<\/a><\/li><li class='ez-toc-page-1 ez-toc-heading-level-2'><a class=\"ez-toc-link ez-toc-heading-6\" href=\"https:\/\/www.dealexpert.eu\/de\/p\/moskauer-band\/#What_Do_Customers_Think\" >Was denken die Kunden?<\/a><\/li><li class='ez-toc-page-1 ez-toc-heading-level-2'><a class=\"ez-toc-link ez-toc-heading-7\" href=\"https:\/\/www.dealexpert.eu\/de\/p\/moskauer-band\/#Pricing_Information\" >Informationen zur Preisgestaltung<\/a><\/li><li class='ez-toc-page-1 ez-toc-heading-level-2'><a class=\"ez-toc-link ez-toc-heading-8\" href=\"https:\/\/www.dealexpert.eu\/de\/p\/moskauer-band\/#Why_Choose_the_MoskiX_Band\" >Warum das MoskiX Band?<\/a><\/li><\/ul><\/nav><\/div>\n<h2><span class=\"ez-toc-section\" id=\"What_is_the_MoskiX_Band\"><\/span>Was ist das MoskiX Band?<span class=\"ez-toc-section-end\"><\/span><\/h2>\n<p>Das MoskiX Band ist ein leichtes, strapazierf\u00e4higes Armband, das einen wirksamen Schutz vor M\u00fccken bietet. Egal, ob Sie wandern, zelten oder ein Picknick genie\u00dfen, dieses innovative Band wird Ihnen helfen, stichfrei zu bleiben. Es besteht aus nat\u00fcrlichen Inhaltsstoffen und bietet eine umweltfreundliche L\u00f6sung f\u00fcr alle, die chemische M\u00fcckenschutzmittel vermeiden m\u00f6chten. Ich pers\u00f6nlich finde, dass es ein einfach zu verwendendes, unkompliziertes Produkt ist, mit dem ich meine Outdoor-Aktivit\u00e4ten in vollen Z\u00fcgen genie\u00dfen kann, ohne mir Gedanken \u00fcber M\u00fcckenstiche machen zu m\u00fcssen.<\/p>\n<h2><span class=\"ez-toc-section\" id=\"How_Does_the_MoskiX_Band_Work\"><\/span>Wie funktioniert das MoskiX Band?<span class=\"ez-toc-section-end\"><\/span><\/h2>\n<p>Das MoskiX Band arbeitet mit einer patentierten Technologie, die langsam einen nat\u00fcrlichen Duft freisetzt, um M\u00fccken fernzuhalten. Diese Technologie ist hochwirksam und bietet einen kontinuierlichen Schutz f\u00fcr bis zu 30 Tage, je nach Verwendung. Das Beste daran ist, dass diese Methode sowohl f\u00fcr Ihre Haut als auch f\u00fcr die Umwelt sicher ist. Das Band kommt ohne sch\u00e4dliche Chemikalien aus, so dass Sie es bedenkenlos in der N\u00e4he von Kindern und Haustieren verwenden k\u00f6nnen. Ich finde es unglaublich beruhigend zu wissen, dass es ungiftig und umweltfreundlich ist.<\/p>\n<h2><span class=\"ez-toc-section\" id=\"Key_Features_of_the_MoskiX_Band\"><\/span>Hauptmerkmale des MoskiX Bandes<span class=\"ez-toc-section-end\"><\/span><\/h2>\n<ul>\n<li>Nat\u00fcrlicher, chemiefreier M\u00fcckenschutz<\/li>\n<li>Wasserfest und langlebig, perfekt f\u00fcr Outdoor-Abenteuer<\/li>\n<li>Bequem zu tragen den ganzen Tag lang<\/li>\n<li>Ungiftig, sicher f\u00fcr alle Altersgruppen<\/li>\n<li>Praktisch und tragbar f\u00fcr den Schutz unterwegs<\/li>\n<\/ul>\n<h2><span class=\"ez-toc-section\" id=\"Benefits_of_Using_the_MoskiX_Band\"><\/span>Vorteile der Verwendung des MoskiX Bandes<span class=\"ez-toc-section-end\"><\/span><\/h2>\n<p>Das MoskiX Band bietet eine Reihe von Vorteilen, die es zu einer gro\u00dfartigen Erg\u00e4nzung der Ausr\u00fcstung eines jeden Outdoor-Fans machen. Hier sind nur einige davon:<\/p>\n<ul>\n<li>Schutz vor Stechm\u00fccken ohne l\u00e4stige Sprays<\/li>\n<li>Langer Tragekomfort - ein Band kann bis zu mehreren Tagen halten<\/li>\n<li>Sicher f\u00fcr Kinder, Haustiere und die Umwelt<\/li>\n<li>Bequem und tragbar, so dass Sie es \u00fcberallhin mitnehmen k\u00f6nnen<\/li>\n<\/ul>\n<p>Meiner Erfahrung nach haben diese Vorteile meine Outdoor-Aktivit\u00e4ten wirklich verbessert. Ich muss keine sperrigen Sprays mehr mit mir herumtragen oder mich st\u00e4ndig neu eincremen. Das Band bleibt bei mir und bietet den ganzen Tag \u00fcber kontinuierlichen Schutz.<\/p>\n<h2><span class=\"ez-toc-section\" id=\"How_to_Use_the_MoskiX_Band\"><\/span>Verwendung des MoskiX Bandes<span class=\"ez-toc-section-end\"><\/span><\/h2>\n<p>Die Verwendung des MoskiX Bandes ist einfach. Tragen Sie es einfach um Ihr Handgelenk, und lassen Sie das Band die Arbeit machen. Es ist verstellbar und eignet sich f\u00fcr verschiedene Handgelenksgr\u00f6\u00dfen, so dass es f\u00fcr jeden bequem ist. Ein einziges Band bietet bis zu 30 Tage lang Schutz. Ich habe es bei verschiedenen Outdoor-Aktivit\u00e4ten verwendet, und es war jedes Mal ein reibungsloses Erlebnis.<\/p>\n<h2><span class=\"ez-toc-section\" id=\"What_Do_Customers_Think\"><\/span>Was denken die Kunden?<span class=\"ez-toc-section-end\"><\/span><\/h2>\n<p>Die Kunden sind sehr zufrieden mit dem MoskiX Band. Hier ist, was sie sagen:<\/p>\n<ul>\n<li><i>\"Es ist ein echter Knaller f\u00fcr Outdoor-Aktivit\u00e4ten. Ich habe es beim Wandern benutzt und nicht einen einzigen Biss abbekommen!\"<\/i> - John D.<\/li>\n<li><i>\"Ich liebe es, dass es frei von Chemikalien ist. Ich f\u00fchle mich sicherer, wenn ich es in der N\u00e4he meiner Kinder und Haustiere verwende.\"<\/i> - Sarah M.<\/li>\n<li><i>\"Einfach zu benutzen und funktioniert gro\u00dfartig. Ich gehe nie ohne ihn aus dem Haus!\"<\/i> - Laura B.<\/li>\n<\/ul>\n<p>Das Feedback ist \u00fcberw\u00e4ltigend positiv. Es ist offensichtlich, dass das MoskiX Band nicht nur effektiv ist, sondern auch ein Favorit f\u00fcr diejenigen, die eine einfache, sichere und nat\u00fcrliche L\u00f6sung f\u00fcr den M\u00fcckenschutz suchen.<\/p>\n<h2><span class=\"ez-toc-section\" id=\"Pricing_Information\"><\/span>Informationen zur Preisgestaltung<span class=\"ez-toc-section-end\"><\/span><\/h2>\n<p>Das MoskiX Band ist preislich erschwinglich, so dass es f\u00fcr die meisten Outdoor-Fans erschwinglich ist. Die aktuellen Preise k\u00f6nnen Sie auf der offiziellen Produktseite einsehen. Ich pers\u00f6nlich denke, dass es ein gutes Preis-Leistungs-Verh\u00e4ltnis bietet, wenn man seine Effektivit\u00e4t und lang anhaltende Leistung bedenkt.<\/p>\n<h2><span class=\"ez-toc-section\" id=\"Why_Choose_the_MoskiX_Band\"><\/span>Warum das MoskiX Band?<span class=\"ez-toc-section-end\"><\/span><\/h2>\n<p>Wenn Sie sich gerne im Freien aufhalten, aber die Unannehmlichkeiten von M\u00fcckenstichen vermeiden m\u00f6chten, ist das MoskiX Band ein absolutes Muss. Seine chemikalienfreie Formel, die einfache Anwendung und der lang anhaltende Schutz machen es zu einem herausragenden Produkt in der Welt der Insektenschutzmittel. Mit all den Vorteilen, die es bietet, ist es ein Produkt, das ich jedem, der gerne Zeit im Freien verbringt, von ganzem Herzen empfehlen kann.<\/p>\n<p>Lassen Sie sich Ihre Outdoor-Abenteuer nicht von M\u00fccken verderben. Holen Sie sich noch heute Ihr MoskiX Band, und genie\u00dfen Sie die Natur ohne Stiche!<\/p>","protected":false},"excerpt":{"rendered":"<li>Nat\u00fcrlicher, chemiefreier M\u00fcckenschutz<\/li>\n<li>Wasserbest\u00e4ndig und langlebig<\/li>\n<li>Bequem am Handgelenk zu tragen<\/li>\n<li>Perfekt f\u00fcr Outdoor-Aktivit\u00e4ten wie Wandern, Camping und Reisen<\/li>\n<li>Ungiftig und sicher f\u00fcr alle Altersgruppen<\/li>","protected":false},"featured_media":1274,"template":"","meta":{"_lmt_disableupdate":"","_lmt_disable":"","_kadence_starter_templates_imported_post":false,"_kad_post_transparent":"default","_kad_post_title":"","_kad_post_layout":"default","_kad_post_sidebar_id":"","_kad_post_content_style":"default","_kad_post_vertical_padding":"default","_kad_post_feature":"","_kad_post_feature_position":"","_kad_post_header":false,"_kad_post_footer":false,"_kad_post_classname":""},"product_brand":[],"product_cat":[16],"product_tag":[],"class_list":{"0":"post-309","1":"product","2":"type-product","3":"status-publish","4":"has-post-thumbnail","6":"product_cat-technology","8":"first","9":"instock","10":"shipping-taxable","11":"product-type-external","12":"entry","13":"content-bg","14":"loop-entry"},"_links":{"self":[{"href":"https:\/\/www.dealexpert.eu\/de\/wp-json\/wp\/v2\/product\/309","targetHints":{"allow":["GET"]}}],"collection":[{"href":"https:\/\/www.dealexpert.eu\/de\/wp-json\/wp\/v2\/product"}],"about":[{"href":"https:\/\/www.dealexpert.eu\/de\/wp-json\/wp\/v2\/types\/product"}],"wp:featuredmedia":[{"embeddable":true,"href":"https:\/\/www.dealexpert.eu\/de\/wp-json\/wp\/v2\/media\/1274"}],"wp:attachment":[{"href":"https:\/\/www.dealexpert.eu\/de\/wp-json\/wp\/v2\/media?parent=309"}],"wp:term":[{"taxonomy":"product_brand","embeddable":true,"href":"https:\/\/www.dealexpert.eu\/de\/wp-json\/wp\/v2\/product_brand?post=309"},{"taxonomy":"product_cat","embeddable":true,"href":"https:\/\/www.dealexpert.eu\/de\/wp-json\/wp\/v2\/product_cat?post=309"},{"taxonomy":"product_tag","embeddable":true,"href":"https:\/\/www.dealexpert.eu\/de\/wp-json\/wp\/v2\/product_tag?post=309"}],"curies":[{"name":"wp","href":"https:\/\/api.w.org\/{rel}","templated":true}]}}