{"id":304,"date":"2025-07-23T21:38:47","date_gmt":"2025-07-23T21:38:47","guid":{"rendered":"https:\/\/www.dealexpert.eu\/?post_type=product&#038;p=304"},"modified":"2025-07-24T15:13:47","modified_gmt":"2025-07-24T15:13:47","slug":"memorysafex-2","status":"publish","type":"product","link":"https:\/\/www.dealexpert.eu\/de\/p\/memorysafex-2\/","title":{"rendered":"MemorySafeX"},"content":{"rendered":"<div class=\"kk-star-ratings kksr-auto kksr-align-left kksr-valign-top\"\n    data-payload='{&quot;align&quot;:&quot;left&quot;,&quot;id&quot;:&quot;304&quot;,&quot;slug&quot;:&quot;default&quot;,&quot;valign&quot;:&quot;top&quot;,&quot;ignore&quot;:&quot;&quot;,&quot;reference&quot;:&quot;auto&quot;,&quot;class&quot;:&quot;&quot;,&quot;count&quot;:&quot;0&quot;,&quot;legendonly&quot;:&quot;&quot;,&quot;readonly&quot;:&quot;&quot;,&quot;score&quot;:&quot;0&quot;,&quot;starsonly&quot;:&quot;&quot;,&quot;best&quot;:&quot;5&quot;,&quot;gap&quot;:&quot;5&quot;,&quot;greet&quot;:&quot;Rate this product&quot;,&quot;legend&quot;:&quot;0\\\/5 - (0 votes)&quot;,&quot;size&quot;:&quot;24&quot;,&quot;title&quot;:&quot;MemorySafeX&quot;,&quot;width&quot;:&quot;0&quot;,&quot;_legend&quot;:&quot;{score}\\\/{best} - ({count} {votes})&quot;,&quot;font_factor&quot;:&quot;1.25&quot;}'>\n            \n<div class=\"kksr-stars\">\n    \n<div class=\"kksr-stars-inactive\">\n            <div class=\"kksr-star\" data-star=\"1\" style=\"padding-right: 5px\">\n            \n\n<div class=\"kksr-icon\" style=\"width: 24px; height: 24px;\"><\/div>\n        <\/div>\n            <div class=\"kksr-star\" data-star=\"2\" style=\"padding-right: 5px\">\n            \n\n<div class=\"kksr-icon\" style=\"width: 24px; height: 24px;\"><\/div>\n        <\/div>\n            <div class=\"kksr-star\" data-star=\"3\" style=\"padding-right: 5px\">\n            \n\n<div class=\"kksr-icon\" style=\"width: 24px; height: 24px;\"><\/div>\n        <\/div>\n            <div class=\"kksr-star\" data-star=\"4\" style=\"padding-right: 5px\">\n            \n\n<div class=\"kksr-icon\" style=\"width: 24px; height: 24px;\"><\/div>\n        <\/div>\n            <div class=\"kksr-star\" data-star=\"5\" style=\"padding-right: 5px\">\n            \n\n<div class=\"kksr-icon\" style=\"width: 24px; height: 24px;\"><\/div>\n        <\/div>\n    <\/div>\n    \n<div class=\"kksr-stars-active\" style=\"width: 0px;\">\n            <div class=\"kksr-star\" style=\"padding-right: 5px\">\n            \n\n<div class=\"kksr-icon\" style=\"width: 24px; height: 24px;\"><\/div>\n        <\/div>\n            <div class=\"kksr-star\" style=\"padding-right: 5px\">\n            \n\n<div class=\"kksr-icon\" style=\"width: 24px; height: 24px;\"><\/div>\n        <\/div>\n            <div class=\"kksr-star\" style=\"padding-right: 5px\">\n            \n\n<div class=\"kksr-icon\" style=\"width: 24px; height: 24px;\"><\/div>\n        <\/div>\n            <div class=\"kksr-star\" style=\"padding-right: 5px\">\n            \n\n<div class=\"kksr-icon\" style=\"width: 24px; height: 24px;\"><\/div>\n        <\/div>\n            <div class=\"kksr-star\" style=\"padding-right: 5px\">\n            \n\n<div class=\"kksr-icon\" style=\"width: 24px; height: 24px;\"><\/div>\n        <\/div>\n    <\/div>\n<\/div>\n                \n\n<div class=\"kksr-legend\" style=\"font-size: 19.2px;\">\n            <span class=\"kksr-muted\">Bewerten Sie dieses Produkt<\/span>\n    <\/div>\n    <\/div>\n<div id=\"ez-toc-container\" class=\"ez-toc-v2_0_81 counter-hierarchy ez-toc-counter ez-toc-grey ez-toc-container-direction\">\n<div class=\"ez-toc-title-container\">\n<p class=\"ez-toc-title\" style=\"cursor:inherit\">Zusammenfassung<\/p>\n<span class=\"ez-toc-title-toggle\"><a href=\"#\" class=\"ez-toc-pull-right ez-toc-btn ez-toc-btn-xs ez-toc-btn-default ez-toc-toggle\" aria-label=\"Toggle Table of Content\"><span class=\"ez-toc-js-icon-con\"><span class=\"\"><span class=\"eztoc-hide\" style=\"display:none;\">Umschalten auf<\/span><span class=\"ez-toc-icon-toggle-span\"><svg style=\"fill: #999;color:#999\" xmlns=\"http:\/\/www.w3.org\/2000\/svg\" class=\"list-377408\" width=\"20px\" height=\"20px\" viewbox=\"0 0 24 24\" fill=\"none\"><path d=\"M6 6H4v2h2V6zm14 0H8v2h12V6zM4 11h2v2H4v-2zm16 0H8v2h12v-2zM4 16h2v2H4v-2zm16 0H8v2h12v-2z\" fill=\"currentColor\"><\/path><\/svg><svg style=\"fill: #999;color:#999\" class=\"arrow-unsorted-368013\" xmlns=\"http:\/\/www.w3.org\/2000\/svg\" width=\"10px\" height=\"10px\" viewbox=\"0 0 24 24\" version=\"1.2\" baseprofile=\"tiny\"><path d=\"M18.2 9.3l-6.2-6.3-6.2 6.3c-.2.2-.3.4-.3.7s.1.5.3.7c.2.2.4.3.7.3h11c.3 0 .5-.1.7-.3.2-.2.3-.5.3-.7s-.1-.5-.3-.7zM5.8 14.7l6.2 6.3 6.2-6.3c.2-.2.3-.5.3-.7s-.1-.5-.3-.7c-.2-.2-.4-.3-.7-.3h-11c-.3 0-.5.1-.7.3-.2.2-.3.5-.3.7s.1.5.3.7z\"\/><\/svg><\/span><\/span><\/span><\/a><\/span><\/div>\n<nav><ul class='ez-toc-list ez-toc-list-level-1 eztoc-toggle-hide-by-default' ><li class='ez-toc-page-1 ez-toc-heading-level-2'><a class=\"ez-toc-link ez-toc-heading-1\" href=\"https:\/\/www.dealexpert.eu\/de\/p\/memorysafex-2\/#Key_benefits_of_MemorySafeX\" >Die wichtigsten Vorteile von MemorySafeX<\/a><ul class='ez-toc-list-level-3' ><li class='ez-toc-heading-level-3'><a class=\"ez-toc-link ez-toc-heading-2\" href=\"https:\/\/www.dealexpert.eu\/de\/p\/memorysafex-2\/#Improved_short_and_long-term_memory_retention\" >Verbessertes Kurz- und Langzeitged\u00e4chtnis<\/a><\/li><li class='ez-toc-page-1 ez-toc-heading-level-3'><a class=\"ez-toc-link ez-toc-heading-3\" href=\"https:\/\/www.dealexpert.eu\/de\/p\/memorysafex-2\/#Boosted_mental_clarity_and_focus\" >Verbesserte geistige Klarheit und Konzentration<\/a><\/li><li class='ez-toc-page-1 ez-toc-heading-level-3'><a class=\"ez-toc-link ez-toc-heading-4\" href=\"https:\/\/www.dealexpert.eu\/de\/p\/memorysafex-2\/#Enhanced_brain_function_and_cognitive_performance\" >Verbesserte Gehirnfunktion und kognitive Leistung<\/a><\/li><li class='ez-toc-page-1 ez-toc-heading-level-3'><a class=\"ez-toc-link ez-toc-heading-5\" href=\"https:\/\/www.dealexpert.eu\/de\/p\/memorysafex-2\/#Reduced_mental_fatigue_and_stress\" >Verringerung von geistiger Erm\u00fcdung und Stress<\/a><\/li><li class='ez-toc-page-1 ez-toc-heading-level-3'><a class=\"ez-toc-link ez-toc-heading-6\" href=\"https:\/\/www.dealexpert.eu\/de\/p\/memorysafex-2\/#Supports_brain_health_and_longevity\" >Unterst\u00fctzt die Gesundheit und Langlebigkeit des Gehirns<\/a><\/li><\/ul><\/li><li class='ez-toc-page-1 ez-toc-heading-level-2'><a class=\"ez-toc-link ez-toc-heading-7\" href=\"https:\/\/www.dealexpert.eu\/de\/p\/memorysafex-2\/#How_does_MemorySafeX_work\" >Wie funktioniert MemorySafeX?<\/a><\/li><li class='ez-toc-page-1 ez-toc-heading-level-2'><a class=\"ez-toc-link ez-toc-heading-8\" href=\"https:\/\/www.dealexpert.eu\/de\/p\/memorysafex-2\/#Ingredients_in_MemorySafeX\" >Inhaltsstoffe von MemorySafeX<\/a><\/li><li class='ez-toc-page-1 ez-toc-heading-level-2'><a class=\"ez-toc-link ez-toc-heading-9\" href=\"https:\/\/www.dealexpert.eu\/de\/p\/memorysafex-2\/#Why_choose_MemorySafeX\" >Warum MemorySafeX w\u00e4hlen?<\/a><\/li><li class='ez-toc-page-1 ez-toc-heading-level-2'><a class=\"ez-toc-link ez-toc-heading-10\" href=\"https:\/\/www.dealexpert.eu\/de\/p\/memorysafex-2\/#How_to_use_MemorySafeX\" >Wie wird MemorySafeX verwendet?<\/a><\/li><li class='ez-toc-page-1 ez-toc-heading-level-2'><a class=\"ez-toc-link ez-toc-heading-11\" href=\"https:\/\/www.dealexpert.eu\/de\/p\/memorysafex-2\/#Where_to_buy_MemorySafeX\" >Wo kann man MemorySafeX kaufen?<\/a><\/li><li class='ez-toc-page-1 ez-toc-heading-level-2'><a class=\"ez-toc-link ez-toc-heading-12\" href=\"https:\/\/www.dealexpert.eu\/de\/p\/memorysafex-2\/#Customer_reviews\" >Kundenrezensionen<\/a><\/li><li class='ez-toc-page-1 ez-toc-heading-level-2'><a class=\"ez-toc-link ez-toc-heading-13\" href=\"https:\/\/www.dealexpert.eu\/de\/p\/memorysafex-2\/#Is_MemorySafeX_right_for_you\" >Ist MemorySafeX das Richtige f\u00fcr Sie?<\/a><\/li><\/ul><\/nav><\/div>\n<h2><span class=\"ez-toc-section\" id=\"Key_benefits_of_MemorySafeX\"><\/span>Die wichtigsten Vorteile von MemorySafeX<span class=\"ez-toc-section-end\"><\/span><\/h2>\n<p>MemorySafeX bietet denjenigen, die eine bessere kognitive Funktion anstreben, eine Vielzahl von Vorteilen. Wenn ich mir dieses Nahrungserg\u00e4nzungsmittel ansehe, kann ich nicht anders, als zu sch\u00e4tzen, wie es die Ged\u00e4chtnisleistung unterst\u00fctzt, sowohl kurz- als auch langfristig. Es hilft nicht nur dem Ged\u00e4chtnis, sondern verbessert auch die geistige Klarheit und f\u00f6rdert die Konzentration. Wenn Sie sich geistig ersch\u00f6pft oder gestresst f\u00fchlen, wurde MemorySafeX entwickelt, um diese Probleme zu verringern und die allgemeine Gesundheit des Gehirns zu unterst\u00fctzen. Ich finde das besonders beruhigend, da ich immer \u00e4lter werde und nach M\u00f6glichkeiten suche, meine kognitive Leistungsf\u00e4higkeit zu erhalten.<\/p>\n<h3><span class=\"ez-toc-section\" id=\"Improved_short_and_long-term_memory_retention\"><\/span>Verbessertes Kurz- und Langzeitged\u00e4chtnis<span class=\"ez-toc-section-end\"><\/span><\/h3>\n<p>Bei regelm\u00e4\u00dfiger Einnahme habe ich eine deutliche Verbesserung meiner F\u00e4higkeit festgestellt, mich schneller an Informationen zu erinnern, ganz gleich, ob es sich um etwas handelt, das ich gerade gelernt habe, oder um ein Detail von vor Jahren. MemorySafeX verbessert das Erinnerungsverm\u00f6gen, indem es die Kommunikation zwischen den Gehirnzellen verbessert und daf\u00fcr sorgt, dass man die wichtigen Dinge des Lebens nicht vergisst.<\/p>\n<h3><span class=\"ez-toc-section\" id=\"Boosted_mental_clarity_and_focus\"><\/span>Verbesserte geistige Klarheit und Konzentration<span class=\"ez-toc-section-end\"><\/span><\/h3>\n<p>Wenn es Ihnen oft schwerf\u00e4llt, sich zu konzentrieren, wird es Sie freuen zu h\u00f6ren, dass MemorySafeX hilft, den geistigen Nebel zu beseitigen. Es hilft, den Fokus zu sch\u00e4rfen, was f\u00fcr jemanden wie mich bei der Bew\u00e4ltigung allt\u00e4glicher Aufgaben oder komplexer Probleme bei der Arbeit ein absoluter Wendepunkt ist.<\/p>\n<h3><span class=\"ez-toc-section\" id=\"Enhanced_brain_function_and_cognitive_performance\"><\/span>Verbesserte Gehirnfunktion und kognitive Leistung<span class=\"ez-toc-section-end\"><\/span><\/h3>\n<p>MemorySafeX unterst\u00fctzt die Gehirnfunktion auf einer tieferen Ebene. Mit zunehmendem Alter kann es sich manchmal so anf\u00fchlen, als w\u00fcrde Ihr Gehirn nicht mehr auf allen Zylindern arbeiten. Dieses Nahrungserg\u00e4nzungsmittel hilft, Ihre kognitiven Funktionen in Topform zu halten, so dass Sie Aufgaben mit Leichtigkeit erledigen und sogar bei geistig anspruchsvollen Aktivit\u00e4ten brillieren k\u00f6nnen.<\/p>\n<h3><span class=\"ez-toc-section\" id=\"Reduced_mental_fatigue_and_stress\"><\/span>Verringerung von geistiger Erm\u00fcdung und Stress<span class=\"ez-toc-section-end\"><\/span><\/h3>\n<p>Geistige Ersch\u00f6pfung ist etwas, mit dem ich zu k\u00e4mpfen habe, vor allem in Momenten hohen Drucks. Gl\u00fccklicherweise hat MemorySafeX bewiesen, dass es diesen Stress mildert und mein allgemeines geistiges Wohlbefinden steigert. Es ist wie ein nat\u00fcrlicher Energieschub f\u00fcr das Gehirn, der mich sch\u00e4rfer und konzentrierter durch den Tag bringt.<\/p>\n<h3><span class=\"ez-toc-section\" id=\"Supports_brain_health_and_longevity\"><\/span>Unterst\u00fctzt die Gesundheit und Langlebigkeit des Gehirns<span class=\"ez-toc-section-end\"><\/span><\/h3>\n<p>Im Laufe der Zeit unterliegt das Gehirn nat\u00fcrlichen Ver\u00e4nderungen, die seine Funktionsf\u00e4higkeit beeintr\u00e4chtigen k\u00f6nnen. Die Einnahme von MemorySafeX gibt mir die Gewissheit, dass ich proaktiv Ma\u00dfnahmen ergreife, um die Gesundheit meines Gehirns langfristig aufrechtzuerhalten und sicherzustellen, dass ich noch viele Jahre lang meine beste Leistung erbringen kann.<\/p>\n<h2><span class=\"ez-toc-section\" id=\"How_does_MemorySafeX_work\"><\/span>Wie funktioniert MemorySafeX?<span class=\"ez-toc-section-end\"><\/span><\/h2>\n<p>MemorySafeX wirkt, indem es die Kommunikation zwischen den Neuronen Ihres Gehirns verbessert. Indem es auf diese neuronalen Bahnen abzielt, st\u00e4rkt es deren F\u00e4higkeit, Signale effektiver zu \u00fcbertragen. Dies f\u00fchrt zu einer verbesserten Ged\u00e4chtnisleistung, Konzentration und allgemeinen kognitiven Leistung. Die Inhaltsstoffe wirken synergetisch, um die Durchblutung des Gehirns zu optimieren und sicherzustellen, dass es gesund bleibt und in der Lage ist, langfristige kognitive Funktionen zu unterst\u00fctzen.<\/p>\n<h2><span class=\"ez-toc-section\" id=\"Ingredients_in_MemorySafeX\"><\/span>Inhaltsstoffe von MemorySafeX<span class=\"ez-toc-section-end\"><\/span><\/h2>\n<p>Die Inhaltsstoffe von MemorySafeX sind eine sorgf\u00e4ltig ausgew\u00e4hlte Mischung, die jeweils unterschiedliche Vorteile f\u00fcr die Gesundheit des Gehirns bieten. Hier ist ein kurzer \u00dcberblick \u00fcber die Inhaltsstoffe:<\/p>\n<ul>\n<li><i><strong>Ginkgo Biloba:<\/strong><\/i> Dieser Inhaltsstoff ist f\u00fcr seine durchblutungsf\u00f6rdernde Wirkung bekannt und tr\u00e4gt dazu bei, die kognitiven Funktionen zu verbessern, indem er eine ausreichende Durchblutung des Gehirns gew\u00e4hrleistet.<\/li>\n<li><i><strong>Omega-3-Fetts\u00e4uren:<\/strong><\/i> Diese sind wichtig f\u00fcr die Gesundheit des Gehirns, die Verringerung von Entz\u00fcndungen und die F\u00f6rderung des allgemeinen geistigen Wohlbefindens.<\/li>\n<li><i><strong>Panax Ginseng:<\/strong><\/i> Dieses kraftvolle Kraut ist ber\u00fchmt f\u00fcr seine F\u00e4higkeit, geistige Klarheit, Konzentration und Fokussierung zu f\u00f6rdern.<\/li>\n<li><i><strong>Bacopa Monnieri:<\/strong><\/i> Es ist bekannt, dass es die Ged\u00e4chtnisleistung unterst\u00fctzt und besonders hilfreich ist, um \u00c4ngste abzubauen und die kognitiven Funktionen zu verbessern.<\/li>\n<li><i><strong>Phosphatidylserin:<\/strong><\/i> Diese Verbindung ist entscheidend f\u00fcr die Erhaltung gesunder Gehirnzellen und die F\u00f6rderung der kognitiven Funktion, insbesondere bei \u00e4lteren Erwachsenen.<\/li>\n<\/ul>\n<h2><span class=\"ez-toc-section\" id=\"Why_choose_MemorySafeX\"><\/span>Warum MemorySafeX w\u00e4hlen?<span class=\"ez-toc-section-end\"><\/span><\/h2>\n<p>Bei der Wahl eines Nahrungserg\u00e4nzungsmittels zur Steigerung der kognitiven Leistungsf\u00e4higkeit kommt es auf die Qualit\u00e4t der Inhaltsstoffe an. MemorySafeX hat mit seinem Engagement f\u00fcr die Verwendung von nat\u00fcrlichen, nicht gentechnisch ver\u00e4nderten und glutenfreien Inhaltsstoffen eine hohe Messlatte gesetzt. Als jemand, der Qualit\u00e4t sch\u00e4tzt, finde ich es beruhigend zu wissen, dass dieses Produkt sorgf\u00e4ltig f\u00fcr maximale Sicherheit und Wirksamkeit formuliert wurde.<\/p>\n<h2><span class=\"ez-toc-section\" id=\"How_to_use_MemorySafeX\"><\/span>Wie wird MemorySafeX verwendet?<span class=\"ez-toc-section-end\"><\/span><\/h2>\n<p>Um die besten Ergebnisse zu erzielen, empfehle ich die Einnahme einer Kapsel MemorySafeX pro Tag, vorzugsweise zu einer Mahlzeit. Diese Routine wird Ihnen helfen, Ihre kognitiven F\u00e4higkeiten best\u00e4ndig zu unterst\u00fctzen. Denken Sie daran, dass Nahrungserg\u00e4nzungsmittel am besten wirken, wenn sie konsequent eingenommen werden, also machen Sie sie zu einem Teil Ihres t\u00e4glichen Rituals, um den maximalen Nutzen f\u00fcr die Gesundheit Ihres Gehirns zu gew\u00e4hrleisten.<\/p>\n<h2><span class=\"ez-toc-section\" id=\"Where_to_buy_MemorySafeX\"><\/span>Wo kann man MemorySafeX kaufen?<span class=\"ez-toc-section-end\"><\/span><\/h2>\n<p>Sie k\u00f6nnen MemorySafeX ganz einfach \u00fcber die offizielle Website von Neotechix kaufen. Der Kauf direkt von der Quelle garantiert, dass Sie das authentische Produkt erhalten, und Sie k\u00f6nnen sogar von speziellen Rabatten oder Angeboten profitieren, die f\u00fcr Direktkunden verf\u00fcgbar sind.<\/p>\n<h2><span class=\"ez-toc-section\" id=\"Customer_reviews\"><\/span>Kundenrezensionen<span class=\"ez-toc-section-end\"><\/span><\/h2>\n<p>Nicht nur ich habe den Unterschied bemerkt. Viele Nutzer haben ihre positiven Erfahrungen geteilt und hervorgehoben, wie MemorySafeX ihnen geholfen hat, ihre Konzentration, geistige Klarheit und Ged\u00e4chtnisleistung zu verbessern. Die Lekt\u00fcre dieser Bewertungen hat mich darin best\u00e4rkt, dass dieses Produkt die Gesundheit des Gehirns wirklich wirksam unterst\u00fctzt.<\/p>\n<h2><span class=\"ez-toc-section\" id=\"Is_MemorySafeX_right_for_you\"><\/span>Ist MemorySafeX das Richtige f\u00fcr Sie?<span class=\"ez-toc-section-end\"><\/span><\/h2>\n<p>Wenn Sie mit Ged\u00e4chtnisproblemen oder geistiger M\u00fcdigkeit zu k\u00e4mpfen haben oder einfach nur Ihre kognitiven F\u00e4higkeiten verbessern m\u00f6chten, k\u00f6nnte MemorySafeX eine hervorragende Erg\u00e4nzung Ihrer t\u00e4glichen Routine sein. Nat\u00fcrlich ist es immer ratsam, vor der Einnahme eines neuen Nahrungserg\u00e4nzungsmittels einen Arzt zu konsultieren, um sicherzustellen, dass es f\u00fcr Ihre Bed\u00fcrfnisse geeignet ist.<\/p>","protected":false},"excerpt":{"rendered":"<li>Verbessert die Ged\u00e4chtnisleistung (kurz- und langfristig)<\/li>\n<li>F\u00f6rdert geistige Klarheit und Konzentration<\/li>\n<li>Unterst\u00fctzt die allgemeine Gesundheit des Gehirns und die Langlebigkeit<\/li>\n<li>Verringert geistige Erm\u00fcdung und Stress<\/li>\n<li>Formuliert mit nat\u00fcrlichen, wissenschaftlich untermauerten Inhaltsstoffen<\/li>","protected":false},"featured_media":1476,"template":"","meta":{"_lmt_disableupdate":"","_lmt_disable":"","_kadence_starter_templates_imported_post":false,"_kad_post_transparent":"default","_kad_post_title":"","_kad_post_layout":"default","_kad_post_sidebar_id":"","_kad_post_content_style":"default","_kad_post_vertical_padding":"default","_kad_post_feature":"","_kad_post_feature_position":"","_kad_post_header":false,"_kad_post_footer":false,"_kad_post_classname":""},"product_brand":[],"product_cat":[16],"product_tag":[],"class_list":{"0":"post-304","1":"product","2":"type-product","3":"status-publish","4":"has-post-thumbnail","6":"product_cat-technology","8":"first","9":"instock","10":"shipping-taxable","11":"product-type-external","12":"entry","13":"content-bg","14":"loop-entry"},"_links":{"self":[{"href":"https:\/\/www.dealexpert.eu\/de\/wp-json\/wp\/v2\/product\/304","targetHints":{"allow":["GET"]}}],"collection":[{"href":"https:\/\/www.dealexpert.eu\/de\/wp-json\/wp\/v2\/product"}],"about":[{"href":"https:\/\/www.dealexpert.eu\/de\/wp-json\/wp\/v2\/types\/product"}],"wp:featuredmedia":[{"embeddable":true,"href":"https:\/\/www.dealexpert.eu\/de\/wp-json\/wp\/v2\/media\/1476"}],"wp:attachment":[{"href":"https:\/\/www.dealexpert.eu\/de\/wp-json\/wp\/v2\/media?parent=304"}],"wp:term":[{"taxonomy":"product_brand","embeddable":true,"href":"https:\/\/www.dealexpert.eu\/de\/wp-json\/wp\/v2\/product_brand?post=304"},{"taxonomy":"product_cat","embeddable":true,"href":"https:\/\/www.dealexpert.eu\/de\/wp-json\/wp\/v2\/product_cat?post=304"},{"taxonomy":"product_tag","embeddable":true,"href":"https:\/\/www.dealexpert.eu\/de\/wp-json\/wp\/v2\/product_tag?post=304"}],"curies":[{"name":"wp","href":"https:\/\/api.w.org\/{rel}","templated":true}]}}