{"id":1722,"date":"2026-03-09T11:04:07","date_gmt":"2026-03-09T11:04:07","guid":{"rendered":"https:\/\/www.dealexpert.eu\/?post_type=product&#038;p=1722"},"modified":"2026-03-09T11:04:07","modified_gmt":"2026-03-09T11:04:07","slug":"night-shred-pour-bruler-les-graisses-la-nuit","status":"publish","type":"product","link":"https:\/\/www.dealexpert.eu\/de\/p\/night-shred-pour-bruler-les-graisses-la-nuit\/","title":{"rendered":"Night shred pour br\u00fbler les graisses la nuit"},"content":{"rendered":"<div class=\"kk-star-ratings kksr-auto kksr-align-left kksr-valign-top\"\n    data-payload='{&quot;align&quot;:&quot;left&quot;,&quot;id&quot;:&quot;1722&quot;,&quot;slug&quot;:&quot;default&quot;,&quot;valign&quot;:&quot;top&quot;,&quot;ignore&quot;:&quot;&quot;,&quot;reference&quot;:&quot;auto&quot;,&quot;class&quot;:&quot;&quot;,&quot;count&quot;:&quot;0&quot;,&quot;legendonly&quot;:&quot;&quot;,&quot;readonly&quot;:&quot;&quot;,&quot;score&quot;:&quot;0&quot;,&quot;starsonly&quot;:&quot;&quot;,&quot;best&quot;:&quot;5&quot;,&quot;gap&quot;:&quot;5&quot;,&quot;greet&quot;:&quot;Rate this product&quot;,&quot;legend&quot;:&quot;0\\\/5 - (0 votes)&quot;,&quot;size&quot;:&quot;24&quot;,&quot;title&quot;:&quot;Night shred pour br\u00fbler les graisses la nuit&quot;,&quot;width&quot;:&quot;0&quot;,&quot;_legend&quot;:&quot;{score}\\\/{best} - ({count} {votes})&quot;,&quot;font_factor&quot;:&quot;1.25&quot;}'>\n            \n<div class=\"kksr-stars\">\n    \n<div class=\"kksr-stars-inactive\">\n            <div class=\"kksr-star\" data-star=\"1\" style=\"padding-right: 5px\">\n            \n\n<div class=\"kksr-icon\" style=\"width: 24px; height: 24px;\"><\/div>\n        <\/div>\n            <div class=\"kksr-star\" data-star=\"2\" style=\"padding-right: 5px\">\n            \n\n<div class=\"kksr-icon\" style=\"width: 24px; height: 24px;\"><\/div>\n        <\/div>\n            <div class=\"kksr-star\" data-star=\"3\" style=\"padding-right: 5px\">\n            \n\n<div class=\"kksr-icon\" style=\"width: 24px; height: 24px;\"><\/div>\n        <\/div>\n            <div class=\"kksr-star\" data-star=\"4\" style=\"padding-right: 5px\">\n            \n\n<div class=\"kksr-icon\" style=\"width: 24px; height: 24px;\"><\/div>\n        <\/div>\n            <div class=\"kksr-star\" data-star=\"5\" style=\"padding-right: 5px\">\n            \n\n<div class=\"kksr-icon\" style=\"width: 24px; height: 24px;\"><\/div>\n        <\/div>\n    <\/div>\n    \n<div class=\"kksr-stars-active\" style=\"width: 0px;\">\n            <div class=\"kksr-star\" style=\"padding-right: 5px\">\n            \n\n<div class=\"kksr-icon\" style=\"width: 24px; height: 24px;\"><\/div>\n        <\/div>\n            <div class=\"kksr-star\" style=\"padding-right: 5px\">\n            \n\n<div class=\"kksr-icon\" style=\"width: 24px; height: 24px;\"><\/div>\n        <\/div>\n            <div class=\"kksr-star\" style=\"padding-right: 5px\">\n            \n\n<div class=\"kksr-icon\" style=\"width: 24px; height: 24px;\"><\/div>\n        <\/div>\n            <div class=\"kksr-star\" style=\"padding-right: 5px\">\n            \n\n<div class=\"kksr-icon\" style=\"width: 24px; height: 24px;\"><\/div>\n        <\/div>\n            <div class=\"kksr-star\" style=\"padding-right: 5px\">\n            \n\n<div class=\"kksr-icon\" style=\"width: 24px; height: 24px;\"><\/div>\n        <\/div>\n    <\/div>\n<\/div>\n                \n\n<div class=\"kksr-legend\" style=\"font-size: 19.2px;\">\n            <span class=\"kksr-muted\">Bewerten Sie dieses Produkt<\/span>\n    <\/div>\n    <\/div>\n<div id=\"ez-toc-container\" class=\"ez-toc-v2_0_81 counter-hierarchy ez-toc-counter ez-toc-grey ez-toc-container-direction\">\n<div class=\"ez-toc-title-container\">\n<p class=\"ez-toc-title\" style=\"cursor:inherit\">Zusammenfassung<\/p>\n<span class=\"ez-toc-title-toggle\"><a href=\"#\" class=\"ez-toc-pull-right ez-toc-btn ez-toc-btn-xs ez-toc-btn-default ez-toc-toggle\" aria-label=\"Toggle Table of Content\"><span class=\"ez-toc-js-icon-con\"><span class=\"\"><span class=\"eztoc-hide\" style=\"display:none;\">Umschalten auf<\/span><span class=\"ez-toc-icon-toggle-span\"><svg style=\"fill: #999;color:#999\" xmlns=\"http:\/\/www.w3.org\/2000\/svg\" class=\"list-377408\" width=\"20px\" height=\"20px\" viewbox=\"0 0 24 24\" fill=\"none\"><path d=\"M6 6H4v2h2V6zm14 0H8v2h12V6zM4 11h2v2H4v-2zm16 0H8v2h12v-2zM4 16h2v2H4v-2zm16 0H8v2h12v-2z\" fill=\"currentColor\"><\/path><\/svg><svg style=\"fill: #999;color:#999\" class=\"arrow-unsorted-368013\" xmlns=\"http:\/\/www.w3.org\/2000\/svg\" width=\"10px\" height=\"10px\" viewbox=\"0 0 24 24\" version=\"1.2\" baseprofile=\"tiny\"><path d=\"M18.2 9.3l-6.2-6.3-6.2 6.3c-.2.2-.3.4-.3.7s.1.5.3.7c.2.2.4.3.7.3h11c.3 0 .5-.1.7-.3.2-.2.3-.5.3-.7s-.1-.5-.3-.7zM5.8 14.7l6.2 6.3 6.2-6.3c.2-.2.3-.5.3-.7s-.1-.5-.3-.7c-.2-.2-.4-.3-.7-.3h-11c-.3 0-.5.1-.7.3-.2.2-.3.5-.3.7s.1.5.3.7z\"\/><\/svg><\/span><\/span><\/span><\/a><\/span><\/div>\n<nav><ul class='ez-toc-list ez-toc-list-level-1 eztoc-toggle-hide-by-default' ><li class='ez-toc-page-1 ez-toc-heading-level-2'><a class=\"ez-toc-link ez-toc-heading-1\" href=\"https:\/\/www.dealexpert.eu\/de\/p\/night-shred-pour-bruler-les-graisses-la-nuit\/#introduction_to_inno_cleanse\" >Einf\u00fchrung in die Inno-Cleanse<\/a><ul class='ez-toc-list-level-3' ><li class='ez-toc-heading-level-3'><a class=\"ez-toc-link ez-toc-heading-2\" href=\"https:\/\/www.dealexpert.eu\/de\/p\/night-shred-pour-bruler-les-graisses-la-nuit\/#comment_ca_marche\" >comment \u00e7a marche<\/a><ul class='ez-toc-list-level-4' ><li class='ez-toc-heading-level-4'><a class=\"ez-toc-link ez-toc-heading-3\" href=\"https:\/\/www.dealexpert.eu\/de\/p\/night-shred-pour-bruler-les-graisses-la-nuit\/#les_bienfaits_du_produit\" >die Vorz\u00fcge des Produkts<\/a><\/li><\/ul><\/li><li class='ez-toc-page-1 ez-toc-heading-level-3'><a class=\"ez-toc-link ez-toc-heading-4\" href=\"https:\/\/www.dealexpert.eu\/de\/p\/night-shred-pour-bruler-les-graisses-la-nuit\/#les_ingredients_cles\" >die wichtigsten Zutaten<\/a><ul class='ez-toc-list-level-4' ><li class='ez-toc-heading-level-4'><a class=\"ez-toc-link ez-toc-heading-5\" href=\"https:\/\/www.dealexpert.eu\/de\/p\/night-shred-pour-bruler-les-graisses-la-nuit\/#pourquoi_choisir_inno_cleanse\" >Warum sollte man sich f\u00fcr inno cleanse entscheiden?<\/a><\/li><\/ul><\/li><li class='ez-toc-page-1 ez-toc-heading-level-3'><a class=\"ez-toc-link ez-toc-heading-6\" href=\"https:\/\/www.dealexpert.eu\/de\/p\/night-shred-pour-bruler-les-graisses-la-nuit\/#ce_que_disent_nos_clients\" >ce que disent nos clients<\/a><ul class='ez-toc-list-level-4' ><li class='ez-toc-heading-level-4'><a class=\"ez-toc-link ez-toc-heading-7\" href=\"https:\/\/www.dealexpert.eu\/de\/p\/night-shred-pour-bruler-les-graisses-la-nuit\/#comment_utiliser_inno_cleanse\" >Kommentar zur Verwendung von inno cleanse<\/a><\/li><\/ul><\/li><li class='ez-toc-page-1 ez-toc-heading-level-3'><a class=\"ez-toc-link ez-toc-heading-8\" href=\"https:\/\/www.dealexpert.eu\/de\/p\/night-shred-pour-bruler-les-graisses-la-nuit\/#conclusion\" >Schlussfolgerung<\/a><\/li><\/ul><\/li><\/ul><\/nav><\/div>\n<h2><span class=\"ez-toc-section\" id=\"introduction_to_inno_cleanse\"><\/span>Einf\u00fchrung in die Inno-Cleanse<span class=\"ez-toc-section-end\"><\/span><\/h2>\n<p>inno cleanse ist ein hochwertiges Produkt, das zur F\u00f6rderung der globalen Gesundheit und des Wohlbefindens entwickelt wurde. Unsere einzigartige Formel kombiniert nat\u00fcrliche Inhaltsstoffe, um den Organismus zu reinigen und zu entgiften und gleichzeitig eine bessere Verdauung und eine gesunde Gewichtsabnahme zu f\u00f6rdern.<\/p>\n<h3><span class=\"ez-toc-section\" id=\"comment_ca_marche\"><\/span>comment \u00e7a marche<span class=\"ez-toc-section-end\"><\/span><\/h3>\n<p>Unser Produkt wirkt, indem es die wichtigsten Faktoren, die zu einer schlechten Verdauung und Gewichtsabnahme beitragen, ausschaltet. Klassische Inhaltsstoffe wie Cascara Sagrada und Bentonit helfen, das Verdauungssystem zu entlasten, w\u00e4hrend andere Inhaltsstoffe wie Ashwagandha und Melatonin die Entspannung und das Wohlbefinden f\u00f6rdern.<\/p>\n<h4><span class=\"ez-toc-section\" id=\"les_bienfaits_du_produit\"><\/span>die Vorz\u00fcge des Produkts<span class=\"ez-toc-section-end\"><\/span><\/h4>\n<ul>\n<li>Unterst\u00fctzung der Verdauungsgesundheit und der Gewichtsabnahme<\/li>\n<li>Hilfe bei der Reinigung und Entgiftung des Organismus<\/li>\n<li>beg\u00fcnstigt eine bessere Verdauung und Aufnahme von N\u00e4hrstoffen<\/li>\n<li>f\u00f6rdert die Entspannung und den Qualit\u00e4tssommer<\/li>\n<\/ul>\n<h3><span class=\"ez-toc-section\" id=\"les_ingredients_cles\"><\/span>die wichtigsten Zutaten<span class=\"ez-toc-section-end\"><\/span><\/h3>\n<ul>\n<li>Cascara sagrada: Hilfe bei der Reinigung des Verdauungssystems<\/li>\n<li>Bentonit: Hilfe bei der Entgiftung des Organismus<\/li>\n<li>ashwagandha : f\u00f6rdert die Entspannung und reduziert den Stress<\/li>\n<li>Melatonin : regelt den Schlafrhythmus und f\u00f6rdert die Entspannung<\/li>\n<\/ul>\n<h4><span class=\"ez-toc-section\" id=\"pourquoi_choisir_inno_cleanse\"><\/span>Warum sollte man sich f\u00fcr inno cleanse entscheiden?<span class=\"ez-toc-section-end\"><\/span><\/h4>\n<ul>\n<li>formule naturelle et sans effets secondaires<\/li>\n<li>hergestellt in einem gmp-zertifizierten Laboratorium<\/li>\n<li>ohne k\u00fcnstliche Zusatzstoffe oder Allergene<\/li>\n<li>geeignet f\u00fcr Vegetarier und empfindliche Personen<\/li>\n<\/ul>\n<h3><span class=\"ez-toc-section\" id=\"ce_que_disent_nos_clients\"><\/span>ce que disent nos clients<span class=\"ez-toc-section-end\"><\/span><\/h3>\n<p>Unsere Kunden berichteten \u00fcber eine signifikante Verbesserung ihrer Verdauungsgesundheit und ihres Wohlbefindens nach der Anwendung von inno cleanse. Sie meldeten auch eine Gewichtsabnahme und eine Verringerung der Verdauungsbeschwerden.<\/p>\n<h4><span class=\"ez-toc-section\" id=\"comment_utiliser_inno_cleanse\"><\/span>Kommentar zur Verwendung von inno cleanse<span class=\"ez-toc-section-end\"><\/span><\/h4>\n<p>prenez 2 capsules par jour, avant de vous coucher, avec un verre d'eau. il est recommand\u00e9 de consulter un professionnel de la sant\u00e9 avant de commencer tout nouveau suppl\u00e9ment.<\/p>\n<h3><span class=\"ez-toc-section\" id=\"conclusion\"><\/span>Schlussfolgerung<span class=\"ez-toc-section-end\"><\/span><\/h3>\n<p>inno cleanse ist ein nat\u00fcrliches und wirksames Produkt, das helfen kann, die Verdauungsgesundheit zu verbessern, eine gesunde Gewichtsabnahme zu beg\u00fcnstigen und das allgemeine Wohlbefinden zu f\u00f6rdern. Mit seinen klassischen Inhaltsstoffen und seiner einzigartigen Rezeptur ist es die ideale Wahl f\u00fcr alle, die ihre Gesundheit und Lebensqualit\u00e4t verbessern wollen. Probieren Sie Inno Cleanse heute aus und entdecken Sie die Vorteile einer optimalen Verdauungsgesundheit!<\/p>","protected":false},"excerpt":{"rendered":"<p>introduction to inno cleanse inno cleanse est un produit de haute qualit\u00e9 con\u00e7u pour soutenir la sant\u00e9 globale et le bien-\u00eatre. notre formule unique combine des ingr\u00e9dients naturels pour aider \u00e0 nettoyer et \u00e0 d\u00e9toxifier l&#8217;organisme, tout en favorisant une meilleure digestion et une perte de poids saine. comment \u00e7a marche notre produit fonctionne en&#8230;<\/p>","protected":false},"featured_media":1723,"template":"","meta":{"_lmt_disableupdate":"","_lmt_disable":"","_kadence_starter_templates_imported_post":false,"_kad_post_transparent":"","_kad_post_title":"","_kad_post_layout":"","_kad_post_sidebar_id":"","_kad_post_content_style":"","_kad_post_vertical_padding":"","_kad_post_feature":"","_kad_post_feature_position":"","_kad_post_header":false,"_kad_post_footer":false,"_kad_post_classname":""},"product_brand":[148],"product_cat":[150],"product_tag":[],"class_list":{"0":"post-1722","1":"product","2":"type-product","3":"status-publish","4":"has-post-thumbnail","6":"product_brand-innosupps","7":"product_cat-cla-conjugated-linoleic-acid","9":"first","10":"instock","11":"shipping-taxable","12":"product-type-external","13":"entry","14":"content-bg","15":"loop-entry"},"_links":{"self":[{"href":"https:\/\/www.dealexpert.eu\/de\/wp-json\/wp\/v2\/product\/1722","targetHints":{"allow":["GET"]}}],"collection":[{"href":"https:\/\/www.dealexpert.eu\/de\/wp-json\/wp\/v2\/product"}],"about":[{"href":"https:\/\/www.dealexpert.eu\/de\/wp-json\/wp\/v2\/types\/product"}],"wp:featuredmedia":[{"embeddable":true,"href":"https:\/\/www.dealexpert.eu\/de\/wp-json\/wp\/v2\/media\/1723"}],"wp:attachment":[{"href":"https:\/\/www.dealexpert.eu\/de\/wp-json\/wp\/v2\/media?parent=1722"}],"wp:term":[{"taxonomy":"product_brand","embeddable":true,"href":"https:\/\/www.dealexpert.eu\/de\/wp-json\/wp\/v2\/product_brand?post=1722"},{"taxonomy":"product_cat","embeddable":true,"href":"https:\/\/www.dealexpert.eu\/de\/wp-json\/wp\/v2\/product_cat?post=1722"},{"taxonomy":"product_tag","embeddable":true,"href":"https:\/\/www.dealexpert.eu\/de\/wp-json\/wp\/v2\/product_tag?post=1722"}],"curies":[{"name":"wp","href":"https:\/\/api.w.org\/{rel}","templated":true}]}}